{"id":7644,"date":"2019-09-02T11:58:45","date_gmt":"2019-09-02T09:58:45","guid":{"rendered":"https:\/\/b6.aerostatonet.it\/vakantie-in-toscane\/campiglia-marittima.html"},"modified":"2022-04-04T15:53:54","modified_gmt":"2022-04-04T13:53:54","slug":"campiglia-marittima","status":"publish","type":"page","link":"https:\/\/www.villaggioorizzonte.it\/nl\/vakantie-in-toscane\/campiglia-marittima.html","title":{"rendered":"Campiglia Marittima"},"content":{"rendered":"<p>[et_pb_section fb_built=&#8221;1&#8243; admin_label=&#8221;Testata&#8221; _builder_version=&#8221;4.14.7&#8243; _module_preset=&#8221;default&#8221; custom_margin=&#8221;0px|0px|0px||false|false&#8221; custom_padding=&#8221;0px|0px|0px|0px|false|false&#8221; saved_tabs=&#8221;all&#8221; locked=&#8221;off&#8221; collapsed=&#8221;on&#8221; global_colors_info=&#8221;{}&#8221;][et_pb_row use_custom_gutter=&#8221;on&#8221; gutter_width=&#8221;1&#8243; admin_label=&#8221;Sfondo immagine&#8221; module_class=&#8221;testata&#8221; _builder_version=&#8221;4.14.7&#8243; _module_preset=&#8221;default&#8221; background_color=&#8221;RGBA(255,255,255,0)&#8221; background_enable_image=&#8221;off&#8221; width=&#8221;100%&#8221; max_width=&#8221;100%&#8221; module_alignment=&#8221;center&#8221; height=&#8221;88vh&#8221; overflow-x=&#8221;hidden&#8221; overflow-y=&#8221;hidden&#8221; locked=&#8221;off&#8221; collapsed=&#8221;on&#8221; global_colors_info=&#8221;{}&#8221; custom_css_main_element_last_edited=&#8221;on|phone&#8221; custom_css_main_element_phone=&#8221;max-height: 550px!important;&#8221;][et_pb_column type=&#8221;4_4&#8243; _builder_version=&#8221;4.14.7&#8243; _module_preset=&#8221;default&#8221; global_colors_info=&#8221;{}&#8221;][et_pb_image src=&#8221;https:\/\/www.villaggioorizzonte.it\/wp-content\/uploads\/2019\/10\/campiglia-marittima-1.jpg&#8221; title_text=&#8221;Campiglia Marittima&#8221; force_fullwidth=&#8221;on&#8221; _builder_version=&#8221;4.14.8&#8243; _module_preset=&#8221;default&#8221; hover_enabled=&#8221;0&#8243; saved_tabs=&#8221;all&#8221; global_colors_info=&#8221;{}&#8221; alt=&#8221;Campiglia Marittima&#8221; sticky_enabled=&#8221;0&#8243;][\/et_pb_image][\/et_pb_column][\/et_pb_row][et_pb_row column_structure=&#8221;2_5,3_5&#8243; use_custom_gutter=&#8221;on&#8221; gutter_width=&#8221;1&#8243; make_equal=&#8221;on&#8221; admin_label=&#8221;Titolo&#8221; _builder_version=&#8221;4.14.7&#8243; _module_preset=&#8221;default&#8221; background_color=&#8221;RGBA(255,255,255,0)&#8221; width=&#8221;100%&#8221; max_width=&#8221;100%&#8221; module_alignment=&#8221;left&#8221; custom_margin=&#8221;-163px||||false|false&#8221; custom_margin_tablet=&#8221;-163px||||false|false&#8221; custom_margin_phone=&#8221;-124px||||false|false&#8221; custom_margin_last_edited=&#8221;on|phone&#8221; custom_padding=&#8221;||||true|false&#8221; collapsed=&#8221;on&#8221; global_colors_info=&#8221;{}&#8221;][et_pb_column type=&#8221;2_5&#8243; disabled_on=&#8221;off|off|off&#8221; _builder_version=&#8221;4.14.7&#8243; _module_preset=&#8221;default&#8221; global_colors_info=&#8221;{}&#8221; custom_css_main_element_last_edited=&#8221;on|phone&#8221; custom_css_main_element_phone=&#8221;width:30px!important;||display:block!important;&#8221;][\/et_pb_column][et_pb_column type=&#8221;3_5&#8243; _builder_version=&#8221;4.14.7&#8243; _module_preset=&#8221;default&#8221; background_color=&#8221;#FFFFFF&#8221; custom_padding=&#8221;25px||25px|30px|true|false&#8221; custom_padding_tablet=&#8221;25px||25px|30px|true|false&#8221; custom_padding_phone=&#8221;||5px|20px|false|false&#8221; custom_padding_last_edited=&#8221;on|phone&#8221; global_colors_info=&#8221;{}&#8221; custom_css_main_element_last_edited=&#8221;on|phone&#8221; custom_css_main_element_phone=&#8221;width: calc(100% &#8211; 30px)!important;&#8221;][et_pb_text admin_label=&#8221;Testo&#8221; _builder_version=&#8221;4.14.7&#8243; _module_preset=&#8221;default&#8221; background_color=&#8221;RGBA(255,255,255,0)&#8221; saved_tabs=&#8221;all&#8221; global_colors_info=&#8221;{}&#8221;]<\/p>\n<h2 class=\"h1app\">Een dorp in de bovenste Maremma<\/h2>\n<h1 class=\"h2app\">boven op de heuvels, de oude steegjes<\/h1>\n<p>[\/et_pb_text][\/et_pb_column][\/et_pb_row][\/et_pb_section][et_pb_section fb_built=&#8221;1&#8243; admin_label=&#8221;Intro&#8221; _builder_version=&#8221;4.14.7&#8243; _module_preset=&#8221;default&#8221; collapsed=&#8221;on&#8221; global_colors_info=&#8221;{}&#8221;][et_pb_row _builder_version=&#8221;4.14.7&#8243; _module_preset=&#8221;default&#8221; collapsed=&#8221;on&#8221; global_colors_info=&#8221;{}&#8221;][et_pb_column type=&#8221;4_4&#8243; _builder_version=&#8221;4.14.7&#8243; _module_preset=&#8221;default&#8221; background_enable_color=&#8221;off&#8221; custom_padding=&#8221;||||true|false&#8221; global_colors_info=&#8221;{}&#8221;][et_pb_text _builder_version=&#8221;4.14.7&#8243; _module_preset=&#8221;default&#8221; global_colors_info=&#8221;{}&#8221;]Het middeleeuwse dorp <strong>Campiglia Marittima<\/strong>, \u00e9\u00e9n van de parels van het gebied, ligt op een heuvel vanwaar je \u00e9\u00e9n van de mooiste uitzichten op de Etruskische kust kunt bewonderen.<br \/>\nOmringd door het groene en weelderige platteland van de Maremma vanwaar het de naam Marittima draagt, is \u00e9\u00e9n van de belangrijkste kenmerken van het dorp de minerale afzettingen. Het bewijs hiervan is het <strong>Archeomineario-park van San Silvestro<\/strong> dat op de hellingen ligt en deel uitmaakt van het park Val di Cornia Parken.[\/et_pb_text][\/et_pb_column][\/et_pb_row][\/et_pb_section][et_pb_section fb_built=&#8221;1&#8243; admin_label=&#8221;Contenuto&#8221; _builder_version=&#8221;4.14.7&#8243; _module_preset=&#8221;default&#8221; collapsed=&#8221;off&#8221; global_colors_info=&#8221;{}&#8221;][et_pb_row column_structure=&#8221;1_3,1_3,1_3&#8243; _builder_version=&#8221;4.14.7&#8243; _module_preset=&#8221;default&#8221; collapsed=&#8221;on&#8221; global_colors_info=&#8221;{}&#8221;][et_pb_column type=&#8221;1_3&#8243; _builder_version=&#8221;4.14.7&#8243; _module_preset=&#8221;default&#8221; global_colors_info=&#8221;{}&#8221;][et_pb_image src=&#8221;https:\/\/www.villaggioorizzonte.it\/wp-content\/uploads\/2019\/10\/vicoli-campiglia-marittima.jpg&#8221; title_text=&#8221;Vicoli a Campiglia Marittima&#8221; _builder_version=&#8221;4.14.8&#8243; _module_preset=&#8221;default&#8221; hover_enabled=&#8221;0&#8243; global_colors_info=&#8221;{}&#8221; alt=&#8221;Vicoli a Campiglia Marittima&#8221; sticky_enabled=&#8221;0&#8243;][\/et_pb_image][\/et_pb_column][et_pb_column type=&#8221;1_3&#8243; _builder_version=&#8221;4.14.7&#8243; _module_preset=&#8221;default&#8221; global_colors_info=&#8221;{}&#8221;][et_pb_image src=&#8221;https:\/\/www.villaggioorizzonte.it\/wp-content\/uploads\/2019\/10\/rocca-di-campiglia-marittima.jpg&#8221; title_text=&#8221;Rocca di Campiglia Marittima&#8221; _builder_version=&#8221;4.14.8&#8243; _module_preset=&#8221;default&#8221; hover_enabled=&#8221;0&#8243; global_colors_info=&#8221;{}&#8221; alt=&#8221;Rocca di Campiglia Marittima&#8221; sticky_enabled=&#8221;0&#8243;][\/et_pb_image][\/et_pb_column][et_pb_column type=&#8221;1_3&#8243; _builder_version=&#8221;4.14.7&#8243; _module_preset=&#8221;default&#8221; global_colors_info=&#8221;{}&#8221;][et_pb_image src=&#8221;https:\/\/www.villaggioorizzonte.it\/wp-content\/uploads\/2019\/10\/forni-minerari-campiglia-marittima.jpg&#8221; title_text=&#8221;Forni fusori Campiglia Marittima&#8221; _builder_version=&#8221;4.14.8&#8243; _module_preset=&#8221;default&#8221; hover_enabled=&#8221;0&#8243; global_colors_info=&#8221;{}&#8221; alt=&#8221;Forni fusori Campiglia Marittima&#8221; sticky_enabled=&#8221;0&#8243;][\/et_pb_image][\/et_pb_column][\/et_pb_row][et_pb_row _builder_version=&#8221;4.14.7&#8243; _module_preset=&#8221;default&#8221; collapsed=&#8221;on&#8221; global_colors_info=&#8221;{}&#8221;][et_pb_column type=&#8221;4_4&#8243; _builder_version=&#8221;4.14.7&#8243; _module_preset=&#8221;default&#8221; global_colors_info=&#8221;{}&#8221;][et_pb_text _builder_version=&#8221;4.14.7&#8243; _module_preset=&#8221;default&#8221; global_colors_info=&#8221;{}&#8221;]Deze bestemming, waar ze spelenderwijs nieuwe dingen zullen leren, zal zeker kinderen aanspreken.<br \/>\nEen andere mijlpaal in je reisdagboek zijn de smeltovens en <strong>de mijnen die de oude Etrusken<\/strong> gebruikten op zoek naar metalen.<br \/>\nVergeet tijdens je excursie niet om het fort te bezoeken dat Campiglia van boven domineert en de toegangspoorten tot de muren. Trakteer jezelf op een verfrissende pauze om de <strong>Schiaccia Campigliese<\/strong>, een typisch produkt van het dorp, samen met een glas witte wijn of vin santo te proeven voordat je het dorp verlaat![\/et_pb_text][\/et_pb_column][\/et_pb_row][et_pb_row _builder_version=&#8221;4.14.7&#8243; _module_preset=&#8221;default&#8221; collapsed=&#8221;on&#8221; global_colors_info=&#8221;{}&#8221;][et_pb_column type=&#8221;4_4&#8243; _builder_version=&#8221;4.14.7&#8243; _module_preset=&#8221;default&#8221; global_colors_info=&#8221;{}&#8221;][et_pb_image src=&#8221;https:\/\/www.villaggioorizzonte.it\/wp-content\/uploads\/2019\/10\/vista-campiglia-marittima.jpg&#8221; title_text=&#8221;Vista di Campiglia Marittima&#8221; force_fullwidth=&#8221;on&#8221; _builder_version=&#8221;4.14.8&#8243; _module_preset=&#8221;default&#8221; hover_enabled=&#8221;0&#8243; global_colors_info=&#8221;{}&#8221; alt=&#8221;Vista di Campiglia Marittima&#8221; sticky_enabled=&#8221;0&#8243;][\/et_pb_image][\/et_pb_column][\/et_pb_row][\/et_pb_section][et_pb_section fb_built=&#8221;1&#8243; admin_label=&#8221;Altri borghi&#8221; _builder_version=&#8221;4.14.7&#8243; _module_preset=&#8221;default&#8221; global_module=&#8221;275562&#8243; saved_tabs=&#8221;all&#8221; collapsed=&#8221;off&#8221; global_colors_info=&#8221;{}&#8221;][et_pb_row _builder_version=&#8221;4.14.7&#8243; _module_preset=&#8221;default&#8221; collapsed=&#8221;off&#8221; global_colors_info=&#8221;{}&#8221;][et_pb_column type=&#8221;4_4&#8243; _builder_version=&#8221;4.14.7&#8243; _module_preset=&#8221;default&#8221; global_colors_info=&#8221;{}&#8221;][dica_divi_carousel item_width_auto=&#8221;on&#8221; item_width=&#8221;300px&#8221; multislide=&#8221;on&#8221; centermode=&#8221;on&#8221; loop=&#8221;on&#8221; arrow_nav=&#8221;on&#8221; item_spacing=&#8221;15&#8243; equal_height=&#8221;on&#8221; lazy_loading=&#8221;on&#8221; load_before_transition=&#8221;on&#8221; advanced_effect=&#8221;1&#8243; arrow_nav_color=&#8221;#FFFFFF&#8221; arrow_bg_color=&#8221;rgba(255,255,255,0.5)&#8221; dots_color=&#8221;RGBA(255,255,255,0)&#8221; dots_active_color=&#8221;RGBA(255,255,255,0)&#8221; title_background=&#8221;RGBA(255,255,255,0)&#8221; subtitle_background=&#8221;RGBA(255,255,255,0)&#8221; image_force_fullwidth=&#8221;on&#8221; item_padding=&#8221;170px||||false|false&#8221; admin_label=&#8221;Carosello&#8221; _builder_version=&#8221;4.14.8&#8243; title_font=&#8221;Jost|||on|||||&#8221; title_text_align=&#8221;center&#8221; title_text_color=&#8221;#FFFFFF&#8221; subtitle_font=&#8221;Krona One||||||||&#8221; subtitle_text_align=&#8221;center&#8221; subtitle_text_color=&#8221;#FFFFFF&#8221; subtitle_font_size=&#8221;32px&#8221; subtitle_letter_spacing=&#8221;-2px&#8221; body_font=&#8221;Anonymous Pro||||||||&#8221; body_text_align=&#8221;center&#8221; subtitle_font_size_tablet=&#8221;36px&#8221; subtitle_font_size_phone=&#8221;24px&#8221; subtitle_font_size_last_edited=&#8221;on|phone&#8221; global_colors_info=&#8221;{}&#8221;][dica_divi_carouselitem sub_title=&#8221;CAMPIGLIA MARITTIMA&#8221; button_url_new_window=&#8221;1&#8243; image_position=&#8221;image_under_title&#8221; _builder_version=&#8221;4.14.8&#8243; _dynamic_attributes=&#8221;link_option_url&#8221; _module_preset=&#8221;default&#8221; header_text_align=&#8221;center&#8221; subtitle_text_align=&#8221;center&#8221; background_image=&#8221;https:\/\/www.villaggioorizzonte.it\/wp-content\/uploads\/2019\/10\/campiglia-marittima-1-750&#215;900.jpg&#8221; background_enable_image=&#8221;on&#8221; link_option_url=&#8221;@ET-DC@eyJkeW5hbWljIjp0cnVlLCJjb250ZW50IjoicG9zdF9saW5rX3VybF9wYWdlIiwic2V0dGluZ3MiOnsicG9zdF9pZCI6IjE5NTMifX0=@&#8221; custom_css_main_element=&#8221;height:450px!important;&#8221; global_colors_info=&#8221;{}&#8221;][\/dica_divi_carouselitem][dica_divi_carouselitem sub_title=&#8221;SUVERETO&#8221; button_url_new_window=&#8221;1&#8243; image_position=&#8221;image_under_title&#8221; _builder_version=&#8221;4.14.8&#8243; _dynamic_attributes=&#8221;link_option_url&#8221; _module_preset=&#8221;default&#8221; header_text_align=&#8221;center&#8221; subtitle_text_align=&#8221;center&#8221; background_image=&#8221;https:\/\/www.villaggioorizzonte.it\/wp-content\/uploads\/2019\/10\/suvereto-1-750&#215;900.jpg&#8221; background_enable_image=&#8221;on&#8221; link_option_url=&#8221;@ET-DC@eyJkeW5hbWljIjp0cnVlLCJjb250ZW50IjoicG9zdF9saW5rX3VybF9wYWdlIiwic2V0dGluZ3MiOnsicG9zdF9pZCI6IjE5NjAifX0=@&#8221; custom_css_main_element=&#8221;height:450px!important;&#8221; global_colors_info=&#8221;{}&#8221;][\/dica_divi_carouselitem][dica_divi_carouselitem sub_title=&#8221;MASSA MARITTIMA&#8221; button_url_new_window=&#8221;1&#8243; image_position=&#8221;image_under_title&#8221; _builder_version=&#8221;4.14.8&#8243; _dynamic_attributes=&#8221;link_option_url&#8221; _module_preset=&#8221;default&#8221; header_text_align=&#8221;center&#8221; subtitle_text_align=&#8221;center&#8221; background_image=&#8221;https:\/\/www.villaggioorizzonte.it\/wp-content\/uploads\/2019\/10\/massa-marittima-1-750&#215;900.jpg&#8221; background_enable_image=&#8221;on&#8221; link_option_url=&#8221;@ET-DC@eyJkeW5hbWljIjp0cnVlLCJjb250ZW50IjoicG9zdF9saW5rX3VybF9wYWdlIiwic2V0dGluZ3MiOnsicG9zdF9pZCI6IjMxOTYifX0=@&#8221; custom_css_main_element=&#8221;height:450px!important;&#8221; global_colors_info=&#8221;{}&#8221;][\/dica_divi_carouselitem][dica_divi_carouselitem sub_title=&#8221;BOLGHERI&#8221; button_url_new_window=&#8221;1&#8243; image_position=&#8221;image_under_title&#8221; _builder_version=&#8221;4.14.8&#8243; _dynamic_attributes=&#8221;link_option_url&#8221; _module_preset=&#8221;default&#8221; header_text_align=&#8221;center&#8221; subtitle_text_align=&#8221;center&#8221; background_image=&#8221;https:\/\/www.villaggioorizzonte.it\/wp-content\/uploads\/2019\/10\/bolgheri-1.jpg&#8221; background_enable_image=&#8221;on&#8221; link_option_url=&#8221;@ET-DC@eyJkeW5hbWljIjp0cnVlLCJjb250ZW50IjoicG9zdF9saW5rX3VybF9wYWdlIiwic2V0dGluZ3MiOnsicG9zdF9pZCI6IjE5NTUifX0=@&#8221; custom_css_main_element=&#8221;height:450px!important;&#8221; global_colors_info=&#8221;{}&#8221;][\/dica_divi_carouselitem][dica_divi_carouselitem sub_title=&#8221;PIOMBINO&#8221; button_url_new_window=&#8221;1&#8243; image_position=&#8221;image_under_title&#8221; _builder_version=&#8221;4.14.8&#8243; _dynamic_attributes=&#8221;link_option_url&#8221; _module_preset=&#8221;default&#8221; header_text_align=&#8221;center&#8221; subtitle_text_align=&#8221;center&#8221; background_image=&#8221;https:\/\/www.villaggioorizzonte.it\/wp-content\/uploads\/2019\/10\/piombino-toscana.jpg&#8221; background_enable_image=&#8221;on&#8221; link_option_url=&#8221;@ET-DC@eyJkeW5hbWljIjp0cnVlLCJjb250ZW50IjoicG9zdF9saW5rX3VybF9wYWdlIiwic2V0dGluZ3MiOnsicG9zdF9pZCI6IjE5NTYifX0=@&#8221; custom_css_main_element=&#8221;height:450px!important;&#8221; global_colors_info=&#8221;{}&#8221;][\/dica_divi_carouselitem][dica_divi_carouselitem sub_title=&#8221;CASTAGNETO CARDUCCI&#8221; button_url_new_window=&#8221;1&#8243; image_position=&#8221;image_under_title&#8221; _builder_version=&#8221;4.14.8&#8243; _dynamic_attributes=&#8221;link_option_url&#8221; _module_preset=&#8221;default&#8221; header_text_align=&#8221;center&#8221; subtitle_text_align=&#8221;center&#8221; background_image=&#8221;https:\/\/www.villaggioorizzonte.it\/wp-content\/uploads\/2019\/10\/castagneto-carducci-1.jpg&#8221; background_enable_image=&#8221;on&#8221; link_option_url=&#8221;@ET-DC@eyJkeW5hbWljIjp0cnVlLCJjb250ZW50IjoicG9zdF9saW5rX3VybF9wYWdlIiwic2V0dGluZ3MiOnsicG9zdF9pZCI6IjE5NTcifX0=@&#8221; custom_css_main_element=&#8221;height:450px!important;&#8221; global_colors_info=&#8221;{}&#8221;][\/dica_divi_carouselitem][dica_divi_carouselitem sub_title=&#8221;SASSETTA&#8221; button_url_new_window=&#8221;1&#8243; image_position=&#8221;image_under_title&#8221; _builder_version=&#8221;4.14.8&#8243; _dynamic_attributes=&#8221;link_option_url&#8221; _module_preset=&#8221;default&#8221; header_text_align=&#8221;center&#8221; subtitle_text_align=&#8221;center&#8221; background_image=&#8221;https:\/\/www.villaggioorizzonte.it\/wp-content\/uploads\/2019\/10\/sassetta-1.jpg&#8221; background_enable_image=&#8221;on&#8221; link_option_url=&#8221;@ET-DC@eyJkeW5hbWljIjp0cnVlLCJjb250ZW50IjoicG9zdF9saW5rX3VybF9wYWdlIiwic2V0dGluZ3MiOnsicG9zdF9pZCI6IjE5NTgifX0=@&#8221; custom_css_main_element=&#8221;height:450px!important;&#8221; global_colors_info=&#8221;{}&#8221;][\/dica_divi_carouselitem][dica_divi_carouselitem sub_title=&#8221;POPULONIA&#8221; button_url_new_window=&#8221;1&#8243; image_position=&#8221;image_under_title&#8221; _builder_version=&#8221;4.14.8&#8243; _dynamic_attributes=&#8221;link_option_url&#8221; _module_preset=&#8221;default&#8221; header_text_align=&#8221;center&#8221; subtitle_text_align=&#8221;center&#8221; background_image=&#8221;https:\/\/www.villaggioorizzonte.it\/wp-content\/uploads\/2019\/10\/populonia-borgo.jpg&#8221; background_enable_image=&#8221;on&#8221; link_option_url=&#8221;@ET-DC@eyJkeW5hbWljIjp0cnVlLCJjb250ZW50IjoicG9zdF9saW5rX3VybF9wYWdlIiwic2V0dGluZ3MiOnsicG9zdF9pZCI6IjE5NTkifX0=@&#8221; custom_css_main_element=&#8221;height:450px!important;&#8221; global_colors_info=&#8221;{}&#8221;][\/dica_divi_carouselitem][\/dica_divi_carousel][\/et_pb_column][\/et_pb_row][\/et_pb_section]<\/p>\n","protected":false},"excerpt":{"rendered":"<p>Een dorp in de bovenste Maremma boven op de heuvels, de oude steegjesHet middeleeuwse dorp Campiglia Marittima, \u00e9\u00e9n van de parels van het gebied, ligt op een heuvel vanwaar je \u00e9\u00e9n van de mooiste uitzichten op de Etruskische kust kunt bewonderen. Omringd door het groene en weelderige platteland van de Maremma vanwaar het de naam [&hellip;]<\/p>\n","protected":false},"author":7,"featured_media":0,"parent":7151,"menu_order":32,"comment_status":"closed","ping_status":"closed","template":"","meta":{"_et_pb_use_builder":"on","_et_pb_old_content":"","_et_gb_content_width":"","ngg_post_thumbnail":0,"footnotes":""},"class_list":["post-7644","page","type-page","status-publish","hentry"],"yoast_head":"<!-- This site is optimized with the Yoast SEO plugin v25.8 - https:\/\/yoast.com\/wordpress\/plugins\/seo\/ -->\n<title>Campiglia Marittima en het het archeologische mijnpark - Villaggio Orizzonte<\/title>\n<meta name=\"description\" content=\"Campiglia Marittima is een zeer karakteristiek middeleeuws dorp om te bezoeken in Toscane en zeker niet te missen is het archeologische mijnenpark van San Silvestro.\" \/>\n<meta name=\"robots\" content=\"index, follow, max-snippet:-1, max-image-preview:large, max-video-preview:-1\" \/>\n<link rel=\"canonical\" href=\"https:\/\/www.villaggioorizzonte.it\/nl\/vakantie-in-toscane\/campiglia-marittima.html\" \/>\n<meta property=\"og:locale\" content=\"nl_NL\" \/>\n<meta property=\"og:type\" content=\"article\" \/>\n<meta property=\"og:title\" content=\"Campiglia Marittima en het het archeologische mijnpark - Villaggio Orizzonte\" \/>\n<meta property=\"og:description\" content=\"Campiglia Marittima is een zeer karakteristiek middeleeuws dorp om te bezoeken in Toscane en zeker niet te missen is het archeologische mijnenpark van San Silvestro.\" \/>\n<meta property=\"og:url\" content=\"https:\/\/www.villaggioorizzonte.it\/nl\/vakantie-in-toscane\/campiglia-marittima.html\" \/>\n<meta property=\"og:site_name\" content=\"Villaggio Orizzonte\" \/>\n<meta property=\"article:modified_time\" content=\"2022-04-04T13:53:54+00:00\" \/>\n<meta name=\"twitter:card\" content=\"summary_large_image\" \/>\n<script type=\"application\/ld+json\" class=\"yoast-schema-graph\">{\"@context\":\"https:\/\/schema.org\",\"@graph\":[{\"@type\":\"WebPage\",\"@id\":\"https:\/\/www.villaggioorizzonte.it\/nl\/vakantie-in-toscane\/campiglia-marittima.html\",\"url\":\"https:\/\/www.villaggioorizzonte.it\/nl\/vakantie-in-toscane\/campiglia-marittima.html\",\"name\":\"Campiglia Marittima en het het archeologische mijnpark - Villaggio Orizzonte\",\"isPartOf\":{\"@id\":\"https:\/\/www.villaggioorizzonte.it\/nl\/#website\"},\"datePublished\":\"2019-09-02T09:58:45+00:00\",\"dateModified\":\"2022-04-04T13:53:54+00:00\",\"description\":\"Campiglia Marittima is een zeer karakteristiek middeleeuws dorp om te bezoeken in Toscane en zeker niet te missen is het archeologische mijnenpark van San Silvestro.\",\"breadcrumb\":{\"@id\":\"https:\/\/www.villaggioorizzonte.it\/nl\/vakantie-in-toscane\/campiglia-marittima.html#breadcrumb\"},\"inLanguage\":\"nl-NL\",\"potentialAction\":[{\"@type\":\"ReadAction\",\"target\":[\"https:\/\/www.villaggioorizzonte.it\/nl\/vakantie-in-toscane\/campiglia-marittima.html\"]}]},{\"@type\":\"BreadcrumbList\",\"@id\":\"https:\/\/www.villaggioorizzonte.it\/nl\/vakantie-in-toscane\/campiglia-marittima.html#breadcrumb\",\"itemListElement\":[{\"@type\":\"ListItem\",\"position\":1,\"name\":\"Home\",\"item\":\"https:\/\/www.villaggioorizzonte.it\/nl\/\"},{\"@type\":\"ListItem\",\"position\":2,\"name\":\"Borghi NL\",\"item\":\"https:\/\/www.villaggioorizzonte.it\/nl\/vakantie-in-toscane.html\"},{\"@type\":\"ListItem\",\"position\":3,\"name\":\"Campiglia Marittima\"}]},{\"@type\":\"WebSite\",\"@id\":\"https:\/\/www.villaggioorizzonte.it\/nl\/#website\",\"url\":\"https:\/\/www.villaggioorizzonte.it\/nl\/\",\"name\":\"Villaggio Orizzonte\",\"description\":\"Villaggio Turistico\",\"potentialAction\":[{\"@type\":\"SearchAction\",\"target\":{\"@type\":\"EntryPoint\",\"urlTemplate\":\"https:\/\/www.villaggioorizzonte.it\/nl\/?s={search_term_string}\"},\"query-input\":{\"@type\":\"PropertyValueSpecification\",\"valueRequired\":true,\"valueName\":\"search_term_string\"}}],\"inLanguage\":\"nl-NL\"}]}<\/script>\n<!-- \/ Yoast SEO plugin. -->","yoast_head_json":{"title":"Campiglia Marittima en het het archeologische mijnpark - Villaggio Orizzonte","description":"Campiglia Marittima is een zeer karakteristiek middeleeuws dorp om te bezoeken in Toscane en zeker niet te missen is het archeologische mijnenpark van San Silvestro.","robots":{"index":"index","follow":"follow","max-snippet":"max-snippet:-1","max-image-preview":"max-image-preview:large","max-video-preview":"max-video-preview:-1"},"canonical":"https:\/\/www.villaggioorizzonte.it\/nl\/vakantie-in-toscane\/campiglia-marittima.html","og_locale":"nl_NL","og_type":"article","og_title":"Campiglia Marittima en het het archeologische mijnpark - Villaggio Orizzonte","og_description":"Campiglia Marittima is een zeer karakteristiek middeleeuws dorp om te bezoeken in Toscane en zeker niet te missen is het archeologische mijnenpark van San Silvestro.","og_url":"https:\/\/www.villaggioorizzonte.it\/nl\/vakantie-in-toscane\/campiglia-marittima.html","og_site_name":"Villaggio Orizzonte","article_modified_time":"2022-04-04T13:53:54+00:00","twitter_card":"summary_large_image","schema":{"@context":"https:\/\/schema.org","@graph":[{"@type":"WebPage","@id":"https:\/\/www.villaggioorizzonte.it\/nl\/vakantie-in-toscane\/campiglia-marittima.html","url":"https:\/\/www.villaggioorizzonte.it\/nl\/vakantie-in-toscane\/campiglia-marittima.html","name":"Campiglia Marittima en het het archeologische mijnpark - Villaggio Orizzonte","isPartOf":{"@id":"https:\/\/www.villaggioorizzonte.it\/nl\/#website"},"datePublished":"2019-09-02T09:58:45+00:00","dateModified":"2022-04-04T13:53:54+00:00","description":"Campiglia Marittima is een zeer karakteristiek middeleeuws dorp om te bezoeken in Toscane en zeker niet te missen is het archeologische mijnenpark van San Silvestro.","breadcrumb":{"@id":"https:\/\/www.villaggioorizzonte.it\/nl\/vakantie-in-toscane\/campiglia-marittima.html#breadcrumb"},"inLanguage":"nl-NL","potentialAction":[{"@type":"ReadAction","target":["https:\/\/www.villaggioorizzonte.it\/nl\/vakantie-in-toscane\/campiglia-marittima.html"]}]},{"@type":"BreadcrumbList","@id":"https:\/\/www.villaggioorizzonte.it\/nl\/vakantie-in-toscane\/campiglia-marittima.html#breadcrumb","itemListElement":[{"@type":"ListItem","position":1,"name":"Home","item":"https:\/\/www.villaggioorizzonte.it\/nl\/"},{"@type":"ListItem","position":2,"name":"Borghi NL","item":"https:\/\/www.villaggioorizzonte.it\/nl\/vakantie-in-toscane.html"},{"@type":"ListItem","position":3,"name":"Campiglia Marittima"}]},{"@type":"WebSite","@id":"https:\/\/www.villaggioorizzonte.it\/nl\/#website","url":"https:\/\/www.villaggioorizzonte.it\/nl\/","name":"Villaggio Orizzonte","description":"Villaggio Turistico","potentialAction":[{"@type":"SearchAction","target":{"@type":"EntryPoint","urlTemplate":"https:\/\/www.villaggioorizzonte.it\/nl\/?s={search_term_string}"},"query-input":{"@type":"PropertyValueSpecification","valueRequired":true,"valueName":"search_term_string"}}],"inLanguage":"nl-NL"}]}},"_links":{"self":[{"href":"https:\/\/www.villaggioorizzonte.it\/nl\/wp-json\/wp\/v2\/pages\/7644","targetHints":{"allow":["GET"]}}],"collection":[{"href":"https:\/\/www.villaggioorizzonte.it\/nl\/wp-json\/wp\/v2\/pages"}],"about":[{"href":"https:\/\/www.villaggioorizzonte.it\/nl\/wp-json\/wp\/v2\/types\/page"}],"author":[{"embeddable":true,"href":"https:\/\/www.villaggioorizzonte.it\/nl\/wp-json\/wp\/v2\/users\/7"}],"replies":[{"embeddable":true,"href":"https:\/\/www.villaggioorizzonte.it\/nl\/wp-json\/wp\/v2\/comments?post=7644"}],"version-history":[{"count":0,"href":"https:\/\/www.villaggioorizzonte.it\/nl\/wp-json\/wp\/v2\/pages\/7644\/revisions"}],"up":[{"embeddable":true,"href":"https:\/\/www.villaggioorizzonte.it\/nl\/wp-json\/wp\/v2\/pages\/7151"}],"wp:attachment":[{"href":"https:\/\/www.villaggioorizzonte.it\/nl\/wp-json\/wp\/v2\/media?parent=7644"}],"curies":[{"name":"wp","href":"https:\/\/api.w.org\/{rel}","templated":true}]}}