{"id":7590,"date":"2019-10-21T12:51:10","date_gmt":"2019-10-21T10:51:10","guid":{"rendered":"https:\/\/b6.aerostatonet.it\/stranden-toscane\/spiaggia-nudisti.html"},"modified":"2022-04-05T09:19:38","modified_gmt":"2022-04-05T07:19:38","slug":"strand-nudisten-toscane","status":"publish","type":"page","link":"https:\/\/www.villaggioorizzonte.it\/nl\/stranden-toscane\/strand-nudisten-toscane.html","title":{"rendered":"Nudistenstrand Toscane"},"content":{"rendered":"<p>[et_pb_section fb_built=&#8221;1&#8243; admin_label=&#8221;Testata&#8221; _builder_version=&#8221;4.16&#8243; _module_preset=&#8221;default&#8221; custom_margin=&#8221;0px|0px|0px||false|false&#8221; custom_padding=&#8221;0px|0px|0px|0px|false|false&#8221; saved_tabs=&#8221;all&#8221; locked=&#8221;off&#8221; collapsed=&#8221;on&#8221; global_colors_info=&#8221;{}&#8221; da_is_popup=&#8221;off&#8221; da_exit_intent=&#8221;off&#8221; da_has_close=&#8221;on&#8221; da_alt_close=&#8221;off&#8221; da_dark_close=&#8221;off&#8221; da_not_modal=&#8221;on&#8221; da_is_singular=&#8221;off&#8221; da_with_loader=&#8221;off&#8221; da_has_shadow=&#8221;on&#8221; da_disable_devices=&#8221;off|off|off&#8221;][et_pb_row use_custom_gutter=&#8221;on&#8221; gutter_width=&#8221;1&#8243; admin_label=&#8221;Sfondo immagine&#8221; module_class=&#8221;testata&#8221; _builder_version=&#8221;4.16&#8243; _module_preset=&#8221;default&#8221; background_color=&#8221;RGBA(255,255,255,0)&#8221; background_enable_image=&#8221;off&#8221; width=&#8221;100%&#8221; max_width=&#8221;100%&#8221; module_alignment=&#8221;center&#8221; height=&#8221;88vh&#8221; overflow-x=&#8221;hidden&#8221; overflow-y=&#8221;hidden&#8221; locked=&#8221;off&#8221; collapsed=&#8221;on&#8221; global_colors_info=&#8221;{}&#8221; custom_css_main_element_last_edited=&#8221;on|phone&#8221; custom_css_main_element_phone=&#8221;max-height: 550px!important;&#8221;][et_pb_column type=&#8221;4_4&#8243; _builder_version=&#8221;4.16&#8243; _module_preset=&#8221;default&#8221; global_colors_info=&#8221;{}&#8221;][et_pb_image src=&#8221;https:\/\/www.villaggioorizzonte.it\/wp-content\/uploads\/2019\/10\/spiaggia-nudisti-rimigliano.jpg&#8221; alt=&#8221;Spiaggia nudisti Rimigliano&#8221; title_text=&#8221;Spiaggia nudisti Rimigliano&#8221; force_fullwidth=&#8221;on&#8221; _builder_version=&#8221;4.16&#8243; _module_preset=&#8221;default&#8221; saved_tabs=&#8221;all&#8221; global_colors_info=&#8221;{}&#8221;][\/et_pb_image][\/et_pb_column][\/et_pb_row][et_pb_row column_structure=&#8221;2_5,3_5&#8243; use_custom_gutter=&#8221;on&#8221; gutter_width=&#8221;1&#8243; make_equal=&#8221;on&#8221; admin_label=&#8221;Titolo&#8221; _builder_version=&#8221;4.16&#8243; _module_preset=&#8221;default&#8221; background_color=&#8221;RGBA(255,255,255,0)&#8221; width=&#8221;100%&#8221; max_width=&#8221;100%&#8221; module_alignment=&#8221;left&#8221; custom_margin=&#8221;-163px||||false|false&#8221; custom_margin_tablet=&#8221;-163px||||false|false&#8221; custom_margin_phone=&#8221;-124px||||false|false&#8221; custom_margin_last_edited=&#8221;on|phone&#8221; custom_padding=&#8221;||||true|false&#8221; collapsed=&#8221;on&#8221; global_colors_info=&#8221;{}&#8221;][et_pb_column type=&#8221;2_5&#8243; disabled_on=&#8221;off|off|off&#8221; _builder_version=&#8221;4.16&#8243; _module_preset=&#8221;default&#8221; global_colors_info=&#8221;{}&#8221; custom_css_main_element_last_edited=&#8221;on|phone&#8221; custom_css_main_element_phone=&#8221;width:30px!important;||display:block!important;&#8221;][\/et_pb_column][et_pb_column type=&#8221;3_5&#8243; _builder_version=&#8221;4.16&#8243; _module_preset=&#8221;default&#8221; background_color=&#8221;#FFFFFF&#8221; custom_padding=&#8221;25px||25px|30px|true|false&#8221; custom_padding_tablet=&#8221;25px||25px|30px|true|false&#8221; custom_padding_phone=&#8221;||5px|20px|false|false&#8221; custom_padding_last_edited=&#8221;on|phone&#8221; global_colors_info=&#8221;{}&#8221; custom_css_main_element_last_edited=&#8221;on|phone&#8221; custom_css_main_element_phone=&#8221;width: calc(100% &#8211; 30px)!important;&#8221;][et_pb_text admin_label=&#8221;Testo&#8221; _builder_version=&#8221;4.16&#8243; _module_preset=&#8221;default&#8221; background_color=&#8221;RGBA(255,255,255,0)&#8221; saved_tabs=&#8221;all&#8221; global_colors_info=&#8221;{}&#8221;]<\/p>\n<h2 class=\"h1app\">FKK a San Vincenzo<\/h2>\n<h1 class=\"h2app\">Nel Parco naturale di Rimigliano<\/h1>\n<p>[\/et_pb_text][\/et_pb_column][\/et_pb_row][\/et_pb_section][et_pb_section fb_built=&#8221;1&#8243; admin_label=&#8221;Intro&#8221; _builder_version=&#8221;4.16&#8243; _module_preset=&#8221;default&#8221; collapsed=&#8221;on&#8221; global_colors_info=&#8221;{}&#8221; da_is_popup=&#8221;off&#8221; da_exit_intent=&#8221;off&#8221; da_has_close=&#8221;on&#8221; da_alt_close=&#8221;off&#8221; da_dark_close=&#8221;off&#8221; da_not_modal=&#8221;on&#8221; da_is_singular=&#8221;off&#8221; da_with_loader=&#8221;off&#8221; da_has_shadow=&#8221;on&#8221; da_disable_devices=&#8221;off|off|off&#8221;][et_pb_row _builder_version=&#8221;4.16&#8243; _module_preset=&#8221;default&#8221; collapsed=&#8221;on&#8221; global_colors_info=&#8221;{}&#8221;][et_pb_column type=&#8221;4_4&#8243; _builder_version=&#8221;4.16&#8243; _module_preset=&#8221;default&#8221; background_enable_color=&#8221;off&#8221; custom_padding=&#8221;||||true|false&#8221; global_colors_info=&#8221;{}&#8221;][et_pb_text _builder_version=&#8221;4.16&#8243; _module_preset=&#8221;default&#8221; global_colors_info=&#8221;{}&#8221;]<strong>Toscane<\/strong> staat bekend om het strandtoerisme en zijn vrije of priv\u00e9stranden. De stranden zijn ideaal om te genieten van een strandvakantie met z\u2019n twee\u00ebn, met familie of met vrienden. De prachtige kust is een continue afwisseling van lange gouden stranden en prachtige baaien waarvan sommige alleen over zee kunnen worden bereikt en daardoor nog meer fascinerend zijn.<br \/>\nAls je het strand en de zee in totale vrijheid wilt ervaren en op zoek bent naar een <strong>naaktstrand in Toscane<\/strong>, dan mag je het strand van het Adelaarsnest niet missen. Dit strand bevindt zich op korte afstand van San Vincenzo en staat ook bekend als het FKK strand.<br \/>\nOp dit stuk strand dat zich in het prachtige <strong>natuurpark Rimigliano<\/strong> bevindt, wordt sinds de jaren 1970 het naturisme beoefend en in 2010 heeft de gemeente van <strong>San Vincenzo<\/strong> het strand van het Adelaarsnest officieel toegewezen aan de naturisten.[\/et_pb_text][\/et_pb_column][\/et_pb_row][\/et_pb_section][et_pb_section fb_built=&#8221;1&#8243; admin_label=&#8221;Contenuto&#8221; _builder_version=&#8221;4.16&#8243; _module_preset=&#8221;default&#8221; collapsed=&#8221;off&#8221; global_colors_info=&#8221;{}&#8221; da_is_popup=&#8221;off&#8221; da_exit_intent=&#8221;off&#8221; da_has_close=&#8221;on&#8221; da_alt_close=&#8221;off&#8221; da_dark_close=&#8221;off&#8221; da_not_modal=&#8221;on&#8221; da_is_singular=&#8221;off&#8221; da_with_loader=&#8221;off&#8221; da_has_shadow=&#8221;on&#8221; da_disable_devices=&#8221;off|off|off&#8221;][et_pb_row column_structure=&#8221;1_3,1_3,1_3&#8243; _builder_version=&#8221;4.16&#8243; _module_preset=&#8221;default&#8221; collapsed=&#8221;off&#8221; global_colors_info=&#8221;{}&#8221;][et_pb_column type=&#8221;1_3&#8243; _builder_version=&#8221;4.16&#8243; _module_preset=&#8221;default&#8221; global_colors_info=&#8221;{}&#8221;][et_pb_image src=&#8221;https:\/\/www.villaggioorizzonte.it\/wp-content\/uploads\/2019\/10\/fkk-toscana.jpg&#8221; alt=&#8221;fkk toscana&#8221; title_text=&#8221;fkk toscana&#8221; _builder_version=&#8221;4.16&#8243; _module_preset=&#8221;default&#8221; global_colors_info=&#8221;{}&#8221;][\/et_pb_image][\/et_pb_column][et_pb_column type=&#8221;1_3&#8243; _builder_version=&#8221;4.16&#8243; _module_preset=&#8221;default&#8221; global_colors_info=&#8221;{}&#8221;][et_pb_image src=&#8221;https:\/\/www.villaggioorizzonte.it\/wp-content\/uploads\/2019\/10\/nido-dell-aquila-toscana.jpg&#8221; alt=&#8221;Nido dell&#8217;aquila Toscana&#8221; title_text=&#8221;Nido dell&#8217;aquila Toscana&#8221; _builder_version=&#8221;4.16&#8243; _module_preset=&#8221;default&#8221; global_colors_info=&#8221;{}&#8221;][\/et_pb_image][\/et_pb_column][et_pb_column type=&#8221;1_3&#8243; _builder_version=&#8221;4.16&#8243; _module_preset=&#8221;default&#8221; global_colors_info=&#8221;{}&#8221;][et_pb_image src=&#8221;https:\/\/www.villaggioorizzonte.it\/wp-content\/uploads\/2019\/10\/spiaggia-nudisti-san-vincenzo.jpg&#8221; alt=&#8221;Spiaggia nudisti San Vincenzo&#8221; title_text=&#8221;Spiaggia nudisti San Vincenzo&#8221; _builder_version=&#8221;4.16&#8243; _module_preset=&#8221;default&#8221; global_colors_info=&#8221;{}&#8221;][\/et_pb_image][\/et_pb_column][\/et_pb_row][et_pb_row _builder_version=&#8221;4.16&#8243; _module_preset=&#8221;default&#8221; collapsed=&#8221;on&#8221; global_colors_info=&#8221;{}&#8221;][et_pb_column type=&#8221;4_4&#8243; _builder_version=&#8221;4.16&#8243; _module_preset=&#8221;default&#8221; global_colors_info=&#8221;{}&#8221;][et_pb_text _builder_version=&#8221;4.16&#8243; _module_preset=&#8221;default&#8221; global_colors_info=&#8221;{}&#8221;]<\/p>\n<p>In korte tijd is het FKK strand \u00e9\u00e9n van de meest bekende en geliefde naaktstranden in Toscane geworden. E\u00e9n van de redenen waarom het strand van het Adelaarsnest wordt gewaardeerd is zonder twijfel het prachtige landschap van het natuurpark Rimigliano dat het omringt. Dit is \u00e9\u00e9n van de kustparken van de Val di Cornia met lichte zandduinen, dennenbos en een mediterrane struikgewas met unieke uitzichten en geuren.<br \/>\nTen tweede is het strand gemakkelijk bereikbaar met de auto, niet ver van openbare toiletten en een kleine bar\/restaurant.<\/p>\n<p>Voor een unieke naturisme ervaring, totale vrijheid en respect voor het milieu is de FKK h\u00e9t naaktstrand in Toscane dat bij je past!<\/p>\n<p>[\/et_pb_text][\/et_pb_column][\/et_pb_row][\/et_pb_section][et_pb_section fb_built=&#8221;1&#8243; admin_label=&#8221;Altre spiagge IT&#8221; _builder_version=&#8221;4.16.0&#8243; _module_preset=&#8221;default&#8221; global_module=&#8221;275477&#8243; saved_tabs=&#8221;all&#8221; collapsed=&#8221;off&#8221; global_colors_info=&#8221;{}&#8221; da_is_popup=&#8221;off&#8221; da_exit_intent=&#8221;off&#8221; da_has_close=&#8221;on&#8221; da_alt_close=&#8221;off&#8221; da_dark_close=&#8221;off&#8221; da_not_modal=&#8221;on&#8221; da_is_singular=&#8221;off&#8221; da_with_loader=&#8221;off&#8221; da_has_shadow=&#8221;on&#8221; da_disable_devices=&#8221;off|off|off&#8221;][et_pb_row _builder_version=&#8221;4.16.0&#8243; _module_preset=&#8221;default&#8221; hover_enabled=&#8221;0&#8243; collapsed=&#8221;off&#8221; global_colors_info=&#8221;{}&#8221; admin_label=&#8221;Riga IT&#8221; sticky_enabled=&#8221;0&#8243;][et_pb_column type=&#8221;4_4&#8243; _builder_version=&#8221;4.16&#8243; _module_preset=&#8221;default&#8221; global_colors_info=&#8221;{}&#8221;][dica_divi_carousel item_width_auto=&#8221;on&#8221; item_width=&#8221;300px&#8221; multislide=&#8221;on&#8221; centermode=&#8221;on&#8221; loop=&#8221;on&#8221; arrow_nav=&#8221;on&#8221; item_spacing=&#8221;15&#8243; equal_height=&#8221;on&#8221; lazy_loading=&#8221;on&#8221; load_before_transition=&#8221;on&#8221; advanced_effect=&#8221;1&#8243; arrow_nav_color=&#8221;#FFFFFF&#8221; arrow_bg_color=&#8221;rgba(255,255,255,0.5)&#8221; dots_color=&#8221;RGBA(255,255,255,0)&#8221; dots_active_color=&#8221;RGBA(255,255,255,0)&#8221; title_background=&#8221;RGBA(255,255,255,0)&#8221; subtitle_background=&#8221;RGBA(255,255,255,0)&#8221; image_force_fullwidth=&#8221;on&#8221; item_padding=&#8221;170px||||false|false&#8221; admin_label=&#8221;Carosello IT&#8221; _builder_version=&#8221;4.16.0&#8243; title_font=&#8221;Jost|||on|||||&#8221; title_text_align=&#8221;center&#8221; title_text_color=&#8221;#FFFFFF&#8221; subtitle_font=&#8221;Krona One||||||||&#8221; subtitle_text_align=&#8221;center&#8221; subtitle_text_color=&#8221;#FFFFFF&#8221; subtitle_font_size=&#8221;30px&#8221; subtitle_letter_spacing=&#8221;-2px&#8221; body_font=&#8221;Anonymous Pro||||||||&#8221; body_text_align=&#8221;center&#8221; hover_enabled=&#8221;0&#8243; subtitle_font_size_tablet=&#8221;36px&#8221; subtitle_font_size_phone=&#8221;24px&#8221; subtitle_font_size_last_edited=&#8221;on|phone&#8221; global_colors_info=&#8221;{}&#8221; sticky_enabled=&#8221;0&#8243;][dica_divi_carouselitem sub_title=&#8221;COSTA DEGLI ETRUSCHI&#8221; button_url_new_window=&#8221;1&#8243; image_position=&#8221;image_under_title&#8221; _builder_version=&#8221;4.14.8&#8243; _dynamic_attributes=&#8221;link_option_url&#8221; _module_preset=&#8221;default&#8221; header_text_align=&#8221;center&#8221; subtitle_text_align=&#8221;center&#8221; background_image=&#8221;https:\/\/www.villaggioorizzonte.it\/wp-content\/uploads\/2019\/10\/spiagge-costa-est-750&#215;900.jpg&#8221; background_enable_image=&#8221;on&#8221; link_option_url=&#8221;@ET-DC@eyJkeW5hbWljIjp0cnVlLCJjb250ZW50IjoicG9zdF9saW5rX3VybF9wYWdlIiwic2V0dGluZ3MiOnsicG9zdF9pZCI6IjM2NzYifX0=@&#8221; custom_css_main_element=&#8221;height:450px!important;&#8221; global_colors_info=&#8221;{}&#8221;][\/dica_divi_carouselitem][dica_divi_carouselitem sub_title=&#8221;BARATTI STRAND&#8221; button_url_new_window=&#8221;1&#8243; image_position=&#8221;image_under_title&#8221; _builder_version=&#8221;4.14.8&#8243; _dynamic_attributes=&#8221;link_option_url&#8221; _module_preset=&#8221;default&#8221; header_text_align=&#8221;center&#8221; subtitle_text_align=&#8221;center&#8221; background_image=&#8221;https:\/\/www.villaggioorizzonte.it\/wp-content\/uploads\/2019\/10\/spiaggia-di-baratti-750&#215;900.jpg&#8221; background_enable_image=&#8221;on&#8221; link_option_url=&#8221;@ET-DC@eyJkeW5hbWljIjp0cnVlLCJjb250ZW50IjoicG9zdF9saW5rX3VybF9wYWdlIiwic2V0dGluZ3MiOnsicG9zdF9pZCI6IjM2MTgifX0=@&#8221; custom_css_main_element=&#8221;height:450px!important;&#8221; global_colors_info=&#8221;{}&#8221;][\/dica_divi_carouselitem][dica_divi_carouselitem sub_title=&#8221;DOG BEACH&#8221; button_url_new_window=&#8221;1&#8243; image_position=&#8221;image_under_title&#8221; _builder_version=&#8221;4.14.8&#8243; _dynamic_attributes=&#8221;link_option_url&#8221; _module_preset=&#8221;default&#8221; header_text_align=&#8221;center&#8221; subtitle_text_align=&#8221;center&#8221; background_image=&#8221;https:\/\/www.villaggioorizzonte.it\/wp-content\/uploads\/2019\/10\/dog-beach-toscana-750&#215;900.jpg&#8221; background_enable_image=&#8221;on&#8221; link_option_url=&#8221;@ET-DC@eyJkeW5hbWljIjp0cnVlLCJjb250ZW50IjoicG9zdF9saW5rX3VybF9wYWdlIiwic2V0dGluZ3MiOnsicG9zdF9pZCI6IjM0OTIifX0=@&#8221; custom_css_main_element=&#8221;height:450px!important;&#8221; global_colors_info=&#8221;{}&#8221;][\/dica_divi_carouselitem][dica_divi_carouselitem sub_title=&#8221;NUDIST STRAND&#8221; button_url_new_window=&#8221;1&#8243; image_position=&#8221;image_under_title&#8221; _builder_version=&#8221;4.14.8&#8243; _dynamic_attributes=&#8221;link_option_url&#8221; _module_preset=&#8221;default&#8221; header_text_align=&#8221;center&#8221; subtitle_text_align=&#8221;center&#8221; background_image=&#8221;https:\/\/www.villaggioorizzonte.it\/wp-content\/uploads\/2019\/10\/spiaggia-nudisti-rimigliano-750&#215;900.jpg&#8221; background_enable_image=&#8221;on&#8221; link_option_url=&#8221;@ET-DC@eyJkeW5hbWljIjp0cnVlLCJjb250ZW50IjoicG9zdF9saW5rX3VybF9wYWdlIiwic2V0dGluZ3MiOnsicG9zdF9pZCI6IjM1NzYifX0=@&#8221; custom_css_main_element=&#8221;height:450px!important;&#8221; global_colors_info=&#8221;{}&#8221;][\/dica_divi_carouselitem][\/dica_divi_carousel][\/et_pb_column][\/et_pb_row][\/et_pb_section]<\/p>\n","protected":false},"excerpt":{"rendered":"<p>FKK a San Vincenzo Nel Parco naturale di RimiglianoToscane staat bekend om het strandtoerisme en zijn vrije of priv\u00e9stranden. De stranden zijn ideaal om te genieten van een strandvakantie met z\u2019n twee\u00ebn, met familie of met vrienden. De prachtige kust is een continue afwisseling van lange gouden stranden en prachtige baaien waarvan sommige alleen over [&hellip;]<\/p>\n","protected":false},"author":7,"featured_media":0,"parent":6779,"menu_order":0,"comment_status":"closed","ping_status":"closed","template":"","meta":{"_et_pb_use_builder":"on","_et_pb_old_content":"","_et_gb_content_width":"","ngg_post_thumbnail":0,"footnotes":""},"class_list":["post-7590","page","type-page","status-publish","hentry"],"yoast_head":"<!-- This site is optimized with the Yoast SEO plugin v25.8 - https:\/\/yoast.com\/wordpress\/plugins\/seo\/ -->\n<title>Strand voor nudisten in Toscane in San Vincenzo - Villaggio Orizzonte<\/title>\n<meta name=\"description\" content=\"Het adelaarsnest is een naaktstrand in Toscane, ook wel FKK genoemd, gelegen in het natuurpark Rimigliano in San Vincenzo\" \/>\n<meta name=\"robots\" content=\"index, follow, max-snippet:-1, max-image-preview:large, max-video-preview:-1\" \/>\n<link rel=\"canonical\" href=\"https:\/\/www.villaggioorizzonte.it\/nl\/stranden-toscane\/strand-nudisten-toscane.html\" \/>\n<meta property=\"og:locale\" content=\"nl_NL\" \/>\n<meta property=\"og:type\" content=\"article\" \/>\n<meta property=\"og:title\" content=\"Strand voor nudisten in Toscane in San Vincenzo - Villaggio Orizzonte\" \/>\n<meta property=\"og:description\" content=\"Het adelaarsnest is een naaktstrand in Toscane, ook wel FKK genoemd, gelegen in het natuurpark Rimigliano in San Vincenzo\" \/>\n<meta property=\"og:url\" content=\"https:\/\/www.villaggioorizzonte.it\/nl\/stranden-toscane\/strand-nudisten-toscane.html\" \/>\n<meta property=\"og:site_name\" content=\"Villaggio Orizzonte\" \/>\n<meta property=\"article:modified_time\" content=\"2022-04-05T07:19:38+00:00\" \/>\n<meta name=\"twitter:card\" content=\"summary_large_image\" \/>\n<script type=\"application\/ld+json\" class=\"yoast-schema-graph\">{\"@context\":\"https:\/\/schema.org\",\"@graph\":[{\"@type\":\"WebPage\",\"@id\":\"https:\/\/www.villaggioorizzonte.it\/nl\/stranden-toscane\/strand-nudisten-toscane.html\",\"url\":\"https:\/\/www.villaggioorizzonte.it\/nl\/stranden-toscane\/strand-nudisten-toscane.html\",\"name\":\"Strand voor nudisten in Toscane in San Vincenzo - Villaggio Orizzonte\",\"isPartOf\":{\"@id\":\"https:\/\/www.villaggioorizzonte.it\/nl\/#website\"},\"datePublished\":\"2019-10-21T10:51:10+00:00\",\"dateModified\":\"2022-04-05T07:19:38+00:00\",\"description\":\"Het adelaarsnest is een naaktstrand in Toscane, ook wel FKK genoemd, gelegen in het natuurpark Rimigliano in San Vincenzo\",\"breadcrumb\":{\"@id\":\"https:\/\/www.villaggioorizzonte.it\/nl\/stranden-toscane\/strand-nudisten-toscane.html#breadcrumb\"},\"inLanguage\":\"nl-NL\",\"potentialAction\":[{\"@type\":\"ReadAction\",\"target\":[\"https:\/\/www.villaggioorizzonte.it\/nl\/stranden-toscane\/strand-nudisten-toscane.html\"]}]},{\"@type\":\"BreadcrumbList\",\"@id\":\"https:\/\/www.villaggioorizzonte.it\/nl\/stranden-toscane\/strand-nudisten-toscane.html#breadcrumb\",\"itemListElement\":[{\"@type\":\"ListItem\",\"position\":1,\"name\":\"Home\",\"item\":\"https:\/\/www.villaggioorizzonte.it\/nl\/\"},{\"@type\":\"ListItem\",\"position\":2,\"name\":\"Stranden Toscane\",\"item\":\"https:\/\/www.villaggioorizzonte.it\/nl\/stranden-toscane.html\"},{\"@type\":\"ListItem\",\"position\":3,\"name\":\"Nudistenstrand Toscane\"}]},{\"@type\":\"WebSite\",\"@id\":\"https:\/\/www.villaggioorizzonte.it\/nl\/#website\",\"url\":\"https:\/\/www.villaggioorizzonte.it\/nl\/\",\"name\":\"Villaggio Orizzonte\",\"description\":\"Villaggio Turistico\",\"potentialAction\":[{\"@type\":\"SearchAction\",\"target\":{\"@type\":\"EntryPoint\",\"urlTemplate\":\"https:\/\/www.villaggioorizzonte.it\/nl\/?s={search_term_string}\"},\"query-input\":{\"@type\":\"PropertyValueSpecification\",\"valueRequired\":true,\"valueName\":\"search_term_string\"}}],\"inLanguage\":\"nl-NL\"}]}<\/script>\n<!-- \/ Yoast SEO plugin. -->","yoast_head_json":{"title":"Strand voor nudisten in Toscane in San Vincenzo - Villaggio Orizzonte","description":"Het adelaarsnest is een naaktstrand in Toscane, ook wel FKK genoemd, gelegen in het natuurpark Rimigliano in San Vincenzo","robots":{"index":"index","follow":"follow","max-snippet":"max-snippet:-1","max-image-preview":"max-image-preview:large","max-video-preview":"max-video-preview:-1"},"canonical":"https:\/\/www.villaggioorizzonte.it\/nl\/stranden-toscane\/strand-nudisten-toscane.html","og_locale":"nl_NL","og_type":"article","og_title":"Strand voor nudisten in Toscane in San Vincenzo - Villaggio Orizzonte","og_description":"Het adelaarsnest is een naaktstrand in Toscane, ook wel FKK genoemd, gelegen in het natuurpark Rimigliano in San Vincenzo","og_url":"https:\/\/www.villaggioorizzonte.it\/nl\/stranden-toscane\/strand-nudisten-toscane.html","og_site_name":"Villaggio Orizzonte","article_modified_time":"2022-04-05T07:19:38+00:00","twitter_card":"summary_large_image","schema":{"@context":"https:\/\/schema.org","@graph":[{"@type":"WebPage","@id":"https:\/\/www.villaggioorizzonte.it\/nl\/stranden-toscane\/strand-nudisten-toscane.html","url":"https:\/\/www.villaggioorizzonte.it\/nl\/stranden-toscane\/strand-nudisten-toscane.html","name":"Strand voor nudisten in Toscane in San Vincenzo - Villaggio Orizzonte","isPartOf":{"@id":"https:\/\/www.villaggioorizzonte.it\/nl\/#website"},"datePublished":"2019-10-21T10:51:10+00:00","dateModified":"2022-04-05T07:19:38+00:00","description":"Het adelaarsnest is een naaktstrand in Toscane, ook wel FKK genoemd, gelegen in het natuurpark Rimigliano in San Vincenzo","breadcrumb":{"@id":"https:\/\/www.villaggioorizzonte.it\/nl\/stranden-toscane\/strand-nudisten-toscane.html#breadcrumb"},"inLanguage":"nl-NL","potentialAction":[{"@type":"ReadAction","target":["https:\/\/www.villaggioorizzonte.it\/nl\/stranden-toscane\/strand-nudisten-toscane.html"]}]},{"@type":"BreadcrumbList","@id":"https:\/\/www.villaggioorizzonte.it\/nl\/stranden-toscane\/strand-nudisten-toscane.html#breadcrumb","itemListElement":[{"@type":"ListItem","position":1,"name":"Home","item":"https:\/\/www.villaggioorizzonte.it\/nl\/"},{"@type":"ListItem","position":2,"name":"Stranden Toscane","item":"https:\/\/www.villaggioorizzonte.it\/nl\/stranden-toscane.html"},{"@type":"ListItem","position":3,"name":"Nudistenstrand Toscane"}]},{"@type":"WebSite","@id":"https:\/\/www.villaggioorizzonte.it\/nl\/#website","url":"https:\/\/www.villaggioorizzonte.it\/nl\/","name":"Villaggio Orizzonte","description":"Villaggio Turistico","potentialAction":[{"@type":"SearchAction","target":{"@type":"EntryPoint","urlTemplate":"https:\/\/www.villaggioorizzonte.it\/nl\/?s={search_term_string}"},"query-input":{"@type":"PropertyValueSpecification","valueRequired":true,"valueName":"search_term_string"}}],"inLanguage":"nl-NL"}]}},"_links":{"self":[{"href":"https:\/\/www.villaggioorizzonte.it\/nl\/wp-json\/wp\/v2\/pages\/7590","targetHints":{"allow":["GET"]}}],"collection":[{"href":"https:\/\/www.villaggioorizzonte.it\/nl\/wp-json\/wp\/v2\/pages"}],"about":[{"href":"https:\/\/www.villaggioorizzonte.it\/nl\/wp-json\/wp\/v2\/types\/page"}],"author":[{"embeddable":true,"href":"https:\/\/www.villaggioorizzonte.it\/nl\/wp-json\/wp\/v2\/users\/7"}],"replies":[{"embeddable":true,"href":"https:\/\/www.villaggioorizzonte.it\/nl\/wp-json\/wp\/v2\/comments?post=7590"}],"version-history":[{"count":0,"href":"https:\/\/www.villaggioorizzonte.it\/nl\/wp-json\/wp\/v2\/pages\/7590\/revisions"}],"up":[{"embeddable":true,"href":"https:\/\/www.villaggioorizzonte.it\/nl\/wp-json\/wp\/v2\/pages\/6779"}],"wp:attachment":[{"href":"https:\/\/www.villaggioorizzonte.it\/nl\/wp-json\/wp\/v2\/media?parent=7590"}],"curies":[{"name":"wp","href":"https:\/\/api.w.org\/{rel}","templated":true}]}}