{"id":281925,"date":"2022-07-28T09:52:32","date_gmt":"2022-07-28T07:52:32","guid":{"rendered":"https:\/\/www.villaggioorizzonte.it\/ultime-disponibilita-20agosto.html"},"modified":"2023-10-04T15:54:58","modified_gmt":"2023-10-04T13:54:58","slug":"laatste-beschikbaarheid-20-augustus","status":"publish","type":"page","link":"https:\/\/www.villaggioorizzonte.it\/nl\/laatste-beschikbaarheid-20-augustus.html","title":{"rendered":"Laatste beschikbaarheid 20 augustus"},"content":{"rendered":"<p>[et_pb_section fb_built=&#8221;1&#8243; admin_label=&#8221;Testata&#8221; _builder_version=&#8221;4.16&#8243; _module_preset=&#8221;default&#8221; custom_margin=&#8221;0px|0px|0px||false|false&#8221; custom_padding=&#8221;0px|0px|0px|0px|false|false&#8221; da_disable_devices=&#8221;off|off|off&#8221; saved_tabs=&#8221;all&#8221; locked=&#8221;off&#8221; collapsed=&#8221;off&#8221; global_colors_info=&#8221;{}&#8221; da_is_popup=&#8221;off&#8221; da_exit_intent=&#8221;off&#8221; da_has_close=&#8221;on&#8221; da_alt_close=&#8221;off&#8221; da_dark_close=&#8221;off&#8221; da_not_modal=&#8221;on&#8221; da_is_singular=&#8221;off&#8221; da_with_loader=&#8221;off&#8221; da_has_shadow=&#8221;on&#8221;][et_pb_row use_custom_gutter=&#8221;on&#8221; gutter_width=&#8221;1&#8243; admin_label=&#8221;Sfondo immagine&#8221; module_class=&#8221;testata&#8221; _builder_version=&#8221;4.16&#8243; _module_preset=&#8221;default&#8221; background_color=&#8221;RGBA(255,255,255,0)&#8221; background_enable_image=&#8221;off&#8221; width=&#8221;100%&#8221; max_width=&#8221;100%&#8221; module_alignment=&#8221;center&#8221; height=&#8221;88vh&#8221; overflow-x=&#8221;hidden&#8221; overflow-y=&#8221;hidden&#8221; locked=&#8221;off&#8221; collapsed=&#8221;off&#8221; global_colors_info=&#8221;{}&#8221; custom_css_main_element_last_edited=&#8221;on|phone&#8221; custom_css_main_element_phone=&#8221;max-height: 550px!important;&#8221;][et_pb_column type=&#8221;4_4&#8243; _builder_version=&#8221;4.16&#8243; _module_preset=&#8221;default&#8221; global_colors_info=&#8221;{}&#8221;][et_pb_image src=&#8221;https:\/\/www.villaggioorizzonte.it\/wp-content\/uploads\/2022\/07\/testata-landing.jpg&#8221; alt=&#8221;animazione bambini villaggio mare toscana&#8221; title_text=&#8221;orizzonte-ultime-disponibilit\u00e0&#8221; force_fullwidth=&#8221;on&#8221; _builder_version=&#8221;4.17.4&#8243; _module_preset=&#8221;default&#8221; saved_tabs=&#8221;all&#8221; global_colors_info=&#8221;{}&#8221;][\/et_pb_image][\/et_pb_column][\/et_pb_row][et_pb_row column_structure=&#8221;2_5,3_5&#8243; use_custom_gutter=&#8221;on&#8221; gutter_width=&#8221;1&#8243; make_equal=&#8221;on&#8221; admin_label=&#8221;Titolo&#8221; _builder_version=&#8221;4.16&#8243; _module_preset=&#8221;default&#8221; background_color=&#8221;RGBA(255,255,255,0)&#8221; width=&#8221;100%&#8221; max_width=&#8221;100%&#8221; module_alignment=&#8221;left&#8221; custom_margin=&#8221;-163px||||false|false&#8221; custom_margin_tablet=&#8221;-163px||||false|false&#8221; custom_margin_phone=&#8221;-124px||||false|false&#8221; custom_margin_last_edited=&#8221;on|phone&#8221; custom_padding=&#8221;||||true|false&#8221; collapsed=&#8221;off&#8221; global_colors_info=&#8221;{}&#8221;][et_pb_column type=&#8221;2_5&#8243; disabled_on=&#8221;off|off|off&#8221; _builder_version=&#8221;4.16&#8243; _module_preset=&#8221;default&#8221; global_colors_info=&#8221;{}&#8221; custom_css_main_element_last_edited=&#8221;on|phone&#8221; custom_css_main_element_phone=&#8221;width:30px!important;||display:block!important;&#8221;][\/et_pb_column][et_pb_column type=&#8221;3_5&#8243; _builder_version=&#8221;4.16&#8243; _module_preset=&#8221;default&#8221; background_color=&#8221;#FFFFFF&#8221; custom_padding=&#8221;25px||25px|30px|true|false&#8221; custom_padding_tablet=&#8221;25px||25px|30px|true|false&#8221; custom_padding_phone=&#8221;||5px|20px|false|false&#8221; custom_padding_last_edited=&#8221;on|phone&#8221; global_colors_info=&#8221;{}&#8221; custom_css_main_element_last_edited=&#8221;on|phone&#8221; custom_css_main_element_phone=&#8221;width: calc(100% &#8211; 30px)!important;&#8221;][et_pb_text admin_label=&#8221;Testo&#8221; _builder_version=&#8221;4.17.4&#8243; _module_preset=&#8221;default&#8221; background_color=&#8221;RGBA(255,255,255,0)&#8221; saved_tabs=&#8221;all&#8221; global_colors_info=&#8221;{}&#8221;]<\/p>\n<h2>Ontspanning en sport<\/h2>\n<h1>Uw strandvakantie in toscane!<\/h1>\n<p>[\/et_pb_text][\/et_pb_column][\/et_pb_row][\/et_pb_section][et_pb_section fb_built=&#8221;1&#8243; admin_label=&#8221;Intro&#8221; _builder_version=&#8221;4.16&#8243; _module_preset=&#8221;default&#8221; da_disable_devices=&#8221;off|off|off&#8221; collapsed=&#8221;off&#8221; global_colors_info=&#8221;{}&#8221; da_is_popup=&#8221;off&#8221; da_exit_intent=&#8221;off&#8221; da_has_close=&#8221;on&#8221; da_alt_close=&#8221;off&#8221; da_dark_close=&#8221;off&#8221; da_not_modal=&#8221;on&#8221; da_is_singular=&#8221;off&#8221; da_with_loader=&#8221;off&#8221; da_has_shadow=&#8221;on&#8221;][et_pb_row _builder_version=&#8221;4.16&#8243; _module_preset=&#8221;default&#8221; collapsed=&#8221;off&#8221; global_colors_info=&#8221;{}&#8221;][et_pb_column type=&#8221;4_4&#8243; _builder_version=&#8221;4.16&#8243; _module_preset=&#8221;default&#8221; background_enable_color=&#8221;off&#8221; custom_padding=&#8221;||||true|false&#8221; global_colors_info=&#8221;{}&#8221;][et_pb_text disabled_on=&#8221;on|on|on&#8221; _builder_version=&#8221;4.17.4&#8243; _module_preset=&#8221;default&#8221; disabled=&#8221;on&#8221; global_colors_info=&#8221;{}&#8221;]Ben je klaar om te gaan? Mis onze nieuwste beschikbaarheid vanaf 20 augustus niet![\/et_pb_text][\/et_pb_column][\/et_pb_row][\/et_pb_section][et_pb_section fb_built=&#8221;1&#8243; admin_label=&#8221;Contenuto&#8221; _builder_version=&#8221;4.16&#8243; _module_preset=&#8221;default&#8221; da_disable_devices=&#8221;off|off|off&#8221; collapsed=&#8221;off&#8221; global_colors_info=&#8221;{}&#8221; da_is_popup=&#8221;off&#8221; da_exit_intent=&#8221;off&#8221; da_has_close=&#8221;on&#8221; da_alt_close=&#8221;off&#8221; da_dark_close=&#8221;off&#8221; da_not_modal=&#8221;on&#8221; da_is_singular=&#8221;off&#8221; da_with_loader=&#8221;off&#8221; da_has_shadow=&#8221;on&#8221;][et_pb_row admin_label=&#8221;titolo appuntamenti settimanali&#8221; _builder_version=&#8221;4.16&#8243; _module_preset=&#8221;default&#8221; collapsed=&#8221;off&#8221; global_colors_info=&#8221;{}&#8221;][et_pb_column type=&#8221;4_4&#8243; _builder_version=&#8221;4.16&#8243; _module_preset=&#8221;default&#8221; global_colors_info=&#8221;{}&#8221;][et_pb_text admin_label=&#8221;Titolo&#8221; _builder_version=&#8221;4.17.4&#8243; _module_preset=&#8221;default&#8221; locked=&#8221;off&#8221; global_colors_info=&#8221;{}&#8221;]<\/p>\n<h3><b><strong>LAATSTE BESCHIKBAARHEID <\/strong><\/b><span style=\"color: #e67e23;\"><b><strong>vanaf 20 augustus! <\/strong> <\/b><\/span><\/h3>\n<p>[\/et_pb_text][\/et_pb_column][\/et_pb_row][et_pb_row column_structure=&#8221;1_2,1_2&#8243; _builder_version=&#8221;4.16&#8243; _module_preset=&#8221;default&#8221; collapsed=&#8221;off&#8221; global_colors_info=&#8221;{}&#8221;][et_pb_column type=&#8221;1_2&#8243; _builder_version=&#8221;4.16&#8243; _module_preset=&#8221;default&#8221; global_colors_info=&#8221;{}&#8221;][et_pb_text _builder_version=&#8221;4.17.4&#8243; _module_preset=&#8221;default&#8221; global_colors_info=&#8221;{}&#8221;]<strong>Mis deze kans niet! <\/strong><\/p>\n<p>Bekijk welke bungalows nog beschikbaar zijn en boek nu uw vakantie aan de Toscaanse zee![\/et_pb_text][et_pb_button button_url=&#8221;https:\/\/www.simplebooking.it\/ibe\/search?hid=4346&#038;lang=NL&#038;_ga=2.80746903.1072716270.1643191838-1277919642.1574080711&#8243; url_new_window=&#8221;on&#8221; button_text=&#8221;Boek nu&#8221; button_alignment=&#8221;left&#8221; _builder_version=&#8221;4.17.4&#8243; _module_preset=&#8221;default&#8221; custom_button=&#8221;on&#8221; button_text_size=&#8221;18px&#8221; button_text_color=&#8221;#FFFFFF&#8221; button_bg_color=&#8221;#F1A000&#8243; button_border_radius=&#8221;1px&#8221; button_font=&#8221;Krona One|||on|||||&#8221; button_icon=&#8221;&#x24;||divi||400&#8243; background_layout=&#8221;dark&#8221; custom_margin=&#8221;0px||||false|false&#8221; global_colors_info=&#8221;{}&#8221;][\/et_pb_button][\/et_pb_column][et_pb_column type=&#8221;1_2&#8243; _builder_version=&#8221;4.16&#8243; _module_preset=&#8221;default&#8221; global_colors_info=&#8221;{}&#8221;][et_pb_image src=&#8221;https:\/\/www.villaggioorizzonte.it\/wp-content\/uploads\/2022\/07\/orizzonte-piscina-sud-21-69.jpg&#8221; alt=&#8221;Nuoto Villaggio Orizzonte&#8221; title_text=&#8221;orizzonte&#8212;piscina-sud-21-69&#8243; _builder_version=&#8221;4.17.4&#8243; _module_preset=&#8221;default&#8221; global_colors_info=&#8221;{}&#8221;][\/et_pb_image][\/et_pb_column][\/et_pb_row][et_pb_row column_structure=&#8221;1_2,1_2&#8243; disabled_on=&#8221;on|on|on&#8221; _builder_version=&#8221;4.17.4&#8243; _module_preset=&#8221;default&#8221; disabled=&#8221;on&#8221; collapsed=&#8221;off&#8221; global_colors_info=&#8221;{}&#8221;][et_pb_column type=&#8221;1_2&#8243; _builder_version=&#8221;4.16&#8243; _module_preset=&#8221;default&#8221; global_colors_info=&#8221;{}&#8221;][et_pb_image src=&#8221;https:\/\/www.villaggioorizzonte.it\/wp-content\/uploads\/2021\/10\/animali-zooantropologia.jpg&#8221; alt=&#8221;animali-zooantropologia&#8221; title_text=&#8221;animali-zooantropologia&#8221; _builder_version=&#8221;4.16&#8243; _module_preset=&#8221;default&#8221; global_colors_info=&#8221;{}&#8221;][\/et_pb_image][\/et_pb_column][et_pb_column type=&#8221;1_2&#8243; _builder_version=&#8221;4.16&#8243; _module_preset=&#8221;default&#8221; global_colors_info=&#8221;{}&#8221;][et_pb_text _builder_version=&#8221;4.16&#8243; _module_preset=&#8221;default&#8221; global_colors_info=&#8221;{}&#8221;]<\/p>\n<h5 class=\"h4pag\">Laboratorio Zooantropologia<\/h5>\n<p>Una volta alla settimana avremo il <strong>laboratorio di ZooAntropologia<\/strong>, gestito dalla nostra Istruttrice Cinofila Costanza, molto amata dai bambini.<\/p>\n<p>Questa attivit\u00e0 prevede l\u2019<strong>avvicinamento al cane<\/strong> e la gestione del cane, che consiste per esempio nel capire come si accarezza, in quali punti lo si deve fare, come deve essere gestito durante una passeggiata oppure nell\u2019ambiente domestico.<\/p>\n<p>Questo laboratorio sar\u00e0 attivo indicativamente da met\u00e0 giugno a met\u00e0 settembre.<\/p>\n<p>[\/et_pb_text][\/et_pb_column][\/et_pb_row][et_pb_row admin_label=&#8221;titolo appuntamenti settimanali&#8221; _builder_version=&#8221;4.16&#8243; _module_preset=&#8221;default&#8221; collapsed=&#8221;off&#8221; global_colors_info=&#8221;{}&#8221;][et_pb_column type=&#8221;4_4&#8243; _builder_version=&#8221;4.16&#8243; _module_preset=&#8221;default&#8221; global_colors_info=&#8221;{}&#8221;][et_pb_text admin_label=&#8221;Titolo&#8221; _builder_version=&#8221;4.17.4&#8243; _module_preset=&#8221;default&#8221; locked=&#8221;off&#8221; global_colors_info=&#8221;{}&#8221;]<\/p>\n<h3 style=\"text-align: center;\">veel activiteiten<\/h3>\n<h4 style=\"text-align: center;\">voor iedereen!<\/h4>\n<p>[\/et_pb_text][\/et_pb_column][\/et_pb_row][et_pb_row admin_label=&#8221;Riga&#8221; _builder_version=&#8221;4.16&#8243; _module_preset=&#8221;default&#8221; collapsed=&#8221;off&#8221; global_colors_info=&#8221;{}&#8221;][et_pb_column type=&#8221;4_4&#8243; _builder_version=&#8221;4.16&#8243; _module_preset=&#8221;default&#8221; global_colors_info=&#8221;{}&#8221;][et_pb_text _builder_version=&#8221;4.17.4&#8243; _module_preset=&#8221;default&#8221; global_colors_info=&#8221;{}&#8221;]Geniet van een vakantie in villaggio Orizzonte! De ideale plek om te ontspannen, maar ook om te sporten &#8211; zwembaden, voetbalveld, volleybalveld, padelbaan en nog veel meer<\/p>\n<p>Ook viervoeters zijn van harte welkom!<\/p>\n<p><strong>Strand, zee en sport \u2013 uw droomvakantie in Toscane!<\/strong>[\/et_pb_text][\/et_pb_column][\/et_pb_row][et_pb_row admin_label=&#8221;Carosello&#8221; _builder_version=&#8221;4.16&#8243; _module_preset=&#8221;default&#8221; collapsed=&#8221;off&#8221; global_colors_info=&#8221;{}&#8221;][et_pb_column type=&#8221;4_4&#8243; _builder_version=&#8221;4.16&#8243; _module_preset=&#8221;default&#8221; global_colors_info=&#8221;{}&#8221;][et_pb_image src=&#8221;https:\/\/www.villaggioorizzonte.it\/wp-content\/uploads\/2022\/07\/attivit.jpg&#8221; title_text=&#8221;attivit&#8221; _builder_version=&#8221;4.17.4&#8243; _module_preset=&#8221;default&#8221; global_colors_info=&#8221;{}&#8221;][\/et_pb_image][\/et_pb_column][\/et_pb_row][\/et_pb_section]<\/p>\n","protected":false},"excerpt":{"rendered":"<p>Ontspanning en sport Uw strandvakantie in toscane!Ben je klaar om te gaan? Mis onze nieuwste beschikbaarheid vanaf 20 augustus niet!LAATSTE BESCHIKBAARHEID vanaf 20 augustus! Mis deze kans niet! Bekijk welke bungalows nog beschikbaar zijn en boek nu uw vakantie aan de Toscaanse zee!Laboratorio Zooantropologia Una volta alla settimana avremo il laboratorio di ZooAntropologia, gestito dalla [&hellip;]<\/p>\n","protected":false},"author":7,"featured_media":0,"parent":0,"menu_order":16,"comment_status":"closed","ping_status":"closed","template":"","meta":{"_et_pb_use_builder":"on","_et_pb_old_content":"","_et_gb_content_width":"","ngg_post_thumbnail":0,"footnotes":""},"class_list":["post-281925","page","type-page","status-publish","hentry"],"yoast_head":"<!-- This site is optimized with the Yoast SEO plugin v25.8 - https:\/\/yoast.com\/wordpress\/plugins\/seo\/ -->\n<title>Strandvakanties in augustus in Toscane - Villaggio Orizzonte<\/title>\n<meta name=\"description\" content=\"Profiteer van de nieuwste beschikbaarheid om uw strandvakantie in Toscane door te brengen in Villaggio Orizzonte\" \/>\n<meta name=\"robots\" content=\"index, follow, max-snippet:-1, max-image-preview:large, max-video-preview:-1\" \/>\n<link rel=\"canonical\" href=\"https:\/\/www.villaggioorizzonte.it\/nl\/laatste-beschikbaarheid-20-augustus.html\" \/>\n<meta property=\"og:locale\" content=\"nl_NL\" \/>\n<meta property=\"og:type\" content=\"article\" \/>\n<meta property=\"og:title\" content=\"Strandvakanties in augustus in Toscane - Villaggio Orizzonte\" \/>\n<meta property=\"og:description\" content=\"Profiteer van de nieuwste beschikbaarheid om uw strandvakantie in Toscane door te brengen in Villaggio Orizzonte\" \/>\n<meta property=\"og:url\" content=\"https:\/\/www.villaggioorizzonte.it\/nl\/laatste-beschikbaarheid-20-augustus.html\" \/>\n<meta property=\"og:site_name\" content=\"Villaggio Orizzonte\" \/>\n<meta property=\"article:modified_time\" content=\"2023-10-04T13:54:58+00:00\" \/>\n<meta name=\"twitter:card\" content=\"summary_large_image\" \/>\n<script type=\"application\/ld+json\" class=\"yoast-schema-graph\">{\"@context\":\"https:\/\/schema.org\",\"@graph\":[{\"@type\":\"WebPage\",\"@id\":\"https:\/\/www.villaggioorizzonte.it\/nl\/laatste-beschikbaarheid-20-augustus.html\",\"url\":\"https:\/\/www.villaggioorizzonte.it\/nl\/laatste-beschikbaarheid-20-augustus.html\",\"name\":\"Strandvakanties in augustus in Toscane - Villaggio Orizzonte\",\"isPartOf\":{\"@id\":\"https:\/\/www.villaggioorizzonte.it\/nl\/#website\"},\"datePublished\":\"2022-07-28T07:52:32+00:00\",\"dateModified\":\"2023-10-04T13:54:58+00:00\",\"description\":\"Profiteer van de nieuwste beschikbaarheid om uw strandvakantie in Toscane door te brengen in Villaggio Orizzonte\",\"breadcrumb\":{\"@id\":\"https:\/\/www.villaggioorizzonte.it\/nl\/laatste-beschikbaarheid-20-augustus.html#breadcrumb\"},\"inLanguage\":\"nl-NL\",\"potentialAction\":[{\"@type\":\"ReadAction\",\"target\":[\"https:\/\/www.villaggioorizzonte.it\/nl\/laatste-beschikbaarheid-20-augustus.html\"]}]},{\"@type\":\"BreadcrumbList\",\"@id\":\"https:\/\/www.villaggioorizzonte.it\/nl\/laatste-beschikbaarheid-20-augustus.html#breadcrumb\",\"itemListElement\":[{\"@type\":\"ListItem\",\"position\":1,\"name\":\"Home\",\"item\":\"https:\/\/www.villaggioorizzonte.it\/nl\/\"},{\"@type\":\"ListItem\",\"position\":2,\"name\":\"Laatste beschikbaarheid 20 augustus\"}]},{\"@type\":\"WebSite\",\"@id\":\"https:\/\/www.villaggioorizzonte.it\/nl\/#website\",\"url\":\"https:\/\/www.villaggioorizzonte.it\/nl\/\",\"name\":\"Villaggio Orizzonte\",\"description\":\"Villaggio Turistico\",\"potentialAction\":[{\"@type\":\"SearchAction\",\"target\":{\"@type\":\"EntryPoint\",\"urlTemplate\":\"https:\/\/www.villaggioorizzonte.it\/nl\/?s={search_term_string}\"},\"query-input\":{\"@type\":\"PropertyValueSpecification\",\"valueRequired\":true,\"valueName\":\"search_term_string\"}}],\"inLanguage\":\"nl-NL\"}]}<\/script>\n<!-- \/ Yoast SEO plugin. -->","yoast_head_json":{"title":"Strandvakanties in augustus in Toscane - Villaggio Orizzonte","description":"Profiteer van de nieuwste beschikbaarheid om uw strandvakantie in Toscane door te brengen in Villaggio Orizzonte","robots":{"index":"index","follow":"follow","max-snippet":"max-snippet:-1","max-image-preview":"max-image-preview:large","max-video-preview":"max-video-preview:-1"},"canonical":"https:\/\/www.villaggioorizzonte.it\/nl\/laatste-beschikbaarheid-20-augustus.html","og_locale":"nl_NL","og_type":"article","og_title":"Strandvakanties in augustus in Toscane - Villaggio Orizzonte","og_description":"Profiteer van de nieuwste beschikbaarheid om uw strandvakantie in Toscane door te brengen in Villaggio Orizzonte","og_url":"https:\/\/www.villaggioorizzonte.it\/nl\/laatste-beschikbaarheid-20-augustus.html","og_site_name":"Villaggio Orizzonte","article_modified_time":"2023-10-04T13:54:58+00:00","twitter_card":"summary_large_image","schema":{"@context":"https:\/\/schema.org","@graph":[{"@type":"WebPage","@id":"https:\/\/www.villaggioorizzonte.it\/nl\/laatste-beschikbaarheid-20-augustus.html","url":"https:\/\/www.villaggioorizzonte.it\/nl\/laatste-beschikbaarheid-20-augustus.html","name":"Strandvakanties in augustus in Toscane - Villaggio Orizzonte","isPartOf":{"@id":"https:\/\/www.villaggioorizzonte.it\/nl\/#website"},"datePublished":"2022-07-28T07:52:32+00:00","dateModified":"2023-10-04T13:54:58+00:00","description":"Profiteer van de nieuwste beschikbaarheid om uw strandvakantie in Toscane door te brengen in Villaggio Orizzonte","breadcrumb":{"@id":"https:\/\/www.villaggioorizzonte.it\/nl\/laatste-beschikbaarheid-20-augustus.html#breadcrumb"},"inLanguage":"nl-NL","potentialAction":[{"@type":"ReadAction","target":["https:\/\/www.villaggioorizzonte.it\/nl\/laatste-beschikbaarheid-20-augustus.html"]}]},{"@type":"BreadcrumbList","@id":"https:\/\/www.villaggioorizzonte.it\/nl\/laatste-beschikbaarheid-20-augustus.html#breadcrumb","itemListElement":[{"@type":"ListItem","position":1,"name":"Home","item":"https:\/\/www.villaggioorizzonte.it\/nl\/"},{"@type":"ListItem","position":2,"name":"Laatste beschikbaarheid 20 augustus"}]},{"@type":"WebSite","@id":"https:\/\/www.villaggioorizzonte.it\/nl\/#website","url":"https:\/\/www.villaggioorizzonte.it\/nl\/","name":"Villaggio Orizzonte","description":"Villaggio Turistico","potentialAction":[{"@type":"SearchAction","target":{"@type":"EntryPoint","urlTemplate":"https:\/\/www.villaggioorizzonte.it\/nl\/?s={search_term_string}"},"query-input":{"@type":"PropertyValueSpecification","valueRequired":true,"valueName":"search_term_string"}}],"inLanguage":"nl-NL"}]}},"_links":{"self":[{"href":"https:\/\/www.villaggioorizzonte.it\/nl\/wp-json\/wp\/v2\/pages\/281925","targetHints":{"allow":["GET"]}}],"collection":[{"href":"https:\/\/www.villaggioorizzonte.it\/nl\/wp-json\/wp\/v2\/pages"}],"about":[{"href":"https:\/\/www.villaggioorizzonte.it\/nl\/wp-json\/wp\/v2\/types\/page"}],"author":[{"embeddable":true,"href":"https:\/\/www.villaggioorizzonte.it\/nl\/wp-json\/wp\/v2\/users\/7"}],"replies":[{"embeddable":true,"href":"https:\/\/www.villaggioorizzonte.it\/nl\/wp-json\/wp\/v2\/comments?post=281925"}],"version-history":[{"count":5,"href":"https:\/\/www.villaggioorizzonte.it\/nl\/wp-json\/wp\/v2\/pages\/281925\/revisions"}],"predecessor-version":[{"id":283774,"href":"https:\/\/www.villaggioorizzonte.it\/nl\/wp-json\/wp\/v2\/pages\/281925\/revisions\/283774"}],"wp:attachment":[{"href":"https:\/\/www.villaggioorizzonte.it\/nl\/wp-json\/wp\/v2\/media?parent=281925"}],"curies":[{"name":"wp","href":"https:\/\/api.w.org\/{rel}","templated":true}]}}