{"id":15327,"date":"2021-05-28T16:52:30","date_gmt":"2021-05-28T14:52:30","guid":{"rendered":"https:\/\/b6.aerostatonet.it\/escursioni-trekking-costa-toscana.html"},"modified":"2022-04-05T15:05:51","modified_gmt":"2022-04-05T13:05:51","slug":"escursioni-trekking-costa-toscana","status":"publish","type":"page","link":"https:\/\/www.villaggioorizzonte.it\/nl\/escursioni-trekking-costa-toscana.html","title":{"rendered":"Escursioni e Trekking"},"content":{"rendered":"<p>[et_pb_section fb_built=&#8221;1&#8243; admin_label=&#8221;Testata&#8221; _builder_version=&#8221;4.14.7&#8243; _module_preset=&#8221;default&#8221; custom_margin=&#8221;0px|0px|0px||false|false&#8221; custom_padding=&#8221;0px|0px|0px|0px|false|false&#8221; saved_tabs=&#8221;all&#8221; locked=&#8221;off&#8221; collapsed=&#8221;off&#8221; global_colors_info=&#8221;{}&#8221; da_is_popup=&#8221;off&#8221; da_exit_intent=&#8221;off&#8221; da_has_close=&#8221;on&#8221; da_alt_close=&#8221;off&#8221; da_dark_close=&#8221;off&#8221; da_not_modal=&#8221;on&#8221; da_is_singular=&#8221;off&#8221; da_with_loader=&#8221;off&#8221; da_has_shadow=&#8221;on&#8221; da_disable_devices=&#8221;off|off|off&#8221;][et_pb_row use_custom_gutter=&#8221;on&#8221; gutter_width=&#8221;1&#8243; admin_label=&#8221;Sfondo immagine&#8221; module_class=&#8221;testata&#8221; _builder_version=&#8221;4.14.7&#8243; _module_preset=&#8221;default&#8221; background_color=&#8221;RGBA(255,255,255,0)&#8221; background_enable_image=&#8221;off&#8221; width=&#8221;100%&#8221; max_width=&#8221;100%&#8221; module_alignment=&#8221;center&#8221; height=&#8221;88vh&#8221; overflow-x=&#8221;hidden&#8221; overflow-y=&#8221;hidden&#8221; locked=&#8221;off&#8221; collapsed=&#8221;off&#8221; global_colors_info=&#8221;{}&#8221; custom_css_main_element_last_edited=&#8221;on|phone&#8221; custom_css_main_element_phone=&#8221;max-height: 550px!important;&#8221;][et_pb_column type=&#8221;4_4&#8243; _builder_version=&#8221;4.14.7&#8243; _module_preset=&#8221;default&#8221; global_colors_info=&#8221;{}&#8221;][et_pb_image src=&#8221;https:\/\/www.villaggioorizzonte.it\/wp-content\/uploads\/2019\/11\/vacanza-trekking-toscana.jpg&#8221; alt=&#8221;vacanza trekking toscana&#8221; title_text=&#8221;trekking-mobile&#8221; force_fullwidth=&#8221;on&#8221; _builder_version=&#8221;4.14.8&#8243; _module_preset=&#8221;default&#8221; hover_enabled=&#8221;0&#8243; saved_tabs=&#8221;all&#8221; global_colors_info=&#8221;{}&#8221; src_last_edited=&#8221;on|phone&#8221; sticky_enabled=&#8221;0&#8243; src_phone=&#8221;https:\/\/www.villaggioorizzonte.it\/wp-content\/uploads\/2022\/03\/trekking-mobile.jpg&#8221; src_tablet=&#8221;https:\/\/www.villaggioorizzonte.it\/wp-content\/uploads\/2019\/11\/vacanza-trekking-toscana.jpg&#8221;][\/et_pb_image][\/et_pb_column][\/et_pb_row][et_pb_row column_structure=&#8221;2_5,3_5&#8243; use_custom_gutter=&#8221;on&#8221; gutter_width=&#8221;1&#8243; make_equal=&#8221;on&#8221; admin_label=&#8221;Titolo&#8221; _builder_version=&#8221;4.14.7&#8243; _module_preset=&#8221;default&#8221; background_color=&#8221;RGBA(255,255,255,0)&#8221; width=&#8221;100%&#8221; max_width=&#8221;100%&#8221; module_alignment=&#8221;left&#8221; custom_margin=&#8221;-163px||||false|false&#8221; custom_margin_tablet=&#8221;-163px||||false|false&#8221; custom_margin_phone=&#8221;-124px||||false|false&#8221; custom_margin_last_edited=&#8221;on|phone&#8221; custom_padding=&#8221;||||true|false&#8221; collapsed=&#8221;on&#8221; global_colors_info=&#8221;{}&#8221;][et_pb_column type=&#8221;2_5&#8243; disabled_on=&#8221;off|off|off&#8221; _builder_version=&#8221;4.14.7&#8243; _module_preset=&#8221;default&#8221; global_colors_info=&#8221;{}&#8221; custom_css_main_element_last_edited=&#8221;on|phone&#8221; custom_css_main_element_phone=&#8221;width:30px!important;||display:block!important;&#8221;][\/et_pb_column][et_pb_column type=&#8221;3_5&#8243; _builder_version=&#8221;4.14.7&#8243; _module_preset=&#8221;default&#8221; background_color=&#8221;#FFFFFF&#8221; custom_padding=&#8221;25px||25px|30px|true|false&#8221; custom_padding_tablet=&#8221;25px||25px|30px|true|false&#8221; custom_padding_phone=&#8221;|20px|5px|20px|false|false&#8221; custom_padding_last_edited=&#8221;on|phone&#8221; global_colors_info=&#8221;{}&#8221; custom_css_main_element_last_edited=&#8221;on|phone&#8221; custom_css_main_element_phone=&#8221;width: calc(100% &#8211; 30px)!important;&#8221;][et_pb_text admin_label=&#8221;Testo&#8221; _builder_version=&#8221;4.14.8&#8243; _module_preset=&#8221;default&#8221; background_color=&#8221;RGBA(255,255,255,0)&#8221; saved_tabs=&#8221;all&#8221; global_colors_info=&#8221;{}&#8221;]<\/p>\n<h2 class=\"h1app\">EXCURSIES EN TREKKING<\/h2>\n<p>[\/et_pb_text][\/et_pb_column][\/et_pb_row][\/et_pb_section][et_pb_section fb_built=&#8221;1&#8243; custom_padding_last_edited=&#8221;on|phone&#8221; admin_label=&#8221;Intro&#8221; _builder_version=&#8221;4.14.7&#8243; _module_preset=&#8221;default&#8221; custom_padding_tablet=&#8221;&#8221; custom_padding_phone=&#8221;0px||0px||false|false&#8221; collapsed=&#8221;on&#8221; global_colors_info=&#8221;{}&#8221; da_is_popup=&#8221;off&#8221; da_exit_intent=&#8221;off&#8221; da_has_close=&#8221;on&#8221; da_alt_close=&#8221;off&#8221; da_dark_close=&#8221;off&#8221; da_not_modal=&#8221;on&#8221; da_is_singular=&#8221;off&#8221; da_with_loader=&#8221;off&#8221; da_has_shadow=&#8221;on&#8221; da_disable_devices=&#8221;off|off|off&#8221;][et_pb_row _builder_version=&#8221;4.14.7&#8243; _module_preset=&#8221;default&#8221; collapsed=&#8221;on&#8221; global_colors_info=&#8221;{}&#8221;][et_pb_column type=&#8221;4_4&#8243; disabled_on=&#8221;on|off|off&#8221; _builder_version=&#8221;4.14.7&#8243; _module_preset=&#8221;default&#8221; background_enable_color=&#8221;off&#8221; custom_padding=&#8221;||||true|false&#8221; global_colors_info=&#8221;{}&#8221;][et_pb_text _builder_version=&#8221;4.14.8&#8243; _module_preset=&#8221;default&#8221; global_colors_info=&#8221;{}&#8221;]Ons vakantiepark geeft haar gasten de mogelijkheid om deel te nemen aan mooie excursies die u kennis laten maken met een prachtig gebied.[\/et_pb_text][\/et_pb_column][\/et_pb_row][\/et_pb_section][et_pb_section fb_built=&#8221;1&#8243; admin_label=&#8221;Contenuto&#8221; _builder_version=&#8221;4.14.7&#8243; _module_preset=&#8221;default&#8221; collapsed=&#8221;on&#8221; global_colors_info=&#8221;{}&#8221; da_is_popup=&#8221;off&#8221; da_exit_intent=&#8221;off&#8221; da_has_close=&#8221;on&#8221; da_alt_close=&#8221;off&#8221; da_dark_close=&#8221;off&#8221; da_not_modal=&#8221;on&#8221; da_is_singular=&#8221;off&#8221; da_with_loader=&#8221;off&#8221; da_has_shadow=&#8221;on&#8221; da_disable_devices=&#8221;off|off|off&#8221;][et_pb_row column_structure=&#8221;1_2,1_2&#8243; admin_label=&#8221;Blocco&#8221; _builder_version=&#8221;4.14.7&#8243; _module_preset=&#8221;default&#8221; collapsed=&#8221;on&#8221; global_colors_info=&#8221;{}&#8221;][et_pb_column type=&#8221;1_2&#8243; _builder_version=&#8221;4.14.7&#8243; _module_preset=&#8221;default&#8221; global_colors_info=&#8221;{}&#8221;][et_pb_text _builder_version=&#8221;4.14.8&#8243; _module_preset=&#8221;default&#8221; global_colors_info=&#8221;{}&#8221;]<\/p>\n<h3 class=\"h3\">DIEREN BIJ ZONSONDERGANG \u2013 DE <\/p>\n<p>WWF OASE \u201cORTI BOTTAGONE\u201d<\/h3>\n<p>Bezoek de WWF Oase Orti Bottgone onder begeleiding van natuurgidsen op het meest magische tijdstip van de dag. Een groot moerasgebied dat, naast prachtige roze flamingo\u2019s, een ongelofelijke verscheidenheid aan watervogels herbergt. Dit op slechts 2 km van het vakantiepark. Het gebruik van een verrekijker wordt aanbevolen<\/p>\n<p><strong>Elke week op dinsdag, donderdag en zondag<br \/>\n17.00 uur<\/strong> \u2013 Ingang Oasi, Via Geodetica (langs dezelfde straat als het vakantiepark)<br \/>\nKosten: volwassenen \u20ac 10,00 kortingen voor tieners en kinderen.<\/p>\n<p>[\/et_pb_text][\/et_pb_column][et_pb_column type=&#8221;1_2&#8243; _builder_version=&#8221;4.14.7&#8243; _module_preset=&#8221;default&#8221; global_colors_info=&#8221;{}&#8221;][et_pb_image src=&#8221;https:\/\/www.villaggioorizzonte.it\/wp-content\/uploads\/2021\/05\/oasi-orti-bottagone.jpg&#8221; title_text=&#8221;oasi-orti-bottagone&#8221; _builder_version=&#8221;4.14.8&#8243; _module_preset=&#8221;default&#8221; global_colors_info=&#8221;{}&#8221;][\/et_pb_image][\/et_pb_column][\/et_pb_row][et_pb_row column_structure=&#8221;1_2,1_2&#8243; admin_label=&#8221;Blocco&#8221; _builder_version=&#8221;4.14.7&#8243; _module_preset=&#8221;default&#8221; collapsed=&#8221;on&#8221; global_colors_info=&#8221;{}&#8221;][et_pb_column type=&#8221;1_2&#8243; _builder_version=&#8221;4.14.7&#8243; _module_preset=&#8221;default&#8221; global_colors_info=&#8221;{}&#8221;][et_pb_image src=&#8221;https:\/\/www.villaggioorizzonte.it\/wp-content\/uploads\/2019\/10\/borgo-piombino.jpg&#8221; alt=&#8221;Piombino borgo toscano&#8221; title_text=&#8221;Piombino borgo toscano&#8221; admin_label=&#8221;Immagine&#8221; _builder_version=&#8221;4.14.8&#8243; _module_preset=&#8221;default&#8221; global_colors_info=&#8221;{}&#8221;][\/et_pb_image][\/et_pb_column][et_pb_column type=&#8221;1_2&#8243; _builder_version=&#8221;4.14.7&#8243; _module_preset=&#8221;default&#8221; global_colors_info=&#8221;{}&#8221;][et_pb_text _builder_version=&#8221;4.14.8&#8243; _module_preset=&#8221;default&#8221; global_colors_info=&#8221;{}&#8221;]<\/p>\n<h3 class=\"h3\">DE OUDE DORPEN<\/h3>\n<p>Rondleiding door het prachtige historische centrum van Piombino (13 km van het park) en het beroemde middeleeuwse dorp Suvereto (18 km van het park). Laat u zich onderdompelen in de magische sfeer van de pleinen en steegjes van weleer of bewonder de Toscaanse Archipel vanaf \u00e9\u00e9n van de mooiste pleinen van Itali\u00eb: Piazza Giovanni Bovio in Piombino, een uniek terras uitzicht op de Tyrreense zee.<br \/>\nDe verschillende trattoria\u2019s en typische restaurants geven u de mogelijk om daar iets te eten.<\/p>\n<p><strong>Woensdag, 18.00 uur \u2013 Suveret<\/strong>o \u2013 duur 2 uur<br \/>\n<strong>Donderdag, 18.00 uur \u2013 Piombino<\/strong> \u2013 duur 2 uur<br \/>\nVoor reserveringen en trefpunt: Eleonora +39 3290238018.<br \/>\n<strong>Gratis bezoek<\/strong><\/p>\n<p>[\/et_pb_text][\/et_pb_column][\/et_pb_row][et_pb_row column_structure=&#8221;1_2,1_2&#8243; admin_label=&#8221;Blocco&#8221; _builder_version=&#8221;4.14.7&#8243; _module_preset=&#8221;default&#8221; collapsed=&#8221;on&#8221; global_colors_info=&#8221;{}&#8221;][et_pb_column type=&#8221;1_2&#8243; _builder_version=&#8221;4.14.7&#8243; _module_preset=&#8221;default&#8221; global_colors_info=&#8221;{}&#8221;][et_pb_text _builder_version=&#8221;4.14.8&#8243; _module_preset=&#8221;default&#8221; global_colors_info=&#8221;{}&#8221;]<\/p>\n<h3 class=\"h3\">BOLGHERI \u2013 NACHTWANDELING IN HET WWF PARK VAN BOLGHERI<\/h3>\n<p>Vanaf het einde van de middag tot \u2018s avonds laat treedt u, onder begeleiding van professionele gidsen, binnen in de magie van het grootste natuurgebied van de Tyrreense kust. Watervogels van alle soorten, ree\u00ebn, damherten en nachtelijke roofvogels. Een ervaring die u en uw kinderen niet zullen vergeten!<br \/>\nU moet zelf een diner-paket meenemen. Neem een verrekijker mee als u die heeft<\/p>\n<p><strong>Elke zaterdag in juni, juli en augustus.<\/strong><\/p>\n<p>Kosten \u20ac 14,00 per persoon<\/p>\n<p><strong>Van 18.00 uur tot 23.00 uur<\/strong>[\/et_pb_text][\/et_pb_column][et_pb_column type=&#8221;1_2&#8243; _builder_version=&#8221;4.14.7&#8243; _module_preset=&#8221;default&#8221; global_colors_info=&#8221;{}&#8221;][et_pb_image src=&#8221;https:\/\/www.villaggioorizzonte.it\/wp-content\/uploads\/2019\/10\/bolgheri-borgo-840&#215;814.jpg&#8221; alt=&#8221;Borgo Bolgheri&#8221; title_text=&#8221;Borgo Bolgheri&#8221; _builder_version=&#8221;4.14.8&#8243; _module_preset=&#8221;default&#8221; global_colors_info=&#8221;{}&#8221;][\/et_pb_image][\/et_pb_column][\/et_pb_row][\/et_pb_section][et_pb_section fb_built=&#8221;1&#8243; admin_label=&#8221;Contenuto&#8221; _builder_version=&#8221;4.14.7&#8243; _module_preset=&#8221;default&#8221; collapsed=&#8221;off&#8221; global_colors_info=&#8221;{}&#8221; da_is_popup=&#8221;off&#8221; da_exit_intent=&#8221;off&#8221; da_has_close=&#8221;on&#8221; da_alt_close=&#8221;off&#8221; da_dark_close=&#8221;off&#8221; da_not_modal=&#8221;on&#8221; da_is_singular=&#8221;off&#8221; da_with_loader=&#8221;off&#8221; da_has_shadow=&#8221;on&#8221; da_disable_devices=&#8221;off|off|off&#8221;][et_pb_row column_structure=&#8221;1_3,1_3,1_3&#8243; _builder_version=&#8221;4.14.8&#8243; _module_preset=&#8221;default&#8221; collapsed=&#8221;on&#8221; global_colors_info=&#8221;{}&#8221;][et_pb_column type=&#8221;1_3&#8243; _builder_version=&#8221;4.14.8&#8243; _module_preset=&#8221;default&#8221; global_colors_info=&#8221;{}&#8221;][et_pb_text _builder_version=&#8221;4.14.8&#8243; _module_preset=&#8221;default&#8221; global_colors_info=&#8221;{}&#8221;]<\/p>\n<h3 class=\"h2\">ESCURSIES OP VERZOEK<\/h3>\n<p>Voor kleine familie- of vriendengroepen kunt u bij ons Info Point terecht voor het organiseren van excursies.<br \/>Kosten 70,00 \u20ac per familie of per kleine groep.<\/p>\n<p> Bestemmingen:<\/p>\n<p><strong>De WWF oase \u201cOrti Bottagone\u201d &#8211;<\/strong> Een belangrijk typisch Maremma moerasgebied rustplek voor roze flamingo\u2019s en een groot aantal soorten watervogels. (op 2 km van het park).<\/p>\n<p>[\/et_pb_text][\/et_pb_column][et_pb_column type=&#8221;1_3&#8243; _builder_version=&#8221;4.14.8&#8243; _module_preset=&#8221;default&#8221; global_colors_info=&#8221;{}&#8221;][et_pb_text _builder_version=&#8221;4.14.8&#8243; _module_preset=&#8221;default&#8221; global_colors_info=&#8221;{}&#8221;]<\/p>\n<p><strong>Geothermisch natuurpark Biancane &#8211; <\/strong> Monterotondo. De witte dampen die uit de grond komen, de kokende modder en de witte vlekken die de grond markeren geven dit vulkanische landschap dat zich in het hart van het geothermische gebied \u201cColline Metallifere\u201d een indrukwekkende \u201chelse\u201d uitstraling. (op 40 km van het park)<\/p>\n<p><strong>Parco di Punta Falcone &#8211; <\/strong> Piombino. Op het hoogste punt van de Promontorio, tussen bloeiende rotsen, mediterraan struikgewas en oude kazematten met uitzicht op zee, met als achtergrond de eilanden Elba, Capraia en Corsica. (op 14 km van het park).<\/p>\n<p>[\/et_pb_text][\/et_pb_column][et_pb_column type=&#8221;1_3&#8243; _builder_version=&#8221;4.14.8&#8243; _module_preset=&#8221;default&#8221; global_colors_info=&#8221;{}&#8221;][et_pb_text _builder_version=&#8221;4.14.8&#8243; _module_preset=&#8221;default&#8221; global_colors_info=&#8221;{}&#8221;]<\/p>\n<p><strong>Parco di Montioni &#8211;<\/strong> Op het spoor van de wolf. Een emotionele wandeling in het bos van het naturalistische park van Montioni, op ontdekking naar het leefgebied van de wolf , die sinds enkele jaren weer in het park leeft. (op 22 km van het park).<\/p>\n<p><strong>Buca delle Fate en Cala di San Quirico &#8211; <\/strong>Twee betoverende plekken dat op \u00e9\u00e9n van de meest suggestieve plekken van Promontorio di Piombino. Een duik in het kristalheldere water vanaf de rotsen aan het einde van een wandeling in het antieke grondgebied van het oude Etruskische Populonia. (op 16 km van het park).<\/p>\n<p>[\/et_pb_text][\/et_pb_column][\/et_pb_row][\/et_pb_section]<\/p>\n","protected":false},"excerpt":{"rendered":"<p>EXCURSIES EN TREKKINGOns vakantiepark geeft haar gasten de mogelijkheid om deel te nemen aan mooie excursies die u kennis laten maken met een prachtig gebied.DIEREN BIJ ZONSONDERGANG \u2013 DE WWF OASE \u201cORTI BOTTAGONE\u201d Bezoek de WWF Oase Orti Bottgone onder begeleiding van natuurgidsen op het meest magische tijdstip van de dag. Een groot moerasgebied dat, [&hellip;]<\/p>\n","protected":false},"author":7,"featured_media":0,"parent":0,"menu_order":16,"comment_status":"closed","ping_status":"closed","template":"","meta":{"_et_pb_use_builder":"on","_et_pb_old_content":"","_et_gb_content_width":"","ngg_post_thumbnail":0,"footnotes":""},"class_list":["post-15327","page","type-page","status-publish","hentry"],"yoast_head":"<!-- This site is optimized with the Yoast SEO plugin v25.8 - https:\/\/yoast.com\/wordpress\/plugins\/seo\/ -->\n<title>Excursies en trekking aan de Toscaanse kust - Villaggio Orizzonte<\/title>\n<meta name=\"description\" content=\"Bij Orizzonte Village hebben we prachtige excursies aan onze kust en in de omliggende dorpen voor u in petto.\" \/>\n<meta name=\"robots\" content=\"index, follow, max-snippet:-1, max-image-preview:large, max-video-preview:-1\" \/>\n<link rel=\"canonical\" href=\"https:\/\/www.villaggioorizzonte.it\/nl\/escursioni-trekking-costa-toscana.html\" \/>\n<meta property=\"og:locale\" content=\"nl_NL\" \/>\n<meta property=\"og:type\" content=\"article\" \/>\n<meta property=\"og:title\" content=\"Excursies en trekking aan de Toscaanse kust - Villaggio Orizzonte\" \/>\n<meta property=\"og:description\" content=\"Bij Orizzonte Village hebben we prachtige excursies aan onze kust en in de omliggende dorpen voor u in petto.\" \/>\n<meta property=\"og:url\" content=\"https:\/\/www.villaggioorizzonte.it\/nl\/escursioni-trekking-costa-toscana.html\" \/>\n<meta property=\"og:site_name\" content=\"Villaggio Orizzonte\" \/>\n<meta property=\"article:modified_time\" content=\"2022-04-05T13:05:51+00:00\" \/>\n<meta name=\"twitter:card\" content=\"summary_large_image\" \/>\n<script type=\"application\/ld+json\" class=\"yoast-schema-graph\">{\"@context\":\"https:\/\/schema.org\",\"@graph\":[{\"@type\":\"WebPage\",\"@id\":\"https:\/\/www.villaggioorizzonte.it\/nl\/escursioni-trekking-costa-toscana.html\",\"url\":\"https:\/\/www.villaggioorizzonte.it\/nl\/escursioni-trekking-costa-toscana.html\",\"name\":\"Excursies en trekking aan de Toscaanse kust - Villaggio Orizzonte\",\"isPartOf\":{\"@id\":\"https:\/\/www.villaggioorizzonte.it\/nl\/#website\"},\"datePublished\":\"2021-05-28T14:52:30+00:00\",\"dateModified\":\"2022-04-05T13:05:51+00:00\",\"description\":\"Bij Orizzonte Village hebben we prachtige excursies aan onze kust en in de omliggende dorpen voor u in petto.\",\"breadcrumb\":{\"@id\":\"https:\/\/www.villaggioorizzonte.it\/nl\/escursioni-trekking-costa-toscana.html#breadcrumb\"},\"inLanguage\":\"nl-NL\",\"potentialAction\":[{\"@type\":\"ReadAction\",\"target\":[\"https:\/\/www.villaggioorizzonte.it\/nl\/escursioni-trekking-costa-toscana.html\"]}]},{\"@type\":\"BreadcrumbList\",\"@id\":\"https:\/\/www.villaggioorizzonte.it\/nl\/escursioni-trekking-costa-toscana.html#breadcrumb\",\"itemListElement\":[{\"@type\":\"ListItem\",\"position\":1,\"name\":\"Home\",\"item\":\"https:\/\/www.villaggioorizzonte.it\/nl\/\"},{\"@type\":\"ListItem\",\"position\":2,\"name\":\"Escursioni e Trekking\"}]},{\"@type\":\"WebSite\",\"@id\":\"https:\/\/www.villaggioorizzonte.it\/nl\/#website\",\"url\":\"https:\/\/www.villaggioorizzonte.it\/nl\/\",\"name\":\"Villaggio Orizzonte\",\"description\":\"Villaggio Turistico\",\"potentialAction\":[{\"@type\":\"SearchAction\",\"target\":{\"@type\":\"EntryPoint\",\"urlTemplate\":\"https:\/\/www.villaggioorizzonte.it\/nl\/?s={search_term_string}\"},\"query-input\":{\"@type\":\"PropertyValueSpecification\",\"valueRequired\":true,\"valueName\":\"search_term_string\"}}],\"inLanguage\":\"nl-NL\"}]}<\/script>\n<!-- \/ Yoast SEO plugin. -->","yoast_head_json":{"title":"Excursies en trekking aan de Toscaanse kust - Villaggio Orizzonte","description":"Bij Orizzonte Village hebben we prachtige excursies aan onze kust en in de omliggende dorpen voor u in petto.","robots":{"index":"index","follow":"follow","max-snippet":"max-snippet:-1","max-image-preview":"max-image-preview:large","max-video-preview":"max-video-preview:-1"},"canonical":"https:\/\/www.villaggioorizzonte.it\/nl\/escursioni-trekking-costa-toscana.html","og_locale":"nl_NL","og_type":"article","og_title":"Excursies en trekking aan de Toscaanse kust - Villaggio Orizzonte","og_description":"Bij Orizzonte Village hebben we prachtige excursies aan onze kust en in de omliggende dorpen voor u in petto.","og_url":"https:\/\/www.villaggioorizzonte.it\/nl\/escursioni-trekking-costa-toscana.html","og_site_name":"Villaggio Orizzonte","article_modified_time":"2022-04-05T13:05:51+00:00","twitter_card":"summary_large_image","schema":{"@context":"https:\/\/schema.org","@graph":[{"@type":"WebPage","@id":"https:\/\/www.villaggioorizzonte.it\/nl\/escursioni-trekking-costa-toscana.html","url":"https:\/\/www.villaggioorizzonte.it\/nl\/escursioni-trekking-costa-toscana.html","name":"Excursies en trekking aan de Toscaanse kust - Villaggio Orizzonte","isPartOf":{"@id":"https:\/\/www.villaggioorizzonte.it\/nl\/#website"},"datePublished":"2021-05-28T14:52:30+00:00","dateModified":"2022-04-05T13:05:51+00:00","description":"Bij Orizzonte Village hebben we prachtige excursies aan onze kust en in de omliggende dorpen voor u in petto.","breadcrumb":{"@id":"https:\/\/www.villaggioorizzonte.it\/nl\/escursioni-trekking-costa-toscana.html#breadcrumb"},"inLanguage":"nl-NL","potentialAction":[{"@type":"ReadAction","target":["https:\/\/www.villaggioorizzonte.it\/nl\/escursioni-trekking-costa-toscana.html"]}]},{"@type":"BreadcrumbList","@id":"https:\/\/www.villaggioorizzonte.it\/nl\/escursioni-trekking-costa-toscana.html#breadcrumb","itemListElement":[{"@type":"ListItem","position":1,"name":"Home","item":"https:\/\/www.villaggioorizzonte.it\/nl\/"},{"@type":"ListItem","position":2,"name":"Escursioni e Trekking"}]},{"@type":"WebSite","@id":"https:\/\/www.villaggioorizzonte.it\/nl\/#website","url":"https:\/\/www.villaggioorizzonte.it\/nl\/","name":"Villaggio Orizzonte","description":"Villaggio Turistico","potentialAction":[{"@type":"SearchAction","target":{"@type":"EntryPoint","urlTemplate":"https:\/\/www.villaggioorizzonte.it\/nl\/?s={search_term_string}"},"query-input":{"@type":"PropertyValueSpecification","valueRequired":true,"valueName":"search_term_string"}}],"inLanguage":"nl-NL"}]}},"_links":{"self":[{"href":"https:\/\/www.villaggioorizzonte.it\/nl\/wp-json\/wp\/v2\/pages\/15327","targetHints":{"allow":["GET"]}}],"collection":[{"href":"https:\/\/www.villaggioorizzonte.it\/nl\/wp-json\/wp\/v2\/pages"}],"about":[{"href":"https:\/\/www.villaggioorizzonte.it\/nl\/wp-json\/wp\/v2\/types\/page"}],"author":[{"embeddable":true,"href":"https:\/\/www.villaggioorizzonte.it\/nl\/wp-json\/wp\/v2\/users\/7"}],"replies":[{"embeddable":true,"href":"https:\/\/www.villaggioorizzonte.it\/nl\/wp-json\/wp\/v2\/comments?post=15327"}],"version-history":[{"count":0,"href":"https:\/\/www.villaggioorizzonte.it\/nl\/wp-json\/wp\/v2\/pages\/15327\/revisions"}],"wp:attachment":[{"href":"https:\/\/www.villaggioorizzonte.it\/nl\/wp-json\/wp\/v2\/media?parent=15327"}],"curies":[{"name":"wp","href":"https:\/\/api.w.org\/{rel}","templated":true}]}}