{"id":8569,"date":"2020-02-13T17:59:24","date_gmt":"2020-02-13T16:59:24","guid":{"rendered":"https:\/\/b6.aerostatonet.it\/?page_id=8569"},"modified":"2025-03-19T11:45:00","modified_gmt":"2025-03-19T10:45:00","slug":"autocar","status":"publish","type":"page","link":"https:\/\/www.villaggioorizzonte.it\/fr\/autocar.html","title":{"rendered":"Autocar"},"content":{"rendered":"<p>[et_pb_section fb_built=\u00a0\u00bb1&Prime; admin_label=\u00a0\u00bbTestata\u00a0\u00bb _builder_version=\u00a0\u00bb4.16&Prime; _module_preset=\u00a0\u00bbdefault\u00a0\u00bb custom_margin=\u00a0\u00bb0px|0px|0px||false|false\u00a0\u00bb custom_padding=\u00a0\u00bb0px|0px|0px|0px|false|false\u00a0\u00bb da_disable_devices=\u00a0\u00bboff|off|off\u00a0\u00bb saved_tabs=\u00a0\u00bball\u00a0\u00bb locked=\u00a0\u00bboff\u00a0\u00bb collapsed=\u00a0\u00bbon\u00a0\u00bb global_colors_info=\u00a0\u00bb{}\u00a0\u00bb da_is_popup=\u00a0\u00bboff\u00a0\u00bb da_exit_intent=\u00a0\u00bboff\u00a0\u00bb da_has_close=\u00a0\u00bbon\u00a0\u00bb da_alt_close=\u00a0\u00bboff\u00a0\u00bb da_dark_close=\u00a0\u00bboff\u00a0\u00bb da_not_modal=\u00a0\u00bbon\u00a0\u00bb da_is_singular=\u00a0\u00bboff\u00a0\u00bb da_with_loader=\u00a0\u00bboff\u00a0\u00bb da_has_shadow=\u00a0\u00bbon\u00a0\u00bb][et_pb_row use_custom_gutter=\u00a0\u00bbon\u00a0\u00bb gutter_width=\u00a0\u00bb1&Prime; admin_label=\u00a0\u00bbSfondo immagine\u00a0\u00bb module_class=\u00a0\u00bbtestata\u00a0\u00bb _builder_version=\u00a0\u00bb4.16&Prime; _module_preset=\u00a0\u00bbdefault\u00a0\u00bb background_color=\u00a0\u00bbRGBA(255,255,255,0)\u00a0\u00bb background_enable_image=\u00a0\u00bboff\u00a0\u00bb width=\u00a0\u00bb100%\u00a0\u00bb max_width=\u00a0\u00bb100%\u00a0\u00bb module_alignment=\u00a0\u00bbcenter\u00a0\u00bb height=\u00a0\u00bb88vh\u00a0\u00bb overflow-x=\u00a0\u00bbhidden\u00a0\u00bb overflow-y=\u00a0\u00bbhidden\u00a0\u00bb locked=\u00a0\u00bboff\u00a0\u00bb collapsed=\u00a0\u00bbon\u00a0\u00bb global_colors_info=\u00a0\u00bb{}\u00a0\u00bb custom_css_main_element_last_edited=\u00a0\u00bbon|phone\u00a0\u00bb custom_css_main_element_phone=\u00a0\u00bbmax-height: 550px!important;\u00a0\u00bb][et_pb_column type=\u00a0\u00bb4_4&Prime; _builder_version=\u00a0\u00bb4.16&Prime; _module_preset=\u00a0\u00bbdefault\u00a0\u00bb global_colors_info=\u00a0\u00bb{}\u00a0\u00bb][et_pb_image src=\u00a0\u00bbhttps:\/\/www.villaggioorizzonte.it\/wp-content\/uploads\/2019\/12\/accoglienza-gite-in-pullman.jpeg\u00a0\u00bb alt=\u00a0\u00bbAccoglienza gite in pullman\u00a0\u00bb title_text=\u00a0\u00bbAccoglienza gite in pullman\u00a0\u00bb force_fullwidth=\u00a0\u00bbon\u00a0\u00bb _builder_version=\u00a0\u00bb4.16&Prime; _module_preset=\u00a0\u00bbdefault\u00a0\u00bb saved_tabs=\u00a0\u00bball\u00a0\u00bb global_colors_info=\u00a0\u00bb{}\u00a0\u00bb][\/et_pb_image][\/et_pb_column][\/et_pb_row][et_pb_row column_structure=\u00a0\u00bb2_5,3_5&Prime; use_custom_gutter=\u00a0\u00bbon\u00a0\u00bb gutter_width=\u00a0\u00bb1&Prime; make_equal=\u00a0\u00bbon\u00a0\u00bb admin_label=\u00a0\u00bbTitolo\u00a0\u00bb _builder_version=\u00a0\u00bb4.16&Prime; _module_preset=\u00a0\u00bbdefault\u00a0\u00bb background_color=\u00a0\u00bbRGBA(255,255,255,0)\u00a0\u00bb width=\u00a0\u00bb100%\u00a0\u00bb max_width=\u00a0\u00bb100%\u00a0\u00bb module_alignment=\u00a0\u00bbleft\u00a0\u00bb custom_margin=\u00a0\u00bb-163px||||false|false\u00a0\u00bb custom_margin_tablet=\u00a0\u00bb-163px||||false|false\u00a0\u00bb custom_margin_phone=\u00a0\u00bb-124px||||false|false\u00a0\u00bb custom_margin_last_edited=\u00a0\u00bbon|phone\u00a0\u00bb custom_padding=\u00a0\u00bb||||true|false\u00a0\u00bb collapsed=\u00a0\u00bbon\u00a0\u00bb global_colors_info=\u00a0\u00bb{}\u00a0\u00bb][et_pb_column type=\u00a0\u00bb2_5&Prime; disabled_on=\u00a0\u00bboff|off|off\u00a0\u00bb _builder_version=\u00a0\u00bb4.16&Prime; _module_preset=\u00a0\u00bbdefault\u00a0\u00bb global_colors_info=\u00a0\u00bb{}\u00a0\u00bb custom_css_main_element_last_edited=\u00a0\u00bbon|phone\u00a0\u00bb custom_css_main_element_phone=\u00a0\u00bbwidth:30px!important;||display:block!important;\u00a0\u00bb][\/et_pb_column][et_pb_column type=\u00a0\u00bb3_5&Prime; _builder_version=\u00a0\u00bb4.16&Prime; _module_preset=\u00a0\u00bbdefault\u00a0\u00bb background_color=\u00a0\u00bb#FFFFFF\u00a0\u00bb custom_padding=\u00a0\u00bb25px||25px|30px|true|false\u00a0\u00bb custom_padding_tablet=\u00a0\u00bb25px||25px|30px|true|false\u00a0\u00bb custom_padding_phone=\u00a0\u00bb||5px|20px|false|false\u00a0\u00bb custom_padding_last_edited=\u00a0\u00bbon|phone\u00a0\u00bb global_colors_info=\u00a0\u00bb{}\u00a0\u00bb custom_css_main_element_last_edited=\u00a0\u00bbon|phone\u00a0\u00bb custom_css_main_element_phone=\u00a0\u00bbwidth: calc(100% &#8211; 30px)!important;\u00a0\u00bb][et_pb_text admin_label=\u00a0\u00bbTesto\u00a0\u00bb _builder_version=\u00a0\u00bb4.16&Prime; _module_preset=\u00a0\u00bbdefault\u00a0\u00bb background_color=\u00a0\u00bbRGBA(255,255,255,0)\u00a0\u00bb saved_tabs=\u00a0\u00bball\u00a0\u00bb global_colors_info=\u00a0\u00bb{}\u00a0\u00bb]<\/p>\n<h2 class=\"h1app\">L\u2019accueil des groupes en autocar<\/h2>\n<p>[\/et_pb_text][\/et_pb_column][\/et_pb_row][\/et_pb_section][et_pb_section fb_built=\u00a0\u00bb1&Prime; admin_label=\u00a0\u00bbIntro\u00a0\u00bb _builder_version=\u00a0\u00bb4.16&Prime; _module_preset=\u00a0\u00bbdefault\u00a0\u00bb da_disable_devices=\u00a0\u00bboff|off|off\u00a0\u00bb collapsed=\u00a0\u00bbon\u00a0\u00bb global_colors_info=\u00a0\u00bb{}\u00a0\u00bb da_is_popup=\u00a0\u00bboff\u00a0\u00bb da_exit_intent=\u00a0\u00bboff\u00a0\u00bb da_has_close=\u00a0\u00bbon\u00a0\u00bb da_alt_close=\u00a0\u00bboff\u00a0\u00bb da_dark_close=\u00a0\u00bboff\u00a0\u00bb da_not_modal=\u00a0\u00bbon\u00a0\u00bb da_is_singular=\u00a0\u00bboff\u00a0\u00bb da_with_loader=\u00a0\u00bboff\u00a0\u00bb da_has_shadow=\u00a0\u00bbon\u00a0\u00bb][et_pb_row _builder_version=\u00a0\u00bb4.16&Prime; _module_preset=\u00a0\u00bbdefault\u00a0\u00bb collapsed=\u00a0\u00bbon\u00a0\u00bb global_colors_info=\u00a0\u00bb{}\u00a0\u00bb][et_pb_column type=\u00a0\u00bb4_4&Prime; _builder_version=\u00a0\u00bb4.16&Prime; _module_preset=\u00a0\u00bbdefault\u00a0\u00bb background_enable_color=\u00a0\u00bboff\u00a0\u00bb custom_padding=\u00a0\u00bb||||true|false\u00a0\u00bb global_colors_info=\u00a0\u00bb{}\u00a0\u00bb][et_pb_text _builder_version=\u00a0\u00bb4.16&Prime; _module_preset=\u00a0\u00bbdefault\u00a0\u00bb global_colors_info=\u00a0\u00bb{}\u00a0\u00bb]<\/p>\n<p>Gr\u00e2ce \u00e0 la grande vari\u00e9t\u00e9 d\u2019attractions naturalistes et culturelles, la C\u00f4te des \u00e9trusques s\u2019av\u00e8re \u00eatre la destination id\u00e9ale pour accueillir les voyages en autocar en Toscane. Ce territoire riche abrite de nombreux sites d\u2019une grande importance arch\u00e9ologique, historique et culturelle, tous \u00e0 d\u00e9couvrir.<\/p>\n<p>Le Village Orizzonte situ\u00e9 entre Piombino et Follonica, sur la c\u00f4te toscane, est l\u2019un des \u00e9tablissements d\u2019h\u00e9bergement les mieux adapt\u00e9s pour accueillir des visites en bus en Toscane, gr\u00e2ce aux types d\u2019h\u00e9bergement et \u00e0 ses restaurants, id\u00e9al pour les s\u00e9jours de groupe. Le village est situ\u00e9 dans une position optimale pour commencer l\u2019exploration des merveilles le long de la c\u00f4te \u00e9trusque.<\/p>\n<p>L\u2019un des endroits \u00e0 visiter est sans doute le golfe de Baratti, un environnement caract\u00e9ris\u00e9 par la longue plage de sable, l\u2019 eau transparente et les tombeaux de tumulus  de l\u2019\u00e9poque \u00e9trusque. Le sable a une couleur dor\u00e9e et ambr\u00e9e, en raison des restes de fer provenant  des anciennes activit\u00e9s de fusion de m\u00e9taux de l\u2019ancienne civilisation \u00e9trusque. Un luxuriant maquis m\u00e9diterran\u00e9en entoure la plage, avec des pins maritimes et domestiques qui forment une extraordinaire pin\u00e8de.<\/p>\n<p>[\/et_pb_text][\/et_pb_column][\/et_pb_row][\/et_pb_section][et_pb_section fb_built=\u00a0\u00bb1&Prime; admin_label=\u00a0\u00bbContenuto\u00a0\u00bb _builder_version=\u00a0\u00bb4.16&Prime; _module_preset=\u00a0\u00bbdefault\u00a0\u00bb da_disable_devices=\u00a0\u00bboff|off|off\u00a0\u00bb collapsed=\u00a0\u00bboff\u00a0\u00bb global_colors_info=\u00a0\u00bb{}\u00a0\u00bb da_is_popup=\u00a0\u00bboff\u00a0\u00bb da_exit_intent=\u00a0\u00bboff\u00a0\u00bb da_has_close=\u00a0\u00bbon\u00a0\u00bb da_alt_close=\u00a0\u00bboff\u00a0\u00bb da_dark_close=\u00a0\u00bboff\u00a0\u00bb da_not_modal=\u00a0\u00bbon\u00a0\u00bb da_is_singular=\u00a0\u00bboff\u00a0\u00bb da_with_loader=\u00a0\u00bboff\u00a0\u00bb da_has_shadow=\u00a0\u00bbon\u00a0\u00bb][et_pb_row _builder_version=\u00a0\u00bb4.16&Prime; _module_preset=\u00a0\u00bbdefault\u00a0\u00bb collapsed=\u00a0\u00bbon\u00a0\u00bb global_colors_info=\u00a0\u00bb{}\u00a0\u00bb][et_pb_column type=\u00a0\u00bb4_4&Prime; _builder_version=\u00a0\u00bb4.16&Prime; _module_preset=\u00a0\u00bbdefault\u00a0\u00bb global_colors_info=\u00a0\u00bb{}\u00a0\u00bb][et_pb_image src=\u00a0\u00bbhttps:\/\/www.villaggioorizzonte.it\/wp-content\/uploads\/2019\/12\/baratti.jpg\u00a0\u00bb alt=\u00a0\u00bbbaratti\u00a0\u00bb title_text=\u00a0\u00bbbaratti\u00a0\u00bb _builder_version=\u00a0\u00bb4.16&Prime; _module_preset=\u00a0\u00bbdefault\u00a0\u00bb global_colors_info=\u00a0\u00bb{}\u00a0\u00bb][\/et_pb_image][et_pb_text _builder_version=\u00a0\u00bb4.16&Prime; _module_preset=\u00a0\u00bbdefault\u00a0\u00bb global_colors_info=\u00a0\u00bb{}\u00a0\u00bb]<\/p>\n<p>Le Val di Cornia, situ\u00e9 \u00e0 l\u2019extr\u00e9mit\u00e9 sud de Livourne, constitue une zone vraiment unique dans laquelle les touristes peuvent profiter de journ\u00e9es d\u2019exploration et d\u2019arch\u00e9ologie.<\/p>\n<p>Berceau de la civilisation \u00e9trusque, le Val di Cornia pr\u00e9sente des sites arch\u00e9ologiques, des mus\u00e9es et des  itin\u00e9raires li\u00e9s \u00e0 l\u2019extraction et au traitement anciens des m\u00e9taux. Dans cet environnement, il sera possible de visiter des sites tels que le Mus\u00e9e des machines mini\u00e8res, qui raconte l\u2019utilisation des machines \u00e0 l\u2019int\u00e9rieur des mines, et le Mus\u00e9e des mineurs, qui conserve des objets anciens de la vie quotidienne, capables de retracer l\u2019existence des mineurs.<\/p>\n<p>Pendant leur s\u00e9jour en Toscane, les touristes peuvent visiter les villages inclus dans les zones du Val di Cornia, tels que Suvereto et Campiglia Marittima.<\/p>\n<p>[\/et_pb_text][\/et_pb_column][\/et_pb_row][et_pb_row column_structure=\u00a0\u00bb1_2,1_2&Prime; _builder_version=\u00a0\u00bb4.16&Prime; _module_preset=\u00a0\u00bbdefault\u00a0\u00bb collapsed=\u00a0\u00bboff\u00a0\u00bb global_colors_info=\u00a0\u00bb{}\u00a0\u00bb][et_pb_column type=\u00a0\u00bb1_2&Prime; _builder_version=\u00a0\u00bb4.16&Prime; _module_preset=\u00a0\u00bbdefault\u00a0\u00bb global_colors_info=\u00a0\u00bb{}\u00a0\u00bb][et_pb_image src=\u00a0\u00bbhttps:\/\/www.villaggioorizzonte.it\/wp-content\/uploads\/2019\/10\/palazzo-comunale-suvereto.jpg\u00a0\u00bb alt=\u00a0\u00bbPalazzo Comunale Suvereto\u00a0\u00bb title_text=\u00a0\u00bbPalazzo Comunale Suvereto\u00a0\u00bb _builder_version=\u00a0\u00bb4.17.1&Prime; _module_preset=\u00a0\u00bbdefault\u00a0\u00bb global_colors_info=\u00a0\u00bb{}\u00a0\u00bb][\/et_pb_image][et_pb_text _builder_version=\u00a0\u00bb4.21.0&Prime; _module_preset=\u00a0\u00bbdefault\u00a0\u00bb hover_enabled=\u00a0\u00bb0&Prime; global_colors_info=\u00a0\u00bb{}\u00a0\u00bb sticky_enabled=\u00a0\u00bb0&Prime;]\u00c0 Suvereto, vous pourrez admirer l&rsquo;\u00e9glise de San Giusto, un exemple de style roman rustique d&rsquo;une simplicit\u00e9 extr\u00eame et d&rsquo;une beaut\u00e9 extraordinaire. Dans le mus\u00e9e d\u2019art sacr\u00e9 de la ville, situ\u00e9 \u00e0 l\u2019int\u00e9rieur de l\u2019Oratoire de la Confraternita della Misericordia, vous pouvez observer des meubles liturgiques et des objets anciens , tels que des cand\u00e9labres, des calices et des livres.<\/p>\n<p>Un endroit vraiment \u00e9ducatif et en m\u00eame temps ludique dans le village est repr\u00e9sent\u00e9 par son Mus\u00e9e de la Poup\u00e9e Artistique, le long de la via Magenta qui conserve une grande vari\u00e9t\u00e9 de poup\u00e9es anciennes, des mod\u00e8les fabriqu\u00e9s avec les mat\u00e9riaux les plus disparates, du papier m\u00e2ch\u00e9 \u00e0 la porcelaine. C\u2019est sans aucun doute un lieu o\u00f9 vous pourrez appr\u00e9cier les changements de coutumes et de traditions au fil des si\u00e8cles.[\/et_pb_text][\/et_pb_column][et_pb_column type=\u00a0\u00bb1_2&Prime; _builder_version=\u00a0\u00bb4.16&Prime; _module_preset=\u00a0\u00bbdefault\u00a0\u00bb global_colors_info=\u00a0\u00bb{}\u00a0\u00bb][et_pb_image src=\u00a0\u00bbhttps:\/\/www.villaggioorizzonte.it\/wp-content\/uploads\/2019\/10\/campiglia-marittima.jpg\u00a0\u00bb alt=\u00a0\u00bbcampiglia marittima\u00a0\u00bb title_text=\u00a0\u00bbCampiglia Marittima\u00a0\u00bb _builder_version=\u00a0\u00bb4.17.1&Prime; _module_preset=\u00a0\u00bbdefault\u00a0\u00bb global_colors_info=\u00a0\u00bb{}\u00a0\u00bb][\/et_pb_image][et_pb_text _builder_version=\u00a0\u00bb4.16&Prime; _module_preset=\u00a0\u00bbdefault\u00a0\u00bb global_colors_info=\u00a0\u00bb{}\u00a0\u00bb]<\/p>\n<p>Campiglia Marittima, parmi les villages m\u00e9di\u00e9vaux caract\u00e9ristiques de la Toscane, est certainement l\u2019un des villages les plus fascinants. Situ\u00e9 dans la partie sud du territoire de Livourne, ce riche village se caract\u00e9rise ses maisons en pierre et son paysage vallon\u00e9, couvert de brousse m\u00e9diterran\u00e9enne, d\u2019oliviers et de vignobles. Dans le centre historique,  les vestiges de la Rocca di Campiglia nous racontent l\u2019histoire m\u00e9di\u00e9vale du village.<\/p>\n<p>Gr\u00e2ce \u00e0 l\u2019offre du village Orizzonte et aux nombreuses attractions de la r\u00e9gion, tous les touristes auront la possibilit\u00e9 de faire des voyages inoubliables, dans lesquels les paysages \u00e9vocateurs et la richesse de l\u2019 histoire locale compl\u00e9teront \u00e0 merveille le plaisir et la d\u00e9tente garantis dans le structure.<\/p>\n<p>[\/et_pb_text][\/et_pb_column][\/et_pb_row][\/et_pb_section]<\/p>\n","protected":false},"excerpt":{"rendered":"<p>L\u2019accueil des groupes en autocarGr\u00e2ce \u00e0 la grande vari\u00e9t\u00e9 d\u2019attractions naturalistes et culturelles, la C\u00f4te des \u00e9trusques s\u2019av\u00e8re \u00eatre la destination id\u00e9ale pour accueillir les voyages en autocar en Toscane. Ce territoire riche abrite de nombreux sites d\u2019une grande importance arch\u00e9ologique, historique et culturelle, tous \u00e0 d\u00e9couvrir. Le Village Orizzonte situ\u00e9 entre Piombino et Follonica, [&hellip;]<\/p>\n","protected":false},"author":7,"featured_media":0,"parent":0,"menu_order":57,"comment_status":"closed","ping_status":"closed","template":"","meta":{"_et_pb_use_builder":"on","_et_pb_old_content":"","_et_gb_content_width":"","ngg_post_thumbnail":0,"footnotes":""},"class_list":["post-8569","page","type-page","status-publish","hentry"],"yoast_head":"<!-- This site is optimized with the Yoast SEO plugin v25.8 - https:\/\/yoast.com\/wordpress\/plugins\/seo\/ -->\n<title>L\u2019accueil des groupes en autocar, Toscane - Villaggio Orizzonte<\/title>\n<meta name=\"description\" content=\"Gr\u00e2ce \u00e0 la grande vari\u00e9t\u00e9 d&#039;attractions naturalistes et culturelles, la C\u00f4te des \u00e9trusques s&#039;av\u00e8re \u00eatre la destination id\u00e9ale pour accueillir les voyages en autocar en Toscane.\" \/>\n<meta name=\"robots\" content=\"index, follow, max-snippet:-1, max-image-preview:large, max-video-preview:-1\" \/>\n<link rel=\"canonical\" href=\"https:\/\/www.villaggioorizzonte.it\/fr\/autocar.html\" \/>\n<meta property=\"og:locale\" content=\"fr_FR\" \/>\n<meta property=\"og:type\" content=\"article\" \/>\n<meta property=\"og:title\" content=\"L\u2019accueil des groupes en autocar, Toscane - Villaggio Orizzonte\" \/>\n<meta property=\"og:description\" content=\"Gr\u00e2ce \u00e0 la grande vari\u00e9t\u00e9 d&#039;attractions naturalistes et culturelles, la C\u00f4te des \u00e9trusques s&#039;av\u00e8re \u00eatre la destination id\u00e9ale pour accueillir les voyages en autocar en Toscane.\" \/>\n<meta property=\"og:url\" content=\"https:\/\/www.villaggioorizzonte.it\/fr\/autocar.html\" \/>\n<meta property=\"og:site_name\" content=\"Villaggio Orizzonte\" \/>\n<meta property=\"article:modified_time\" content=\"2025-03-19T10:45:00+00:00\" \/>\n<meta name=\"twitter:card\" content=\"summary_large_image\" \/>\n<script type=\"application\/ld+json\" class=\"yoast-schema-graph\">{\"@context\":\"https:\/\/schema.org\",\"@graph\":[{\"@type\":\"WebPage\",\"@id\":\"https:\/\/www.villaggioorizzonte.it\/fr\/autocar.html\",\"url\":\"https:\/\/www.villaggioorizzonte.it\/fr\/autocar.html\",\"name\":\"L\u2019accueil des groupes en autocar, Toscane - Villaggio Orizzonte\",\"isPartOf\":{\"@id\":\"https:\/\/www.villaggioorizzonte.it\/fr\/#website\"},\"datePublished\":\"2020-02-13T16:59:24+00:00\",\"dateModified\":\"2025-03-19T10:45:00+00:00\",\"description\":\"Gr\u00e2ce \u00e0 la grande vari\u00e9t\u00e9 d'attractions naturalistes et culturelles, la C\u00f4te des \u00e9trusques s'av\u00e8re \u00eatre la destination id\u00e9ale pour accueillir les voyages en autocar en Toscane.\",\"breadcrumb\":{\"@id\":\"https:\/\/www.villaggioorizzonte.it\/fr\/autocar.html#breadcrumb\"},\"inLanguage\":\"fr-FR\",\"potentialAction\":[{\"@type\":\"ReadAction\",\"target\":[\"https:\/\/www.villaggioorizzonte.it\/fr\/autocar.html\"]}]},{\"@type\":\"BreadcrumbList\",\"@id\":\"https:\/\/www.villaggioorizzonte.it\/fr\/autocar.html#breadcrumb\",\"itemListElement\":[{\"@type\":\"ListItem\",\"position\":1,\"name\":\"Home\",\"item\":\"https:\/\/www.villaggioorizzonte.it\/fr\/\"},{\"@type\":\"ListItem\",\"position\":2,\"name\":\"Autocar\"}]},{\"@type\":\"WebSite\",\"@id\":\"https:\/\/www.villaggioorizzonte.it\/fr\/#website\",\"url\":\"https:\/\/www.villaggioorizzonte.it\/fr\/\",\"name\":\"Villaggio Orizzonte\",\"description\":\"Villaggio Turistico\",\"potentialAction\":[{\"@type\":\"SearchAction\",\"target\":{\"@type\":\"EntryPoint\",\"urlTemplate\":\"https:\/\/www.villaggioorizzonte.it\/fr\/?s={search_term_string}\"},\"query-input\":{\"@type\":\"PropertyValueSpecification\",\"valueRequired\":true,\"valueName\":\"search_term_string\"}}],\"inLanguage\":\"fr-FR\"}]}<\/script>\n<!-- \/ Yoast SEO plugin. -->","yoast_head_json":{"title":"L\u2019accueil des groupes en autocar, Toscane - Villaggio Orizzonte","description":"Gr\u00e2ce \u00e0 la grande vari\u00e9t\u00e9 d'attractions naturalistes et culturelles, la C\u00f4te des \u00e9trusques s'av\u00e8re \u00eatre la destination id\u00e9ale pour accueillir les voyages en autocar en Toscane.","robots":{"index":"index","follow":"follow","max-snippet":"max-snippet:-1","max-image-preview":"max-image-preview:large","max-video-preview":"max-video-preview:-1"},"canonical":"https:\/\/www.villaggioorizzonte.it\/fr\/autocar.html","og_locale":"fr_FR","og_type":"article","og_title":"L\u2019accueil des groupes en autocar, Toscane - Villaggio Orizzonte","og_description":"Gr\u00e2ce \u00e0 la grande vari\u00e9t\u00e9 d'attractions naturalistes et culturelles, la C\u00f4te des \u00e9trusques s'av\u00e8re \u00eatre la destination id\u00e9ale pour accueillir les voyages en autocar en Toscane.","og_url":"https:\/\/www.villaggioorizzonte.it\/fr\/autocar.html","og_site_name":"Villaggio Orizzonte","article_modified_time":"2025-03-19T10:45:00+00:00","twitter_card":"summary_large_image","schema":{"@context":"https:\/\/schema.org","@graph":[{"@type":"WebPage","@id":"https:\/\/www.villaggioorizzonte.it\/fr\/autocar.html","url":"https:\/\/www.villaggioorizzonte.it\/fr\/autocar.html","name":"L\u2019accueil des groupes en autocar, Toscane - Villaggio Orizzonte","isPartOf":{"@id":"https:\/\/www.villaggioorizzonte.it\/fr\/#website"},"datePublished":"2020-02-13T16:59:24+00:00","dateModified":"2025-03-19T10:45:00+00:00","description":"Gr\u00e2ce \u00e0 la grande vari\u00e9t\u00e9 d'attractions naturalistes et culturelles, la C\u00f4te des \u00e9trusques s'av\u00e8re \u00eatre la destination id\u00e9ale pour accueillir les voyages en autocar en Toscane.","breadcrumb":{"@id":"https:\/\/www.villaggioorizzonte.it\/fr\/autocar.html#breadcrumb"},"inLanguage":"fr-FR","potentialAction":[{"@type":"ReadAction","target":["https:\/\/www.villaggioorizzonte.it\/fr\/autocar.html"]}]},{"@type":"BreadcrumbList","@id":"https:\/\/www.villaggioorizzonte.it\/fr\/autocar.html#breadcrumb","itemListElement":[{"@type":"ListItem","position":1,"name":"Home","item":"https:\/\/www.villaggioorizzonte.it\/fr\/"},{"@type":"ListItem","position":2,"name":"Autocar"}]},{"@type":"WebSite","@id":"https:\/\/www.villaggioorizzonte.it\/fr\/#website","url":"https:\/\/www.villaggioorizzonte.it\/fr\/","name":"Villaggio Orizzonte","description":"Villaggio Turistico","potentialAction":[{"@type":"SearchAction","target":{"@type":"EntryPoint","urlTemplate":"https:\/\/www.villaggioorizzonte.it\/fr\/?s={search_term_string}"},"query-input":{"@type":"PropertyValueSpecification","valueRequired":true,"valueName":"search_term_string"}}],"inLanguage":"fr-FR"}]}},"_links":{"self":[{"href":"https:\/\/www.villaggioorizzonte.it\/fr\/wp-json\/wp\/v2\/pages\/8569","targetHints":{"allow":["GET"]}}],"collection":[{"href":"https:\/\/www.villaggioorizzonte.it\/fr\/wp-json\/wp\/v2\/pages"}],"about":[{"href":"https:\/\/www.villaggioorizzonte.it\/fr\/wp-json\/wp\/v2\/types\/page"}],"author":[{"embeddable":true,"href":"https:\/\/www.villaggioorizzonte.it\/fr\/wp-json\/wp\/v2\/users\/7"}],"replies":[{"embeddable":true,"href":"https:\/\/www.villaggioorizzonte.it\/fr\/wp-json\/wp\/v2\/comments?post=8569"}],"version-history":[{"count":1,"href":"https:\/\/www.villaggioorizzonte.it\/fr\/wp-json\/wp\/v2\/pages\/8569\/revisions"}],"predecessor-version":[{"id":290219,"href":"https:\/\/www.villaggioorizzonte.it\/fr\/wp-json\/wp\/v2\/pages\/8569\/revisions\/290219"}],"wp:attachment":[{"href":"https:\/\/www.villaggioorizzonte.it\/fr\/wp-json\/wp\/v2\/media?parent=8569"}],"curies":[{"name":"wp","href":"https:\/\/api.w.org\/{rel}","templated":true}]}}