{"id":8262,"date":"2019-09-02T11:58:45","date_gmt":"2019-09-02T09:58:45","guid":{"rendered":"https:\/\/b6.aerostatonet.it\/gite-scolastiche-toscana.html"},"modified":"2022-04-08T09:02:08","modified_gmt":"2022-04-08T07:02:08","slug":"voyages-scolaires-en-toscane","status":"publish","type":"page","link":"https:\/\/www.villaggioorizzonte.it\/fr\/voyages-scolaires-en-toscane.html","title":{"rendered":"Voyages scolaires en Toscane"},"content":{"rendered":"<p>[et_pb_section fb_built=\u00a0\u00bb1&Prime; admin_label=\u00a0\u00bbTestata\u00a0\u00bb _builder_version=\u00a0\u00bb4.14.7&Prime; _module_preset=\u00a0\u00bbdefault\u00a0\u00bb custom_margin=\u00a0\u00bb0px|0px|0px||false|false\u00a0\u00bb custom_padding=\u00a0\u00bb0px|0px|0px|0px|false|false\u00a0\u00bb saved_tabs=\u00a0\u00bball\u00a0\u00bb locked=\u00a0\u00bboff\u00a0\u00bb collapsed=\u00a0\u00bbon\u00a0\u00bb global_colors_info=\u00a0\u00bb{}\u00a0\u00bb da_is_popup=\u00a0\u00bboff\u00a0\u00bb da_exit_intent=\u00a0\u00bboff\u00a0\u00bb da_has_close=\u00a0\u00bbon\u00a0\u00bb da_alt_close=\u00a0\u00bboff\u00a0\u00bb da_dark_close=\u00a0\u00bboff\u00a0\u00bb da_not_modal=\u00a0\u00bbon\u00a0\u00bb da_is_singular=\u00a0\u00bboff\u00a0\u00bb da_with_loader=\u00a0\u00bboff\u00a0\u00bb da_has_shadow=\u00a0\u00bbon\u00a0\u00bb da_disable_devices=\u00a0\u00bboff|off|off\u00a0\u00bb][et_pb_row use_custom_gutter=\u00a0\u00bbon\u00a0\u00bb gutter_width=\u00a0\u00bb1&Prime; admin_label=\u00a0\u00bbSfondo immagine\u00a0\u00bb module_class=\u00a0\u00bbtestata\u00a0\u00bb _builder_version=\u00a0\u00bb4.14.7&Prime; _module_preset=\u00a0\u00bbdefault\u00a0\u00bb background_color=\u00a0\u00bbRGBA(255,255,255,0)\u00a0\u00bb background_enable_image=\u00a0\u00bboff\u00a0\u00bb width=\u00a0\u00bb100%\u00a0\u00bb max_width=\u00a0\u00bb100%\u00a0\u00bb module_alignment=\u00a0\u00bbcenter\u00a0\u00bb height=\u00a0\u00bb88vh\u00a0\u00bb overflow-x=\u00a0\u00bbhidden\u00a0\u00bb overflow-y=\u00a0\u00bbhidden\u00a0\u00bb locked=\u00a0\u00bboff\u00a0\u00bb collapsed=\u00a0\u00bbon\u00a0\u00bb global_colors_info=\u00a0\u00bb{}\u00a0\u00bb custom_css_main_element_last_edited=\u00a0\u00bbon|phone\u00a0\u00bb custom_css_main_element_phone=\u00a0\u00bbmax-height: 550px!important;\u00a0\u00bb][et_pb_column type=\u00a0\u00bb4_4&Prime; _builder_version=\u00a0\u00bb4.14.7&Prime; _module_preset=\u00a0\u00bbdefault\u00a0\u00bb global_colors_info=\u00a0\u00bb{}\u00a0\u00bb][et_pb_image src=\u00a0\u00bbhttps:\/\/www.villaggioorizzonte.it\/wp-content\/uploads\/2019\/12\/gite-scolastiche-toscana.jpg\u00a0\u00bb alt=\u00a0\u00bbGite scolastiche Toscana\u00a0\u00bb title_text=\u00a0\u00bbGite scolastiche Toscana\u00a0\u00bb force_fullwidth=\u00a0\u00bbon\u00a0\u00bb _builder_version=\u00a0\u00bb4.14.8&Prime; _module_preset=\u00a0\u00bbdefault\u00a0\u00bb saved_tabs=\u00a0\u00bball\u00a0\u00bb global_colors_info=\u00a0\u00bb{}\u00a0\u00bb][\/et_pb_image][\/et_pb_column][\/et_pb_row][et_pb_row column_structure=\u00a0\u00bb2_5,3_5&Prime; use_custom_gutter=\u00a0\u00bbon\u00a0\u00bb gutter_width=\u00a0\u00bb1&Prime; make_equal=\u00a0\u00bbon\u00a0\u00bb admin_label=\u00a0\u00bbTitolo\u00a0\u00bb _builder_version=\u00a0\u00bb4.14.7&Prime; _module_preset=\u00a0\u00bbdefault\u00a0\u00bb background_color=\u00a0\u00bbRGBA(255,255,255,0)\u00a0\u00bb width=\u00a0\u00bb100%\u00a0\u00bb max_width=\u00a0\u00bb100%\u00a0\u00bb module_alignment=\u00a0\u00bbleft\u00a0\u00bb custom_margin=\u00a0\u00bb-163px||||false|false\u00a0\u00bb custom_margin_tablet=\u00a0\u00bb-163px||||false|false\u00a0\u00bb custom_margin_phone=\u00a0\u00bb-124px||||false|false\u00a0\u00bb custom_margin_last_edited=\u00a0\u00bbon|phone\u00a0\u00bb custom_padding=\u00a0\u00bb||||true|false\u00a0\u00bb collapsed=\u00a0\u00bbon\u00a0\u00bb global_colors_info=\u00a0\u00bb{}\u00a0\u00bb][et_pb_column type=\u00a0\u00bb2_5&Prime; disabled_on=\u00a0\u00bboff|off|off\u00a0\u00bb _builder_version=\u00a0\u00bb4.14.7&Prime; _module_preset=\u00a0\u00bbdefault\u00a0\u00bb global_colors_info=\u00a0\u00bb{}\u00a0\u00bb custom_css_main_element_last_edited=\u00a0\u00bbon|phone\u00a0\u00bb custom_css_main_element_phone=\u00a0\u00bbwidth:30px!important;||display:block!important;\u00a0\u00bb][\/et_pb_column][et_pb_column type=\u00a0\u00bb3_5&Prime; _builder_version=\u00a0\u00bb4.14.7&Prime; _module_preset=\u00a0\u00bbdefault\u00a0\u00bb background_color=\u00a0\u00bb#FFFFFF\u00a0\u00bb custom_padding=\u00a0\u00bb25px||25px|30px|true|false\u00a0\u00bb custom_padding_tablet=\u00a0\u00bb25px||25px|30px|true|false\u00a0\u00bb custom_padding_phone=\u00a0\u00bb||5px|20px|false|false\u00a0\u00bb custom_padding_last_edited=\u00a0\u00bbon|phone\u00a0\u00bb global_colors_info=\u00a0\u00bb{}\u00a0\u00bb custom_css_main_element_last_edited=\u00a0\u00bbon|phone\u00a0\u00bb custom_css_main_element_phone=\u00a0\u00bbwidth: calc(100% &#8211; 30px)!important;\u00a0\u00bb][et_pb_text admin_label=\u00a0\u00bbTesto\u00a0\u00bb _builder_version=\u00a0\u00bb4.14.8&Prime; _module_preset=\u00a0\u00bbdefault\u00a0\u00bb background_color=\u00a0\u00bbRGBA(255,255,255,0)\u00a0\u00bb saved_tabs=\u00a0\u00bball\u00a0\u00bb global_colors_info=\u00a0\u00bb{}\u00a0\u00bb]<\/p>\n<h2 class=\"h1app\">Voyages scolaires en Toscane<\/h2>\n<p>[\/et_pb_text][\/et_pb_column][\/et_pb_row][\/et_pb_section][et_pb_section fb_built=\u00a0\u00bb1&Prime; admin_label=\u00a0\u00bbIntro\u00a0\u00bb _builder_version=\u00a0\u00bb4.14.7&Prime; _module_preset=\u00a0\u00bbdefault\u00a0\u00bb collapsed=\u00a0\u00bboff\u00a0\u00bb global_colors_info=\u00a0\u00bb{}\u00a0\u00bb da_is_popup=\u00a0\u00bboff\u00a0\u00bb da_exit_intent=\u00a0\u00bboff\u00a0\u00bb da_has_close=\u00a0\u00bbon\u00a0\u00bb da_alt_close=\u00a0\u00bboff\u00a0\u00bb da_dark_close=\u00a0\u00bboff\u00a0\u00bb da_not_modal=\u00a0\u00bbon\u00a0\u00bb da_is_singular=\u00a0\u00bboff\u00a0\u00bb da_with_loader=\u00a0\u00bboff\u00a0\u00bb da_has_shadow=\u00a0\u00bbon\u00a0\u00bb da_disable_devices=\u00a0\u00bboff|off|off\u00a0\u00bb][et_pb_row _builder_version=\u00a0\u00bb4.14.7&Prime; _module_preset=\u00a0\u00bbdefault\u00a0\u00bb collapsed=\u00a0\u00bboff\u00a0\u00bb global_colors_info=\u00a0\u00bb{}\u00a0\u00bb][et_pb_column type=\u00a0\u00bb4_4&Prime; _builder_version=\u00a0\u00bb4.14.7&Prime; _module_preset=\u00a0\u00bbdefault\u00a0\u00bb background_enable_color=\u00a0\u00bboff\u00a0\u00bb custom_padding=\u00a0\u00bb||||true|false\u00a0\u00bb global_colors_info=\u00a0\u00bb{}\u00a0\u00bb][et_pb_text _builder_version=\u00a0\u00bb4.14.8&Prime; _module_preset=\u00a0\u00bbdefault\u00a0\u00bb global_colors_info=\u00a0\u00bb{}\u00a0\u00bb]<\/p>\n<p><em>Envelopp\u00e9e par le vert du maquis m\u00e9diterran\u00e9en, la Toscane est un mus\u00e9e en plein air, o\u00f9 vous pourrez profiter d\u2019itin\u00e9raires naturalistes et arch\u00e9ologiques dans des parcs, mus\u00e9es et aires naturelles prot\u00e9g\u00e9es.<\/em><\/p>\n<p>Le patrimoine historique toscan de la C\u00f4te des \u00e9trusques est concentr\u00e9 dans les Parcs du Val di Cornia. Les nombreux sites \u00e0 visiter sont enrichis d\u2019ateliers p\u00e9dagogiques et d\u2019animations personnalis\u00e9es pour r\u00e9pondre aux besoins sp\u00e9cifiques de chaque \u00e9cole.<\/p>\n<p>La grande vari\u00e9t\u00e9 de sites sur la C\u00f4te des \u00e9trusque fait de ce territoire un lieu particuli\u00e8rement adapt\u00e9 \u00e0 la r\u00e9alisation de voyages scolaires en Toscane.<\/p>\n<p>[\/et_pb_text][\/et_pb_column][\/et_pb_row][\/et_pb_section][et_pb_section fb_built=\u00a0\u00bb1&Prime; admin_label=\u00a0\u00bbContenuto\u00a0\u00bb _builder_version=\u00a0\u00bb4.14.7&Prime; _module_preset=\u00a0\u00bbdefault\u00a0\u00bb collapsed=\u00a0\u00bboff\u00a0\u00bb global_colors_info=\u00a0\u00bb{}\u00a0\u00bb da_is_popup=\u00a0\u00bboff\u00a0\u00bb da_exit_intent=\u00a0\u00bboff\u00a0\u00bb da_has_close=\u00a0\u00bbon\u00a0\u00bb da_alt_close=\u00a0\u00bboff\u00a0\u00bb da_dark_close=\u00a0\u00bboff\u00a0\u00bb da_not_modal=\u00a0\u00bbon\u00a0\u00bb da_is_singular=\u00a0\u00bboff\u00a0\u00bb da_with_loader=\u00a0\u00bboff\u00a0\u00bb da_has_shadow=\u00a0\u00bbon\u00a0\u00bb da_disable_devices=\u00a0\u00bboff|off|off\u00a0\u00bb][et_pb_row column_structure=\u00a0\u00bb1_3,1_3,1_3&Prime; _builder_version=\u00a0\u00bb4.14.8&Prime; _module_preset=\u00a0\u00bbdefault\u00a0\u00bb collapsed=\u00a0\u00bboff\u00a0\u00bb global_colors_info=\u00a0\u00bb{}\u00a0\u00bb][et_pb_column type=\u00a0\u00bb1_3&Prime; _builder_version=\u00a0\u00bb4.14.7&Prime; _module_preset=\u00a0\u00bbdefault\u00a0\u00bb global_colors_info=\u00a0\u00bb{}\u00a0\u00bb][et_pb_image src=\u00a0\u00bbhttps:\/\/www.villaggioorizzonte.it\/wp-content\/uploads\/2019\/12\/parco-di-san-silvestro-840&#215;840.jpg\u00a0\u00bb alt=\u00a0\u00bbParco di San Silvestro\u00a0\u00bb title_text=\u00a0\u00bbParco di San Silvestro\u00a0\u00bb _builder_version=\u00a0\u00bb4.14.8&Prime; _module_preset=\u00a0\u00bbdefault\u00a0\u00bb global_colors_info=\u00a0\u00bb{}\u00a0\u00bb][\/et_pb_image][et_pb_text _builder_version=\u00a0\u00bb4.14.8&Prime; _module_preset=\u00a0\u00bbdefault\u00a0\u00bb global_colors_info=\u00a0\u00bb{}\u00a0\u00bb]<\/p>\n<h4 class=\"h4pag\">Parc d\u2019Arch\u00e9ologie Mini\u00e8re de San Silvestro<\/h4>\n<p>Le parc d\u2019 Arch\u00e9ologie Mini\u00e8re de San Silvestro conserve l\u2019histoire mini\u00e8re de la Toscane, commenc\u00e9e \u00e0 l\u2019\u00e9poque de la civilisation \u00e9trusque. Les itin\u00e9raires \u00e0 suivre lors de la visite se d\u00e9roulent \u00e0 travers des galeries mini\u00e8res et des sentiers d\u2019une grande importance historique, arch\u00e9ologique et g\u00e9ologique. \u00c0 l\u2019int\u00e9rieur du parc, des ateliers cr\u00e9atifs permettent de retracer l\u2019utilisation ancienne d\u2019outils en pierre, en bois et en m\u00e9tal.<\/p>\n<p>[\/et_pb_text][\/et_pb_column][et_pb_column type=\u00a0\u00bb1_3&Prime; _builder_version=\u00a0\u00bb4.14.7&Prime; _module_preset=\u00a0\u00bbdefault\u00a0\u00bb global_colors_info=\u00a0\u00bb{}\u00a0\u00bb][et_pb_image src=\u00a0\u00bbhttps:\/\/www.villaggioorizzonte.it\/wp-content\/uploads\/2019\/12\/museo-archeologico-di-piombino-840&#215;840.jpeg\u00a0\u00bb alt=\u00a0\u00bbMuseo archeologico di Piombino\u00a0\u00bb title_text=\u00a0\u00bbMuseo archeologico di Piombino\u00a0\u00bb _builder_version=\u00a0\u00bb4.14.8&Prime; _module_preset=\u00a0\u00bbdefault\u00a0\u00bb global_colors_info=\u00a0\u00bb{}\u00a0\u00bb][\/et_pb_image][et_pb_text _builder_version=\u00a0\u00bb4.14.8&Prime; _module_preset=\u00a0\u00bbdefault\u00a0\u00bb global_colors_info=\u00a0\u00bb{}\u00a0\u00bb]<\/p>\n<h4 class=\"h4pag\">Mus\u00e9e Arch\u00e9ologique de Populonia<\/h4>\n<p>Situ\u00e9 \u00e0 Piombino, non loin du centre historique, ce mus\u00e9e permettra aux touristes en voyage de parcourir cinq mill\u00e9naires d\u2019histoire de la Toscane. Les itin\u00e9raires propos\u00e9s stimulent l\u2019attention des visiteurs, gr\u00e2ce \u00e0 des reconstitutions pr\u00e9cises, qui permettent non seulement une interaction visuelle, mais aussi manuelle et sonore, cr\u00e9ant une exp\u00e9rience magnifiquement compl\u00e9t\u00e9e par des voix narratives.<\/p>\n<p>[\/et_pb_text][\/et_pb_column][et_pb_column type=\u00a0\u00bb1_3&Prime; _builder_version=\u00a0\u00bb4.14.7&Prime; _module_preset=\u00a0\u00bbdefault\u00a0\u00bb global_colors_info=\u00a0\u00bb{}\u00a0\u00bb][et_pb_image src=\u00a0\u00bbhttps:\/\/www.villaggioorizzonte.it\/wp-content\/uploads\/2019\/12\/rocca-di-campiglia-marittima-840&#215;840.jpeg\u00a0\u00bb alt=\u00a0\u00bbRocca di Campiglia\u00a0\u00bb title_text=\u00a0\u00bbRocca di Campiglia\u00a0\u00bb admin_label=\u00a0\u00bbImmagine\u00a0\u00bb _builder_version=\u00a0\u00bb4.14.8&Prime; _module_preset=\u00a0\u00bbdefault\u00a0\u00bb global_colors_info=\u00a0\u00bb{}\u00a0\u00bb][\/et_pb_image][et_pb_text _builder_version=\u00a0\u00bb4.14.8&Prime; _module_preset=\u00a0\u00bbdefault\u00a0\u00bb global_colors_info=\u00a0\u00bb{}\u00a0\u00bb]<\/p>\n<h4 class=\"h4pag\">Mus\u00e9e de la Rocca di Campiglia<\/h4>\n<p>La Rocca di Campiglia se dresse sur la plus haute colline de Campiglia, entour\u00e9e par les remparts dell\u2019ancienne ville de Campiglia, qu\u2019elle dominait. Le mus\u00e9e, situ\u00e9 \u00e0 l\u2019int\u00e9rieur de la Rocca, expose des vestiges arch\u00e9ologiques r\u00e9cup\u00e9r\u00e9s lors des fouilles, notamment des armes et des objets de la vie quotidienne tels que des vases et des jeux.<\/p>\n<p>[\/et_pb_text][\/et_pb_column][\/et_pb_row][\/et_pb_section][et_pb_section fb_built=\u00a0\u00bb1&Prime; admin_label=\u00a0\u00bbContenuto\u00a0\u00bb _builder_version=\u00a0\u00bb4.14.7&Prime; _module_preset=\u00a0\u00bbdefault\u00a0\u00bb collapsed=\u00a0\u00bboff\u00a0\u00bb global_colors_info=\u00a0\u00bb{}\u00a0\u00bb da_is_popup=\u00a0\u00bboff\u00a0\u00bb da_exit_intent=\u00a0\u00bboff\u00a0\u00bb da_has_close=\u00a0\u00bbon\u00a0\u00bb da_alt_close=\u00a0\u00bboff\u00a0\u00bb da_dark_close=\u00a0\u00bboff\u00a0\u00bb da_not_modal=\u00a0\u00bbon\u00a0\u00bb da_is_singular=\u00a0\u00bboff\u00a0\u00bb da_with_loader=\u00a0\u00bboff\u00a0\u00bb da_has_shadow=\u00a0\u00bbon\u00a0\u00bb da_disable_devices=\u00a0\u00bboff|off|off\u00a0\u00bb][et_pb_row _builder_version=\u00a0\u00bb4.14.8&Prime; _module_preset=\u00a0\u00bbdefault\u00a0\u00bb collapsed=\u00a0\u00bboff\u00a0\u00bb global_colors_info=\u00a0\u00bb{}\u00a0\u00bb][et_pb_column type=\u00a0\u00bb4_4&Prime; _builder_version=\u00a0\u00bb4.14.7&Prime; _module_preset=\u00a0\u00bbdefault\u00a0\u00bb global_colors_info=\u00a0\u00bb{}\u00a0\u00bb][et_pb_text _builder_version=\u00a0\u00bb4.14.8&Prime; _module_preset=\u00a0\u00bbdefault\u00a0\u00bb global_colors_info=\u00a0\u00bb{}\u00a0\u00bb]<\/p>\n<p>Tous les <strong>sites de Val di Cornia<\/strong> poss\u00e8dent de grandes espaces de stationnement pour les bus et les v\u00e9hicules priv\u00e9s, ainsi que des restaurants et des bars. Aux parcs et  mus\u00e9es de la C\u00f4te des \u00e9trusques prix r\u00e9duits pour les \u00e9tudiants.<\/p>\n<p>Le <strong>Villaggio Orizzonte<\/strong> est situ\u00e9 au c\u0153ur du golfe de Follonica sur la C\u00f4te des \u00e9trusques. La structure est id\u00e9ale pour accueillir au mieux les jeunes \u00e9tudiants lors des voyages scolaires en Toscane, en leur offrant un acc\u00e8s facile aux principaux points d\u2019int\u00e9r\u00eat de la c\u00f4te, des lieux o\u00f9 ils auront l\u2019occasion de conna\u00eetre l\u2019histoire du riche territoire toscan.<\/p>\n<p>[\/et_pb_text][\/et_pb_column][\/et_pb_row][\/et_pb_section]<\/p>\n","protected":false},"excerpt":{"rendered":"<p>Voyages scolaires en ToscaneEnvelopp\u00e9e par le vert du maquis m\u00e9diterran\u00e9en, la Toscane est un mus\u00e9e en plein air, o\u00f9 vous pourrez profiter d\u2019itin\u00e9raires naturalistes et arch\u00e9ologiques dans des parcs, mus\u00e9es et aires naturelles prot\u00e9g\u00e9es. Le patrimoine historique toscan de la C\u00f4te des \u00e9trusques est concentr\u00e9 dans les Parcs du Val di Cornia. Les nombreux sites [&hellip;]<\/p>\n","protected":false},"author":7,"featured_media":0,"parent":0,"menu_order":55,"comment_status":"closed","ping_status":"closed","template":"","meta":{"_et_pb_use_builder":"on","_et_pb_old_content":"","_et_gb_content_width":"","ngg_post_thumbnail":0,"footnotes":""},"class_list":["post-8262","page","type-page","status-publish","hentry"],"yoast_head":"<!-- This site is optimized with the Yoast SEO plugin v25.8 - https:\/\/yoast.com\/wordpress\/plugins\/seo\/ -->\n<title>Voyages scolaires en Toscane - Villaggio Orizzonte<\/title>\n<meta name=\"description\" content=\"Envelopp\u00e9e par le vert du maquis m\u00e9diterran\u00e9en, la Toscane est un mus\u00e9e en plein air, o\u00f9 vous pourrez profiter d&#039;itin\u00e9raires naturalistes et arch\u00e9ologiques\" \/>\n<meta name=\"robots\" content=\"index, follow, max-snippet:-1, max-image-preview:large, max-video-preview:-1\" \/>\n<link rel=\"canonical\" href=\"https:\/\/www.villaggioorizzonte.it\/fr\/voyages-scolaires-en-toscane.html\" \/>\n<meta property=\"og:locale\" content=\"fr_FR\" \/>\n<meta property=\"og:type\" content=\"article\" \/>\n<meta property=\"og:title\" content=\"Voyages scolaires en Toscane - Villaggio Orizzonte\" \/>\n<meta property=\"og:description\" content=\"Envelopp\u00e9e par le vert du maquis m\u00e9diterran\u00e9en, la Toscane est un mus\u00e9e en plein air, o\u00f9 vous pourrez profiter d&#039;itin\u00e9raires naturalistes et arch\u00e9ologiques\" \/>\n<meta property=\"og:url\" content=\"https:\/\/www.villaggioorizzonte.it\/fr\/voyages-scolaires-en-toscane.html\" \/>\n<meta property=\"og:site_name\" content=\"Villaggio Orizzonte\" \/>\n<meta property=\"article:modified_time\" content=\"2022-04-08T07:02:08+00:00\" \/>\n<meta name=\"twitter:card\" content=\"summary_large_image\" \/>\n<script type=\"application\/ld+json\" class=\"yoast-schema-graph\">{\"@context\":\"https:\/\/schema.org\",\"@graph\":[{\"@type\":\"WebPage\",\"@id\":\"https:\/\/www.villaggioorizzonte.it\/fr\/voyages-scolaires-en-toscane.html\",\"url\":\"https:\/\/www.villaggioorizzonte.it\/fr\/voyages-scolaires-en-toscane.html\",\"name\":\"Voyages scolaires en Toscane - Villaggio Orizzonte\",\"isPartOf\":{\"@id\":\"https:\/\/www.villaggioorizzonte.it\/fr\/#website\"},\"datePublished\":\"2019-09-02T09:58:45+00:00\",\"dateModified\":\"2022-04-08T07:02:08+00:00\",\"description\":\"Envelopp\u00e9e par le vert du maquis m\u00e9diterran\u00e9en, la Toscane est un mus\u00e9e en plein air, o\u00f9 vous pourrez profiter d'itin\u00e9raires naturalistes et arch\u00e9ologiques\",\"breadcrumb\":{\"@id\":\"https:\/\/www.villaggioorizzonte.it\/fr\/voyages-scolaires-en-toscane.html#breadcrumb\"},\"inLanguage\":\"fr-FR\",\"potentialAction\":[{\"@type\":\"ReadAction\",\"target\":[\"https:\/\/www.villaggioorizzonte.it\/fr\/voyages-scolaires-en-toscane.html\"]}]},{\"@type\":\"BreadcrumbList\",\"@id\":\"https:\/\/www.villaggioorizzonte.it\/fr\/voyages-scolaires-en-toscane.html#breadcrumb\",\"itemListElement\":[{\"@type\":\"ListItem\",\"position\":1,\"name\":\"Home\",\"item\":\"https:\/\/www.villaggioorizzonte.it\/fr\/\"},{\"@type\":\"ListItem\",\"position\":2,\"name\":\"Voyages scolaires en Toscane\"}]},{\"@type\":\"WebSite\",\"@id\":\"https:\/\/www.villaggioorizzonte.it\/fr\/#website\",\"url\":\"https:\/\/www.villaggioorizzonte.it\/fr\/\",\"name\":\"Villaggio Orizzonte\",\"description\":\"Villaggio Turistico\",\"potentialAction\":[{\"@type\":\"SearchAction\",\"target\":{\"@type\":\"EntryPoint\",\"urlTemplate\":\"https:\/\/www.villaggioorizzonte.it\/fr\/?s={search_term_string}\"},\"query-input\":{\"@type\":\"PropertyValueSpecification\",\"valueRequired\":true,\"valueName\":\"search_term_string\"}}],\"inLanguage\":\"fr-FR\"}]}<\/script>\n<!-- \/ Yoast SEO plugin. -->","yoast_head_json":{"title":"Voyages scolaires en Toscane - Villaggio Orizzonte","description":"Envelopp\u00e9e par le vert du maquis m\u00e9diterran\u00e9en, la Toscane est un mus\u00e9e en plein air, o\u00f9 vous pourrez profiter d'itin\u00e9raires naturalistes et arch\u00e9ologiques","robots":{"index":"index","follow":"follow","max-snippet":"max-snippet:-1","max-image-preview":"max-image-preview:large","max-video-preview":"max-video-preview:-1"},"canonical":"https:\/\/www.villaggioorizzonte.it\/fr\/voyages-scolaires-en-toscane.html","og_locale":"fr_FR","og_type":"article","og_title":"Voyages scolaires en Toscane - Villaggio Orizzonte","og_description":"Envelopp\u00e9e par le vert du maquis m\u00e9diterran\u00e9en, la Toscane est un mus\u00e9e en plein air, o\u00f9 vous pourrez profiter d'itin\u00e9raires naturalistes et arch\u00e9ologiques","og_url":"https:\/\/www.villaggioorizzonte.it\/fr\/voyages-scolaires-en-toscane.html","og_site_name":"Villaggio Orizzonte","article_modified_time":"2022-04-08T07:02:08+00:00","twitter_card":"summary_large_image","schema":{"@context":"https:\/\/schema.org","@graph":[{"@type":"WebPage","@id":"https:\/\/www.villaggioorizzonte.it\/fr\/voyages-scolaires-en-toscane.html","url":"https:\/\/www.villaggioorizzonte.it\/fr\/voyages-scolaires-en-toscane.html","name":"Voyages scolaires en Toscane - Villaggio Orizzonte","isPartOf":{"@id":"https:\/\/www.villaggioorizzonte.it\/fr\/#website"},"datePublished":"2019-09-02T09:58:45+00:00","dateModified":"2022-04-08T07:02:08+00:00","description":"Envelopp\u00e9e par le vert du maquis m\u00e9diterran\u00e9en, la Toscane est un mus\u00e9e en plein air, o\u00f9 vous pourrez profiter d'itin\u00e9raires naturalistes et arch\u00e9ologiques","breadcrumb":{"@id":"https:\/\/www.villaggioorizzonte.it\/fr\/voyages-scolaires-en-toscane.html#breadcrumb"},"inLanguage":"fr-FR","potentialAction":[{"@type":"ReadAction","target":["https:\/\/www.villaggioorizzonte.it\/fr\/voyages-scolaires-en-toscane.html"]}]},{"@type":"BreadcrumbList","@id":"https:\/\/www.villaggioorizzonte.it\/fr\/voyages-scolaires-en-toscane.html#breadcrumb","itemListElement":[{"@type":"ListItem","position":1,"name":"Home","item":"https:\/\/www.villaggioorizzonte.it\/fr\/"},{"@type":"ListItem","position":2,"name":"Voyages scolaires en Toscane"}]},{"@type":"WebSite","@id":"https:\/\/www.villaggioorizzonte.it\/fr\/#website","url":"https:\/\/www.villaggioorizzonte.it\/fr\/","name":"Villaggio Orizzonte","description":"Villaggio Turistico","potentialAction":[{"@type":"SearchAction","target":{"@type":"EntryPoint","urlTemplate":"https:\/\/www.villaggioorizzonte.it\/fr\/?s={search_term_string}"},"query-input":{"@type":"PropertyValueSpecification","valueRequired":true,"valueName":"search_term_string"}}],"inLanguage":"fr-FR"}]}},"_links":{"self":[{"href":"https:\/\/www.villaggioorizzonte.it\/fr\/wp-json\/wp\/v2\/pages\/8262","targetHints":{"allow":["GET"]}}],"collection":[{"href":"https:\/\/www.villaggioorizzonte.it\/fr\/wp-json\/wp\/v2\/pages"}],"about":[{"href":"https:\/\/www.villaggioorizzonte.it\/fr\/wp-json\/wp\/v2\/types\/page"}],"author":[{"embeddable":true,"href":"https:\/\/www.villaggioorizzonte.it\/fr\/wp-json\/wp\/v2\/users\/7"}],"replies":[{"embeddable":true,"href":"https:\/\/www.villaggioorizzonte.it\/fr\/wp-json\/wp\/v2\/comments?post=8262"}],"version-history":[{"count":0,"href":"https:\/\/www.villaggioorizzonte.it\/fr\/wp-json\/wp\/v2\/pages\/8262\/revisions"}],"wp:attachment":[{"href":"https:\/\/www.villaggioorizzonte.it\/fr\/wp-json\/wp\/v2\/media?parent=8262"}],"curies":[{"name":"wp","href":"https:\/\/api.w.org\/{rel}","templated":true}]}}