{"id":7591,"date":"2019-10-21T12:51:10","date_gmt":"2019-10-21T10:51:10","guid":{"rendered":"https:\/\/b6.aerostatonet.it\/spiagge-toscana\/spiaggia-nudisti.html"},"modified":"2022-04-07T14:47:44","modified_gmt":"2022-04-07T12:47:44","slug":"plage-naturiste","status":"publish","type":"page","link":"https:\/\/www.villaggioorizzonte.it\/fr\/plages-en-toscane\/plage-naturiste.html","title":{"rendered":"Plage naturiste"},"content":{"rendered":"<p>[et_pb_section fb_built=\u00a0\u00bb1&Prime; admin_label=\u00a0\u00bbTestata\u00a0\u00bb _builder_version=\u00a0\u00bb4.16&Prime; _module_preset=\u00a0\u00bbdefault\u00a0\u00bb custom_margin=\u00a0\u00bb0px|0px|0px||false|false\u00a0\u00bb custom_padding=\u00a0\u00bb0px|0px|0px|0px|false|false\u00a0\u00bb saved_tabs=\u00a0\u00bball\u00a0\u00bb locked=\u00a0\u00bboff\u00a0\u00bb collapsed=\u00a0\u00bbon\u00a0\u00bb global_colors_info=\u00a0\u00bb{}\u00a0\u00bb da_is_popup=\u00a0\u00bboff\u00a0\u00bb da_exit_intent=\u00a0\u00bboff\u00a0\u00bb da_has_close=\u00a0\u00bbon\u00a0\u00bb da_alt_close=\u00a0\u00bboff\u00a0\u00bb da_dark_close=\u00a0\u00bboff\u00a0\u00bb da_not_modal=\u00a0\u00bbon\u00a0\u00bb da_is_singular=\u00a0\u00bboff\u00a0\u00bb da_with_loader=\u00a0\u00bboff\u00a0\u00bb da_has_shadow=\u00a0\u00bbon\u00a0\u00bb da_disable_devices=\u00a0\u00bboff|off|off\u00a0\u00bb][et_pb_row use_custom_gutter=\u00a0\u00bbon\u00a0\u00bb gutter_width=\u00a0\u00bb1&Prime; admin_label=\u00a0\u00bbSfondo immagine\u00a0\u00bb module_class=\u00a0\u00bbtestata\u00a0\u00bb _builder_version=\u00a0\u00bb4.16&Prime; _module_preset=\u00a0\u00bbdefault\u00a0\u00bb background_color=\u00a0\u00bbRGBA(255,255,255,0)\u00a0\u00bb background_enable_image=\u00a0\u00bboff\u00a0\u00bb width=\u00a0\u00bb100%\u00a0\u00bb max_width=\u00a0\u00bb100%\u00a0\u00bb module_alignment=\u00a0\u00bbcenter\u00a0\u00bb height=\u00a0\u00bb88vh\u00a0\u00bb overflow-x=\u00a0\u00bbhidden\u00a0\u00bb overflow-y=\u00a0\u00bbhidden\u00a0\u00bb locked=\u00a0\u00bboff\u00a0\u00bb collapsed=\u00a0\u00bbon\u00a0\u00bb global_colors_info=\u00a0\u00bb{}\u00a0\u00bb custom_css_main_element_last_edited=\u00a0\u00bbon|phone\u00a0\u00bb custom_css_main_element_phone=\u00a0\u00bbmax-height: 550px!important;\u00a0\u00bb][et_pb_column type=\u00a0\u00bb4_4&Prime; _builder_version=\u00a0\u00bb4.16&Prime; _module_preset=\u00a0\u00bbdefault\u00a0\u00bb global_colors_info=\u00a0\u00bb{}\u00a0\u00bb][et_pb_image src=\u00a0\u00bbhttps:\/\/www.villaggioorizzonte.it\/wp-content\/uploads\/2019\/10\/spiaggia-nudisti-rimigliano.jpg\u00a0\u00bb alt=\u00a0\u00bbSpiaggia nudisti Rimigliano\u00a0\u00bb title_text=\u00a0\u00bbSpiaggia nudisti Rimigliano\u00a0\u00bb force_fullwidth=\u00a0\u00bbon\u00a0\u00bb _builder_version=\u00a0\u00bb4.16&Prime; _module_preset=\u00a0\u00bbdefault\u00a0\u00bb saved_tabs=\u00a0\u00bball\u00a0\u00bb global_colors_info=\u00a0\u00bb{}\u00a0\u00bb][\/et_pb_image][\/et_pb_column][\/et_pb_row][et_pb_row column_structure=\u00a0\u00bb2_5,3_5&Prime; use_custom_gutter=\u00a0\u00bbon\u00a0\u00bb gutter_width=\u00a0\u00bb1&Prime; make_equal=\u00a0\u00bbon\u00a0\u00bb admin_label=\u00a0\u00bbTitolo\u00a0\u00bb _builder_version=\u00a0\u00bb4.16&Prime; _module_preset=\u00a0\u00bbdefault\u00a0\u00bb background_color=\u00a0\u00bbRGBA(255,255,255,0)\u00a0\u00bb width=\u00a0\u00bb100%\u00a0\u00bb max_width=\u00a0\u00bb100%\u00a0\u00bb module_alignment=\u00a0\u00bbleft\u00a0\u00bb custom_margin=\u00a0\u00bb-163px||||false|false\u00a0\u00bb custom_margin_tablet=\u00a0\u00bb-163px||||false|false\u00a0\u00bb custom_margin_phone=\u00a0\u00bb-124px||||false|false\u00a0\u00bb custom_margin_last_edited=\u00a0\u00bbon|phone\u00a0\u00bb custom_padding=\u00a0\u00bb||||true|false\u00a0\u00bb collapsed=\u00a0\u00bbon\u00a0\u00bb global_colors_info=\u00a0\u00bb{}\u00a0\u00bb][et_pb_column type=\u00a0\u00bb2_5&Prime; disabled_on=\u00a0\u00bboff|off|off\u00a0\u00bb _builder_version=\u00a0\u00bb4.16&Prime; _module_preset=\u00a0\u00bbdefault\u00a0\u00bb global_colors_info=\u00a0\u00bb{}\u00a0\u00bb custom_css_main_element_last_edited=\u00a0\u00bbon|phone\u00a0\u00bb custom_css_main_element_phone=\u00a0\u00bbwidth:30px!important;||display:block!important;\u00a0\u00bb][\/et_pb_column][et_pb_column type=\u00a0\u00bb3_5&Prime; _builder_version=\u00a0\u00bb4.16&Prime; _module_preset=\u00a0\u00bbdefault\u00a0\u00bb background_color=\u00a0\u00bb#FFFFFF\u00a0\u00bb custom_padding=\u00a0\u00bb25px||25px|30px|true|false\u00a0\u00bb custom_padding_tablet=\u00a0\u00bb25px||25px|30px|true|false\u00a0\u00bb custom_padding_phone=\u00a0\u00bb||5px|20px|false|false\u00a0\u00bb custom_padding_last_edited=\u00a0\u00bbon|phone\u00a0\u00bb global_colors_info=\u00a0\u00bb{}\u00a0\u00bb custom_css_main_element_last_edited=\u00a0\u00bbon|phone\u00a0\u00bb custom_css_main_element_phone=\u00a0\u00bbwidth: calc(100% &#8211; 30px)!important;\u00a0\u00bb][et_pb_text admin_label=\u00a0\u00bbTesto\u00a0\u00bb _builder_version=\u00a0\u00bb4.16&Prime; _module_preset=\u00a0\u00bbdefault\u00a0\u00bb background_color=\u00a0\u00bbRGBA(255,255,255,0)\u00a0\u00bb saved_tabs=\u00a0\u00bball\u00a0\u00bb global_colors_info=\u00a0\u00bb{}\u00a0\u00bb]<\/p>\n<h2 class=\"h1app\">FKK \u00e0 San Vincenzo<\/h2>\n<h1 class=\"h2app\">Dans le parc naturel de Rimigliano<\/h1>\n<p>[\/et_pb_text][\/et_pb_column][\/et_pb_row][\/et_pb_section][et_pb_section fb_built=\u00a0\u00bb1&Prime; admin_label=\u00a0\u00bbIntro\u00a0\u00bb _builder_version=\u00a0\u00bb4.16&Prime; _module_preset=\u00a0\u00bbdefault\u00a0\u00bb collapsed=\u00a0\u00bbon\u00a0\u00bb global_colors_info=\u00a0\u00bb{}\u00a0\u00bb da_is_popup=\u00a0\u00bboff\u00a0\u00bb da_exit_intent=\u00a0\u00bboff\u00a0\u00bb da_has_close=\u00a0\u00bbon\u00a0\u00bb da_alt_close=\u00a0\u00bboff\u00a0\u00bb da_dark_close=\u00a0\u00bboff\u00a0\u00bb da_not_modal=\u00a0\u00bbon\u00a0\u00bb da_is_singular=\u00a0\u00bboff\u00a0\u00bb da_with_loader=\u00a0\u00bboff\u00a0\u00bb da_has_shadow=\u00a0\u00bbon\u00a0\u00bb da_disable_devices=\u00a0\u00bboff|off|off\u00a0\u00bb][et_pb_row _builder_version=\u00a0\u00bb4.16&Prime; _module_preset=\u00a0\u00bbdefault\u00a0\u00bb collapsed=\u00a0\u00bbon\u00a0\u00bb global_colors_info=\u00a0\u00bb{}\u00a0\u00bb][et_pb_column type=\u00a0\u00bb4_4&Prime; _builder_version=\u00a0\u00bb4.16&Prime; _module_preset=\u00a0\u00bbdefault\u00a0\u00bb background_enable_color=\u00a0\u00bboff\u00a0\u00bb custom_padding=\u00a0\u00bb||||true|false\u00a0\u00bb global_colors_info=\u00a0\u00bb{}\u00a0\u00bb][et_pb_text _builder_version=\u00a0\u00bb4.16&Prime; _module_preset=\u00a0\u00bbdefault\u00a0\u00bb global_colors_info=\u00a0\u00bb{}\u00a0\u00bb]<\/p>\n<p>C\u00e9l\u00e8bre pour le tourisme baln\u00e9aire, la Toscane est r\u00e9put\u00e9e pour ses plages gratuites ou am\u00e9nag\u00e9es, id\u00e9ales pour passer des vacances \u00e0 la plage \u00e0 deux, en famille ou entre amis. Sa magnifique c\u00f4te est une alternance continue de longues plages dor\u00e9es et de merveilleuses criques, dont certaines ne sont accessibles que par la mer, et pour cette raison encore plus fascinantes.<\/p>\n<p>Si vous aimez d\u00e9couvrir la plage et la mer en toute libert\u00e9 et rechercher une plage naturiste en Toscane, ne manquez pas l\u2019occasion de visiter la plage du Nid de l\u2019Aigle, situ\u00e9e \u00e0 proximit\u00e9 de la ville de San Vincenzo, \u00e9galement connue sous le nom de FKK.<\/p>\n<p>Dans cette \u00e9tendue de plage, immerg\u00e9e dans le magnifique parc naturel de Rimigliano, le naturisme est pratiqu\u00e9 depuis les ann\u00e9es 1970. En 2010, la municipalit\u00e9 de San Vincenzo a officiellement attribu\u00e9 la plage du Nid de l\u2019aAigle \u00e0 la pratique naturiste.<\/p>\n<p>[\/et_pb_text][\/et_pb_column][\/et_pb_row][\/et_pb_section][et_pb_section fb_built=\u00a0\u00bb1&Prime; admin_label=\u00a0\u00bbContenuto\u00a0\u00bb _builder_version=\u00a0\u00bb4.16&Prime; _module_preset=\u00a0\u00bbdefault\u00a0\u00bb collapsed=\u00a0\u00bboff\u00a0\u00bb global_colors_info=\u00a0\u00bb{}\u00a0\u00bb da_is_popup=\u00a0\u00bboff\u00a0\u00bb da_exit_intent=\u00a0\u00bboff\u00a0\u00bb da_has_close=\u00a0\u00bbon\u00a0\u00bb da_alt_close=\u00a0\u00bboff\u00a0\u00bb da_dark_close=\u00a0\u00bboff\u00a0\u00bb da_not_modal=\u00a0\u00bbon\u00a0\u00bb da_is_singular=\u00a0\u00bboff\u00a0\u00bb da_with_loader=\u00a0\u00bboff\u00a0\u00bb da_has_shadow=\u00a0\u00bbon\u00a0\u00bb da_disable_devices=\u00a0\u00bboff|off|off\u00a0\u00bb][et_pb_row column_structure=\u00a0\u00bb1_3,1_3,1_3&Prime; _builder_version=\u00a0\u00bb4.16&Prime; _module_preset=\u00a0\u00bbdefault\u00a0\u00bb collapsed=\u00a0\u00bboff\u00a0\u00bb global_colors_info=\u00a0\u00bb{}\u00a0\u00bb][et_pb_column type=\u00a0\u00bb1_3&Prime; _builder_version=\u00a0\u00bb4.16&Prime; _module_preset=\u00a0\u00bbdefault\u00a0\u00bb global_colors_info=\u00a0\u00bb{}\u00a0\u00bb][et_pb_image src=\u00a0\u00bbhttps:\/\/www.villaggioorizzonte.it\/wp-content\/uploads\/2019\/10\/fkk-toscana.jpg\u00a0\u00bb alt=\u00a0\u00bbfkk toscana\u00a0\u00bb title_text=\u00a0\u00bbfkk toscana\u00a0\u00bb _builder_version=\u00a0\u00bb4.16&Prime; _module_preset=\u00a0\u00bbdefault\u00a0\u00bb global_colors_info=\u00a0\u00bb{}\u00a0\u00bb][\/et_pb_image][\/et_pb_column][et_pb_column type=\u00a0\u00bb1_3&Prime; _builder_version=\u00a0\u00bb4.16&Prime; _module_preset=\u00a0\u00bbdefault\u00a0\u00bb global_colors_info=\u00a0\u00bb{}\u00a0\u00bb][et_pb_image src=\u00a0\u00bbhttps:\/\/www.villaggioorizzonte.it\/wp-content\/uploads\/2019\/10\/nido-dell-aquila-toscana.jpg\u00a0\u00bb alt=\u00a0\u00bbNido dell&rsquo;aquila Toscana\u00a0\u00bb title_text=\u00a0\u00bbNido dell&rsquo;aquila Toscana\u00a0\u00bb _builder_version=\u00a0\u00bb4.16&Prime; _module_preset=\u00a0\u00bbdefault\u00a0\u00bb global_colors_info=\u00a0\u00bb{}\u00a0\u00bb][\/et_pb_image][\/et_pb_column][et_pb_column type=\u00a0\u00bb1_3&Prime; _builder_version=\u00a0\u00bb4.16&Prime; _module_preset=\u00a0\u00bbdefault\u00a0\u00bb global_colors_info=\u00a0\u00bb{}\u00a0\u00bb][et_pb_image src=\u00a0\u00bbhttps:\/\/www.villaggioorizzonte.it\/wp-content\/uploads\/2019\/10\/spiaggia-nudisti-san-vincenzo.jpg\u00a0\u00bb alt=\u00a0\u00bbSpiaggia nudisti San Vincenzo\u00a0\u00bb title_text=\u00a0\u00bbSpiaggia nudisti San Vincenzo\u00a0\u00bb _builder_version=\u00a0\u00bb4.16&Prime; _module_preset=\u00a0\u00bbdefault\u00a0\u00bb global_colors_info=\u00a0\u00bb{}\u00a0\u00bb][\/et_pb_image][\/et_pb_column][\/et_pb_row][et_pb_row _builder_version=\u00a0\u00bb4.16&Prime; _module_preset=\u00a0\u00bbdefault\u00a0\u00bb collapsed=\u00a0\u00bbon\u00a0\u00bb global_colors_info=\u00a0\u00bb{}\u00a0\u00bb][et_pb_column type=\u00a0\u00bb4_4&Prime; _builder_version=\u00a0\u00bb4.16&Prime; _module_preset=\u00a0\u00bbdefault\u00a0\u00bb global_colors_info=\u00a0\u00bb{}\u00a0\u00bb][et_pb_text _builder_version=\u00a0\u00bb4.16&Prime; _module_preset=\u00a0\u00bbdefault\u00a0\u00bb global_colors_info=\u00a0\u00bb{}\u00a0\u00bb]<\/p>\n<p>En peu de temps, le FKK est devenu la plage nudiste parmi les plus connues et les plus appr\u00e9ci\u00e9es de la Toscane. L\u2019une des raisons est sans aucun doute le paysage naturel qui l\u2019entoure, qui est celui du parc naturel de Rimigliano, l\u2019un des parcs c\u00f4tiers du Val di Cornia, qui, avec ses dunes de sable claires, la pin\u00e8de et la garrigue m\u00e9diterran\u00e9enne, offre des vues et des senteurs uniques.<\/p>\n<p>Deuxi\u00e8mement, la plage est facilement accessible en voiture, \u00e9quip\u00e9e de toilettes et d\u2019un petit bar \/ restaurant.<\/p>\n<p>Pour vivre une exp\u00e9rience de naturisme unique, dans la libert\u00e9 totale et le respect de l\u2019environnement, le FKK est la plage nudiste de Toscane qui vous convient!<\/p>\n<p>[\/et_pb_text][\/et_pb_column][\/et_pb_row][\/et_pb_section][et_pb_section fb_built=\u00a0\u00bb1&Prime; admin_label=\u00a0\u00bbAltre spiagge IT\u00a0\u00bb _builder_version=\u00a0\u00bb4.16.0&Prime; _module_preset=\u00a0\u00bbdefault\u00a0\u00bb global_module=\u00a0\u00bb275477&Prime; saved_tabs=\u00a0\u00bball\u00a0\u00bb collapsed=\u00a0\u00bboff\u00a0\u00bb global_colors_info=\u00a0\u00bb{}\u00a0\u00bb da_is_popup=\u00a0\u00bboff\u00a0\u00bb da_exit_intent=\u00a0\u00bboff\u00a0\u00bb da_has_close=\u00a0\u00bbon\u00a0\u00bb da_alt_close=\u00a0\u00bboff\u00a0\u00bb da_dark_close=\u00a0\u00bboff\u00a0\u00bb da_not_modal=\u00a0\u00bbon\u00a0\u00bb da_is_singular=\u00a0\u00bboff\u00a0\u00bb da_with_loader=\u00a0\u00bboff\u00a0\u00bb da_has_shadow=\u00a0\u00bbon\u00a0\u00bb da_disable_devices=\u00a0\u00bboff|off|off\u00a0\u00bb][et_pb_row _builder_version=\u00a0\u00bb4.16.0&Prime; _module_preset=\u00a0\u00bbdefault\u00a0\u00bb hover_enabled=\u00a0\u00bb0&Prime; collapsed=\u00a0\u00bboff\u00a0\u00bb global_colors_info=\u00a0\u00bb{}\u00a0\u00bb admin_label=\u00a0\u00bbRiga IT\u00a0\u00bb sticky_enabled=\u00a0\u00bb0&Prime;][et_pb_column type=\u00a0\u00bb4_4&Prime; _builder_version=\u00a0\u00bb4.16&Prime; _module_preset=\u00a0\u00bbdefault\u00a0\u00bb global_colors_info=\u00a0\u00bb{}\u00a0\u00bb][dica_divi_carousel item_width_auto=\u00a0\u00bbon\u00a0\u00bb item_width=\u00a0\u00bb300px\u00a0\u00bb multislide=\u00a0\u00bbon\u00a0\u00bb centermode=\u00a0\u00bbon\u00a0\u00bb loop=\u00a0\u00bbon\u00a0\u00bb arrow_nav=\u00a0\u00bbon\u00a0\u00bb item_spacing=\u00a0\u00bb15&Prime; equal_height=\u00a0\u00bbon\u00a0\u00bb lazy_loading=\u00a0\u00bbon\u00a0\u00bb load_before_transition=\u00a0\u00bbon\u00a0\u00bb advanced_effect=\u00a0\u00bb1&Prime; arrow_nav_color=\u00a0\u00bb#FFFFFF\u00a0\u00bb arrow_bg_color=\u00a0\u00bbrgba(255,255,255,0.5)\u00a0\u00bb dots_color=\u00a0\u00bbRGBA(255,255,255,0)\u00a0\u00bb dots_active_color=\u00a0\u00bbRGBA(255,255,255,0)\u00a0\u00bb title_background=\u00a0\u00bbRGBA(255,255,255,0)\u00a0\u00bb subtitle_background=\u00a0\u00bbRGBA(255,255,255,0)\u00a0\u00bb image_force_fullwidth=\u00a0\u00bbon\u00a0\u00bb item_padding=\u00a0\u00bb170px||||false|false\u00a0\u00bb admin_label=\u00a0\u00bbCarosello IT\u00a0\u00bb _builder_version=\u00a0\u00bb4.16.0&Prime; title_font=\u00a0\u00bbJost|||on|||||\u00a0\u00bb title_text_align=\u00a0\u00bbcenter\u00a0\u00bb title_text_color=\u00a0\u00bb#FFFFFF\u00a0\u00bb subtitle_font=\u00a0\u00bbKrona One||||||||\u00a0\u00bb subtitle_text_align=\u00a0\u00bbcenter\u00a0\u00bb subtitle_text_color=\u00a0\u00bb#FFFFFF\u00a0\u00bb subtitle_font_size=\u00a0\u00bb30px\u00a0\u00bb subtitle_letter_spacing=\u00a0\u00bb-2px\u00a0\u00bb body_font=\u00a0\u00bbAnonymous Pro||||||||\u00a0\u00bb body_text_align=\u00a0\u00bbcenter\u00a0\u00bb hover_enabled=\u00a0\u00bb0&Prime; subtitle_font_size_tablet=\u00a0\u00bb36px\u00a0\u00bb subtitle_font_size_phone=\u00a0\u00bb24px\u00a0\u00bb subtitle_font_size_last_edited=\u00a0\u00bbon|phone\u00a0\u00bb global_colors_info=\u00a0\u00bb{}\u00a0\u00bb sticky_enabled=\u00a0\u00bb0&Prime;][dica_divi_carouselitem sub_title=\u00a0\u00bbCOSTA EST\u00a0\u00bb button_url_new_window=\u00a0\u00bb1&Prime; image_position=\u00a0\u00bbimage_under_title\u00a0\u00bb _builder_version=\u00a0\u00bb4.14.8&Prime; _dynamic_attributes=\u00a0\u00bblink_option_url\u00a0\u00bb _module_preset=\u00a0\u00bbdefault\u00a0\u00bb header_text_align=\u00a0\u00bbcenter\u00a0\u00bb subtitle_text_align=\u00a0\u00bbcenter\u00a0\u00bb background_image=\u00a0\u00bbhttps:\/\/www.villaggioorizzonte.it\/wp-content\/uploads\/2019\/10\/spiagge-costa-est-750&#215;900.jpg\u00a0\u00bb background_enable_image=\u00a0\u00bbon\u00a0\u00bb link_option_url=\u00a0\u00bb@ET-DC@eyJkeW5hbWljIjp0cnVlLCJjb250ZW50IjoicG9zdF9saW5rX3VybF9wYWdlIiwic2V0dGluZ3MiOnsicG9zdF9pZCI6IjM2NzYifX0=@\u00a0\u00bb custom_css_main_element=\u00a0\u00bbheight:450px!important;\u00a0\u00bb global_colors_info=\u00a0\u00bb{}\u00a0\u00bb][\/dica_divi_carouselitem][dica_divi_carouselitem sub_title=\u00a0\u00bbBARATTI\u00a0\u00bb button_url_new_window=\u00a0\u00bb1&Prime; image_position=\u00a0\u00bbimage_under_title\u00a0\u00bb _builder_version=\u00a0\u00bb4.14.8&Prime; _dynamic_attributes=\u00a0\u00bblink_option_url\u00a0\u00bb _module_preset=\u00a0\u00bbdefault\u00a0\u00bb header_text_align=\u00a0\u00bbcenter\u00a0\u00bb subtitle_text_align=\u00a0\u00bbcenter\u00a0\u00bb background_image=\u00a0\u00bbhttps:\/\/www.villaggioorizzonte.it\/wp-content\/uploads\/2019\/10\/spiaggia-di-baratti-750&#215;900.jpg\u00a0\u00bb background_enable_image=\u00a0\u00bbon\u00a0\u00bb link_option_url=\u00a0\u00bb@ET-DC@eyJkeW5hbWljIjp0cnVlLCJjb250ZW50IjoicG9zdF9saW5rX3VybF9wYWdlIiwic2V0dGluZ3MiOnsicG9zdF9pZCI6IjM2MTgifX0=@\u00a0\u00bb custom_css_main_element=\u00a0\u00bbheight:450px!important;\u00a0\u00bb global_colors_info=\u00a0\u00bb{}\u00a0\u00bb][\/dica_divi_carouselitem][dica_divi_carouselitem sub_title=\u00a0\u00bbDOG BEACH\u00a0\u00bb button_url_new_window=\u00a0\u00bb1&Prime; image_position=\u00a0\u00bbimage_under_title\u00a0\u00bb _builder_version=\u00a0\u00bb4.14.8&Prime; _dynamic_attributes=\u00a0\u00bblink_option_url\u00a0\u00bb _module_preset=\u00a0\u00bbdefault\u00a0\u00bb header_text_align=\u00a0\u00bbcenter\u00a0\u00bb subtitle_text_align=\u00a0\u00bbcenter\u00a0\u00bb background_image=\u00a0\u00bbhttps:\/\/www.villaggioorizzonte.it\/wp-content\/uploads\/2019\/10\/dog-beach-toscana-750&#215;900.jpg\u00a0\u00bb background_enable_image=\u00a0\u00bbon\u00a0\u00bb link_option_url=\u00a0\u00bb@ET-DC@eyJkeW5hbWljIjp0cnVlLCJjb250ZW50IjoicG9zdF9saW5rX3VybF9wYWdlIiwic2V0dGluZ3MiOnsicG9zdF9pZCI6IjM0OTIifX0=@\u00a0\u00bb custom_css_main_element=\u00a0\u00bbheight:450px!important;\u00a0\u00bb global_colors_info=\u00a0\u00bb{}\u00a0\u00bb][\/dica_divi_carouselitem][dica_divi_carouselitem sub_title=\u00a0\u00bbNATURISTE\u00a0\u00bb button_url_new_window=\u00a0\u00bb1&Prime; image_position=\u00a0\u00bbimage_under_title\u00a0\u00bb _builder_version=\u00a0\u00bb4.14.8&Prime; _dynamic_attributes=\u00a0\u00bblink_option_url\u00a0\u00bb _module_preset=\u00a0\u00bbdefault\u00a0\u00bb header_text_align=\u00a0\u00bbcenter\u00a0\u00bb subtitle_text_align=\u00a0\u00bbcenter\u00a0\u00bb background_image=\u00a0\u00bbhttps:\/\/www.villaggioorizzonte.it\/wp-content\/uploads\/2019\/10\/spiaggia-nudisti-rimigliano-750&#215;900.jpg\u00a0\u00bb background_enable_image=\u00a0\u00bbon\u00a0\u00bb link_option_url=\u00a0\u00bb@ET-DC@eyJkeW5hbWljIjp0cnVlLCJjb250ZW50IjoicG9zdF9saW5rX3VybF9wYWdlIiwic2V0dGluZ3MiOnsicG9zdF9pZCI6IjM1NzYifX0=@\u00a0\u00bb custom_css_main_element=\u00a0\u00bbheight:450px!important;\u00a0\u00bb global_colors_info=\u00a0\u00bb{}\u00a0\u00bb][\/dica_divi_carouselitem][\/dica_divi_carousel][\/et_pb_column][\/et_pb_row][\/et_pb_section]<\/p>\n","protected":false},"excerpt":{"rendered":"<p>FKK \u00e0 San Vincenzo Dans le parc naturel de RimiglianoC\u00e9l\u00e8bre pour le tourisme baln\u00e9aire, la Toscane est r\u00e9put\u00e9e pour ses plages gratuites ou am\u00e9nag\u00e9es, id\u00e9ales pour passer des vacances \u00e0 la plage \u00e0 deux, en famille ou entre amis. Sa magnifique c\u00f4te est une alternance continue de longues plages dor\u00e9es et de merveilleuses criques, dont [&hellip;]<\/p>\n","protected":false},"author":7,"featured_media":0,"parent":7260,"menu_order":0,"comment_status":"closed","ping_status":"closed","template":"","meta":{"_et_pb_use_builder":"on","_et_pb_old_content":"","_et_gb_content_width":"","ngg_post_thumbnail":0,"footnotes":""},"class_list":["post-7591","page","type-page","status-publish","hentry"],"yoast_head":"<!-- This site is optimized with the Yoast SEO plugin v25.8 - https:\/\/yoast.com\/wordpress\/plugins\/seo\/ -->\n<title>Plage naturiste en Toscane \u00e0 San Vincenzo - Villaggio Orizzonte<\/title>\n<meta name=\"description\" content=\"Les plages de la Toscane pr\u00e8s du village d&#039;Orizzonte sont riches en services, baign\u00e9es par une mer cristalline et r\u00e9compens\u00e9es par le Drapeau Bleu europ\u00e9en.\" \/>\n<meta name=\"robots\" content=\"index, follow, max-snippet:-1, max-image-preview:large, max-video-preview:-1\" \/>\n<link rel=\"canonical\" href=\"https:\/\/www.villaggioorizzonte.it\/fr\/plages-en-toscane\/plage-naturiste.html\" \/>\n<meta property=\"og:locale\" content=\"fr_FR\" \/>\n<meta property=\"og:type\" content=\"article\" \/>\n<meta property=\"og:title\" content=\"Plage naturiste en Toscane \u00e0 San Vincenzo - Villaggio Orizzonte\" \/>\n<meta property=\"og:description\" content=\"Les plages de la Toscane pr\u00e8s du village d&#039;Orizzonte sont riches en services, baign\u00e9es par une mer cristalline et r\u00e9compens\u00e9es par le Drapeau Bleu europ\u00e9en.\" \/>\n<meta property=\"og:url\" content=\"https:\/\/www.villaggioorizzonte.it\/fr\/plages-en-toscane\/plage-naturiste.html\" \/>\n<meta property=\"og:site_name\" content=\"Villaggio Orizzonte\" \/>\n<meta property=\"article:modified_time\" content=\"2022-04-07T12:47:44+00:00\" \/>\n<meta name=\"twitter:card\" content=\"summary_large_image\" \/>\n<script type=\"application\/ld+json\" class=\"yoast-schema-graph\">{\"@context\":\"https:\/\/schema.org\",\"@graph\":[{\"@type\":\"WebPage\",\"@id\":\"https:\/\/www.villaggioorizzonte.it\/fr\/plages-en-toscane\/plage-naturiste.html\",\"url\":\"https:\/\/www.villaggioorizzonte.it\/fr\/plages-en-toscane\/plage-naturiste.html\",\"name\":\"Plage naturiste en Toscane \u00e0 San Vincenzo - Villaggio Orizzonte\",\"isPartOf\":{\"@id\":\"https:\/\/www.villaggioorizzonte.it\/fr\/#website\"},\"datePublished\":\"2019-10-21T10:51:10+00:00\",\"dateModified\":\"2022-04-07T12:47:44+00:00\",\"description\":\"Les plages de la Toscane pr\u00e8s du village d'Orizzonte sont riches en services, baign\u00e9es par une mer cristalline et r\u00e9compens\u00e9es par le Drapeau Bleu europ\u00e9en.\",\"breadcrumb\":{\"@id\":\"https:\/\/www.villaggioorizzonte.it\/fr\/plages-en-toscane\/plage-naturiste.html#breadcrumb\"},\"inLanguage\":\"fr-FR\",\"potentialAction\":[{\"@type\":\"ReadAction\",\"target\":[\"https:\/\/www.villaggioorizzonte.it\/fr\/plages-en-toscane\/plage-naturiste.html\"]}]},{\"@type\":\"BreadcrumbList\",\"@id\":\"https:\/\/www.villaggioorizzonte.it\/fr\/plages-en-toscane\/plage-naturiste.html#breadcrumb\",\"itemListElement\":[{\"@type\":\"ListItem\",\"position\":1,\"name\":\"Home\",\"item\":\"https:\/\/www.villaggioorizzonte.it\/fr\/\"},{\"@type\":\"ListItem\",\"position\":2,\"name\":\"Plages en Toscane\",\"item\":\"https:\/\/www.villaggioorizzonte.it\/fr\/plages-en-toscane.html\"},{\"@type\":\"ListItem\",\"position\":3,\"name\":\"Plage naturiste\"}]},{\"@type\":\"WebSite\",\"@id\":\"https:\/\/www.villaggioorizzonte.it\/fr\/#website\",\"url\":\"https:\/\/www.villaggioorizzonte.it\/fr\/\",\"name\":\"Villaggio Orizzonte\",\"description\":\"Villaggio Turistico\",\"potentialAction\":[{\"@type\":\"SearchAction\",\"target\":{\"@type\":\"EntryPoint\",\"urlTemplate\":\"https:\/\/www.villaggioorizzonte.it\/fr\/?s={search_term_string}\"},\"query-input\":{\"@type\":\"PropertyValueSpecification\",\"valueRequired\":true,\"valueName\":\"search_term_string\"}}],\"inLanguage\":\"fr-FR\"}]}<\/script>\n<!-- \/ Yoast SEO plugin. -->","yoast_head_json":{"title":"Plage naturiste en Toscane \u00e0 San Vincenzo - Villaggio Orizzonte","description":"Les plages de la Toscane pr\u00e8s du village d'Orizzonte sont riches en services, baign\u00e9es par une mer cristalline et r\u00e9compens\u00e9es par le Drapeau Bleu europ\u00e9en.","robots":{"index":"index","follow":"follow","max-snippet":"max-snippet:-1","max-image-preview":"max-image-preview:large","max-video-preview":"max-video-preview:-1"},"canonical":"https:\/\/www.villaggioorizzonte.it\/fr\/plages-en-toscane\/plage-naturiste.html","og_locale":"fr_FR","og_type":"article","og_title":"Plage naturiste en Toscane \u00e0 San Vincenzo - Villaggio Orizzonte","og_description":"Les plages de la Toscane pr\u00e8s du village d'Orizzonte sont riches en services, baign\u00e9es par une mer cristalline et r\u00e9compens\u00e9es par le Drapeau Bleu europ\u00e9en.","og_url":"https:\/\/www.villaggioorizzonte.it\/fr\/plages-en-toscane\/plage-naturiste.html","og_site_name":"Villaggio Orizzonte","article_modified_time":"2022-04-07T12:47:44+00:00","twitter_card":"summary_large_image","schema":{"@context":"https:\/\/schema.org","@graph":[{"@type":"WebPage","@id":"https:\/\/www.villaggioorizzonte.it\/fr\/plages-en-toscane\/plage-naturiste.html","url":"https:\/\/www.villaggioorizzonte.it\/fr\/plages-en-toscane\/plage-naturiste.html","name":"Plage naturiste en Toscane \u00e0 San Vincenzo - Villaggio Orizzonte","isPartOf":{"@id":"https:\/\/www.villaggioorizzonte.it\/fr\/#website"},"datePublished":"2019-10-21T10:51:10+00:00","dateModified":"2022-04-07T12:47:44+00:00","description":"Les plages de la Toscane pr\u00e8s du village d'Orizzonte sont riches en services, baign\u00e9es par une mer cristalline et r\u00e9compens\u00e9es par le Drapeau Bleu europ\u00e9en.","breadcrumb":{"@id":"https:\/\/www.villaggioorizzonte.it\/fr\/plages-en-toscane\/plage-naturiste.html#breadcrumb"},"inLanguage":"fr-FR","potentialAction":[{"@type":"ReadAction","target":["https:\/\/www.villaggioorizzonte.it\/fr\/plages-en-toscane\/plage-naturiste.html"]}]},{"@type":"BreadcrumbList","@id":"https:\/\/www.villaggioorizzonte.it\/fr\/plages-en-toscane\/plage-naturiste.html#breadcrumb","itemListElement":[{"@type":"ListItem","position":1,"name":"Home","item":"https:\/\/www.villaggioorizzonte.it\/fr\/"},{"@type":"ListItem","position":2,"name":"Plages en Toscane","item":"https:\/\/www.villaggioorizzonte.it\/fr\/plages-en-toscane.html"},{"@type":"ListItem","position":3,"name":"Plage naturiste"}]},{"@type":"WebSite","@id":"https:\/\/www.villaggioorizzonte.it\/fr\/#website","url":"https:\/\/www.villaggioorizzonte.it\/fr\/","name":"Villaggio Orizzonte","description":"Villaggio Turistico","potentialAction":[{"@type":"SearchAction","target":{"@type":"EntryPoint","urlTemplate":"https:\/\/www.villaggioorizzonte.it\/fr\/?s={search_term_string}"},"query-input":{"@type":"PropertyValueSpecification","valueRequired":true,"valueName":"search_term_string"}}],"inLanguage":"fr-FR"}]}},"_links":{"self":[{"href":"https:\/\/www.villaggioorizzonte.it\/fr\/wp-json\/wp\/v2\/pages\/7591","targetHints":{"allow":["GET"]}}],"collection":[{"href":"https:\/\/www.villaggioorizzonte.it\/fr\/wp-json\/wp\/v2\/pages"}],"about":[{"href":"https:\/\/www.villaggioorizzonte.it\/fr\/wp-json\/wp\/v2\/types\/page"}],"author":[{"embeddable":true,"href":"https:\/\/www.villaggioorizzonte.it\/fr\/wp-json\/wp\/v2\/users\/7"}],"replies":[{"embeddable":true,"href":"https:\/\/www.villaggioorizzonte.it\/fr\/wp-json\/wp\/v2\/comments?post=7591"}],"version-history":[{"count":0,"href":"https:\/\/www.villaggioorizzonte.it\/fr\/wp-json\/wp\/v2\/pages\/7591\/revisions"}],"up":[{"embeddable":true,"href":"https:\/\/www.villaggioorizzonte.it\/fr\/wp-json\/wp\/v2\/pages\/7260"}],"wp:attachment":[{"href":"https:\/\/www.villaggioorizzonte.it\/fr\/wp-json\/wp\/v2\/media?parent=7591"}],"curies":[{"name":"wp","href":"https:\/\/api.w.org\/{rel}","templated":true}]}}