{"id":7534,"date":"2019-10-18T16:37:07","date_gmt":"2019-10-18T14:37:07","guid":{"rendered":"https:\/\/b6.aerostatonet.it\/spiagge-toscana\/dog-beach-toscana.html"},"modified":"2022-04-07T14:45:14","modified_gmt":"2022-04-07T12:45:14","slug":"dog-beaches-en-toscane","status":"publish","type":"page","link":"https:\/\/www.villaggioorizzonte.it\/fr\/plages-en-toscane\/dog-beaches-en-toscane.html","title":{"rendered":"Dog Beach"},"content":{"rendered":"<p>[et_pb_section fb_built=\u00a0\u00bb1&Prime; admin_label=\u00a0\u00bbTestata\u00a0\u00bb _builder_version=\u00a0\u00bb4.14.7&Prime; _module_preset=\u00a0\u00bbdefault\u00a0\u00bb custom_margin=\u00a0\u00bb0px|0px|0px||false|false\u00a0\u00bb custom_padding=\u00a0\u00bb0px|0px|0px|0px|false|false\u00a0\u00bb saved_tabs=\u00a0\u00bball\u00a0\u00bb locked=\u00a0\u00bboff\u00a0\u00bb collapsed=\u00a0\u00bbon\u00a0\u00bb global_colors_info=\u00a0\u00bb{}\u00a0\u00bb][et_pb_row use_custom_gutter=\u00a0\u00bbon\u00a0\u00bb gutter_width=\u00a0\u00bb1&Prime; admin_label=\u00a0\u00bbSfondo immagine\u00a0\u00bb module_class=\u00a0\u00bbtestata\u00a0\u00bb _builder_version=\u00a0\u00bb4.14.7&Prime; _module_preset=\u00a0\u00bbdefault\u00a0\u00bb background_color=\u00a0\u00bbRGBA(255,255,255,0)\u00a0\u00bb background_enable_image=\u00a0\u00bboff\u00a0\u00bb width=\u00a0\u00bb100%\u00a0\u00bb max_width=\u00a0\u00bb100%\u00a0\u00bb module_alignment=\u00a0\u00bbcenter\u00a0\u00bb height=\u00a0\u00bb88vh\u00a0\u00bb overflow-x=\u00a0\u00bbhidden\u00a0\u00bb overflow-y=\u00a0\u00bbhidden\u00a0\u00bb locked=\u00a0\u00bboff\u00a0\u00bb collapsed=\u00a0\u00bbon\u00a0\u00bb global_colors_info=\u00a0\u00bb{}\u00a0\u00bb custom_css_main_element_last_edited=\u00a0\u00bbon|phone\u00a0\u00bb custom_css_main_element_phone=\u00a0\u00bbmax-height: 550px!important;\u00a0\u00bb][et_pb_column type=\u00a0\u00bb4_4&Prime; _builder_version=\u00a0\u00bb4.14.7&Prime; _module_preset=\u00a0\u00bbdefault\u00a0\u00bb global_colors_info=\u00a0\u00bb{}\u00a0\u00bb][et_pb_image src=\u00a0\u00bbhttps:\/\/www.villaggioorizzonte.it\/wp-content\/uploads\/2019\/10\/dog-beach-toscana.jpg\u00a0\u00bb title_text=\u00a0\u00bbDog beach Toscana\u00a0\u00bb force_fullwidth=\u00a0\u00bbon\u00a0\u00bb _builder_version=\u00a0\u00bb4.14.8&Prime; _module_preset=\u00a0\u00bbdefault\u00a0\u00bb hover_enabled=\u00a0\u00bb0&Prime; saved_tabs=\u00a0\u00bball\u00a0\u00bb global_colors_info=\u00a0\u00bb{}\u00a0\u00bb alt=\u00a0\u00bbDog beach Toscana\u00a0\u00bb sticky_enabled=\u00a0\u00bb0&Prime;][\/et_pb_image][\/et_pb_column][\/et_pb_row][et_pb_row column_structure=\u00a0\u00bb2_5,3_5&Prime; use_custom_gutter=\u00a0\u00bbon\u00a0\u00bb gutter_width=\u00a0\u00bb1&Prime; make_equal=\u00a0\u00bbon\u00a0\u00bb admin_label=\u00a0\u00bbTitolo\u00a0\u00bb _builder_version=\u00a0\u00bb4.14.7&Prime; _module_preset=\u00a0\u00bbdefault\u00a0\u00bb background_color=\u00a0\u00bbRGBA(255,255,255,0)\u00a0\u00bb width=\u00a0\u00bb100%\u00a0\u00bb max_width=\u00a0\u00bb100%\u00a0\u00bb module_alignment=\u00a0\u00bbleft\u00a0\u00bb custom_margin=\u00a0\u00bb-163px||||false|false\u00a0\u00bb custom_margin_tablet=\u00a0\u00bb-163px||||false|false\u00a0\u00bb custom_margin_phone=\u00a0\u00bb-124px||||false|false\u00a0\u00bb custom_margin_last_edited=\u00a0\u00bbon|phone\u00a0\u00bb custom_padding=\u00a0\u00bb||||true|false\u00a0\u00bb collapsed=\u00a0\u00bbon\u00a0\u00bb global_colors_info=\u00a0\u00bb{}\u00a0\u00bb][et_pb_column type=\u00a0\u00bb2_5&Prime; disabled_on=\u00a0\u00bboff|off|off\u00a0\u00bb _builder_version=\u00a0\u00bb4.14.7&Prime; _module_preset=\u00a0\u00bbdefault\u00a0\u00bb global_colors_info=\u00a0\u00bb{}\u00a0\u00bb custom_css_main_element_last_edited=\u00a0\u00bbon|phone\u00a0\u00bb custom_css_main_element_phone=\u00a0\u00bbwidth:30px!important;||display:block!important;\u00a0\u00bb][\/et_pb_column][et_pb_column type=\u00a0\u00bb3_5&Prime; _builder_version=\u00a0\u00bb4.14.7&Prime; _module_preset=\u00a0\u00bbdefault\u00a0\u00bb background_color=\u00a0\u00bb#FFFFFF\u00a0\u00bb custom_padding=\u00a0\u00bb25px||25px|30px|true|false\u00a0\u00bb custom_padding_tablet=\u00a0\u00bb25px||25px|30px|true|false\u00a0\u00bb custom_padding_phone=\u00a0\u00bb||5px|20px|false|false\u00a0\u00bb custom_padding_last_edited=\u00a0\u00bbon|phone\u00a0\u00bb global_colors_info=\u00a0\u00bb{}\u00a0\u00bb custom_css_main_element_last_edited=\u00a0\u00bbon|phone\u00a0\u00bb custom_css_main_element_phone=\u00a0\u00bbwidth: calc(100% &#8211; 30px)!important;\u00a0\u00bb][et_pb_text admin_label=\u00a0\u00bbTesto\u00a0\u00bb _builder_version=\u00a0\u00bb4.14.7&Prime; _module_preset=\u00a0\u00bbdefault\u00a0\u00bb background_color=\u00a0\u00bbRGBA(255,255,255,0)\u00a0\u00bb hover_enabled=\u00a0\u00bb0&Prime; saved_tabs=\u00a0\u00bball\u00a0\u00bb global_colors_info=\u00a0\u00bb{}\u00a0\u00bb sticky_enabled=\u00a0\u00bb0&Prime;]<\/p>\n<h2 class=\"h1app\">Plages pour chiens<\/h2>\n<h1 class=\"h2app\">&#8230;ET BEAUCOUP D&rsquo;AUTRES SERVICES<\/h1>\n<p>[\/et_pb_text][\/et_pb_column][\/et_pb_row][\/et_pb_section][et_pb_section fb_built=\u00a0\u00bb1&Prime; admin_label=\u00a0\u00bbIntro\u00a0\u00bb _builder_version=\u00a0\u00bb4.14.7&Prime; _module_preset=\u00a0\u00bbdefault\u00a0\u00bb collapsed=\u00a0\u00bbon\u00a0\u00bb global_colors_info=\u00a0\u00bb{}\u00a0\u00bb][et_pb_row _builder_version=\u00a0\u00bb4.14.7&Prime; _module_preset=\u00a0\u00bbdefault\u00a0\u00bb collapsed=\u00a0\u00bbon\u00a0\u00bb global_colors_info=\u00a0\u00bb{}\u00a0\u00bb][et_pb_column type=\u00a0\u00bb4_4&Prime; _builder_version=\u00a0\u00bb4.14.7&Prime; _module_preset=\u00a0\u00bbdefault\u00a0\u00bb background_enable_color=\u00a0\u00bboff\u00a0\u00bb custom_padding=\u00a0\u00bb||||true|false\u00a0\u00bb global_colors_info=\u00a0\u00bb{}\u00a0\u00bb][et_pb_text _builder_version=\u00a0\u00bb4.14.7&Prime; _module_preset=\u00a0\u00bbdefault\u00a0\u00bb global_colors_info=\u00a0\u00bb{}\u00a0\u00bb]<\/p>\n<p>Si vous \u00eates en <strong>vacances en Toscane avec votre chien<\/strong>, la C\u00f4te \u00e9trusque vous offre diff\u00e9rentes possibilit\u00e9s.<\/p>\n<p>En partant de la C\u00f4te Est, en plus de la plage libre de Mortelliccio, o\u00f9 les chiens peuvent se d\u00e9placer librement sans laisse et sans museli\u00e8re, vous pouvez trouver un \u00e9tablissement baln\u00e9aire \u00e9quip\u00e9 pour vos amis fid\u00e8les \u00e0 la plage<strong> Pascia Glam<\/strong>, sur la plage de Perelli.<\/p>\n<p>Immerg\u00e9 dans le magnifique Parco della Sterpaia, il accueille les chiens, qui dans cette partie de la c\u00f4te peuvent se baigner avec leurs propri\u00e9taires, et met \u00e0 leur disposition un espace entier avec de l\u2019eau, des bols et des douches r\u00e9serv\u00e9s aux amis poilus.<\/p>\n<p>[\/et_pb_text][\/et_pb_column][\/et_pb_row][\/et_pb_section][et_pb_section fb_built=\u00a0\u00bb1&Prime; admin_label=\u00a0\u00bbContenuto\u00a0\u00bb _builder_version=\u00a0\u00bb4.14.7&Prime; _module_preset=\u00a0\u00bbdefault\u00a0\u00bb collapsed=\u00a0\u00bboff\u00a0\u00bb global_colors_info=\u00a0\u00bb{}\u00a0\u00bb][et_pb_row column_structure=\u00a0\u00bb1_3,1_3,1_3&Prime; _builder_version=\u00a0\u00bb4.14.7&Prime; _module_preset=\u00a0\u00bbdefault\u00a0\u00bb global_colors_info=\u00a0\u00bb{}\u00a0\u00bb][et_pb_column type=\u00a0\u00bb1_3&Prime; _builder_version=\u00a0\u00bb4.14.7&Prime; _module_preset=\u00a0\u00bbdefault\u00a0\u00bb global_colors_info=\u00a0\u00bb{}\u00a0\u00bb][et_pb_image src=\u00a0\u00bbhttps:\/\/www.villaggioorizzonte.it\/wp-content\/uploads\/2019\/10\/spiaggia-animali-toscana.jpg\u00a0\u00bb title_text=\u00a0\u00bbSpiagge per animali in Toscana\u00a0\u00bb _builder_version=\u00a0\u00bb4.14.8&Prime; _module_preset=\u00a0\u00bbdefault\u00a0\u00bb hover_enabled=\u00a0\u00bb0&Prime; global_colors_info=\u00a0\u00bb{}\u00a0\u00bb alt=\u00a0\u00bbSpiagge per animali in Toscana\u00a0\u00bb sticky_enabled=\u00a0\u00bb0&Prime;][\/et_pb_image][\/et_pb_column][et_pb_column type=\u00a0\u00bb1_3&Prime; _builder_version=\u00a0\u00bb4.14.7&Prime; _module_preset=\u00a0\u00bbdefault\u00a0\u00bb global_colors_info=\u00a0\u00bb{}\u00a0\u00bb][et_pb_image src=\u00a0\u00bbhttps:\/\/www.villaggioorizzonte.it\/wp-content\/uploads\/2019\/10\/spiaggia-cani-toscana.jpg\u00a0\u00bb title_text=\u00a0\u00bbSpiaggia per cani in Toscana\u00a0\u00bb _builder_version=\u00a0\u00bb4.14.8&Prime; _module_preset=\u00a0\u00bbdefault\u00a0\u00bb hover_enabled=\u00a0\u00bb0&Prime; global_colors_info=\u00a0\u00bb{}\u00a0\u00bb alt=\u00a0\u00bbSpiaggia per cani in Toscana\u00a0\u00bb sticky_enabled=\u00a0\u00bb0&Prime;][\/et_pb_image][\/et_pb_column][et_pb_column type=\u00a0\u00bb1_3&Prime; _builder_version=\u00a0\u00bb4.14.7&Prime; _module_preset=\u00a0\u00bbdefault\u00a0\u00bb global_colors_info=\u00a0\u00bb{}\u00a0\u00bb][et_pb_image _builder_version=\u00a0\u00bb4.14.8&Prime; _module_preset=\u00a0\u00bbdefault\u00a0\u00bb alt=\u00a0\u00bbDog beach Toscana\u00a0\u00bb title_text=\u00a0\u00bbDog beach Toscana\u00a0\u00bb src=\u00a0\u00bbhttps:\/\/www.villaggioorizzonte.it\/wp-content\/uploads\/2019\/10\/dog-beach-costa-toscana.jpg\u00a0\u00bb hover_enabled=\u00a0\u00bb0&Prime; sticky_enabled=\u00a0\u00bb0&Prime;][\/et_pb_image][\/et_pb_column][\/et_pb_row][et_pb_row column_structure=\u00a0\u00bb1_2,1_2&Prime; _builder_version=\u00a0\u00bb4.14.7&Prime; _module_preset=\u00a0\u00bbdefault\u00a0\u00bb global_colors_info=\u00a0\u00bb{}\u00a0\u00bb][et_pb_column type=\u00a0\u00bb1_2&Prime; _builder_version=\u00a0\u00bb4.14.7&Prime; _module_preset=\u00a0\u00bbdefault\u00a0\u00bb global_colors_info=\u00a0\u00bb{}\u00a0\u00bb][et_pb_text _builder_version=\u00a0\u00bb4.14.7&Prime; _module_preset=\u00a0\u00bbdefault\u00a0\u00bb global_colors_info=\u00a0\u00bb{}\u00a0\u00bb]<\/p>\n<p>L\u2019un des endroits les plus aim\u00e9s et visit\u00e9s de la Val di Cornia, par les habitants et les touristes, est, sans aucun doute, le Golfe de Baratti. Juste sur la plage du golfe si confortable et suggestif, il ne pouvait donc pas manquer une plage de chien, pour tous ceux qui souhaitent passer une journ\u00e9e sans soucis \u00e0 la plage avec leur ami \u00e0 quatre pattes.<\/p>\n<p>La<strong> plage pour chiens de Baratti<\/strong> est une plage libre r\u00e9serv\u00e9e \u00e0 tous ceux qui partent en vacances avec leurs amis les animaux, bord\u00e9e d\u2019un c\u00f4t\u00e9 par les vestiges arch\u00e9ologiques de San Cerbone et de l\u2019autre par des anciens b\u00e2timents ruraux typiquement toscans, situ\u00e9 \u00e0 proximit\u00e9 de la pin\u00e8de et connus avec le nom populaire de \u00ab Il Casone \u00bb.<\/p>\n<p>[\/et_pb_text][\/et_pb_column][et_pb_column type=\u00a0\u00bb1_2&Prime; _builder_version=\u00a0\u00bb4.14.7&Prime; _module_preset=\u00a0\u00bbdefault\u00a0\u00bb global_colors_info=\u00a0\u00bb{}\u00a0\u00bb][et_pb_text _builder_version=\u00a0\u00bb4.14.7&Prime; _module_preset=\u00a0\u00bbdefault\u00a0\u00bb global_colors_info=\u00a0\u00bb{}\u00a0\u00bb]<\/p>\n<p>En continuant vers le nord en direction de San Vincenzo, nous trouvons la <strong>Dog Beach<\/strong>, <strong>une plage enti\u00e8rement organis\u00e9e et structur\u00e9e pour vos vacances \u00e0 la plage avec votre chien<\/strong>.<\/p>\n<p>Dog Beach convient aussi bien \u00e0 ceux qui veulent profiter de la plage gratuite qu\u2019\u00e0 ceux qui pr\u00e9f\u00e8rent profiter du confort de la plage organis\u00e9e. Avec un \u00ab plus \u00bb : un v\u00e9t\u00e9rinaire sur la plage une fois par semaine, de l\u2019eau et des douches pour les chiens, un service de garde d\u2019enfants (sur r\u00e9servation), un parcours d\u2019agilit\u00e9 et de mobilit\u00e9 dans un parc ombrag\u00e9, une boutique d\u2019accessoires pour chiens et, en juillet et ao\u00fbt, des cours de dressage pour chiens.<\/p>\n<p>[\/et_pb_text][\/et_pb_column][\/et_pb_row][\/et_pb_section][et_pb_section fb_built=\u00a0\u00bb1&Prime; admin_label=\u00a0\u00bbAltre spiagge\u00a0\u00bb _builder_version=\u00a0\u00bb4.14.7&Prime; _module_preset=\u00a0\u00bbdefault\u00a0\u00bb global_module=\u00a0\u00bb275477&Prime; saved_tabs=\u00a0\u00bball\u00a0\u00bb collapsed=\u00a0\u00bbon\u00a0\u00bb global_colors_info=\u00a0\u00bb{}\u00a0\u00bb][et_pb_row _builder_version=\u00a0\u00bb4.14.7&Prime; _module_preset=\u00a0\u00bbdefault\u00a0\u00bb collapsed=\u00a0\u00bbon\u00a0\u00bb global_colors_info=\u00a0\u00bb{}\u00a0\u00bb][et_pb_column type=\u00a0\u00bb4_4&Prime; _builder_version=\u00a0\u00bb4.14.7&Prime; _module_preset=\u00a0\u00bbdefault\u00a0\u00bb global_colors_info=\u00a0\u00bb{}\u00a0\u00bb][dica_divi_carousel item_width_auto=\u00a0\u00bbon\u00a0\u00bb item_width=\u00a0\u00bb300px\u00a0\u00bb multislide=\u00a0\u00bbon\u00a0\u00bb centermode=\u00a0\u00bbon\u00a0\u00bb loop=\u00a0\u00bbon\u00a0\u00bb arrow_nav=\u00a0\u00bbon\u00a0\u00bb item_spacing=\u00a0\u00bb15&Prime; equal_height=\u00a0\u00bbon\u00a0\u00bb lazy_loading=\u00a0\u00bbon\u00a0\u00bb load_before_transition=\u00a0\u00bbon\u00a0\u00bb advanced_effect=\u00a0\u00bb1&Prime; arrow_nav_color=\u00a0\u00bb#FFFFFF\u00a0\u00bb arrow_bg_color=\u00a0\u00bbrgba(255,255,255,0.5)\u00a0\u00bb dots_color=\u00a0\u00bbRGBA(255,255,255,0)\u00a0\u00bb dots_active_color=\u00a0\u00bbRGBA(255,255,255,0)\u00a0\u00bb title_background=\u00a0\u00bbRGBA(255,255,255,0)\u00a0\u00bb subtitle_background=\u00a0\u00bbRGBA(255,255,255,0)\u00a0\u00bb image_force_fullwidth=\u00a0\u00bbon\u00a0\u00bb item_padding=\u00a0\u00bb170px||||false|false\u00a0\u00bb admin_label=\u00a0\u00bbCarosello\u00a0\u00bb _builder_version=\u00a0\u00bb4.14.7&Prime; title_font=\u00a0\u00bbJost|||on|||||\u00a0\u00bb title_text_align=\u00a0\u00bbcenter\u00a0\u00bb title_text_color=\u00a0\u00bb#FFFFFF\u00a0\u00bb subtitle_font=\u00a0\u00bbKrona One||||||||\u00a0\u00bb subtitle_text_align=\u00a0\u00bbcenter\u00a0\u00bb subtitle_text_color=\u00a0\u00bb#FFFFFF\u00a0\u00bb subtitle_font_size=\u00a0\u00bb32px\u00a0\u00bb subtitle_letter_spacing=\u00a0\u00bb-2px\u00a0\u00bb body_font=\u00a0\u00bbAnonymous Pro||||||||\u00a0\u00bb body_text_align=\u00a0\u00bbcenter\u00a0\u00bb subtitle_font_size_tablet=\u00a0\u00bb36px\u00a0\u00bb subtitle_font_size_phone=\u00a0\u00bb24px\u00a0\u00bb subtitle_font_size_last_edited=\u00a0\u00bbon|phone\u00a0\u00bb global_colors_info=\u00a0\u00bb{}\u00a0\u00bb][dica_divi_carouselitem sub_title=\u00a0\u00bbCOSTA EST\u00a0\u00bb button_url_new_window=\u00a0\u00bb1&Prime; image_position=\u00a0\u00bbimage_under_title\u00a0\u00bb _builder_version=\u00a0\u00bb4.14.7&Prime; _dynamic_attributes=\u00a0\u00bblink_option_url\u00a0\u00bb _module_preset=\u00a0\u00bbdefault\u00a0\u00bb header_text_align=\u00a0\u00bbcenter\u00a0\u00bb subtitle_text_align=\u00a0\u00bbcenter\u00a0\u00bb background_image=\u00a0\u00bbhttps:\/\/www.villaggioorizzonte.it\/wp-content\/uploads\/2022\/01\/default-placeholder.png\u00a0\u00bb background_enable_image=\u00a0\u00bbon\u00a0\u00bb link_option_url=\u00a0\u00bb@ET-DC@eyJkeW5hbWljIjp0cnVlLCJjb250ZW50IjoicG9zdF9saW5rX3VybF9wYWdlIiwic2V0dGluZ3MiOnsicG9zdF9pZCI6IjM2NzYifX0=@\u00a0\u00bb custom_css_main_element=\u00a0\u00bbheight:450px!important;\u00a0\u00bb global_colors_info=\u00a0\u00bb{}\u00a0\u00bb][\/dica_divi_carouselitem][dica_divi_carouselitem sub_title=\u00a0\u00bbBARATTI\u00a0\u00bb button_url_new_window=\u00a0\u00bb1&Prime; image_position=\u00a0\u00bbimage_under_title\u00a0\u00bb _builder_version=\u00a0\u00bb4.14.7&Prime; _dynamic_attributes=\u00a0\u00bblink_option_url\u00a0\u00bb _module_preset=\u00a0\u00bbdefault\u00a0\u00bb header_text_align=\u00a0\u00bbcenter\u00a0\u00bb subtitle_text_align=\u00a0\u00bbcenter\u00a0\u00bb background_image=\u00a0\u00bbhttps:\/\/www.villaggioorizzonte.it\/wp-content\/uploads\/2022\/01\/default-placeholder.png\u00a0\u00bb background_enable_image=\u00a0\u00bbon\u00a0\u00bb link_option_url=\u00a0\u00bb@ET-DC@eyJkeW5hbWljIjp0cnVlLCJjb250ZW50IjoicG9zdF9saW5rX3VybF9wYWdlIiwic2V0dGluZ3MiOnsicG9zdF9pZCI6IjM2MTgifX0=@\u00a0\u00bb custom_css_main_element=\u00a0\u00bbheight:450px!important;\u00a0\u00bb global_colors_info=\u00a0\u00bb{}\u00a0\u00bb][\/dica_divi_carouselitem][dica_divi_carouselitem sub_title=\u00a0\u00bbDOG BEACH\u00a0\u00bb button_url_new_window=\u00a0\u00bb1&Prime; image_position=\u00a0\u00bbimage_under_title\u00a0\u00bb _builder_version=\u00a0\u00bb4.14.7&Prime; _dynamic_attributes=\u00a0\u00bblink_option_url\u00a0\u00bb _module_preset=\u00a0\u00bbdefault\u00a0\u00bb header_text_align=\u00a0\u00bbcenter\u00a0\u00bb subtitle_text_align=\u00a0\u00bbcenter\u00a0\u00bb background_image=\u00a0\u00bbhttps:\/\/www.villaggioorizzonte.it\/wp-content\/uploads\/2022\/01\/default-placeholder.png\u00a0\u00bb background_enable_image=\u00a0\u00bbon\u00a0\u00bb link_option_url=\u00a0\u00bb@ET-DC@eyJkeW5hbWljIjp0cnVlLCJjb250ZW50IjoicG9zdF9saW5rX3VybF9wYWdlIiwic2V0dGluZ3MiOnsicG9zdF9pZCI6IjM0OTIifX0=@\u00a0\u00bb custom_css_main_element=\u00a0\u00bbheight:450px!important;\u00a0\u00bb global_colors_info=\u00a0\u00bb{}\u00a0\u00bb][\/dica_divi_carouselitem][dica_divi_carouselitem sub_title=\u00a0\u00bbNATURISTE\u00a0\u00bb button_url_new_window=\u00a0\u00bb1&Prime; image_position=\u00a0\u00bbimage_under_title\u00a0\u00bb _builder_version=\u00a0\u00bb4.14.7&Prime; _dynamic_attributes=\u00a0\u00bblink_option_url\u00a0\u00bb _module_preset=\u00a0\u00bbdefault\u00a0\u00bb header_text_align=\u00a0\u00bbcenter\u00a0\u00bb subtitle_text_align=\u00a0\u00bbcenter\u00a0\u00bb background_image=\u00a0\u00bbhttps:\/\/www.villaggioorizzonte.it\/wp-content\/uploads\/2022\/01\/default-placeholder.png\u00a0\u00bb background_enable_image=\u00a0\u00bbon\u00a0\u00bb link_option_url=\u00a0\u00bb@ET-DC@eyJkeW5hbWljIjp0cnVlLCJjb250ZW50IjoicG9zdF9saW5rX3VybF9wYWdlIiwic2V0dGluZ3MiOnsicG9zdF9pZCI6IjM1NzYifX0=@\u00a0\u00bb custom_css_main_element=\u00a0\u00bbheight:450px!important;\u00a0\u00bb global_colors_info=\u00a0\u00bb{}\u00a0\u00bb][\/dica_divi_carouselitem][\/dica_divi_carousel][\/et_pb_column][\/et_pb_row][\/et_pb_section]<\/p>\n","protected":false},"excerpt":{"rendered":"<p>Plages pour chiens &#8230;ET BEAUCOUP D&rsquo;AUTRES SERVICESSi vous \u00eates en vacances en Toscane avec votre chien, la C\u00f4te \u00e9trusque vous offre diff\u00e9rentes possibilit\u00e9s. En partant de la C\u00f4te Est, en plus de la plage libre de Mortelliccio, o\u00f9 les chiens peuvent se d\u00e9placer librement sans laisse et sans museli\u00e8re, vous pouvez trouver un \u00e9tablissement baln\u00e9aire [&hellip;]<\/p>\n","protected":false},"author":7,"featured_media":0,"parent":7260,"menu_order":0,"comment_status":"closed","ping_status":"closed","template":"","meta":{"_et_pb_use_builder":"on","_et_pb_old_content":"","_et_gb_content_width":"","ngg_post_thumbnail":0,"footnotes":""},"class_list":["post-7534","page","type-page","status-publish","hentry"],"yoast_head":"<!-- This site is optimized with the Yoast SEO plugin v25.8 - https:\/\/yoast.com\/wordpress\/plugins\/seo\/ -->\n<title>Dog Beaches en Toscane sur la C\u00f4te des Etrusques - Villaggio Orizzonte<\/title>\n<meta name=\"description\" content=\"Il y a beaucoup de plages sur la c\u00f4te \u00e9trusque en Toscane o\u00f9 il est possible d&#039;amener des chiens, des plages gratuites ou am\u00e9nag\u00e9es, comme la plage des chiens de San Vincenzo.\" \/>\n<meta name=\"robots\" content=\"index, follow, max-snippet:-1, max-image-preview:large, max-video-preview:-1\" \/>\n<link rel=\"canonical\" href=\"https:\/\/www.villaggioorizzonte.it\/fr\/plages-en-toscane\/dog-beaches-en-toscane.html\" \/>\n<meta property=\"og:locale\" content=\"fr_FR\" \/>\n<meta property=\"og:type\" content=\"article\" \/>\n<meta property=\"og:title\" content=\"Dog Beaches en Toscane sur la C\u00f4te des Etrusques - Villaggio Orizzonte\" \/>\n<meta property=\"og:description\" content=\"Il y a beaucoup de plages sur la c\u00f4te \u00e9trusque en Toscane o\u00f9 il est possible d&#039;amener des chiens, des plages gratuites ou am\u00e9nag\u00e9es, comme la plage des chiens de San Vincenzo.\" \/>\n<meta property=\"og:url\" content=\"https:\/\/www.villaggioorizzonte.it\/fr\/plages-en-toscane\/dog-beaches-en-toscane.html\" \/>\n<meta property=\"og:site_name\" content=\"Villaggio Orizzonte\" \/>\n<meta property=\"article:modified_time\" content=\"2022-04-07T12:45:14+00:00\" \/>\n<meta name=\"twitter:card\" content=\"summary_large_image\" \/>\n<script type=\"application\/ld+json\" class=\"yoast-schema-graph\">{\"@context\":\"https:\/\/schema.org\",\"@graph\":[{\"@type\":\"WebPage\",\"@id\":\"https:\/\/www.villaggioorizzonte.it\/fr\/plages-en-toscane\/dog-beaches-en-toscane.html\",\"url\":\"https:\/\/www.villaggioorizzonte.it\/fr\/plages-en-toscane\/dog-beaches-en-toscane.html\",\"name\":\"Dog Beaches en Toscane sur la C\u00f4te des Etrusques - Villaggio Orizzonte\",\"isPartOf\":{\"@id\":\"https:\/\/www.villaggioorizzonte.it\/fr\/#website\"},\"datePublished\":\"2019-10-18T14:37:07+00:00\",\"dateModified\":\"2022-04-07T12:45:14+00:00\",\"description\":\"Il y a beaucoup de plages sur la c\u00f4te \u00e9trusque en Toscane o\u00f9 il est possible d'amener des chiens, des plages gratuites ou am\u00e9nag\u00e9es, comme la plage des chiens de San Vincenzo.\",\"breadcrumb\":{\"@id\":\"https:\/\/www.villaggioorizzonte.it\/fr\/plages-en-toscane\/dog-beaches-en-toscane.html#breadcrumb\"},\"inLanguage\":\"fr-FR\",\"potentialAction\":[{\"@type\":\"ReadAction\",\"target\":[\"https:\/\/www.villaggioorizzonte.it\/fr\/plages-en-toscane\/dog-beaches-en-toscane.html\"]}]},{\"@type\":\"BreadcrumbList\",\"@id\":\"https:\/\/www.villaggioorizzonte.it\/fr\/plages-en-toscane\/dog-beaches-en-toscane.html#breadcrumb\",\"itemListElement\":[{\"@type\":\"ListItem\",\"position\":1,\"name\":\"Home\",\"item\":\"https:\/\/www.villaggioorizzonte.it\/fr\/\"},{\"@type\":\"ListItem\",\"position\":2,\"name\":\"Plages en Toscane\",\"item\":\"https:\/\/www.villaggioorizzonte.it\/fr\/plages-en-toscane.html\"},{\"@type\":\"ListItem\",\"position\":3,\"name\":\"Dog Beach\"}]},{\"@type\":\"WebSite\",\"@id\":\"https:\/\/www.villaggioorizzonte.it\/fr\/#website\",\"url\":\"https:\/\/www.villaggioorizzonte.it\/fr\/\",\"name\":\"Villaggio Orizzonte\",\"description\":\"Villaggio Turistico\",\"potentialAction\":[{\"@type\":\"SearchAction\",\"target\":{\"@type\":\"EntryPoint\",\"urlTemplate\":\"https:\/\/www.villaggioorizzonte.it\/fr\/?s={search_term_string}\"},\"query-input\":{\"@type\":\"PropertyValueSpecification\",\"valueRequired\":true,\"valueName\":\"search_term_string\"}}],\"inLanguage\":\"fr-FR\"}]}<\/script>\n<!-- \/ Yoast SEO plugin. -->","yoast_head_json":{"title":"Dog Beaches en Toscane sur la C\u00f4te des Etrusques - Villaggio Orizzonte","description":"Il y a beaucoup de plages sur la c\u00f4te \u00e9trusque en Toscane o\u00f9 il est possible d'amener des chiens, des plages gratuites ou am\u00e9nag\u00e9es, comme la plage des chiens de San Vincenzo.","robots":{"index":"index","follow":"follow","max-snippet":"max-snippet:-1","max-image-preview":"max-image-preview:large","max-video-preview":"max-video-preview:-1"},"canonical":"https:\/\/www.villaggioorizzonte.it\/fr\/plages-en-toscane\/dog-beaches-en-toscane.html","og_locale":"fr_FR","og_type":"article","og_title":"Dog Beaches en Toscane sur la C\u00f4te des Etrusques - Villaggio Orizzonte","og_description":"Il y a beaucoup de plages sur la c\u00f4te \u00e9trusque en Toscane o\u00f9 il est possible d'amener des chiens, des plages gratuites ou am\u00e9nag\u00e9es, comme la plage des chiens de San Vincenzo.","og_url":"https:\/\/www.villaggioorizzonte.it\/fr\/plages-en-toscane\/dog-beaches-en-toscane.html","og_site_name":"Villaggio Orizzonte","article_modified_time":"2022-04-07T12:45:14+00:00","twitter_card":"summary_large_image","schema":{"@context":"https:\/\/schema.org","@graph":[{"@type":"WebPage","@id":"https:\/\/www.villaggioorizzonte.it\/fr\/plages-en-toscane\/dog-beaches-en-toscane.html","url":"https:\/\/www.villaggioorizzonte.it\/fr\/plages-en-toscane\/dog-beaches-en-toscane.html","name":"Dog Beaches en Toscane sur la C\u00f4te des Etrusques - Villaggio Orizzonte","isPartOf":{"@id":"https:\/\/www.villaggioorizzonte.it\/fr\/#website"},"datePublished":"2019-10-18T14:37:07+00:00","dateModified":"2022-04-07T12:45:14+00:00","description":"Il y a beaucoup de plages sur la c\u00f4te \u00e9trusque en Toscane o\u00f9 il est possible d'amener des chiens, des plages gratuites ou am\u00e9nag\u00e9es, comme la plage des chiens de San Vincenzo.","breadcrumb":{"@id":"https:\/\/www.villaggioorizzonte.it\/fr\/plages-en-toscane\/dog-beaches-en-toscane.html#breadcrumb"},"inLanguage":"fr-FR","potentialAction":[{"@type":"ReadAction","target":["https:\/\/www.villaggioorizzonte.it\/fr\/plages-en-toscane\/dog-beaches-en-toscane.html"]}]},{"@type":"BreadcrumbList","@id":"https:\/\/www.villaggioorizzonte.it\/fr\/plages-en-toscane\/dog-beaches-en-toscane.html#breadcrumb","itemListElement":[{"@type":"ListItem","position":1,"name":"Home","item":"https:\/\/www.villaggioorizzonte.it\/fr\/"},{"@type":"ListItem","position":2,"name":"Plages en Toscane","item":"https:\/\/www.villaggioorizzonte.it\/fr\/plages-en-toscane.html"},{"@type":"ListItem","position":3,"name":"Dog Beach"}]},{"@type":"WebSite","@id":"https:\/\/www.villaggioorizzonte.it\/fr\/#website","url":"https:\/\/www.villaggioorizzonte.it\/fr\/","name":"Villaggio Orizzonte","description":"Villaggio Turistico","potentialAction":[{"@type":"SearchAction","target":{"@type":"EntryPoint","urlTemplate":"https:\/\/www.villaggioorizzonte.it\/fr\/?s={search_term_string}"},"query-input":{"@type":"PropertyValueSpecification","valueRequired":true,"valueName":"search_term_string"}}],"inLanguage":"fr-FR"}]}},"_links":{"self":[{"href":"https:\/\/www.villaggioorizzonte.it\/fr\/wp-json\/wp\/v2\/pages\/7534","targetHints":{"allow":["GET"]}}],"collection":[{"href":"https:\/\/www.villaggioorizzonte.it\/fr\/wp-json\/wp\/v2\/pages"}],"about":[{"href":"https:\/\/www.villaggioorizzonte.it\/fr\/wp-json\/wp\/v2\/types\/page"}],"author":[{"embeddable":true,"href":"https:\/\/www.villaggioorizzonte.it\/fr\/wp-json\/wp\/v2\/users\/7"}],"replies":[{"embeddable":true,"href":"https:\/\/www.villaggioorizzonte.it\/fr\/wp-json\/wp\/v2\/comments?post=7534"}],"version-history":[{"count":0,"href":"https:\/\/www.villaggioorizzonte.it\/fr\/wp-json\/wp\/v2\/pages\/7534\/revisions"}],"up":[{"embeddable":true,"href":"https:\/\/www.villaggioorizzonte.it\/fr\/wp-json\/wp\/v2\/pages\/7260"}],"wp:attachment":[{"href":"https:\/\/www.villaggioorizzonte.it\/fr\/wp-json\/wp\/v2\/media?parent=7534"}],"curies":[{"name":"wp","href":"https:\/\/api.w.org\/{rel}","templated":true}]}}