{"id":7206,"date":"2019-09-23T16:31:43","date_gmt":"2019-09-23T14:31:43","guid":{"rendered":"https:\/\/b6.aerostatonet.it\/village-avec-restaurant-mer-toscane\/zest-fast-food.html"},"modified":"2020-02-27T09:35:09","modified_gmt":"2020-02-27T08:35:09","slug":"zest-fast-food","status":"publish","type":"page","link":"https:\/\/www.villaggioorizzonte.it\/fr\/village-avec-restaurant-mer-toscane\/zest-fast-food.html","title":{"rendered":"Zest"},"content":{"rendered":"<p>[vc_row gap=\u00a0\u00bb20&Prime; equal_height=\u00a0\u00bbyes\u00a0\u00bb][vc_column width=\u00a0\u00bb2\/3&Prime;][vc_single_image image=\u00a0\u00bb3859&Prime; img_size=\u00a0\u00bbfull\u00a0\u00bb][\/vc_column][vc_column width=\u00a0\u00bb1\/3&Prime; css=\u00a0\u00bb.vc_custom_1571760067347{padding-top: 30px !important;padding-right: 30px !important;padding-bottom: 30px !important;padding-left: 30px !important;background-color: #e5005b !important;}\u00a0\u00bb el_class=\u00a0\u00bbtext-white small\u00a0\u00bb][vc_column_text el_class=\u00a0\u00bbsmall white\u00a0\u00bb]<strong>De d\u00e9but juin \u00e0 fin septembre<\/strong><br \/>\n<strong>Ouvert tous les jours de 19 \u00e0 22h30<\/strong><br \/>\nTABLES CONVIVIALES<br \/>\nAUCUNE R\u00c9SERVATION<br \/>\nAUCUN SERVICE \u00c0 LA TABLE[\/vc_column_text][\/vc_column][\/vc_row][vc_row full_width=\u00a0\u00bbstretch_row\u00a0\u00bb gap=\u00a0\u00bb15&Prime; equal_height=\u00a0\u00bbyes\u00a0\u00bb el_class=\u00a0\u00bbtext-center\u00a0\u00bb css=\u00a0\u00bb.vc_custom_1571920417641{margin-top: 80px !important;background-color: #f14d18 !important;}\u00a0\u00bb][vc_column][vc_column_text el_class=\u00a0\u00bbtitolobiancoh2 my-4&Prime;]<\/p>\n<h4 style=\"text-align: center;\">Les autres restaurants<\/h4>\n<p>[\/vc_column_text][\/vc_column][\/vc_row][vc_row full_width=\u00a0\u00bbstretch_row\u00a0\u00bb gap=\u00a0\u00bb15&Prime; equal_height=\u00a0\u00bbyes\u00a0\u00bb el_class=\u00a0\u00bbtext-center\u00a0\u00bb css=\u00a0\u00bb.vc_custom_1571920424913{background-color: #f14d18 !important;}\u00a0\u00bb][vc_column offset=\u00a0\u00bbvc_col-lg-6 vc_col-md-6 vc_col-xs-12&Prime;][vc_row_inner][vc_column_inner el_class=\u00a0\u00bbcol-md-auto\u00a0\u00bb offset=\u00a0\u00bbvc_col-lg-12 vc_col-md-12 vc_col-xs-12&Prime;][vc_single_image image=\u00a0\u00bb3922&Prime; img_size=\u00a0\u00bbfull\u00a0\u00bb alignment=\u00a0\u00bbcenter\u00a0\u00bb][\/vc_column_inner][vc_column_inner el_class=\u00a0\u00bbbloccotesto-colorato px-5 pt-5&Prime; offset=\u00a0\u00bbvc_col-lg-12 vc_col-md-12 vc_col-xs-12&Prime; css=\u00a0\u00bb.vc_custom_1571822315646{background-color: #fec700 !important;}\u00a0\u00bb][vc_column_text el_class=\u00a0\u00bbp-5&Prime;]<\/p>\n<h4>Dejavu<\/h4>\n<p>Restaurant &amp; lounge bar[\/vc_column_text][vc_btn title=\u00a0\u00bbD\u00e9tails\u00a0\u00bb style=\u00a0\u00bboutline-custom\u00a0\u00bb outline_custom_color=\u00a0\u00bb#ffffff\u00a0\u00bb outline_custom_hover_background=\u00a0\u00bbrgba(12,0,0,0.46)\u00a0\u00bb outline_custom_hover_text=\u00a0\u00bb#ffffff\u00a0\u00bb shape=\u00a0\u00bbsquare\u00a0\u00bb link=\u00a0\u00bburl:https%3A%2F%2Fwww.villaggioorizzonte.it%2Ffr%2Fvillage-avec-restaurant-mer-toscane%2Frestaurant-dejavu.html|title:Offerte||\u00a0\u00bb el_class=\u00a0\u00bbmt-1 mb-3&Prime;][\/vc_column_inner][\/vc_row_inner][\/vc_column][vc_column offset=\u00a0\u00bbvc_col-lg-6 vc_col-md-6 vc_col-xs-12&Prime;][vc_row_inner][vc_column_inner el_class=\u00a0\u00bbcol-md-auto\u00a0\u00bb offset=\u00a0\u00bbvc_col-lg-12 vc_col-md-12 vc_col-xs-12&Prime;][vc_single_image image=\u00a0\u00bb3923&Prime; img_size=\u00a0\u00bbfull\u00a0\u00bb alignment=\u00a0\u00bbcenter\u00a0\u00bb][\/vc_column_inner][vc_column_inner el_class=\u00a0\u00bbbloccotesto-colorato px-5 pt-5&Prime; offset=\u00a0\u00bbvc_col-lg-12 vc_col-md-12 vc_col-xs-12&Prime; css=\u00a0\u00bb.vc_custom_1571822300071{background-color: #039fe3 !important;}\u00a0\u00bb][vc_column_text el_class=\u00a0\u00bbp-5&Prime;]<\/p>\n<h4>Orizzonte<\/h4>\n<p>Restaurant Pizzeria[\/vc_column_text][vc_btn title=\u00a0\u00bbD\u00e9tails\u00a0\u00bb style=\u00a0\u00bboutline-custom\u00a0\u00bb outline_custom_color=\u00a0\u00bb#ffffff\u00a0\u00bb outline_custom_hover_background=\u00a0\u00bbrgba(12,0,0,0.46)\u00a0\u00bb outline_custom_hover_text=\u00a0\u00bb#ffffff\u00a0\u00bb shape=\u00a0\u00bbsquare\u00a0\u00bb link=\u00a0\u00bburl:https%3A%2F%2Fwww.villaggioorizzonte.it%2Ffr%2Fvillage-avec-restaurant-mer-toscane%2Frestaurant-orizzonte.html|title:Offerte||\u00a0\u00bb el_class=\u00a0\u00bbmt-1 mb-3&Prime;][\/vc_column_inner][\/vc_row_inner][\/vc_column][\/vc_row]<\/p>\n","protected":false},"excerpt":{"rendered":"<p>[vc_row gap=\u00a0\u00bb20&Prime; equal_height=\u00a0\u00bbyes\u00a0\u00bb][vc_column width=\u00a0\u00bb2\/3&Prime;][vc_single_image image=\u00a0\u00bb3859&Prime; img_size=\u00a0\u00bbfull\u00a0\u00bb][\/vc_column][vc_column width=\u00a0\u00bb1\/3&Prime; css=\u00a0\u00bb.vc_custom_1571760067347{padding-top: 30px !important;padding-right: 30px !important;padding-bottom: 30px !important;padding-left: 30px !important;background-color: #e5005b !important;}\u00a0\u00bb el_class=\u00a0\u00bbtext-white small\u00a0\u00bb][vc_column_text el_class=\u00a0\u00bbsmall white\u00a0\u00bb]De d\u00e9but juin \u00e0 fin septembre Ouvert tous les jours de 19 \u00e0 22h30 TABLES CONVIVIALES AUCUNE R\u00c9SERVATION AUCUN SERVICE \u00c0 LA TABLE[\/vc_column_text][\/vc_column][\/vc_row][vc_row full_width=\u00a0\u00bbstretch_row\u00a0\u00bb gap=\u00a0\u00bb15&Prime; equal_height=\u00a0\u00bbyes\u00a0\u00bb el_class=\u00a0\u00bbtext-center\u00a0\u00bb css=\u00a0\u00bb.vc_custom_1571920417641{margin-top: 80px !important;background-color: #f14d18 !important;}\u00a0\u00bb][vc_column][vc_column_text el_class=\u00a0\u00bbtitolobiancoh2 my-4&Prime;] [&hellip;]<\/p>\n","protected":false},"author":7,"featured_media":0,"parent":7187,"menu_order":0,"comment_status":"closed","ping_status":"closed","template":"","meta":{"_et_pb_use_builder":"on","_et_pb_old_content":"<p>[vc_row full_width=\"stretch_row\" disable_element=\"yes\" css=\".vc_custom_1619088212838{margin-top: 30px !important;margin-bottom: 60px !important;padding-top: 40px !important;padding-bottom: 40px !important;background-color: #fec700 !important;}\"][vc_column][vc_row_inner content_placement=\"middle\" gap=\"10\"][vc_column_inner][vc_column_text el_class=\"text-white listapuntata\"]<\/p>\r\n<p style=\"font-size: 18px; text-align: left;\"><img class=\"alignleft wp-image-13544\" src=\"https:\/\/www.villaggioorizzonte.it\/wp-content\/uploads\/2020\/06\/sicurezza-ita-eng-286x300.png\" alt=\"\" width=\"199\" height=\"209\" \/><\/p>\r\n<p>&nbsp;<\/p>\r\n<p>&nbsp;<\/p>\r\n<p style=\"font-size: 18px; text-align: left;\">Le ottime pizze e la ristorazione veloce li ritrovate nell\u2019offerta del <strong>Ristorante Orizzonte<\/strong> o potete asportarle e consumarle presso il vostro bungalow.<\/p>\r\n<p>[\/vc_column_text][\/vc_column_inner][\/vc_row_inner][\/vc_column][\/vc_row][vc_row][vc_column][vc_column_text]<\/p>\r\n<p style=\"text-align: center;\">Sei un amante delle serate conviviali a base di <strong>panini<\/strong>, <strong>hamburger<\/strong>, <strong>pizze<\/strong> e <strong>birra<\/strong>?<br \/>\r\nLo <strong>Zest Fast Food<\/strong> fa al caso tuo!<\/p>\r\n<p style=\"text-align: center;\">Durante le tue vacanze al Villaggio Orizzonte concediti qualche sfizio e goditi una serata nel nostro <strong>Fast Food<\/strong>: nessuna prenotazione, nessun servizio al tavolo, prendi il numero, fai il tuo ordine, aspetti che il piatto sia pronto e te lo gusti in compagnia di amici o della famiglia in grandi tavoli conviviali.<\/p>\r\n<p style=\"text-align: center;\">Zest Fast Food nasce nel 2016 da una nuova ed evoluta concezione di<strong> take away<\/strong>: alta qualit\u00e0 con utilizzo di materie prime fresche e di provenienza locale, ottimo rapporto qualit\u00e0 prezzo, rispetto per l\u2019ambiente e cucina sempre espressa! Non si paga il coperto, ci si apparecchia e sparecchia da soli \u2026insomma <strong>allo Zest sei come a casa<\/strong>!<\/p>\r\n<p>[\/vc_column_text][\/vc_column][\/vc_row][vc_row gap=\"20\" equal_height=\"yes\"][vc_column width=\"2\/3\"][vc_single_image image=\"3859\" img_size=\"full\"][\/vc_column][vc_column width=\"1\/3\" css=\".vc_custom_1571760067347{padding-top: 30px !important;padding-right: 30px !important;padding-bottom: 30px !important;padding-left: 30px !important;background-color: #e5005b !important;}\" el_class=\"text-white small\"][vc_column_text el_class=\"small white\"]<strong>Da inizio Giugno a fine Settembre<\/strong><br \/>\r\n<strong>aperto tutti i giorni dalle ore 19 alle ore 22.30<\/strong><br \/>\r\nTAVOLI CONVIVIALI<br \/>\r\nNO PRENOTAIZONI<br \/>\r\nNO SERVIZIO AL TAVOLO[\/vc_column_text][\/vc_column][\/vc_row][vc_row full_width=\"stretch_row\" gap=\"15\" equal_height=\"yes\" el_class=\"text-center\" css=\".vc_custom_1571920417641{margin-top: 80px !important;background-color: #f14d18 !important;}\"][vc_column][vc_column_text el_class=\"titolobiancoh2 my-4\"]<\/p>\r\n<h4 style=\"text-align: center;\">Gli altri ristoranti<\/h4>\r\n<p>[\/vc_column_text][\/vc_column][\/vc_row][vc_row full_width=\"stretch_row\" gap=\"15\" equal_height=\"yes\" el_class=\"text-center\" css=\".vc_custom_1571920424913{background-color: #f14d18 !important;}\"][vc_column offset=\"vc_col-lg-6 vc_col-md-6 vc_col-xs-12\"][vc_row_inner][vc_column_inner el_class=\"col-md-auto\" offset=\"vc_col-lg-12 vc_col-md-12 vc_col-xs-12\"][vc_single_image image=\"3922\" img_size=\"full\" alignment=\"center\"][\/vc_column_inner][vc_column_inner el_class=\"bloccotesto-colorato px-5 pt-5\" offset=\"vc_col-lg-12 vc_col-md-12 vc_col-xs-12\" css=\".vc_custom_1571822315646{background-color: #fec700 !important;}\"][vc_column_text el_class=\"p-5\"]<\/p>\r\n<h4>Dejavu<\/h4>\r\n<p>Ristorante &amp; lounge bar[\/vc_column_text][vc_btn title=\"VAI\" style=\"outline-custom\" outline_custom_color=\"#ffffff\" outline_custom_hover_background=\"rgba(12,0,0,0.46)\" outline_custom_hover_text=\"#ffffff\" shape=\"square\" link=\"url:%2Fvillaggio-con-ristorante-toscana-mare%2Fristorante-dejavu.html|title:Offerte||\" el_class=\"mt-1 mb-3\"][\/vc_column_inner][\/vc_row_inner][\/vc_column][vc_column offset=\"vc_col-lg-6 vc_col-md-6 vc_col-xs-12\"][vc_row_inner][vc_column_inner el_class=\"col-md-auto\" offset=\"vc_col-lg-12 vc_col-md-12 vc_col-xs-12\"][vc_single_image image=\"3923\" img_size=\"full\" alignment=\"center\"][\/vc_column_inner][vc_column_inner el_class=\"bloccotesto-colorato px-5 pt-5\" offset=\"vc_col-lg-12 vc_col-md-12 vc_col-xs-12\" css=\".vc_custom_1571822300071{background-color: #039fe3 !important;}\"][vc_column_text el_class=\"p-5\"]<\/p>\r\n<h4>Orizzonte<\/h4>\r\n<p>Ristorante Pizzeria[\/vc_column_text][vc_btn title=\"VAI\" style=\"outline-custom\" outline_custom_color=\"#ffffff\" outline_custom_hover_background=\"rgba(12,0,0,0.46)\" outline_custom_hover_text=\"#ffffff\" shape=\"square\" link=\"url:%2Fvillaggio-con-ristorante-toscana-mare%2Fristorante-orizzonte.html|title:Offerte||\" el_class=\"mt-1 mb-3\"][\/vc_column_inner][\/vc_row_inner][\/vc_column][\/vc_row]<\/p>","_et_gb_content_width":"","ngg_post_thumbnail":0,"footnotes":""},"class_list":["post-7206","page","type-page","status-publish","hentry"],"yoast_head":"<!-- This site is optimized with the Yoast SEO plugin v25.8 - https:\/\/yoast.com\/wordpress\/plugins\/seo\/ -->\n<title>Zest Fast Food, Village Vacances Toscanes - Villaggio Orizzonte<\/title>\n<meta name=\"description\" content=\"Pendant vos vacances au Village Orizzonte donnez-vous un caprice et profitez d&#039;une soir\u00e9e au Zest Fast Food \u2026 sandwiches, hamburger, pizza et bi\u00e8re \u2026\" \/>\n<meta name=\"robots\" content=\"index, follow, max-snippet:-1, max-image-preview:large, max-video-preview:-1\" \/>\n<link rel=\"canonical\" href=\"https:\/\/www.villaggioorizzonte.it\/fr\/village-avec-restaurant-mer-toscane\/zest-fast-food.html\" \/>\n<meta property=\"og:locale\" content=\"fr_FR\" \/>\n<meta property=\"og:type\" content=\"article\" \/>\n<meta property=\"og:title\" content=\"Zest Fast Food, Village Vacances Toscanes - Villaggio Orizzonte\" \/>\n<meta property=\"og:description\" content=\"Pendant vos vacances au Village Orizzonte donnez-vous un caprice et profitez d&#039;une soir\u00e9e au Zest Fast Food \u2026 sandwiches, hamburger, pizza et bi\u00e8re \u2026\" \/>\n<meta property=\"og:url\" content=\"https:\/\/www.villaggioorizzonte.it\/fr\/village-avec-restaurant-mer-toscane\/zest-fast-food.html\" \/>\n<meta property=\"og:site_name\" content=\"Villaggio Orizzonte\" \/>\n<meta property=\"article:modified_time\" content=\"2020-02-27T08:35:09+00:00\" \/>\n<meta name=\"twitter:card\" content=\"summary_large_image\" \/>\n<script type=\"application\/ld+json\" class=\"yoast-schema-graph\">{\"@context\":\"https:\/\/schema.org\",\"@graph\":[{\"@type\":\"WebPage\",\"@id\":\"https:\/\/www.villaggioorizzonte.it\/fr\/village-avec-restaurant-mer-toscane\/zest-fast-food.html\",\"url\":\"https:\/\/www.villaggioorizzonte.it\/fr\/village-avec-restaurant-mer-toscane\/zest-fast-food.html\",\"name\":\"Zest Fast Food, Village Vacances Toscanes - Villaggio Orizzonte\",\"isPartOf\":{\"@id\":\"https:\/\/www.villaggioorizzonte.it\/fr\/#website\"},\"datePublished\":\"2019-09-23T14:31:43+00:00\",\"dateModified\":\"2020-02-27T08:35:09+00:00\",\"description\":\"Pendant vos vacances au Village Orizzonte donnez-vous un caprice et profitez d'une soir\u00e9e au Zest Fast Food \u2026 sandwiches, hamburger, pizza et bi\u00e8re \u2026\",\"breadcrumb\":{\"@id\":\"https:\/\/www.villaggioorizzonte.it\/fr\/village-avec-restaurant-mer-toscane\/zest-fast-food.html#breadcrumb\"},\"inLanguage\":\"fr-FR\",\"potentialAction\":[{\"@type\":\"ReadAction\",\"target\":[\"https:\/\/www.villaggioorizzonte.it\/fr\/village-avec-restaurant-mer-toscane\/zest-fast-food.html\"]}]},{\"@type\":\"BreadcrumbList\",\"@id\":\"https:\/\/www.villaggioorizzonte.it\/fr\/village-avec-restaurant-mer-toscane\/zest-fast-food.html#breadcrumb\",\"itemListElement\":[{\"@type\":\"ListItem\",\"position\":1,\"name\":\"Home\",\"item\":\"https:\/\/www.villaggioorizzonte.it\/fr\/\"},{\"@type\":\"ListItem\",\"position\":2,\"name\":\"Restauration\",\"item\":\"https:\/\/www.villaggioorizzonte.it\/fr\/village-avec-restaurant-mer-toscane.html\"},{\"@type\":\"ListItem\",\"position\":3,\"name\":\"Zest\"}]},{\"@type\":\"WebSite\",\"@id\":\"https:\/\/www.villaggioorizzonte.it\/fr\/#website\",\"url\":\"https:\/\/www.villaggioorizzonte.it\/fr\/\",\"name\":\"Villaggio Orizzonte\",\"description\":\"Villaggio Turistico\",\"potentialAction\":[{\"@type\":\"SearchAction\",\"target\":{\"@type\":\"EntryPoint\",\"urlTemplate\":\"https:\/\/www.villaggioorizzonte.it\/fr\/?s={search_term_string}\"},\"query-input\":{\"@type\":\"PropertyValueSpecification\",\"valueRequired\":true,\"valueName\":\"search_term_string\"}}],\"inLanguage\":\"fr-FR\"}]}<\/script>\n<!-- \/ Yoast SEO plugin. -->","yoast_head_json":{"title":"Zest Fast Food, Village Vacances Toscanes - Villaggio Orizzonte","description":"Pendant vos vacances au Village Orizzonte donnez-vous un caprice et profitez d'une soir\u00e9e au Zest Fast Food \u2026 sandwiches, hamburger, pizza et bi\u00e8re \u2026","robots":{"index":"index","follow":"follow","max-snippet":"max-snippet:-1","max-image-preview":"max-image-preview:large","max-video-preview":"max-video-preview:-1"},"canonical":"https:\/\/www.villaggioorizzonte.it\/fr\/village-avec-restaurant-mer-toscane\/zest-fast-food.html","og_locale":"fr_FR","og_type":"article","og_title":"Zest Fast Food, Village Vacances Toscanes - Villaggio Orizzonte","og_description":"Pendant vos vacances au Village Orizzonte donnez-vous un caprice et profitez d'une soir\u00e9e au Zest Fast Food \u2026 sandwiches, hamburger, pizza et bi\u00e8re \u2026","og_url":"https:\/\/www.villaggioorizzonte.it\/fr\/village-avec-restaurant-mer-toscane\/zest-fast-food.html","og_site_name":"Villaggio Orizzonte","article_modified_time":"2020-02-27T08:35:09+00:00","twitter_card":"summary_large_image","schema":{"@context":"https:\/\/schema.org","@graph":[{"@type":"WebPage","@id":"https:\/\/www.villaggioorizzonte.it\/fr\/village-avec-restaurant-mer-toscane\/zest-fast-food.html","url":"https:\/\/www.villaggioorizzonte.it\/fr\/village-avec-restaurant-mer-toscane\/zest-fast-food.html","name":"Zest Fast Food, Village Vacances Toscanes - Villaggio Orizzonte","isPartOf":{"@id":"https:\/\/www.villaggioorizzonte.it\/fr\/#website"},"datePublished":"2019-09-23T14:31:43+00:00","dateModified":"2020-02-27T08:35:09+00:00","description":"Pendant vos vacances au Village Orizzonte donnez-vous un caprice et profitez d'une soir\u00e9e au Zest Fast Food \u2026 sandwiches, hamburger, pizza et bi\u00e8re \u2026","breadcrumb":{"@id":"https:\/\/www.villaggioorizzonte.it\/fr\/village-avec-restaurant-mer-toscane\/zest-fast-food.html#breadcrumb"},"inLanguage":"fr-FR","potentialAction":[{"@type":"ReadAction","target":["https:\/\/www.villaggioorizzonte.it\/fr\/village-avec-restaurant-mer-toscane\/zest-fast-food.html"]}]},{"@type":"BreadcrumbList","@id":"https:\/\/www.villaggioorizzonte.it\/fr\/village-avec-restaurant-mer-toscane\/zest-fast-food.html#breadcrumb","itemListElement":[{"@type":"ListItem","position":1,"name":"Home","item":"https:\/\/www.villaggioorizzonte.it\/fr\/"},{"@type":"ListItem","position":2,"name":"Restauration","item":"https:\/\/www.villaggioorizzonte.it\/fr\/village-avec-restaurant-mer-toscane.html"},{"@type":"ListItem","position":3,"name":"Zest"}]},{"@type":"WebSite","@id":"https:\/\/www.villaggioorizzonte.it\/fr\/#website","url":"https:\/\/www.villaggioorizzonte.it\/fr\/","name":"Villaggio Orizzonte","description":"Villaggio Turistico","potentialAction":[{"@type":"SearchAction","target":{"@type":"EntryPoint","urlTemplate":"https:\/\/www.villaggioorizzonte.it\/fr\/?s={search_term_string}"},"query-input":{"@type":"PropertyValueSpecification","valueRequired":true,"valueName":"search_term_string"}}],"inLanguage":"fr-FR"}]}},"_links":{"self":[{"href":"https:\/\/www.villaggioorizzonte.it\/fr\/wp-json\/wp\/v2\/pages\/7206","targetHints":{"allow":["GET"]}}],"collection":[{"href":"https:\/\/www.villaggioorizzonte.it\/fr\/wp-json\/wp\/v2\/pages"}],"about":[{"href":"https:\/\/www.villaggioorizzonte.it\/fr\/wp-json\/wp\/v2\/types\/page"}],"author":[{"embeddable":true,"href":"https:\/\/www.villaggioorizzonte.it\/fr\/wp-json\/wp\/v2\/users\/7"}],"replies":[{"embeddable":true,"href":"https:\/\/www.villaggioorizzonte.it\/fr\/wp-json\/wp\/v2\/comments?post=7206"}],"version-history":[{"count":0,"href":"https:\/\/www.villaggioorizzonte.it\/fr\/wp-json\/wp\/v2\/pages\/7206\/revisions"}],"up":[{"embeddable":true,"href":"https:\/\/www.villaggioorizzonte.it\/fr\/wp-json\/wp\/v2\/pages\/7187"}],"wp:attachment":[{"href":"https:\/\/www.villaggioorizzonte.it\/fr\/wp-json\/wp\/v2\/media?parent=7206"}],"curies":[{"name":"wp","href":"https:\/\/api.w.org\/{rel}","templated":true}]}}