{"id":7205,"date":"2019-09-23T16:30:32","date_gmt":"2019-09-23T14:30:32","guid":{"rendered":"https:\/\/b6.aerostatonet.it\/village-avec-restaurant-mer-toscane\/ristorante-orizzonte.html"},"modified":"2019-12-18T17:09:21","modified_gmt":"2019-12-18T16:09:21","slug":"restaurant-orizzonte","status":"publish","type":"page","link":"https:\/\/www.villaggioorizzonte.it\/fr\/village-avec-restaurant-mer-toscane\/restaurant-orizzonte.html","title":{"rendered":"Restaurant Orizzonte"},"content":{"rendered":"<p>[vc_row gap=\u00a0\u00bb20&Prime; equal_height=\u00a0\u00bbyes\u00a0\u00bb][vc_column width=\u00a0\u00bb2\/3&Prime;][vc_single_image image=\u00a0\u00bb3748&Prime; img_size=\u00a0\u00bbfull\u00a0\u00bb][\/vc_column][vc_column width=\u00a0\u00bb1\/3&Prime; css=\u00a0\u00bb.vc_custom_1571755271060{padding-top: 30px !important;padding-right: 30px !important;padding-bottom: 30px !important;padding-left: 30px !important;background-color: #009fe3 !important;}\u00a0\u00bb el_class=\u00a0\u00bbtext-white small\u00a0\u00bb][vc_column_text el_class=\u00a0\u00bbsmall white\u00a0\u00bb]<strong>Ouvert toute l&rsquo;ann\u00e9e<\/strong><\/p>\n<p>Hiver: tous les jours de 12h30 \u00e0 14h et de 19h30 \u00e0 21h<\/p>\n<p>Et\u00e9 : de 12h30 \u00e0 15h et de 19h \u00e0 22h30<\/p>\n<p><strong>Animaux admis<\/strong><\/p>\n<p><strong>Traitement d&rsquo;h\u00f4tel<\/strong><\/p>\n<p>Demi-pension (petit-d\u00e9jeuner et un repas)<\/p>\n<p>Pension compl\u00e8te (petit-d\u00e9jeuner, d\u00e9jeuner et d\u00eener)[\/vc_column_text][\/vc_column][\/vc_row][vc_row css=\u00a0\u00bb.vc_custom_1571928592514{padding-top: 30px !important;padding-bottom: 30px !important;}\u00a0\u00bb][vc_column][vc_column_text]<\/p>\n<p style=\"text-align: center;\">Sauf pour la p\u00e9riode estivale, le<strong> restaurant Orizzonte<\/strong> est id\u00e9al pour organiser des d\u00eeners m\u00eame avec des enfants qui peuvent s\u2019amuser sur les jeux gonflables am\u00e9nag\u00e9s dans le grand hall.<\/p>\n<p style=\"text-align: center;\">Si vous recherchez un restaurant sur la<strong> C\u00f4te \u00e9trusque<\/strong> pour organiser un anniversaire, le restaurant Orizzonte est fait pour vous!<\/p>\n<p>[\/vc_column_text][\/vc_column][\/vc_row][vc_row][vc_column][vc_single_image image=\u00a0\u00bb3759&Prime; img_size=\u00a0\u00bbfull\u00a0\u00bb css=\u00a0\u00bb.vc_custom_1572359115458{padding-right: 10px !important;padding-left: 10px !important;}\u00a0\u00bb][\/vc_column][\/vc_row][vc_row el_id=\u00a0\u00bbcarosello-normale\u00a0\u00bb el_class=\u00a0\u00bbmt-5&Prime;][vc_column][vc_carousel_father arrow=\u00a0\u00bbtrue\u00a0\u00bb dot=\u00a0\u00bbfalse\u00a0\u00bb slide_visible=\u00a0\u00bb4&Prime; tabs=\u00a0\u00bb4&Prime; slide_visible_mbl=\u00a0\u00bb2&Prime; speed=\u00a0\u00bb\u00a0\u00bb arrowclr=\u00a0\u00bb#ffffff\u00a0\u00bb][vc_carousel_son titlesize=\u00a0\u00bb\u00a0\u00bb line_height=\u00a0\u00bb\u00a0\u00bb image_id=\u00a0\u00bb4355&Prime; img_width=\u00a0\u00bb97%\u00a0\u00bb img_height=\u00a0\u00bb97%\u00a0\u00bb][\/vc_carousel_son][vc_carousel_son titlesize=\u00a0\u00bb\u00a0\u00bb line_height=\u00a0\u00bb\u00a0\u00bb image_id=\u00a0\u00bb4361&Prime; img_width=\u00a0\u00bb97%\u00a0\u00bb img_height=\u00a0\u00bb97%\u00a0\u00bb][\/vc_carousel_son][vc_carousel_son titlesize=\u00a0\u00bb\u00a0\u00bb line_height=\u00a0\u00bb\u00a0\u00bb image_id=\u00a0\u00bb4362&Prime; img_width=\u00a0\u00bb97%\u00a0\u00bb img_height=\u00a0\u00bb97%\u00a0\u00bb][\/vc_carousel_son][vc_carousel_son titlesize=\u00a0\u00bb\u00a0\u00bb line_height=\u00a0\u00bb\u00a0\u00bb contain_url=\u00a0\u00bbhttps:\/\/www.villaggioorizzonte.it\/borghi-toscani\/campiglia-marittima.html\u00a0\u00bb image_id=\u00a0\u00bb4354&Prime; img_width=\u00a0\u00bb97%\u00a0\u00bb img_height=\u00a0\u00bb97%\u00a0\u00bb][\/vc_carousel_son][vc_carousel_son titlesize=\u00a0\u00bb\u00a0\u00bb line_height=\u00a0\u00bb\u00a0\u00bb image_id=\u00a0\u00bb4360&Prime; img_width=\u00a0\u00bb97%\u00a0\u00bb img_height=\u00a0\u00bb97%\u00a0\u00bb][\/vc_carousel_son][vc_carousel_son titlesize=\u00a0\u00bb\u00a0\u00bb line_height=\u00a0\u00bb\u00a0\u00bb image_id=\u00a0\u00bb4353&Prime; img_width=\u00a0\u00bb97%\u00a0\u00bb img_height=\u00a0\u00bb97%\u00a0\u00bb][\/vc_carousel_son][vc_carousel_son titlesize=\u00a0\u00bb\u00a0\u00bb line_height=\u00a0\u00bb\u00a0\u00bb image_id=\u00a0\u00bb4359&Prime; img_width=\u00a0\u00bb97%\u00a0\u00bb img_height=\u00a0\u00bb97%\u00a0\u00bb][\/vc_carousel_son][vc_carousel_son titlesize=\u00a0\u00bb\u00a0\u00bb line_height=\u00a0\u00bb\u00a0\u00bb image_id=\u00a0\u00bb4357&Prime; img_width=\u00a0\u00bb97%\u00a0\u00bb img_height=\u00a0\u00bb97%\u00a0\u00bb][\/vc_carousel_son][vc_carousel_son titlesize=\u00a0\u00bb\u00a0\u00bb line_height=\u00a0\u00bb\u00a0\u00bb image_id=\u00a0\u00bb4363&Prime; img_width=\u00a0\u00bb97%\u00a0\u00bb img_height=\u00a0\u00bb97%\u00a0\u00bb][\/vc_carousel_son][\/vc_carousel_father][\/vc_column][\/vc_row][vc_row full_width=\u00a0\u00bbstretch_row\u00a0\u00bb gap=\u00a0\u00bb15&Prime; equal_height=\u00a0\u00bbyes\u00a0\u00bb el_class=\u00a0\u00bbtext-center\u00a0\u00bb css=\u00a0\u00bb.vc_custom_1571920417641{margin-top: 80px !important;background-color: #f14d18 !important;}\u00a0\u00bb][vc_column][vc_column_text el_class=\u00a0\u00bbtitolobiancoh2 my-4&Prime;]<\/p>\n<h4 style=\"text-align: center;\">Les autres restaurants<\/h4>\n<p>[\/vc_column_text][\/vc_column][\/vc_row][vc_row full_width=\u00a0\u00bbstretch_row\u00a0\u00bb gap=\u00a0\u00bb15&Prime; equal_height=\u00a0\u00bbyes\u00a0\u00bb el_class=\u00a0\u00bbtext-center\u00a0\u00bb css=\u00a0\u00bb.vc_custom_1571920424913{background-color: #f14d18 !important;}\u00a0\u00bb][vc_column offset=\u00a0\u00bbvc_col-lg-6 vc_col-md-6 vc_col-xs-12&Prime;][vc_row_inner][vc_column_inner el_class=\u00a0\u00bbcol-md-auto\u00a0\u00bb offset=\u00a0\u00bbvc_col-lg-12 vc_col-md-12 vc_col-xs-12&Prime;][vc_single_image image=\u00a0\u00bb3922&Prime; img_size=\u00a0\u00bbfull\u00a0\u00bb alignment=\u00a0\u00bbcenter\u00a0\u00bb][\/vc_column_inner][vc_column_inner el_class=\u00a0\u00bbbloccotesto-colorato px-5 pt-5&Prime; offset=\u00a0\u00bbvc_col-lg-12 vc_col-md-12 vc_col-xs-12&Prime; css=\u00a0\u00bb.vc_custom_1571822315646{background-color: #fec700 !important;}\u00a0\u00bb][vc_column_text el_class=\u00a0\u00bbp-5&Prime;]<\/p>\n<h4>Dejavu<\/h4>\n<p>Restaurant &amp; lounge bar[\/vc_column_text][vc_btn title=\u00a0\u00bbD\u00e9tails\u00a0\u00bb style=\u00a0\u00bboutline-custom\u00a0\u00bb outline_custom_color=\u00a0\u00bb#ffffff\u00a0\u00bb outline_custom_hover_background=\u00a0\u00bbrgba(12,0,0,0.46)\u00a0\u00bb outline_custom_hover_text=\u00a0\u00bb#ffffff\u00a0\u00bb shape=\u00a0\u00bbsquare\u00a0\u00bb link=\u00a0\u00bburl:https%3A%2F%2Fwww.villaggioorizzonte.it%2Ffr%2Fvillage-avec-restaurant-mer-toscane%2Frestaurant-dejavu.html|||\u00a0\u00bb el_class=\u00a0\u00bbmt-1 mb-3&Prime;][\/vc_column_inner][\/vc_row_inner][\/vc_column][vc_column offset=\u00a0\u00bbvc_col-lg-6 vc_col-md-6 vc_col-xs-12&Prime;][vc_row_inner][vc_column_inner el_class=\u00a0\u00bbcol-md-auto\u00a0\u00bb offset=\u00a0\u00bbvc_col-lg-12 vc_col-md-12 vc_col-xs-12&Prime;][vc_single_image image=\u00a0\u00bb3924&Prime; img_size=\u00a0\u00bbfull\u00a0\u00bb alignment=\u00a0\u00bbcenter\u00a0\u00bb][\/vc_column_inner][vc_column_inner el_class=\u00a0\u00bbbloccotesto-colorato px-5 pt-5&Prime; offset=\u00a0\u00bbvc_col-lg-12 vc_col-md-12 vc_col-xs-12&Prime; css=\u00a0\u00bb.vc_custom_1571822300071{background-color: #039fe3 !important;}\u00a0\u00bb][vc_column_text el_class=\u00a0\u00bbp-5&Prime;]<\/p>\n<h4>Zest<\/h4>\n<p>Fast Food[\/vc_column_text][vc_btn title=\u00a0\u00bbD\u00e9tails\u00a0\u00bb style=\u00a0\u00bboutline-custom\u00a0\u00bb outline_custom_color=\u00a0\u00bb#ffffff\u00a0\u00bb outline_custom_hover_background=\u00a0\u00bbrgba(12,0,0,0.46)\u00a0\u00bb outline_custom_hover_text=\u00a0\u00bb#ffffff\u00a0\u00bb shape=\u00a0\u00bbsquare\u00a0\u00bb link=\u00a0\u00bburl:https%3A%2F%2Fwww.villaggioorizzonte.it%2Ffr%2Fvillage-avec-restaurant-mer-toscane%2Fzest-fast-food.html|title:Offerte||\u00a0\u00bb el_class=\u00a0\u00bbmt-1 mb-3&Prime;][\/vc_column_inner][\/vc_row_inner][\/vc_column][\/vc_row]<\/p>\n","protected":false},"excerpt":{"rendered":"<p>[vc_row gap=\u00a0\u00bb20&Prime; equal_height=\u00a0\u00bbyes\u00a0\u00bb][vc_column width=\u00a0\u00bb2\/3&Prime;][vc_single_image image=\u00a0\u00bb3748&Prime; img_size=\u00a0\u00bbfull\u00a0\u00bb][\/vc_column][vc_column width=\u00a0\u00bb1\/3&Prime; css=\u00a0\u00bb.vc_custom_1571755271060{padding-top: 30px !important;padding-right: 30px !important;padding-bottom: 30px !important;padding-left: 30px !important;background-color: #009fe3 !important;}\u00a0\u00bb el_class=\u00a0\u00bbtext-white small\u00a0\u00bb][vc_column_text el_class=\u00a0\u00bbsmall white\u00a0\u00bb]Ouvert toute l&rsquo;ann\u00e9e Hiver: tous les jours de 12h30 \u00e0 14h et de 19h30 \u00e0 21h Et\u00e9 : de 12h30 \u00e0 15h et de 19h \u00e0 22h30 Animaux admis Traitement d&rsquo;h\u00f4tel Demi-pension (petit-d\u00e9jeuner et [&hellip;]<\/p>\n","protected":false},"author":7,"featured_media":0,"parent":7187,"menu_order":0,"comment_status":"closed","ping_status":"closed","template":"","meta":{"_et_pb_use_builder":"on","_et_pb_old_content":"<p>[vc_row full_width=\"stretch_row\" disable_element=\"yes\" css=\".vc_custom_1619088203026{margin-top: 30px !important;margin-bottom: 60px !important;padding-top: 40px !important;padding-bottom: 40px !important;background-color: #fec700 !important;}\"][vc_column][vc_row_inner content_placement=\"middle\" gap=\"10\"][vc_column_inner][vc_column_text el_class=\"text-white listapuntata\"]<\/p>\r\n<p style=\"font-size: 18px; text-align: left;\"><img class=\"alignleft wp-image-13544\" src=\"https:\/\/www.villaggioorizzonte.it\/wp-content\/uploads\/2020\/06\/sicurezza-ita-eng-286x300.png\" alt=\"\" width=\"199\" height=\"209\" \/><\/p>\r\n<p>&nbsp;<\/p>\r\n<p>&nbsp;<\/p>\r\n<p style=\"font-size: 18px; text-align: left;\">Il Ristorante Orizzonte quest\u2019anno raggruppa la grande variet\u00e0 di offerta dei nostri ristoranti:<br \/>\r\ndal raffinato menu  del <strong>D\u00e9jaVu,<\/strong> alla ristorazione veloce e alle ottime pizze dello <strong>Zest<\/strong>.<\/p>\r\n<p>[\/vc_column_text][\/vc_column_inner][\/vc_row_inner][\/vc_column][\/vc_row][vc_row gap=\"20\" equal_height=\"yes\"][vc_column width=\"2\/3\"][vc_single_image image=\"3748\" img_size=\"full\"][\/vc_column][vc_column width=\"1\/3\" css=\".vc_custom_1571755271060{padding-top: 30px !important;padding-right: 30px !important;padding-bottom: 30px !important;padding-left: 30px !important;background-color: #009fe3 !important;}\" el_class=\"text-white small\"][vc_column_text el_class=\"small white\"]<strong>APERTO TUTTO L'ANNO<\/strong><\/p>\r\n<p>Orario invernale: tutti i giorni, dalle 12.30 alle 14 e dalle 19.30 alle 21<\/p>\r\n<p>Orario estivo: dalle 12.30 alle 15 e dalle 19 alle 22.30<\/p>\r\n<p><strong>ANIMALI AMMESSI<\/strong><\/p>\r\n<p><strong>TRATTAMENTO ALBERGHIERO<\/strong><\/p>\r\n<p>Mezza pensione (Colazione ed un pasto)<\/p>\r\n<p>Pensione completa (Colazione, pranzo e cena)[\/vc_column_text][\/vc_column][\/vc_row][vc_row css=\".vc_custom_1571928592514{padding-top: 30px !important;padding-bottom: 30px !important;}\"][vc_column][vc_column_text]<\/p>\r\n<p style=\"text-align: center;\">Fatta eccezione per il periodo estivo, il Ristorante Orizzonte \u00e8 l\u2019ideale per organizzare delle cene anche con i bambini che potranno divertirsi sui gonfiabili allestiti all\u2019interno dell\u2019ampio salone.<\/p>\r\n<p style=\"text-align: center;\">Se sei alla ricerca di un <strong>ristorante sulla costa degli Etruschi<\/strong><br \/>\r\nper organizzare un compleanno, un anniversario<br \/>\r\no una ricorrenza importante, il <strong>Ristorante l\u2019Orizzonte<\/strong> fa al caso tuo!<\/p>\r\n<p>[\/vc_column_text][\/vc_column][\/vc_row][vc_row][vc_column][vc_single_image image=\"3759\" img_size=\"full\" css=\".vc_custom_1572359115458{padding-right: 10px !important;padding-left: 10px !important;}\"][\/vc_column][\/vc_row][vc_row el_id=\"carosello-normale\" el_class=\"mt-5\"][vc_column][vc_carousel_father arrow=\"true\" dot=\"false\" slide_visible=\"4\" tabs=\"4\" slide_visible_mbl=\"2\" speed=\"\" arrowclr=\"#ffffff\"][vc_carousel_son titlesize=\"\" line_height=\"\" image_id=\"4355\" img_width=\"97%\" img_height=\"97%\"][\/vc_carousel_son][vc_carousel_son titlesize=\"\" line_height=\"\" image_id=\"4361\" img_width=\"97%\" img_height=\"97%\"][\/vc_carousel_son][vc_carousel_son titlesize=\"\" line_height=\"\" image_id=\"4362\" img_width=\"97%\" img_height=\"97%\"][\/vc_carousel_son][vc_carousel_son titlesize=\"\" line_height=\"\" contain_url=\"https:\/\/www.villaggioorizzonte.it\/borghi-toscani\/campiglia-marittima.html\" image_id=\"4354\" img_width=\"97%\" img_height=\"97%\"][\/vc_carousel_son][vc_carousel_son titlesize=\"\" line_height=\"\" image_id=\"4360\" img_width=\"97%\" img_height=\"97%\"][\/vc_carousel_son][vc_carousel_son titlesize=\"\" line_height=\"\" image_id=\"4353\" img_width=\"97%\" img_height=\"97%\"][\/vc_carousel_son][vc_carousel_son titlesize=\"\" line_height=\"\" image_id=\"4359\" img_width=\"97%\" img_height=\"97%\"][\/vc_carousel_son][vc_carousel_son titlesize=\"\" line_height=\"\" image_id=\"4357\" img_width=\"97%\" img_height=\"97%\"][\/vc_carousel_son][vc_carousel_son titlesize=\"\" line_height=\"\" image_id=\"4363\" img_width=\"97%\" img_height=\"97%\"][\/vc_carousel_son][\/vc_carousel_father][\/vc_column][\/vc_row][vc_row full_width=\"stretch_row\" gap=\"15\" equal_height=\"yes\" el_class=\"text-center\" css=\".vc_custom_1571920417641{margin-top: 80px !important;background-color: #f14d18 !important;}\"][vc_column][vc_column_text el_class=\"titolobiancoh2 my-4\"]<\/p>\r\n<h4 style=\"text-align: center;\">Gli altri ristoranti<\/h4>\r\n<p>[\/vc_column_text][\/vc_column][\/vc_row][vc_row full_width=\"stretch_row\" gap=\"15\" equal_height=\"yes\" el_class=\"text-center\" css=\".vc_custom_1571920424913{background-color: #f14d18 !important;}\"][vc_column offset=\"vc_col-lg-6 vc_col-md-6 vc_col-xs-12\"][vc_row_inner][vc_column_inner el_class=\"col-md-auto\" offset=\"vc_col-lg-12 vc_col-md-12 vc_col-xs-12\"][vc_single_image image=\"3922\" img_size=\"full\" alignment=\"center\"][\/vc_column_inner][vc_column_inner el_class=\"bloccotesto-colorato px-5 pt-5\" offset=\"vc_col-lg-12 vc_col-md-12 vc_col-xs-12\" css=\".vc_custom_1571822315646{background-color: #fec700 !important;}\"][vc_column_text el_class=\"p-5\"]<\/p>\r\n<h4>Dejavu<\/h4>\r\n<p>Ristorante &amp; lounge bar[\/vc_column_text][vc_btn title=\"VAI\" style=\"outline-custom\" outline_custom_color=\"#ffffff\" outline_custom_hover_background=\"rgba(12,0,0,0.46)\" outline_custom_hover_text=\"#ffffff\" shape=\"square\" link=\"url:%2Fvillaggio-con-ristorante-toscana-mare%2Fristorante-dejavu.html|title:Offerte||\" el_class=\"mt-1 mb-3\"][\/vc_column_inner][\/vc_row_inner][\/vc_column][vc_column offset=\"vc_col-lg-6 vc_col-md-6 vc_col-xs-12\"][vc_row_inner][vc_column_inner el_class=\"col-md-auto\" offset=\"vc_col-lg-12 vc_col-md-12 vc_col-xs-12\"][vc_single_image image=\"3924\" img_size=\"full\" alignment=\"center\"][\/vc_column_inner][vc_column_inner el_class=\"bloccotesto-colorato px-5 pt-5\" offset=\"vc_col-lg-12 vc_col-md-12 vc_col-xs-12\" css=\".vc_custom_1571822300071{background-color: #039fe3 !important;}\"][vc_column_text el_class=\"p-5\"]<\/p>\r\n<h4>Zest<\/h4>\r\n<p>Fast Food[\/vc_column_text][vc_btn title=\"VAI\" style=\"outline-custom\" outline_custom_color=\"#ffffff\" outline_custom_hover_background=\"rgba(12,0,0,0.46)\" outline_custom_hover_text=\"#ffffff\" shape=\"square\" link=\"url:%2Fvillaggio-con-ristorante-toscana-mare%2Fzest-fast-food.html|title:Offerte||\" el_class=\"mt-1 mb-3\"][\/vc_column_inner][\/vc_row_inner][\/vc_column][\/vc_row]<\/p>","_et_gb_content_width":"","ngg_post_thumbnail":0,"footnotes":""},"class_list":["post-7205","page","type-page","status-publish","hentry"],"yoast_head":"<!-- This site is optimized with the Yoast SEO plugin v25.8 - https:\/\/yoast.com\/wordpress\/plugins\/seo\/ -->\n<title>Restaurant Pizzeria Orizzonte, C\u00f4te des Etrusques - Villaggio Orizzonte<\/title>\n<meta name=\"description\" content=\"Le Restaurant Orizzonte est ouvert toute l&#039;ann\u00e8e avec service aux tables. En \u00e9t\u00e9 il propose aux clients du Village un buffet gourmet pour le petit dejeuner.\" \/>\n<meta name=\"robots\" content=\"index, follow, max-snippet:-1, max-image-preview:large, max-video-preview:-1\" \/>\n<link rel=\"canonical\" href=\"https:\/\/www.villaggioorizzonte.it\/fr\/village-avec-restaurant-mer-toscane\/restaurant-orizzonte.html\" \/>\n<meta property=\"og:locale\" content=\"fr_FR\" \/>\n<meta property=\"og:type\" content=\"article\" \/>\n<meta property=\"og:title\" content=\"Restaurant Pizzeria Orizzonte, C\u00f4te des Etrusques - Villaggio Orizzonte\" \/>\n<meta property=\"og:description\" content=\"Le Restaurant Orizzonte est ouvert toute l&#039;ann\u00e8e avec service aux tables. En \u00e9t\u00e9 il propose aux clients du Village un buffet gourmet pour le petit dejeuner.\" \/>\n<meta property=\"og:url\" content=\"https:\/\/www.villaggioorizzonte.it\/fr\/village-avec-restaurant-mer-toscane\/restaurant-orizzonte.html\" \/>\n<meta property=\"og:site_name\" content=\"Villaggio Orizzonte\" \/>\n<meta property=\"article:modified_time\" content=\"2019-12-18T16:09:21+00:00\" \/>\n<meta name=\"twitter:card\" content=\"summary_large_image\" \/>\n<script type=\"application\/ld+json\" class=\"yoast-schema-graph\">{\"@context\":\"https:\/\/schema.org\",\"@graph\":[{\"@type\":\"WebPage\",\"@id\":\"https:\/\/www.villaggioorizzonte.it\/fr\/village-avec-restaurant-mer-toscane\/restaurant-orizzonte.html\",\"url\":\"https:\/\/www.villaggioorizzonte.it\/fr\/village-avec-restaurant-mer-toscane\/restaurant-orizzonte.html\",\"name\":\"Restaurant Pizzeria Orizzonte, C\u00f4te des Etrusques - Villaggio Orizzonte\",\"isPartOf\":{\"@id\":\"https:\/\/www.villaggioorizzonte.it\/fr\/#website\"},\"datePublished\":\"2019-09-23T14:30:32+00:00\",\"dateModified\":\"2019-12-18T16:09:21+00:00\",\"description\":\"Le Restaurant Orizzonte est ouvert toute l'ann\u00e8e avec service aux tables. En \u00e9t\u00e9 il propose aux clients du Village un buffet gourmet pour le petit dejeuner.\",\"breadcrumb\":{\"@id\":\"https:\/\/www.villaggioorizzonte.it\/fr\/village-avec-restaurant-mer-toscane\/restaurant-orizzonte.html#breadcrumb\"},\"inLanguage\":\"fr-FR\",\"potentialAction\":[{\"@type\":\"ReadAction\",\"target\":[\"https:\/\/www.villaggioorizzonte.it\/fr\/village-avec-restaurant-mer-toscane\/restaurant-orizzonte.html\"]}]},{\"@type\":\"BreadcrumbList\",\"@id\":\"https:\/\/www.villaggioorizzonte.it\/fr\/village-avec-restaurant-mer-toscane\/restaurant-orizzonte.html#breadcrumb\",\"itemListElement\":[{\"@type\":\"ListItem\",\"position\":1,\"name\":\"Home\",\"item\":\"https:\/\/www.villaggioorizzonte.it\/fr\/\"},{\"@type\":\"ListItem\",\"position\":2,\"name\":\"Restauration\",\"item\":\"https:\/\/www.villaggioorizzonte.it\/fr\/village-avec-restaurant-mer-toscane.html\"},{\"@type\":\"ListItem\",\"position\":3,\"name\":\"Restaurant Orizzonte\"}]},{\"@type\":\"WebSite\",\"@id\":\"https:\/\/www.villaggioorizzonte.it\/fr\/#website\",\"url\":\"https:\/\/www.villaggioorizzonte.it\/fr\/\",\"name\":\"Villaggio Orizzonte\",\"description\":\"Villaggio Turistico\",\"potentialAction\":[{\"@type\":\"SearchAction\",\"target\":{\"@type\":\"EntryPoint\",\"urlTemplate\":\"https:\/\/www.villaggioorizzonte.it\/fr\/?s={search_term_string}\"},\"query-input\":{\"@type\":\"PropertyValueSpecification\",\"valueRequired\":true,\"valueName\":\"search_term_string\"}}],\"inLanguage\":\"fr-FR\"}]}<\/script>\n<!-- \/ Yoast SEO plugin. -->","yoast_head_json":{"title":"Restaurant Pizzeria Orizzonte, C\u00f4te des Etrusques - Villaggio Orizzonte","description":"Le Restaurant Orizzonte est ouvert toute l'ann\u00e8e avec service aux tables. En \u00e9t\u00e9 il propose aux clients du Village un buffet gourmet pour le petit dejeuner.","robots":{"index":"index","follow":"follow","max-snippet":"max-snippet:-1","max-image-preview":"max-image-preview:large","max-video-preview":"max-video-preview:-1"},"canonical":"https:\/\/www.villaggioorizzonte.it\/fr\/village-avec-restaurant-mer-toscane\/restaurant-orizzonte.html","og_locale":"fr_FR","og_type":"article","og_title":"Restaurant Pizzeria Orizzonte, C\u00f4te des Etrusques - Villaggio Orizzonte","og_description":"Le Restaurant Orizzonte est ouvert toute l'ann\u00e8e avec service aux tables. En \u00e9t\u00e9 il propose aux clients du Village un buffet gourmet pour le petit dejeuner.","og_url":"https:\/\/www.villaggioorizzonte.it\/fr\/village-avec-restaurant-mer-toscane\/restaurant-orizzonte.html","og_site_name":"Villaggio Orizzonte","article_modified_time":"2019-12-18T16:09:21+00:00","twitter_card":"summary_large_image","schema":{"@context":"https:\/\/schema.org","@graph":[{"@type":"WebPage","@id":"https:\/\/www.villaggioorizzonte.it\/fr\/village-avec-restaurant-mer-toscane\/restaurant-orizzonte.html","url":"https:\/\/www.villaggioorizzonte.it\/fr\/village-avec-restaurant-mer-toscane\/restaurant-orizzonte.html","name":"Restaurant Pizzeria Orizzonte, C\u00f4te des Etrusques - Villaggio Orizzonte","isPartOf":{"@id":"https:\/\/www.villaggioorizzonte.it\/fr\/#website"},"datePublished":"2019-09-23T14:30:32+00:00","dateModified":"2019-12-18T16:09:21+00:00","description":"Le Restaurant Orizzonte est ouvert toute l'ann\u00e8e avec service aux tables. En \u00e9t\u00e9 il propose aux clients du Village un buffet gourmet pour le petit dejeuner.","breadcrumb":{"@id":"https:\/\/www.villaggioorizzonte.it\/fr\/village-avec-restaurant-mer-toscane\/restaurant-orizzonte.html#breadcrumb"},"inLanguage":"fr-FR","potentialAction":[{"@type":"ReadAction","target":["https:\/\/www.villaggioorizzonte.it\/fr\/village-avec-restaurant-mer-toscane\/restaurant-orizzonte.html"]}]},{"@type":"BreadcrumbList","@id":"https:\/\/www.villaggioorizzonte.it\/fr\/village-avec-restaurant-mer-toscane\/restaurant-orizzonte.html#breadcrumb","itemListElement":[{"@type":"ListItem","position":1,"name":"Home","item":"https:\/\/www.villaggioorizzonte.it\/fr\/"},{"@type":"ListItem","position":2,"name":"Restauration","item":"https:\/\/www.villaggioorizzonte.it\/fr\/village-avec-restaurant-mer-toscane.html"},{"@type":"ListItem","position":3,"name":"Restaurant Orizzonte"}]},{"@type":"WebSite","@id":"https:\/\/www.villaggioorizzonte.it\/fr\/#website","url":"https:\/\/www.villaggioorizzonte.it\/fr\/","name":"Villaggio Orizzonte","description":"Villaggio Turistico","potentialAction":[{"@type":"SearchAction","target":{"@type":"EntryPoint","urlTemplate":"https:\/\/www.villaggioorizzonte.it\/fr\/?s={search_term_string}"},"query-input":{"@type":"PropertyValueSpecification","valueRequired":true,"valueName":"search_term_string"}}],"inLanguage":"fr-FR"}]}},"_links":{"self":[{"href":"https:\/\/www.villaggioorizzonte.it\/fr\/wp-json\/wp\/v2\/pages\/7205","targetHints":{"allow":["GET"]}}],"collection":[{"href":"https:\/\/www.villaggioorizzonte.it\/fr\/wp-json\/wp\/v2\/pages"}],"about":[{"href":"https:\/\/www.villaggioorizzonte.it\/fr\/wp-json\/wp\/v2\/types\/page"}],"author":[{"embeddable":true,"href":"https:\/\/www.villaggioorizzonte.it\/fr\/wp-json\/wp\/v2\/users\/7"}],"replies":[{"embeddable":true,"href":"https:\/\/www.villaggioorizzonte.it\/fr\/wp-json\/wp\/v2\/comments?post=7205"}],"version-history":[{"count":0,"href":"https:\/\/www.villaggioorizzonte.it\/fr\/wp-json\/wp\/v2\/pages\/7205\/revisions"}],"up":[{"embeddable":true,"href":"https:\/\/www.villaggioorizzonte.it\/fr\/wp-json\/wp\/v2\/pages\/7187"}],"wp:attachment":[{"href":"https:\/\/www.villaggioorizzonte.it\/fr\/wp-json\/wp\/v2\/media?parent=7205"}],"curies":[{"name":"wp","href":"https:\/\/api.w.org\/{rel}","templated":true}]}}