{"id":7204,"date":"2019-10-23T09:39:40","date_gmt":"2019-10-23T07:39:40","guid":{"rendered":"https:\/\/b6.aerostatonet.it\/village-avec-restaurant-mer-toscane\/ristorante-dejavu.html"},"modified":"2019-12-18T17:08:48","modified_gmt":"2019-12-18T16:08:48","slug":"restaurant-dejavu","status":"publish","type":"page","link":"https:\/\/www.villaggioorizzonte.it\/fr\/village-avec-restaurant-mer-toscane\/restaurant-dejavu.html","title":{"rendered":"Restaurant Dejavu"},"content":{"rendered":"<p>[vc_row gap=\u00a0\u00bb20&Prime; equal_height=\u00a0\u00bbyes\u00a0\u00bb][vc_column width=\u00a0\u00bb2\/3&Prime;][vc_single_image image=\u00a0\u00bb3845&Prime; img_size=\u00a0\u00bbfull\u00a0\u00bb][\/vc_column][vc_column width=\u00a0\u00bb1\/3&Prime; css=\u00a0\u00bb.vc_custom_1571739035868{padding-top: 30px !important;padding-right: 30px !important;padding-bottom: 30px !important;padding-left: 30px !important;background-color: #fec700 !important;}\u00a0\u00bb el_class=\u00a0\u00bbtext-white small\u00a0\u00bb][vc_column_text el_class=\u00a0\u00bbsmall white\u00a0\u00bb]<strong>\u00c0 partir de fin avril <\/strong><br \/>\nouvert uniquement le week-end<\/p>\n<p><strong>De fin mai \u00e0 mi-septembre<br \/>\n<\/strong>tous les jours de 8h \u00e0 1h[\/vc_column_text][\/vc_column][\/vc_row][vc_row css=\u00a0\u00bb.vc_custom_1571928032132{padding-top: 30px !important;padding-bottom: 15px !important;}\u00a0\u00bb][vc_column][vc_column_text]<\/p>\n<p style=\"text-align: center;\">Le <strong>Dejavu<\/strong> est le restaurant que vous recherchez \u00e0 deux pas de la mer et \u00e0 quelques kilom\u00e8tres de Piombino, pour vos <strong>d\u00eeners romantiques<\/strong>, pour un moment sp\u00e9cial \u00e0 partager avec votre famille ou la personne que vous aimez. Go\u00fbtez les saveurs de la <strong>cuisine toscane<\/strong>, revisit\u00e9e dans une touche moderne, et red\u00e9couvrez le go\u00fbt du poisson frais que vous pourrez choisir directement dans notre \u00ab\u00a0march\u00e9 aux poissons\u00a0\u00bb.<\/p>\n<p style=\"text-align: center;\">Apr\u00e8s le d\u00eener, la soir\u00e9e se poursuit avec notre liste de liqueurs et rhums s\u00e9lectionn\u00e9s: un c\u00e2lin, avant de vous coucher.<\/p>\n<p style=\"text-align: center;\">Au <strong>Dejavu Restaurant &amp; Lounge Bar<\/strong>, passez des soir\u00e9es uniques dans un cadre spectaculaire.<\/p>\n<p>[\/vc_column_text][\/vc_column][\/vc_row][vc_row css=\u00a0\u00bb.vc_custom_1571927891361{padding-top: 30px !important;padding-bottom: 30px !important;}\u00a0\u00bb][vc_column][vc_single_image image=\u00a0\u00bb3844&Prime; img_size=\u00a0\u00bbfull\u00a0\u00bb css=\u00a0\u00bb.vc_custom_1572359064732{padding-right: 10px !important;padding-left: 10px !important;}\u00a0\u00bb][\/vc_column][\/vc_row][vc_row el_id=\u00a0\u00bbcarosello-normale\u00a0\u00bb el_class=\u00a0\u00bbmt-5&Prime;][vc_column][vc_carousel_father arrow=\u00a0\u00bbtrue\u00a0\u00bb dot=\u00a0\u00bbfalse\u00a0\u00bb slide_visible=\u00a0\u00bb4&Prime; tabs=\u00a0\u00bb4&Prime; slide_visible_mbl=\u00a0\u00bb2&Prime; speed=\u00a0\u00bb\u00a0\u00bb arrowclr=\u00a0\u00bb#ffffff\u00a0\u00bb][vc_carousel_son titlesize=\u00a0\u00bb\u00a0\u00bb line_height=\u00a0\u00bb\u00a0\u00bb image_id=\u00a0\u00bb4326&Prime; img_width=\u00a0\u00bb97%\u00a0\u00bb img_height=\u00a0\u00bb97%\u00a0\u00bb][\/vc_carousel_son][vc_carousel_son titlesize=\u00a0\u00bb\u00a0\u00bb line_height=\u00a0\u00bb\u00a0\u00bb image_id=\u00a0\u00bb4327&Prime; img_width=\u00a0\u00bb97%\u00a0\u00bb img_height=\u00a0\u00bb97%\u00a0\u00bb][\/vc_carousel_son][vc_carousel_son titlesize=\u00a0\u00bb\u00a0\u00bb line_height=\u00a0\u00bb\u00a0\u00bb image_id=\u00a0\u00bb4332&Prime; img_width=\u00a0\u00bb97%\u00a0\u00bb img_height=\u00a0\u00bb97%\u00a0\u00bb][\/vc_carousel_son][vc_carousel_son titlesize=\u00a0\u00bb\u00a0\u00bb line_height=\u00a0\u00bb\u00a0\u00bb contain_url=\u00a0\u00bbhttps:\/\/www.villaggioorizzonte.it\/borghi-toscani\/campiglia-marittima.html\u00a0\u00bb image_id=\u00a0\u00bb4330&Prime; img_width=\u00a0\u00bb97%\u00a0\u00bb img_height=\u00a0\u00bb97%\u00a0\u00bb][\/vc_carousel_son][vc_carousel_son titlesize=\u00a0\u00bb\u00a0\u00bb line_height=\u00a0\u00bb\u00a0\u00bb image_id=\u00a0\u00bb4338&Prime; img_width=\u00a0\u00bb97%\u00a0\u00bb img_height=\u00a0\u00bb97%\u00a0\u00bb][\/vc_carousel_son][vc_carousel_son titlesize=\u00a0\u00bb\u00a0\u00bb line_height=\u00a0\u00bb\u00a0\u00bb image_id=\u00a0\u00bb4331&Prime; img_width=\u00a0\u00bb97%\u00a0\u00bb img_height=\u00a0\u00bb97%\u00a0\u00bb][\/vc_carousel_son][vc_carousel_son titlesize=\u00a0\u00bb\u00a0\u00bb line_height=\u00a0\u00bb\u00a0\u00bb image_id=\u00a0\u00bb4334&Prime; img_width=\u00a0\u00bb97%\u00a0\u00bb img_height=\u00a0\u00bb97%\u00a0\u00bb][\/vc_carousel_son][vc_carousel_son titlesize=\u00a0\u00bb\u00a0\u00bb line_height=\u00a0\u00bb\u00a0\u00bb image_id=\u00a0\u00bb4333&Prime; img_width=\u00a0\u00bb97%\u00a0\u00bb img_height=\u00a0\u00bb97%\u00a0\u00bb][\/vc_carousel_son][vc_carousel_son titlesize=\u00a0\u00bb\u00a0\u00bb line_height=\u00a0\u00bb\u00a0\u00bb image_id=\u00a0\u00bb4337&Prime; img_width=\u00a0\u00bb97%\u00a0\u00bb img_height=\u00a0\u00bb97%\u00a0\u00bb][\/vc_carousel_son][vc_carousel_son titlesize=\u00a0\u00bb\u00a0\u00bb line_height=\u00a0\u00bb\u00a0\u00bb image_id=\u00a0\u00bb4328&Prime; img_width=\u00a0\u00bb97%\u00a0\u00bb img_height=\u00a0\u00bb97%\u00a0\u00bb][\/vc_carousel_son][\/vc_carousel_father][\/vc_column][\/vc_row][vc_row full_width=\u00a0\u00bbstretch_row\u00a0\u00bb gap=\u00a0\u00bb15&Prime; equal_height=\u00a0\u00bbyes\u00a0\u00bb el_class=\u00a0\u00bbtext-center\u00a0\u00bb css=\u00a0\u00bb.vc_custom_1571920417641{margin-top: 80px !important;background-color: #f14d18 !important;}\u00a0\u00bb][vc_column][vc_column_text el_class=\u00a0\u00bbtitolobiancoh2 my-4&Prime;]<\/p>\n<h4 style=\"text-align: center;\">Les autres restaurants<\/h4>\n<p>[\/vc_column_text][\/vc_column][\/vc_row][vc_row full_width=\u00a0\u00bbstretch_row\u00a0\u00bb gap=\u00a0\u00bb15&Prime; equal_height=\u00a0\u00bbyes\u00a0\u00bb el_class=\u00a0\u00bbtext-center\u00a0\u00bb css=\u00a0\u00bb.vc_custom_1571920424913{background-color: #f14d18 !important;}\u00a0\u00bb][vc_column offset=\u00a0\u00bbvc_col-lg-6 vc_col-md-6 vc_col-xs-12&Prime;][vc_row_inner][vc_column_inner el_class=\u00a0\u00bbcol-md-auto\u00a0\u00bb offset=\u00a0\u00bbvc_col-lg-12 vc_col-md-12 vc_col-xs-12&Prime;][vc_single_image image=\u00a0\u00bb3923&Prime; img_size=\u00a0\u00bbfull\u00a0\u00bb alignment=\u00a0\u00bbcenter\u00a0\u00bb][\/vc_column_inner][vc_column_inner el_class=\u00a0\u00bbbloccotesto-colorato px-5 pt-5&Prime; offset=\u00a0\u00bbvc_col-lg-12 vc_col-md-12 vc_col-xs-12&Prime; css=\u00a0\u00bb.vc_custom_1571822315646{background-color: #fec700 !important;}\u00a0\u00bb][vc_column_text el_class=\u00a0\u00bbp-5&Prime;]<\/p>\n<h4>Orizzonte<\/h4>\n<p>Restaurant Pizzeria[\/vc_column_text][vc_btn title=\u00a0\u00bbD\u00e9tails\u00a0\u00bb style=\u00a0\u00bboutline-custom\u00a0\u00bb outline_custom_color=\u00a0\u00bb#ffffff\u00a0\u00bb outline_custom_hover_background=\u00a0\u00bbrgba(12,0,0,0.46)\u00a0\u00bb outline_custom_hover_text=\u00a0\u00bb#ffffff\u00a0\u00bb shape=\u00a0\u00bbsquare\u00a0\u00bb link=\u00a0\u00bburl:https%3A%2F%2Fwww.villaggioorizzonte.it%2Ffr%2Fvillage-avec-restaurant-mer-toscane%2Frestaurant-orizzonte.html|||\u00a0\u00bb el_class=\u00a0\u00bbmt-1 mb-3&Prime;][\/vc_column_inner][\/vc_row_inner][\/vc_column][vc_column offset=\u00a0\u00bbvc_col-lg-6 vc_col-md-6 vc_col-xs-12&Prime;][vc_row_inner][vc_column_inner el_class=\u00a0\u00bbcol-md-auto\u00a0\u00bb offset=\u00a0\u00bbvc_col-lg-12 vc_col-md-12 vc_col-xs-12&Prime;][vc_single_image image=\u00a0\u00bb3924&Prime; img_size=\u00a0\u00bbfull\u00a0\u00bb alignment=\u00a0\u00bbcenter\u00a0\u00bb][\/vc_column_inner][vc_column_inner el_class=\u00a0\u00bbbloccotesto-colorato px-5 pt-5&Prime; offset=\u00a0\u00bbvc_col-lg-12 vc_col-md-12 vc_col-xs-12&Prime; css=\u00a0\u00bb.vc_custom_1571822300071{background-color: #039fe3 !important;}\u00a0\u00bb][vc_column_text el_class=\u00a0\u00bbp-5&Prime;]<\/p>\n<h4>Zest<\/h4>\n<p>Fast Food[\/vc_column_text][vc_btn title=\u00a0\u00bbD\u00e9tails\u00a0\u00bb style=\u00a0\u00bboutline-custom\u00a0\u00bb outline_custom_color=\u00a0\u00bb#ffffff\u00a0\u00bb outline_custom_hover_background=\u00a0\u00bbrgba(12,0,0,0.46)\u00a0\u00bb outline_custom_hover_text=\u00a0\u00bb#ffffff\u00a0\u00bb shape=\u00a0\u00bbsquare\u00a0\u00bb link=\u00a0\u00bburl:https%3A%2F%2Fwww.villaggioorizzonte.it%2Ffr%2Fvillage-avec-restaurant-mer-toscane%2Fzest-fast-food.html|title:Offerte||\u00a0\u00bb el_class=\u00a0\u00bbmt-1 mb-3&Prime;][\/vc_column_inner][\/vc_row_inner][\/vc_column][\/vc_row]<\/p>\n","protected":false},"excerpt":{"rendered":"<p>[vc_row gap=\u00a0\u00bb20&Prime; equal_height=\u00a0\u00bbyes\u00a0\u00bb][vc_column width=\u00a0\u00bb2\/3&Prime;][vc_single_image image=\u00a0\u00bb3845&Prime; img_size=\u00a0\u00bbfull\u00a0\u00bb][\/vc_column][vc_column width=\u00a0\u00bb1\/3&Prime; css=\u00a0\u00bb.vc_custom_1571739035868{padding-top: 30px !important;padding-right: 30px !important;padding-bottom: 30px !important;padding-left: 30px !important;background-color: #fec700 !important;}\u00a0\u00bb el_class=\u00a0\u00bbtext-white small\u00a0\u00bb][vc_column_text el_class=\u00a0\u00bbsmall white\u00a0\u00bb]\u00c0 partir de fin avril ouvert uniquement le week-end De fin mai \u00e0 mi-septembre tous les jours de 8h \u00e0 1h[\/vc_column_text][\/vc_column][\/vc_row][vc_row css=\u00a0\u00bb.vc_custom_1571928032132{padding-top: 30px !important;padding-bottom: 15px !important;}\u00a0\u00bb][vc_column][vc_column_text] Le Dejavu est le restaurant que vous recherchez [&hellip;]<\/p>\n","protected":false},"author":7,"featured_media":0,"parent":7187,"menu_order":0,"comment_status":"closed","ping_status":"closed","template":"","meta":{"_et_pb_use_builder":"on","_et_pb_old_content":"<p>[vc_row full_width=\"stretch_row\" disable_element=\"yes\" css=\".vc_custom_1619088193440{margin-top: 30px !important;margin-bottom: 60px !important;padding-top: 40px !important;padding-bottom: 40px !important;background-color: #fec700 !important;}\"][vc_column][vc_row_inner content_placement=\"middle\" gap=\"10\"][vc_column_inner][vc_column_text el_class=\"text-white listapuntata\"]<\/p>\r\n<p style=\"font-size: 18px; text-align: left;\"><img class=\"alignleft wp-image-13544\" src=\"https:\/\/www.villaggioorizzonte.it\/wp-content\/uploads\/2020\/06\/sicurezza-ita-eng-286x300.png\" alt=\"\" width=\"199\" height=\"209\" \/><\/p>\r\n<p>&nbsp;<\/p>\r\n<p>&nbsp;<\/p>\r\n<p style=\"font-size: 18px; text-align: left;\">Per questa stagione il D\u00e9jaVu apre come bar ristoro della Piscina Sud.<br \/>\r\nPotrete ritrovare il suo raffinato menu nell\u2019offerta del <strong>Ristorante Orizzonte<\/strong><\/p>\r\n<p>[\/vc_column_text][\/vc_column_inner][\/vc_row_inner][\/vc_column][\/vc_row][vc_row][vc_column][vc_column_text]<\/p>\r\n<p style=\"text-align: center;\">Situato sulla piscina sud, il <strong>Ristorante &amp; Lounge Bar Dejavu<\/strong> \u00e8 un luogo particolarmente suggestivo, dove potrai trascorrere ogni momento della tua giornata, quando avrai bisogno di concederti una pausa. <strong>Aperto solo durante la stagione estiva<\/strong> al Ristorante Dejavu potrai gustare ottime <strong>colazioni a bordo piscina<\/strong>, e iniziare la tua giornata con tutta la calma e il silenzio che si richiede in vacanza. Snack, gelati, caff\u00e8 e tutto ci\u00f2 di cui hai bisogno per un <strong>break<\/strong> durante la giornata, tra un tuffo e l\u2019altro, fino ad arrivare al <strong>pranzo<\/strong>, dove potrai scegliere freschi piatti della tradizione toscana dal nostro menu alla carta.<\/p>\r\n<p style=\"text-align: center;\">Alla sera quando l\u2019allegria della piscina lascia spazio ad un\u2019atmosfera raccolta e romantica, goditi un <strong>aperitivo al calar del sole<\/strong> <strong>o un ottimo cocktail in compagnia<\/strong> con il nostro ricco happy hour, fino alla cena con splendide grigliate di pesce fresco al lume di candela.<\/p>\r\n<p>[\/vc_column_text][\/vc_column][\/vc_row][vc_row gap=\"20\" equal_height=\"yes\"][vc_column width=\"2\/3\"][vc_single_image image=\"3845\" img_size=\"full\"][\/vc_column][vc_column width=\"1\/3\" css=\".vc_custom_1571739035868{padding-top: 30px !important;padding-right: 30px !important;padding-bottom: 30px !important;padding-left: 30px !important;background-color: #fec700 !important;}\" el_class=\"text-white small\"][vc_column_text el_class=\"small white\"]<strong>Da fine Aprile<\/strong><br \/>\r\naperto solo durante il week-end<\/p>\r\n<p><strong>Da fine Maggio a met\u00e0 Settembre<br \/>\r\n<\/strong>tutti i giorni dalle ore 8 del mattino all\u2019una di notte[\/vc_column_text][\/vc_column][\/vc_row][vc_row css=\".vc_custom_1571928032132{padding-top: 30px !important;padding-bottom: 15px !important;}\"][vc_column][vc_column_text]<\/p>\r\n<p style=\"text-align: center;\">Il <strong>Dejavu<\/strong> \u00e8 il ristorante che cerchi a due passi dal mare e a pochi km da Piombino, per <strong>cene romantiche<\/strong>, per ritagliarti un momento tutto tuo da condividere con la famiglia o con la persona che ami. Gusta i sapori della <strong>cucina Toscana<\/strong>, rivisitati in una chiave moderna, e riscopri il gusto del pesce fresco che potrai scegliere direttamente dal nostro \u201cmercato del pesce\u201d.<\/p>\r\n<p style=\"text-align: center;\">Finita la cena, la serata continua con la nostra lista di liquori e rum selezionati, una coccola prima di andare a dormire.<\/p>\r\n<p style=\"text-align: center;\">Al <strong>Ristorante &amp; Lounge Bar Dejavu<\/strong> potrai trascorrere serate uniche in una cornice spettacolare.<\/p>\r\n<p>[\/vc_column_text][\/vc_column][\/vc_row][vc_row css=\".vc_custom_1571927891361{padding-top: 30px !important;padding-bottom: 30px !important;}\"][vc_column][vc_single_image image=\"3844\" img_size=\"full\" css=\".vc_custom_1572359064732{padding-right: 10px !important;padding-left: 10px !important;}\"][\/vc_column][\/vc_row][vc_row el_id=\"carosello-normale\" el_class=\"mt-5\"][vc_column][vc_carousel_father arrow=\"true\" dot=\"false\" slide_visible=\"4\" tabs=\"4\" slide_visible_mbl=\"2\" speed=\"\" arrowclr=\"#ffffff\"][vc_carousel_son titlesize=\"\" line_height=\"\" image_id=\"4326\" img_width=\"97%\" img_height=\"97%\"][\/vc_carousel_son][vc_carousel_son titlesize=\"\" line_height=\"\" image_id=\"4327\" img_width=\"97%\" img_height=\"97%\"][\/vc_carousel_son][vc_carousel_son titlesize=\"\" line_height=\"\" image_id=\"4332\" img_width=\"97%\" img_height=\"97%\"][\/vc_carousel_son][vc_carousel_son titlesize=\"\" line_height=\"\" contain_url=\"https:\/\/www.villaggioorizzonte.it\/borghi-toscani\/campiglia-marittima.html\" image_id=\"4330\" img_width=\"97%\" img_height=\"97%\"][\/vc_carousel_son][vc_carousel_son titlesize=\"\" line_height=\"\" image_id=\"4338\" img_width=\"97%\" img_height=\"97%\"][\/vc_carousel_son][vc_carousel_son titlesize=\"\" line_height=\"\" image_id=\"4331\" img_width=\"97%\" img_height=\"97%\"][\/vc_carousel_son][vc_carousel_son titlesize=\"\" line_height=\"\" image_id=\"4334\" img_width=\"97%\" img_height=\"97%\"][\/vc_carousel_son][vc_carousel_son titlesize=\"\" line_height=\"\" image_id=\"4333\" img_width=\"97%\" img_height=\"97%\"][\/vc_carousel_son][vc_carousel_son titlesize=\"\" line_height=\"\" image_id=\"4337\" img_width=\"97%\" img_height=\"97%\"][\/vc_carousel_son][vc_carousel_son titlesize=\"\" line_height=\"\" image_id=\"4328\" img_width=\"97%\" img_height=\"97%\"][\/vc_carousel_son][\/vc_carousel_father][\/vc_column][\/vc_row][vc_row full_width=\"stretch_row\" gap=\"15\" equal_height=\"yes\" el_class=\"text-center\" css=\".vc_custom_1571920417641{margin-top: 80px !important;background-color: #f14d18 !important;}\"][vc_column][vc_column_text el_class=\"titolobiancoh2 my-4\"]<\/p>\r\n<h4 style=\"text-align: center;\">Gli altri ristoranti<\/h4>\r\n<p>[\/vc_column_text][\/vc_column][\/vc_row][vc_row full_width=\"stretch_row\" gap=\"15\" equal_height=\"yes\" el_class=\"text-center\" css=\".vc_custom_1571920424913{background-color: #f14d18 !important;}\"][vc_column offset=\"vc_col-lg-6 vc_col-md-6 vc_col-xs-12\"][vc_row_inner][vc_column_inner el_class=\"col-md-auto\" offset=\"vc_col-lg-12 vc_col-md-12 vc_col-xs-12\"][vc_single_image image=\"3923\" img_size=\"full\" alignment=\"center\"][\/vc_column_inner][vc_column_inner el_class=\"bloccotesto-colorato px-5 pt-5\" offset=\"vc_col-lg-12 vc_col-md-12 vc_col-xs-12\" css=\".vc_custom_1571822315646{background-color: #fec700 !important;}\"][vc_column_text el_class=\"p-5\"]<\/p>\r\n<h4>Orizzonte<\/h4>\r\n<p>Ristorante Pizzeria[\/vc_column_text][vc_btn title=\"VAI\" style=\"outline-custom\" outline_custom_color=\"#ffffff\" outline_custom_hover_background=\"rgba(12,0,0,0.46)\" outline_custom_hover_text=\"#ffffff\" shape=\"square\" link=\"url:%2Fvillaggio-con-ristorante-toscana-mare%2Fristorante-orizzonte.html|title:Offerte||\" el_class=\"mt-1 mb-3\"][\/vc_column_inner][\/vc_row_inner][\/vc_column][vc_column offset=\"vc_col-lg-6 vc_col-md-6 vc_col-xs-12\"][vc_row_inner][vc_column_inner el_class=\"col-md-auto\" offset=\"vc_col-lg-12 vc_col-md-12 vc_col-xs-12\"][vc_single_image image=\"3924\" img_size=\"full\" alignment=\"center\"][\/vc_column_inner][vc_column_inner el_class=\"bloccotesto-colorato px-5 pt-5\" offset=\"vc_col-lg-12 vc_col-md-12 vc_col-xs-12\" css=\".vc_custom_1571822300071{background-color: #039fe3 !important;}\"][vc_column_text el_class=\"p-5\"]<\/p>\r\n<h4>Zest<\/h4>\r\n<p>Fast Food[\/vc_column_text][vc_btn title=\"VAI\" style=\"outline-custom\" outline_custom_color=\"#ffffff\" outline_custom_hover_background=\"rgba(12,0,0,0.46)\" outline_custom_hover_text=\"#ffffff\" shape=\"square\" link=\"url:%2Fvillaggio-con-ristorante-toscana-mare%2Fzest-fast-food.html|title:Offerte||\" el_class=\"mt-1 mb-3\"][\/vc_column_inner][\/vc_row_inner][\/vc_column][\/vc_row]<\/p>","_et_gb_content_width":"","ngg_post_thumbnail":0,"footnotes":""},"class_list":["post-7204","page","type-page","status-publish","hentry"],"yoast_head":"<!-- This site is optimized with the Yoast SEO plugin v25.8 - https:\/\/yoast.com\/wordpress\/plugins\/seo\/ -->\n<title>Restaurant DejaVu - Lounge Bar - Villaggio Orizzonte<\/title>\n<meta name=\"description\" content=\"Le Restaurant &amp; Lounge Bar Dejavu est un endroit accueillant e soign\u00e9, o\u00f9 vous pourrez poasser chaque moment devotre journ\u00e9e...\" \/>\n<meta name=\"robots\" content=\"index, follow, max-snippet:-1, max-image-preview:large, max-video-preview:-1\" \/>\n<link rel=\"canonical\" href=\"https:\/\/www.villaggioorizzonte.it\/fr\/village-avec-restaurant-mer-toscane\/restaurant-dejavu.html\" \/>\n<meta property=\"og:locale\" content=\"fr_FR\" \/>\n<meta property=\"og:type\" content=\"article\" \/>\n<meta property=\"og:title\" content=\"Restaurant DejaVu - Lounge Bar - Villaggio Orizzonte\" \/>\n<meta property=\"og:description\" content=\"Le Restaurant &amp; Lounge Bar Dejavu est un endroit accueillant e soign\u00e9, o\u00f9 vous pourrez poasser chaque moment devotre journ\u00e9e...\" \/>\n<meta property=\"og:url\" content=\"https:\/\/www.villaggioorizzonte.it\/fr\/village-avec-restaurant-mer-toscane\/restaurant-dejavu.html\" \/>\n<meta property=\"og:site_name\" content=\"Villaggio Orizzonte\" \/>\n<meta property=\"article:modified_time\" content=\"2019-12-18T16:08:48+00:00\" \/>\n<meta name=\"twitter:card\" content=\"summary_large_image\" \/>\n<script type=\"application\/ld+json\" class=\"yoast-schema-graph\">{\"@context\":\"https:\/\/schema.org\",\"@graph\":[{\"@type\":\"WebPage\",\"@id\":\"https:\/\/www.villaggioorizzonte.it\/fr\/village-avec-restaurant-mer-toscane\/restaurant-dejavu.html\",\"url\":\"https:\/\/www.villaggioorizzonte.it\/fr\/village-avec-restaurant-mer-toscane\/restaurant-dejavu.html\",\"name\":\"Restaurant DejaVu - Lounge Bar - Villaggio Orizzonte\",\"isPartOf\":{\"@id\":\"https:\/\/www.villaggioorizzonte.it\/fr\/#website\"},\"datePublished\":\"2019-10-23T07:39:40+00:00\",\"dateModified\":\"2019-12-18T16:08:48+00:00\",\"description\":\"Le Restaurant & Lounge Bar Dejavu est un endroit accueillant e soign\u00e9, o\u00f9 vous pourrez poasser chaque moment devotre journ\u00e9e...\",\"breadcrumb\":{\"@id\":\"https:\/\/www.villaggioorizzonte.it\/fr\/village-avec-restaurant-mer-toscane\/restaurant-dejavu.html#breadcrumb\"},\"inLanguage\":\"fr-FR\",\"potentialAction\":[{\"@type\":\"ReadAction\",\"target\":[\"https:\/\/www.villaggioorizzonte.it\/fr\/village-avec-restaurant-mer-toscane\/restaurant-dejavu.html\"]}]},{\"@type\":\"BreadcrumbList\",\"@id\":\"https:\/\/www.villaggioorizzonte.it\/fr\/village-avec-restaurant-mer-toscane\/restaurant-dejavu.html#breadcrumb\",\"itemListElement\":[{\"@type\":\"ListItem\",\"position\":1,\"name\":\"Home\",\"item\":\"https:\/\/www.villaggioorizzonte.it\/fr\/\"},{\"@type\":\"ListItem\",\"position\":2,\"name\":\"Restauration\",\"item\":\"https:\/\/www.villaggioorizzonte.it\/fr\/village-avec-restaurant-mer-toscane.html\"},{\"@type\":\"ListItem\",\"position\":3,\"name\":\"Restaurant Dejavu\"}]},{\"@type\":\"WebSite\",\"@id\":\"https:\/\/www.villaggioorizzonte.it\/fr\/#website\",\"url\":\"https:\/\/www.villaggioorizzonte.it\/fr\/\",\"name\":\"Villaggio Orizzonte\",\"description\":\"Villaggio Turistico\",\"potentialAction\":[{\"@type\":\"SearchAction\",\"target\":{\"@type\":\"EntryPoint\",\"urlTemplate\":\"https:\/\/www.villaggioorizzonte.it\/fr\/?s={search_term_string}\"},\"query-input\":{\"@type\":\"PropertyValueSpecification\",\"valueRequired\":true,\"valueName\":\"search_term_string\"}}],\"inLanguage\":\"fr-FR\"}]}<\/script>\n<!-- \/ Yoast SEO plugin. -->","yoast_head_json":{"title":"Restaurant DejaVu - Lounge Bar - Villaggio Orizzonte","description":"Le Restaurant & Lounge Bar Dejavu est un endroit accueillant e soign\u00e9, o\u00f9 vous pourrez poasser chaque moment devotre journ\u00e9e...","robots":{"index":"index","follow":"follow","max-snippet":"max-snippet:-1","max-image-preview":"max-image-preview:large","max-video-preview":"max-video-preview:-1"},"canonical":"https:\/\/www.villaggioorizzonte.it\/fr\/village-avec-restaurant-mer-toscane\/restaurant-dejavu.html","og_locale":"fr_FR","og_type":"article","og_title":"Restaurant DejaVu - Lounge Bar - Villaggio Orizzonte","og_description":"Le Restaurant & Lounge Bar Dejavu est un endroit accueillant e soign\u00e9, o\u00f9 vous pourrez poasser chaque moment devotre journ\u00e9e...","og_url":"https:\/\/www.villaggioorizzonte.it\/fr\/village-avec-restaurant-mer-toscane\/restaurant-dejavu.html","og_site_name":"Villaggio Orizzonte","article_modified_time":"2019-12-18T16:08:48+00:00","twitter_card":"summary_large_image","schema":{"@context":"https:\/\/schema.org","@graph":[{"@type":"WebPage","@id":"https:\/\/www.villaggioorizzonte.it\/fr\/village-avec-restaurant-mer-toscane\/restaurant-dejavu.html","url":"https:\/\/www.villaggioorizzonte.it\/fr\/village-avec-restaurant-mer-toscane\/restaurant-dejavu.html","name":"Restaurant DejaVu - Lounge Bar - Villaggio Orizzonte","isPartOf":{"@id":"https:\/\/www.villaggioorizzonte.it\/fr\/#website"},"datePublished":"2019-10-23T07:39:40+00:00","dateModified":"2019-12-18T16:08:48+00:00","description":"Le Restaurant & Lounge Bar Dejavu est un endroit accueillant e soign\u00e9, o\u00f9 vous pourrez poasser chaque moment devotre journ\u00e9e...","breadcrumb":{"@id":"https:\/\/www.villaggioorizzonte.it\/fr\/village-avec-restaurant-mer-toscane\/restaurant-dejavu.html#breadcrumb"},"inLanguage":"fr-FR","potentialAction":[{"@type":"ReadAction","target":["https:\/\/www.villaggioorizzonte.it\/fr\/village-avec-restaurant-mer-toscane\/restaurant-dejavu.html"]}]},{"@type":"BreadcrumbList","@id":"https:\/\/www.villaggioorizzonte.it\/fr\/village-avec-restaurant-mer-toscane\/restaurant-dejavu.html#breadcrumb","itemListElement":[{"@type":"ListItem","position":1,"name":"Home","item":"https:\/\/www.villaggioorizzonte.it\/fr\/"},{"@type":"ListItem","position":2,"name":"Restauration","item":"https:\/\/www.villaggioorizzonte.it\/fr\/village-avec-restaurant-mer-toscane.html"},{"@type":"ListItem","position":3,"name":"Restaurant Dejavu"}]},{"@type":"WebSite","@id":"https:\/\/www.villaggioorizzonte.it\/fr\/#website","url":"https:\/\/www.villaggioorizzonte.it\/fr\/","name":"Villaggio Orizzonte","description":"Villaggio Turistico","potentialAction":[{"@type":"SearchAction","target":{"@type":"EntryPoint","urlTemplate":"https:\/\/www.villaggioorizzonte.it\/fr\/?s={search_term_string}"},"query-input":{"@type":"PropertyValueSpecification","valueRequired":true,"valueName":"search_term_string"}}],"inLanguage":"fr-FR"}]}},"_links":{"self":[{"href":"https:\/\/www.villaggioorizzonte.it\/fr\/wp-json\/wp\/v2\/pages\/7204","targetHints":{"allow":["GET"]}}],"collection":[{"href":"https:\/\/www.villaggioorizzonte.it\/fr\/wp-json\/wp\/v2\/pages"}],"about":[{"href":"https:\/\/www.villaggioorizzonte.it\/fr\/wp-json\/wp\/v2\/types\/page"}],"author":[{"embeddable":true,"href":"https:\/\/www.villaggioorizzonte.it\/fr\/wp-json\/wp\/v2\/users\/7"}],"replies":[{"embeddable":true,"href":"https:\/\/www.villaggioorizzonte.it\/fr\/wp-json\/wp\/v2\/comments?post=7204"}],"version-history":[{"count":0,"href":"https:\/\/www.villaggioorizzonte.it\/fr\/wp-json\/wp\/v2\/pages\/7204\/revisions"}],"up":[{"embeddable":true,"href":"https:\/\/www.villaggioorizzonte.it\/fr\/wp-json\/wp\/v2\/pages\/7187"}],"wp:attachment":[{"href":"https:\/\/www.villaggioorizzonte.it\/fr\/wp-json\/wp\/v2\/media?parent=7204"}],"curies":[{"name":"wp","href":"https:\/\/api.w.org\/{rel}","templated":true}]}}