{"id":289683,"date":"2024-07-19T19:31:01","date_gmt":"2024-07-19T17:31:01","guid":{"rendered":"https:\/\/www.villaggioorizzonte.it\/?page_id=289683"},"modified":"2024-07-19T19:31:10","modified_gmt":"2024-07-19T17:31:10","slug":"calidario-terme-etrusche","status":"publish","type":"page","link":"https:\/\/www.villaggioorizzonte.it\/fr\/calidario-terme-etrusche.html","title":{"rendered":"Calidario terme Etrusche"},"content":{"rendered":"<p>[et_pb_section fb_built=\u00a0\u00bb1&Prime; admin_label=\u00a0\u00bbTestata\u00a0\u00bb _builder_version=\u00a0\u00bb4.16&Prime; _module_preset=\u00a0\u00bbdefault\u00a0\u00bb custom_margin=\u00a0\u00bb0px|0px|0px||false|false\u00a0\u00bb custom_padding=\u00a0\u00bb0px|0px|0px|0px|false|false\u00a0\u00bb da_disable_devices=\u00a0\u00bboff|off|off\u00a0\u00bb saved_tabs=\u00a0\u00bball\u00a0\u00bb locked=\u00a0\u00bboff\u00a0\u00bb collapsed=\u00a0\u00bboff\u00a0\u00bb global_colors_info=\u00a0\u00bb{}\u00a0\u00bb da_is_popup=\u00a0\u00bboff\u00a0\u00bb da_exit_intent=\u00a0\u00bboff\u00a0\u00bb da_has_close=\u00a0\u00bbon\u00a0\u00bb da_alt_close=\u00a0\u00bboff\u00a0\u00bb da_dark_close=\u00a0\u00bboff\u00a0\u00bb da_not_modal=\u00a0\u00bbon\u00a0\u00bb da_is_singular=\u00a0\u00bboff\u00a0\u00bb da_with_loader=\u00a0\u00bboff\u00a0\u00bb da_has_shadow=\u00a0\u00bbon\u00a0\u00bb][et_pb_row use_custom_gutter=\u00a0\u00bbon\u00a0\u00bb gutter_width=\u00a0\u00bb1&Prime; admin_label=\u00a0\u00bbSfondo immagine\u00a0\u00bb module_class=\u00a0\u00bbtestata\u00a0\u00bb _builder_version=\u00a0\u00bb4.16&Prime; _module_preset=\u00a0\u00bbdefault\u00a0\u00bb background_color=\u00a0\u00bbRGBA(255,255,255,0)\u00a0\u00bb background_enable_image=\u00a0\u00bboff\u00a0\u00bb width=\u00a0\u00bb100%\u00a0\u00bb max_width=\u00a0\u00bb100%\u00a0\u00bb module_alignment=\u00a0\u00bbcenter\u00a0\u00bb height=\u00a0\u00bb88vh\u00a0\u00bb overflow-x=\u00a0\u00bbhidden\u00a0\u00bb overflow-y=\u00a0\u00bbhidden\u00a0\u00bb locked=\u00a0\u00bboff\u00a0\u00bb collapsed=\u00a0\u00bboff\u00a0\u00bb global_colors_info=\u00a0\u00bb{}\u00a0\u00bb custom_css_main_element_last_edited=\u00a0\u00bbon|phone\u00a0\u00bb custom_css_main_element_phone=\u00a0\u00bbmax-height: 550px!important;\u00a0\u00bb][et_pb_column type=\u00a0\u00bb4_4&Prime; _builder_version=\u00a0\u00bb4.16&Prime; _module_preset=\u00a0\u00bbdefault\u00a0\u00bb global_colors_info=\u00a0\u00bb{}\u00a0\u00bb][et_pb_image src=\u00a0\u00bbhttps:\/\/www.villaggioorizzonte.it\/wp-content\/uploads\/2019\/10\/terme-benessere-toscana.jpg\u00a0\u00bb alt=\u00a0\u00bbTerme e Benessere Toscana\u00a0\u00bb title_text=\u00a0\u00bbterme-e-benessere-mobile\u00a0\u00bb force_fullwidth=\u00a0\u00bbon\u00a0\u00bb src_tablet=\u00a0\u00bbhttps:\/\/www.villaggioorizzonte.it\/wp-content\/uploads\/2019\/10\/terme-benessere-toscana.jpg\u00a0\u00bb src_phone=\u00a0\u00bbhttps:\/\/www.villaggioorizzonte.it\/wp-content\/uploads\/2022\/03\/terme-e-benessere-mobile.jpg\u00a0\u00bb src_last_edited=\u00a0\u00bbon|phone\u00a0\u00bb _builder_version=\u00a0\u00bb4.16&Prime; _module_preset=\u00a0\u00bbdefault\u00a0\u00bb transform_scale_tablet=\u00a0\u00bb\u00a0\u00bb transform_scale_phone=\u00a0\u00bb\u00a0\u00bb transform_scale_last_edited=\u00a0\u00bbon|desktop\u00a0\u00bb transform_translate=\u00a0\u00bb-2px|0px\u00a0\u00bb transform_translate_tablet=\u00a0\u00bb-2px|0px\u00a0\u00bb transform_translate_phone=\u00a0\u00bb-2px|0px\u00a0\u00bb transform_translate_last_edited=\u00a0\u00bbon|desktop\u00a0\u00bb transform_rotate_tablet=\u00a0\u00bb\u00a0\u00bb transform_rotate_phone=\u00a0\u00bb\u00a0\u00bb transform_rotate_last_edited=\u00a0\u00bbon|desktop\u00a0\u00bb transform_skew_tablet=\u00a0\u00bb\u00a0\u00bb transform_skew_phone=\u00a0\u00bb\u00a0\u00bb transform_skew_last_edited=\u00a0\u00bbon|desktop\u00a0\u00bb transform_origin_tablet=\u00a0\u00bb\u00a0\u00bb transform_origin_phone=\u00a0\u00bb\u00a0\u00bb transform_origin_last_edited=\u00a0\u00bbon|phone\u00a0\u00bb transform_styles_last_edited=\u00a0\u00bbon|phone\u00a0\u00bb transform_styles_tablet=\u00a0\u00bb\u00a0\u00bb transform_styles_phone=\u00a0\u00bb\u00a0\u00bb saved_tabs=\u00a0\u00bball\u00a0\u00bb global_colors_info=\u00a0\u00bb{}\u00a0\u00bb][\/et_pb_image][\/et_pb_column][\/et_pb_row][et_pb_row column_structure=\u00a0\u00bb2_5,3_5&Prime; use_custom_gutter=\u00a0\u00bbon\u00a0\u00bb gutter_width=\u00a0\u00bb1&Prime; make_equal=\u00a0\u00bbon\u00a0\u00bb admin_label=\u00a0\u00bbTitolo\u00a0\u00bb _builder_version=\u00a0\u00bb4.16&Prime; _module_preset=\u00a0\u00bbdefault\u00a0\u00bb background_color=\u00a0\u00bbRGBA(255,255,255,0)\u00a0\u00bb width=\u00a0\u00bb100%\u00a0\u00bb max_width=\u00a0\u00bb100%\u00a0\u00bb module_alignment=\u00a0\u00bbleft\u00a0\u00bb custom_margin=\u00a0\u00bb-163px||||false|false\u00a0\u00bb custom_margin_tablet=\u00a0\u00bb-163px||||false|false\u00a0\u00bb custom_margin_phone=\u00a0\u00bb-124px||||false|false\u00a0\u00bb custom_margin_last_edited=\u00a0\u00bbon|phone\u00a0\u00bb custom_padding=\u00a0\u00bb||||true|false\u00a0\u00bb collapsed=\u00a0\u00bboff\u00a0\u00bb global_colors_info=\u00a0\u00bb{}\u00a0\u00bb][et_pb_column type=\u00a0\u00bb2_5&Prime; disabled_on=\u00a0\u00bboff|off|off\u00a0\u00bb _builder_version=\u00a0\u00bb4.16&Prime; _module_preset=\u00a0\u00bbdefault\u00a0\u00bb global_colors_info=\u00a0\u00bb{}\u00a0\u00bb custom_css_main_element_last_edited=\u00a0\u00bbon|phone\u00a0\u00bb custom_css_main_element_phone=\u00a0\u00bbwidth:30px!important;||display:block!important;\u00a0\u00bb][\/et_pb_column][et_pb_column type=\u00a0\u00bb3_5&Prime; _builder_version=\u00a0\u00bb4.16&Prime; _module_preset=\u00a0\u00bbdefault\u00a0\u00bb background_color=\u00a0\u00bb#FFFFFF\u00a0\u00bb custom_padding=\u00a0\u00bb25px||25px|30px|true|false\u00a0\u00bb custom_padding_tablet=\u00a0\u00bb25px||25px|30px|true|false\u00a0\u00bb custom_padding_phone=\u00a0\u00bb||5px|20px|false|false\u00a0\u00bb custom_padding_last_edited=\u00a0\u00bbon|phone\u00a0\u00bb global_colors_info=\u00a0\u00bb{}\u00a0\u00bb custom_css_main_element_last_edited=\u00a0\u00bbon|phone\u00a0\u00bb custom_css_main_element_phone=\u00a0\u00bbwidth: calc(100% &#8211; 30px)!important;\u00a0\u00bb][et_pb_text admin_label=\u00a0\u00bbTesto\u00a0\u00bb _builder_version=\u00a0\u00bb4.21.0&Prime; _module_preset=\u00a0\u00bbdefault\u00a0\u00bb background_color=\u00a0\u00bbRGBA(255,255,255,0)\u00a0\u00bb hover_enabled=\u00a0\u00bb0&Prime; saved_tabs=\u00a0\u00bball\u00a0\u00bb global_colors_info=\u00a0\u00bb{}\u00a0\u00bb sticky_enabled=\u00a0\u00bb0&Prime;]<\/p>\n<h2 class=\"h1app\">Tarifs 2024 en convention pour nos clients<\/h2>\n<p>[\/et_pb_text][\/et_pb_column][\/et_pb_row][\/et_pb_section][et_pb_section fb_built=\u00a0\u00bb1&Prime; admin_label=\u00a0\u00bbIntro\u00a0\u00bb _builder_version=\u00a0\u00bb4.16&Prime; _module_preset=\u00a0\u00bbdefault\u00a0\u00bb da_disable_devices=\u00a0\u00bboff|off|off\u00a0\u00bb collapsed=\u00a0\u00bboff\u00a0\u00bb global_colors_info=\u00a0\u00bb{}\u00a0\u00bb da_is_popup=\u00a0\u00bboff\u00a0\u00bb da_exit_intent=\u00a0\u00bboff\u00a0\u00bb da_has_close=\u00a0\u00bbon\u00a0\u00bb da_alt_close=\u00a0\u00bboff\u00a0\u00bb da_dark_close=\u00a0\u00bboff\u00a0\u00bb da_not_modal=\u00a0\u00bbon\u00a0\u00bb da_is_singular=\u00a0\u00bboff\u00a0\u00bb da_with_loader=\u00a0\u00bboff\u00a0\u00bb da_has_shadow=\u00a0\u00bbon\u00a0\u00bb][et_pb_row _builder_version=\u00a0\u00bb4.16&Prime; _module_preset=\u00a0\u00bbdefault\u00a0\u00bb collapsed=\u00a0\u00bboff\u00a0\u00bb global_colors_info=\u00a0\u00bb{}\u00a0\u00bb][et_pb_column type=\u00a0\u00bb4_4&Prime; _builder_version=\u00a0\u00bb4.16&Prime; _module_preset=\u00a0\u00bbdefault\u00a0\u00bb background_enable_color=\u00a0\u00bboff\u00a0\u00bb custom_padding=\u00a0\u00bb||||true|false\u00a0\u00bb global_colors_info=\u00a0\u00bb{}\u00a0\u00bb][et_pb_text _builder_version=\u00a0\u00bb4.21.0&Prime; _module_preset=\u00a0\u00bbdefault\u00a0\u00bb hover_enabled=\u00a0\u00bb0&Prime; global_colors_info=\u00a0\u00bb{}\u00a0\u00bb sticky_enabled=\u00a0\u00bb0&Prime;]<\/p>\n<p><b>Entr\u00e9e 3h \u00e0 la Source Naturelle 22,00 euros<\/b>  <br \/>\n<b>Entr\u00e9e 5h \u00e0 la Source Naturelle 27,00 euros (prix plein)<\/b><\/p>\n<p>Il est possible de prolonger l&rsquo;entr\u00e9e au Thermarium avec un suppl\u00e9ment et de prolonger votre s\u00e9jour dans la zone de bien-\u00eatre pendant la visite; \u00e0 la sortie, 2,00\u20ac seront factur\u00e9s pour chaque demi-heure suppl\u00e9mentaire de s\u00e9jour.<br \/>\nUne aire de restauration est \u00e9galement \u00e0 la disposition des clients, accessible librement tous les jours de 11h30 \u00e0 18h30.<br \/>\nDes boissons d\u00e9tox, des fruits et l\u00e9gumes frais, des eaux aromatis\u00e9es et du yaourt nature seront offerts \u00e0 l&rsquo;int\u00e9rieur.<\/p>\n<ul>\n<li>La r\u00e9servation anticip\u00e9e par mail \u00e0 calidario@calidario.it, Service client\u00e8le au 0565853411, Whatsapp 3501608695 est requise<\/li>\n<li>Les cr\u00e9neaux horaires disponibles en juillet et ao\u00fbt sont : de 9h30 \u00e0 23h30<\/li>\n<li>Les cr\u00e9neaux horaires disponibles de septembre \u00e0 juin sont : de 9h30 \u00e0 20h30;<\/li>\n<li>Il est interdit d&rsquo;apporter de la nourriture de l&rsquo;ext\u00e9rieur.<\/li>\n<\/ul>\n<p>Pour obtenir les r\u00e9ductions ci-dessus, il est n\u00e9cessaire de pr\u00e9senter le code identifiant le Villaggio Orizzonte : ID38791, en r\u00e9cup\u00e9rant un bon ou en photographiant le code-barres et le code d&rsquo;identification de l&rsquo;Orizzonte \u00e0 notre R\u00e9ception.<br \/>\nAmusez-vous bien et d\u00e9tendez-vous.<\/p>\n<p>[\/et_pb_text][\/et_pb_column][\/et_pb_row][\/et_pb_section][et_pb_section fb_built=\u00a0\u00bb1&Prime; admin_label=\u00a0\u00bbCalidario\u00a0\u00bb _builder_version=\u00a0\u00bb4.16&Prime; _module_preset=\u00a0\u00bbdefault\u00a0\u00bb da_disable_devices=\u00a0\u00bboff|off|off\u00a0\u00bb collapsed=\u00a0\u00bboff\u00a0\u00bb global_colors_info=\u00a0\u00bb{}\u00a0\u00bb da_is_popup=\u00a0\u00bboff\u00a0\u00bb da_exit_intent=\u00a0\u00bboff\u00a0\u00bb da_has_close=\u00a0\u00bbon\u00a0\u00bb da_alt_close=\u00a0\u00bboff\u00a0\u00bb da_dark_close=\u00a0\u00bboff\u00a0\u00bb da_not_modal=\u00a0\u00bbon\u00a0\u00bb da_is_singular=\u00a0\u00bboff\u00a0\u00bb da_with_loader=\u00a0\u00bboff\u00a0\u00bb da_has_shadow=\u00a0\u00bbon\u00a0\u00bb][et_pb_row _builder_version=\u00a0\u00bb4.16&Prime; _module_preset=\u00a0\u00bbdefault\u00a0\u00bb collapsed=\u00a0\u00bboff\u00a0\u00bb global_colors_info=\u00a0\u00bb{}\u00a0\u00bb][et_pb_column type=\u00a0\u00bb4_4&Prime; _builder_version=\u00a0\u00bb4.16&Prime; _module_preset=\u00a0\u00bbdefault\u00a0\u00bb global_colors_info=\u00a0\u00bb{}\u00a0\u00bb][et_pb_image src=\u00a0\u00bbhttps:\/\/www.villaggioorizzonte.it\/wp-content\/uploads\/2019\/10\/calidario-terme-etrusche.jpg\u00a0\u00bb alt=\u00a0\u00bbCalidario Terme Etrusche\u00a0\u00bb title_text=\u00a0\u00bbCalidario Terme Etrusche\u00a0\u00bb force_fullwidth=\u00a0\u00bbon\u00a0\u00bb _builder_version=\u00a0\u00bb4.16&Prime; _module_preset=\u00a0\u00bbdefault\u00a0\u00bb global_colors_info=\u00a0\u00bb{}\u00a0\u00bb][\/et_pb_image][\/et_pb_column][\/et_pb_row][\/et_pb_section]<\/p>\n","protected":false},"excerpt":{"rendered":"<p>Tarifs 2024 en convention pour nos clientsEntr\u00e9e 3h \u00e0 la Source Naturelle 22,00 euros Entr\u00e9e 5h \u00e0 la Source Naturelle 27,00 euros (prix plein) Il est possible de prolonger l&rsquo;entr\u00e9e au Thermarium avec un suppl\u00e9ment et de prolonger votre s\u00e9jour dans la zone de bien-\u00eatre pendant la visite; \u00e0 la sortie, 2,00\u20ac seront factur\u00e9s pour [&hellip;]<\/p>\n","protected":false},"author":11,"featured_media":0,"parent":0,"menu_order":40,"comment_status":"closed","ping_status":"closed","template":"","meta":{"_et_pb_use_builder":"on","_et_pb_old_content":"[et_pb_section fb_built=\"1\" admin_label=\"Testata\" _builder_version=\"4.16\" _module_preset=\"default\" custom_margin=\"0px|0px|0px||false|false\" custom_padding=\"0px|0px|0px|0px|false|false\" da_disable_devices=\"off|off|off\" saved_tabs=\"all\" locked=\"off\" collapsed=\"off\" global_colors_info=\"{}\" da_is_popup=\"off\" da_exit_intent=\"off\" da_has_close=\"on\" da_alt_close=\"off\" da_dark_close=\"off\" da_not_modal=\"on\" da_is_singular=\"off\" da_with_loader=\"off\" da_has_shadow=\"on\"][et_pb_row use_custom_gutter=\"on\" gutter_width=\"1\" admin_label=\"Sfondo immagine\" module_class=\"testata\" _builder_version=\"4.16\" _module_preset=\"default\" background_color=\"RGBA(255,255,255,0)\" background_enable_image=\"off\" width=\"100%\" max_width=\"100%\" module_alignment=\"center\" height=\"88vh\" overflow-x=\"hidden\" overflow-y=\"hidden\" locked=\"off\" collapsed=\"off\" global_colors_info=\"{}\" custom_css_main_element_last_edited=\"on|phone\" custom_css_main_element_phone=\"max-height: 550px!important;\"][et_pb_column type=\"4_4\" _builder_version=\"4.16\" _module_preset=\"default\" global_colors_info=\"{}\"][et_pb_image src=\"https:\/\/www.villaggioorizzonte.it\/wp-content\/uploads\/2019\/10\/terme-benessere-toscana.jpg\" alt=\"Terme e Benessere Toscana\" title_text=\"terme-e-benessere-mobile\" force_fullwidth=\"on\" src_tablet=\"https:\/\/www.villaggioorizzonte.it\/wp-content\/uploads\/2019\/10\/terme-benessere-toscana.jpg\" src_phone=\"https:\/\/www.villaggioorizzonte.it\/wp-content\/uploads\/2022\/03\/terme-e-benessere-mobile.jpg\" src_last_edited=\"on|phone\" _builder_version=\"4.16\" _module_preset=\"default\" transform_scale_tablet=\"\" transform_scale_phone=\"\" transform_scale_last_edited=\"on|desktop\" transform_translate=\"-2px|0px\" transform_translate_tablet=\"-2px|0px\" transform_translate_phone=\"-2px|0px\" transform_translate_last_edited=\"on|desktop\" transform_rotate_tablet=\"\" transform_rotate_phone=\"\" transform_rotate_last_edited=\"on|desktop\" transform_skew_tablet=\"\" transform_skew_phone=\"\" transform_skew_last_edited=\"on|desktop\" transform_origin_tablet=\"\" transform_origin_phone=\"\" transform_origin_last_edited=\"on|phone\" transform_styles_last_edited=\"on|phone\" transform_styles_tablet=\"\" transform_styles_phone=\"\" saved_tabs=\"all\" global_colors_info=\"{}\"][\/et_pb_image][\/et_pb_column][\/et_pb_row][et_pb_row column_structure=\"2_5,3_5\" use_custom_gutter=\"on\" gutter_width=\"1\" make_equal=\"on\" admin_label=\"Titolo\" _builder_version=\"4.16\" _module_preset=\"default\" background_color=\"RGBA(255,255,255,0)\" width=\"100%\" max_width=\"100%\" module_alignment=\"left\" custom_margin=\"-163px||||false|false\" custom_margin_tablet=\"-163px||||false|false\" custom_margin_phone=\"-124px||||false|false\" custom_margin_last_edited=\"on|phone\" custom_padding=\"||||true|false\" collapsed=\"off\" global_colors_info=\"{}\"][et_pb_column type=\"2_5\" disabled_on=\"off|off|off\" _builder_version=\"4.16\" _module_preset=\"default\" global_colors_info=\"{}\" custom_css_main_element_last_edited=\"on|phone\" custom_css_main_element_phone=\"width:30px!important;||display:block!important;\"][\/et_pb_column][et_pb_column type=\"3_5\" _builder_version=\"4.16\" _module_preset=\"default\" background_color=\"#FFFFFF\" custom_padding=\"25px||25px|30px|true|false\" custom_padding_tablet=\"25px||25px|30px|true|false\" custom_padding_phone=\"||5px|20px|false|false\" custom_padding_last_edited=\"on|phone\" global_colors_info=\"{}\" custom_css_main_element_last_edited=\"on|phone\" custom_css_main_element_phone=\"width: calc(100% - 30px)!important;\"][et_pb_text admin_label=\"Testo\" _builder_version=\"4.21.0\" _module_preset=\"default\" background_color=\"RGBA(255,255,255,0)\" saved_tabs=\"all\" global_colors_info=\"{}\"]<h2 class=\"h1app\">Tariffe 2024 in convenzione per i nostri clienti<\/h2>[\/et_pb_text][\/et_pb_column][\/et_pb_row][\/et_pb_section][et_pb_section fb_built=\"1\" admin_label=\"Intro\" _builder_version=\"4.16\" _module_preset=\"default\" da_disable_devices=\"off|off|off\" collapsed=\"off\" global_colors_info=\"{}\" da_is_popup=\"off\" da_exit_intent=\"off\" da_has_close=\"on\" da_alt_close=\"off\" da_dark_close=\"off\" da_not_modal=\"on\" da_is_singular=\"off\" da_with_loader=\"off\" da_has_shadow=\"on\"][et_pb_row _builder_version=\"4.16\" _module_preset=\"default\" collapsed=\"off\" global_colors_info=\"{}\"][et_pb_column type=\"4_4\" _builder_version=\"4.16\" _module_preset=\"default\" background_enable_color=\"off\" custom_padding=\"||||true|false\" global_colors_info=\"{}\"][et_pb_text _builder_version=\"4.21.0\" _module_preset=\"default\" hover_enabled=\"0\" global_colors_info=\"{}\" sticky_enabled=\"0\"]<p><b>Ingresso 3h alla Sorgente Naturale euro 22,00<\/b>  <br>\r\n<b>Ingresso 5h alla Sorgente Naturale euro 27,00 (prezzo intero)<\/b><br><br><\/p>\r\n<p>Vi \u00e8 possibilit\u00e0 di allungare con supplemento l\u2019ingresso al Thermarium e prolungare la propria permanenza all\u2019interno dell\u2019area wellness durante la visita; al tornello di uscita verranno addebitati 2,00\u20ac per ogni mezz\u2019ora extra di permanenza.<br>\r\nA vostra disposizione anche l'area ristoro a cui gli ospiti accederanno liberamente ogni giorno dalle 11.30 alle 18.30.<br>\r\nAll\u2019interno verranno offerti drink detox, frutta e verdure fresche, acque aromatizzate e yogurt naturale.<\/p>\r\n<ul>\r\n<li>\u00c8 richiesta prenotazione anticipata tramite mail calidario@calidario.it , Servizio cortesia al 0565853411, Whatsapp 3501608695<\/li>\r\n<li>le fasce orarie disponibili a luglio e agosto sono: dalle 9:30 alle 23:30<\/li>\r\n<li>le fasce orarie disponibili da settembre a giugno sono: dalle 9:30 alle 20.30;<\/li>\r\n<li>\u00e8 vietato introdurre cibo dall\u2019esterno.<\/li>\r\n<\/ul>\r\n<p>Per ottenere gli sconti di cui sopra \u00e8 necessario presentare il codice che identifica il Villaggio Orizzonte: ID38791, ritirando un voucher o fotografando il codice a barre e il codice identificativo dell'Orizzonte alla nostra Reception.\r\nBuon divertimento e buon relax.<\/p>[\/et_pb_text][\/et_pb_column][\/et_pb_row][\/et_pb_section][et_pb_section fb_built=\"1\" admin_label=\"Calidario\" _builder_version=\"4.16\" _module_preset=\"default\" da_disable_devices=\"off|off|off\" collapsed=\"off\" global_colors_info=\"{}\" da_is_popup=\"off\" da_exit_intent=\"off\" da_has_close=\"on\" da_alt_close=\"off\" da_dark_close=\"off\" da_not_modal=\"on\" da_is_singular=\"off\" da_with_loader=\"off\" da_has_shadow=\"on\"][et_pb_row _builder_version=\"4.16\" _module_preset=\"default\" collapsed=\"off\" global_colors_info=\"{}\"][et_pb_column type=\"4_4\" _builder_version=\"4.16\" _module_preset=\"default\" global_colors_info=\"{}\"][et_pb_image src=\"https:\/\/www.villaggioorizzonte.it\/wp-content\/uploads\/2019\/10\/calidario-terme-etrusche.jpg\" alt=\"Calidario Terme Etrusche\" title_text=\"Calidario Terme Etrusche\" force_fullwidth=\"on\" _builder_version=\"4.16\" _module_preset=\"default\" global_colors_info=\"{}\"][\/et_pb_image][\/et_pb_column][\/et_pb_row][\/et_pb_section]","_et_gb_content_width":"","ngg_post_thumbnail":0,"footnotes":""},"class_list":["post-289683","page","type-page","status-publish","hentry"],"yoast_head":"<!-- This site is optimized with the Yoast SEO plugin v25.8 - https:\/\/yoast.com\/wordpress\/plugins\/seo\/ -->\n<title>Calidario Tarifs 2024 en convention pour nos clients - Villaggio Orizzonte<\/title>\n<meta name=\"robots\" content=\"index, follow, max-snippet:-1, max-image-preview:large, max-video-preview:-1\" \/>\n<link rel=\"canonical\" href=\"https:\/\/www.villaggioorizzonte.it\/fr\/calidario-terme-etrusche.html\" \/>\n<meta property=\"og:locale\" content=\"fr_FR\" \/>\n<meta property=\"og:type\" content=\"article\" \/>\n<meta property=\"og:title\" content=\"Calidario Tarifs 2024 en convention pour nos clients - Villaggio Orizzonte\" \/>\n<meta property=\"og:description\" content=\"Tarifs 2024 en convention pour nos clientsEntr\u00e9e 3h \u00e0 la Source Naturelle 22,00 euros Entr\u00e9e 5h \u00e0 la Source Naturelle 27,00 euros (prix plein) Il est possible de prolonger l&#039;entr\u00e9e au Thermarium avec un suppl\u00e9ment et de prolonger votre s\u00e9jour dans la zone de bien-\u00eatre pendant la visite; \u00e0 la sortie, 2,00\u20ac seront factur\u00e9s pour [&hellip;]\" \/>\n<meta property=\"og:url\" content=\"https:\/\/www.villaggioorizzonte.it\/fr\/calidario-terme-etrusche.html\" \/>\n<meta property=\"og:site_name\" content=\"Villaggio Orizzonte\" \/>\n<meta property=\"article:modified_time\" content=\"2024-07-19T17:31:10+00:00\" \/>\n<meta name=\"twitter:card\" content=\"summary_large_image\" \/>\n<script type=\"application\/ld+json\" class=\"yoast-schema-graph\">{\"@context\":\"https:\/\/schema.org\",\"@graph\":[{\"@type\":\"WebPage\",\"@id\":\"https:\/\/www.villaggioorizzonte.it\/fr\/calidario-terme-etrusche.html\",\"url\":\"https:\/\/www.villaggioorizzonte.it\/fr\/calidario-terme-etrusche.html\",\"name\":\"Calidario Tarifs 2024 en convention pour nos clients - Villaggio Orizzonte\",\"isPartOf\":{\"@id\":\"https:\/\/www.villaggioorizzonte.it\/fr\/#website\"},\"datePublished\":\"2024-07-19T17:31:01+00:00\",\"dateModified\":\"2024-07-19T17:31:10+00:00\",\"breadcrumb\":{\"@id\":\"https:\/\/www.villaggioorizzonte.it\/fr\/calidario-terme-etrusche.html#breadcrumb\"},\"inLanguage\":\"fr-FR\",\"potentialAction\":[{\"@type\":\"ReadAction\",\"target\":[\"https:\/\/www.villaggioorizzonte.it\/fr\/calidario-terme-etrusche.html\"]}]},{\"@type\":\"BreadcrumbList\",\"@id\":\"https:\/\/www.villaggioorizzonte.it\/fr\/calidario-terme-etrusche.html#breadcrumb\",\"itemListElement\":[{\"@type\":\"ListItem\",\"position\":1,\"name\":\"Home\",\"item\":\"https:\/\/www.villaggioorizzonte.it\/fr\/\"},{\"@type\":\"ListItem\",\"position\":2,\"name\":\"Calidario terme Etrusche\"}]},{\"@type\":\"WebSite\",\"@id\":\"https:\/\/www.villaggioorizzonte.it\/fr\/#website\",\"url\":\"https:\/\/www.villaggioorizzonte.it\/fr\/\",\"name\":\"Villaggio Orizzonte\",\"description\":\"Villaggio Turistico\",\"potentialAction\":[{\"@type\":\"SearchAction\",\"target\":{\"@type\":\"EntryPoint\",\"urlTemplate\":\"https:\/\/www.villaggioorizzonte.it\/fr\/?s={search_term_string}\"},\"query-input\":{\"@type\":\"PropertyValueSpecification\",\"valueRequired\":true,\"valueName\":\"search_term_string\"}}],\"inLanguage\":\"fr-FR\"}]}<\/script>\n<!-- \/ Yoast SEO plugin. -->","yoast_head_json":{"title":"Calidario Tarifs 2024 en convention pour nos clients - Villaggio Orizzonte","robots":{"index":"index","follow":"follow","max-snippet":"max-snippet:-1","max-image-preview":"max-image-preview:large","max-video-preview":"max-video-preview:-1"},"canonical":"https:\/\/www.villaggioorizzonte.it\/fr\/calidario-terme-etrusche.html","og_locale":"fr_FR","og_type":"article","og_title":"Calidario Tarifs 2024 en convention pour nos clients - Villaggio Orizzonte","og_description":"Tarifs 2024 en convention pour nos clientsEntr\u00e9e 3h \u00e0 la Source Naturelle 22,00 euros Entr\u00e9e 5h \u00e0 la Source Naturelle 27,00 euros (prix plein) Il est possible de prolonger l'entr\u00e9e au Thermarium avec un suppl\u00e9ment et de prolonger votre s\u00e9jour dans la zone de bien-\u00eatre pendant la visite; \u00e0 la sortie, 2,00\u20ac seront factur\u00e9s pour [&hellip;]","og_url":"https:\/\/www.villaggioorizzonte.it\/fr\/calidario-terme-etrusche.html","og_site_name":"Villaggio Orizzonte","article_modified_time":"2024-07-19T17:31:10+00:00","twitter_card":"summary_large_image","schema":{"@context":"https:\/\/schema.org","@graph":[{"@type":"WebPage","@id":"https:\/\/www.villaggioorizzonte.it\/fr\/calidario-terme-etrusche.html","url":"https:\/\/www.villaggioorizzonte.it\/fr\/calidario-terme-etrusche.html","name":"Calidario Tarifs 2024 en convention pour nos clients - Villaggio Orizzonte","isPartOf":{"@id":"https:\/\/www.villaggioorizzonte.it\/fr\/#website"},"datePublished":"2024-07-19T17:31:01+00:00","dateModified":"2024-07-19T17:31:10+00:00","breadcrumb":{"@id":"https:\/\/www.villaggioorizzonte.it\/fr\/calidario-terme-etrusche.html#breadcrumb"},"inLanguage":"fr-FR","potentialAction":[{"@type":"ReadAction","target":["https:\/\/www.villaggioorizzonte.it\/fr\/calidario-terme-etrusche.html"]}]},{"@type":"BreadcrumbList","@id":"https:\/\/www.villaggioorizzonte.it\/fr\/calidario-terme-etrusche.html#breadcrumb","itemListElement":[{"@type":"ListItem","position":1,"name":"Home","item":"https:\/\/www.villaggioorizzonte.it\/fr\/"},{"@type":"ListItem","position":2,"name":"Calidario terme Etrusche"}]},{"@type":"WebSite","@id":"https:\/\/www.villaggioorizzonte.it\/fr\/#website","url":"https:\/\/www.villaggioorizzonte.it\/fr\/","name":"Villaggio Orizzonte","description":"Villaggio Turistico","potentialAction":[{"@type":"SearchAction","target":{"@type":"EntryPoint","urlTemplate":"https:\/\/www.villaggioorizzonte.it\/fr\/?s={search_term_string}"},"query-input":{"@type":"PropertyValueSpecification","valueRequired":true,"valueName":"search_term_string"}}],"inLanguage":"fr-FR"}]}},"_links":{"self":[{"href":"https:\/\/www.villaggioorizzonte.it\/fr\/wp-json\/wp\/v2\/pages\/289683","targetHints":{"allow":["GET"]}}],"collection":[{"href":"https:\/\/www.villaggioorizzonte.it\/fr\/wp-json\/wp\/v2\/pages"}],"about":[{"href":"https:\/\/www.villaggioorizzonte.it\/fr\/wp-json\/wp\/v2\/types\/page"}],"author":[{"embeddable":true,"href":"https:\/\/www.villaggioorizzonte.it\/fr\/wp-json\/wp\/v2\/users\/11"}],"replies":[{"embeddable":true,"href":"https:\/\/www.villaggioorizzonte.it\/fr\/wp-json\/wp\/v2\/comments?post=289683"}],"version-history":[{"count":4,"href":"https:\/\/www.villaggioorizzonte.it\/fr\/wp-json\/wp\/v2\/pages\/289683\/revisions"}],"predecessor-version":[{"id":289690,"href":"https:\/\/www.villaggioorizzonte.it\/fr\/wp-json\/wp\/v2\/pages\/289683\/revisions\/289690"}],"wp:attachment":[{"href":"https:\/\/www.villaggioorizzonte.it\/fr\/wp-json\/wp\/v2\/media?parent=289683"}],"curies":[{"name":"wp","href":"https:\/\/api.w.org\/{rel}","templated":true}]}}