{"id":14563,"date":"2021-02-01T17:12:20","date_gmt":"2021-02-01T16:12:20","guid":{"rendered":"https:\/\/b6.aerostatonet.it\/?page_id=14563"},"modified":"2022-10-05T09:38:23","modified_gmt":"2022-10-05T07:38:23","slug":"vacances-famille-out","status":"publish","type":"page","link":"https:\/\/www.villaggioorizzonte.it\/fr\/vacances-famille-out.html","title":{"rendered":"Vacances Famille out"},"content":{"rendered":"<p>[et_pb_section fb_built=\u00a0\u00bb1&Prime; admin_label=\u00a0\u00bbTestata\u00a0\u00bb _builder_version=\u00a0\u00bb4.16&Prime; _module_preset=\u00a0\u00bbdefault\u00a0\u00bb custom_margin=\u00a0\u00bb0px|0px|0px||false|false\u00a0\u00bb custom_padding=\u00a0\u00bb0px|0px|0px|0px|false|false\u00a0\u00bb saved_tabs=\u00a0\u00bball\u00a0\u00bb locked=\u00a0\u00bboff\u00a0\u00bb collapsed=\u00a0\u00bboff\u00a0\u00bb global_colors_info=\u00a0\u00bb{}\u00a0\u00bb da_is_popup=\u00a0\u00bboff\u00a0\u00bb da_exit_intent=\u00a0\u00bboff\u00a0\u00bb da_has_close=\u00a0\u00bbon\u00a0\u00bb da_alt_close=\u00a0\u00bboff\u00a0\u00bb da_dark_close=\u00a0\u00bboff\u00a0\u00bb da_not_modal=\u00a0\u00bbon\u00a0\u00bb da_is_singular=\u00a0\u00bboff\u00a0\u00bb da_with_loader=\u00a0\u00bboff\u00a0\u00bb da_has_shadow=\u00a0\u00bbon\u00a0\u00bb da_disable_devices=\u00a0\u00bboff|off|off\u00a0\u00bb][et_pb_row use_custom_gutter=\u00a0\u00bbon\u00a0\u00bb gutter_width=\u00a0\u00bb1&Prime; admin_label=\u00a0\u00bbSfondo immagine\u00a0\u00bb module_class=\u00a0\u00bbtestata\u00a0\u00bb _builder_version=\u00a0\u00bb4.16&Prime; _module_preset=\u00a0\u00bbdefault\u00a0\u00bb background_color=\u00a0\u00bbRGBA(255,255,255,0)\u00a0\u00bb background_enable_image=\u00a0\u00bboff\u00a0\u00bb width=\u00a0\u00bb100%\u00a0\u00bb max_width=\u00a0\u00bb100%\u00a0\u00bb module_alignment=\u00a0\u00bbcenter\u00a0\u00bb height=\u00a0\u00bb88vh\u00a0\u00bb overflow-x=\u00a0\u00bbhidden\u00a0\u00bb overflow-y=\u00a0\u00bbhidden\u00a0\u00bb locked=\u00a0\u00bboff\u00a0\u00bb collapsed=\u00a0\u00bboff\u00a0\u00bb global_colors_info=\u00a0\u00bb{}\u00a0\u00bb custom_css_main_element_last_edited=\u00a0\u00bbon|phone\u00a0\u00bb custom_css_main_element_phone=\u00a0\u00bbmax-height: 550px!important;\u00a0\u00bb][et_pb_column type=\u00a0\u00bb4_4&Prime; _builder_version=\u00a0\u00bb4.16&Prime; _module_preset=\u00a0\u00bbdefault\u00a0\u00bb global_colors_info=\u00a0\u00bb{}\u00a0\u00bb][et_pb_image src=\u00a0\u00bbhttps:\/\/www.villaggioorizzonte.it\/wp-content\/uploads\/2021\/02\/Cavallino-Matto.jpeg\u00a0\u00bb alt=\u00a0\u00bbCavallinio Matto\u00a0\u00bb title_text=\u00a0\u00bbCavallino-Matto\u00a0\u00bb force_fullwidth=\u00a0\u00bbon\u00a0\u00bb _builder_version=\u00a0\u00bb4.16&Prime; _module_preset=\u00a0\u00bbdefault\u00a0\u00bb saved_tabs=\u00a0\u00bball\u00a0\u00bb global_colors_info=\u00a0\u00bb{}\u00a0\u00bb][\/et_pb_image][\/et_pb_column][\/et_pb_row][et_pb_row column_structure=\u00a0\u00bb2_5,3_5&Prime; use_custom_gutter=\u00a0\u00bbon\u00a0\u00bb gutter_width=\u00a0\u00bb1&Prime; make_equal=\u00a0\u00bbon\u00a0\u00bb admin_label=\u00a0\u00bbTitolo\u00a0\u00bb _builder_version=\u00a0\u00bb4.16&Prime; _module_preset=\u00a0\u00bbdefault\u00a0\u00bb background_color=\u00a0\u00bbRGBA(255,255,255,0)\u00a0\u00bb width=\u00a0\u00bb100%\u00a0\u00bb max_width=\u00a0\u00bb100%\u00a0\u00bb module_alignment=\u00a0\u00bbleft\u00a0\u00bb custom_margin=\u00a0\u00bb-163px||||false|false\u00a0\u00bb custom_margin_tablet=\u00a0\u00bb-163px||||false|false\u00a0\u00bb custom_margin_phone=\u00a0\u00bb-124px||||false|false\u00a0\u00bb custom_margin_last_edited=\u00a0\u00bbon|phone\u00a0\u00bb custom_padding=\u00a0\u00bb||||true|false\u00a0\u00bb collapsed=\u00a0\u00bbon\u00a0\u00bb global_colors_info=\u00a0\u00bb{}\u00a0\u00bb][et_pb_column type=\u00a0\u00bb2_5&Prime; disabled_on=\u00a0\u00bboff|off|off\u00a0\u00bb _builder_version=\u00a0\u00bb4.16&Prime; _module_preset=\u00a0\u00bbdefault\u00a0\u00bb global_colors_info=\u00a0\u00bb{}\u00a0\u00bb custom_css_main_element_last_edited=\u00a0\u00bbon|phone\u00a0\u00bb custom_css_main_element_phone=\u00a0\u00bbwidth:30px!important;||display:block!important;\u00a0\u00bb][\/et_pb_column][et_pb_column type=\u00a0\u00bb3_5&Prime; _builder_version=\u00a0\u00bb4.16&Prime; _module_preset=\u00a0\u00bbdefault\u00a0\u00bb background_color=\u00a0\u00bb#FFFFFF\u00a0\u00bb custom_padding=\u00a0\u00bb25px||25px|30px|true|false\u00a0\u00bb custom_padding_tablet=\u00a0\u00bb25px||25px|30px|true|false\u00a0\u00bb custom_padding_phone=\u00a0\u00bb||5px|20px|false|false\u00a0\u00bb custom_padding_last_edited=\u00a0\u00bbon|phone\u00a0\u00bb global_colors_info=\u00a0\u00bb{}\u00a0\u00bb custom_css_main_element_last_edited=\u00a0\u00bbon|phone\u00a0\u00bb custom_css_main_element_phone=\u00a0\u00bbwidth: calc(100% &#8211; 30px)!important;\u00a0\u00bb][et_pb_text admin_label=\u00a0\u00bbTesto\u00a0\u00bb _builder_version=\u00a0\u00bb4.16&Prime; _module_preset=\u00a0\u00bbdefault\u00a0\u00bb background_color=\u00a0\u00bbRGBA(255,255,255,0)\u00a0\u00bb saved_tabs=\u00a0\u00bball\u00a0\u00bb global_colors_info=\u00a0\u00bb{}\u00a0\u00bb]<\/p>\n<h2 class=\"h1app\">Vacances Famille Hors du village<\/h2>\n<p>[\/et_pb_text][\/et_pb_column][\/et_pb_row][\/et_pb_section][et_pb_section fb_built=\u00a0\u00bb1&Prime; admin_label=\u00a0\u00bbIntro\u00a0\u00bb _builder_version=\u00a0\u00bb4.16&Prime; _module_preset=\u00a0\u00bbdefault\u00a0\u00bb collapsed=\u00a0\u00bbon\u00a0\u00bb global_colors_info=\u00a0\u00bb{}\u00a0\u00bb da_is_popup=\u00a0\u00bboff\u00a0\u00bb da_exit_intent=\u00a0\u00bboff\u00a0\u00bb da_has_close=\u00a0\u00bbon\u00a0\u00bb da_alt_close=\u00a0\u00bboff\u00a0\u00bb da_dark_close=\u00a0\u00bboff\u00a0\u00bb da_not_modal=\u00a0\u00bbon\u00a0\u00bb da_is_singular=\u00a0\u00bboff\u00a0\u00bb da_with_loader=\u00a0\u00bboff\u00a0\u00bb da_has_shadow=\u00a0\u00bbon\u00a0\u00bb da_disable_devices=\u00a0\u00bboff|off|off\u00a0\u00bb][et_pb_row _builder_version=\u00a0\u00bb4.16&Prime; _module_preset=\u00a0\u00bbdefault\u00a0\u00bb collapsed=\u00a0\u00bbon\u00a0\u00bb global_colors_info=\u00a0\u00bb{}\u00a0\u00bb][et_pb_column type=\u00a0\u00bb4_4&Prime; _builder_version=\u00a0\u00bb4.16&Prime; _module_preset=\u00a0\u00bbdefault\u00a0\u00bb background_enable_color=\u00a0\u00bboff\u00a0\u00bb custom_padding=\u00a0\u00bb||||true|false\u00a0\u00bb global_colors_info=\u00a0\u00bb{}\u00a0\u00bb][et_pb_text _builder_version=\u00a0\u00bb4.16&Prime; _module_preset=\u00a0\u00bbdefault\u00a0\u00bb global_colors_info=\u00a0\u00bb{}\u00a0\u00bb]<\/p>\n<p>C\u2019est pourquoi choisir la Toscane pour vos vacances avec des enfants!<br \/>\nCes attractions et bien d\u2019autres vous attendent sur la C\u00f4te des \u00c9trusques, de nombreuses opportunit\u00e9s pour vos enfants de grandir, d\u2019apprendre et de s\u2019amuser en famille, et surtout des bons souvenirs que vous garderez dans votre c\u0153ur!<\/p>\n<p>[\/et_pb_text][\/et_pb_column][\/et_pb_row][\/et_pb_section][et_pb_section fb_built=\u00a0\u00bb1&Prime; admin_label=\u00a0\u00bbContenuto\u00a0\u00bb _builder_version=\u00a0\u00bb4.16&Prime; _module_preset=\u00a0\u00bbdefault\u00a0\u00bb collapsed=\u00a0\u00bboff\u00a0\u00bb global_colors_info=\u00a0\u00bb{}\u00a0\u00bb da_is_popup=\u00a0\u00bboff\u00a0\u00bb da_exit_intent=\u00a0\u00bboff\u00a0\u00bb da_has_close=\u00a0\u00bbon\u00a0\u00bb da_alt_close=\u00a0\u00bboff\u00a0\u00bb da_dark_close=\u00a0\u00bboff\u00a0\u00bb da_not_modal=\u00a0\u00bbon\u00a0\u00bb da_is_singular=\u00a0\u00bboff\u00a0\u00bb da_with_loader=\u00a0\u00bboff\u00a0\u00bb da_has_shadow=\u00a0\u00bbon\u00a0\u00bb da_disable_devices=\u00a0\u00bboff|off|off\u00a0\u00bb][et_pb_row column_structure=\u00a0\u00bb1_2,1_2&Prime; _builder_version=\u00a0\u00bb4.16&Prime; _module_preset=\u00a0\u00bbdefault\u00a0\u00bb collapsed=\u00a0\u00bbon\u00a0\u00bb global_colors_info=\u00a0\u00bb{}\u00a0\u00bb][et_pb_column type=\u00a0\u00bb1_2&Prime; _builder_version=\u00a0\u00bb4.16&Prime; _module_preset=\u00a0\u00bbdefault\u00a0\u00bb global_colors_info=\u00a0\u00bb{}\u00a0\u00bb][et_pb_image src=\u00a0\u00bbhttps:\/\/www.villaggioorizzonte.it\/wp-content\/uploads\/2019\/10\/parco-acquatico-toscana-840&#215;580.jpg\u00a0\u00bb alt=\u00a0\u00bbParco acquatico Toscana\u00a0\u00bb title_text=\u00a0\u00bbParco acquatico Toscana\u00a0\u00bb _builder_version=\u00a0\u00bb4.16&Prime; _module_preset=\u00a0\u00bbdefault\u00a0\u00bb global_colors_info=\u00a0\u00bb{}\u00a0\u00bb][\/et_pb_image][\/et_pb_column][et_pb_column type=\u00a0\u00bb1_2&Prime; _builder_version=\u00a0\u00bb4.16&Prime; _module_preset=\u00a0\u00bbdefault\u00a0\u00bb global_colors_info=\u00a0\u00bb{}\u00a0\u00bb][et_pb_image src=\u00a0\u00bbhttps:\/\/www.villaggioorizzonte.it\/wp-content\/uploads\/2019\/10\/parco-gallorose-840&#215;580.jpg\u00a0\u00bb alt=\u00a0\u00bbParco Gallorose\u00a0\u00bb title_text=\u00a0\u00bbParco Gallorose\u00a0\u00bb _builder_version=\u00a0\u00bb4.16&Prime; _module_preset=\u00a0\u00bbdefault\u00a0\u00bb global_colors_info=\u00a0\u00bb{}\u00a0\u00bb][\/et_pb_image][\/et_pb_column][\/et_pb_row][et_pb_row column_structure=\u00a0\u00bb1_2,1_2&Prime; _builder_version=\u00a0\u00bb4.16&Prime; _module_preset=\u00a0\u00bbdefault\u00a0\u00bb collapsed=\u00a0\u00bbon\u00a0\u00bb global_colors_info=\u00a0\u00bb{}\u00a0\u00bb][et_pb_column type=\u00a0\u00bb1_2&Prime; _builder_version=\u00a0\u00bb4.16&Prime; _module_preset=\u00a0\u00bbdefault\u00a0\u00bb global_colors_info=\u00a0\u00bb{}\u00a0\u00bb][et_pb_text _builder_version=\u00a0\u00bb4.16&Prime; _module_preset=\u00a0\u00bbdefault\u00a0\u00bb global_colors_info=\u00a0\u00bb{}\u00a0\u00bb]<\/p>\n<h4 class=\"h4pag\">Acqua Village<\/h4>\n<p>De juin \u00e0 septembre, ne manquez pas l\u2019occasion de passer une journ\u00e9e au Acqua Village, \u00e0 Follonica, ou \u00e0 Cecina, deux parcs aquatiques historiques de la c\u00f4te \u00e9trusque et une alternative valable \u00e0 la mer, pour vous amuser avec vos enfants! Accessible en quelques minutes en voiture du Village Orizzonte, le Acqua Village de Follonica s\u2019\u00e9tend sur des milliers de m\u00e8tres carr\u00e9s et est construit sur le th\u00e8me des \u00eeles Hawa\u00ef.<\/p>\n<p>Il propose des centaines de m\u00e8tres de toboggans, des piscines pour enfants, plus de 900 m\u00e8tres carr\u00e9s de bassins \u00e0 remous et vagues, nombreux points de restauration, parasols, chaises longues, transats et \u00eeles verdoyantes pour passer la journ\u00e9e dans la d\u00e9tente et le divertissement.<\/p>\n<p>[\/et_pb_text][\/et_pb_column][et_pb_column type=\u00a0\u00bb1_2&Prime; _builder_version=\u00a0\u00bb4.16&Prime; _module_preset=\u00a0\u00bbdefault\u00a0\u00bb global_colors_info=\u00a0\u00bb{}\u00a0\u00bb][et_pb_text _builder_version=\u00a0\u00bb4.16&Prime; _module_preset=\u00a0\u00bbdefault\u00a0\u00bb global_colors_info=\u00a0\u00bb{}\u00a0\u00bb]<\/p>\n<h4 class=\"h4pag\">Parco Gallorose<\/h4>\n<p>Si vous souhaitez allier plaisir et apprentissage, passez une journ\u00e9e au Parc Gallorose \u00e0 Cecina. Parcours de 3 km, avec plus de 120 esp\u00e8ces d\u2019animaux d\u2019\u00e9levage du monde entier.<\/p>\n<p>En plus des animaux, comme le parc est aussi une ferme, vous y trouverez \u00e9galement un mus\u00e9e des outils agricoles des ann\u00e9es 1950, des photos et des affiches historiques. Une fa\u00e7on amusante et int\u00e9ressante pour les enfants, et pas seulement, de se familiariser avec les vieux m\u00e9tiers et de stimuler un peu de curiosit\u00e9 sur notre histoire.<\/p>\n<p>Pendant votre journ\u00e9e entre animaux et curiosit\u00e9s, arr\u00eatez-vous \u00e0 l\u2019Agriristoro, le restaurant situ\u00e9 \u00e0 l\u2019int\u00e9rieur du parc, pour go\u00fbter \u00e0 la cuisine toscane typique avec des produits locaux. C\u2019est pourquoi choisir la Toscane pour vos vacances avec les enfants!Ces attractions et bien d\u2019autres encore vous attendent sur la C\u00f4te des Etrusques, de nombreuses occasions pour vos enfants de grandir, d\u2019apprendre et de s\u2019amuser en famille et, surtout, de nombreux beaux souvenirs qu\u2019ils garderont dans leur c\u0153ur!<\/p>\n<p>[\/et_pb_text][\/et_pb_column][\/et_pb_row][et_pb_row column_structure=\u00a0\u00bb1_2,1_2&Prime; _builder_version=\u00a0\u00bb4.16&Prime; _module_preset=\u00a0\u00bbdefault\u00a0\u00bb collapsed=\u00a0\u00bbon\u00a0\u00bb global_colors_info=\u00a0\u00bb{}\u00a0\u00bb][et_pb_column type=\u00a0\u00bb1_2&Prime; _builder_version=\u00a0\u00bb4.16&Prime; _module_preset=\u00a0\u00bbdefault\u00a0\u00bb global_colors_info=\u00a0\u00bb{}\u00a0\u00bb][et_pb_image src=\u00a0\u00bbhttps:\/\/www.villaggioorizzonte.it\/wp-content\/uploads\/2019\/10\/parco-avventura-toscana-840&#215;580.jpg\u00a0\u00bb alt=\u00a0\u00bbParco avventura Toscana\u00a0\u00bb title_text=\u00a0\u00bbParco avventura Toscana\u00a0\u00bb _builder_version=\u00a0\u00bb4.16&Prime; _module_preset=\u00a0\u00bbdefault\u00a0\u00bb global_colors_info=\u00a0\u00bb{}\u00a0\u00bb][\/et_pb_image][\/et_pb_column][et_pb_column type=\u00a0\u00bb1_2&Prime; _builder_version=\u00a0\u00bb4.16&Prime; _module_preset=\u00a0\u00bbdefault\u00a0\u00bb global_colors_info=\u00a0\u00bb{}\u00a0\u00bb][et_pb_image src=\u00a0\u00bbhttps:\/\/www.villaggioorizzonte.it\/wp-content\/uploads\/2019\/10\/parco-divertimenti-toscana-840&#215;580.jpg\u00a0\u00bb alt=\u00a0\u00bbParco divertimenti Toscana\u00a0\u00bb title_text=\u00a0\u00bbParco divertimenti Toscana\u00a0\u00bb _builder_version=\u00a0\u00bb4.16&Prime; _module_preset=\u00a0\u00bbdefault\u00a0\u00bb global_colors_info=\u00a0\u00bb{}\u00a0\u00bb][\/et_pb_image][\/et_pb_column][\/et_pb_row][et_pb_row column_structure=\u00a0\u00bb1_2,1_2&Prime; _builder_version=\u00a0\u00bb4.16&Prime; _module_preset=\u00a0\u00bbdefault\u00a0\u00bb collapsed=\u00a0\u00bboff\u00a0\u00bb global_colors_info=\u00a0\u00bb{}\u00a0\u00bb][et_pb_column type=\u00a0\u00bb1_2&Prime; _builder_version=\u00a0\u00bb4.16&Prime; _module_preset=\u00a0\u00bbdefault\u00a0\u00bb global_colors_info=\u00a0\u00bb{}\u00a0\u00bb][et_pb_text _builder_version=\u00a0\u00bb4.16&Prime; _module_preset=\u00a0\u00bbdefault\u00a0\u00bb global_colors_info=\u00a0\u00bb{}\u00a0\u00bb]<\/p>\n<h4 class=\"h4pag\">Giardino Sospeso<\/h4>\n<p>Vos enfants aiment-ils l\u2019aventure? Rien n\u2019est plus appropri\u00e9 que le Giardino Sospeso (le Jardin Suspendu) pour les laisser sans voix!<br \/>\nUn parc d\u2019aventures entour\u00e9 de ch\u00eanes centenaires sur les collines de Riparbella, avec des passages acrobatiques \u00e0 travers les arbres, amusant et s\u00fbr.<\/p>\n<p>En fonction de l\u2019\u00e2ge des enfants, les moniteurs du parc vous indiqueront l\u2019itin\u00e9raire le plus appropri\u00e9 pour leur permettre de s\u2019amuser avec des exercices et des obstacles adapt\u00e9s non seulement \u00e0 leur \u00e2ge mais \u00e9galement \u00e0 leur taille.<\/p>\n<p>En plus les enfants peuvent participer \u00e0 d\u2019autres activit\u00e9s telles que le tir \u00e0 l\u2019arc ou la promenade avec les gnomes dans la for\u00eat magique.Dans le parc, vous pouvez \u00e9galement profiter de l\u2019aire gratuite avec barbecue, pour un d\u00e9jeuner savoureu en plein air \u00e0 l\u2019int\u00e9rieur de la for\u00eat.Une journ\u00e9e certainement diff\u00e9rente, au nom de l\u2019aventure, du sport et de l\u2019amusement\u2026 vos enfants seront ravis. Le Jardin Suspendu est \u00e0 environ une heure de route du Village Orizzonte.<\/p>\n<p>[\/et_pb_text][\/et_pb_column][et_pb_column type=\u00a0\u00bb1_2&Prime; _builder_version=\u00a0\u00bb4.16&Prime; _module_preset=\u00a0\u00bbdefault\u00a0\u00bb global_colors_info=\u00a0\u00bb{}\u00a0\u00bb][et_pb_text _builder_version=\u00a0\u00bb4.16&Prime; _module_preset=\u00a0\u00bbdefault\u00a0\u00bb global_colors_info=\u00a0\u00bb{}\u00a0\u00bb]<\/p>\n<h4 class=\"h4pag\">Cavallino Matto<\/h4>\n<p>Dans la grande pin\u00e8de de Marina di Castagneto Carducci, \u00e0 environ 30 minutes en voiture du Village Orizzonte, vous atteignez le Cavallino Matto (Le Petit Cheval Fou), le parc d\u2019attractions le plus grand et le plus vert de la Toscane.<\/p>\n<p>Trente attractions diff\u00e9rentes, adapt\u00e9es aux enfants de tous \u00e2ges, montagnes russes, cano\u00ebs, spectacles th\u00e9matiques et le Jurassik River, qui vous propulsera dans la jungle jurassique entour\u00e9e de dinosaures grandeur nature.<\/p>\n<p>Dans le parc, vous trouverez plusieurs restaurants, une boutique et une aire de pique-nique gratuite pour les repas en plein air.<\/p>\n<p>[\/et_pb_text][\/et_pb_column][\/et_pb_row][\/et_pb_section]<\/p>\n","protected":false},"excerpt":{"rendered":"<p>Vacances Famille Hors du villageC\u2019est pourquoi choisir la Toscane pour vos vacances avec des enfants! Ces attractions et bien d\u2019autres vous attendent sur la C\u00f4te des \u00c9trusques, de nombreuses opportunit\u00e9s pour vos enfants de grandir, d\u2019apprendre et de s\u2019amuser en famille, et surtout des bons souvenirs que vous garderez dans votre c\u0153ur!Acqua Village De juin [&hellip;]<\/p>\n","protected":false},"author":7,"featured_media":0,"parent":0,"menu_order":0,"comment_status":"closed","ping_status":"closed","template":"","meta":{"_et_pb_use_builder":"on","_et_pb_old_content":"","_et_gb_content_width":"","ngg_post_thumbnail":0,"footnotes":""},"class_list":["post-14563","page","type-page","status-publish","hentry"],"yoast_head":"<!-- This site is optimized with the Yoast SEO plugin v25.8 - https:\/\/yoast.com\/wordpress\/plugins\/seo\/ -->\n<title>De nombreuses activit\u00e9s pour vos enfants sur la c\u00f4te toscane - Villaggio Orizzonte<\/title>\n<meta name=\"description\" content=\"Dans les environs du village d&#039;Orizzonte sur la c\u00f4te toscane, vous trouverez de nombreuses activit\u00e9s pour vos enfants telles que des parcs aquatiques et des parcs d&#039;attractions.\" \/>\n<meta name=\"robots\" content=\"index, follow, max-snippet:-1, max-image-preview:large, max-video-preview:-1\" \/>\n<link rel=\"canonical\" href=\"https:\/\/www.villaggioorizzonte.it\/fr\/vacances-famille-out.html\" \/>\n<meta property=\"og:locale\" content=\"fr_FR\" \/>\n<meta property=\"og:type\" content=\"article\" \/>\n<meta property=\"og:title\" content=\"De nombreuses activit\u00e9s pour vos enfants sur la c\u00f4te toscane - Villaggio Orizzonte\" \/>\n<meta property=\"og:description\" content=\"Dans les environs du village d&#039;Orizzonte sur la c\u00f4te toscane, vous trouverez de nombreuses activit\u00e9s pour vos enfants telles que des parcs aquatiques et des parcs d&#039;attractions.\" \/>\n<meta property=\"og:url\" content=\"https:\/\/www.villaggioorizzonte.it\/fr\/vacances-famille-out.html\" \/>\n<meta property=\"og:site_name\" content=\"Villaggio Orizzonte\" \/>\n<meta property=\"article:modified_time\" content=\"2022-10-05T07:38:23+00:00\" \/>\n<meta name=\"twitter:card\" content=\"summary_large_image\" \/>\n<script type=\"application\/ld+json\" class=\"yoast-schema-graph\">{\"@context\":\"https:\/\/schema.org\",\"@graph\":[{\"@type\":\"WebPage\",\"@id\":\"https:\/\/www.villaggioorizzonte.it\/fr\/vacances-famille-out.html\",\"url\":\"https:\/\/www.villaggioorizzonte.it\/fr\/vacances-famille-out.html\",\"name\":\"De nombreuses activit\u00e9s pour vos enfants sur la c\u00f4te toscane - Villaggio Orizzonte\",\"isPartOf\":{\"@id\":\"https:\/\/www.villaggioorizzonte.it\/fr\/#website\"},\"datePublished\":\"2021-02-01T16:12:20+00:00\",\"dateModified\":\"2022-10-05T07:38:23+00:00\",\"description\":\"Dans les environs du village d'Orizzonte sur la c\u00f4te toscane, vous trouverez de nombreuses activit\u00e9s pour vos enfants telles que des parcs aquatiques et des parcs d'attractions.\",\"breadcrumb\":{\"@id\":\"https:\/\/www.villaggioorizzonte.it\/fr\/vacances-famille-out.html#breadcrumb\"},\"inLanguage\":\"fr-FR\",\"potentialAction\":[{\"@type\":\"ReadAction\",\"target\":[\"https:\/\/www.villaggioorizzonte.it\/fr\/vacances-famille-out.html\"]}]},{\"@type\":\"BreadcrumbList\",\"@id\":\"https:\/\/www.villaggioorizzonte.it\/fr\/vacances-famille-out.html#breadcrumb\",\"itemListElement\":[{\"@type\":\"ListItem\",\"position\":1,\"name\":\"Home\",\"item\":\"https:\/\/www.villaggioorizzonte.it\/fr\/\"},{\"@type\":\"ListItem\",\"position\":2,\"name\":\"Vacances Famille out\"}]},{\"@type\":\"WebSite\",\"@id\":\"https:\/\/www.villaggioorizzonte.it\/fr\/#website\",\"url\":\"https:\/\/www.villaggioorizzonte.it\/fr\/\",\"name\":\"Villaggio Orizzonte\",\"description\":\"Villaggio Turistico\",\"potentialAction\":[{\"@type\":\"SearchAction\",\"target\":{\"@type\":\"EntryPoint\",\"urlTemplate\":\"https:\/\/www.villaggioorizzonte.it\/fr\/?s={search_term_string}\"},\"query-input\":{\"@type\":\"PropertyValueSpecification\",\"valueRequired\":true,\"valueName\":\"search_term_string\"}}],\"inLanguage\":\"fr-FR\"}]}<\/script>\n<!-- \/ Yoast SEO plugin. -->","yoast_head_json":{"title":"De nombreuses activit\u00e9s pour vos enfants sur la c\u00f4te toscane - Villaggio Orizzonte","description":"Dans les environs du village d'Orizzonte sur la c\u00f4te toscane, vous trouverez de nombreuses activit\u00e9s pour vos enfants telles que des parcs aquatiques et des parcs d'attractions.","robots":{"index":"index","follow":"follow","max-snippet":"max-snippet:-1","max-image-preview":"max-image-preview:large","max-video-preview":"max-video-preview:-1"},"canonical":"https:\/\/www.villaggioorizzonte.it\/fr\/vacances-famille-out.html","og_locale":"fr_FR","og_type":"article","og_title":"De nombreuses activit\u00e9s pour vos enfants sur la c\u00f4te toscane - Villaggio Orizzonte","og_description":"Dans les environs du village d'Orizzonte sur la c\u00f4te toscane, vous trouverez de nombreuses activit\u00e9s pour vos enfants telles que des parcs aquatiques et des parcs d'attractions.","og_url":"https:\/\/www.villaggioorizzonte.it\/fr\/vacances-famille-out.html","og_site_name":"Villaggio Orizzonte","article_modified_time":"2022-10-05T07:38:23+00:00","twitter_card":"summary_large_image","schema":{"@context":"https:\/\/schema.org","@graph":[{"@type":"WebPage","@id":"https:\/\/www.villaggioorizzonte.it\/fr\/vacances-famille-out.html","url":"https:\/\/www.villaggioorizzonte.it\/fr\/vacances-famille-out.html","name":"De nombreuses activit\u00e9s pour vos enfants sur la c\u00f4te toscane - Villaggio Orizzonte","isPartOf":{"@id":"https:\/\/www.villaggioorizzonte.it\/fr\/#website"},"datePublished":"2021-02-01T16:12:20+00:00","dateModified":"2022-10-05T07:38:23+00:00","description":"Dans les environs du village d'Orizzonte sur la c\u00f4te toscane, vous trouverez de nombreuses activit\u00e9s pour vos enfants telles que des parcs aquatiques et des parcs d'attractions.","breadcrumb":{"@id":"https:\/\/www.villaggioorizzonte.it\/fr\/vacances-famille-out.html#breadcrumb"},"inLanguage":"fr-FR","potentialAction":[{"@type":"ReadAction","target":["https:\/\/www.villaggioorizzonte.it\/fr\/vacances-famille-out.html"]}]},{"@type":"BreadcrumbList","@id":"https:\/\/www.villaggioorizzonte.it\/fr\/vacances-famille-out.html#breadcrumb","itemListElement":[{"@type":"ListItem","position":1,"name":"Home","item":"https:\/\/www.villaggioorizzonte.it\/fr\/"},{"@type":"ListItem","position":2,"name":"Vacances Famille out"}]},{"@type":"WebSite","@id":"https:\/\/www.villaggioorizzonte.it\/fr\/#website","url":"https:\/\/www.villaggioorizzonte.it\/fr\/","name":"Villaggio Orizzonte","description":"Villaggio Turistico","potentialAction":[{"@type":"SearchAction","target":{"@type":"EntryPoint","urlTemplate":"https:\/\/www.villaggioorizzonte.it\/fr\/?s={search_term_string}"},"query-input":{"@type":"PropertyValueSpecification","valueRequired":true,"valueName":"search_term_string"}}],"inLanguage":"fr-FR"}]}},"_links":{"self":[{"href":"https:\/\/www.villaggioorizzonte.it\/fr\/wp-json\/wp\/v2\/pages\/14563","targetHints":{"allow":["GET"]}}],"collection":[{"href":"https:\/\/www.villaggioorizzonte.it\/fr\/wp-json\/wp\/v2\/pages"}],"about":[{"href":"https:\/\/www.villaggioorizzonte.it\/fr\/wp-json\/wp\/v2\/types\/page"}],"author":[{"embeddable":true,"href":"https:\/\/www.villaggioorizzonte.it\/fr\/wp-json\/wp\/v2\/users\/7"}],"replies":[{"embeddable":true,"href":"https:\/\/www.villaggioorizzonte.it\/fr\/wp-json\/wp\/v2\/comments?post=14563"}],"version-history":[{"count":1,"href":"https:\/\/www.villaggioorizzonte.it\/fr\/wp-json\/wp\/v2\/pages\/14563\/revisions"}],"predecessor-version":[{"id":281979,"href":"https:\/\/www.villaggioorizzonte.it\/fr\/wp-json\/wp\/v2\/pages\/14563\/revisions\/281979"}],"wp:attachment":[{"href":"https:\/\/www.villaggioorizzonte.it\/fr\/wp-json\/wp\/v2\/media?parent=14563"}],"curies":[{"name":"wp","href":"https:\/\/api.w.org\/{rel}","templated":true}]}}