{"id":281683,"date":"2022-06-23T14:29:59","date_gmt":"2022-06-23T12:29:59","guid":{"rendered":"https:\/\/www.villaggioorizzonte.it\/laboratori-bambini-e-yoga.html"},"modified":"2023-09-13T16:16:24","modified_gmt":"2023-09-13T14:16:24","slug":"workshops-for-children-and-yoga","status":"publish","type":"page","link":"https:\/\/www.villaggioorizzonte.it\/en\/workshops-for-children-and-yoga.html","title":{"rendered":"Workshops for children and Yoga"},"content":{"rendered":"<p>[et_pb_section fb_built=&#8221;1&#8243; admin_label=&#8221;Testata&#8221; _builder_version=&#8221;4.16&#8243; _module_preset=&#8221;default&#8221; custom_margin=&#8221;0px|0px|0px||false|false&#8221; custom_padding=&#8221;0px|0px|0px|0px|false|false&#8221; da_disable_devices=&#8221;off|off|off&#8221; saved_tabs=&#8221;all&#8221; locked=&#8221;off&#8221; collapsed=&#8221;off&#8221; global_colors_info=&#8221;{}&#8221; da_is_popup=&#8221;off&#8221; da_exit_intent=&#8221;off&#8221; da_has_close=&#8221;on&#8221; da_alt_close=&#8221;off&#8221; da_dark_close=&#8221;off&#8221; da_not_modal=&#8221;on&#8221; da_is_singular=&#8221;off&#8221; da_with_loader=&#8221;off&#8221; da_has_shadow=&#8221;on&#8221;][et_pb_row use_custom_gutter=&#8221;on&#8221; gutter_width=&#8221;1&#8243; admin_label=&#8221;Sfondo immagine&#8221; module_class=&#8221;testata&#8221; _builder_version=&#8221;4.16&#8243; _module_preset=&#8221;default&#8221; background_color=&#8221;RGBA(255,255,255,0)&#8221; background_enable_image=&#8221;off&#8221; width=&#8221;100%&#8221; max_width=&#8221;100%&#8221; module_alignment=&#8221;center&#8221; height=&#8221;88vh&#8221; overflow-x=&#8221;hidden&#8221; overflow-y=&#8221;hidden&#8221; locked=&#8221;off&#8221; collapsed=&#8221;off&#8221; global_colors_info=&#8221;{}&#8221; custom_css_main_element_last_edited=&#8221;on|phone&#8221; custom_css_main_element_phone=&#8221;max-height: 550px!important;&#8221;][et_pb_column type=&#8221;4_4&#8243; _builder_version=&#8221;4.16&#8243; _module_preset=&#8221;default&#8221; global_colors_info=&#8221;{}&#8221;][et_pb_image src=&#8221;https:\/\/www.villaggioorizzonte.it\/wp-content\/uploads\/2022\/06\/mare-villaggio-orizzonte-1.jpg&#8221; alt=&#8221;animazione bambini villaggio mare toscana &#8221; title_text=&#8221;mare-villaggio-orizzonte&#8221; force_fullwidth=&#8221;on&#8221; _builder_version=&#8221;4.17.4&#8243; _module_preset=&#8221;default&#8221; saved_tabs=&#8221;all&#8221; global_colors_info=&#8221;{}&#8221;][\/et_pb_image][\/et_pb_column][\/et_pb_row][et_pb_row column_structure=&#8221;2_5,3_5&#8243; use_custom_gutter=&#8221;on&#8221; gutter_width=&#8221;1&#8243; make_equal=&#8221;on&#8221; admin_label=&#8221;Titolo&#8221; _builder_version=&#8221;4.16&#8243; _module_preset=&#8221;default&#8221; background_color=&#8221;RGBA(255,255,255,0)&#8221; width=&#8221;100%&#8221; max_width=&#8221;100%&#8221; module_alignment=&#8221;left&#8221; custom_margin=&#8221;-163px||||false|false&#8221; custom_margin_tablet=&#8221;-163px||||false|false&#8221; custom_margin_phone=&#8221;-124px||||false|false&#8221; custom_margin_last_edited=&#8221;on|phone&#8221; custom_padding=&#8221;||||true|false&#8221; collapsed=&#8221;off&#8221; global_colors_info=&#8221;{}&#8221;][et_pb_column type=&#8221;2_5&#8243; disabled_on=&#8221;off|off|off&#8221; _builder_version=&#8221;4.16&#8243; _module_preset=&#8221;default&#8221; global_colors_info=&#8221;{}&#8221; custom_css_main_element_last_edited=&#8221;on|phone&#8221; custom_css_main_element_phone=&#8221;width:30px!important;||display:block!important;&#8221;][\/et_pb_column][et_pb_column type=&#8221;3_5&#8243; _builder_version=&#8221;4.16&#8243; _module_preset=&#8221;default&#8221; background_color=&#8221;#FFFFFF&#8221; custom_padding=&#8221;25px||25px|30px|true|false&#8221; custom_padding_tablet=&#8221;25px||25px|30px|true|false&#8221; custom_padding_phone=&#8221;||5px|20px|false|false&#8221; custom_padding_last_edited=&#8221;on|phone&#8221; global_colors_info=&#8221;{}&#8221; custom_css_main_element_last_edited=&#8221;on|phone&#8221; custom_css_main_element_phone=&#8221;width: calc(100% &#8211; 30px)!important;&#8221;][et_pb_text admin_label=&#8221;Testo&#8221; _builder_version=&#8221;4.17.4&#8243; _module_preset=&#8221;default&#8221; background_color=&#8221;RGBA(255,255,255,0)&#8221; saved_tabs=&#8221;all&#8221; global_colors_info=&#8221;{}&#8221;]<\/p>\n<h2 class=\"h1app\">The Tuscan Sea<\/h2>\n<h1 class=\"h2app\">and many activities!<\/h1>\n<p>[\/et_pb_text][\/et_pb_column][\/et_pb_row][\/et_pb_section][et_pb_section fb_built=&#8221;1&#8243; admin_label=&#8221;Intro&#8221; _builder_version=&#8221;4.16&#8243; _module_preset=&#8221;default&#8221; da_disable_devices=&#8221;off|off|off&#8221; collapsed=&#8221;off&#8221; global_colors_info=&#8221;{}&#8221; da_is_popup=&#8221;off&#8221; da_exit_intent=&#8221;off&#8221; da_has_close=&#8221;on&#8221; da_alt_close=&#8221;off&#8221; da_dark_close=&#8221;off&#8221; da_not_modal=&#8221;on&#8221; da_is_singular=&#8221;off&#8221; da_with_loader=&#8221;off&#8221; da_has_shadow=&#8221;on&#8221;][et_pb_row _builder_version=&#8221;4.16&#8243; _module_preset=&#8221;default&#8221; collapsed=&#8221;off&#8221; global_colors_info=&#8221;{}&#8221;][et_pb_column type=&#8221;4_4&#8243; _builder_version=&#8221;4.16&#8243; _module_preset=&#8221;default&#8221; background_enable_color=&#8221;off&#8221; custom_padding=&#8221;||||true|false&#8221; global_colors_info=&#8221;{}&#8221;][et_pb_text disabled_on=&#8221;on|on|on&#8221; _builder_version=&#8221;4.17.4&#8243; _module_preset=&#8221;default&#8221; disabled=&#8221;on&#8221; global_colors_info=&#8221;{}&#8221;]<\/p>\n<p>Il team dell\u2019animazione si occuper\u00e0 del divertimento dei vostri bambini con un programma ricco di attivit\u00e0 creative e stimolanti.<\/p>\n<p>[\/et_pb_text][\/et_pb_column][\/et_pb_row][\/et_pb_section][et_pb_section fb_built=&#8221;1&#8243; admin_label=&#8221;Contenuto&#8221; _builder_version=&#8221;4.16&#8243; _module_preset=&#8221;default&#8221; da_disable_devices=&#8221;off|off|off&#8221; collapsed=&#8221;off&#8221; global_colors_info=&#8221;{}&#8221; da_is_popup=&#8221;off&#8221; da_exit_intent=&#8221;off&#8221; da_has_close=&#8221;on&#8221; da_alt_close=&#8221;off&#8221; da_dark_close=&#8221;off&#8221; da_not_modal=&#8221;on&#8221; da_is_singular=&#8221;off&#8221; da_with_loader=&#8221;off&#8221; da_has_shadow=&#8221;on&#8221;][et_pb_row admin_label=&#8221;titolo appuntamenti settimanali&#8221; _builder_version=&#8221;4.16&#8243; _module_preset=&#8221;default&#8221; collapsed=&#8221;off&#8221; global_colors_info=&#8221;{}&#8221;][et_pb_column type=&#8221;4_4&#8243; _builder_version=&#8221;4.16&#8243; _module_preset=&#8221;default&#8221; global_colors_info=&#8221;{}&#8221;][et_pb_text admin_label=&#8221;Titolo&#8221; _builder_version=&#8221;4.17.4&#8243; _module_preset=&#8221;default&#8221; locked=&#8221;off&#8221; global_colors_info=&#8221;{}&#8221;]<\/p>\n<h3 class=\"h3pag\" style=\"text-align: center;\" data-mce-style=\"text-align: center;\">Hata Yoga<\/h3>\n<h4 class=\"h4pag\" style=\"text-align: center;\" data-mce-style=\"text-align: center;\">free<\/h4>\n<p>[\/et_pb_text][\/et_pb_column][\/et_pb_row][et_pb_row column_structure=&#8221;1_2,1_2&#8243; _builder_version=&#8221;4.16&#8243; _module_preset=&#8221;default&#8221; collapsed=&#8221;off&#8221; global_colors_info=&#8221;{}&#8221;][et_pb_column type=&#8221;1_2&#8243; _builder_version=&#8221;4.16&#8243; _module_preset=&#8221;default&#8221; global_colors_info=&#8221;{}&#8221;][et_pb_text _builder_version=&#8221;4.17.4&#8243; _module_preset=&#8221;default&#8221; global_colors_info=&#8221;{}&#8221;]<\/p>\n<p>Excercises for muscles and joints, simple balance poses, Sun Salutation and stretching \u2013 always with the rhythm of your breath.<\/p>\n<p>Start your day in harmony with yourself and the nature.<\/p>\n<p>With yoga teacher Sonia Borselli<\/p>\n<p>Tuesday and Friday at 8.30 am in the \u201eCapannina\u201c (Miniclub hut next to the playground).<\/p>\n<p>[\/et_pb_text][\/et_pb_column][et_pb_column type=&#8221;1_2&#8243; _builder_version=&#8221;4.16&#8243; _module_preset=&#8221;default&#8221; global_colors_info=&#8221;{}&#8221;][et_pb_image src=&#8221;https:\/\/www.villaggioorizzonte.it\/wp-content\/uploads\/2022\/06\/hata-yoga.jpg&#8221; alt=&#8221;Nuoto Villaggio Orizzonte&#8221; title_text=&#8221;hata-yoga&#8221; _builder_version=&#8221;4.17.4&#8243; _module_preset=&#8221;default&#8221; global_colors_info=&#8221;{}&#8221;][\/et_pb_image][\/et_pb_column][\/et_pb_row][et_pb_row column_structure=&#8221;1_2,1_2&#8243; disabled_on=&#8221;on|on|on&#8221; _builder_version=&#8221;4.17.4&#8243; _module_preset=&#8221;default&#8221; disabled=&#8221;on&#8221; collapsed=&#8221;off&#8221; global_colors_info=&#8221;{}&#8221;][et_pb_column type=&#8221;1_2&#8243; _builder_version=&#8221;4.16&#8243; _module_preset=&#8221;default&#8221; global_colors_info=&#8221;{}&#8221;][et_pb_image src=&#8221;https:\/\/www.villaggioorizzonte.it\/wp-content\/uploads\/2021\/10\/animali-zooantropologia.jpg&#8221; alt=&#8221;animali-zooantropologia&#8221; title_text=&#8221;animali-zooantropologia&#8221; _builder_version=&#8221;4.16&#8243; _module_preset=&#8221;default&#8221; global_colors_info=&#8221;{}&#8221;][\/et_pb_image][\/et_pb_column][et_pb_column type=&#8221;1_2&#8243; _builder_version=&#8221;4.16&#8243; _module_preset=&#8221;default&#8221; global_colors_info=&#8221;{}&#8221;][et_pb_text _builder_version=&#8221;4.16&#8243; _module_preset=&#8221;default&#8221; global_colors_info=&#8221;{}&#8221;]<\/p>\n<h5 class=\"h4pag\">Laboratorio Zooantropologia<\/h5>\n<p>Una volta alla settimana avremo il <strong>laboratorio di ZooAntropologia<\/strong>, gestito dalla nostra Istruttrice Cinofila Costanza, molto amata dai bambini.<\/p>\n<p>Questa attivit\u00e0 prevede l\u2019<strong>avvicinamento al cane<\/strong> e la gestione del cane, che consiste per esempio nel capire come si accarezza, in quali punti lo si deve fare, come deve essere gestito durante una passeggiata oppure nell\u2019ambiente domestico.<\/p>\n<p>Questo laboratorio sar\u00e0 attivo indicativamente da met\u00e0 giugno a met\u00e0 settembre.<\/p>\n<p>[\/et_pb_text][\/et_pb_column][\/et_pb_row][et_pb_row admin_label=&#8221;titolo appuntamenti settimanali&#8221; _builder_version=&#8221;4.16&#8243; _module_preset=&#8221;default&#8221; collapsed=&#8221;off&#8221; global_colors_info=&#8221;{}&#8221;][et_pb_column type=&#8221;4_4&#8243; _builder_version=&#8221;4.16&#8243; _module_preset=&#8221;default&#8221; global_colors_info=&#8221;{}&#8221;][et_pb_text admin_label=&#8221;Titolo&#8221; _builder_version=&#8221;4.17.4&#8243; _module_preset=&#8221;default&#8221; locked=&#8221;off&#8221; global_colors_info=&#8221;{}&#8221;]<\/p>\n<h3 class=\"h3pag\" style=\"text-align: center;\" data-mce-style=\"text-align: center;\">Kid&#8217;s Lab<\/h3>\n<h4 class=\"h4pag\" style=\"text-align: center;\" data-mce-style=\"text-align: center;\">daily<\/h4>\n<p>[\/et_pb_text][\/et_pb_column][\/et_pb_row][et_pb_row admin_label=&#8221;Riga&#8221; _builder_version=&#8221;4.16&#8243; _module_preset=&#8221;default&#8221; collapsed=&#8221;off&#8221; global_colors_info=&#8221;{}&#8221;][et_pb_column type=&#8221;4_4&#8243; _builder_version=&#8221;4.16&#8243; _module_preset=&#8221;default&#8221; global_colors_info=&#8221;{}&#8221;][et_pb_text _builder_version=&#8221;4.17.4&#8243; _module_preset=&#8221;default&#8221; global_colors_info=&#8221;{}&#8221;]<\/p>\n<p>The whole summer through children can experience their creativity in daily workshops. Playing, painting, doing handicrafts with various materials \u2026 a lot of fun and entertainment for our little guests.<\/p>\n<p>Theme days are organized, one on pirates alternating with one on the Etruscan. Also workshops on animals and WWF are planned.<\/p>\n<p>[\/et_pb_text][\/et_pb_column][\/et_pb_row][et_pb_row admin_label=&#8221;Carosello&#8221; _builder_version=&#8221;4.16&#8243; _module_preset=&#8221;default&#8221; collapsed=&#8221;off&#8221; global_colors_info=&#8221;{}&#8221;][et_pb_column type=&#8221;4_4&#8243; _builder_version=&#8221;4.16&#8243; _module_preset=&#8221;default&#8221; global_colors_info=&#8221;{}&#8221;][et_pb_image src=&#8221;https:\/\/www.villaggioorizzonte.it\/wp-content\/uploads\/2022\/06\/laboratori-bambini.jpg&#8221; title_text=&#8221;laboratori-bambini&#8221; _builder_version=&#8221;4.17.4&#8243; _module_preset=&#8221;default&#8221; global_colors_info=&#8221;{}&#8221;][\/et_pb_image][\/et_pb_column][\/et_pb_row][\/et_pb_section]<\/p>\n","protected":false},"excerpt":{"rendered":"<p>The Tuscan Seaand many activities!Il team dell\u2019animazione si occuper\u00e0 del divertimento dei vostri bambini con un programma ricco di attivit\u00e0 creative e stimolanti.Hata YogafreeExcercises for muscles and joints, simple balance poses, Sun Salutation and stretching \u2013 always with the rhythm of your breath.Start your day in harmony with yourself and the nature.With yoga teacher Sonia [&hellip;]<\/p>\n","protected":false},"author":7,"featured_media":0,"parent":0,"menu_order":16,"comment_status":"closed","ping_status":"closed","template":"","meta":{"_et_pb_use_builder":"on","_et_pb_old_content":"","_et_gb_content_width":"","ngg_post_thumbnail":0,"footnotes":""},"class_list":["post-281683","page","type-page","status-publish","hentry"],"yoast_head":"<!-- This site is optimized with the Yoast SEO plugin v25.8 - https:\/\/yoast.com\/wordpress\/plugins\/seo\/ -->\n<title>Workshop for children and Yoga - Villaggio Orizzonte<\/title>\n<meta name=\"description\" content=\"The miniclub at the Orizzonte Village includes many fun activities such as creative workshops, beach games and babydance!\" \/>\n<meta name=\"robots\" content=\"index, follow, max-snippet:-1, max-image-preview:large, max-video-preview:-1\" \/>\n<link rel=\"canonical\" href=\"https:\/\/www.villaggioorizzonte.it\/en\/workshops-for-children-and-yoga.html\" \/>\n<meta property=\"og:locale\" content=\"en_US\" \/>\n<meta property=\"og:type\" content=\"article\" \/>\n<meta property=\"og:title\" content=\"Workshop for children and Yoga - Villaggio Orizzonte\" \/>\n<meta property=\"og:description\" content=\"The miniclub at the Orizzonte Village includes many fun activities such as creative workshops, beach games and babydance!\" \/>\n<meta property=\"og:url\" content=\"https:\/\/www.villaggioorizzonte.it\/en\/workshops-for-children-and-yoga.html\" \/>\n<meta property=\"og:site_name\" content=\"Villaggio Orizzonte\" \/>\n<meta property=\"article:modified_time\" content=\"2023-09-13T14:16:24+00:00\" \/>\n<meta name=\"twitter:card\" content=\"summary_large_image\" \/>\n<script type=\"application\/ld+json\" class=\"yoast-schema-graph\">{\"@context\":\"https:\/\/schema.org\",\"@graph\":[{\"@type\":\"WebPage\",\"@id\":\"https:\/\/www.villaggioorizzonte.it\/en\/workshops-for-children-and-yoga.html\",\"url\":\"https:\/\/www.villaggioorizzonte.it\/en\/workshops-for-children-and-yoga.html\",\"name\":\"Workshop for children and Yoga - Villaggio Orizzonte\",\"isPartOf\":{\"@id\":\"https:\/\/www.villaggioorizzonte.it\/en\/#website\"},\"datePublished\":\"2022-06-23T12:29:59+00:00\",\"dateModified\":\"2023-09-13T14:16:24+00:00\",\"description\":\"The miniclub at the Orizzonte Village includes many fun activities such as creative workshops, beach games and babydance!\",\"breadcrumb\":{\"@id\":\"https:\/\/www.villaggioorizzonte.it\/en\/workshops-for-children-and-yoga.html#breadcrumb\"},\"inLanguage\":\"en-US\",\"potentialAction\":[{\"@type\":\"ReadAction\",\"target\":[\"https:\/\/www.villaggioorizzonte.it\/en\/workshops-for-children-and-yoga.html\"]}]},{\"@type\":\"BreadcrumbList\",\"@id\":\"https:\/\/www.villaggioorizzonte.it\/en\/workshops-for-children-and-yoga.html#breadcrumb\",\"itemListElement\":[{\"@type\":\"ListItem\",\"position\":1,\"name\":\"Home\",\"item\":\"https:\/\/www.villaggioorizzonte.it\/en\/\"},{\"@type\":\"ListItem\",\"position\":2,\"name\":\"Workshops for children and Yoga\"}]},{\"@type\":\"WebSite\",\"@id\":\"https:\/\/www.villaggioorizzonte.it\/en\/#website\",\"url\":\"https:\/\/www.villaggioorizzonte.it\/en\/\",\"name\":\"Villaggio Orizzonte\",\"description\":\"Villaggio Turistico\",\"potentialAction\":[{\"@type\":\"SearchAction\",\"target\":{\"@type\":\"EntryPoint\",\"urlTemplate\":\"https:\/\/www.villaggioorizzonte.it\/en\/?s={search_term_string}\"},\"query-input\":{\"@type\":\"PropertyValueSpecification\",\"valueRequired\":true,\"valueName\":\"search_term_string\"}}],\"inLanguage\":\"en-US\"}]}<\/script>\n<!-- \/ Yoast SEO plugin. -->","yoast_head_json":{"title":"Workshop for children and Yoga - Villaggio Orizzonte","description":"The miniclub at the Orizzonte Village includes many fun activities such as creative workshops, beach games and babydance!","robots":{"index":"index","follow":"follow","max-snippet":"max-snippet:-1","max-image-preview":"max-image-preview:large","max-video-preview":"max-video-preview:-1"},"canonical":"https:\/\/www.villaggioorizzonte.it\/en\/workshops-for-children-and-yoga.html","og_locale":"en_US","og_type":"article","og_title":"Workshop for children and Yoga - Villaggio Orizzonte","og_description":"The miniclub at the Orizzonte Village includes many fun activities such as creative workshops, beach games and babydance!","og_url":"https:\/\/www.villaggioorizzonte.it\/en\/workshops-for-children-and-yoga.html","og_site_name":"Villaggio Orizzonte","article_modified_time":"2023-09-13T14:16:24+00:00","twitter_card":"summary_large_image","schema":{"@context":"https:\/\/schema.org","@graph":[{"@type":"WebPage","@id":"https:\/\/www.villaggioorizzonte.it\/en\/workshops-for-children-and-yoga.html","url":"https:\/\/www.villaggioorizzonte.it\/en\/workshops-for-children-and-yoga.html","name":"Workshop for children and Yoga - Villaggio Orizzonte","isPartOf":{"@id":"https:\/\/www.villaggioorizzonte.it\/en\/#website"},"datePublished":"2022-06-23T12:29:59+00:00","dateModified":"2023-09-13T14:16:24+00:00","description":"The miniclub at the Orizzonte Village includes many fun activities such as creative workshops, beach games and babydance!","breadcrumb":{"@id":"https:\/\/www.villaggioorizzonte.it\/en\/workshops-for-children-and-yoga.html#breadcrumb"},"inLanguage":"en-US","potentialAction":[{"@type":"ReadAction","target":["https:\/\/www.villaggioorizzonte.it\/en\/workshops-for-children-and-yoga.html"]}]},{"@type":"BreadcrumbList","@id":"https:\/\/www.villaggioorizzonte.it\/en\/workshops-for-children-and-yoga.html#breadcrumb","itemListElement":[{"@type":"ListItem","position":1,"name":"Home","item":"https:\/\/www.villaggioorizzonte.it\/en\/"},{"@type":"ListItem","position":2,"name":"Workshops for children and Yoga"}]},{"@type":"WebSite","@id":"https:\/\/www.villaggioorizzonte.it\/en\/#website","url":"https:\/\/www.villaggioorizzonte.it\/en\/","name":"Villaggio Orizzonte","description":"Villaggio Turistico","potentialAction":[{"@type":"SearchAction","target":{"@type":"EntryPoint","urlTemplate":"https:\/\/www.villaggioorizzonte.it\/en\/?s={search_term_string}"},"query-input":{"@type":"PropertyValueSpecification","valueRequired":true,"valueName":"search_term_string"}}],"inLanguage":"en-US"}]}},"_links":{"self":[{"href":"https:\/\/www.villaggioorizzonte.it\/en\/wp-json\/wp\/v2\/pages\/281683","targetHints":{"allow":["GET"]}}],"collection":[{"href":"https:\/\/www.villaggioorizzonte.it\/en\/wp-json\/wp\/v2\/pages"}],"about":[{"href":"https:\/\/www.villaggioorizzonte.it\/en\/wp-json\/wp\/v2\/types\/page"}],"author":[{"embeddable":true,"href":"https:\/\/www.villaggioorizzonte.it\/en\/wp-json\/wp\/v2\/users\/7"}],"replies":[{"embeddable":true,"href":"https:\/\/www.villaggioorizzonte.it\/en\/wp-json\/wp\/v2\/comments?post=281683"}],"version-history":[{"count":5,"href":"https:\/\/www.villaggioorizzonte.it\/en\/wp-json\/wp\/v2\/pages\/281683\/revisions"}],"predecessor-version":[{"id":281708,"href":"https:\/\/www.villaggioorizzonte.it\/en\/wp-json\/wp\/v2\/pages\/281683\/revisions\/281708"}],"wp:attachment":[{"href":"https:\/\/www.villaggioorizzonte.it\/en\/wp-json\/wp\/v2\/media?parent=281683"}],"curies":[{"name":"wp","href":"https:\/\/api.w.org\/{rel}","templated":true}]}}