{"id":8352,"date":"2019-09-02T11:58:45","date_gmt":"2019-09-02T09:58:45","guid":{"rendered":"https:\/\/b6.aerostatonet.it\/struttura-per-team-building.html"},"modified":"2025-01-24T11:48:20","modified_gmt":"2025-01-24T10:48:20","slug":"team-building-in-der-toskana","status":"publish","type":"page","link":"https:\/\/www.villaggioorizzonte.it\/de\/team-building-in-der-toskana.html","title":{"rendered":"Team Building"},"content":{"rendered":"<p>[et_pb_section fb_built=&#8220;1&#8243; admin_label=&#8220;Testata&#8220; _builder_version=&#8220;4.16&#8243; _module_preset=&#8220;default&#8220; custom_margin=&#8220;0px|0px|0px||false|false&#8220; custom_padding=&#8220;0px|0px|0px|0px|false|false&#8220; da_disable_devices=&#8220;off|off|off&#8220; saved_tabs=&#8220;all&#8220; locked=&#8220;off&#8220; collapsed=&#8220;off&#8220; global_colors_info=&#8220;{}&#8220; da_is_popup=&#8220;off&#8220; da_exit_intent=&#8220;off&#8220; da_has_close=&#8220;on&#8220; da_alt_close=&#8220;off&#8220; da_dark_close=&#8220;off&#8220; da_not_modal=&#8220;on&#8220; da_is_singular=&#8220;off&#8220; da_with_loader=&#8220;off&#8220; da_has_shadow=&#8220;on&#8220;][et_pb_row use_custom_gutter=&#8220;on&#8220; gutter_width=&#8220;1&#8243; admin_label=&#8220;Sfondo immagine&#8220; module_class=&#8220;testata&#8220; _builder_version=&#8220;4.16&#8243; _module_preset=&#8220;default&#8220; background_color=&#8220;RGBA(255,255,255,0)&#8220; background_enable_image=&#8220;off&#8220; width=&#8220;100%&#8220; max_width=&#8220;100%&#8220; module_alignment=&#8220;center&#8220; height=&#8220;88vh&#8220; overflow-x=&#8220;hidden&#8220; overflow-y=&#8220;hidden&#8220; locked=&#8220;off&#8220; collapsed=&#8220;on&#8220; global_colors_info=&#8220;{}&#8220; custom_css_main_element_last_edited=&#8220;on|phone&#8220; custom_css_main_element_phone=&#8220;max-height: 550px!important;&#8220;][et_pb_column type=&#8220;4_4&#8243; _builder_version=&#8220;4.16&#8243; _module_preset=&#8220;default&#8220; global_colors_info=&#8220;{}&#8220;][et_pb_image src=&#8220;https:\/\/www.villaggioorizzonte.it\/wp-content\/uploads\/2019\/12\/struttura-per-team-building.jpg&#8220; alt=&#8220;Struttura per team builiding, Toscana&#8220; title_text=&#8220;Struttura per team builiding, Toscana&#8220; force_fullwidth=&#8220;on&#8220; _builder_version=&#8220;4.16&#8243; _module_preset=&#8220;default&#8220; saved_tabs=&#8220;all&#8220; global_colors_info=&#8220;{}&#8220;][\/et_pb_image][\/et_pb_column][\/et_pb_row][et_pb_row column_structure=&#8220;2_5,3_5&#8243; use_custom_gutter=&#8220;on&#8220; gutter_width=&#8220;1&#8243; make_equal=&#8220;on&#8220; admin_label=&#8220;Titolo&#8220; _builder_version=&#8220;4.16&#8243; _module_preset=&#8220;default&#8220; background_color=&#8220;RGBA(255,255,255,0)&#8220; width=&#8220;100%&#8220; max_width=&#8220;100%&#8220; module_alignment=&#8220;left&#8220; custom_margin=&#8220;-163px||||false|false&#8220; custom_margin_tablet=&#8220;-163px||||false|false&#8220; custom_margin_phone=&#8220;-124px||||false|false&#8220; custom_margin_last_edited=&#8220;on|phone&#8220; custom_padding=&#8220;||||true|false&#8220; collapsed=&#8220;off&#8220; global_colors_info=&#8220;{}&#8220;][et_pb_column type=&#8220;2_5&#8243; disabled_on=&#8220;off|off|off&#8220; _builder_version=&#8220;4.16&#8243; _module_preset=&#8220;default&#8220; global_colors_info=&#8220;{}&#8220; custom_css_main_element_last_edited=&#8220;on|phone&#8220; custom_css_main_element_phone=&#8220;width:30px!important;||display:block!important;&#8220;][\/et_pb_column][et_pb_column type=&#8220;3_5&#8243; _builder_version=&#8220;4.16&#8243; _module_preset=&#8220;default&#8220; background_color=&#8220;#FFFFFF&#8220; custom_padding=&#8220;25px||25px|30px|true|false&#8220; custom_padding_tablet=&#8220;25px||25px|30px|true|false&#8220; custom_padding_phone=&#8220;||5px|20px|false|false&#8220; custom_padding_last_edited=&#8220;on|phone&#8220; global_colors_info=&#8220;{}&#8220; custom_css_main_element_last_edited=&#8220;on|phone&#8220; custom_css_main_element_phone=&#8220;width: calc(100% &#8211; 30px)!important;&#8220;][et_pb_text admin_label=&#8220;Testo&#8220; _builder_version=&#8220;4.21.0&#8243; _module_preset=&#8220;default&#8220; background_color=&#8220;RGBA(255,255,255,0)&#8220; hover_enabled=&#8220;0&#8243; saved_tabs=&#8220;all&#8220; global_colors_info=&#8220;{}&#8220; sticky_enabled=&#8220;0&#8243;]<\/p>\n<h2 class=\"h1app\">Team Building<\/h2>\n<h1 class=\"h2app\">Villaggio sulla Costa Toscana<\/h1>\n<p>[\/et_pb_text][\/et_pb_column][\/et_pb_row][\/et_pb_section][et_pb_section fb_built=&#8220;1&#8243; admin_label=&#8220;Intro&#8220; _builder_version=&#8220;4.16&#8243; _module_preset=&#8220;default&#8220; da_disable_devices=&#8220;off|off|off&#8220; collapsed=&#8220;off&#8220; global_colors_info=&#8220;{}&#8220; da_is_popup=&#8220;off&#8220; da_exit_intent=&#8220;off&#8220; da_has_close=&#8220;on&#8220; da_alt_close=&#8220;off&#8220; da_dark_close=&#8220;off&#8220; da_not_modal=&#8220;on&#8220; da_is_singular=&#8220;off&#8220; da_with_loader=&#8220;off&#8220; da_has_shadow=&#8220;on&#8220;][et_pb_row _builder_version=&#8220;4.16&#8243; _module_preset=&#8220;default&#8220; collapsed=&#8220;off&#8220; global_colors_info=&#8220;{}&#8220;][et_pb_column type=&#8220;4_4&#8243; _builder_version=&#8220;4.16&#8243; _module_preset=&#8220;default&#8220; background_enable_color=&#8220;off&#8220; custom_padding=&#8220;||||true|false&#8220; global_colors_info=&#8220;{}&#8220;][et_pb_text _builder_version=&#8220;4.21.0&#8243; _module_preset=&#8220;default&#8220; hover_enabled=&#8220;0&#8243; global_colors_info=&#8220;{}&#8220; sticky_enabled=&#8220;0&#8243;]<\/p>\n<p>Sei interessato a realizzare un\u2019esperienza formativa e ricreativa da svolgere insieme alla tua azienda o con gli amici? Il <strong>Team Building<\/strong> \u00e8 l\u2019occasione che stavi cercando: si tratta di un evento che comprende un insieme di attivit\u00e0 volte al <strong>miglioramento dell\u2019intesa di un gruppo e delle abilit\u00e0 di collaborazione al suo interno<\/strong>.<\/p>\n<p>Il Team Building \u00e8 un\u2019attivit\u00e0 motivazionale che riscuote sempre pi\u00f9 successo, non coinvolgendo esclusivamente l\u2019ambito aziendale, ma interessando anche contesti che possono riguardare una o pi\u00f9 classi scolastiche o semplicemente gruppi di amici, desiderosi di rinsaldare lo spirito di squadra.<\/p>\n<p>Il Villaggio Orizzonte \u00e8 una grande struttura che si estende sulla <a href=\"https:\/\/www.villaggioorizzonte.it\/vacanze-costa-degli-etruschi.html\">Costa degli Etruschi<\/a>. Grazie alle sue strutture, \u00e8 la meta perfetta per accogliere le famiglie, ma costituisce inoltre un ambiente ideale per chi desidera dare vita a ritiri aziendali ed esperienze formative, rivelandosi una vera <strong>struttura per Team Building Toscana<\/strong>.<\/p>\n<p>Quali sono i punti salienti di un Team Building? Gli eventi di Team Building si compongono di attivit\u00e0 che stimolano positivamente i partecipanti, ponendoli nelle condizioni di superare degli obiettivi attraverso un lavoro collettivo, per esempio in giochi di squadra o in situazioni di problem solving, nelle quali dimostrare rispetto reciproco e costante attenzione.<\/p>\n<p>La Toscana \u00e8 in grado di offrire <strong>contesti che si sposano alla perfezione<\/strong> alla realizzazione di un Team Building.<\/p>\n<p>[\/et_pb_text][\/et_pb_column][\/et_pb_row][\/et_pb_section][et_pb_section fb_built=&#8220;1&#8243; admin_label=&#8220;Contenuto&#8220; _builder_version=&#8220;4.16&#8243; _module_preset=&#8220;default&#8220; da_disable_devices=&#8220;off|off|off&#8220; collapsed=&#8220;off&#8220; global_colors_info=&#8220;{}&#8220; da_is_popup=&#8220;off&#8220; da_exit_intent=&#8220;off&#8220; da_has_close=&#8220;on&#8220; da_alt_close=&#8220;off&#8220; da_dark_close=&#8220;off&#8220; da_not_modal=&#8220;on&#8220; da_is_singular=&#8220;off&#8220; da_with_loader=&#8220;off&#8220; da_has_shadow=&#8220;on&#8220;][et_pb_row _builder_version=&#8220;4.16&#8243; _module_preset=&#8220;default&#8220; collapsed=&#8220;off&#8220; global_colors_info=&#8220;{}&#8220;][et_pb_column type=&#8220;4_4&#8243; _builder_version=&#8220;4.16&#8243; _module_preset=&#8220;default&#8220; global_colors_info=&#8220;{}&#8220;][et_pb_image src=&#8220;https:\/\/www.villaggioorizzonte.it\/wp-content\/uploads\/2019\/12\/team-building-toscana.jpg&#8220; alt=&#8220;team building Toscana&#8220; title_text=&#8220;team building Toscana&#8220; _builder_version=&#8220;4.16&#8243; _module_preset=&#8220;default&#8220; global_colors_info=&#8220;{}&#8220;][\/et_pb_image][\/et_pb_column][\/et_pb_row][et_pb_row column_structure=&#8220;1_2,1_2&#8243; _builder_version=&#8220;4.16&#8243; _module_preset=&#8220;default&#8220; collapsed=&#8220;off&#8220; global_colors_info=&#8220;{}&#8220;][et_pb_column type=&#8220;1_2&#8243; _builder_version=&#8220;4.16&#8243; _module_preset=&#8220;default&#8220; global_colors_info=&#8220;{}&#8220;][et_pb_text _builder_version=&#8220;4.21.0&#8243; _module_preset=&#8220;default&#8220; global_colors_info=&#8220;{}&#8220;]<\/p>\n<p>Numerose sono le occasioni per vivere il Team Building in Maremma, godendo di un livello elevato di personalizzazione dell\u2019evento. Queste possono comprendere le seguenti possibilit\u00e0.<\/p>\n<ul>\n<li><strong>Solcare il mare<\/strong>, per esempio in barca a vela, in canoa o in catamarano, realizzando un suggestivo evento fra le onde.<\/li>\n<li><strong>Prendere parte a gite e itinerari in <a href=\"https:\/\/www.villaggioorizzonte.it\/sport-e-vacanze-attive-in-toscana\/mountain-bike.html\">mountain bike<\/a><\/strong> lungo la Costa degli Etruschi, contemplando i rigogliosi paesaggi della sua natura incontaminata. Tante sono le occasioni per vivere la regione sulle due ruote, grazie alle verdi colline e alla presenza dei borghi medioevali toscani come <strong><a href=\"https:\/\/www.villaggioorizzonte.it\/vacanze-in-toscana\/suvereto.html\">Suvereto<\/a> e <a href=\"https:\/\/www.villaggioorizzonte.it\/vacanze-in-toscana\/campiglia-marittima.html\">Campiglia Marittima<\/a><\/strong>.<\/li>\n<li><strong>Praticare lo <a href=\"https:\/\/www.villaggioorizzonte.it\/sport-e-vacanze-attive-in-toscana\/yoga.html\">yoga<\/a><\/strong>, attivit\u00e0 di meditazione e rilassamento che attraverso variegate tecniche \u00e8 in grado di motivare l\u2019intero gruppo di lavoro, migliorando concentrazione e consapevolezza nelle proprie potenzialit\u00e0.<\/li>\n<\/ul>\n<p>[\/et_pb_text][\/et_pb_column][et_pb_column type=&#8220;1_2&#8243; _builder_version=&#8220;4.16&#8243; _module_preset=&#8220;default&#8220; global_colors_info=&#8220;{}&#8220;][et_pb_text _builder_version=&#8220;4.16&#8243; _module_preset=&#8220;default&#8220; global_colors_info=&#8220;{}&#8220;]<\/p>\n<p>Es gibt viele M\u00f6glichkeiten, ein Motivationsereignis inmitten der toskanischen Umgebung zu erleben. Das Villaggio Orizzonte erweist sich dank seiner breiten Verf\u00fcgbarkeit als eine wirklich ideale Struktur f\u00fcr das Teambuilding in der Toskana. Die Struktur verf\u00fcgt \u00fcber alles, was zur Unterst\u00fctzung und Durchf\u00fchrung einer Teambuilding-Veranstaltung erforderlich ist, mit Restaurants, halbolympischen Schwimmb\u00e4dern und R\u00e4umen f\u00fcr verschiedene Tagungs- und Trainingsaktivit\u00e4ten.<\/p>\n<p>Wenn Sie einem Teambuilding Leben einhauchen m\u00f6chten, ist es gut, im Voraus die Merkmale des zu realisierenden Trainingsereignisses zu skizzieren. Mit der gro\u00dfen Verf\u00fcgbarkeit des Orizzonte Village und dem Reichtum der Landschaften der etruskischen K\u00fcste wird es nicht schwierig sein, eigene Ideen zu verwirklichen. So entsteht ein Teambuilding-Event, das zweifellos f\u00fcr alle Teilnehmer befriedigend und unvergesslich ist.<\/p>\n<p>[\/et_pb_text][\/et_pb_column][\/et_pb_row][\/et_pb_section][et_pb_section fb_built=&#8220;1&#8243; module_id=&#8220;preventivo&#8220; _builder_version=&#8220;4.21.0&#8243; _module_preset=&#8220;default&#8220; custom_margin=&#8220;50px|0px|0px|0px|false|false&#8220; custom_padding=&#8220;0px|0px|0px|0px|false|false&#8220; da_disable_devices=&#8220;off|off|off&#8220; locked=&#8220;off&#8220; global_colors_info=&#8220;{}&#8220; da_is_popup=&#8220;off&#8220; da_exit_intent=&#8220;off&#8220; da_has_close=&#8220;on&#8220; da_alt_close=&#8220;off&#8220; da_dark_close=&#8220;off&#8220; da_not_modal=&#8220;on&#8220; da_is_singular=&#8220;off&#8220; da_with_loader=&#8220;off&#8220; da_has_shadow=&#8220;on&#8220;][et_pb_row column_structure=&#8220;3_5,2_5&#8243; use_custom_gutter=&#8220;on&#8220; gutter_width=&#8220;1&#8243; make_equal=&#8220;on&#8220; module_class=&#8220;reverse&#8220; _builder_version=&#8220;4.16&#8243; _module_preset=&#8220;default&#8220; width_tablet=&#8220;&#8220; width_phone=&#8220;100%&#8220; width_last_edited=&#8220;on|phone&#8220; custom_margin=&#8220;0px||0px||false|false&#8220; custom_margin_tablet=&#8220;&#8220; custom_margin_phone=&#8220;||||false|false&#8220; custom_margin_last_edited=&#8220;on|phone&#8220; custom_padding=&#8220;0px||0px||false|false&#8220; global_colors_info=&#8220;{}&#8220;][et_pb_column type=&#8220;3_5&#8243; _builder_version=&#8220;4.16&#8243; _module_preset=&#8220;default&#8220; background_color=&#8220;#99e1f5&#8243; custom_padding=&#8220;||||false|false&#8220; global_colors_info=&#8220;{}&#8220;][et_pb_text _builder_version=&#8220;4.21.0&#8243; _module_preset=&#8220;default&#8220; text_font=&#8220;|||on|||||&#8220; text_text_color=&#8220;#FFFFFF&#8220; custom_padding=&#8220;40px|36px|0px|36px|false|false&#8220; global_colors_info=&#8220;{}&#8220;]<\/p>\n<p><span class=\"h4\">richiedi informazioni<\/span><br \/><span class=\"h5\"><em style=\"font-size: 18px!important;\">Prenota il tuo Evento Team Building in Toscana<\/em><\/span><\/p>\n<hr class=\"hr bianco left\">[\/et_pb_text][et_pb_code _builder_version=&#8220;4.21.0&#8243; _module_preset=&#8220;default&#8220; background_color=&#8220;RGBA(255,255,255,0)&#8220; height=&#8220;90%&#8220; custom_padding=&#8220;0px|20px|20px|20px|false|false&#8220; global_colors_info=&#8220;{}&#8220;]<p class=\"wpcf7-contact-form-not-found\"><strong>Fehler:<\/strong> Kontaktformular wurde nicht gefunden.<\/p>[\/et_pb_code][\/et_pb_column][et_pb_column type=&#8220;2_5&#8243; _builder_version=&#8220;4.16&#8243; _module_preset=&#8220;default&#8220; custom_padding=&#8220;180px||||false|false&#8220; custom_padding_tablet=&#8220;0px||||false|false&#8220; custom_padding_phone=&#8220;0px||||false|false&#8220; custom_padding_last_edited=&#8220;on|tablet&#8220; global_colors_info=&#8220;{}&#8220;][et_pb_text _builder_version=&#8220;4.21.0&#8243; _module_preset=&#8220;default&#8220; text_font=&#8220;Jost||||||||&#8220; text_text_color=&#8220;#ffffff&#8220; text_font_size=&#8220;22px&#8220; header_text_color=&#8220;#ffffff&#8220; background_color=&#8220;#005476&#8243; background_layout=&#8220;dark&#8220; height=&#8220;100%&#8220; custom_padding=&#8220;50px|50px|50px|50px|true|true&#8220; custom_padding_tablet=&#8220;50px|50px|50px|50px|true|true&#8220; custom_padding_phone=&#8220;30px|30px|30px|30px|true|true&#8220; custom_padding_last_edited=&#8220;on|phone&#8220; text_font_size_tablet=&#8220;22px&#8220; text_font_size_phone=&#8220;15px&#8220; text_font_size_last_edited=&#8220;on|phone&#8220; custom_css_main_element=&#8220;line-height: 4rem;&#8220; global_colors_info=&#8220;{}&#8220; custom_css_main_element_last_edited=&#8220;on|phone&#8220; custom_css_main_element_phone=&#8220;line-height: 2rem;&#8220; custom_css_main_element_tablet=&#8220;line-height: 4rem;&#8220;]<\/p>\n<p class=\"prevetit\">Bei uns buchen lohnt sich!<\/p>\n<hr class=\"bianco\" style=\"margin: 20px 0;\" \/>\n<p>Bester garantierter Preis<br \/>\nBeste Stornierungsbedingungen<br \/>\nExklusive Angebote<br \/>\nDirekter Kontakt zu unseren Mitarbeitern<br \/>\nKundenspezifische Kostenvoranschlag[\/et_pb_text][\/et_pb_column][\/et_pb_row][\/et_pb_section]<\/p>\n","protected":false},"excerpt":{"rendered":"<p>Team Building Villaggio sulla Costa ToscanaSei interessato a realizzare un\u2019esperienza formativa e ricreativa da svolgere insieme alla tua azienda o con gli amici? Il Team Building \u00e8 l\u2019occasione che stavi cercando: si tratta di un evento che comprende un insieme di attivit\u00e0 volte al miglioramento dell\u2019intesa di un gruppo e delle abilit\u00e0 di collaborazione al [&hellip;]<\/p>\n","protected":false},"author":7,"featured_media":0,"parent":0,"menu_order":59,"comment_status":"closed","ping_status":"closed","template":"","meta":{"_et_pb_use_builder":"on","_et_pb_old_content":"","_et_gb_content_width":"","ngg_post_thumbnail":0,"footnotes":""},"class_list":["post-8352","page","type-page","status-publish","hentry"],"yoast_head":"<!-- This site is optimized with the Yoast SEO plugin v25.8 - https:\/\/yoast.com\/wordpress\/plugins\/seo\/ -->\n<title>Struktur f\u00fcr die Team building in der Toskana - Villaggio Orizzonte<\/title>\n<meta name=\"description\" content=\"Die Toskana ist in der Lage, Kontexte anzubieten, die perfekt zur Schaffung eines Teambuildings passen. Organisieren Sie Veranstaltungen im Villaggio Orizzonte\" \/>\n<meta name=\"robots\" content=\"index, follow, max-snippet:-1, max-image-preview:large, max-video-preview:-1\" \/>\n<link rel=\"canonical\" href=\"https:\/\/www.villaggioorizzonte.it\/de\/team-building-in-der-toskana.html\" \/>\n<meta property=\"og:locale\" content=\"de_DE\" \/>\n<meta property=\"og:type\" content=\"article\" \/>\n<meta property=\"og:title\" content=\"Struktur f\u00fcr die Team building in der Toskana - Villaggio Orizzonte\" \/>\n<meta property=\"og:description\" content=\"Die Toskana ist in der Lage, Kontexte anzubieten, die perfekt zur Schaffung eines Teambuildings passen. Organisieren Sie Veranstaltungen im Villaggio Orizzonte\" \/>\n<meta property=\"og:url\" content=\"https:\/\/www.villaggioorizzonte.it\/de\/team-building-in-der-toskana.html\" \/>\n<meta property=\"og:site_name\" content=\"Villaggio Orizzonte\" \/>\n<meta property=\"article:modified_time\" content=\"2025-01-24T10:48:20+00:00\" \/>\n<meta name=\"twitter:card\" content=\"summary_large_image\" \/>\n<script type=\"application\/ld+json\" class=\"yoast-schema-graph\">{\"@context\":\"https:\/\/schema.org\",\"@graph\":[{\"@type\":\"WebPage\",\"@id\":\"https:\/\/www.villaggioorizzonte.it\/de\/team-building-in-der-toskana.html\",\"url\":\"https:\/\/www.villaggioorizzonte.it\/de\/team-building-in-der-toskana.html\",\"name\":\"Struktur f\u00fcr die Team building in der Toskana - Villaggio Orizzonte\",\"isPartOf\":{\"@id\":\"https:\/\/www.villaggioorizzonte.it\/de\/#website\"},\"datePublished\":\"2019-09-02T09:58:45+00:00\",\"dateModified\":\"2025-01-24T10:48:20+00:00\",\"description\":\"Die Toskana ist in der Lage, Kontexte anzubieten, die perfekt zur Schaffung eines Teambuildings passen. Organisieren Sie Veranstaltungen im Villaggio Orizzonte\",\"breadcrumb\":{\"@id\":\"https:\/\/www.villaggioorizzonte.it\/de\/team-building-in-der-toskana.html#breadcrumb\"},\"inLanguage\":\"de\",\"potentialAction\":[{\"@type\":\"ReadAction\",\"target\":[\"https:\/\/www.villaggioorizzonte.it\/de\/team-building-in-der-toskana.html\"]}]},{\"@type\":\"BreadcrumbList\",\"@id\":\"https:\/\/www.villaggioorizzonte.it\/de\/team-building-in-der-toskana.html#breadcrumb\",\"itemListElement\":[{\"@type\":\"ListItem\",\"position\":1,\"name\":\"Home\",\"item\":\"https:\/\/www.villaggioorizzonte.it\/de\/\"},{\"@type\":\"ListItem\",\"position\":2,\"name\":\"Team Building\"}]},{\"@type\":\"WebSite\",\"@id\":\"https:\/\/www.villaggioorizzonte.it\/de\/#website\",\"url\":\"https:\/\/www.villaggioorizzonte.it\/de\/\",\"name\":\"Villaggio Orizzonte\",\"description\":\"Villaggio Turistico\",\"potentialAction\":[{\"@type\":\"SearchAction\",\"target\":{\"@type\":\"EntryPoint\",\"urlTemplate\":\"https:\/\/www.villaggioorizzonte.it\/de\/?s={search_term_string}\"},\"query-input\":{\"@type\":\"PropertyValueSpecification\",\"valueRequired\":true,\"valueName\":\"search_term_string\"}}],\"inLanguage\":\"de\"}]}<\/script>\n<!-- \/ Yoast SEO plugin. -->","yoast_head_json":{"title":"Struktur f\u00fcr die Team building in der Toskana - Villaggio Orizzonte","description":"Die Toskana ist in der Lage, Kontexte anzubieten, die perfekt zur Schaffung eines Teambuildings passen. Organisieren Sie Veranstaltungen im Villaggio Orizzonte","robots":{"index":"index","follow":"follow","max-snippet":"max-snippet:-1","max-image-preview":"max-image-preview:large","max-video-preview":"max-video-preview:-1"},"canonical":"https:\/\/www.villaggioorizzonte.it\/de\/team-building-in-der-toskana.html","og_locale":"de_DE","og_type":"article","og_title":"Struktur f\u00fcr die Team building in der Toskana - Villaggio Orizzonte","og_description":"Die Toskana ist in der Lage, Kontexte anzubieten, die perfekt zur Schaffung eines Teambuildings passen. Organisieren Sie Veranstaltungen im Villaggio Orizzonte","og_url":"https:\/\/www.villaggioorizzonte.it\/de\/team-building-in-der-toskana.html","og_site_name":"Villaggio Orizzonte","article_modified_time":"2025-01-24T10:48:20+00:00","twitter_card":"summary_large_image","schema":{"@context":"https:\/\/schema.org","@graph":[{"@type":"WebPage","@id":"https:\/\/www.villaggioorizzonte.it\/de\/team-building-in-der-toskana.html","url":"https:\/\/www.villaggioorizzonte.it\/de\/team-building-in-der-toskana.html","name":"Struktur f\u00fcr die Team building in der Toskana - Villaggio Orizzonte","isPartOf":{"@id":"https:\/\/www.villaggioorizzonte.it\/de\/#website"},"datePublished":"2019-09-02T09:58:45+00:00","dateModified":"2025-01-24T10:48:20+00:00","description":"Die Toskana ist in der Lage, Kontexte anzubieten, die perfekt zur Schaffung eines Teambuildings passen. Organisieren Sie Veranstaltungen im Villaggio Orizzonte","breadcrumb":{"@id":"https:\/\/www.villaggioorizzonte.it\/de\/team-building-in-der-toskana.html#breadcrumb"},"inLanguage":"de","potentialAction":[{"@type":"ReadAction","target":["https:\/\/www.villaggioorizzonte.it\/de\/team-building-in-der-toskana.html"]}]},{"@type":"BreadcrumbList","@id":"https:\/\/www.villaggioorizzonte.it\/de\/team-building-in-der-toskana.html#breadcrumb","itemListElement":[{"@type":"ListItem","position":1,"name":"Home","item":"https:\/\/www.villaggioorizzonte.it\/de\/"},{"@type":"ListItem","position":2,"name":"Team Building"}]},{"@type":"WebSite","@id":"https:\/\/www.villaggioorizzonte.it\/de\/#website","url":"https:\/\/www.villaggioorizzonte.it\/de\/","name":"Villaggio Orizzonte","description":"Villaggio Turistico","potentialAction":[{"@type":"SearchAction","target":{"@type":"EntryPoint","urlTemplate":"https:\/\/www.villaggioorizzonte.it\/de\/?s={search_term_string}"},"query-input":{"@type":"PropertyValueSpecification","valueRequired":true,"valueName":"search_term_string"}}],"inLanguage":"de"}]}},"_links":{"self":[{"href":"https:\/\/www.villaggioorizzonte.it\/de\/wp-json\/wp\/v2\/pages\/8352","targetHints":{"allow":["GET"]}}],"collection":[{"href":"https:\/\/www.villaggioorizzonte.it\/de\/wp-json\/wp\/v2\/pages"}],"about":[{"href":"https:\/\/www.villaggioorizzonte.it\/de\/wp-json\/wp\/v2\/types\/page"}],"author":[{"embeddable":true,"href":"https:\/\/www.villaggioorizzonte.it\/de\/wp-json\/wp\/v2\/users\/7"}],"replies":[{"embeddable":true,"href":"https:\/\/www.villaggioorizzonte.it\/de\/wp-json\/wp\/v2\/comments?post=8352"}],"version-history":[{"count":2,"href":"https:\/\/www.villaggioorizzonte.it\/de\/wp-json\/wp\/v2\/pages\/8352\/revisions"}],"predecessor-version":[{"id":289996,"href":"https:\/\/www.villaggioorizzonte.it\/de\/wp-json\/wp\/v2\/pages\/8352\/revisions\/289996"}],"wp:attachment":[{"href":"https:\/\/www.villaggioorizzonte.it\/de\/wp-json\/wp\/v2\/media?parent=8352"}],"curies":[{"name":"wp","href":"https:\/\/api.w.org\/{rel}","templated":true}]}}