{"id":8349,"date":"2019-09-02T11:58:45","date_gmt":"2019-09-02T09:58:45","guid":{"rendered":"https:\/\/b6.aerostatonet.it\/ritiri-sportivi-toscana.html"},"modified":"2022-10-05T16:55:35","modified_gmt":"2022-10-05T14:55:35","slug":"sportstaetten-toskana","status":"publish","type":"page","link":"https:\/\/www.villaggioorizzonte.it\/de\/sportstaetten-toskana.html","title":{"rendered":"Sportst\u00e4tten"},"content":{"rendered":"<p>[et_pb_section fb_built=&#8220;1&#8243; admin_label=&#8220;Testata&#8220; _builder_version=&#8220;4.16&#8243; _module_preset=&#8220;default&#8220; custom_margin=&#8220;0px|0px|0px||false|false&#8220; custom_padding=&#8220;0px|0px|0px|0px|false|false&#8220; saved_tabs=&#8220;all&#8220; locked=&#8220;off&#8220; collapsed=&#8220;off&#8220; global_colors_info=&#8220;{}&#8220; da_is_popup=&#8220;off&#8220; da_exit_intent=&#8220;off&#8220; da_has_close=&#8220;on&#8220; da_alt_close=&#8220;off&#8220; da_dark_close=&#8220;off&#8220; da_not_modal=&#8220;on&#8220; da_is_singular=&#8220;off&#8220; da_with_loader=&#8220;off&#8220; da_has_shadow=&#8220;on&#8220; da_disable_devices=&#8220;off|off|off&#8220;][et_pb_row use_custom_gutter=&#8220;on&#8220; gutter_width=&#8220;1&#8243; admin_label=&#8220;Sfondo immagine&#8220; module_class=&#8220;testata&#8220; _builder_version=&#8220;4.16&#8243; _module_preset=&#8220;default&#8220; background_color=&#8220;RGBA(255,255,255,0)&#8220; background_enable_image=&#8220;off&#8220; width=&#8220;100%&#8220; max_width=&#8220;100%&#8220; module_alignment=&#8220;center&#8220; height=&#8220;88vh&#8220; overflow-x=&#8220;hidden&#8220; overflow-y=&#8220;hidden&#8220; locked=&#8220;off&#8220; collapsed=&#8220;on&#8220; global_colors_info=&#8220;{}&#8220; custom_css_main_element_last_edited=&#8220;on|phone&#8220; custom_css_main_element_phone=&#8220;max-height: 550px!important;&#8220;][et_pb_column type=&#8220;4_4&#8243; _builder_version=&#8220;4.16&#8243; _module_preset=&#8220;default&#8220; global_colors_info=&#8220;{}&#8220;][et_pb_image src=&#8220;https:\/\/www.villaggioorizzonte.it\/wp-content\/uploads\/2019\/12\/ritiri-sportivi.jpg&#8220; alt=&#8220;Struttura per ritiri sportivi&#8220; title_text=&#8220;Struttura per ritiri sportivi&#8220; force_fullwidth=&#8220;on&#8220; _builder_version=&#8220;4.16&#8243; _module_preset=&#8220;default&#8220; saved_tabs=&#8220;all&#8220; global_colors_info=&#8220;{}&#8220;][\/et_pb_image][\/et_pb_column][\/et_pb_row][et_pb_row column_structure=&#8220;2_5,3_5&#8243; use_custom_gutter=&#8220;on&#8220; gutter_width=&#8220;1&#8243; make_equal=&#8220;on&#8220; admin_label=&#8220;Titolo&#8220; _builder_version=&#8220;4.16&#8243; _module_preset=&#8220;default&#8220; background_color=&#8220;RGBA(255,255,255,0)&#8220; width=&#8220;100%&#8220; max_width=&#8220;100%&#8220; module_alignment=&#8220;left&#8220; custom_margin=&#8220;-163px||||false|false&#8220; custom_margin_tablet=&#8220;-163px||||false|false&#8220; custom_margin_phone=&#8220;-124px||||false|false&#8220; custom_margin_last_edited=&#8220;on|phone&#8220; custom_padding=&#8220;||||true|false&#8220; collapsed=&#8220;off&#8220; global_colors_info=&#8220;{}&#8220;][et_pb_column type=&#8220;2_5&#8243; disabled_on=&#8220;off|off|off&#8220; _builder_version=&#8220;4.16&#8243; _module_preset=&#8220;default&#8220; global_colors_info=&#8220;{}&#8220; custom_css_main_element_last_edited=&#8220;on|phone&#8220; custom_css_main_element_phone=&#8220;width:30px!important;||display:block!important;&#8220;][\/et_pb_column][et_pb_column type=&#8220;3_5&#8243; _builder_version=&#8220;4.16&#8243; _module_preset=&#8220;default&#8220; background_color=&#8220;#FFFFFF&#8220; custom_padding=&#8220;25px||25px|30px|true|false&#8220; custom_padding_tablet=&#8220;25px||25px|30px|true|false&#8220; custom_padding_phone=&#8220;||5px|20px|false|false&#8220; custom_padding_last_edited=&#8220;on|phone&#8220; global_colors_info=&#8220;{}&#8220; custom_css_main_element_last_edited=&#8220;on|phone&#8220; custom_css_main_element_phone=&#8220;width: calc(100% &#8211; 30px)!important;&#8220;][et_pb_text admin_label=&#8220;Testo&#8220; _builder_version=&#8220;4.18.0&#8243; _module_preset=&#8220;default&#8220; background_color=&#8220;RGBA(255,255,255,0)&#8220; hover_enabled=&#8220;0&#8243; saved_tabs=&#8220;all&#8220; global_colors_info=&#8220;{}&#8220; sticky_enabled=&#8220;0&#8243;]<\/p>\n<h1 class=\"h1app\">Einrichtungen f\u00fcr Sportst\u00e4tten in der Toskana<\/h1>\n<p>[\/et_pb_text][\/et_pb_column][\/et_pb_row][\/et_pb_section][et_pb_section fb_built=&#8220;1&#8243; admin_label=&#8220;Intro&#8220; _builder_version=&#8220;4.16&#8243; _module_preset=&#8220;default&#8220; collapsed=&#8220;on&#8220; global_colors_info=&#8220;{}&#8220; da_is_popup=&#8220;off&#8220; da_exit_intent=&#8220;off&#8220; da_has_close=&#8220;on&#8220; da_alt_close=&#8220;off&#8220; da_dark_close=&#8220;off&#8220; da_not_modal=&#8220;on&#8220; da_is_singular=&#8220;off&#8220; da_with_loader=&#8220;off&#8220; da_has_shadow=&#8220;on&#8220; da_disable_devices=&#8220;off|off|off&#8220;][et_pb_row _builder_version=&#8220;4.16&#8243; _module_preset=&#8220;default&#8220; collapsed=&#8220;on&#8220; global_colors_info=&#8220;{}&#8220;][et_pb_column type=&#8220;4_4&#8243; _builder_version=&#8220;4.16&#8243; _module_preset=&#8220;default&#8220; background_enable_color=&#8220;off&#8220; custom_padding=&#8220;||||true|false&#8220; global_colors_info=&#8220;{}&#8220;][et_pb_text _builder_version=&#8220;4.16&#8243; _module_preset=&#8220;default&#8220; global_colors_info=&#8220;{}&#8220;]<\/p>\n<p>Das<strong> Feriendorf Orizzonte<\/strong>, eingebettet in den gr\u00fcnen und charakteristischen Pinienwald der Etruskischen K\u00fcste im Herzen des Golfs von Follonica, zieht seit vielen Jahren Touristen verschiedener Nationalit\u00e4ten an, die sich nicht nur f\u00fcr einen Familientourismus interessieren, sondern auch f\u00fcr den Tourismus, der eine Struktur R\u00fcckzugsorte f\u00fcr Sportler in der Toskana sucht.<\/p>\n<p>Das Village befindet sich in einer herrlichen Lage, dank derer Sie Momente puren Spa\u00dfes erleben und gleichzeitig die Gelegenheit nutzen k\u00f6nnen, Ihren Lieblingssport in der <strong>Toskana<\/strong> auszu\u00fcben. Wenn Sie einen sportlichen Geist haben, sollten Sie wissen, dass die Maremma dank der Vielfalt der Landschaften, die sie ihren Touristen bietet, ein wahres Paradies f\u00fcr Sportler ist. Sie zeichnet sich durch eindrucksvolle Landschaften und besonders g\u00fcnstige Temperaturen in jeder Jahresperiode der Maremma aus.<\/p>\n<p>Die <strong>Etruskische K\u00fcste<\/strong> mit ihrer intensiven und gr\u00fcnen Natur und zahlreichen Str\u00e4nden ist das ideale Ziel f\u00fcr Outdoor-<strong>Sportatten<\/strong> in der Toskana. Viele bieten in diesem Umfeld die M\u00f6glichkeit, den Sport dynamisch im Wasser, zu Fu\u00df oder auf zwei R\u00e4dern zu erleben.<\/p>\n<p>[\/et_pb_text][\/et_pb_column][\/et_pb_row][\/et_pb_section][et_pb_section fb_built=&#8220;1&#8243; admin_label=&#8220;Contenuto&#8220; _builder_version=&#8220;4.16&#8243; _module_preset=&#8220;default&#8220; collapsed=&#8220;off&#8220; global_colors_info=&#8220;{}&#8220; da_is_popup=&#8220;off&#8220; da_exit_intent=&#8220;off&#8220; da_has_close=&#8220;on&#8220; da_alt_close=&#8220;off&#8220; da_dark_close=&#8220;off&#8220; da_not_modal=&#8220;on&#8220; da_is_singular=&#8220;off&#8220; da_with_loader=&#8220;off&#8220; da_has_shadow=&#8220;on&#8220; da_disable_devices=&#8220;off|off|off&#8220;][et_pb_row _builder_version=&#8220;4.16&#8243; _module_preset=&#8220;default&#8220; collapsed=&#8220;on&#8220; global_colors_info=&#8220;{}&#8220;][et_pb_column type=&#8220;4_4&#8243; _builder_version=&#8220;4.16&#8243; _module_preset=&#8220;default&#8220; global_colors_info=&#8220;{}&#8220;][et_pb_image src=&#8220;https:\/\/www.villaggioorizzonte.it\/wp-content\/uploads\/2019\/12\/gruppi-sportivi.jpg&#8220; alt=&#8220;Gruppi sportivi&#8220; title_text=&#8220;Gruppi sportivi&#8220; _builder_version=&#8220;4.16&#8243; _module_preset=&#8220;default&#8220; global_colors_info=&#8220;{}&#8220;][\/et_pb_image][\/et_pb_column][\/et_pb_row][et_pb_row column_structure=&#8220;1_3,1_3,1_3&#8243; _builder_version=&#8220;4.16&#8243; _module_preset=&#8220;default&#8220; collapsed=&#8220;off&#8220; global_colors_info=&#8220;{}&#8220;][et_pb_column type=&#8220;1_3&#8243; _builder_version=&#8220;4.16&#8243; _module_preset=&#8220;default&#8220; global_colors_info=&#8220;{}&#8220;][et_pb_text _builder_version=&#8220;4.16&#8243; _module_preset=&#8220;default&#8220; global_colors_info=&#8220;{}&#8220;]<\/p>\n<h4 class=\"h4pag\">Im Feriendorf<\/h4>\n<p>Diejenigen, die andere Sportarten aus\u00fcben m\u00f6chten, haben die M\u00f6glichkeit, dies direkt im Orizzonte Village zu tun, einem toskanischen Sportzentrum, das f\u00fcr Aktivit\u00e4ten wie Tennis, Beachvolleyball und Beach Soccer ausgestattet ist. Den Touristen stehen auch zwei halbolympische Schwimmb\u00e4der im Dorf zur Verf\u00fcgung.\n<\/p>\n<p>[\/et_pb_text][\/et_pb_column][et_pb_column type=&#8220;1_3&#8243; _builder_version=&#8220;4.16&#8243; _module_preset=&#8220;default&#8220; global_colors_info=&#8220;{}&#8220;][et_pb_text _builder_version=&#8220;4.16&#8243; _module_preset=&#8220;default&#8220; global_colors_info=&#8220;{}&#8220;]<\/p>\n<h4 class=\"h4pag\">Workouts im Wassersport<\/h4>\n<p>Das Meer ist mit dem Fahrrad oder mit dem Zug vom Fereindorf Orizzonte aus leicht zu erreichen. Die Str\u00e4nde der etruskischen K\u00fcste sind gr\u00f6\u00dftenteils frei und sehr n\u00fctzlich, um intensives Schwimmtraining zwischen klarem Wasser und goldenem Sand zu erm\u00f6glichen. Es gibt viele ideale Punkte zum Windsurfen, die dank der optimalen Wind- und Wellenbedingungen den Fans dieser Sportart die M\u00f6glichkeit geben, die gew\u00fcnschte Wellengr\u00f6\u00dfe zu genie\u00dfen, um aufregende Wasserentwicklungen zu realisieren.<\/p>\n<p>[\/et_pb_text][\/et_pb_column][et_pb_column type=&#8220;1_3&#8243; _builder_version=&#8220;4.16&#8243; _module_preset=&#8220;default&#8220; global_colors_info=&#8220;{}&#8220;][et_pb_text _builder_version=&#8220;4.16&#8243; _module_preset=&#8220;default&#8220; global_colors_info=&#8220;{}&#8220;]<\/p>\n<h4 class=\"h4pag\">Spannende Routen in der lebhaften toskanischen Vegetation<\/h4>\n<p>Trekking- und Wanderfreunde k\u00f6nnen mehrere Routen genie\u00dfen, die sich durch nat\u00fcrliche Landschaften aus H\u00fcgeln und W\u00e4ldern schl\u00e4ngeln. Sogar diejenigen, die Laufen \u00fcben, haben zu jeder Jahreszeit die M\u00f6glichkeit, Trails in den St\u00e4dten Piombino, San Vincenzo und Campiglia Marittima zu erleben.<br \/>\nAuch im Hinterland k\u00f6nnen Sie aufregende Routen erleben, die dank der bezaubernden Gassen der reichen D\u00f6rfer wie Suvereto und Sassetta, Orte, die von den antiken Zeugnissen der etruskischen Zivilisation gepr\u00e4gt sind, verwirklicht werden.<\/p>\n<p>[\/et_pb_text][\/et_pb_column][\/et_pb_row][\/et_pb_section]<\/p>\n","protected":false},"excerpt":{"rendered":"<p>Einrichtungen f\u00fcr Sportst\u00e4tten in der ToskanaDas Feriendorf Orizzonte, eingebettet in den gr\u00fcnen und charakteristischen Pinienwald der Etruskischen K\u00fcste im Herzen des Golfs von Follonica, zieht seit vielen Jahren Touristen verschiedener Nationalit\u00e4ten an, die sich nicht nur f\u00fcr einen Familientourismus interessieren, sondern auch f\u00fcr den Tourismus, der eine Struktur R\u00fcckzugsorte f\u00fcr Sportler in der Toskana sucht. [&hellip;]<\/p>\n","protected":false},"author":7,"featured_media":0,"parent":0,"menu_order":56,"comment_status":"closed","ping_status":"closed","template":"","meta":{"_et_pb_use_builder":"on","_et_pb_old_content":"","_et_gb_content_width":"","ngg_post_thumbnail":0,"footnotes":""},"class_list":["post-8349","page","type-page","status-publish","hentry"],"yoast_head":"<!-- This site is optimized with the Yoast SEO plugin v25.8 - https:\/\/yoast.com\/wordpress\/plugins\/seo\/ -->\n<title>Einrichtungen f\u00fcr Sportst\u00e4tten in der Toskana - Villaggio Orizzonte<\/title>\n<meta name=\"description\" content=\"Die Feriendorf Orizzonte bietet mit seinem halbolympischen Schwimmbad und vielem mehr einen idealen Ort f\u00fcr Sporturlaube in der Toskana, zum Beispiel f\u00fcr Wassersport.\" \/>\n<meta name=\"robots\" content=\"index, follow, max-snippet:-1, max-image-preview:large, max-video-preview:-1\" \/>\n<link rel=\"canonical\" href=\"https:\/\/www.villaggioorizzonte.it\/de\/sportstaetten-toskana.html\" \/>\n<meta property=\"og:locale\" content=\"de_DE\" \/>\n<meta property=\"og:type\" content=\"article\" \/>\n<meta property=\"og:title\" content=\"Einrichtungen f\u00fcr Sportst\u00e4tten in der Toskana - Villaggio Orizzonte\" \/>\n<meta property=\"og:description\" content=\"Die Feriendorf Orizzonte bietet mit seinem halbolympischen Schwimmbad und vielem mehr einen idealen Ort f\u00fcr Sporturlaube in der Toskana, zum Beispiel f\u00fcr Wassersport.\" \/>\n<meta property=\"og:url\" content=\"https:\/\/www.villaggioorizzonte.it\/de\/sportstaetten-toskana.html\" \/>\n<meta property=\"og:site_name\" content=\"Villaggio Orizzonte\" \/>\n<meta property=\"article:modified_time\" content=\"2022-10-05T14:55:35+00:00\" \/>\n<meta name=\"twitter:card\" content=\"summary_large_image\" \/>\n<script type=\"application\/ld+json\" class=\"yoast-schema-graph\">{\"@context\":\"https:\/\/schema.org\",\"@graph\":[{\"@type\":\"WebPage\",\"@id\":\"https:\/\/www.villaggioorizzonte.it\/de\/sportstaetten-toskana.html\",\"url\":\"https:\/\/www.villaggioorizzonte.it\/de\/sportstaetten-toskana.html\",\"name\":\"Einrichtungen f\u00fcr Sportst\u00e4tten in der Toskana - Villaggio Orizzonte\",\"isPartOf\":{\"@id\":\"https:\/\/www.villaggioorizzonte.it\/de\/#website\"},\"datePublished\":\"2019-09-02T09:58:45+00:00\",\"dateModified\":\"2022-10-05T14:55:35+00:00\",\"description\":\"Die Feriendorf Orizzonte bietet mit seinem halbolympischen Schwimmbad und vielem mehr einen idealen Ort f\u00fcr Sporturlaube in der Toskana, zum Beispiel f\u00fcr Wassersport.\",\"breadcrumb\":{\"@id\":\"https:\/\/www.villaggioorizzonte.it\/de\/sportstaetten-toskana.html#breadcrumb\"},\"inLanguage\":\"de\",\"potentialAction\":[{\"@type\":\"ReadAction\",\"target\":[\"https:\/\/www.villaggioorizzonte.it\/de\/sportstaetten-toskana.html\"]}]},{\"@type\":\"BreadcrumbList\",\"@id\":\"https:\/\/www.villaggioorizzonte.it\/de\/sportstaetten-toskana.html#breadcrumb\",\"itemListElement\":[{\"@type\":\"ListItem\",\"position\":1,\"name\":\"Home\",\"item\":\"https:\/\/www.villaggioorizzonte.it\/de\/\"},{\"@type\":\"ListItem\",\"position\":2,\"name\":\"Sportst\u00e4tten\"}]},{\"@type\":\"WebSite\",\"@id\":\"https:\/\/www.villaggioorizzonte.it\/de\/#website\",\"url\":\"https:\/\/www.villaggioorizzonte.it\/de\/\",\"name\":\"Villaggio Orizzonte\",\"description\":\"Villaggio Turistico\",\"potentialAction\":[{\"@type\":\"SearchAction\",\"target\":{\"@type\":\"EntryPoint\",\"urlTemplate\":\"https:\/\/www.villaggioorizzonte.it\/de\/?s={search_term_string}\"},\"query-input\":{\"@type\":\"PropertyValueSpecification\",\"valueRequired\":true,\"valueName\":\"search_term_string\"}}],\"inLanguage\":\"de\"}]}<\/script>\n<!-- \/ Yoast SEO plugin. -->","yoast_head_json":{"title":"Einrichtungen f\u00fcr Sportst\u00e4tten in der Toskana - Villaggio Orizzonte","description":"Die Feriendorf Orizzonte bietet mit seinem halbolympischen Schwimmbad und vielem mehr einen idealen Ort f\u00fcr Sporturlaube in der Toskana, zum Beispiel f\u00fcr Wassersport.","robots":{"index":"index","follow":"follow","max-snippet":"max-snippet:-1","max-image-preview":"max-image-preview:large","max-video-preview":"max-video-preview:-1"},"canonical":"https:\/\/www.villaggioorizzonte.it\/de\/sportstaetten-toskana.html","og_locale":"de_DE","og_type":"article","og_title":"Einrichtungen f\u00fcr Sportst\u00e4tten in der Toskana - Villaggio Orizzonte","og_description":"Die Feriendorf Orizzonte bietet mit seinem halbolympischen Schwimmbad und vielem mehr einen idealen Ort f\u00fcr Sporturlaube in der Toskana, zum Beispiel f\u00fcr Wassersport.","og_url":"https:\/\/www.villaggioorizzonte.it\/de\/sportstaetten-toskana.html","og_site_name":"Villaggio Orizzonte","article_modified_time":"2022-10-05T14:55:35+00:00","twitter_card":"summary_large_image","schema":{"@context":"https:\/\/schema.org","@graph":[{"@type":"WebPage","@id":"https:\/\/www.villaggioorizzonte.it\/de\/sportstaetten-toskana.html","url":"https:\/\/www.villaggioorizzonte.it\/de\/sportstaetten-toskana.html","name":"Einrichtungen f\u00fcr Sportst\u00e4tten in der Toskana - Villaggio Orizzonte","isPartOf":{"@id":"https:\/\/www.villaggioorizzonte.it\/de\/#website"},"datePublished":"2019-09-02T09:58:45+00:00","dateModified":"2022-10-05T14:55:35+00:00","description":"Die Feriendorf Orizzonte bietet mit seinem halbolympischen Schwimmbad und vielem mehr einen idealen Ort f\u00fcr Sporturlaube in der Toskana, zum Beispiel f\u00fcr Wassersport.","breadcrumb":{"@id":"https:\/\/www.villaggioorizzonte.it\/de\/sportstaetten-toskana.html#breadcrumb"},"inLanguage":"de","potentialAction":[{"@type":"ReadAction","target":["https:\/\/www.villaggioorizzonte.it\/de\/sportstaetten-toskana.html"]}]},{"@type":"BreadcrumbList","@id":"https:\/\/www.villaggioorizzonte.it\/de\/sportstaetten-toskana.html#breadcrumb","itemListElement":[{"@type":"ListItem","position":1,"name":"Home","item":"https:\/\/www.villaggioorizzonte.it\/de\/"},{"@type":"ListItem","position":2,"name":"Sportst\u00e4tten"}]},{"@type":"WebSite","@id":"https:\/\/www.villaggioorizzonte.it\/de\/#website","url":"https:\/\/www.villaggioorizzonte.it\/de\/","name":"Villaggio Orizzonte","description":"Villaggio Turistico","potentialAction":[{"@type":"SearchAction","target":{"@type":"EntryPoint","urlTemplate":"https:\/\/www.villaggioorizzonte.it\/de\/?s={search_term_string}"},"query-input":{"@type":"PropertyValueSpecification","valueRequired":true,"valueName":"search_term_string"}}],"inLanguage":"de"}]}},"_links":{"self":[{"href":"https:\/\/www.villaggioorizzonte.it\/de\/wp-json\/wp\/v2\/pages\/8349","targetHints":{"allow":["GET"]}}],"collection":[{"href":"https:\/\/www.villaggioorizzonte.it\/de\/wp-json\/wp\/v2\/pages"}],"about":[{"href":"https:\/\/www.villaggioorizzonte.it\/de\/wp-json\/wp\/v2\/types\/page"}],"author":[{"embeddable":true,"href":"https:\/\/www.villaggioorizzonte.it\/de\/wp-json\/wp\/v2\/users\/7"}],"replies":[{"embeddable":true,"href":"https:\/\/www.villaggioorizzonte.it\/de\/wp-json\/wp\/v2\/comments?post=8349"}],"version-history":[{"count":1,"href":"https:\/\/www.villaggioorizzonte.it\/de\/wp-json\/wp\/v2\/pages\/8349\/revisions"}],"predecessor-version":[{"id":282013,"href":"https:\/\/www.villaggioorizzonte.it\/de\/wp-json\/wp\/v2\/pages\/8349\/revisions\/282013"}],"wp:attachment":[{"href":"https:\/\/www.villaggioorizzonte.it\/de\/wp-json\/wp\/v2\/media?parent=8349"}],"curies":[{"name":"wp","href":"https:\/\/api.w.org\/{rel}","templated":true}]}}