{"id":8346,"date":"2019-09-02T11:58:45","date_gmt":"2019-09-02T09:58:45","guid":{"rendered":"https:\/\/b6.aerostatonet.it\/accoglienza-gite-in-pullman.html"},"modified":"2025-03-19T11:43:33","modified_gmt":"2025-03-19T10:43:33","slug":"rezeption-bustouren-toskana","status":"publish","type":"page","link":"https:\/\/www.villaggioorizzonte.it\/de\/rezeption-bustouren-toskana.html","title":{"rendered":"Bustouren"},"content":{"rendered":"<p>[et_pb_section fb_built=&#8220;1&#8243; admin_label=&#8220;Testata&#8220; _builder_version=&#8220;4.16&#8243; _module_preset=&#8220;default&#8220; custom_margin=&#8220;0px|0px|0px||false|false&#8220; custom_padding=&#8220;0px|0px|0px|0px|false|false&#8220; da_disable_devices=&#8220;off|off|off&#8220; saved_tabs=&#8220;all&#8220; locked=&#8220;off&#8220; collapsed=&#8220;on&#8220; global_colors_info=&#8220;{}&#8220; da_is_popup=&#8220;off&#8220; da_exit_intent=&#8220;off&#8220; da_has_close=&#8220;on&#8220; da_alt_close=&#8220;off&#8220; da_dark_close=&#8220;off&#8220; da_not_modal=&#8220;on&#8220; da_is_singular=&#8220;off&#8220; da_with_loader=&#8220;off&#8220; da_has_shadow=&#8220;on&#8220;][et_pb_row use_custom_gutter=&#8220;on&#8220; gutter_width=&#8220;1&#8243; admin_label=&#8220;Sfondo immagine&#8220; module_class=&#8220;testata&#8220; _builder_version=&#8220;4.16&#8243; _module_preset=&#8220;default&#8220; background_color=&#8220;RGBA(255,255,255,0)&#8220; background_enable_image=&#8220;off&#8220; width=&#8220;100%&#8220; max_width=&#8220;100%&#8220; module_alignment=&#8220;center&#8220; height=&#8220;88vh&#8220; overflow-x=&#8220;hidden&#8220; overflow-y=&#8220;hidden&#8220; locked=&#8220;off&#8220; collapsed=&#8220;on&#8220; global_colors_info=&#8220;{}&#8220; custom_css_main_element_last_edited=&#8220;on|phone&#8220; custom_css_main_element_phone=&#8220;max-height: 550px!important;&#8220;][et_pb_column type=&#8220;4_4&#8243; _builder_version=&#8220;4.16&#8243; _module_preset=&#8220;default&#8220; global_colors_info=&#8220;{}&#8220;][et_pb_image src=&#8220;https:\/\/www.villaggioorizzonte.it\/wp-content\/uploads\/2019\/12\/accoglienza-gite-in-pullman.jpeg&#8220; alt=&#8220;Accoglienza gite in pullman&#8220; title_text=&#8220;Accoglienza gite in pullman&#8220; force_fullwidth=&#8220;on&#8220; _builder_version=&#8220;4.16&#8243; _module_preset=&#8220;default&#8220; saved_tabs=&#8220;all&#8220; global_colors_info=&#8220;{}&#8220;][\/et_pb_image][\/et_pb_column][\/et_pb_row][et_pb_row column_structure=&#8220;2_5,3_5&#8243; use_custom_gutter=&#8220;on&#8220; gutter_width=&#8220;1&#8243; make_equal=&#8220;on&#8220; admin_label=&#8220;Titolo&#8220; _builder_version=&#8220;4.16&#8243; _module_preset=&#8220;default&#8220; background_color=&#8220;RGBA(255,255,255,0)&#8220; width=&#8220;100%&#8220; max_width=&#8220;100%&#8220; module_alignment=&#8220;left&#8220; custom_margin=&#8220;-163px||||false|false&#8220; custom_margin_tablet=&#8220;-163px||||false|false&#8220; custom_margin_phone=&#8220;-124px||||false|false&#8220; custom_margin_last_edited=&#8220;on|phone&#8220; custom_padding=&#8220;||||true|false&#8220; collapsed=&#8220;on&#8220; global_colors_info=&#8220;{}&#8220;][et_pb_column type=&#8220;2_5&#8243; disabled_on=&#8220;off|off|off&#8220; _builder_version=&#8220;4.16&#8243; _module_preset=&#8220;default&#8220; global_colors_info=&#8220;{}&#8220; custom_css_main_element_last_edited=&#8220;on|phone&#8220; custom_css_main_element_phone=&#8220;width:30px!important;||display:block!important;&#8220;][\/et_pb_column][et_pb_column type=&#8220;3_5&#8243; _builder_version=&#8220;4.16&#8243; _module_preset=&#8220;default&#8220; background_color=&#8220;#FFFFFF&#8220; custom_padding=&#8220;25px||25px|30px|true|false&#8220; custom_padding_tablet=&#8220;25px||25px|30px|true|false&#8220; custom_padding_phone=&#8220;||5px|20px|false|false&#8220; custom_padding_last_edited=&#8220;on|phone&#8220; global_colors_info=&#8220;{}&#8220; custom_css_main_element_last_edited=&#8220;on|phone&#8220; custom_css_main_element_phone=&#8220;width: calc(100% &#8211; 30px)!important;&#8220;][et_pb_text admin_label=&#8220;Testo&#8220; _builder_version=&#8220;4.16&#8243; _module_preset=&#8220;default&#8220; background_color=&#8220;RGBA(255,255,255,0)&#8220; saved_tabs=&#8220;all&#8220; global_colors_info=&#8220;{}&#8220;]<\/p>\n<h2 class=\"h1app\">Rezeption Bustouren<\/h2>\n<p>[\/et_pb_text][\/et_pb_column][\/et_pb_row][\/et_pb_section][et_pb_section fb_built=&#8220;1&#8243; admin_label=&#8220;Intro&#8220; _builder_version=&#8220;4.16&#8243; _module_preset=&#8220;default&#8220; da_disable_devices=&#8220;off|off|off&#8220; collapsed=&#8220;on&#8220; global_colors_info=&#8220;{}&#8220; da_is_popup=&#8220;off&#8220; da_exit_intent=&#8220;off&#8220; da_has_close=&#8220;on&#8220; da_alt_close=&#8220;off&#8220; da_dark_close=&#8220;off&#8220; da_not_modal=&#8220;on&#8220; da_is_singular=&#8220;off&#8220; da_with_loader=&#8220;off&#8220; da_has_shadow=&#8220;on&#8220;][et_pb_row _builder_version=&#8220;4.16&#8243; _module_preset=&#8220;default&#8220; collapsed=&#8220;on&#8220; global_colors_info=&#8220;{}&#8220;][et_pb_column type=&#8220;4_4&#8243; _builder_version=&#8220;4.16&#8243; _module_preset=&#8220;default&#8220; background_enable_color=&#8220;off&#8220; custom_padding=&#8220;||||true|false&#8220; global_colors_info=&#8220;{}&#8220;][et_pb_text _builder_version=&#8220;4.16&#8243; _module_preset=&#8220;default&#8220; global_colors_info=&#8220;{}&#8220;]<\/p>\n<p>Dank der Vielzahl an naturalistischen und kulturellen Attraktionen, erweist sich die etruskische K\u00fcste als ideales Ziel f\u00fcr <strong>Bustouren in die Toskana<\/strong>. In diesem reichen Gebiet gibt es zahlreiche arch\u00e4ologische, historische und kulturelle St\u00e4tten zu entdecken.<\/p>\n<p>Das zwischen Piombino und Follonica an der toskanischen K\u00fcste gelegene Orizzonte Village, ist dank seiner Unterkunftsarten und Restaurants, die sich ideal f\u00fcr Gruppenaufenthalte eignen, eine der am besten f\u00fcr Busreisen in die Toskana geeigneten Unterk\u00fcnfte. Das turistisches Dorf befindet sich in einer optimalen Position, um die Erkundung der Wunder entlang der etruskischen K\u00fcste zu beginnen.<\/p>\n<p>Einer der Orte, die man gesehen haben muss, ist der <strong>Golf von Baratti<\/strong>, eine Umgebung, die von Sand, klarem Wasser und Tumuli der etruskischen Zeit gepr\u00e4gt ist. Der Sand hat eine goldene und bernsteinfarbene Farbe aufgrund der Reste von Eisen aus den Werken der alten etruskischen Zivilisation. Eine \u00fcppige mediterrane Vegetation umgibt den Strand mit maritimen und einheimischen Kiefern in einem Kiefernwald.<\/p>\n<p>[\/et_pb_text][\/et_pb_column][\/et_pb_row][\/et_pb_section][et_pb_section fb_built=&#8220;1&#8243; admin_label=&#8220;Contenuto&#8220; _builder_version=&#8220;4.16&#8243; _module_preset=&#8220;default&#8220; da_disable_devices=&#8220;off|off|off&#8220; collapsed=&#8220;off&#8220; global_colors_info=&#8220;{}&#8220; da_is_popup=&#8220;off&#8220; da_exit_intent=&#8220;off&#8220; da_has_close=&#8220;on&#8220; da_alt_close=&#8220;off&#8220; da_dark_close=&#8220;off&#8220; da_not_modal=&#8220;on&#8220; da_is_singular=&#8220;off&#8220; da_with_loader=&#8220;off&#8220; da_has_shadow=&#8220;on&#8220;][et_pb_row _builder_version=&#8220;4.16&#8243; _module_preset=&#8220;default&#8220; collapsed=&#8220;on&#8220; global_colors_info=&#8220;{}&#8220;][et_pb_column type=&#8220;4_4&#8243; _builder_version=&#8220;4.16&#8243; _module_preset=&#8220;default&#8220; global_colors_info=&#8220;{}&#8220;][et_pb_image src=&#8220;https:\/\/www.villaggioorizzonte.it\/wp-content\/uploads\/2019\/12\/baratti.jpg&#8220; alt=&#8220;baratti&#8220; title_text=&#8220;baratti&#8220; _builder_version=&#8220;4.16&#8243; _module_preset=&#8220;default&#8220; global_colors_info=&#8220;{}&#8220;][\/et_pb_image][et_pb_text _builder_version=&#8220;4.16&#8243; _module_preset=&#8220;default&#8220; global_colors_info=&#8220;{}&#8220;]<\/p>\n<p>Das <strong>Val di Cornia<\/strong>, am s\u00fcdlichen Ende von Livorno gelegen, ist ein Gebiet von wirklich einzigartigen Gebieten, in denen die Touristen Erforschungs- und Arch\u00e4ologietagen genie\u00dfen k\u00f6nnen. Das Val di Cornia, die Wiege der etruskischen Zivilisation, bietet arch\u00e4ologische Schutzgebiete, Museen und ausger\u00fcstete Routen, die mit dem antiken Abbau und der Verarbeitung von Metallen verbunden sind.<\/p>\n<p>In dieser Umgebung k\u00f6nnen Sehensw\u00fcrdigkeiten wie das Museum f\u00fcr Bergbaumaschinen, in dem der Einsatz von Maschinen in den Bergwerken beschrieben wird, und das Bergbaumuseum, in dem antike Gegenst\u00e4nde des t\u00e4glichen Lebens aufbewahrt werden, die das Leben der Bergleute nachvollziehen k\u00f6nnen, besichtigt werden.<\/p>\n<p>W\u00e4hrend ihres Aufenthalts in der Toskana k\u00f6nnen Touristen die D\u00f6rfer des Val di Cornia wie Suvereto und Campiglia Marittima besuchen.<\/p>\n<p>[\/et_pb_text][\/et_pb_column][\/et_pb_row][et_pb_row column_structure=&#8220;1_2,1_2&#8243; _builder_version=&#8220;4.16&#8243; _module_preset=&#8220;default&#8220; collapsed=&#8220;off&#8220; global_colors_info=&#8220;{}&#8220;][et_pb_column type=&#8220;1_2&#8243; _builder_version=&#8220;4.16&#8243; _module_preset=&#8220;default&#8220; global_colors_info=&#8220;{}&#8220;][et_pb_image src=&#8220;https:\/\/www.villaggioorizzonte.it\/wp-content\/uploads\/2019\/10\/palazzo-comunale-suvereto.jpg&#8220; alt=&#8220;Palazzo Comunale Suvereto&#8220; title_text=&#8220;Palazzo Comunale Suvereto&#8220; _builder_version=&#8220;4.17.1&#8243; _module_preset=&#8220;default&#8220; global_colors_info=&#8220;{}&#8220;][\/et_pb_image][et_pb_text _builder_version=&#8220;4.21.0&#8243; _module_preset=&#8220;default&#8220; hover_enabled=&#8220;0&#8243; global_colors_info=&#8220;{}&#8220; sticky_enabled=&#8220;0&#8243;]<\/p>\n<p>In Suvereto k\u00f6nnen Sie die Kirche San Giusto bewundern, ein Beispiel f\u00fcr den rustikalen romanischen Stil von \u00e4u\u00dferster Einfachheit und au\u00dfergew\u00f6hnlicher Sch\u00f6nheit. Im Museum f\u00fcr sakrale Kunst der Stadt, das sich im Oratorium der Confraternita della Misericordia befindet, sind in den Vitrinen liturgische M\u00f6bel und antike Gegenst\u00e4nde wie Kandelaber, Kelche und B\u00fccher zu sehen.<\/p>\n<p>Ein wahrhaft lehrreicher und zugleich verspielter Ort im Dorf ist das K\u00fcnstlerische Puppenmuseum in der Magenta Strasse, in dem eine Vielzahl antiker Puppen aufbewahrt werden, von Pappmach\u00e9-Modellen bis zu Porzellanmodellen. Es ist zweifellos ein Ort, an dem man die Geschichte nachvollziehen kann, um die Ver\u00e4nderungen der Br\u00e4uche und Traditionen im Laufe der Jahrhunderte zu verstehen und zu w\u00fcrdigen.<\/p>\n<p>[\/et_pb_text][\/et_pb_column][et_pb_column type=&#8220;1_2&#8243; _builder_version=&#8220;4.16&#8243; _module_preset=&#8220;default&#8220; global_colors_info=&#8220;{}&#8220;][et_pb_image src=&#8220;https:\/\/www.villaggioorizzonte.it\/wp-content\/uploads\/2019\/10\/campiglia-marittima.jpg&#8220; alt=&#8220;campiglia marittima&#8220; title_text=&#8220;Campiglia Marittima&#8220; _builder_version=&#8220;4.17.1&#8243; _module_preset=&#8220;default&#8220; global_colors_info=&#8220;{}&#8220;][\/et_pb_image][et_pb_text _builder_version=&#8220;4.16&#8243; _module_preset=&#8220;default&#8220; global_colors_info=&#8220;{}&#8220;]<\/p>\n<p>Unter den charakteristischen mittelalterlichen D\u00f6rfern der Toskana sticht Campiglia Marittima hervor, eines der faszinierendsten L\u00e4nder der Region. Dieses reiche Dorf im s\u00fcdlichen Teil von Livorno zeichnet sich durch Steinh\u00e4user und Natur aus, die aus dem lebhaften mediterranen Buschwerk von Olivenb\u00e4umen und h\u00fcgeligen Landschaften bestehen. Im historischen Zentrum der Stadt befindet sich auf einem H\u00fcgel die Campigliafestung mit ihren antiken \u00dcberresten, die die mittelalterliche Geschichte des Dorfes erz\u00e4hlen.<\/p>\n<p>Dank des Angebots des Dorfes Orizzonte und der vielen Attraktionen der Region haben alle Touristen die M\u00f6glichkeit, unvergessliche Ausfl\u00fcge zu unternehmen.<\/p>\n<p>[\/et_pb_text][\/et_pb_column][\/et_pb_row][\/et_pb_section]<\/p>\n","protected":false},"excerpt":{"rendered":"<p>Rezeption BustourenDank der Vielzahl an naturalistischen und kulturellen Attraktionen, erweist sich die etruskische K\u00fcste als ideales Ziel f\u00fcr Bustouren in die Toskana. In diesem reichen Gebiet gibt es zahlreiche arch\u00e4ologische, historische und kulturelle St\u00e4tten zu entdecken. Das zwischen Piombino und Follonica an der toskanischen K\u00fcste gelegene Orizzonte Village, ist dank seiner Unterkunftsarten und Restaurants, die [&hellip;]<\/p>\n","protected":false},"author":7,"featured_media":0,"parent":0,"menu_order":57,"comment_status":"closed","ping_status":"closed","template":"","meta":{"_et_pb_use_builder":"on","_et_pb_old_content":"","_et_gb_content_width":"","ngg_post_thumbnail":0,"footnotes":""},"class_list":["post-8346","page","type-page","status-publish","hentry"],"yoast_head":"<!-- This site is optimized with the Yoast SEO plugin v25.8 - https:\/\/yoast.com\/wordpress\/plugins\/seo\/ -->\n<title>Rezeption Bustouren Toskana - Villaggio Orizzonte<\/title>\n<meta name=\"description\" content=\"Die Toskana ist mit ihren vielen Sehensw\u00fcrdigkeiten ein ideales Ziel f\u00fcr organisierte Bustouren. Im Villaggio Orizzonte k\u00f6nnen wir Gruppen w\u00e4hrend Busreisen in die Toskana begr\u00fc\u00dfen\" \/>\n<meta name=\"robots\" content=\"index, follow, max-snippet:-1, max-image-preview:large, max-video-preview:-1\" \/>\n<link rel=\"canonical\" href=\"https:\/\/www.villaggioorizzonte.it\/de\/rezeption-bustouren-toskana.html\" \/>\n<meta property=\"og:locale\" content=\"de_DE\" \/>\n<meta property=\"og:type\" content=\"article\" \/>\n<meta property=\"og:title\" content=\"Rezeption Bustouren Toskana - Villaggio Orizzonte\" \/>\n<meta property=\"og:description\" content=\"Die Toskana ist mit ihren vielen Sehensw\u00fcrdigkeiten ein ideales Ziel f\u00fcr organisierte Bustouren. Im Villaggio Orizzonte k\u00f6nnen wir Gruppen w\u00e4hrend Busreisen in die Toskana begr\u00fc\u00dfen\" \/>\n<meta property=\"og:url\" content=\"https:\/\/www.villaggioorizzonte.it\/de\/rezeption-bustouren-toskana.html\" \/>\n<meta property=\"og:site_name\" content=\"Villaggio Orizzonte\" \/>\n<meta property=\"article:modified_time\" content=\"2025-03-19T10:43:33+00:00\" \/>\n<meta name=\"twitter:card\" content=\"summary_large_image\" \/>\n<script type=\"application\/ld+json\" class=\"yoast-schema-graph\">{\"@context\":\"https:\/\/schema.org\",\"@graph\":[{\"@type\":\"WebPage\",\"@id\":\"https:\/\/www.villaggioorizzonte.it\/de\/rezeption-bustouren-toskana.html\",\"url\":\"https:\/\/www.villaggioorizzonte.it\/de\/rezeption-bustouren-toskana.html\",\"name\":\"Rezeption Bustouren Toskana - Villaggio Orizzonte\",\"isPartOf\":{\"@id\":\"https:\/\/www.villaggioorizzonte.it\/de\/#website\"},\"datePublished\":\"2019-09-02T09:58:45+00:00\",\"dateModified\":\"2025-03-19T10:43:33+00:00\",\"description\":\"Die Toskana ist mit ihren vielen Sehensw\u00fcrdigkeiten ein ideales Ziel f\u00fcr organisierte Bustouren. Im Villaggio Orizzonte k\u00f6nnen wir Gruppen w\u00e4hrend Busreisen in die Toskana begr\u00fc\u00dfen\",\"breadcrumb\":{\"@id\":\"https:\/\/www.villaggioorizzonte.it\/de\/rezeption-bustouren-toskana.html#breadcrumb\"},\"inLanguage\":\"de\",\"potentialAction\":[{\"@type\":\"ReadAction\",\"target\":[\"https:\/\/www.villaggioorizzonte.it\/de\/rezeption-bustouren-toskana.html\"]}]},{\"@type\":\"BreadcrumbList\",\"@id\":\"https:\/\/www.villaggioorizzonte.it\/de\/rezeption-bustouren-toskana.html#breadcrumb\",\"itemListElement\":[{\"@type\":\"ListItem\",\"position\":1,\"name\":\"Home\",\"item\":\"https:\/\/www.villaggioorizzonte.it\/de\/\"},{\"@type\":\"ListItem\",\"position\":2,\"name\":\"Bustouren\"}]},{\"@type\":\"WebSite\",\"@id\":\"https:\/\/www.villaggioorizzonte.it\/de\/#website\",\"url\":\"https:\/\/www.villaggioorizzonte.it\/de\/\",\"name\":\"Villaggio Orizzonte\",\"description\":\"Villaggio Turistico\",\"potentialAction\":[{\"@type\":\"SearchAction\",\"target\":{\"@type\":\"EntryPoint\",\"urlTemplate\":\"https:\/\/www.villaggioorizzonte.it\/de\/?s={search_term_string}\"},\"query-input\":{\"@type\":\"PropertyValueSpecification\",\"valueRequired\":true,\"valueName\":\"search_term_string\"}}],\"inLanguage\":\"de\"}]}<\/script>\n<!-- \/ Yoast SEO plugin. -->","yoast_head_json":{"title":"Rezeption Bustouren Toskana - Villaggio Orizzonte","description":"Die Toskana ist mit ihren vielen Sehensw\u00fcrdigkeiten ein ideales Ziel f\u00fcr organisierte Bustouren. Im Villaggio Orizzonte k\u00f6nnen wir Gruppen w\u00e4hrend Busreisen in die Toskana begr\u00fc\u00dfen","robots":{"index":"index","follow":"follow","max-snippet":"max-snippet:-1","max-image-preview":"max-image-preview:large","max-video-preview":"max-video-preview:-1"},"canonical":"https:\/\/www.villaggioorizzonte.it\/de\/rezeption-bustouren-toskana.html","og_locale":"de_DE","og_type":"article","og_title":"Rezeption Bustouren Toskana - Villaggio Orizzonte","og_description":"Die Toskana ist mit ihren vielen Sehensw\u00fcrdigkeiten ein ideales Ziel f\u00fcr organisierte Bustouren. Im Villaggio Orizzonte k\u00f6nnen wir Gruppen w\u00e4hrend Busreisen in die Toskana begr\u00fc\u00dfen","og_url":"https:\/\/www.villaggioorizzonte.it\/de\/rezeption-bustouren-toskana.html","og_site_name":"Villaggio Orizzonte","article_modified_time":"2025-03-19T10:43:33+00:00","twitter_card":"summary_large_image","schema":{"@context":"https:\/\/schema.org","@graph":[{"@type":"WebPage","@id":"https:\/\/www.villaggioorizzonte.it\/de\/rezeption-bustouren-toskana.html","url":"https:\/\/www.villaggioorizzonte.it\/de\/rezeption-bustouren-toskana.html","name":"Rezeption Bustouren Toskana - Villaggio Orizzonte","isPartOf":{"@id":"https:\/\/www.villaggioorizzonte.it\/de\/#website"},"datePublished":"2019-09-02T09:58:45+00:00","dateModified":"2025-03-19T10:43:33+00:00","description":"Die Toskana ist mit ihren vielen Sehensw\u00fcrdigkeiten ein ideales Ziel f\u00fcr organisierte Bustouren. Im Villaggio Orizzonte k\u00f6nnen wir Gruppen w\u00e4hrend Busreisen in die Toskana begr\u00fc\u00dfen","breadcrumb":{"@id":"https:\/\/www.villaggioorizzonte.it\/de\/rezeption-bustouren-toskana.html#breadcrumb"},"inLanguage":"de","potentialAction":[{"@type":"ReadAction","target":["https:\/\/www.villaggioorizzonte.it\/de\/rezeption-bustouren-toskana.html"]}]},{"@type":"BreadcrumbList","@id":"https:\/\/www.villaggioorizzonte.it\/de\/rezeption-bustouren-toskana.html#breadcrumb","itemListElement":[{"@type":"ListItem","position":1,"name":"Home","item":"https:\/\/www.villaggioorizzonte.it\/de\/"},{"@type":"ListItem","position":2,"name":"Bustouren"}]},{"@type":"WebSite","@id":"https:\/\/www.villaggioorizzonte.it\/de\/#website","url":"https:\/\/www.villaggioorizzonte.it\/de\/","name":"Villaggio Orizzonte","description":"Villaggio Turistico","potentialAction":[{"@type":"SearchAction","target":{"@type":"EntryPoint","urlTemplate":"https:\/\/www.villaggioorizzonte.it\/de\/?s={search_term_string}"},"query-input":{"@type":"PropertyValueSpecification","valueRequired":true,"valueName":"search_term_string"}}],"inLanguage":"de"}]}},"_links":{"self":[{"href":"https:\/\/www.villaggioorizzonte.it\/de\/wp-json\/wp\/v2\/pages\/8346","targetHints":{"allow":["GET"]}}],"collection":[{"href":"https:\/\/www.villaggioorizzonte.it\/de\/wp-json\/wp\/v2\/pages"}],"about":[{"href":"https:\/\/www.villaggioorizzonte.it\/de\/wp-json\/wp\/v2\/types\/page"}],"author":[{"embeddable":true,"href":"https:\/\/www.villaggioorizzonte.it\/de\/wp-json\/wp\/v2\/users\/7"}],"replies":[{"embeddable":true,"href":"https:\/\/www.villaggioorizzonte.it\/de\/wp-json\/wp\/v2\/comments?post=8346"}],"version-history":[{"count":1,"href":"https:\/\/www.villaggioorizzonte.it\/de\/wp-json\/wp\/v2\/pages\/8346\/revisions"}],"predecessor-version":[{"id":290217,"href":"https:\/\/www.villaggioorizzonte.it\/de\/wp-json\/wp\/v2\/pages\/8346\/revisions\/290217"}],"wp:attachment":[{"href":"https:\/\/www.villaggioorizzonte.it\/de\/wp-json\/wp\/v2\/media?parent=8346"}],"curies":[{"name":"wp","href":"https:\/\/api.w.org\/{rel}","templated":true}]}}