{"id":7134,"date":"2019-09-02T11:58:45","date_gmt":"2019-09-02T09:58:45","guid":{"rendered":"https:\/\/b6.aerostatonet.it\/gite-scolastiche-toscana.html"},"modified":"2024-01-10T21:54:40","modified_gmt":"2024-01-10T20:54:40","slug":"klassenfahrten-toskana","status":"publish","type":"page","link":"https:\/\/www.villaggioorizzonte.it\/de\/klassenfahrten-toskana.html","title":{"rendered":"Klassenfahrten"},"content":{"rendered":"<p>[et_pb_section fb_built=&#8220;1&#8243; admin_label=&#8220;Testata&#8220; _builder_version=&#8220;4.16&#8243; _module_preset=&#8220;default&#8220; custom_margin=&#8220;0px|0px|0px||false|false&#8220; custom_padding=&#8220;0px|0px|0px|0px|false|false&#8220; da_disable_devices=&#8220;off|off|off&#8220; saved_tabs=&#8220;all&#8220; locked=&#8220;off&#8220; collapsed=&#8220;off&#8220; global_colors_info=&#8220;{}&#8220; da_is_popup=&#8220;off&#8220; da_exit_intent=&#8220;off&#8220; da_has_close=&#8220;on&#8220; da_alt_close=&#8220;off&#8220; da_dark_close=&#8220;off&#8220; da_not_modal=&#8220;on&#8220; da_is_singular=&#8220;off&#8220; da_with_loader=&#8220;off&#8220; da_has_shadow=&#8220;on&#8220;][et_pb_row use_custom_gutter=&#8220;on&#8220; gutter_width=&#8220;1&#8243; admin_label=&#8220;Sfondo immagine&#8220; module_class=&#8220;testata&#8220; _builder_version=&#8220;4.16&#8243; _module_preset=&#8220;default&#8220; background_color=&#8220;RGBA(255,255,255,0)&#8220; background_enable_image=&#8220;off&#8220; width=&#8220;100%&#8220; max_width=&#8220;100%&#8220; module_alignment=&#8220;center&#8220; height=&#8220;88vh&#8220; overflow-x=&#8220;hidden&#8220; overflow-y=&#8220;hidden&#8220; locked=&#8220;off&#8220; collapsed=&#8220;on&#8220; global_colors_info=&#8220;{}&#8220; custom_css_main_element_last_edited=&#8220;on|phone&#8220; custom_css_main_element_phone=&#8220;max-height: 550px!important;&#8220;][et_pb_column type=&#8220;4_4&#8243; _builder_version=&#8220;4.16&#8243; _module_preset=&#8220;default&#8220; global_colors_info=&#8220;{}&#8220;][et_pb_image src=&#8220;https:\/\/www.villaggioorizzonte.it\/wp-content\/uploads\/2019\/12\/gite-scolastiche-toscana.jpg&#8220; alt=&#8220;Gite scolastiche Toscana&#8220; title_text=&#8220;Gite scolastiche Toscana&#8220; force_fullwidth=&#8220;on&#8220; _builder_version=&#8220;4.16&#8243; _module_preset=&#8220;default&#8220; saved_tabs=&#8220;all&#8220; global_colors_info=&#8220;{}&#8220;][\/et_pb_image][\/et_pb_column][\/et_pb_row][et_pb_row column_structure=&#8220;2_5,3_5&#8243; use_custom_gutter=&#8220;on&#8220; gutter_width=&#8220;1&#8243; make_equal=&#8220;on&#8220; admin_label=&#8220;Titolo&#8220; _builder_version=&#8220;4.16&#8243; _module_preset=&#8220;default&#8220; background_color=&#8220;RGBA(255,255,255,0)&#8220; width=&#8220;100%&#8220; max_width=&#8220;100%&#8220; module_alignment=&#8220;left&#8220; custom_margin=&#8220;-163px||||false|false&#8220; custom_margin_tablet=&#8220;-163px||||false|false&#8220; custom_margin_phone=&#8220;-124px||||false|false&#8220; custom_margin_last_edited=&#8220;on|phone&#8220; custom_padding=&#8220;||||true|false&#8220; collapsed=&#8220;off&#8220; global_colors_info=&#8220;{}&#8220;][et_pb_column type=&#8220;2_5&#8243; disabled_on=&#8220;off|off|off&#8220; _builder_version=&#8220;4.16&#8243; _module_preset=&#8220;default&#8220; global_colors_info=&#8220;{}&#8220; custom_css_main_element_last_edited=&#8220;on|phone&#8220; custom_css_main_element_phone=&#8220;width:30px!important;||display:block!important;&#8220;][\/et_pb_column][et_pb_column type=&#8220;3_5&#8243; _builder_version=&#8220;4.16&#8243; _module_preset=&#8220;default&#8220; background_color=&#8220;#FFFFFF&#8220; custom_padding=&#8220;25px||25px|30px|true|false&#8220; custom_padding_tablet=&#8220;25px||25px|30px|true|false&#8220; custom_padding_phone=&#8220;||5px|20px|false|false&#8220; custom_padding_last_edited=&#8220;on|phone&#8220; global_colors_info=&#8220;{}&#8220; custom_css_main_element_last_edited=&#8220;on|phone&#8220; custom_css_main_element_phone=&#8220;width: calc(100% &#8211; 30px)!important;&#8220;][et_pb_text admin_label=&#8220;Testo&#8220; _builder_version=&#8220;4.18.0&#8243; _module_preset=&#8220;default&#8220; background_color=&#8220;RGBA(255,255,255,0)&#8220; saved_tabs=&#8220;all&#8220; global_colors_info=&#8220;{}&#8220;]<\/p>\n<h1 class=\"h1app\">Toskana Klassenfahrten<\/h1>\n<p>[\/et_pb_text][\/et_pb_column][\/et_pb_row][\/et_pb_section][et_pb_section fb_built=&#8220;1&#8243; admin_label=&#8220;Intro&#8220; _builder_version=&#8220;4.16&#8243; _module_preset=&#8220;default&#8220; da_disable_devices=&#8220;off|off|off&#8220; collapsed=&#8220;off&#8220; global_colors_info=&#8220;{}&#8220; da_is_popup=&#8220;off&#8220; da_exit_intent=&#8220;off&#8220; da_has_close=&#8220;on&#8220; da_alt_close=&#8220;off&#8220; da_dark_close=&#8220;off&#8220; da_not_modal=&#8220;on&#8220; da_is_singular=&#8220;off&#8220; da_with_loader=&#8220;off&#8220; da_has_shadow=&#8220;on&#8220;][et_pb_row _builder_version=&#8220;4.16&#8243; _module_preset=&#8220;default&#8220; collapsed=&#8220;off&#8220; global_colors_info=&#8220;{}&#8220;][et_pb_column type=&#8220;4_4&#8243; _builder_version=&#8220;4.16&#8243; _module_preset=&#8220;default&#8220; background_enable_color=&#8220;off&#8220; custom_padding=&#8220;||||true|false&#8220; global_colors_info=&#8220;{}&#8220;][et_pb_text _builder_version=&#8220;4.16&#8243; _module_preset=&#8220;default&#8220; global_colors_info=&#8220;{}&#8220;]<\/p>\n<p><em>Eingebettet in die \u00fcppige mediterrane Vegetation ist die Toskana ein Freilichtmuseum, in dem Sie in Parks, Museen und Naturschutzgebieten naturalistische und arch\u00e4ologische Routen genie\u00dfen k\u00f6nnen.<\/em><\/p>\n<p>Das toskanische historische Erbe der <strong>etruskischen K\u00fcste<\/strong> zeigt sich in den <strong>Val di Cornia Parks<\/strong>. Die zahlreichen Orte, die besucht werden k\u00f6nnen, werden durch p\u00e4dagogische Workshops und Animationen bereichert, die auf die spezifischen Bed\u00fcrfnisse der einzelnen Schulen zugeschnitten sind.<\/p>\n<p>Aufgrund der Vielzahl an Standorten an der etruskischen K\u00fcste eignet sich dieses Land besonders f\u00fcr die Durchf\u00fchrung von Toskana-Klassenfahrten. Ein Besuch an der etruskischen K\u00fcste kann tats\u00e4chlich verschiedene Bildungsziele erreichen. Dazu geh\u00f6ren:<\/p>\n<p>&nbsp;<\/p>\n<ul>\n<li><em>Verst\u00e4ndnis von Arbeitsprozessen,<\/em> die Rohstoffe beeinflussen, und deren Verwendung durch den Menschen in der Antike und in der Neuzeit<\/li>\n<li><em>Verst\u00e4ndnis der Werkzeuge und Methoden,<\/em> die f\u00fcr die wissenschaftliche Forschung in Bezug auf Disziplinen wie Geologie und Arch\u00e4ologie n\u00fctzlich sind<\/li>\n<li><em>Sensibilisierung<\/em> f\u00fcr den Schutz des historischen und arch\u00e4ologischen Erbes Italiens.<\/li>\n<\/ul>\n<p>[\/et_pb_text][\/et_pb_column][\/et_pb_row][\/et_pb_section][et_pb_section fb_built=&#8220;1&#8243; admin_label=&#8220;Contenuto&#8220; _builder_version=&#8220;4.16&#8243; _module_preset=&#8220;default&#8220; da_disable_devices=&#8220;off|off|off&#8220; collapsed=&#8220;off&#8220; global_colors_info=&#8220;{}&#8220; da_is_popup=&#8220;off&#8220; da_exit_intent=&#8220;off&#8220; da_has_close=&#8220;on&#8220; da_alt_close=&#8220;off&#8220; da_dark_close=&#8220;off&#8220; da_not_modal=&#8220;on&#8220; da_is_singular=&#8220;off&#8220; da_with_loader=&#8220;off&#8220; da_has_shadow=&#8220;on&#8220;][et_pb_row column_structure=&#8220;1_3,1_3,1_3&#8243; _builder_version=&#8220;4.16&#8243; _module_preset=&#8220;default&#8220; collapsed=&#8220;off&#8220; global_colors_info=&#8220;{}&#8220;][et_pb_column type=&#8220;1_3&#8243; _builder_version=&#8220;4.16&#8243; _module_preset=&#8220;default&#8220; global_colors_info=&#8220;{}&#8220;][et_pb_image src=&#8220;https:\/\/www.villaggioorizzonte.it\/wp-content\/uploads\/2019\/12\/parco-di-san-silvestro-840&#215;840.jpg&#8220; alt=&#8220;Parco di San Silvestro&#8220; title_text=&#8220;Parco di San Silvestro&#8220; _builder_version=&#8220;4.16&#8243; _module_preset=&#8220;default&#8220; global_colors_info=&#8220;{}&#8220;][\/et_pb_image][et_pb_text _builder_version=&#8220;4.16&#8243; _module_preset=&#8220;default&#8220; global_colors_info=&#8220;{}&#8220;]<\/p>\n<h4 class=\"h4pag\">Arch\u00e4ologischer Bergbaupark von San Silvestro<\/h4>\n<p>Der Arch\u00e4ologische Bergwerkspark von San Silvestro bewahrt die toskanische Bergbaugeschichte, die zur Zeit der etruskischen Zivilisation begann. Die Reiserouten, die w\u00e4hrend des Besuchs zu erleben sind, f\u00fchren durch Bergbaugalerien und Wege von gro\u00dfer historischer, arch\u00e4ologischer und geologischer Bedeutung. Innerhalb des Parks gibt es kreative Werkst\u00e4tten, mit denen der alte Gebrauch von Werkzeugen in Stein- und Holzkonstruktionen nachvollzogen werden kann.<\/p>\n<p>[\/et_pb_text][\/et_pb_column][et_pb_column type=&#8220;1_3&#8243; _builder_version=&#8220;4.16&#8243; _module_preset=&#8220;default&#8220; global_colors_info=&#8220;{}&#8220;][et_pb_image src=&#8220;https:\/\/www.villaggioorizzonte.it\/wp-content\/uploads\/2019\/12\/museo-archeologico-di-piombino-840&#215;840.jpeg&#8220; alt=&#8220;Museo archeologico di Piombino&#8220; title_text=&#8220;Museo archeologico di Piombino&#8220; _builder_version=&#8220;4.16&#8243; _module_preset=&#8220;default&#8220; global_colors_info=&#8220;{}&#8220;][\/et_pb_image][et_pb_text _builder_version=&#8220;4.16&#8243; _module_preset=&#8220;default&#8220; global_colors_info=&#8220;{}&#8220;]<\/p>\n<h4 class=\"h4pag\">Arch\u00e4ologisches Museum Populonia<\/h4>\n<p>Dieses Museum befindet sich in Piombino, nicht weit vom historischen Zentrum entfernt und erm\u00f6glicht Touristen eine Reise von f\u00fcnf Jahrtausenden in die Toskana. Die vorgeschlagenen Routen erregen die Aufmerksamkeit der Touristen durch genaue Rekonstruktionen der Umgebung, die nicht nur die visuelle Interaktion, sondern auch die manuelle und akustische Wiedergabe von toskanischen Erinnerungsst\u00fccken erm\u00f6glichen, und schaffen ein Erlebnis, das durch narrative Stimmen wunderbar erg\u00e4nzt wird.<\/p>\n<p>[\/et_pb_text][\/et_pb_column][et_pb_column type=&#8220;1_3&#8243; _builder_version=&#8220;4.16&#8243; _module_preset=&#8220;default&#8220; global_colors_info=&#8220;{}&#8220;][et_pb_image src=&#8220;https:\/\/www.villaggioorizzonte.it\/wp-content\/uploads\/2019\/12\/rocca-di-campiglia-marittima-840&#215;840.jpeg&#8220; alt=&#8220;Rocca di Campiglia&#8220; title_text=&#8220;Rocca di Campiglia&#8220; admin_label=&#8220;Immagine&#8220; _builder_version=&#8220;4.16&#8243; _module_preset=&#8220;default&#8220; global_colors_info=&#8220;{}&#8220;][\/et_pb_image][et_pb_text _builder_version=&#8220;4.16&#8243; _module_preset=&#8220;default&#8220; global_colors_info=&#8220;{}&#8220;]<\/p>\n<h4 class=\"h4pag\">Arch\u00e4ologischer Bergbaupark von San Silvestro<\/h4>\n<p>Der Arch\u00e4ologische Bergwerkspark von San Silvestro bewahrt die toskanische Bergbaugeschichte, die zur Zeit der etruskischen Zivilisation begann. Die Reiserouten, die w\u00e4hrend des Besuchs zu erleben sind, f\u00fchren durch Bergbaugalerien und Wege von gro\u00dfer historischer, arch\u00e4ologischer und geologischer Bedeutung. Innerhalb des Parks gibt es kreative Werkst\u00e4tten, mit denen der alte Gebrauch von Werkzeugen in Stein- und Holzkonstruktionen nachvollzogen werden kann.[\/et_pb_text][\/et_pb_column][\/et_pb_row][\/et_pb_section][et_pb_section fb_built=&#8220;1&#8243; admin_label=&#8220;Contenuto&#8220; _builder_version=&#8220;4.16&#8243; _module_preset=&#8220;default&#8220; da_disable_devices=&#8220;off|off|off&#8220; collapsed=&#8220;off&#8220; global_colors_info=&#8220;{}&#8220; da_is_popup=&#8220;off&#8220; da_exit_intent=&#8220;off&#8220; da_has_close=&#8220;on&#8220; da_alt_close=&#8220;off&#8220; da_dark_close=&#8220;off&#8220; da_not_modal=&#8220;on&#8220; da_is_singular=&#8220;off&#8220; da_with_loader=&#8220;off&#8220; da_has_shadow=&#8220;on&#8220;][et_pb_row _builder_version=&#8220;4.16&#8243; _module_preset=&#8220;default&#8220; collapsed=&#8220;off&#8220; global_colors_info=&#8220;{}&#8220;][et_pb_column type=&#8220;4_4&#8243; _builder_version=&#8220;4.16&#8243; _module_preset=&#8220;default&#8220; global_colors_info=&#8220;{}&#8220;][et_pb_text _builder_version=&#8220;4.16&#8243; _module_preset=&#8220;default&#8220; global_colors_info=&#8220;{}&#8220;]Die Standorte im<strong> Val di Cornia<\/strong> verf\u00fcgen \u00fcber Parkpl\u00e4tze und ausreichend Parkpl\u00e4tze f\u00fcr Busse und Privatfahrzeuge sowie \u00fcber gastronomische Einrichtungen wie Restaurants und Bars. Ein Besuch entlang der etruskischen K\u00fcste erm\u00f6glicht es den Studenten, Parks und Museen zu erm\u00e4\u00dfigten Preisen zu besuchen.<\/p>\n<p>Das <strong>Villaggio Orizzonte<\/strong> liegt im Herzen des <strong>Golfs von Follonica<\/strong> an der etruskischen K\u00fcste. Die Struktur ist ideal f\u00fcr die Aufnahme von Kindern w\u00e4hrend der Schulausfl\u00fcge in die Toskana und bietet ihnen einfachen Zugang zu den wichtigsten Sehensw\u00fcrdigkeiten an der K\u00fcste, Orte, an denen sie die Geschichte des reichen toskanischen Territoriums kennenlernen k\u00f6nnen.[\/et_pb_text][\/et_pb_column][\/et_pb_row][\/et_pb_section][et_pb_section fb_built=&#8220;1&#8243; module_id=&#8220;preventivo&#8220; _builder_version=&#8220;4.21.0&#8243; _module_preset=&#8220;default&#8220; custom_margin=&#8220;50px|0px|0px|0px|false|false&#8220; custom_padding=&#8220;0px|0px|0px|0px|false|false&#8220; hover_enabled=&#8220;0&#8243; da_disable_devices=&#8220;off|off|off&#8220; locked=&#8220;off&#8220; global_colors_info=&#8220;{}&#8220; sticky_enabled=&#8220;0&#8243; da_is_popup=&#8220;off&#8220; da_exit_intent=&#8220;off&#8220; da_has_close=&#8220;on&#8220; da_alt_close=&#8220;off&#8220; da_dark_close=&#8220;off&#8220; da_not_modal=&#8220;on&#8220; da_is_singular=&#8220;off&#8220; da_with_loader=&#8220;off&#8220; da_has_shadow=&#8220;on&#8220;][et_pb_row column_structure=&#8220;3_5,2_5&#8243; use_custom_gutter=&#8220;on&#8220; gutter_width=&#8220;1&#8243; make_equal=&#8220;on&#8220; module_class=&#8220;reverse&#8220; _builder_version=&#8220;4.16&#8243; _module_preset=&#8220;default&#8220; width_tablet=&#8220;&#8220; width_phone=&#8220;100%&#8220; width_last_edited=&#8220;on|phone&#8220; custom_margin=&#8220;0px||0px||false|false&#8220; custom_margin_tablet=&#8220;&#8220; custom_margin_phone=&#8220;||||false|false&#8220; custom_margin_last_edited=&#8220;on|phone&#8220; custom_padding=&#8220;0px||0px||false|false&#8220; global_colors_info=&#8220;{}&#8220;][et_pb_column type=&#8220;3_5&#8243; _builder_version=&#8220;4.16&#8243; _module_preset=&#8220;default&#8220; background_color=&#8220;#99e1f5&#8243; custom_padding=&#8220;||||false|false&#8220; global_colors_info=&#8220;{}&#8220;][et_pb_text _builder_version=&#8220;4.21.0&#8243; _module_preset=&#8220;default&#8220; text_font=&#8220;|||on|||||&#8220; text_text_color=&#8220;#FFFFFF&#8220; custom_padding=&#8220;40px|36px|0px|36px|false|false&#8220; hover_enabled=&#8220;0&#8243; global_colors_info=&#8220;{}&#8220; sticky_enabled=&#8220;0&#8243;]<\/p>\n<p><span class=\"h4\">Send Request<\/span><br \/><span class=\"h5\"><em style=\"font-size: 18px!important;\">Book your holiday in Tuscany<br \/>\n<\/em><\/span><\/p>\n<hr class=\"hr bianco left\">[\/et_pb_text][et_pb_code _builder_version=&#8220;4.21.0&#8243; _module_preset=&#8220;default&#8220; background_color=&#8220;RGBA(255,255,255,0)&#8220; height=&#8220;90%&#8220; custom_padding=&#8220;0px|20px|20px|20px|false|false&#8220; hover_enabled=&#8220;0&#8243; global_colors_info=&#8220;{}&#8220; sticky_enabled=&#8220;0&#8243;]<p class=\"wpcf7-contact-form-not-found\"><strong>Fehler:<\/strong> Kontaktformular wurde nicht gefunden.<\/p>[\/et_pb_code][\/et_pb_column][et_pb_column type=&#8220;2_5&#8243; _builder_version=&#8220;4.16&#8243; _module_preset=&#8220;default&#8220; custom_padding=&#8220;180px||||false|false&#8220; custom_padding_tablet=&#8220;0px||||false|false&#8220; custom_padding_phone=&#8220;0px||||false|false&#8220; custom_padding_last_edited=&#8220;on|tablet&#8220; global_colors_info=&#8220;{}&#8220;][et_pb_text _builder_version=&#8220;4.21.0&#8243; _module_preset=&#8220;default&#8220; text_font=&#8220;Jost||||||||&#8220; text_text_color=&#8220;#ffffff&#8220; text_font_size=&#8220;22px&#8220; header_text_color=&#8220;#ffffff&#8220; background_color=&#8220;#005476&#8243; background_layout=&#8220;dark&#8220; height=&#8220;100%&#8220; custom_padding=&#8220;50px|50px|50px|50px|true|true&#8220; custom_padding_tablet=&#8220;50px|50px|50px|50px|true|true&#8220; custom_padding_phone=&#8220;30px|30px|30px|30px|true|true&#8220; custom_padding_last_edited=&#8220;on|phone&#8220; hover_enabled=&#8220;0&#8243; text_font_size_tablet=&#8220;22px&#8220; text_font_size_phone=&#8220;15px&#8220; text_font_size_last_edited=&#8220;on|phone&#8220; custom_css_main_element=&#8220;line-height: 4rem;&#8220; global_colors_info=&#8220;{}&#8220; custom_css_main_element_last_edited=&#8220;on|phone&#8220; custom_css_main_element_phone=&#8220;line-height: 2rem;&#8220; custom_css_main_element_tablet=&#8220;line-height: 4rem;&#8220; sticky_enabled=&#8220;0&#8243;]<\/p>\n<p class=\"prevetit\">booking with us is worth it!<\/p>\n<hr class=\"white\" style=\"margin: 20px 0;\" \/>\n<p>Best Rate Guaranteed<br \/>\nBest cancellation policy<br \/>\nExclusive Offers<br \/>\nDirect contact with our staff<br \/>\nPersonalized quotes[\/et_pb_text][\/et_pb_column][\/et_pb_row][\/et_pb_section]<\/p>\n","protected":false},"excerpt":{"rendered":"<p>Toskana KlassenfahrtenEingebettet in die \u00fcppige mediterrane Vegetation ist die Toskana ein Freilichtmuseum, in dem Sie in Parks, Museen und Naturschutzgebieten naturalistische und arch\u00e4ologische Routen genie\u00dfen k\u00f6nnen. Das toskanische historische Erbe der etruskischen K\u00fcste zeigt sich in den Val di Cornia Parks. Die zahlreichen Orte, die besucht werden k\u00f6nnen, werden durch p\u00e4dagogische Workshops und Animationen bereichert, [&hellip;]<\/p>\n","protected":false},"author":7,"featured_media":0,"parent":0,"menu_order":55,"comment_status":"closed","ping_status":"closed","template":"","meta":{"_et_pb_use_builder":"on","_et_pb_old_content":"","_et_gb_content_width":"","ngg_post_thumbnail":0,"footnotes":""},"class_list":["post-7134","page","type-page","status-publish","hentry"],"yoast_head":"<!-- This site is optimized with the Yoast SEO plugin v25.8 - https:\/\/yoast.com\/wordpress\/plugins\/seo\/ -->\n<title>Toskana Klassenfahrten, etruskischen K\u00fcste - Villaggio Orizzonte<\/title>\n<meta name=\"robots\" content=\"index, follow, max-snippet:-1, max-image-preview:large, max-video-preview:-1\" \/>\n<link rel=\"canonical\" href=\"https:\/\/www.villaggioorizzonte.it\/de\/klassenfahrten-toskana.html\" \/>\n<meta property=\"og:locale\" content=\"de_DE\" \/>\n<meta property=\"og:type\" content=\"article\" \/>\n<meta property=\"og:title\" content=\"Toskana Klassenfahrten, etruskischen K\u00fcste - Villaggio Orizzonte\" \/>\n<meta property=\"og:description\" content=\"Toskana KlassenfahrtenEingebettet in die \u00fcppige mediterrane Vegetation ist die Toskana ein Freilichtmuseum, in dem Sie in Parks, Museen und Naturschutzgebieten naturalistische und arch\u00e4ologische Routen genie\u00dfen k\u00f6nnen. Das toskanische historische Erbe der etruskischen K\u00fcste zeigt sich in den Val di Cornia Parks. Die zahlreichen Orte, die besucht werden k\u00f6nnen, werden durch p\u00e4dagogische Workshops und Animationen bereichert, [&hellip;]\" \/>\n<meta property=\"og:url\" content=\"https:\/\/www.villaggioorizzonte.it\/de\/klassenfahrten-toskana.html\" \/>\n<meta property=\"og:site_name\" content=\"Villaggio Orizzonte\" \/>\n<meta property=\"article:modified_time\" content=\"2024-01-10T20:54:40+00:00\" \/>\n<meta name=\"twitter:card\" content=\"summary_large_image\" \/>\n<script type=\"application\/ld+json\" class=\"yoast-schema-graph\">{\"@context\":\"https:\/\/schema.org\",\"@graph\":[{\"@type\":\"WebPage\",\"@id\":\"https:\/\/www.villaggioorizzonte.it\/de\/klassenfahrten-toskana.html\",\"url\":\"https:\/\/www.villaggioorizzonte.it\/de\/klassenfahrten-toskana.html\",\"name\":\"Toskana Klassenfahrten, etruskischen K\u00fcste - Villaggio Orizzonte\",\"isPartOf\":{\"@id\":\"https:\/\/www.villaggioorizzonte.it\/de\/#website\"},\"datePublished\":\"2019-09-02T09:58:45+00:00\",\"dateModified\":\"2024-01-10T20:54:40+00:00\",\"breadcrumb\":{\"@id\":\"https:\/\/www.villaggioorizzonte.it\/de\/klassenfahrten-toskana.html#breadcrumb\"},\"inLanguage\":\"de\",\"potentialAction\":[{\"@type\":\"ReadAction\",\"target\":[\"https:\/\/www.villaggioorizzonte.it\/de\/klassenfahrten-toskana.html\"]}]},{\"@type\":\"BreadcrumbList\",\"@id\":\"https:\/\/www.villaggioorizzonte.it\/de\/klassenfahrten-toskana.html#breadcrumb\",\"itemListElement\":[{\"@type\":\"ListItem\",\"position\":1,\"name\":\"Home\",\"item\":\"https:\/\/www.villaggioorizzonte.it\/de\/\"},{\"@type\":\"ListItem\",\"position\":2,\"name\":\"Klassenfahrten\"}]},{\"@type\":\"WebSite\",\"@id\":\"https:\/\/www.villaggioorizzonte.it\/de\/#website\",\"url\":\"https:\/\/www.villaggioorizzonte.it\/de\/\",\"name\":\"Villaggio Orizzonte\",\"description\":\"Villaggio Turistico\",\"potentialAction\":[{\"@type\":\"SearchAction\",\"target\":{\"@type\":\"EntryPoint\",\"urlTemplate\":\"https:\/\/www.villaggioorizzonte.it\/de\/?s={search_term_string}\"},\"query-input\":{\"@type\":\"PropertyValueSpecification\",\"valueRequired\":true,\"valueName\":\"search_term_string\"}}],\"inLanguage\":\"de\"}]}<\/script>\n<!-- \/ Yoast SEO plugin. -->","yoast_head_json":{"title":"Toskana Klassenfahrten, etruskischen K\u00fcste - Villaggio Orizzonte","robots":{"index":"index","follow":"follow","max-snippet":"max-snippet:-1","max-image-preview":"max-image-preview:large","max-video-preview":"max-video-preview:-1"},"canonical":"https:\/\/www.villaggioorizzonte.it\/de\/klassenfahrten-toskana.html","og_locale":"de_DE","og_type":"article","og_title":"Toskana Klassenfahrten, etruskischen K\u00fcste - Villaggio Orizzonte","og_description":"Toskana KlassenfahrtenEingebettet in die \u00fcppige mediterrane Vegetation ist die Toskana ein Freilichtmuseum, in dem Sie in Parks, Museen und Naturschutzgebieten naturalistische und arch\u00e4ologische Routen genie\u00dfen k\u00f6nnen. Das toskanische historische Erbe der etruskischen K\u00fcste zeigt sich in den Val di Cornia Parks. Die zahlreichen Orte, die besucht werden k\u00f6nnen, werden durch p\u00e4dagogische Workshops und Animationen bereichert, [&hellip;]","og_url":"https:\/\/www.villaggioorizzonte.it\/de\/klassenfahrten-toskana.html","og_site_name":"Villaggio Orizzonte","article_modified_time":"2024-01-10T20:54:40+00:00","twitter_card":"summary_large_image","schema":{"@context":"https:\/\/schema.org","@graph":[{"@type":"WebPage","@id":"https:\/\/www.villaggioorizzonte.it\/de\/klassenfahrten-toskana.html","url":"https:\/\/www.villaggioorizzonte.it\/de\/klassenfahrten-toskana.html","name":"Toskana Klassenfahrten, etruskischen K\u00fcste - Villaggio Orizzonte","isPartOf":{"@id":"https:\/\/www.villaggioorizzonte.it\/de\/#website"},"datePublished":"2019-09-02T09:58:45+00:00","dateModified":"2024-01-10T20:54:40+00:00","breadcrumb":{"@id":"https:\/\/www.villaggioorizzonte.it\/de\/klassenfahrten-toskana.html#breadcrumb"},"inLanguage":"de","potentialAction":[{"@type":"ReadAction","target":["https:\/\/www.villaggioorizzonte.it\/de\/klassenfahrten-toskana.html"]}]},{"@type":"BreadcrumbList","@id":"https:\/\/www.villaggioorizzonte.it\/de\/klassenfahrten-toskana.html#breadcrumb","itemListElement":[{"@type":"ListItem","position":1,"name":"Home","item":"https:\/\/www.villaggioorizzonte.it\/de\/"},{"@type":"ListItem","position":2,"name":"Klassenfahrten"}]},{"@type":"WebSite","@id":"https:\/\/www.villaggioorizzonte.it\/de\/#website","url":"https:\/\/www.villaggioorizzonte.it\/de\/","name":"Villaggio Orizzonte","description":"Villaggio Turistico","potentialAction":[{"@type":"SearchAction","target":{"@type":"EntryPoint","urlTemplate":"https:\/\/www.villaggioorizzonte.it\/de\/?s={search_term_string}"},"query-input":{"@type":"PropertyValueSpecification","valueRequired":true,"valueName":"search_term_string"}}],"inLanguage":"de"}]}},"_links":{"self":[{"href":"https:\/\/www.villaggioorizzonte.it\/de\/wp-json\/wp\/v2\/pages\/7134","targetHints":{"allow":["GET"]}}],"collection":[{"href":"https:\/\/www.villaggioorizzonte.it\/de\/wp-json\/wp\/v2\/pages"}],"about":[{"href":"https:\/\/www.villaggioorizzonte.it\/de\/wp-json\/wp\/v2\/types\/page"}],"author":[{"embeddable":true,"href":"https:\/\/www.villaggioorizzonte.it\/de\/wp-json\/wp\/v2\/users\/7"}],"replies":[{"embeddable":true,"href":"https:\/\/www.villaggioorizzonte.it\/de\/wp-json\/wp\/v2\/comments?post=7134"}],"version-history":[{"count":3,"href":"https:\/\/www.villaggioorizzonte.it\/de\/wp-json\/wp\/v2\/pages\/7134\/revisions"}],"predecessor-version":[{"id":288789,"href":"https:\/\/www.villaggioorizzonte.it\/de\/wp-json\/wp\/v2\/pages\/7134\/revisions\/288789"}],"wp:attachment":[{"href":"https:\/\/www.villaggioorizzonte.it\/de\/wp-json\/wp\/v2\/media?parent=7134"}],"curies":[{"name":"wp","href":"https:\/\/api.w.org\/{rel}","templated":true}]}}