{"id":7052,"date":"2019-09-02T11:58:45","date_gmt":"2019-09-02T09:58:45","guid":{"rendered":"https:\/\/b6.aerostatonet.it\/enogastronomia-toscana.html"},"modified":"2022-03-30T15:17:24","modified_gmt":"2022-03-30T13:17:24","slug":"wein-und-essen-toskana","status":"publish","type":"page","link":"https:\/\/www.villaggioorizzonte.it\/de\/wein-und-essen-toskana.html","title":{"rendered":"Weingastronomie"},"content":{"rendered":"<p>[et_pb_section fb_built=&#8220;1&#8243; admin_label=&#8220;Testata&#8220; _builder_version=&#8220;4.14.7&#8243; _module_preset=&#8220;default&#8220; custom_margin=&#8220;0px|0px|0px||false|false&#8220; custom_padding=&#8220;0px|0px|0px|0px|false|false&#8220; saved_tabs=&#8220;all&#8220; locked=&#8220;off&#8220; collapsed=&#8220;on&#8220; global_colors_info=&#8220;{}&#8220;][et_pb_row use_custom_gutter=&#8220;on&#8220; gutter_width=&#8220;1&#8243; admin_label=&#8220;Sfondo immagine&#8220; module_class=&#8220;testata&#8220; _builder_version=&#8220;4.14.7&#8243; _module_preset=&#8220;default&#8220; background_color=&#8220;RGBA(255,255,255,0)&#8220; background_enable_image=&#8220;off&#8220; width=&#8220;100%&#8220; max_width=&#8220;100%&#8220; module_alignment=&#8220;center&#8220; height=&#8220;88vh&#8220; overflow-x=&#8220;hidden&#8220; overflow-y=&#8220;hidden&#8220; locked=&#8220;off&#8220; collapsed=&#8220;on&#8220; global_colors_info=&#8220;{}&#8220; custom_css_main_element_last_edited=&#8220;on|phone&#8220; custom_css_main_element_phone=&#8220;max-height: 550px!important;&#8220;][et_pb_column type=&#8220;4_4&#8243; _builder_version=&#8220;4.14.7&#8243; _module_preset=&#8220;default&#8220; global_colors_info=&#8220;{}&#8220;][et_pb_image src=&#8220;https:\/\/www.villaggioorizzonte.it\/wp-content\/uploads\/2019\/10\/enogastronomia-toscana.jpg&#8220; alt=&#8220;Enogastronomia Toscana&#8220; title_text=&#8220;Enogastronomia Toscana&#8220; force_fullwidth=&#8220;on&#8220; _builder_version=&#8220;4.14.8&#8243; _module_preset=&#8220;default&#8220; saved_tabs=&#8220;all&#8220; global_colors_info=&#8220;{}&#8220;][\/et_pb_image][\/et_pb_column][\/et_pb_row][et_pb_row column_structure=&#8220;2_5,3_5&#8243; use_custom_gutter=&#8220;on&#8220; gutter_width=&#8220;1&#8243; make_equal=&#8220;on&#8220; admin_label=&#8220;Titolo&#8220; _builder_version=&#8220;4.14.7&#8243; _module_preset=&#8220;default&#8220; background_color=&#8220;RGBA(255,255,255,0)&#8220; width=&#8220;100%&#8220; max_width=&#8220;100%&#8220; module_alignment=&#8220;left&#8220; custom_margin=&#8220;-163px||||false|false&#8220; custom_margin_tablet=&#8220;-163px||||false|false&#8220; custom_margin_phone=&#8220;-124px||||false|false&#8220; custom_margin_last_edited=&#8220;on|phone&#8220; custom_padding=&#8220;||||true|false&#8220; collapsed=&#8220;on&#8220; global_colors_info=&#8220;{}&#8220;][et_pb_column type=&#8220;2_5&#8243; disabled_on=&#8220;off|off|off&#8220; _builder_version=&#8220;4.14.7&#8243; _module_preset=&#8220;default&#8220; global_colors_info=&#8220;{}&#8220; custom_css_main_element_last_edited=&#8220;on|phone&#8220; custom_css_main_element_phone=&#8220;width:30px!important;||display:block!important;&#8220;][\/et_pb_column][et_pb_column type=&#8220;3_5&#8243; _builder_version=&#8220;4.14.7&#8243; _module_preset=&#8220;default&#8220; background_color=&#8220;#FFFFFF&#8220; custom_padding=&#8220;25px||25px|30px|true|false&#8220; custom_padding_tablet=&#8220;25px||25px|30px|true|false&#8220; custom_padding_phone=&#8220;||5px|20px|false|false&#8220; custom_padding_last_edited=&#8220;on|phone&#8220; global_colors_info=&#8220;{}&#8220; custom_css_main_element_last_edited=&#8220;on|phone&#8220; custom_css_main_element_phone=&#8220;width: calc(100% &#8211; 30px)!important;&#8220;][et_pb_text admin_label=&#8220;Testo&#8220; _builder_version=&#8220;4.14.8&#8243; _module_preset=&#8220;default&#8220; background_color=&#8220;RGBA(255,255,255,0)&#8220; saved_tabs=&#8220;all&#8220; global_colors_info=&#8220;{}&#8220;]<\/p>\n<h2 class=\"h1app\">Weingastronomie in der Toskana<\/h2>\n<h1 class=\"h2app\">Eine Reise durch Aromen und D\u00fcfte<\/h1>\n<p>[\/et_pb_text][\/et_pb_column][\/et_pb_row][\/et_pb_section][et_pb_section fb_built=&#8220;1&#8243; admin_label=&#8220;Intro&#8220; _builder_version=&#8220;4.14.7&#8243; _module_preset=&#8220;default&#8220; collapsed=&#8220;off&#8220; global_colors_info=&#8220;{}&#8220;][et_pb_row _builder_version=&#8220;4.14.7&#8243; _module_preset=&#8220;default&#8220; collapsed=&#8220;on&#8220; global_colors_info=&#8220;{}&#8220;][et_pb_column type=&#8220;4_4&#8243; _builder_version=&#8220;4.14.7&#8243; _module_preset=&#8220;default&#8220; background_enable_color=&#8220;off&#8220; custom_padding=&#8220;||||true|false&#8220; global_colors_info=&#8220;{}&#8220;][et_pb_text _builder_version=&#8220;4.14.8&#8243; _module_preset=&#8220;default&#8220; global_colors_info=&#8220;{}&#8220;]Wenn Sie ein Liebhaber der<strong> toskanischen Weingastronomie<\/strong> sind, d\u00fcrfen Sie w\u00e4hrend Ihres Urlaubs nicht auf die vielen Weing\u00fcter der Weinstra\u00dfe der Costa degli Etruschi verzichten.<\/p>\n<p>Unter den vielen Regionen, in denen der Tourismus von Speisen und Weinen betrieben wird, ist die Toskana sowohl bei Italienern als auch bei Ausl\u00e4ndern ein Favorit: Das toskanische Essen und der toskanische Wein geh\u00f6ren mit ihren unverwechselbaren Geschmacksrezepten, die auf armen Produkten der Erde basieren, zu den beliebtesten der Welt.<br \/>\nHier \u00f6ffnen sich die T\u00fcren der Keller und der Weinberge f\u00fcr Touristen, erz\u00e4hlen Geschichten und <strong>Traditionen<\/strong> und lassen die kleinen toskanischen D\u00f6rfer wieder aufleben. Nutzen Sie die Gelegenheit, um die mittelalterlichen D\u00f6rfer wie <strong>Suvereto<\/strong>, <strong>Bolgheri<\/strong> und <strong>Castagneto Carducci<\/strong> zu besuchen, die Ihnen nicht nur eine einzigartige Aussicht bieten, sondern auch die M\u00f6glichkeit einige der ber\u00fchmtesten Weine Italiens zu entdecken, die mit typischen lokalen Produkten wie Salami, K\u00e4se und Bruschetta mit der besondere toskanische Brot ohne Salz kombiniert werden![\/et_pb_text][\/et_pb_column][\/et_pb_row][et_pb_row column_structure=&#8220;2_5,3_5&#8243; make_equal=&#8220;on&#8220; _builder_version=&#8220;4.14.8&#8243; _module_preset=&#8220;default&#8220; background_enable_image=&#8220;off&#8220; hover_enabled=&#8220;0&#8243; collapsed=&#8220;off&#8220; global_colors_info=&#8220;{}&#8220; sticky_enabled=&#8220;0&#8243;][et_pb_column type=&#8220;2_5&#8243; _builder_version=&#8220;4.14.8&#8243; _module_preset=&#8220;default&#8220; background_enable_color=&#8220;off&#8220; parallax=&#8220;on&#8220; custom_padding=&#8220;||||true|false&#8220; hover_enabled=&#8220;0&#8243; global_colors_info=&#8220;{}&#8220; background_enable_image=&#8220;off&#8220; sticky_enabled=&#8220;0&#8243;][et_pb_image _builder_version=&#8220;4.14.8&#8243; _module_preset=&#8220;default&#8220; alt=&#8220;Strada del Vino Costa degli Etruschi&#8220; title_text=&#8220;Strada del Vino Costa degli Etruschi&#8220; src=&#8220;https:\/\/www.villaggioorizzonte.it\/wp-content\/uploads\/2019\/10\/strada-vino-costa-degli-etruschi.jpg&#8220; hover_enabled=&#8220;0&#8243; sticky_enabled=&#8220;0&#8243; force_fullwidth=&#8220;on&#8220;][\/et_pb_image][\/et_pb_column][et_pb_column type=&#8220;3_5&#8243; _builder_version=&#8220;4.14.7&#8243; _module_preset=&#8220;default&#8220; custom_padding=&#8220;||||true|false&#8220; global_colors_info=&#8220;{}&#8220;][et_pb_text _builder_version=&#8220;4.14.8&#8243; _module_preset=&#8220;default&#8220; global_colors_info=&#8220;{}&#8220;]<\/p>\n<h4 class=\"h4pag\">Das toskanische Essen und den toskanischen Wein<\/h4>\n<p>Wenn Sie an das toskanische Essen und den toskanischen Wein denken, kommen Ihnen alte Rezepte wie Ribollita, Panzanella, Pappa al Pomodoro, Dinkel-Suppe und kleine Bohnen in den Sinn \u2026 alten Rezepte mit intensiven Aromen.<br \/>\nAber wie kann man diese K\u00f6stlichkeiten nicht mit einem guten Wein kombinieren? Hier sind Sie zufrieden, die Toskana ist eine der Regionen, in denen exzellente Weine produziert werden.<br \/>\nVor allem an der <strong>Costa degli Etruschi<\/strong> werden der angeblich beste Wein Italiens, <strong>Sassicaia<\/strong>, sowie andere international bekannte Weine wie der Ornellaia, der Guado al Tasso, Le Macchiole, Grattamacco und Michele Satta hergestellt.[\/et_pb_text][\/et_pb_column][\/et_pb_row][\/et_pb_section][et_pb_section fb_built=&#8220;1&#8243; admin_label=&#8220;Contenuto&#8220; _builder_version=&#8220;4.14.7&#8243; _module_preset=&#8220;default&#8220; collapsed=&#8220;on&#8220; global_colors_info=&#8220;{}&#8220;][et_pb_row _builder_version=&#8220;4.14.7&#8243; _module_preset=&#8220;default&#8220; collapsed=&#8220;on&#8220; global_colors_info=&#8220;{}&#8220;][et_pb_column type=&#8220;4_4&#8243; _builder_version=&#8220;4.14.7&#8243; _module_preset=&#8220;default&#8220; global_colors_info=&#8220;{}&#8220;][et_pb_image src=&#8220;https:\/\/www.villaggioorizzonte.it\/wp-content\/uploads\/2019\/10\/vini-toscana.jpg&#8220; alt=&#8220;Degustazione in Toscana&#8220; title_text=&#8220;Degustazione in Toscana&#8220; force_fullwidth=&#8220;on&#8220; _builder_version=&#8220;4.14.8&#8243; _module_preset=&#8220;default&#8220; global_colors_info=&#8220;{}&#8220;][\/et_pb_image][\/et_pb_column][\/et_pb_row][\/et_pb_section]<\/p>\n","protected":false},"excerpt":{"rendered":"<p>Weingastronomie in der Toskana Eine Reise durch Aromen und D\u00fcfteWenn Sie ein Liebhaber der toskanischen Weingastronomie sind, d\u00fcrfen Sie w\u00e4hrend Ihres Urlaubs nicht auf die vielen Weing\u00fcter der Weinstra\u00dfe der Costa degli Etruschi verzichten. Unter den vielen Regionen, in denen der Tourismus von Speisen und Weinen betrieben wird, ist die Toskana sowohl bei Italienern als [&hellip;]<\/p>\n","protected":false},"author":7,"featured_media":0,"parent":0,"menu_order":42,"comment_status":"closed","ping_status":"closed","template":"","meta":{"_et_pb_use_builder":"on","_et_pb_old_content":"","_et_gb_content_width":"","ngg_post_thumbnail":0,"footnotes":""},"class_list":["post-7052","page","type-page","status-publish","hentry"],"yoast_head":"<!-- This site is optimized with the Yoast SEO plugin v25.8 - https:\/\/yoast.com\/wordpress\/plugins\/seo\/ -->\n<title>Weingastronomie in der Toskana zwischen Essen und gutem Wein - Villaggio Orizzonte<\/title>\n<meta name=\"description\" content=\"Das toskanische Weinbaugebiet wird Sie mit intensiven Geschmacksnahrungsmitteln und gro\u00dfartigen Weinen \u00fcberraschen, die an der Weinstra\u00dfe der Costa degli Etruschi hergestellt werden\" \/>\n<meta name=\"robots\" content=\"index, follow, max-snippet:-1, max-image-preview:large, max-video-preview:-1\" \/>\n<link rel=\"canonical\" href=\"https:\/\/www.villaggioorizzonte.it\/de\/wein-und-essen-toskana.html\" \/>\n<meta property=\"og:locale\" content=\"de_DE\" \/>\n<meta property=\"og:type\" content=\"article\" \/>\n<meta property=\"og:title\" content=\"Weingastronomie in der Toskana zwischen Essen und gutem Wein - Villaggio Orizzonte\" \/>\n<meta property=\"og:description\" content=\"Das toskanische Weinbaugebiet wird Sie mit intensiven Geschmacksnahrungsmitteln und gro\u00dfartigen Weinen \u00fcberraschen, die an der Weinstra\u00dfe der Costa degli Etruschi hergestellt werden\" \/>\n<meta property=\"og:url\" content=\"https:\/\/www.villaggioorizzonte.it\/de\/wein-und-essen-toskana.html\" \/>\n<meta property=\"og:site_name\" content=\"Villaggio Orizzonte\" \/>\n<meta property=\"article:modified_time\" content=\"2022-03-30T13:17:24+00:00\" \/>\n<meta name=\"twitter:card\" content=\"summary_large_image\" \/>\n<script type=\"application\/ld+json\" class=\"yoast-schema-graph\">{\"@context\":\"https:\/\/schema.org\",\"@graph\":[{\"@type\":\"WebPage\",\"@id\":\"https:\/\/www.villaggioorizzonte.it\/de\/wein-und-essen-toskana.html\",\"url\":\"https:\/\/www.villaggioorizzonte.it\/de\/wein-und-essen-toskana.html\",\"name\":\"Weingastronomie in der Toskana zwischen Essen und gutem Wein - Villaggio Orizzonte\",\"isPartOf\":{\"@id\":\"https:\/\/www.villaggioorizzonte.it\/de\/#website\"},\"datePublished\":\"2019-09-02T09:58:45+00:00\",\"dateModified\":\"2022-03-30T13:17:24+00:00\",\"description\":\"Das toskanische Weinbaugebiet wird Sie mit intensiven Geschmacksnahrungsmitteln und gro\u00dfartigen Weinen \u00fcberraschen, die an der Weinstra\u00dfe der Costa degli Etruschi hergestellt werden\",\"breadcrumb\":{\"@id\":\"https:\/\/www.villaggioorizzonte.it\/de\/wein-und-essen-toskana.html#breadcrumb\"},\"inLanguage\":\"de\",\"potentialAction\":[{\"@type\":\"ReadAction\",\"target\":[\"https:\/\/www.villaggioorizzonte.it\/de\/wein-und-essen-toskana.html\"]}]},{\"@type\":\"BreadcrumbList\",\"@id\":\"https:\/\/www.villaggioorizzonte.it\/de\/wein-und-essen-toskana.html#breadcrumb\",\"itemListElement\":[{\"@type\":\"ListItem\",\"position\":1,\"name\":\"Home\",\"item\":\"https:\/\/www.villaggioorizzonte.it\/de\/\"},{\"@type\":\"ListItem\",\"position\":2,\"name\":\"Weingastronomie\"}]},{\"@type\":\"WebSite\",\"@id\":\"https:\/\/www.villaggioorizzonte.it\/de\/#website\",\"url\":\"https:\/\/www.villaggioorizzonte.it\/de\/\",\"name\":\"Villaggio Orizzonte\",\"description\":\"Villaggio Turistico\",\"potentialAction\":[{\"@type\":\"SearchAction\",\"target\":{\"@type\":\"EntryPoint\",\"urlTemplate\":\"https:\/\/www.villaggioorizzonte.it\/de\/?s={search_term_string}\"},\"query-input\":{\"@type\":\"PropertyValueSpecification\",\"valueRequired\":true,\"valueName\":\"search_term_string\"}}],\"inLanguage\":\"de\"}]}<\/script>\n<!-- \/ Yoast SEO plugin. -->","yoast_head_json":{"title":"Weingastronomie in der Toskana zwischen Essen und gutem Wein - Villaggio Orizzonte","description":"Das toskanische Weinbaugebiet wird Sie mit intensiven Geschmacksnahrungsmitteln und gro\u00dfartigen Weinen \u00fcberraschen, die an der Weinstra\u00dfe der Costa degli Etruschi hergestellt werden","robots":{"index":"index","follow":"follow","max-snippet":"max-snippet:-1","max-image-preview":"max-image-preview:large","max-video-preview":"max-video-preview:-1"},"canonical":"https:\/\/www.villaggioorizzonte.it\/de\/wein-und-essen-toskana.html","og_locale":"de_DE","og_type":"article","og_title":"Weingastronomie in der Toskana zwischen Essen und gutem Wein - Villaggio Orizzonte","og_description":"Das toskanische Weinbaugebiet wird Sie mit intensiven Geschmacksnahrungsmitteln und gro\u00dfartigen Weinen \u00fcberraschen, die an der Weinstra\u00dfe der Costa degli Etruschi hergestellt werden","og_url":"https:\/\/www.villaggioorizzonte.it\/de\/wein-und-essen-toskana.html","og_site_name":"Villaggio Orizzonte","article_modified_time":"2022-03-30T13:17:24+00:00","twitter_card":"summary_large_image","schema":{"@context":"https:\/\/schema.org","@graph":[{"@type":"WebPage","@id":"https:\/\/www.villaggioorizzonte.it\/de\/wein-und-essen-toskana.html","url":"https:\/\/www.villaggioorizzonte.it\/de\/wein-und-essen-toskana.html","name":"Weingastronomie in der Toskana zwischen Essen und gutem Wein - Villaggio Orizzonte","isPartOf":{"@id":"https:\/\/www.villaggioorizzonte.it\/de\/#website"},"datePublished":"2019-09-02T09:58:45+00:00","dateModified":"2022-03-30T13:17:24+00:00","description":"Das toskanische Weinbaugebiet wird Sie mit intensiven Geschmacksnahrungsmitteln und gro\u00dfartigen Weinen \u00fcberraschen, die an der Weinstra\u00dfe der Costa degli Etruschi hergestellt werden","breadcrumb":{"@id":"https:\/\/www.villaggioorizzonte.it\/de\/wein-und-essen-toskana.html#breadcrumb"},"inLanguage":"de","potentialAction":[{"@type":"ReadAction","target":["https:\/\/www.villaggioorizzonte.it\/de\/wein-und-essen-toskana.html"]}]},{"@type":"BreadcrumbList","@id":"https:\/\/www.villaggioorizzonte.it\/de\/wein-und-essen-toskana.html#breadcrumb","itemListElement":[{"@type":"ListItem","position":1,"name":"Home","item":"https:\/\/www.villaggioorizzonte.it\/de\/"},{"@type":"ListItem","position":2,"name":"Weingastronomie"}]},{"@type":"WebSite","@id":"https:\/\/www.villaggioorizzonte.it\/de\/#website","url":"https:\/\/www.villaggioorizzonte.it\/de\/","name":"Villaggio Orizzonte","description":"Villaggio Turistico","potentialAction":[{"@type":"SearchAction","target":{"@type":"EntryPoint","urlTemplate":"https:\/\/www.villaggioorizzonte.it\/de\/?s={search_term_string}"},"query-input":{"@type":"PropertyValueSpecification","valueRequired":true,"valueName":"search_term_string"}}],"inLanguage":"de"}]}},"_links":{"self":[{"href":"https:\/\/www.villaggioorizzonte.it\/de\/wp-json\/wp\/v2\/pages\/7052","targetHints":{"allow":["GET"]}}],"collection":[{"href":"https:\/\/www.villaggioorizzonte.it\/de\/wp-json\/wp\/v2\/pages"}],"about":[{"href":"https:\/\/www.villaggioorizzonte.it\/de\/wp-json\/wp\/v2\/types\/page"}],"author":[{"embeddable":true,"href":"https:\/\/www.villaggioorizzonte.it\/de\/wp-json\/wp\/v2\/users\/7"}],"replies":[{"embeddable":true,"href":"https:\/\/www.villaggioorizzonte.it\/de\/wp-json\/wp\/v2\/comments?post=7052"}],"version-history":[{"count":0,"href":"https:\/\/www.villaggioorizzonte.it\/de\/wp-json\/wp\/v2\/pages\/7052\/revisions"}],"wp:attachment":[{"href":"https:\/\/www.villaggioorizzonte.it\/de\/wp-json\/wp\/v2\/media?parent=7052"}],"curies":[{"name":"wp","href":"https:\/\/api.w.org\/{rel}","templated":true}]}}