{"id":7042,"date":"2019-10-21T12:51:10","date_gmt":"2019-10-21T10:51:10","guid":{"rendered":"https:\/\/b6.aerostatonet.it\/strande-toskana\/spiaggia-nudisti.html"},"modified":"2022-03-30T12:30:04","modified_gmt":"2022-03-30T10:30:04","slug":"fkk-strand-toskana","status":"publish","type":"page","link":"https:\/\/www.villaggioorizzonte.it\/de\/strande-toskana\/fkk-strand-toskana.html","title":{"rendered":"FKK-Strand"},"content":{"rendered":"<p>[et_pb_section fb_built=&#8220;1&#8243; admin_label=&#8220;Testata&#8220; _builder_version=&#8220;4.14.7&#8243; _module_preset=&#8220;default&#8220; custom_margin=&#8220;0px|0px|0px||false|false&#8220; custom_padding=&#8220;0px|0px|0px|0px|false|false&#8220; saved_tabs=&#8220;all&#8220; locked=&#8220;off&#8220; collapsed=&#8220;on&#8220; global_colors_info=&#8220;{}&#8220;][et_pb_row use_custom_gutter=&#8220;on&#8220; gutter_width=&#8220;1&#8243; admin_label=&#8220;Sfondo immagine&#8220; module_class=&#8220;testata&#8220; _builder_version=&#8220;4.14.7&#8243; _module_preset=&#8220;default&#8220; background_color=&#8220;RGBA(255,255,255,0)&#8220; background_enable_image=&#8220;off&#8220; width=&#8220;100%&#8220; max_width=&#8220;100%&#8220; module_alignment=&#8220;center&#8220; height=&#8220;88vh&#8220; overflow-x=&#8220;hidden&#8220; overflow-y=&#8220;hidden&#8220; locked=&#8220;off&#8220; collapsed=&#8220;on&#8220; global_colors_info=&#8220;{}&#8220; custom_css_main_element_last_edited=&#8220;on|phone&#8220; custom_css_main_element_phone=&#8220;max-height: 550px!important;&#8220;][et_pb_column type=&#8220;4_4&#8243; _builder_version=&#8220;4.14.7&#8243; _module_preset=&#8220;default&#8220; global_colors_info=&#8220;{}&#8220;][et_pb_image src=&#8220;https:\/\/www.villaggioorizzonte.it\/wp-content\/uploads\/2019\/10\/spiaggia-nudisti-rimigliano.jpg&#8220; title_text=&#8220;Spiaggia nudisti Rimigliano&#8220; force_fullwidth=&#8220;on&#8220; _builder_version=&#8220;4.14.8&#8243; _module_preset=&#8220;default&#8220; hover_enabled=&#8220;0&#8243; saved_tabs=&#8220;all&#8220; global_colors_info=&#8220;{}&#8220; alt=&#8220;Spiaggia nudisti Rimigliano&#8220; sticky_enabled=&#8220;0&#8243;][\/et_pb_image][\/et_pb_column][\/et_pb_row][et_pb_row column_structure=&#8220;2_5,3_5&#8243; use_custom_gutter=&#8220;on&#8220; gutter_width=&#8220;1&#8243; make_equal=&#8220;on&#8220; admin_label=&#8220;Titolo&#8220; _builder_version=&#8220;4.14.7&#8243; _module_preset=&#8220;default&#8220; background_color=&#8220;RGBA(255,255,255,0)&#8220; width=&#8220;100%&#8220; max_width=&#8220;100%&#8220; module_alignment=&#8220;left&#8220; custom_margin=&#8220;-163px||||false|false&#8220; custom_margin_tablet=&#8220;-163px||||false|false&#8220; custom_margin_phone=&#8220;-124px||||false|false&#8220; custom_margin_last_edited=&#8220;on|phone&#8220; custom_padding=&#8220;||||true|false&#8220; collapsed=&#8220;on&#8220; global_colors_info=&#8220;{}&#8220;][et_pb_column type=&#8220;2_5&#8243; disabled_on=&#8220;off|off|off&#8220; _builder_version=&#8220;4.14.7&#8243; _module_preset=&#8220;default&#8220; global_colors_info=&#8220;{}&#8220; custom_css_main_element_last_edited=&#8220;on|phone&#8220; custom_css_main_element_phone=&#8220;width:30px!important;||display:block!important;&#8220;][\/et_pb_column][et_pb_column type=&#8220;3_5&#8243; _builder_version=&#8220;4.14.7&#8243; _module_preset=&#8220;default&#8220; background_color=&#8220;#FFFFFF&#8220; custom_padding=&#8220;25px||25px|30px|true|false&#8220; custom_padding_tablet=&#8220;25px||25px|30px|true|false&#8220; custom_padding_phone=&#8220;||5px|20px|false|false&#8220; custom_padding_last_edited=&#8220;on|phone&#8220; global_colors_info=&#8220;{}&#8220; custom_css_main_element_last_edited=&#8220;on|phone&#8220; custom_css_main_element_phone=&#8220;width: calc(100% &#8211; 30px)!important;&#8220;][et_pb_text admin_label=&#8220;Testo&#8220; _builder_version=&#8220;4.14.7&#8243; _module_preset=&#8220;default&#8220; background_color=&#8220;RGBA(255,255,255,0)&#8220; saved_tabs=&#8220;all&#8220; global_colors_info=&#8220;{}&#8220;]<\/p>\n<h2 class=\"h1app\">FKK-Strand in San Vincenzo<\/h2>\n<h1 class=\"h2app\">Im Naturpark Rimigliano<\/h1>\n<p>[\/et_pb_text][\/et_pb_column][\/et_pb_row][\/et_pb_section][et_pb_section fb_built=&#8220;1&#8243; admin_label=&#8220;Intro&#8220; _builder_version=&#8220;4.14.7&#8243; _module_preset=&#8220;default&#8220; collapsed=&#8220;on&#8220; global_colors_info=&#8220;{}&#8220;][et_pb_row _builder_version=&#8220;4.14.8&#8243; _module_preset=&#8220;default&#8220; hover_enabled=&#8220;0&#8243; collapsed=&#8220;on&#8220; global_colors_info=&#8220;{}&#8220; sticky_enabled=&#8220;0&#8243;][et_pb_column type=&#8220;4_4&#8243; _builder_version=&#8220;4.14.7&#8243; _module_preset=&#8220;default&#8220; background_enable_color=&#8220;off&#8220; custom_padding=&#8220;||||true|false&#8220; global_colors_info=&#8220;{}&#8220;][et_pb_text _builder_version=&#8220;4.14.7&#8243; _module_preset=&#8220;default&#8220; global_colors_info=&#8220;{}&#8220;]Die <strong>Toskana<\/strong> ist ber\u00fchmt f\u00fcr den Tourismus am Meer und bekannt f\u00fcr ihre <strong>Str\u00e4nde<\/strong>, die frei oder ausgestattet sind, ideal f\u00fcr einen Strandurlaub zu zweit, mit der Familie oder mit Freunden. Die pr\u00e4chtige K\u00fcste ist eine st\u00e4ndige Abwechslung von langen goldenen Str\u00e4nden und herrlichen Buchten, von denen einige nur vom Meer aus zu erreichen sind und aus diesem Grund noch faszinierender sind.<br \/>\nWenn Sie es lieben, den Strand und das Meer in v\u00f6lliger Freiheit zu erleben und nach einem <strong>FKK-Strand<\/strong> in der Toskana Ausschau zu halten, sollten Sie die Gelegenheit nicht verpassen, den Strand \u201eIl Nido dell\u2019Aquila\u201c unweit der Stadt San Vincenzo, auch bekannt als FKK, zu besuchen.[\/et_pb_text][\/et_pb_column][\/et_pb_row][\/et_pb_section][et_pb_section fb_built=&#8220;1&#8243; admin_label=&#8220;Contenuto&#8220; _builder_version=&#8220;4.14.7&#8243; _module_preset=&#8220;default&#8220; collapsed=&#8220;off&#8220; global_colors_info=&#8220;{}&#8220;][et_pb_row column_structure=&#8220;1_3,1_3,1_3&#8243; _builder_version=&#8220;4.14.7&#8243; _module_preset=&#8220;default&#8220; collapsed=&#8220;off&#8220; global_colors_info=&#8220;{}&#8220;][et_pb_column type=&#8220;1_3&#8243; _builder_version=&#8220;4.14.7&#8243; _module_preset=&#8220;default&#8220; global_colors_info=&#8220;{}&#8220;][et_pb_image src=&#8220;https:\/\/www.villaggioorizzonte.it\/wp-content\/uploads\/2019\/10\/fkk-toscana.jpg&#8220; title_text=&#8220;fkk toscana&#8220; _builder_version=&#8220;4.14.8&#8243; _module_preset=&#8220;default&#8220; hover_enabled=&#8220;0&#8243; global_colors_info=&#8220;{}&#8220; alt=&#8220;fkk toscana&#8220; sticky_enabled=&#8220;0&#8243;][\/et_pb_image][\/et_pb_column][et_pb_column type=&#8220;1_3&#8243; _builder_version=&#8220;4.14.7&#8243; _module_preset=&#8220;default&#8220; global_colors_info=&#8220;{}&#8220;][et_pb_image src=&#8220;https:\/\/www.villaggioorizzonte.it\/wp-content\/uploads\/2019\/10\/nido-dell-aquila-toscana.jpg&#8220; title_text=&#8220;Nido dell&#8217;aquila Toscana&#8220; _builder_version=&#8220;4.14.8&#8243; _module_preset=&#8220;default&#8220; hover_enabled=&#8220;0&#8243; global_colors_info=&#8220;{}&#8220; alt=&#8220;Nido dell&#8217;aquila Toscana&#8220; sticky_enabled=&#8220;0&#8243;][\/et_pb_image][\/et_pb_column][et_pb_column type=&#8220;1_3&#8243; _builder_version=&#8220;4.14.7&#8243; _module_preset=&#8220;default&#8220; global_colors_info=&#8220;{}&#8220;][et_pb_image _builder_version=&#8220;4.14.8&#8243; _module_preset=&#8220;default&#8220; hover_enabled=&#8220;0&#8243; sticky_enabled=&#8220;0&#8243; alt=&#8220;Spiaggia nudisti San Vincenzo&#8220; title_text=&#8220;Spiaggia nudisti San Vincenzo&#8220; src=&#8220;https:\/\/www.villaggioorizzonte.it\/wp-content\/uploads\/2019\/10\/spiaggia-nudisti-san-vincenzo.jpg&#8220;][\/et_pb_image][\/et_pb_column][\/et_pb_row][et_pb_row _builder_version=&#8220;4.14.7&#8243; _module_preset=&#8220;default&#8220; collapsed=&#8220;on&#8220; global_colors_info=&#8220;{}&#8220;][et_pb_column type=&#8220;4_4&#8243; _builder_version=&#8220;4.14.7&#8243; _module_preset=&#8220;default&#8220; global_colors_info=&#8220;{}&#8220;][et_pb_text _builder_version=&#8220;4.14.7&#8243; _module_preset=&#8220;default&#8220; global_colors_info=&#8220;{}&#8220;]An diesem Strandabschnitt inmitten des herrlichen <strong>Naturparks Rimigliano<\/strong> wird seit den 1970er Jahren Naturismus praktiziert, und im Jahr 2010 hat die Gemeinde San Vincenzo den Strand des \u201eIl Nido dell\u2018Aquila\u201c offiziell der Naturistenpraxis \u00fcbertragen. In kurzer Zeit hat sich der FKK zu einem der bekanntesten und beliebtesten FKK-Str\u00e4nde in der Toskana entwickelt. Einer der Gr\u00fcnde, warum der Nido dell\u2018Aquila-Strand sehr gesch\u00e4tzt wird, ist zweifellos die nat\u00fcrliche Landschaft, die ihn umgibt, n\u00e4mlich die des Parks Naturale di Rimigliano, einer der K\u00fcstenparks des Val di Cornia, bietet einzigartige Ausblicke und D\u00fcfte zwischen D\u00fcnen aus klarem Sand, Pinienw\u00e4ldern und mediterranem Gestr\u00fcpp.<br \/>\nZweitens ist der Strand leicht mit dem Auto erreichbar, nicht weit von \u00f6ffentlichen Toiletten und einer kleinen Bar \/ Restaurant.<\/p>\n<p>Das FKK ist der <strong>FKK-Strand in der Toskana<\/strong>, der zu Ihnen passt, um ein einzigartiges FKK-Erlebnis, v\u00f6llige Freiheit und Respekt f\u00fcr die Umwelt zu erleben![\/et_pb_text][\/et_pb_column][\/et_pb_row][\/et_pb_section][et_pb_section fb_built=&#8220;1&#8243; admin_label=&#8220;Altre spiagge&#8220; _builder_version=&#8220;4.14.7&#8243; _module_preset=&#8220;default&#8220; global_module=&#8220;275477&#8243; saved_tabs=&#8220;all&#8220; collapsed=&#8220;on&#8220; global_colors_info=&#8220;{}&#8220;][et_pb_row _builder_version=&#8220;4.14.7&#8243; _module_preset=&#8220;default&#8220; collapsed=&#8220;on&#8220; global_colors_info=&#8220;{}&#8220;][et_pb_column type=&#8220;4_4&#8243; _builder_version=&#8220;4.14.7&#8243; _module_preset=&#8220;default&#8220; global_colors_info=&#8220;{}&#8220;][dica_divi_carousel item_width_auto=&#8220;on&#8220; item_width=&#8220;300px&#8220; multislide=&#8220;on&#8220; centermode=&#8220;on&#8220; loop=&#8220;on&#8220; arrow_nav=&#8220;on&#8220; item_spacing=&#8220;15&#8243; equal_height=&#8220;on&#8220; lazy_loading=&#8220;on&#8220; load_before_transition=&#8220;on&#8220; advanced_effect=&#8220;1&#8243; arrow_nav_color=&#8220;#FFFFFF&#8220; arrow_bg_color=&#8220;rgba(255,255,255,0.5)&#8220; dots_color=&#8220;RGBA(255,255,255,0)&#8220; dots_active_color=&#8220;RGBA(255,255,255,0)&#8220; title_background=&#8220;RGBA(255,255,255,0)&#8220; subtitle_background=&#8220;RGBA(255,255,255,0)&#8220; image_force_fullwidth=&#8220;on&#8220; item_padding=&#8220;170px||||false|false&#8220; admin_label=&#8220;Carosello&#8220; _builder_version=&#8220;4.14.7&#8243; title_font=&#8220;Jost|||on|||||&#8220; title_text_align=&#8220;center&#8220; title_text_color=&#8220;#FFFFFF&#8220; subtitle_font=&#8220;Krona One||||||||&#8220; subtitle_text_align=&#8220;center&#8220; subtitle_text_color=&#8220;#FFFFFF&#8220; subtitle_font_size=&#8220;32px&#8220; subtitle_letter_spacing=&#8220;-2px&#8220; body_font=&#8220;Anonymous Pro||||||||&#8220; body_text_align=&#8220;center&#8220; subtitle_font_size_tablet=&#8220;36px&#8220; subtitle_font_size_phone=&#8220;24px&#8220; subtitle_font_size_last_edited=&#8220;on|phone&#8220; global_colors_info=&#8220;{}&#8220;][dica_divi_carouselitem sub_title=&#8220;COSTA EST&#8220; button_url_new_window=&#8220;1&#8243; image_position=&#8220;image_under_title&#8220; _builder_version=&#8220;4.14.7&#8243; _dynamic_attributes=&#8220;link_option_url&#8220; _module_preset=&#8220;default&#8220; header_text_align=&#8220;center&#8220; subtitle_text_align=&#8220;center&#8220; background_image=&#8220;https:\/\/www.villaggioorizzonte.it\/wp-content\/uploads\/2022\/01\/default-placeholder.png&#8220; background_enable_image=&#8220;on&#8220; link_option_url=&#8220;@ET-DC@eyJkeW5hbWljIjp0cnVlLCJjb250ZW50IjoicG9zdF9saW5rX3VybF9wYWdlIiwic2V0dGluZ3MiOnsicG9zdF9pZCI6IjM2NzYifX0=@&#8220; custom_css_main_element=&#8220;height:450px!important;&#8220; global_colors_info=&#8220;{}&#8220;][\/dica_divi_carouselitem][dica_divi_carouselitem sub_title=&#8220;BARATTI&#8220; button_url_new_window=&#8220;1&#8243; image_position=&#8220;image_under_title&#8220; _builder_version=&#8220;4.14.7&#8243; _dynamic_attributes=&#8220;link_option_url&#8220; _module_preset=&#8220;default&#8220; header_text_align=&#8220;center&#8220; subtitle_text_align=&#8220;center&#8220; background_image=&#8220;https:\/\/www.villaggioorizzonte.it\/wp-content\/uploads\/2022\/01\/default-placeholder.png&#8220; background_enable_image=&#8220;on&#8220; link_option_url=&#8220;@ET-DC@eyJkeW5hbWljIjp0cnVlLCJjb250ZW50IjoicG9zdF9saW5rX3VybF9wYWdlIiwic2V0dGluZ3MiOnsicG9zdF9pZCI6IjM2MTgifX0=@&#8220; custom_css_main_element=&#8220;height:450px!important;&#8220; global_colors_info=&#8220;{}&#8220;][\/dica_divi_carouselitem][dica_divi_carouselitem sub_title=&#8220;DOG BEACH&#8220; button_url_new_window=&#8220;1&#8243; image_position=&#8220;image_under_title&#8220; _builder_version=&#8220;4.14.7&#8243; _dynamic_attributes=&#8220;link_option_url&#8220; _module_preset=&#8220;default&#8220; header_text_align=&#8220;center&#8220; subtitle_text_align=&#8220;center&#8220; background_image=&#8220;https:\/\/www.villaggioorizzonte.it\/wp-content\/uploads\/2022\/01\/default-placeholder.png&#8220; background_enable_image=&#8220;on&#8220; link_option_url=&#8220;@ET-DC@eyJkeW5hbWljIjp0cnVlLCJjb250ZW50IjoicG9zdF9saW5rX3VybF9wYWdlIiwic2V0dGluZ3MiOnsicG9zdF9pZCI6IjM0OTIifX0=@&#8220; custom_css_main_element=&#8220;height:450px!important;&#8220; global_colors_info=&#8220;{}&#8220;][\/dica_divi_carouselitem][dica_divi_carouselitem sub_title=&#8220;NUDISTI&#8220; button_url_new_window=&#8220;1&#8243; image_position=&#8220;image_under_title&#8220; _builder_version=&#8220;4.14.7&#8243; _dynamic_attributes=&#8220;link_option_url&#8220; _module_preset=&#8220;default&#8220; header_text_align=&#8220;center&#8220; subtitle_text_align=&#8220;center&#8220; background_image=&#8220;https:\/\/www.villaggioorizzonte.it\/wp-content\/uploads\/2022\/01\/default-placeholder.png&#8220; background_enable_image=&#8220;on&#8220; link_option_url=&#8220;@ET-DC@eyJkeW5hbWljIjp0cnVlLCJjb250ZW50IjoicG9zdF9saW5rX3VybF9wYWdlIiwic2V0dGluZ3MiOnsicG9zdF9pZCI6IjM1NzYifX0=@&#8220; custom_css_main_element=&#8220;height:450px!important;&#8220; global_colors_info=&#8220;{}&#8220;][\/dica_divi_carouselitem][\/dica_divi_carousel][\/et_pb_column][\/et_pb_row][\/et_pb_section]<\/p>\n","protected":false},"excerpt":{"rendered":"<p>FKK-Strand in San Vincenzo Im Naturpark RimiglianoDie Toskana ist ber\u00fchmt f\u00fcr den Tourismus am Meer und bekannt f\u00fcr ihre Str\u00e4nde, die frei oder ausgestattet sind, ideal f\u00fcr einen Strandurlaub zu zweit, mit der Familie oder mit Freunden. Die pr\u00e4chtige K\u00fcste ist eine st\u00e4ndige Abwechslung von langen goldenen Str\u00e4nden und herrlichen Buchten, von denen einige nur [&hellip;]<\/p>\n","protected":false},"author":7,"featured_media":0,"parent":7026,"menu_order":0,"comment_status":"closed","ping_status":"closed","template":"","meta":{"_et_pb_use_builder":"on","_et_pb_old_content":"","_et_gb_content_width":"","ngg_post_thumbnail":0,"footnotes":""},"class_list":["post-7042","page","type-page","status-publish","hentry"],"yoast_head":"<!-- This site is optimized with the Yoast SEO plugin v25.8 - https:\/\/yoast.com\/wordpress\/plugins\/seo\/ -->\n<title>FKK-Strand in der Toskana in San Vincenzo- Villaggio Orizzonte<\/title>\n<meta name=\"description\" content=\"Das Nido dell&#039;Aquila ist ein FKK-Strand in der Toskana, auch FKK genannt, im Naturpark Rimigliano in San Vincenzo\" \/>\n<meta name=\"robots\" content=\"index, follow, max-snippet:-1, max-image-preview:large, max-video-preview:-1\" \/>\n<link rel=\"canonical\" href=\"https:\/\/www.villaggioorizzonte.it\/de\/strande-toskana\/fkk-strand-toskana.html\" \/>\n<meta property=\"og:locale\" content=\"de_DE\" \/>\n<meta property=\"og:type\" content=\"article\" \/>\n<meta property=\"og:title\" content=\"FKK-Strand in der Toskana in San Vincenzo- Villaggio Orizzonte\" \/>\n<meta property=\"og:description\" content=\"Das Nido dell&#039;Aquila ist ein FKK-Strand in der Toskana, auch FKK genannt, im Naturpark Rimigliano in San Vincenzo\" \/>\n<meta property=\"og:url\" content=\"https:\/\/www.villaggioorizzonte.it\/de\/strande-toskana\/fkk-strand-toskana.html\" \/>\n<meta property=\"og:site_name\" content=\"Villaggio Orizzonte\" \/>\n<meta property=\"article:modified_time\" content=\"2022-03-30T10:30:04+00:00\" \/>\n<meta name=\"twitter:card\" content=\"summary_large_image\" \/>\n<script type=\"application\/ld+json\" class=\"yoast-schema-graph\">{\"@context\":\"https:\/\/schema.org\",\"@graph\":[{\"@type\":\"WebPage\",\"@id\":\"https:\/\/www.villaggioorizzonte.it\/de\/strande-toskana\/fkk-strand-toskana.html\",\"url\":\"https:\/\/www.villaggioorizzonte.it\/de\/strande-toskana\/fkk-strand-toskana.html\",\"name\":\"FKK-Strand in der Toskana in San Vincenzo- Villaggio Orizzonte\",\"isPartOf\":{\"@id\":\"https:\/\/www.villaggioorizzonte.it\/de\/#website\"},\"datePublished\":\"2019-10-21T10:51:10+00:00\",\"dateModified\":\"2022-03-30T10:30:04+00:00\",\"description\":\"Das Nido dell'Aquila ist ein FKK-Strand in der Toskana, auch FKK genannt, im Naturpark Rimigliano in San Vincenzo\",\"breadcrumb\":{\"@id\":\"https:\/\/www.villaggioorizzonte.it\/de\/strande-toskana\/fkk-strand-toskana.html#breadcrumb\"},\"inLanguage\":\"de\",\"potentialAction\":[{\"@type\":\"ReadAction\",\"target\":[\"https:\/\/www.villaggioorizzonte.it\/de\/strande-toskana\/fkk-strand-toskana.html\"]}]},{\"@type\":\"BreadcrumbList\",\"@id\":\"https:\/\/www.villaggioorizzonte.it\/de\/strande-toskana\/fkk-strand-toskana.html#breadcrumb\",\"itemListElement\":[{\"@type\":\"ListItem\",\"position\":1,\"name\":\"Home\",\"item\":\"https:\/\/www.villaggioorizzonte.it\/de\/\"},{\"@type\":\"ListItem\",\"position\":2,\"name\":\"Str\u00e4nde der Toskana\",\"item\":\"https:\/\/www.villaggioorizzonte.it\/de\/strande-toskana.html\"},{\"@type\":\"ListItem\",\"position\":3,\"name\":\"FKK-Strand\"}]},{\"@type\":\"WebSite\",\"@id\":\"https:\/\/www.villaggioorizzonte.it\/de\/#website\",\"url\":\"https:\/\/www.villaggioorizzonte.it\/de\/\",\"name\":\"Villaggio Orizzonte\",\"description\":\"Villaggio Turistico\",\"potentialAction\":[{\"@type\":\"SearchAction\",\"target\":{\"@type\":\"EntryPoint\",\"urlTemplate\":\"https:\/\/www.villaggioorizzonte.it\/de\/?s={search_term_string}\"},\"query-input\":{\"@type\":\"PropertyValueSpecification\",\"valueRequired\":true,\"valueName\":\"search_term_string\"}}],\"inLanguage\":\"de\"}]}<\/script>\n<!-- \/ Yoast SEO plugin. -->","yoast_head_json":{"title":"FKK-Strand in der Toskana in San Vincenzo- Villaggio Orizzonte","description":"Das Nido dell'Aquila ist ein FKK-Strand in der Toskana, auch FKK genannt, im Naturpark Rimigliano in San Vincenzo","robots":{"index":"index","follow":"follow","max-snippet":"max-snippet:-1","max-image-preview":"max-image-preview:large","max-video-preview":"max-video-preview:-1"},"canonical":"https:\/\/www.villaggioorizzonte.it\/de\/strande-toskana\/fkk-strand-toskana.html","og_locale":"de_DE","og_type":"article","og_title":"FKK-Strand in der Toskana in San Vincenzo- Villaggio Orizzonte","og_description":"Das Nido dell'Aquila ist ein FKK-Strand in der Toskana, auch FKK genannt, im Naturpark Rimigliano in San Vincenzo","og_url":"https:\/\/www.villaggioorizzonte.it\/de\/strande-toskana\/fkk-strand-toskana.html","og_site_name":"Villaggio Orizzonte","article_modified_time":"2022-03-30T10:30:04+00:00","twitter_card":"summary_large_image","schema":{"@context":"https:\/\/schema.org","@graph":[{"@type":"WebPage","@id":"https:\/\/www.villaggioorizzonte.it\/de\/strande-toskana\/fkk-strand-toskana.html","url":"https:\/\/www.villaggioorizzonte.it\/de\/strande-toskana\/fkk-strand-toskana.html","name":"FKK-Strand in der Toskana in San Vincenzo- Villaggio Orizzonte","isPartOf":{"@id":"https:\/\/www.villaggioorizzonte.it\/de\/#website"},"datePublished":"2019-10-21T10:51:10+00:00","dateModified":"2022-03-30T10:30:04+00:00","description":"Das Nido dell'Aquila ist ein FKK-Strand in der Toskana, auch FKK genannt, im Naturpark Rimigliano in San Vincenzo","breadcrumb":{"@id":"https:\/\/www.villaggioorizzonte.it\/de\/strande-toskana\/fkk-strand-toskana.html#breadcrumb"},"inLanguage":"de","potentialAction":[{"@type":"ReadAction","target":["https:\/\/www.villaggioorizzonte.it\/de\/strande-toskana\/fkk-strand-toskana.html"]}]},{"@type":"BreadcrumbList","@id":"https:\/\/www.villaggioorizzonte.it\/de\/strande-toskana\/fkk-strand-toskana.html#breadcrumb","itemListElement":[{"@type":"ListItem","position":1,"name":"Home","item":"https:\/\/www.villaggioorizzonte.it\/de\/"},{"@type":"ListItem","position":2,"name":"Str\u00e4nde der Toskana","item":"https:\/\/www.villaggioorizzonte.it\/de\/strande-toskana.html"},{"@type":"ListItem","position":3,"name":"FKK-Strand"}]},{"@type":"WebSite","@id":"https:\/\/www.villaggioorizzonte.it\/de\/#website","url":"https:\/\/www.villaggioorizzonte.it\/de\/","name":"Villaggio Orizzonte","description":"Villaggio Turistico","potentialAction":[{"@type":"SearchAction","target":{"@type":"EntryPoint","urlTemplate":"https:\/\/www.villaggioorizzonte.it\/de\/?s={search_term_string}"},"query-input":{"@type":"PropertyValueSpecification","valueRequired":true,"valueName":"search_term_string"}}],"inLanguage":"de"}]}},"_links":{"self":[{"href":"https:\/\/www.villaggioorizzonte.it\/de\/wp-json\/wp\/v2\/pages\/7042","targetHints":{"allow":["GET"]}}],"collection":[{"href":"https:\/\/www.villaggioorizzonte.it\/de\/wp-json\/wp\/v2\/pages"}],"about":[{"href":"https:\/\/www.villaggioorizzonte.it\/de\/wp-json\/wp\/v2\/types\/page"}],"author":[{"embeddable":true,"href":"https:\/\/www.villaggioorizzonte.it\/de\/wp-json\/wp\/v2\/users\/7"}],"replies":[{"embeddable":true,"href":"https:\/\/www.villaggioorizzonte.it\/de\/wp-json\/wp\/v2\/comments?post=7042"}],"version-history":[{"count":0,"href":"https:\/\/www.villaggioorizzonte.it\/de\/wp-json\/wp\/v2\/pages\/7042\/revisions"}],"up":[{"embeddable":true,"href":"https:\/\/www.villaggioorizzonte.it\/de\/wp-json\/wp\/v2\/pages\/7026"}],"wp:attachment":[{"href":"https:\/\/www.villaggioorizzonte.it\/de\/wp-json\/wp\/v2\/media?parent=7042"}],"curies":[{"name":"wp","href":"https:\/\/api.w.org\/{rel}","templated":true}]}}