{"id":7036,"date":"2019-10-18T16:37:07","date_gmt":"2019-10-18T14:37:07","guid":{"rendered":"https:\/\/b6.aerostatonet.it\/strande-toskana\/dog-beach-toscana.html"},"modified":"2022-03-30T12:27:57","modified_gmt":"2022-03-30T10:27:57","slug":"hundestrand-toskana","status":"publish","type":"page","link":"https:\/\/www.villaggioorizzonte.it\/de\/strande-toskana\/hundestrand-toskana.html","title":{"rendered":"Hundestr\u00e4nde"},"content":{"rendered":"<p>[et_pb_section fb_built=&#8220;1&#8243; admin_label=&#8220;Testata&#8220; _builder_version=&#8220;4.14.7&#8243; _module_preset=&#8220;default&#8220; custom_margin=&#8220;0px|0px|0px||false|false&#8220; custom_padding=&#8220;0px|0px|0px|0px|false|false&#8220; saved_tabs=&#8220;all&#8220; locked=&#8220;off&#8220; collapsed=&#8220;on&#8220; global_colors_info=&#8220;{}&#8220;][et_pb_row use_custom_gutter=&#8220;on&#8220; gutter_width=&#8220;1&#8243; admin_label=&#8220;Sfondo immagine&#8220; module_class=&#8220;testata&#8220; _builder_version=&#8220;4.14.7&#8243; _module_preset=&#8220;default&#8220; background_color=&#8220;RGBA(255,255,255,0)&#8220; background_enable_image=&#8220;off&#8220; width=&#8220;100%&#8220; max_width=&#8220;100%&#8220; module_alignment=&#8220;center&#8220; height=&#8220;88vh&#8220; overflow-x=&#8220;hidden&#8220; overflow-y=&#8220;hidden&#8220; locked=&#8220;off&#8220; collapsed=&#8220;on&#8220; global_colors_info=&#8220;{}&#8220; custom_css_main_element_last_edited=&#8220;on|phone&#8220; custom_css_main_element_phone=&#8220;max-height: 550px!important;&#8220;][et_pb_column type=&#8220;4_4&#8243; _builder_version=&#8220;4.14.7&#8243; _module_preset=&#8220;default&#8220; global_colors_info=&#8220;{}&#8220;][et_pb_image src=&#8220;https:\/\/www.villaggioorizzonte.it\/wp-content\/uploads\/2019\/10\/dog-beach-toscana.jpg&#8220; title_text=&#8220;Dog beach Toscana&#8220; force_fullwidth=&#8220;on&#8220; _builder_version=&#8220;4.14.8&#8243; _module_preset=&#8220;default&#8220; hover_enabled=&#8220;0&#8243; saved_tabs=&#8220;all&#8220; global_colors_info=&#8220;{}&#8220; alt=&#8220;Dog beach Toscana&#8220; sticky_enabled=&#8220;0&#8243;][\/et_pb_image][\/et_pb_column][\/et_pb_row][et_pb_row column_structure=&#8220;2_5,3_5&#8243; use_custom_gutter=&#8220;on&#8220; gutter_width=&#8220;1&#8243; make_equal=&#8220;on&#8220; admin_label=&#8220;Titolo&#8220; _builder_version=&#8220;4.14.7&#8243; _module_preset=&#8220;default&#8220; background_color=&#8220;RGBA(255,255,255,0)&#8220; width=&#8220;100%&#8220; max_width=&#8220;100%&#8220; module_alignment=&#8220;left&#8220; custom_margin=&#8220;-163px||||false|false&#8220; custom_margin_tablet=&#8220;-163px||||false|false&#8220; custom_margin_phone=&#8220;-124px||||false|false&#8220; custom_margin_last_edited=&#8220;on|phone&#8220; custom_padding=&#8220;||||true|false&#8220; collapsed=&#8220;on&#8220; global_colors_info=&#8220;{}&#8220;][et_pb_column type=&#8220;2_5&#8243; disabled_on=&#8220;off|off|off&#8220; _builder_version=&#8220;4.14.7&#8243; _module_preset=&#8220;default&#8220; global_colors_info=&#8220;{}&#8220; custom_css_main_element_last_edited=&#8220;on|phone&#8220; custom_css_main_element_phone=&#8220;width:30px!important;||display:block!important;&#8220;][\/et_pb_column][et_pb_column type=&#8220;3_5&#8243; _builder_version=&#8220;4.14.7&#8243; _module_preset=&#8220;default&#8220; background_color=&#8220;#FFFFFF&#8220; custom_padding=&#8220;25px||25px|30px|true|false&#8220; custom_padding_tablet=&#8220;25px||25px|30px|true|false&#8220; custom_padding_phone=&#8220;||5px|20px|false|false&#8220; custom_padding_last_edited=&#8220;on|phone&#8220; global_colors_info=&#8220;{}&#8220; custom_css_main_element_last_edited=&#8220;on|phone&#8220; custom_css_main_element_phone=&#8220;width: calc(100% &#8211; 30px)!important;&#8220;][et_pb_text admin_label=&#8220;Testo&#8220; _builder_version=&#8220;4.14.7&#8243; _module_preset=&#8220;default&#8220; background_color=&#8220;RGBA(255,255,255,0)&#8220; hover_enabled=&#8220;0&#8243; saved_tabs=&#8220;all&#8220; global_colors_info=&#8220;{}&#8220; sticky_enabled=&#8220;0&#8243;]<\/p>\n<h2 class=\"h1app\">Am Strand mit Hunden&#8230;<\/h2>\n<h1 class=\"h2app\">&#8230;und viele Dienste!<\/h1>\n<p>[\/et_pb_text][\/et_pb_column][\/et_pb_row][\/et_pb_section][et_pb_section fb_built=&#8220;1&#8243; admin_label=&#8220;Intro&#8220; _builder_version=&#8220;4.14.7&#8243; _module_preset=&#8220;default&#8220; collapsed=&#8220;on&#8220; global_colors_info=&#8220;{}&#8220;][et_pb_row _builder_version=&#8220;4.14.7&#8243; _module_preset=&#8220;default&#8220; collapsed=&#8220;on&#8220; global_colors_info=&#8220;{}&#8220;][et_pb_column type=&#8220;4_4&#8243; _builder_version=&#8220;4.14.7&#8243; _module_preset=&#8220;default&#8220; background_enable_color=&#8220;off&#8220; custom_padding=&#8220;||||true|false&#8220; global_colors_info=&#8220;{}&#8220;][et_pb_text _builder_version=&#8220;4.14.7&#8243; _module_preset=&#8220;default&#8220; global_colors_info=&#8220;{}&#8220;]Wenn Sie mit Ihrem Hund in der <strong>Toskana<\/strong> Urlaub machen, bietet Ihnen die <strong>etruskische K\u00fcste<\/strong> verschiedene M\u00f6glichkeiten.<br \/>\nAusgehend von der Ostk\u00fcste, neben dem freien Strandabschnitt in der Gegend von <strong>Mortelliccio<\/strong>, an dem sich Hunde ohne Leine und ohne Maulkorb frei bewegen k\u00f6nnen, finden Sie am Strand von Perelli einen anderen Badeanstalt, den <strong>Pascia Glam<\/strong>. Die im herrlichen Parco della Sterpaia gelegene Badeanstalt beherbergt nicht nur die Hunde, die an diesem K\u00fcstenabschnitt mit ihren Besitzern baden k\u00f6nnen, sondern stellt ihnen auch einen ganzen Bereich mit Wasser, Becken und Duschen zur Verf\u00fcgung, der pelzigen Freunden vorbehalten ist.[\/et_pb_text][\/et_pb_column][\/et_pb_row][\/et_pb_section][et_pb_section fb_built=&#8220;1&#8243; admin_label=&#8220;Contenuto&#8220; _builder_version=&#8220;4.14.7&#8243; _module_preset=&#8220;default&#8220; collapsed=&#8220;off&#8220; global_colors_info=&#8220;{}&#8220;][et_pb_row column_structure=&#8220;1_3,1_3,1_3&#8243; _builder_version=&#8220;4.14.7&#8243; _module_preset=&#8220;default&#8220; global_colors_info=&#8220;{}&#8220;][et_pb_column type=&#8220;1_3&#8243; _builder_version=&#8220;4.14.7&#8243; _module_preset=&#8220;default&#8220; global_colors_info=&#8220;{}&#8220;][et_pb_image src=&#8220;https:\/\/www.villaggioorizzonte.it\/wp-content\/uploads\/2019\/10\/spiaggia-animali-toscana.jpg&#8220; title_text=&#8220;Spiagge per animali in Toscana&#8220; _builder_version=&#8220;4.14.8&#8243; _module_preset=&#8220;default&#8220; hover_enabled=&#8220;0&#8243; global_colors_info=&#8220;{}&#8220; alt=&#8220;Spiagge per animali in Toscana&#8220; sticky_enabled=&#8220;0&#8243;][\/et_pb_image][\/et_pb_column][et_pb_column type=&#8220;1_3&#8243; _builder_version=&#8220;4.14.7&#8243; _module_preset=&#8220;default&#8220; global_colors_info=&#8220;{}&#8220;][et_pb_image src=&#8220;https:\/\/www.villaggioorizzonte.it\/wp-content\/uploads\/2019\/10\/spiaggia-cani-toscana.jpg&#8220; title_text=&#8220;Spiaggia per cani in Toscana&#8220; _builder_version=&#8220;4.14.8&#8243; _module_preset=&#8220;default&#8220; hover_enabled=&#8220;0&#8243; global_colors_info=&#8220;{}&#8220; alt=&#8220;Spiaggia per cani in Toscana&#8220; sticky_enabled=&#8220;0&#8243;][\/et_pb_image][\/et_pb_column][et_pb_column type=&#8220;1_3&#8243; _builder_version=&#8220;4.14.7&#8243; _module_preset=&#8220;default&#8220; global_colors_info=&#8220;{}&#8220;][et_pb_image _builder_version=&#8220;4.14.8&#8243; _module_preset=&#8220;default&#8220; alt=&#8220;Dog beach Toscana&#8220; title_text=&#8220;Dog beach Toscana&#8220; src=&#8220;https:\/\/www.villaggioorizzonte.it\/wp-content\/uploads\/2019\/10\/dog-beach-costa-toscana.jpg&#8220; hover_enabled=&#8220;0&#8243; sticky_enabled=&#8220;0&#8243;][\/et_pb_image][\/et_pb_column][\/et_pb_row][et_pb_row column_structure=&#8220;1_2,1_2&#8243; _builder_version=&#8220;4.14.7&#8243; _module_preset=&#8220;default&#8220; global_colors_info=&#8220;{}&#8220;][et_pb_column type=&#8220;1_2&#8243; _builder_version=&#8220;4.14.7&#8243; _module_preset=&#8220;default&#8220; global_colors_info=&#8220;{}&#8220;][et_pb_text _builder_version=&#8220;4.14.7&#8243; _module_preset=&#8220;default&#8220; global_colors_info=&#8220;{}&#8220;]Einer der beliebtesten und meistbesuchten Orte im <strong>Val di Cornia<\/strong> ist zweifellos der Golf von Baratti. Gerade am Strand des Golfs so gem\u00fctlich und eindrucksvoll, durfte sich ein Hundestrand nicht entgehen lassen, f\u00fcr alle, die mit ihrem vierbeinigen Freund einen Tag am Strand ohne Gedanken verbringen m\u00f6chten. Der <strong>Hundestrand von Baratti<\/strong> ist ein freier Strandabschnitt, der all jenen vorbehalten ist, die mit ihren Tierfreunden im Urlaub sind. Er grenzt einerseits an die arch\u00e4ologischen Ausgrabungen von San Cerbone und andererseits an das Geb\u00e4ude in der N\u00e4he des Kiefernwaldes, das den Einheimischen besser bekannt ist <em>\u201eIl Casone\u201c<\/em>.[\/et_pb_text][\/et_pb_column][et_pb_column type=&#8220;1_2&#8243; _builder_version=&#8220;4.14.7&#8243; _module_preset=&#8220;default&#8220; global_colors_info=&#8220;{}&#8220;][et_pb_text _builder_version=&#8220;4.14.7&#8243; _module_preset=&#8220;default&#8220; global_colors_info=&#8220;{}&#8220;]Weiter n\u00f6rdlich in Richtung San Vincenzo befindet sich der <strong>Dog Beach<\/strong>, ein Strand, der vollst\u00e4ndig f\u00fcr einen Strandurlaub mit Ihrem Hund organisiert und strukturiert ist. Der Hundestrand ist sowohl f\u00fcr diejenigen geeignet, die den freien Strand genie\u00dfen m\u00f6chten, als auch f\u00fcr diejenigen, die den Komfort des Strandes nutzen m\u00f6chten. Zus\u00e4tzlich zu den vielen Serviceleistungen, die Sie in anderen Einrichtungen leicht finden k\u00f6nnen, finden Sie am Hundestrand von San Vincenzo einmal pro Woche einen Tierarzt am <strong>Strand, Wasser und Duschen f\u00fcr Hunde<\/strong>, Hundesitter-Service (auf Reservierung), Mobilit\u00e4tspfad in einem schattigen Park, ein Shop f\u00fcr Zubeh\u00f6r f\u00fcr Hunde und im Juli und August Hundetraining Kurse.[\/et_pb_text][\/et_pb_column][\/et_pb_row][\/et_pb_section][et_pb_section fb_built=&#8220;1&#8243; admin_label=&#8220;Altre spiagge&#8220; _builder_version=&#8220;4.14.7&#8243; _module_preset=&#8220;default&#8220; global_module=&#8220;275477&#8243; saved_tabs=&#8220;all&#8220; collapsed=&#8220;on&#8220; global_colors_info=&#8220;{}&#8220;][et_pb_row _builder_version=&#8220;4.14.7&#8243; _module_preset=&#8220;default&#8220; collapsed=&#8220;on&#8220; global_colors_info=&#8220;{}&#8220;][et_pb_column type=&#8220;4_4&#8243; _builder_version=&#8220;4.14.7&#8243; _module_preset=&#8220;default&#8220; global_colors_info=&#8220;{}&#8220;][dica_divi_carousel item_width_auto=&#8220;on&#8220; item_width=&#8220;300px&#8220; multislide=&#8220;on&#8220; centermode=&#8220;on&#8220; loop=&#8220;on&#8220; arrow_nav=&#8220;on&#8220; item_spacing=&#8220;15&#8243; equal_height=&#8220;on&#8220; lazy_loading=&#8220;on&#8220; load_before_transition=&#8220;on&#8220; advanced_effect=&#8220;1&#8243; arrow_nav_color=&#8220;#FFFFFF&#8220; arrow_bg_color=&#8220;rgba(255,255,255,0.5)&#8220; dots_color=&#8220;RGBA(255,255,255,0)&#8220; dots_active_color=&#8220;RGBA(255,255,255,0)&#8220; title_background=&#8220;RGBA(255,255,255,0)&#8220; subtitle_background=&#8220;RGBA(255,255,255,0)&#8220; image_force_fullwidth=&#8220;on&#8220; item_padding=&#8220;170px||||false|false&#8220; admin_label=&#8220;Carosello&#8220; _builder_version=&#8220;4.14.7&#8243; title_font=&#8220;Jost|||on|||||&#8220; title_text_align=&#8220;center&#8220; title_text_color=&#8220;#FFFFFF&#8220; subtitle_font=&#8220;Krona One||||||||&#8220; subtitle_text_align=&#8220;center&#8220; subtitle_text_color=&#8220;#FFFFFF&#8220; subtitle_font_size=&#8220;32px&#8220; subtitle_letter_spacing=&#8220;-2px&#8220; body_font=&#8220;Anonymous Pro||||||||&#8220; body_text_align=&#8220;center&#8220; subtitle_font_size_tablet=&#8220;36px&#8220; subtitle_font_size_phone=&#8220;24px&#8220; subtitle_font_size_last_edited=&#8220;on|phone&#8220; global_colors_info=&#8220;{}&#8220;][dica_divi_carouselitem sub_title=&#8220;COSTA EST&#8220; button_url_new_window=&#8220;1&#8243; image_position=&#8220;image_under_title&#8220; _builder_version=&#8220;4.14.7&#8243; _dynamic_attributes=&#8220;link_option_url&#8220; _module_preset=&#8220;default&#8220; header_text_align=&#8220;center&#8220; subtitle_text_align=&#8220;center&#8220; background_image=&#8220;https:\/\/www.villaggioorizzonte.it\/wp-content\/uploads\/2022\/01\/default-placeholder.png&#8220; background_enable_image=&#8220;on&#8220; link_option_url=&#8220;@ET-DC@eyJkeW5hbWljIjp0cnVlLCJjb250ZW50IjoicG9zdF9saW5rX3VybF9wYWdlIiwic2V0dGluZ3MiOnsicG9zdF9pZCI6IjM2NzYifX0=@&#8220; custom_css_main_element=&#8220;height:450px!important;&#8220; global_colors_info=&#8220;{}&#8220;][\/dica_divi_carouselitem][dica_divi_carouselitem sub_title=&#8220;BARATTI&#8220; button_url_new_window=&#8220;1&#8243; image_position=&#8220;image_under_title&#8220; _builder_version=&#8220;4.14.7&#8243; _dynamic_attributes=&#8220;link_option_url&#8220; _module_preset=&#8220;default&#8220; header_text_align=&#8220;center&#8220; subtitle_text_align=&#8220;center&#8220; background_image=&#8220;https:\/\/www.villaggioorizzonte.it\/wp-content\/uploads\/2022\/01\/default-placeholder.png&#8220; background_enable_image=&#8220;on&#8220; link_option_url=&#8220;@ET-DC@eyJkeW5hbWljIjp0cnVlLCJjb250ZW50IjoicG9zdF9saW5rX3VybF9wYWdlIiwic2V0dGluZ3MiOnsicG9zdF9pZCI6IjM2MTgifX0=@&#8220; custom_css_main_element=&#8220;height:450px!important;&#8220; global_colors_info=&#8220;{}&#8220;][\/dica_divi_carouselitem][dica_divi_carouselitem sub_title=&#8220;DOG BEACH&#8220; button_url_new_window=&#8220;1&#8243; image_position=&#8220;image_under_title&#8220; _builder_version=&#8220;4.14.7&#8243; _dynamic_attributes=&#8220;link_option_url&#8220; _module_preset=&#8220;default&#8220; header_text_align=&#8220;center&#8220; subtitle_text_align=&#8220;center&#8220; background_image=&#8220;https:\/\/www.villaggioorizzonte.it\/wp-content\/uploads\/2022\/01\/default-placeholder.png&#8220; background_enable_image=&#8220;on&#8220; link_option_url=&#8220;@ET-DC@eyJkeW5hbWljIjp0cnVlLCJjb250ZW50IjoicG9zdF9saW5rX3VybF9wYWdlIiwic2V0dGluZ3MiOnsicG9zdF9pZCI6IjM0OTIifX0=@&#8220; custom_css_main_element=&#8220;height:450px!important;&#8220; global_colors_info=&#8220;{}&#8220;][\/dica_divi_carouselitem][dica_divi_carouselitem sub_title=&#8220;NUDISTI&#8220; button_url_new_window=&#8220;1&#8243; image_position=&#8220;image_under_title&#8220; _builder_version=&#8220;4.14.7&#8243; _dynamic_attributes=&#8220;link_option_url&#8220; _module_preset=&#8220;default&#8220; header_text_align=&#8220;center&#8220; subtitle_text_align=&#8220;center&#8220; background_image=&#8220;https:\/\/www.villaggioorizzonte.it\/wp-content\/uploads\/2022\/01\/default-placeholder.png&#8220; background_enable_image=&#8220;on&#8220; link_option_url=&#8220;@ET-DC@eyJkeW5hbWljIjp0cnVlLCJjb250ZW50IjoicG9zdF9saW5rX3VybF9wYWdlIiwic2V0dGluZ3MiOnsicG9zdF9pZCI6IjM1NzYifX0=@&#8220; custom_css_main_element=&#8220;height:450px!important;&#8220; global_colors_info=&#8220;{}&#8220;][\/dica_divi_carouselitem][\/dica_divi_carousel][\/et_pb_column][\/et_pb_row][\/et_pb_section]<\/p>\n","protected":false},"excerpt":{"rendered":"<p>Am Strand mit Hunden&#8230; &#8230;und viele Dienste!Wenn Sie mit Ihrem Hund in der Toskana Urlaub machen, bietet Ihnen die etruskische K\u00fcste verschiedene M\u00f6glichkeiten. Ausgehend von der Ostk\u00fcste, neben dem freien Strandabschnitt in der Gegend von Mortelliccio, an dem sich Hunde ohne Leine und ohne Maulkorb frei bewegen k\u00f6nnen, finden Sie am Strand von Perelli einen [&hellip;]<\/p>\n","protected":false},"author":7,"featured_media":0,"parent":7026,"menu_order":0,"comment_status":"closed","ping_status":"closed","template":"","meta":{"_et_pb_use_builder":"on","_et_pb_old_content":"","_et_gb_content_width":"","ngg_post_thumbnail":0,"footnotes":""},"class_list":["post-7036","page","type-page","status-publish","hentry"],"yoast_head":"<!-- This site is optimized with the Yoast SEO plugin v25.8 - https:\/\/yoast.com\/wordpress\/plugins\/seo\/ -->\n<title>Hundestrand in der Toskana an der etruskischen K\u00fcste - Villaggio Orizzonte<\/title>\n<meta name=\"description\" content=\"Es gibt viele Str\u00e4nde an der etruskischen K\u00fcste in der Toskana, wo es m\u00f6glich ist, Hunde, freie und ausgestattete Str\u00e4nde wie den San Vincenzo Hundestrand mitzubringen\" \/>\n<meta name=\"robots\" content=\"index, follow, max-snippet:-1, max-image-preview:large, max-video-preview:-1\" \/>\n<link rel=\"canonical\" href=\"https:\/\/www.villaggioorizzonte.it\/de\/strande-toskana\/hundestrand-toskana.html\" \/>\n<meta property=\"og:locale\" content=\"de_DE\" \/>\n<meta property=\"og:type\" content=\"article\" \/>\n<meta property=\"og:title\" content=\"Hundestrand in der Toskana an der etruskischen K\u00fcste - Villaggio Orizzonte\" \/>\n<meta property=\"og:description\" content=\"Es gibt viele Str\u00e4nde an der etruskischen K\u00fcste in der Toskana, wo es m\u00f6glich ist, Hunde, freie und ausgestattete Str\u00e4nde wie den San Vincenzo Hundestrand mitzubringen\" \/>\n<meta property=\"og:url\" content=\"https:\/\/www.villaggioorizzonte.it\/de\/strande-toskana\/hundestrand-toskana.html\" \/>\n<meta property=\"og:site_name\" content=\"Villaggio Orizzonte\" \/>\n<meta property=\"article:modified_time\" content=\"2022-03-30T10:27:57+00:00\" \/>\n<meta name=\"twitter:card\" content=\"summary_large_image\" \/>\n<script type=\"application\/ld+json\" class=\"yoast-schema-graph\">{\"@context\":\"https:\/\/schema.org\",\"@graph\":[{\"@type\":\"WebPage\",\"@id\":\"https:\/\/www.villaggioorizzonte.it\/de\/strande-toskana\/hundestrand-toskana.html\",\"url\":\"https:\/\/www.villaggioorizzonte.it\/de\/strande-toskana\/hundestrand-toskana.html\",\"name\":\"Hundestrand in der Toskana an der etruskischen K\u00fcste - Villaggio Orizzonte\",\"isPartOf\":{\"@id\":\"https:\/\/www.villaggioorizzonte.it\/de\/#website\"},\"datePublished\":\"2019-10-18T14:37:07+00:00\",\"dateModified\":\"2022-03-30T10:27:57+00:00\",\"description\":\"Es gibt viele Str\u00e4nde an der etruskischen K\u00fcste in der Toskana, wo es m\u00f6glich ist, Hunde, freie und ausgestattete Str\u00e4nde wie den San Vincenzo Hundestrand mitzubringen\",\"breadcrumb\":{\"@id\":\"https:\/\/www.villaggioorizzonte.it\/de\/strande-toskana\/hundestrand-toskana.html#breadcrumb\"},\"inLanguage\":\"de\",\"potentialAction\":[{\"@type\":\"ReadAction\",\"target\":[\"https:\/\/www.villaggioorizzonte.it\/de\/strande-toskana\/hundestrand-toskana.html\"]}]},{\"@type\":\"BreadcrumbList\",\"@id\":\"https:\/\/www.villaggioorizzonte.it\/de\/strande-toskana\/hundestrand-toskana.html#breadcrumb\",\"itemListElement\":[{\"@type\":\"ListItem\",\"position\":1,\"name\":\"Home\",\"item\":\"https:\/\/www.villaggioorizzonte.it\/de\/\"},{\"@type\":\"ListItem\",\"position\":2,\"name\":\"Str\u00e4nde der Toskana\",\"item\":\"https:\/\/www.villaggioorizzonte.it\/de\/strande-toskana.html\"},{\"@type\":\"ListItem\",\"position\":3,\"name\":\"Hundestr\u00e4nde\"}]},{\"@type\":\"WebSite\",\"@id\":\"https:\/\/www.villaggioorizzonte.it\/de\/#website\",\"url\":\"https:\/\/www.villaggioorizzonte.it\/de\/\",\"name\":\"Villaggio Orizzonte\",\"description\":\"Villaggio Turistico\",\"potentialAction\":[{\"@type\":\"SearchAction\",\"target\":{\"@type\":\"EntryPoint\",\"urlTemplate\":\"https:\/\/www.villaggioorizzonte.it\/de\/?s={search_term_string}\"},\"query-input\":{\"@type\":\"PropertyValueSpecification\",\"valueRequired\":true,\"valueName\":\"search_term_string\"}}],\"inLanguage\":\"de\"}]}<\/script>\n<!-- \/ Yoast SEO plugin. -->","yoast_head_json":{"title":"Hundestrand in der Toskana an der etruskischen K\u00fcste - Villaggio Orizzonte","description":"Es gibt viele Str\u00e4nde an der etruskischen K\u00fcste in der Toskana, wo es m\u00f6glich ist, Hunde, freie und ausgestattete Str\u00e4nde wie den San Vincenzo Hundestrand mitzubringen","robots":{"index":"index","follow":"follow","max-snippet":"max-snippet:-1","max-image-preview":"max-image-preview:large","max-video-preview":"max-video-preview:-1"},"canonical":"https:\/\/www.villaggioorizzonte.it\/de\/strande-toskana\/hundestrand-toskana.html","og_locale":"de_DE","og_type":"article","og_title":"Hundestrand in der Toskana an der etruskischen K\u00fcste - Villaggio Orizzonte","og_description":"Es gibt viele Str\u00e4nde an der etruskischen K\u00fcste in der Toskana, wo es m\u00f6glich ist, Hunde, freie und ausgestattete Str\u00e4nde wie den San Vincenzo Hundestrand mitzubringen","og_url":"https:\/\/www.villaggioorizzonte.it\/de\/strande-toskana\/hundestrand-toskana.html","og_site_name":"Villaggio Orizzonte","article_modified_time":"2022-03-30T10:27:57+00:00","twitter_card":"summary_large_image","schema":{"@context":"https:\/\/schema.org","@graph":[{"@type":"WebPage","@id":"https:\/\/www.villaggioorizzonte.it\/de\/strande-toskana\/hundestrand-toskana.html","url":"https:\/\/www.villaggioorizzonte.it\/de\/strande-toskana\/hundestrand-toskana.html","name":"Hundestrand in der Toskana an der etruskischen K\u00fcste - Villaggio Orizzonte","isPartOf":{"@id":"https:\/\/www.villaggioorizzonte.it\/de\/#website"},"datePublished":"2019-10-18T14:37:07+00:00","dateModified":"2022-03-30T10:27:57+00:00","description":"Es gibt viele Str\u00e4nde an der etruskischen K\u00fcste in der Toskana, wo es m\u00f6glich ist, Hunde, freie und ausgestattete Str\u00e4nde wie den San Vincenzo Hundestrand mitzubringen","breadcrumb":{"@id":"https:\/\/www.villaggioorizzonte.it\/de\/strande-toskana\/hundestrand-toskana.html#breadcrumb"},"inLanguage":"de","potentialAction":[{"@type":"ReadAction","target":["https:\/\/www.villaggioorizzonte.it\/de\/strande-toskana\/hundestrand-toskana.html"]}]},{"@type":"BreadcrumbList","@id":"https:\/\/www.villaggioorizzonte.it\/de\/strande-toskana\/hundestrand-toskana.html#breadcrumb","itemListElement":[{"@type":"ListItem","position":1,"name":"Home","item":"https:\/\/www.villaggioorizzonte.it\/de\/"},{"@type":"ListItem","position":2,"name":"Str\u00e4nde der Toskana","item":"https:\/\/www.villaggioorizzonte.it\/de\/strande-toskana.html"},{"@type":"ListItem","position":3,"name":"Hundestr\u00e4nde"}]},{"@type":"WebSite","@id":"https:\/\/www.villaggioorizzonte.it\/de\/#website","url":"https:\/\/www.villaggioorizzonte.it\/de\/","name":"Villaggio Orizzonte","description":"Villaggio Turistico","potentialAction":[{"@type":"SearchAction","target":{"@type":"EntryPoint","urlTemplate":"https:\/\/www.villaggioorizzonte.it\/de\/?s={search_term_string}"},"query-input":{"@type":"PropertyValueSpecification","valueRequired":true,"valueName":"search_term_string"}}],"inLanguage":"de"}]}},"_links":{"self":[{"href":"https:\/\/www.villaggioorizzonte.it\/de\/wp-json\/wp\/v2\/pages\/7036","targetHints":{"allow":["GET"]}}],"collection":[{"href":"https:\/\/www.villaggioorizzonte.it\/de\/wp-json\/wp\/v2\/pages"}],"about":[{"href":"https:\/\/www.villaggioorizzonte.it\/de\/wp-json\/wp\/v2\/types\/page"}],"author":[{"embeddable":true,"href":"https:\/\/www.villaggioorizzonte.it\/de\/wp-json\/wp\/v2\/users\/7"}],"replies":[{"embeddable":true,"href":"https:\/\/www.villaggioorizzonte.it\/de\/wp-json\/wp\/v2\/comments?post=7036"}],"version-history":[{"count":0,"href":"https:\/\/www.villaggioorizzonte.it\/de\/wp-json\/wp\/v2\/pages\/7036\/revisions"}],"up":[{"embeddable":true,"href":"https:\/\/www.villaggioorizzonte.it\/de\/wp-json\/wp\/v2\/pages\/7026"}],"wp:attachment":[{"href":"https:\/\/www.villaggioorizzonte.it\/de\/wp-json\/wp\/v2\/media?parent=7036"}],"curies":[{"name":"wp","href":"https:\/\/api.w.org\/{rel}","templated":true}]}}