{"id":7008,"date":"2019-09-02T11:58:45","date_gmt":"2019-09-02T09:58:45","guid":{"rendered":"https:\/\/b6.aerostatonet.it\/urlaub-in-toskana\/suvereto.html"},"modified":"2022-03-30T14:31:59","modified_gmt":"2022-03-30T12:31:59","slug":"suvereto","status":"publish","type":"page","link":"https:\/\/www.villaggioorizzonte.it\/de\/urlaub-in-toskana\/suvereto.html","title":{"rendered":"Suvereto"},"content":{"rendered":"<p>[et_pb_section fb_built=&#8220;1&#8243; admin_label=&#8220;Testata&#8220; _builder_version=&#8220;4.14.7&#8243; _module_preset=&#8220;default&#8220; custom_margin=&#8220;0px|0px|0px||false|false&#8220; custom_padding=&#8220;0px|0px|0px|0px|false|false&#8220; saved_tabs=&#8220;all&#8220; locked=&#8220;off&#8220; collapsed=&#8220;on&#8220; global_colors_info=&#8220;{}&#8220;][et_pb_row use_custom_gutter=&#8220;on&#8220; gutter_width=&#8220;1&#8243; admin_label=&#8220;Sfondo immagine&#8220; module_class=&#8220;testata&#8220; _builder_version=&#8220;4.14.7&#8243; _module_preset=&#8220;default&#8220; background_color=&#8220;RGBA(255,255,255,0)&#8220; background_enable_image=&#8220;off&#8220; width=&#8220;100%&#8220; max_width=&#8220;100%&#8220; module_alignment=&#8220;center&#8220; height=&#8220;88vh&#8220; overflow-x=&#8220;hidden&#8220; overflow-y=&#8220;hidden&#8220; locked=&#8220;off&#8220; collapsed=&#8220;on&#8220; global_colors_info=&#8220;{}&#8220; custom_css_main_element_last_edited=&#8220;on|phone&#8220; custom_css_main_element_phone=&#8220;max-height: 550px!important;&#8220;][et_pb_column type=&#8220;4_4&#8243; _builder_version=&#8220;4.14.7&#8243; _module_preset=&#8220;default&#8220; global_colors_info=&#8220;{}&#8220;][et_pb_image src=&#8220;https:\/\/www.villaggioorizzonte.it\/wp-content\/uploads\/2019\/10\/suvereto-1.jpg&#8220; title_text=&#8220;Suvereto&#8220; force_fullwidth=&#8220;on&#8220; _builder_version=&#8220;4.14.8&#8243; _module_preset=&#8220;default&#8220; hover_enabled=&#8220;0&#8243; saved_tabs=&#8220;all&#8220; global_colors_info=&#8220;{}&#8220; alt=&#8220;Suvereto&#8220; sticky_enabled=&#8220;0&#8243;][\/et_pb_image][\/et_pb_column][\/et_pb_row][et_pb_row column_structure=&#8220;2_5,3_5&#8243; use_custom_gutter=&#8220;on&#8220; gutter_width=&#8220;1&#8243; make_equal=&#8220;on&#8220; admin_label=&#8220;Titolo&#8220; _builder_version=&#8220;4.14.7&#8243; _module_preset=&#8220;default&#8220; background_color=&#8220;RGBA(255,255,255,0)&#8220; width=&#8220;100%&#8220; max_width=&#8220;100%&#8220; module_alignment=&#8220;left&#8220; custom_margin=&#8220;-163px||||false|false&#8220; custom_margin_tablet=&#8220;-163px||||false|false&#8220; custom_margin_phone=&#8220;-124px||||false|false&#8220; custom_margin_last_edited=&#8220;on|phone&#8220; custom_padding=&#8220;||||true|false&#8220; collapsed=&#8220;on&#8220; global_colors_info=&#8220;{}&#8220;][et_pb_column type=&#8220;2_5&#8243; disabled_on=&#8220;off|off|off&#8220; _builder_version=&#8220;4.14.7&#8243; _module_preset=&#8220;default&#8220; global_colors_info=&#8220;{}&#8220; custom_css_main_element_last_edited=&#8220;on|phone&#8220; custom_css_main_element_phone=&#8220;width:30px!important;||display:block!important;&#8220;][\/et_pb_column][et_pb_column type=&#8220;3_5&#8243; _builder_version=&#8220;4.14.7&#8243; _module_preset=&#8220;default&#8220; background_color=&#8220;#FFFFFF&#8220; custom_padding=&#8220;25px||25px|30px|true|false&#8220; custom_padding_tablet=&#8220;25px||25px|30px|true|false&#8220; custom_padding_phone=&#8220;||5px|20px|false|false&#8220; custom_padding_last_edited=&#8220;on|phone&#8220; global_colors_info=&#8220;{}&#8220; custom_css_main_element_last_edited=&#8220;on|phone&#8220; custom_css_main_element_phone=&#8220;width: calc(100% &#8211; 30px)!important;&#8220;][et_pb_text admin_label=&#8220;Testo&#8220; _builder_version=&#8220;4.14.7&#8243; _module_preset=&#8220;default&#8220; background_color=&#8220;RGBA(255,255,255,0)&#8220; saved_tabs=&#8220;all&#8220; global_colors_info=&#8220;{}&#8220;]<\/p>\n<h2 class=\"h1app\">Ein Dorf mit Auszeichnung \u201cSch\u00f6nste Orte Italiens\u201d<\/h2>\n<h1 class=\"h2app\">an der Etruskerk\u00fcste<\/h1>\n<p>[\/et_pb_text][\/et_pb_column][\/et_pb_row][\/et_pb_section][et_pb_section fb_built=&#8220;1&#8243; admin_label=&#8220;Intro&#8220; _builder_version=&#8220;4.14.7&#8243; _module_preset=&#8220;default&#8220; collapsed=&#8220;on&#8220; global_colors_info=&#8220;{}&#8220;][et_pb_row _builder_version=&#8220;4.14.7&#8243; _module_preset=&#8220;default&#8220; collapsed=&#8220;on&#8220; global_colors_info=&#8220;{}&#8220;][et_pb_column type=&#8220;4_4&#8243; _builder_version=&#8220;4.14.7&#8243; _module_preset=&#8220;default&#8220; background_enable_color=&#8220;off&#8220; custom_padding=&#8220;||||true|false&#8220; global_colors_info=&#8220;{}&#8220;][et_pb_text _builder_version=&#8220;4.14.7&#8243; _module_preset=&#8220;default&#8220; global_colors_info=&#8220;{}&#8220;]Das Dorf Suvereto ist zweifellos eines der sch\u00f6nsten und charakteristischsten der etruskischen K\u00fcste. Es ist Mitglied des Vereins \u201eDie sch\u00f6nsten D\u00f6rfer Italiens\u201c und wurde f\u00fcr sein hervorragendes Angebot und seine Gastfreundschaft mit der orangenen Flagge ausgezeichnet.<br \/>\nNeben seiner <strong>Sch\u00f6nheit ist Suvereto<\/strong> bekannt f\u00fcr seine typischen Produkte, insbesondere \u00d6l und Wein, und es ist kein Zufall, dass es auch Teil des Vereins \u201eCitt\u00e0 del vino\u201c ist.<br \/>\nSuvereto liegt in einer wundersch\u00f6nen nat\u00fcrlichen Umgebung, nicht weit von einem der sch\u00f6nsten und klarsten Meere der toskanischen K\u00fcste entfernt und ist von Feldern mit alten Olivenb\u00e4umen und wundersch\u00f6nen Weinbergen umgeben. W\u00e4hrend Ihres Spaziergangs im Dorf k\u00f6nnen Sie nicht anders, als ein paar Minuten im wundersch\u00f6nen und charakteristischen ehemaligen Kloster San Francesco zu verweilen. In einer beherrschenden Stellung \u00fcber dem Borgo k\u00f6nnen Sie auch die<strong> Rocca Aldobrandesca<\/strong> bewundern.[\/et_pb_text][\/et_pb_column][\/et_pb_row][\/et_pb_section][et_pb_section fb_built=&#8220;1&#8243; admin_label=&#8220;Contenuto&#8220; _builder_version=&#8220;4.14.7&#8243; _module_preset=&#8220;default&#8220; collapsed=&#8220;off&#8220; global_colors_info=&#8220;{}&#8220;][et_pb_row column_structure=&#8220;1_3,1_3,1_3&#8243; _builder_version=&#8220;4.14.7&#8243; _module_preset=&#8220;default&#8220; collapsed=&#8220;on&#8220; global_colors_info=&#8220;{}&#8220;][et_pb_column type=&#8220;1_3&#8243; _builder_version=&#8220;4.14.7&#8243; _module_preset=&#8220;default&#8220; global_colors_info=&#8220;{}&#8220;][et_pb_image src=&#8220;https:\/\/www.villaggioorizzonte.it\/wp-content\/uploads\/2019\/10\/palazzo-comunale-suvereto.jpg&#8220; title_text=&#8220;Palazzo Comunale Suvereto&#8220; _builder_version=&#8220;4.14.8&#8243; _module_preset=&#8220;default&#8220; hover_enabled=&#8220;0&#8243; global_colors_info=&#8220;{}&#8220; alt=&#8220;Palazzo Comunale Suvereto&#8220; sticky_enabled=&#8220;0&#8243;][\/et_pb_image][\/et_pb_column][et_pb_column type=&#8220;1_3&#8243; _builder_version=&#8220;4.14.7&#8243; _module_preset=&#8220;default&#8220; global_colors_info=&#8220;{}&#8220;][et_pb_image src=&#8220;https:\/\/www.villaggioorizzonte.it\/wp-content\/uploads\/2019\/10\/vista-suvereto.jpg&#8220; title_text=&#8220;Vista di Suvereto&#8220; _builder_version=&#8220;4.14.8&#8243; _module_preset=&#8220;default&#8220; hover_enabled=&#8220;0&#8243; global_colors_info=&#8220;{}&#8220; alt=&#8220;Vista di Suvereto&#8220; sticky_enabled=&#8220;0&#8243;][\/et_pb_image][\/et_pb_column][et_pb_column type=&#8220;1_3&#8243; _builder_version=&#8220;4.14.7&#8243; _module_preset=&#8220;default&#8220; global_colors_info=&#8220;{}&#8220;][et_pb_image src=&#8220;https:\/\/www.villaggioorizzonte.it\/wp-content\/uploads\/2019\/10\/rocca-suvereto.jpg&#8220; title_text=&#8220;Rocca di Suvereto&#8220; _builder_version=&#8220;4.14.8&#8243; _module_preset=&#8220;default&#8220; hover_enabled=&#8220;0&#8243; global_colors_info=&#8220;{}&#8220; alt=&#8220;Rocca di Suvereto&#8220; sticky_enabled=&#8220;0&#8243;][\/et_pb_image][\/et_pb_column][\/et_pb_row][et_pb_row _builder_version=&#8220;4.14.7&#8243; _module_preset=&#8220;default&#8220; collapsed=&#8220;on&#8220; global_colors_info=&#8220;{}&#8220;][et_pb_column type=&#8220;4_4&#8243; _builder_version=&#8220;4.14.7&#8243; _module_preset=&#8220;default&#8220; global_colors_info=&#8220;{}&#8220;][et_pb_text _builder_version=&#8220;4.14.7&#8243; _module_preset=&#8220;default&#8220; global_colors_info=&#8220;{}&#8220;]Wenn Sie die unber\u00fchrte Natur lieben, finden Sie in der N\u00e4he des Borgo den <strong>Naturpark Montioni<\/strong>, einen der Val di Cornia Parks, der sich durch eine sehr reiche Tierwelt, eine typische mediterrane Flora und Denkm\u00e4ler aus der napoleonischen Zeit auszeichnet, die k\u00fcrzlich renoviert wurden.<br \/>\nUm einen Ort wirklich zu sch\u00e4tzen, sein Wesen und seine Geschichte zu verstehen, ist es auch wichtig, seine Traditionen zu kennen.<br \/>\nUnter den vielen beliebten Veranstaltungen ist eines der Highlights in Borgo di Suveretos Leben, das <strong>Wildschweinfest<\/strong>, das jedes Jahr am Wochenende um den 8. Dezember stattfindet, und seit fast 50 Jahren eines der am meisten erwarteten Ereignisse der Einheimischen und der Touristen ist.<br \/>\nNeben dem Wildschweinfest ist das <strong>Palio delle Botti<\/strong> ein charakteristisches Festival des Dorfes, das zweimal im Jahr stattfindet: im Mai in Verbindung mit den Schutzheiligen (Palio di Santa Croce) und am 13. August (Palio der Kaiser).<br \/>\nAbgesehen von Partys ist jeder Moment der richtige, um die Sch\u00f6nheiten dieser Perle der Toskana zu entdecken, die auf halbem Weg zwischen den H\u00fcgeln und dem Meer einzigartige Ausblicke, Geschm\u00e4cker und Aromen bietet.[\/et_pb_text][\/et_pb_column][\/et_pb_row][et_pb_row _builder_version=&#8220;4.14.7&#8243; _module_preset=&#8220;default&#8220; collapsed=&#8220;off&#8220; global_colors_info=&#8220;{}&#8220;][et_pb_column type=&#8220;4_4&#8243; _builder_version=&#8220;4.14.7&#8243; _module_preset=&#8220;default&#8220; global_colors_info=&#8220;{}&#8220;][et_pb_image src=&#8220;https:\/\/www.villaggioorizzonte.it\/wp-content\/uploads\/2019\/10\/chiostro-suvereto.jpg&#8220; title_text=&#8220;Chiostro a Suvereto&#8220; force_fullwidth=&#8220;on&#8220; _builder_version=&#8220;4.14.8&#8243; _module_preset=&#8220;default&#8220; hover_enabled=&#8220;0&#8243; global_colors_info=&#8220;{}&#8220; alt=&#8220;Chiostro a Suvereto&#8220; sticky_enabled=&#8220;0&#8243;][\/et_pb_image][\/et_pb_column][\/et_pb_row][\/et_pb_section][et_pb_section fb_built=&#8220;1&#8243; admin_label=&#8220;Altri borghi&#8220; _builder_version=&#8220;4.14.7&#8243; _module_preset=&#8220;default&#8220; global_module=&#8220;275562&#8243; saved_tabs=&#8220;all&#8220; collapsed=&#8220;off&#8220; global_colors_info=&#8220;{}&#8220;][et_pb_row _builder_version=&#8220;4.14.7&#8243; _module_preset=&#8220;default&#8220; collapsed=&#8220;off&#8220; global_colors_info=&#8220;{}&#8220;][et_pb_column type=&#8220;4_4&#8243; _builder_version=&#8220;4.14.7&#8243; _module_preset=&#8220;default&#8220; global_colors_info=&#8220;{}&#8220;][dica_divi_carousel item_width_auto=&#8220;on&#8220; item_width=&#8220;300px&#8220; multislide=&#8220;on&#8220; centermode=&#8220;on&#8220; loop=&#8220;on&#8220; arrow_nav=&#8220;on&#8220; item_spacing=&#8220;15&#8243; equal_height=&#8220;on&#8220; lazy_loading=&#8220;on&#8220; load_before_transition=&#8220;on&#8220; advanced_effect=&#8220;1&#8243; arrow_nav_color=&#8220;#FFFFFF&#8220; arrow_bg_color=&#8220;rgba(255,255,255,0.5)&#8220; dots_color=&#8220;RGBA(255,255,255,0)&#8220; dots_active_color=&#8220;RGBA(255,255,255,0)&#8220; title_background=&#8220;RGBA(255,255,255,0)&#8220; subtitle_background=&#8220;RGBA(255,255,255,0)&#8220; image_force_fullwidth=&#8220;on&#8220; item_padding=&#8220;170px||||false|false&#8220; admin_label=&#8220;Carosello&#8220; _builder_version=&#8220;4.14.8&#8243; title_font=&#8220;Jost|||on|||||&#8220; title_text_align=&#8220;center&#8220; title_text_color=&#8220;#FFFFFF&#8220; subtitle_font=&#8220;Krona One||||||||&#8220; subtitle_text_align=&#8220;center&#8220; subtitle_text_color=&#8220;#FFFFFF&#8220; subtitle_font_size=&#8220;32px&#8220; subtitle_letter_spacing=&#8220;-2px&#8220; body_font=&#8220;Anonymous Pro||||||||&#8220; body_text_align=&#8220;center&#8220; subtitle_font_size_tablet=&#8220;36px&#8220; subtitle_font_size_phone=&#8220;24px&#8220; subtitle_font_size_last_edited=&#8220;on|phone&#8220; global_colors_info=&#8220;{}&#8220;][dica_divi_carouselitem sub_title=&#8220;CAMPIGLIA MARITTIMA&#8220; button_url_new_window=&#8220;1&#8243; image_position=&#8220;image_under_title&#8220; _builder_version=&#8220;4.14.8&#8243; _dynamic_attributes=&#8220;link_option_url&#8220; _module_preset=&#8220;default&#8220; header_text_align=&#8220;center&#8220; subtitle_text_align=&#8220;center&#8220; background_image=&#8220;https:\/\/www.villaggioorizzonte.it\/wp-content\/uploads\/2019\/10\/campiglia-marittima-1-750&#215;900.jpg&#8220; background_enable_image=&#8220;on&#8220; link_option_url=&#8220;@ET-DC@eyJkeW5hbWljIjp0cnVlLCJjb250ZW50IjoicG9zdF9saW5rX3VybF9wYWdlIiwic2V0dGluZ3MiOnsicG9zdF9pZCI6IjE5NTMifX0=@&#8220; custom_css_main_element=&#8220;height:450px!important;&#8220; global_colors_info=&#8220;{}&#8220;][\/dica_divi_carouselitem][dica_divi_carouselitem sub_title=&#8220;SUVERETO&#8220; button_url_new_window=&#8220;1&#8243; image_position=&#8220;image_under_title&#8220; _builder_version=&#8220;4.14.8&#8243; _dynamic_attributes=&#8220;link_option_url&#8220; _module_preset=&#8220;default&#8220; header_text_align=&#8220;center&#8220; subtitle_text_align=&#8220;center&#8220; background_image=&#8220;https:\/\/www.villaggioorizzonte.it\/wp-content\/uploads\/2019\/10\/suvereto-1-750&#215;900.jpg&#8220; background_enable_image=&#8220;on&#8220; link_option_url=&#8220;@ET-DC@eyJkeW5hbWljIjp0cnVlLCJjb250ZW50IjoicG9zdF9saW5rX3VybF9wYWdlIiwic2V0dGluZ3MiOnsicG9zdF9pZCI6IjE5NTQifX0=@&#8220; custom_css_main_element=&#8220;height:450px!important;&#8220; global_colors_info=&#8220;{}&#8220;][\/dica_divi_carouselitem][dica_divi_carouselitem sub_title=&#8220;MASSA MARITTIMA&#8220; button_url_new_window=&#8220;1&#8243; image_position=&#8220;image_under_title&#8220; _builder_version=&#8220;4.14.8&#8243; _dynamic_attributes=&#8220;link_option_url&#8220; _module_preset=&#8220;default&#8220; header_text_align=&#8220;center&#8220; subtitle_text_align=&#8220;center&#8220; background_image=&#8220;https:\/\/www.villaggioorizzonte.it\/wp-content\/uploads\/2019\/10\/massa-marittima-1-750&#215;900.jpg&#8220; background_enable_image=&#8220;on&#8220; link_option_url=&#8220;@ET-DC@eyJkeW5hbWljIjp0cnVlLCJjb250ZW50IjoicG9zdF9saW5rX3VybF9wYWdlIiwic2V0dGluZ3MiOnsicG9zdF9pZCI6IjMxOTYifX0=@&#8220; custom_css_main_element=&#8220;height:450px!important;&#8220; global_colors_info=&#8220;{}&#8220;][\/dica_divi_carouselitem][dica_divi_carouselitem sub_title=&#8220;BOLGHERI&#8220; button_url_new_window=&#8220;1&#8243; image_position=&#8220;image_under_title&#8220; _builder_version=&#8220;4.14.8&#8243; _dynamic_attributes=&#8220;link_option_url&#8220; _module_preset=&#8220;default&#8220; header_text_align=&#8220;center&#8220; subtitle_text_align=&#8220;center&#8220; background_image=&#8220;https:\/\/www.villaggioorizzonte.it\/wp-content\/uploads\/2019\/10\/bolgheri-1.jpg&#8220; background_enable_image=&#8220;on&#8220; link_option_url=&#8220;@ET-DC@eyJkeW5hbWljIjp0cnVlLCJjb250ZW50IjoicG9zdF9saW5rX3VybF9wYWdlIiwic2V0dGluZ3MiOnsicG9zdF9pZCI6IjE5NTUifX0=@&#8220; custom_css_main_element=&#8220;height:450px!important;&#8220; global_colors_info=&#8220;{}&#8220;][\/dica_divi_carouselitem][dica_divi_carouselitem sub_title=&#8220;PIOMBINO&#8220; button_url_new_window=&#8220;1&#8243; image_position=&#8220;image_under_title&#8220; _builder_version=&#8220;4.14.8&#8243; _dynamic_attributes=&#8220;link_option_url&#8220; _module_preset=&#8220;default&#8220; header_text_align=&#8220;center&#8220; subtitle_text_align=&#8220;center&#8220; background_image=&#8220;https:\/\/www.villaggioorizzonte.it\/wp-content\/uploads\/2019\/10\/piombino-toscana.jpg&#8220; background_enable_image=&#8220;on&#8220; link_option_url=&#8220;@ET-DC@eyJkeW5hbWljIjp0cnVlLCJjb250ZW50IjoicG9zdF9saW5rX3VybF9wYWdlIiwic2V0dGluZ3MiOnsicG9zdF9pZCI6IjE5NTYifX0=@&#8220; custom_css_main_element=&#8220;height:450px!important;&#8220; global_colors_info=&#8220;{}&#8220;][\/dica_divi_carouselitem][dica_divi_carouselitem sub_title=&#8220;CASTAGNETO CARDUCCI&#8220; button_url_new_window=&#8220;1&#8243; image_position=&#8220;image_under_title&#8220; _builder_version=&#8220;4.14.8&#8243; _dynamic_attributes=&#8220;link_option_url&#8220; _module_preset=&#8220;default&#8220; header_text_align=&#8220;center&#8220; subtitle_text_align=&#8220;center&#8220; background_image=&#8220;https:\/\/www.villaggioorizzonte.it\/wp-content\/uploads\/2019\/10\/castagneto-carducci-1.jpg&#8220; background_enable_image=&#8220;on&#8220; link_option_url=&#8220;@ET-DC@eyJkeW5hbWljIjp0cnVlLCJjb250ZW50IjoicG9zdF9saW5rX3VybF9wYWdlIiwic2V0dGluZ3MiOnsicG9zdF9pZCI6IjE5NTcifX0=@&#8220; custom_css_main_element=&#8220;height:450px!important;&#8220; global_colors_info=&#8220;{}&#8220;][\/dica_divi_carouselitem][dica_divi_carouselitem sub_title=&#8220;SASSETTA&#8220; button_url_new_window=&#8220;1&#8243; image_position=&#8220;image_under_title&#8220; _builder_version=&#8220;4.14.8&#8243; _dynamic_attributes=&#8220;link_option_url&#8220; _module_preset=&#8220;default&#8220; header_text_align=&#8220;center&#8220; subtitle_text_align=&#8220;center&#8220; background_image=&#8220;https:\/\/www.villaggioorizzonte.it\/wp-content\/uploads\/2019\/10\/sassetta-1.jpg&#8220; background_enable_image=&#8220;on&#8220; link_option_url=&#8220;@ET-DC@eyJkeW5hbWljIjp0cnVlLCJjb250ZW50IjoicG9zdF9saW5rX3VybF9wYWdlIiwic2V0dGluZ3MiOnsicG9zdF9pZCI6IjE5NTgifX0=@&#8220; custom_css_main_element=&#8220;height:450px!important;&#8220; global_colors_info=&#8220;{}&#8220;][\/dica_divi_carouselitem][dica_divi_carouselitem sub_title=&#8220;POPULONIA&#8220; button_url_new_window=&#8220;1&#8243; image_position=&#8220;image_under_title&#8220; _builder_version=&#8220;4.14.8&#8243; _dynamic_attributes=&#8220;link_option_url&#8220; _module_preset=&#8220;default&#8220; header_text_align=&#8220;center&#8220; subtitle_text_align=&#8220;center&#8220; background_image=&#8220;https:\/\/www.villaggioorizzonte.it\/wp-content\/uploads\/2019\/10\/populonia-borgo.jpg&#8220; background_enable_image=&#8220;on&#8220; link_option_url=&#8220;@ET-DC@eyJkeW5hbWljIjp0cnVlLCJjb250ZW50IjoicG9zdF9saW5rX3VybF9wYWdlIiwic2V0dGluZ3MiOnsicG9zdF9pZCI6IjE5NTkifX0=@&#8220; custom_css_main_element=&#8220;height:450px!important;&#8220; global_colors_info=&#8220;{}&#8220;][\/dica_divi_carouselitem][\/dica_divi_carousel][\/et_pb_column][\/et_pb_row][\/et_pb_section]<\/p>\n","protected":false},"excerpt":{"rendered":"<p>Ein Dorf mit Auszeichnung \u201cSch\u00f6nste Orte Italiens\u201d an der Etruskerk\u00fcsteDas Dorf Suvereto ist zweifellos eines der sch\u00f6nsten und charakteristischsten der etruskischen K\u00fcste. Es ist Mitglied des Vereins \u201eDie sch\u00f6nsten D\u00f6rfer Italiens\u201c und wurde f\u00fcr sein hervorragendes Angebot und seine Gastfreundschaft mit der orangenen Flagge ausgezeichnet. Neben seiner Sch\u00f6nheit ist Suvereto bekannt f\u00fcr seine typischen Produkte, [&hellip;]<\/p>\n","protected":false},"author":7,"featured_media":0,"parent":6998,"menu_order":33,"comment_status":"closed","ping_status":"closed","template":"","meta":{"_et_pb_use_builder":"on","_et_pb_old_content":"","_et_gb_content_width":"","ngg_post_thumbnail":0,"footnotes":""},"class_list":["post-7008","page","type-page","status-publish","hentry"],"yoast_head":"<!-- This site is optimized with the Yoast SEO plugin v25.8 - https:\/\/yoast.com\/wordpress\/plugins\/seo\/ -->\n<title>Suvereto: ein sehr charakteristisches toskanisches Dorf - Villaggio Orizzonte<\/title>\n<meta name=\"description\" content=\"Suvereto ist eines der charakteristischsten toskanischen D\u00f6rfer mit seinen engen Gassen und historischen Geb\u00e4uden wie der Rocca Aldobrandesca.\" \/>\n<meta name=\"robots\" content=\"index, follow, max-snippet:-1, max-image-preview:large, max-video-preview:-1\" \/>\n<link rel=\"canonical\" href=\"https:\/\/www.villaggioorizzonte.it\/de\/urlaub-in-toskana\/suvereto.html\" \/>\n<meta property=\"og:locale\" content=\"de_DE\" \/>\n<meta property=\"og:type\" content=\"article\" \/>\n<meta property=\"og:title\" content=\"Suvereto: ein sehr charakteristisches toskanisches Dorf - Villaggio Orizzonte\" \/>\n<meta property=\"og:description\" content=\"Suvereto ist eines der charakteristischsten toskanischen D\u00f6rfer mit seinen engen Gassen und historischen Geb\u00e4uden wie der Rocca Aldobrandesca.\" \/>\n<meta property=\"og:url\" content=\"https:\/\/www.villaggioorizzonte.it\/de\/urlaub-in-toskana\/suvereto.html\" \/>\n<meta property=\"og:site_name\" content=\"Villaggio Orizzonte\" \/>\n<meta property=\"article:modified_time\" content=\"2022-03-30T12:31:59+00:00\" \/>\n<meta name=\"twitter:card\" content=\"summary_large_image\" \/>\n<script type=\"application\/ld+json\" class=\"yoast-schema-graph\">{\"@context\":\"https:\/\/schema.org\",\"@graph\":[{\"@type\":\"WebPage\",\"@id\":\"https:\/\/www.villaggioorizzonte.it\/de\/urlaub-in-toskana\/suvereto.html\",\"url\":\"https:\/\/www.villaggioorizzonte.it\/de\/urlaub-in-toskana\/suvereto.html\",\"name\":\"Suvereto: ein sehr charakteristisches toskanisches Dorf - Villaggio Orizzonte\",\"isPartOf\":{\"@id\":\"https:\/\/www.villaggioorizzonte.it\/de\/#website\"},\"datePublished\":\"2019-09-02T09:58:45+00:00\",\"dateModified\":\"2022-03-30T12:31:59+00:00\",\"description\":\"Suvereto ist eines der charakteristischsten toskanischen D\u00f6rfer mit seinen engen Gassen und historischen Geb\u00e4uden wie der Rocca Aldobrandesca.\",\"breadcrumb\":{\"@id\":\"https:\/\/www.villaggioorizzonte.it\/de\/urlaub-in-toskana\/suvereto.html#breadcrumb\"},\"inLanguage\":\"de\",\"potentialAction\":[{\"@type\":\"ReadAction\",\"target\":[\"https:\/\/www.villaggioorizzonte.it\/de\/urlaub-in-toskana\/suvereto.html\"]}]},{\"@type\":\"BreadcrumbList\",\"@id\":\"https:\/\/www.villaggioorizzonte.it\/de\/urlaub-in-toskana\/suvereto.html#breadcrumb\",\"itemListElement\":[{\"@type\":\"ListItem\",\"position\":1,\"name\":\"Home\",\"item\":\"https:\/\/www.villaggioorizzonte.it\/de\/\"},{\"@type\":\"ListItem\",\"position\":2,\"name\":\"Toskanische D\u00f6rfer\",\"item\":\"https:\/\/www.villaggioorizzonte.it\/de\/urlaub-in-toskana.html\"},{\"@type\":\"ListItem\",\"position\":3,\"name\":\"Suvereto\"}]},{\"@type\":\"WebSite\",\"@id\":\"https:\/\/www.villaggioorizzonte.it\/de\/#website\",\"url\":\"https:\/\/www.villaggioorizzonte.it\/de\/\",\"name\":\"Villaggio Orizzonte\",\"description\":\"Villaggio Turistico\",\"potentialAction\":[{\"@type\":\"SearchAction\",\"target\":{\"@type\":\"EntryPoint\",\"urlTemplate\":\"https:\/\/www.villaggioorizzonte.it\/de\/?s={search_term_string}\"},\"query-input\":{\"@type\":\"PropertyValueSpecification\",\"valueRequired\":true,\"valueName\":\"search_term_string\"}}],\"inLanguage\":\"de\"}]}<\/script>\n<!-- \/ Yoast SEO plugin. -->","yoast_head_json":{"title":"Suvereto: ein sehr charakteristisches toskanisches Dorf - Villaggio Orizzonte","description":"Suvereto ist eines der charakteristischsten toskanischen D\u00f6rfer mit seinen engen Gassen und historischen Geb\u00e4uden wie der Rocca Aldobrandesca.","robots":{"index":"index","follow":"follow","max-snippet":"max-snippet:-1","max-image-preview":"max-image-preview:large","max-video-preview":"max-video-preview:-1"},"canonical":"https:\/\/www.villaggioorizzonte.it\/de\/urlaub-in-toskana\/suvereto.html","og_locale":"de_DE","og_type":"article","og_title":"Suvereto: ein sehr charakteristisches toskanisches Dorf - Villaggio Orizzonte","og_description":"Suvereto ist eines der charakteristischsten toskanischen D\u00f6rfer mit seinen engen Gassen und historischen Geb\u00e4uden wie der Rocca Aldobrandesca.","og_url":"https:\/\/www.villaggioorizzonte.it\/de\/urlaub-in-toskana\/suvereto.html","og_site_name":"Villaggio Orizzonte","article_modified_time":"2022-03-30T12:31:59+00:00","twitter_card":"summary_large_image","schema":{"@context":"https:\/\/schema.org","@graph":[{"@type":"WebPage","@id":"https:\/\/www.villaggioorizzonte.it\/de\/urlaub-in-toskana\/suvereto.html","url":"https:\/\/www.villaggioorizzonte.it\/de\/urlaub-in-toskana\/suvereto.html","name":"Suvereto: ein sehr charakteristisches toskanisches Dorf - Villaggio Orizzonte","isPartOf":{"@id":"https:\/\/www.villaggioorizzonte.it\/de\/#website"},"datePublished":"2019-09-02T09:58:45+00:00","dateModified":"2022-03-30T12:31:59+00:00","description":"Suvereto ist eines der charakteristischsten toskanischen D\u00f6rfer mit seinen engen Gassen und historischen Geb\u00e4uden wie der Rocca Aldobrandesca.","breadcrumb":{"@id":"https:\/\/www.villaggioorizzonte.it\/de\/urlaub-in-toskana\/suvereto.html#breadcrumb"},"inLanguage":"de","potentialAction":[{"@type":"ReadAction","target":["https:\/\/www.villaggioorizzonte.it\/de\/urlaub-in-toskana\/suvereto.html"]}]},{"@type":"BreadcrumbList","@id":"https:\/\/www.villaggioorizzonte.it\/de\/urlaub-in-toskana\/suvereto.html#breadcrumb","itemListElement":[{"@type":"ListItem","position":1,"name":"Home","item":"https:\/\/www.villaggioorizzonte.it\/de\/"},{"@type":"ListItem","position":2,"name":"Toskanische D\u00f6rfer","item":"https:\/\/www.villaggioorizzonte.it\/de\/urlaub-in-toskana.html"},{"@type":"ListItem","position":3,"name":"Suvereto"}]},{"@type":"WebSite","@id":"https:\/\/www.villaggioorizzonte.it\/de\/#website","url":"https:\/\/www.villaggioorizzonte.it\/de\/","name":"Villaggio Orizzonte","description":"Villaggio Turistico","potentialAction":[{"@type":"SearchAction","target":{"@type":"EntryPoint","urlTemplate":"https:\/\/www.villaggioorizzonte.it\/de\/?s={search_term_string}"},"query-input":{"@type":"PropertyValueSpecification","valueRequired":true,"valueName":"search_term_string"}}],"inLanguage":"de"}]}},"_links":{"self":[{"href":"https:\/\/www.villaggioorizzonte.it\/de\/wp-json\/wp\/v2\/pages\/7008","targetHints":{"allow":["GET"]}}],"collection":[{"href":"https:\/\/www.villaggioorizzonte.it\/de\/wp-json\/wp\/v2\/pages"}],"about":[{"href":"https:\/\/www.villaggioorizzonte.it\/de\/wp-json\/wp\/v2\/types\/page"}],"author":[{"embeddable":true,"href":"https:\/\/www.villaggioorizzonte.it\/de\/wp-json\/wp\/v2\/users\/7"}],"replies":[{"embeddable":true,"href":"https:\/\/www.villaggioorizzonte.it\/de\/wp-json\/wp\/v2\/comments?post=7008"}],"version-history":[{"count":0,"href":"https:\/\/www.villaggioorizzonte.it\/de\/wp-json\/wp\/v2\/pages\/7008\/revisions"}],"up":[{"embeddable":true,"href":"https:\/\/www.villaggioorizzonte.it\/de\/wp-json\/wp\/v2\/pages\/6998"}],"wp:attachment":[{"href":"https:\/\/www.villaggioorizzonte.it\/de\/wp-json\/wp\/v2\/media?parent=7008"}],"curies":[{"name":"wp","href":"https:\/\/api.w.org\/{rel}","templated":true}]}}