{"id":6941,"date":"2019-09-02T11:58:45","date_gmt":"2019-09-02T09:58:45","guid":{"rendered":"https:\/\/b6.aerostatonet.it\/villaggio-toscana-dog-friendly.html"},"modified":"2025-07-08T16:29:15","modified_gmt":"2025-07-08T14:29:15","slug":"feriendorf-toskanisch-hundefreundlich","status":"publish","type":"page","link":"https:\/\/www.villaggioorizzonte.it\/de\/feriendorf-toskanisch-hundefreundlich.html","title":{"rendered":"Hundefreundlich"},"content":{"rendered":"<p>[et_pb_section fb_built=&#8220;1&#8243; admin_label=&#8220;Testata&#8220; _builder_version=&#8220;4.16&#8243; _module_preset=&#8220;default&#8220; custom_margin=&#8220;0px|0px|0px||false|false&#8220; custom_padding=&#8220;0px|0px|0px|0px|false|false&#8220; da_disable_devices=&#8220;off|off|off&#8220; saved_tabs=&#8220;all&#8220; locked=&#8220;off&#8220; collapsed=&#8220;off&#8220; global_colors_info=&#8220;{}&#8220; da_is_popup=&#8220;off&#8220; da_exit_intent=&#8220;off&#8220; da_has_close=&#8220;on&#8220; da_alt_close=&#8220;off&#8220; da_dark_close=&#8220;off&#8220; da_not_modal=&#8220;on&#8220; da_is_singular=&#8220;off&#8220; da_with_loader=&#8220;off&#8220; da_has_shadow=&#8220;on&#8220;][et_pb_row use_custom_gutter=&#8220;on&#8220; gutter_width=&#8220;1&#8243; admin_label=&#8220;Sfondo immagine&#8220; module_class=&#8220;testata&#8220; _builder_version=&#8220;4.16&#8243; _module_preset=&#8220;default&#8220; background_color=&#8220;RGBA(255,255,255,0)&#8220; background_enable_image=&#8220;off&#8220; width=&#8220;100%&#8220; max_width=&#8220;100%&#8220; module_alignment=&#8220;center&#8220; height=&#8220;88vh&#8220; overflow-x=&#8220;hidden&#8220; overflow-y=&#8220;hidden&#8220; locked=&#8220;off&#8220; collapsed=&#8220;off&#8220; global_colors_info=&#8220;{}&#8220; custom_css_main_element_last_edited=&#8220;on|phone&#8220; custom_css_main_element_phone=&#8220;max-height: 550px!important;&#8220;][et_pb_column type=&#8220;4_4&#8243; _builder_version=&#8220;4.16&#8243; _module_preset=&#8220;default&#8220; global_colors_info=&#8220;{}&#8220;][et_pb_image src=&#8220;https:\/\/www.villaggioorizzonte.it\/wp-content\/uploads\/2022\/03\/Villaggio-Orizzonte-dog-friendly-toscana.jpg&#8220; alt=&#8220;Villaggio Orizzonte dog friendly toscana&#8220; title_text=&#8220;Villaggio Orizzonte dog friendly toscana&#8220; force_fullwidth=&#8220;on&#8220; _builder_version=&#8220;4.16&#8243; _module_preset=&#8220;default&#8220; saved_tabs=&#8220;all&#8220; global_colors_info=&#8220;{}&#8220;][\/et_pb_image][\/et_pb_column][\/et_pb_row][et_pb_row column_structure=&#8220;2_5,3_5&#8243; use_custom_gutter=&#8220;on&#8220; gutter_width=&#8220;1&#8243; make_equal=&#8220;on&#8220; admin_label=&#8220;Titolo&#8220; _builder_version=&#8220;4.16&#8243; _module_preset=&#8220;default&#8220; background_color=&#8220;RGBA(255,255,255,0)&#8220; width=&#8220;100%&#8220; max_width=&#8220;100%&#8220; module_alignment=&#8220;left&#8220; custom_margin=&#8220;-163px||||false|false&#8220; custom_margin_tablet=&#8220;-163px||||false|false&#8220; custom_margin_phone=&#8220;-124px||||false|false&#8220; custom_margin_last_edited=&#8220;on|phone&#8220; custom_padding=&#8220;||||true|false&#8220; collapsed=&#8220;off&#8220; global_colors_info=&#8220;{}&#8220;][et_pb_column type=&#8220;2_5&#8243; disabled_on=&#8220;off|off|off&#8220; _builder_version=&#8220;4.16&#8243; _module_preset=&#8220;default&#8220; global_colors_info=&#8220;{}&#8220; custom_css_main_element_last_edited=&#8220;on|phone&#8220; custom_css_main_element_phone=&#8220;width:30px!important;||display:block!important;&#8220;][\/et_pb_column][et_pb_column type=&#8220;3_5&#8243; _builder_version=&#8220;4.16&#8243; _module_preset=&#8220;default&#8220; background_color=&#8220;#FFFFFF&#8220; custom_padding=&#8220;25px||25px|30px|true|false&#8220; custom_padding_tablet=&#8220;25px||25px|30px|true|false&#8220; custom_padding_phone=&#8220;||5px|20px|false|false&#8220; custom_padding_last_edited=&#8220;on|phone&#8220; global_colors_info=&#8220;{}&#8220; custom_css_main_element_last_edited=&#8220;on|phone&#8220; custom_css_main_element_phone=&#8220;width: calc(100% &#8211; 30px)!important;&#8220;][et_pb_text admin_label=&#8220;Testo&#8220; _builder_version=&#8220;4.18.0&#8243; _module_preset=&#8220;default&#8220; background_color=&#8220;RGBA(255,255,255,0)&#8220; saved_tabs=&#8220;all&#8220; global_colors_info=&#8220;{}&#8220;]<\/p>\n<h2 class=\"h1app\">Hundefreundlich<\/h2>\n<h1>IHR HUNDEFREUNDLICHES feriendorf IN DER TOSKANA<\/h1>\n<p>[\/et_pb_text][\/et_pb_column][\/et_pb_row][\/et_pb_section][et_pb_section fb_built=&#8220;1&#8243; admin_label=&#8220;Intro&#8220; _builder_version=&#8220;4.16&#8243; _module_preset=&#8220;default&#8220; da_disable_devices=&#8220;off|off|off&#8220; collapsed=&#8220;off&#8220; global_colors_info=&#8220;{}&#8220; da_is_popup=&#8220;off&#8220; da_exit_intent=&#8220;off&#8220; da_has_close=&#8220;on&#8220; da_alt_close=&#8220;off&#8220; da_dark_close=&#8220;off&#8220; da_not_modal=&#8220;on&#8220; da_is_singular=&#8220;off&#8220; da_with_loader=&#8220;off&#8220; da_has_shadow=&#8220;on&#8220;][et_pb_row column_structure=&#8220;1_3,2_3&#8243; _builder_version=&#8220;4.16&#8243; _module_preset=&#8220;default&#8220; global_colors_info=&#8220;{}&#8220;][et_pb_column type=&#8220;1_3&#8243; _builder_version=&#8220;4.16&#8243; _module_preset=&#8220;default&#8220; background_enable_color=&#8220;off&#8220; custom_padding=&#8220;||||true|false&#8220; global_colors_info=&#8220;{}&#8220;][et_pb_cta title=&#8220;HAUSORDNUNG f\u00fcr HAUSTIERE&#8220; button_url=&#8220;https:\/\/www.villaggioorizzonte.it\/wp-content\/uploads\/2025\/06\/REGOLAMENTO-CANI-2025-ted.pdf&#8220; url_new_window=&#8220;on&#8220; button_text=&#8220;ANSICHT&#8220; _builder_version=&#8220;4.21.0&#8243; _module_preset=&#8220;default&#8220; header_font_size=&#8220;21px&#8220; background_color=&#8220;#f04d1a&#8220; global_colors_info=&#8220;{}&#8220;]<\/p>\n<p><img loading=\"lazy\" decoding=\"async\" class=\"wp-image-274735 alignnone \" src=\"https:\/\/www.villaggioorizzonte.it\/wp-content\/uploads\/2022\/02\/cane-225x300.png\" alt=\"\" width=\"131\" height=\"175\" srcset=\"https:\/\/www.villaggioorizzonte.it\/wp-content\/uploads\/2022\/02\/cane-225x300.png 225w, https:\/\/www.villaggioorizzonte.it\/wp-content\/uploads\/2022\/02\/cane.png 237w\" sizes=\"auto, (max-width: 131px) 100vw, 131px\" \/><\/p>\n<p>[\/et_pb_cta][\/et_pb_column][et_pb_column type=&#8220;2_3&#8243; _builder_version=&#8220;4.16&#8243; _module_preset=&#8220;default&#8220; custom_padding=&#8220;||||true|false&#8220; global_colors_info=&#8220;{}&#8220;][et_pb_text _builder_version=&#8220;4.21.0&#8243; _module_preset=&#8220;default&#8220; hover_enabled=&#8220;0&#8243; global_colors_info=&#8220;{}&#8220; sticky_enabled=&#8220;0&#8243;]<\/p>\n<p>Im Villaggio Orizzonte k\u00f6nnen&nbsp;<strong>Sie unvergessliche Ferien mit Ihrem 4-beinigen Freund verbringen.<\/strong><\/p>\n<p>Haustiere sind bei uns nicht nur erlaubt, sie sind herzlich willkommen! Wir sind einer der wenigen, <strong>HUNDEFREUNDLICHEN<\/strong>&nbsp;Ferienunterk\u00fcnfte in der Toskana!<\/p>\n<h5>HUNDESERVICES<\/h5>\n<p>Die Aktivit\u00e4t wird von Costanza D\u2019Asta organisiert, zertifizierte Hundetrainerin der SIUA \u2013 Fachkraft f\u00fcr didaktische und assistierende Zooanthropologie \u2013 FICSS-Mobility-Technikerin, und von Laura Buti durchgef\u00fchrt, SIUA-Hundeerzieherin \u2013 Fachkraft f\u00fcr didaktische Zooanthropologie.<\/p>\n<p>[\/et_pb_text][et_pb_image src=&#8220;https:\/\/www.villaggioorizzonte.it\/wp-content\/uploads\/2022\/03\/coccarda-top-100-140&#215;196-1.gif&#8220; title_text=&#8220;coccarda-top-100-140&#215;196-1&#8243; align=&#8220;center&#8220; _builder_version=&#8220;4.16&#8243; _module_preset=&#8220;default&#8220; transform_scale=&#8220;71%|71%&#8220; global_colors_info=&#8220;{}&#8220;][\/et_pb_image][\/et_pb_column][\/et_pb_row][\/et_pb_section][et_pb_section fb_built=&#8220;1&#8243; admin_label=&#8220;Contenuto&#8220; _builder_version=&#8220;4.16&#8243; _module_preset=&#8220;default&#8220; da_disable_devices=&#8220;off|off|off&#8220; collapsed=&#8220;off&#8220; global_colors_info=&#8220;{}&#8220; da_is_popup=&#8220;off&#8220; da_exit_intent=&#8220;off&#8220; da_has_close=&#8220;on&#8220; da_alt_close=&#8220;off&#8220; da_dark_close=&#8220;off&#8220; da_not_modal=&#8220;on&#8220; da_is_singular=&#8220;off&#8220; da_with_loader=&#8220;off&#8220; da_has_shadow=&#8220;on&#8220;][et_pb_row column_structure=&#8220;2_5,3_5&#8243; _builder_version=&#8220;4.16&#8243; _module_preset=&#8220;default&#8220; global_colors_info=&#8220;{}&#8220;][et_pb_column type=&#8220;2_5&#8243; _builder_version=&#8220;4.16&#8243; _module_preset=&#8220;default&#8220; global_colors_info=&#8220;{}&#8220;][et_pb_image src=&#8220;https:\/\/www.villaggioorizzonte.it\/wp-content\/uploads\/2021\/10\/animali-zooantropologia.jpg&#8220; alt=&#8220;animali-zooantropologia&#8220; title_text=&#8220;animali-zooantropologia&#8220; _builder_version=&#8220;4.16&#8243; _module_preset=&#8220;default&#8220; global_colors_info=&#8220;{}&#8220;][\/et_pb_image][\/et_pb_column][et_pb_column type=&#8220;3_5&#8243; _builder_version=&#8220;4.16&#8243; _module_preset=&#8220;default&#8220; global_colors_info=&#8220;{}&#8220;][et_pb_text _builder_version=&#8220;4.21.0&#8243; _module_preset=&#8220;default&#8220; hover_enabled=&#8220;0&#8243; global_colors_info=&#8220;{}&#8220; sticky_enabled=&#8220;0&#8243;]<\/p>\n<h5>Erziehungskurse und Verhaltenstherapie<\/h5>\n<p>W\u00e4hrend des Aufenthalts k\u00f6nnen G\u00e4ste die Unterst\u00fctzung eines Hundeerziehers in Anspruch nehmen, um eine gute Beziehung zu ihrem Hund aufzubauen, mit ihm zu kommunizieren und seine Bed\u00fcrfnisse zu verstehen, Verhaltens- und F\u00fchrungsprobleme zu l\u00f6sen und seine soziale Integration zu verbessern.<br \/>\nEINZELSITZUNGEN NACH TERMINVEREINBARUNG<\/p>\n<h5>Didaktisches Zooanthropologie-Labor<\/h5>\n<p>Die Projekte der didaktischen Zooanthropologie sind Bildungswege zur F\u00f6rderung der Beziehung zu Tieren und zu einem besseren Verst\u00e4ndnis derselben. Kinder haben dabei die M\u00f6glichkeit, die Beziehung zur Natur und zu anderen Lebewesen auf konstruktive Weise zu erleben \u2013 mit klar definierten p\u00e4dagogischen Zielen.<\/p>\n<p>W\u00d6CHENTLICHE TREFFEN IN KLEINEN GRUPPEN[\/et_pb_text][\/et_pb_column][\/et_pb_row][et_pb_row _builder_version=&#8220;4.16&#8243; _module_preset=&#8220;default&#8220; global_colors_info=&#8220;{}&#8220;][et_pb_column type=&#8220;4_4&#8243; _builder_version=&#8220;4.16&#8243; _module_preset=&#8220;default&#8220; global_colors_info=&#8220;{}&#8220;][et_pb_image src=&#8220;https:\/\/www.villaggioorizzonte.it\/wp-content\/uploads\/2019\/09\/villaggi-vacanze-toscana-con-animali.jpg&#8220; alt=&#8220;villaggi vacanze toscana con animali&#8220; title_text=&#8220;villaggi vacanze toscana con animali&#8220; _builder_version=&#8220;4.16&#8243; _module_preset=&#8220;default&#8220; global_colors_info=&#8220;{}&#8220;][\/et_pb_image][\/et_pb_column][\/et_pb_row][et_pb_row admin_label=&#8220;Blocco&#8220; _builder_version=&#8220;4.16&#8243; _module_preset=&#8220;default&#8220; global_colors_info=&#8220;{}&#8220;][et_pb_column type=&#8220;4_4&#8243; _builder_version=&#8220;4.16&#8243; _module_preset=&#8220;default&#8220; global_colors_info=&#8220;{}&#8220;][et_pb_text admin_label=&#8220;Titolo&#8220; _builder_version=&#8220;4.16&#8243; _module_preset=&#8220;default&#8220; hover_enabled=&#8220;0&#8243; global_colors_info=&#8220;{}&#8220; sticky_enabled=&#8220;0&#8243;]<\/p>\n<h4 class=\"h4pag\" style=\"text-align: center;\">Die Aktivit\u00e4ten<\/h4>\n<p>[\/et_pb_text][\/et_pb_column][\/et_pb_row][et_pb_row column_structure=&#8220;1_2,1_2&#8243; _builder_version=&#8220;4.16&#8243; _module_preset=&#8220;default&#8220; global_colors_info=&#8220;{}&#8220;][et_pb_column type=&#8220;1_2&#8243; _builder_version=&#8220;4.16&#8243; _module_preset=&#8220;default&#8220; global_colors_info=&#8220;{}&#8220;][et_pb_text _builder_version=&#8220;4.21.0&#8243; _module_preset=&#8220;default&#8220; hover_enabled=&#8220;0&#8243; global_colors_info=&#8220;{}&#8220; sticky_enabled=&#8220;0&#8243;]<\/p>\n<hr class=\"blu left\">\n<h5>Dog Point<\/h5>\n<p>Ein Bereich, der ganz der Begr\u00fc\u00dfung unserer vierbeinigen G\u00e4ste gewidmet ist!<br \/>\nWir sind am Dog Point f\u00fcr Sie da und geben Ihnen alle n\u00fctzlichen Informationen, damit Sie einen unvergesslichen Urlaub mit Ihrem vierbeinigen Begleiter genie\u00dfen k\u00f6nnen!<br \/>\nWir stellen Ihnen die hundefreundlichen Services im Feriendorf vor, die ausgestatteten Bereiche und alle weiteren Hinweise und Hilfen, die Sie ben\u00f6tigen.[\/et_pb_text][et_pb_text _builder_version=&#8220;4.21.0&#8243; _module_preset=&#8220;default&#8220; hover_enabled=&#8220;0&#8243; global_colors_info=&#8220;{}&#8220; sticky_enabled=&#8220;0&#8243;]<\/p>\n<hr class=\"blu left\" \/>\n<h5>Hundetagesst\u00e4tte<\/h5>\n<p>Ein Betreuungsservice, der dem Wohlbefinden der Hunde gewidmet ist, damit sie den Vormittag in einer sicheren und speziell f\u00fcr sie gestalteten Umgebung verbringen k\u00f6nnen.<br \/>\nDie Sozialgruppen werden von einem zertifizierten Hundetrainer gebildet und betreut, der Aktivit\u00e4ten anbietet und die Interaktionen leitet.<br \/>\nDer Service ist nur mit vorheriger Reservierung verf\u00fcgbar; die Aufnahme erfolgt nach einer Einsch\u00e4tzung durch den Hundetrainer.<\/p>\n<p>[\/et_pb_text][\/et_pb_column][et_pb_column type=&#8220;1_2&#8243; _builder_version=&#8220;4.16&#8243; _module_preset=&#8220;default&#8220; global_colors_info=&#8220;{}&#8220;][et_pb_text _builder_version=&#8220;4.18.0&#8243; _module_preset=&#8220;default&#8220; global_colors_info=&#8220;{}&#8220;]<\/p>\n<hr class=\"blu left\" \/>\n<h4 class=\"titologiallo\">Dogsitting<\/h4>\n<p>Ein personalisierter Hundesitter-Service bedeutet f\u00fcr unsere G\u00e4ste, ihre Hunde ohne Sorge f\u00fcr einige Stunden in gute H\u00e4nde abgeben zu k\u00f6nnen. Die Hunde k\u00f6nnen sich im Gr\u00fcnen aufhalten, sich bewegen und sind gut beh\u00fctet von spezialisierten Personen, die sich mit Kompetenz und Leidenschaft um sie k\u00fcmmern werden.<br \/>Individuelles und personalisiertes Dogsitting kann arrangiert werden.<\/p>\n<p>[\/et_pb_text][et_pb_text _builder_version=&#8220;4.21.0&#8243; _module_preset=&#8220;default&#8220; hover_enabled=&#8220;0&#8243; global_colors_info=&#8220;{}&#8220; sticky_enabled=&#8220;0&#8243;]<\/p>\n<hr class=\"blu left\" \/>\n<h5>Spaziergang mit fr\u00fchst\u00fcck am meer<\/h5>\n<p>Beginnen Sie den Tag mit einem sch\u00f6nen Spaziergang mit Ihrem Hund, gemeinsam mit einem Hundetrainer \u2013 der beste Start in den Tag und perfekt um Wohlbefinden und Zufriedenheit sowohl des Hundes als auch dessen Besitzers zu steigern.<br \/>W\u00f6chentliche Treffen in kleinen Gruppen<\/p>\n<p>[\/et_pb_text][\/et_pb_column][\/et_pb_row][et_pb_row column_structure=&#8220;3_5,2_5&#8243; use_custom_gutter=&#8220;on&#8220; gutter_width=&#8220;2&#8243; make_equal=&#8220;on&#8220; _builder_version=&#8220;4.16&#8243; _module_preset=&#8220;default&#8220; background_color=&#8220;gcid-20e71542-4610-4487-a2e7-0ccb3ffb249a&#8220; custom_padding=&#8220;0px||0px||false|false&#8220; global_colors_info=&#8220;{%22gcid-20e71542-4610-4487-a2e7-0ccb3ffb249a%22:%91%22background_color%22%93}&#8220;][et_pb_column type=&#8220;3_5&#8243; _builder_version=&#8220;4.16&#8243; _module_preset=&#8220;default&#8220; background_enable_color=&#8220;off&#8220; custom_padding=&#8220;20px|20px|20px|20px|false|false&#8220; global_colors_info=&#8220;{%22gcid-20e71542-4610-4487-a2e7-0ccb3ffb249a%22:%91%22background_color%22%93}&#8220;][et_pb_text _builder_version=&#8220;4.18.0&#8243; _module_preset=&#8220;default&#8220; text_text_color=&#8220;#FFFFFF&#8220; custom_margin=&#8220;||||false|false&#8220; global_colors_info=&#8220;{}&#8220;]<\/p>\n<h5 class=\"h4\">Dog point<\/h5>\n<p>Die Hundetrainer sind abends in der Piazzetta des Feriendorfs anwesend \u00a0und stehen f\u00fcr Informationen, Ratschl\u00e4ge und Tipps zur Gestaltung Ihres Urlaubs mit Ihrem treuen Freund auf vier Pfoten zur Verf\u00fcgung. Ein t\u00e4glicher Treffpunkt zum gemeinsamen Austausch, mit Gadgets!<\/p>\n<p>[\/et_pb_text][\/et_pb_column][et_pb_column type=&#8220;2_5&#8243; _builder_version=&#8220;4.16&#8243; _module_preset=&#8220;default&#8220; custom_css_main_element=&#8220;margin:auto!important;&#8220; global_colors_info=&#8220;{}&#8220;][et_pb_image src=&#8220;https:\/\/www.villaggioorizzonte.it\/wp-content\/uploads\/2021\/10\/Villaggio-Orizzonte-dog-friendly-toscana-1.jpg&#8220; alt=&#8220;Villaggio Dog Friendly Toscana&#8220; title_text=&#8220;Villaggio Dog Friendly Toscana&#8220; _builder_version=&#8220;4.16&#8243; _module_preset=&#8220;default&#8220; global_colors_info=&#8220;{}&#8220;][\/et_pb_image][\/et_pb_column][\/et_pb_row][\/et_pb_section]<\/p>\n","protected":false},"excerpt":{"rendered":"<p>Hundefreundlich IHR HUNDEFREUNDLICHES feriendorf IN DER TOSKANAIm Villaggio Orizzonte k\u00f6nnen&nbsp;Sie unvergessliche Ferien mit Ihrem 4-beinigen Freund verbringen. Haustiere sind bei uns nicht nur erlaubt, sie sind herzlich willkommen! Wir sind einer der wenigen, HUNDEFREUNDLICHEN&nbsp;Ferienunterk\u00fcnfte in der Toskana! HUNDESERVICES Die Aktivit\u00e4t wird von Costanza D\u2019Asta organisiert, zertifizierte Hundetrainerin der SIUA \u2013 Fachkraft f\u00fcr didaktische und assistierende [&hellip;]<\/p>\n","protected":false},"author":7,"featured_media":0,"parent":0,"menu_order":15,"comment_status":"closed","ping_status":"closed","template":"","meta":{"_et_pb_use_builder":"on","_et_pb_old_content":"","_et_gb_content_width":"","ngg_post_thumbnail":0,"footnotes":""},"class_list":["post-6941","page","type-page","status-publish","hentry"],"yoast_head":"<!-- This site is optimized with the Yoast SEO plugin v25.8 - https:\/\/yoast.com\/wordpress\/plugins\/seo\/ -->\n<title>Hundefreundliches toskanisches Dorf, Hundeferien - Villaggio Orizzonte<\/title>\n<meta name=\"description\" content=\"In unserem Dorf sind die Haustiere nicht nur erlaubt, sondern auch willkommen. Deshalb sind wir eines der HUNDFREUNDLICHEN D\u00f6rfer in der Toskana!\" \/>\n<meta name=\"robots\" content=\"index, follow, max-snippet:-1, max-image-preview:large, max-video-preview:-1\" \/>\n<link rel=\"canonical\" href=\"https:\/\/www.villaggioorizzonte.it\/de\/feriendorf-toskanisch-hundefreundlich.html\" \/>\n<meta property=\"og:locale\" content=\"de_DE\" \/>\n<meta property=\"og:type\" content=\"article\" \/>\n<meta property=\"og:title\" content=\"Hundefreundliches toskanisches Dorf, Hundeferien - Villaggio Orizzonte\" \/>\n<meta property=\"og:description\" content=\"In unserem Dorf sind die Haustiere nicht nur erlaubt, sondern auch willkommen. Deshalb sind wir eines der HUNDFREUNDLICHEN D\u00f6rfer in der Toskana!\" \/>\n<meta property=\"og:url\" content=\"https:\/\/www.villaggioorizzonte.it\/de\/feriendorf-toskanisch-hundefreundlich.html\" \/>\n<meta property=\"og:site_name\" content=\"Villaggio Orizzonte\" \/>\n<meta property=\"article:modified_time\" content=\"2025-07-08T14:29:15+00:00\" \/>\n<meta property=\"og:image\" content=\"https:\/\/www.villaggioorizzonte.it\/wp-content\/uploads\/2022\/02\/cane-225x300.png\" \/>\n<meta name=\"twitter:card\" content=\"summary_large_image\" \/>\n<script type=\"application\/ld+json\" class=\"yoast-schema-graph\">{\"@context\":\"https:\/\/schema.org\",\"@graph\":[{\"@type\":\"WebPage\",\"@id\":\"https:\/\/www.villaggioorizzonte.it\/de\/feriendorf-toskanisch-hundefreundlich.html\",\"url\":\"https:\/\/www.villaggioorizzonte.it\/de\/feriendorf-toskanisch-hundefreundlich.html\",\"name\":\"Hundefreundliches toskanisches Dorf, Hundeferien - Villaggio Orizzonte\",\"isPartOf\":{\"@id\":\"https:\/\/www.villaggioorizzonte.it\/de\/#website\"},\"primaryImageOfPage\":{\"@id\":\"https:\/\/www.villaggioorizzonte.it\/de\/feriendorf-toskanisch-hundefreundlich.html#primaryimage\"},\"image\":{\"@id\":\"https:\/\/www.villaggioorizzonte.it\/de\/feriendorf-toskanisch-hundefreundlich.html#primaryimage\"},\"thumbnailUrl\":\"https:\/\/www.villaggioorizzonte.it\/wp-content\/uploads\/2022\/02\/cane-225x300.png\",\"datePublished\":\"2019-09-02T09:58:45+00:00\",\"dateModified\":\"2025-07-08T14:29:15+00:00\",\"description\":\"In unserem Dorf sind die Haustiere nicht nur erlaubt, sondern auch willkommen. Deshalb sind wir eines der HUNDFREUNDLICHEN D\u00f6rfer in der Toskana!\",\"breadcrumb\":{\"@id\":\"https:\/\/www.villaggioorizzonte.it\/de\/feriendorf-toskanisch-hundefreundlich.html#breadcrumb\"},\"inLanguage\":\"de\",\"potentialAction\":[{\"@type\":\"ReadAction\",\"target\":[\"https:\/\/www.villaggioorizzonte.it\/de\/feriendorf-toskanisch-hundefreundlich.html\"]}]},{\"@type\":\"ImageObject\",\"inLanguage\":\"de\",\"@id\":\"https:\/\/www.villaggioorizzonte.it\/de\/feriendorf-toskanisch-hundefreundlich.html#primaryimage\",\"url\":\"https:\/\/www.villaggioorizzonte.it\/wp-content\/uploads\/2022\/02\/cane-225x300.png\",\"contentUrl\":\"https:\/\/www.villaggioorizzonte.it\/wp-content\/uploads\/2022\/02\/cane-225x300.png\"},{\"@type\":\"BreadcrumbList\",\"@id\":\"https:\/\/www.villaggioorizzonte.it\/de\/feriendorf-toskanisch-hundefreundlich.html#breadcrumb\",\"itemListElement\":[{\"@type\":\"ListItem\",\"position\":1,\"name\":\"Home\",\"item\":\"https:\/\/www.villaggioorizzonte.it\/de\/\"},{\"@type\":\"ListItem\",\"position\":2,\"name\":\"Hundefreundlich\"}]},{\"@type\":\"WebSite\",\"@id\":\"https:\/\/www.villaggioorizzonte.it\/de\/#website\",\"url\":\"https:\/\/www.villaggioorizzonte.it\/de\/\",\"name\":\"Villaggio Orizzonte\",\"description\":\"Villaggio Turistico\",\"potentialAction\":[{\"@type\":\"SearchAction\",\"target\":{\"@type\":\"EntryPoint\",\"urlTemplate\":\"https:\/\/www.villaggioorizzonte.it\/de\/?s={search_term_string}\"},\"query-input\":{\"@type\":\"PropertyValueSpecification\",\"valueRequired\":true,\"valueName\":\"search_term_string\"}}],\"inLanguage\":\"de\"}]}<\/script>\n<!-- \/ Yoast SEO plugin. -->","yoast_head_json":{"title":"Hundefreundliches toskanisches Dorf, Hundeferien - Villaggio Orizzonte","description":"In unserem Dorf sind die Haustiere nicht nur erlaubt, sondern auch willkommen. Deshalb sind wir eines der HUNDFREUNDLICHEN D\u00f6rfer in der Toskana!","robots":{"index":"index","follow":"follow","max-snippet":"max-snippet:-1","max-image-preview":"max-image-preview:large","max-video-preview":"max-video-preview:-1"},"canonical":"https:\/\/www.villaggioorizzonte.it\/de\/feriendorf-toskanisch-hundefreundlich.html","og_locale":"de_DE","og_type":"article","og_title":"Hundefreundliches toskanisches Dorf, Hundeferien - Villaggio Orizzonte","og_description":"In unserem Dorf sind die Haustiere nicht nur erlaubt, sondern auch willkommen. Deshalb sind wir eines der HUNDFREUNDLICHEN D\u00f6rfer in der Toskana!","og_url":"https:\/\/www.villaggioorizzonte.it\/de\/feriendorf-toskanisch-hundefreundlich.html","og_site_name":"Villaggio Orizzonte","article_modified_time":"2025-07-08T14:29:15+00:00","og_image":[{"url":"https:\/\/www.villaggioorizzonte.it\/wp-content\/uploads\/2022\/02\/cane-225x300.png","type":"","width":"","height":""}],"twitter_card":"summary_large_image","schema":{"@context":"https:\/\/schema.org","@graph":[{"@type":"WebPage","@id":"https:\/\/www.villaggioorizzonte.it\/de\/feriendorf-toskanisch-hundefreundlich.html","url":"https:\/\/www.villaggioorizzonte.it\/de\/feriendorf-toskanisch-hundefreundlich.html","name":"Hundefreundliches toskanisches Dorf, Hundeferien - Villaggio Orizzonte","isPartOf":{"@id":"https:\/\/www.villaggioorizzonte.it\/de\/#website"},"primaryImageOfPage":{"@id":"https:\/\/www.villaggioorizzonte.it\/de\/feriendorf-toskanisch-hundefreundlich.html#primaryimage"},"image":{"@id":"https:\/\/www.villaggioorizzonte.it\/de\/feriendorf-toskanisch-hundefreundlich.html#primaryimage"},"thumbnailUrl":"https:\/\/www.villaggioorizzonte.it\/wp-content\/uploads\/2022\/02\/cane-225x300.png","datePublished":"2019-09-02T09:58:45+00:00","dateModified":"2025-07-08T14:29:15+00:00","description":"In unserem Dorf sind die Haustiere nicht nur erlaubt, sondern auch willkommen. Deshalb sind wir eines der HUNDFREUNDLICHEN D\u00f6rfer in der Toskana!","breadcrumb":{"@id":"https:\/\/www.villaggioorizzonte.it\/de\/feriendorf-toskanisch-hundefreundlich.html#breadcrumb"},"inLanguage":"de","potentialAction":[{"@type":"ReadAction","target":["https:\/\/www.villaggioorizzonte.it\/de\/feriendorf-toskanisch-hundefreundlich.html"]}]},{"@type":"ImageObject","inLanguage":"de","@id":"https:\/\/www.villaggioorizzonte.it\/de\/feriendorf-toskanisch-hundefreundlich.html#primaryimage","url":"https:\/\/www.villaggioorizzonte.it\/wp-content\/uploads\/2022\/02\/cane-225x300.png","contentUrl":"https:\/\/www.villaggioorizzonte.it\/wp-content\/uploads\/2022\/02\/cane-225x300.png"},{"@type":"BreadcrumbList","@id":"https:\/\/www.villaggioorizzonte.it\/de\/feriendorf-toskanisch-hundefreundlich.html#breadcrumb","itemListElement":[{"@type":"ListItem","position":1,"name":"Home","item":"https:\/\/www.villaggioorizzonte.it\/de\/"},{"@type":"ListItem","position":2,"name":"Hundefreundlich"}]},{"@type":"WebSite","@id":"https:\/\/www.villaggioorizzonte.it\/de\/#website","url":"https:\/\/www.villaggioorizzonte.it\/de\/","name":"Villaggio Orizzonte","description":"Villaggio Turistico","potentialAction":[{"@type":"SearchAction","target":{"@type":"EntryPoint","urlTemplate":"https:\/\/www.villaggioorizzonte.it\/de\/?s={search_term_string}"},"query-input":{"@type":"PropertyValueSpecification","valueRequired":true,"valueName":"search_term_string"}}],"inLanguage":"de"}]}},"_links":{"self":[{"href":"https:\/\/www.villaggioorizzonte.it\/de\/wp-json\/wp\/v2\/pages\/6941","targetHints":{"allow":["GET"]}}],"collection":[{"href":"https:\/\/www.villaggioorizzonte.it\/de\/wp-json\/wp\/v2\/pages"}],"about":[{"href":"https:\/\/www.villaggioorizzonte.it\/de\/wp-json\/wp\/v2\/types\/page"}],"author":[{"embeddable":true,"href":"https:\/\/www.villaggioorizzonte.it\/de\/wp-json\/wp\/v2\/users\/7"}],"replies":[{"embeddable":true,"href":"https:\/\/www.villaggioorizzonte.it\/de\/wp-json\/wp\/v2\/comments?post=6941"}],"version-history":[{"count":4,"href":"https:\/\/www.villaggioorizzonte.it\/de\/wp-json\/wp\/v2\/pages\/6941\/revisions"}],"predecessor-version":[{"id":290610,"href":"https:\/\/www.villaggioorizzonte.it\/de\/wp-json\/wp\/v2\/pages\/6941\/revisions\/290610"}],"wp:attachment":[{"href":"https:\/\/www.villaggioorizzonte.it\/de\/wp-json\/wp\/v2\/media?parent=6941"}],"curies":[{"name":"wp","href":"https:\/\/api.w.org\/{rel}","templated":true}]}}