{"id":6924,"date":"2019-09-23T16:30:32","date_gmt":"2019-09-23T14:30:32","guid":{"rendered":"https:\/\/b6.aerostatonet.it\/feriendorf-mit-restaurant-toskanisch-meer\/ristorante-orizzonte.html"},"modified":"2020-08-07T14:59:40","modified_gmt":"2020-08-07T12:59:40","slug":"orizzonte-restaurant","status":"publish","type":"page","link":"https:\/\/www.villaggioorizzonte.it\/de\/feriendorf-mit-restaurant-toskanisch-meer\/orizzonte-restaurant.html","title":{"rendered":"Orizzonte Restaurant"},"content":{"rendered":"<p>[vc_row full_width=&#8220;stretch_row&#8220; css=&#8220;.vc_custom_1591873407552{margin-top: 30px !important;margin-bottom: 60px !important;padding-top: 40px !important;padding-bottom: 40px !important;background-color: #fec700 !important;}&#8220;][vc_column][vc_row_inner gap=&#8220;10&#8243;][vc_column_inner][vc_column_text el_class=&#8220;text-white listapuntata&#8220;]<\/p>\n<p style=\"font-size: 18px; text-align: left;\"><img loading=\"lazy\" decoding=\"async\" class=\"alignleft wp-image-13541\" src=\"https:\/\/www.villaggioorizzonte.it\/wp-content\/uploads\/2020\/06\/sicurezza-ita-eng-286x300.png\" alt=\"\" width=\"213\" height=\"224\" srcset=\"https:\/\/www.villaggioorizzonte.it\/wp-content\/uploads\/2020\/06\/sicurezza-ita-eng-286x300.png 286w, https:\/\/www.villaggioorizzonte.it\/wp-content\/uploads\/2020\/06\/sicurezza-ita-eng.png 566w\" sizes=\"auto, (max-width: 213px) 100vw, 213px\" \/><\/p>\n<p>&nbsp;<\/p>\n<p>&nbsp;<\/p>\n<p style=\"font-size: 18px; text-align: left;\">Das Restaurant Orizzonte vereint dieses Jahr eine gro\u00dfe Vielfalt an Angeboten unserer Gastronomie: vom erlesenen Men\u00fc des D\u00e9jaVu, \u00fcber Fast Food bis hin zu den hervorragenden Pizzen des Zest.<\/p>\n<p>[\/vc_column_text][\/vc_column_inner][\/vc_row_inner][\/vc_column][\/vc_row][vc_row gap=&#8220;20&#8243; equal_height=&#8220;yes&#8220;][vc_column width=&#8220;2\/3&#8243;][vc_single_image image=&#8220;3748&#8243; img_size=&#8220;full&#8220;][\/vc_column][vc_column width=&#8220;1\/3&#8243; css=&#8220;.vc_custom_1571755271060{padding-top: 30px !important;padding-right: 30px !important;padding-bottom: 30px !important;padding-left: 30px !important;background-color: #009fe3 !important;}&#8220; el_class=&#8220;text-white small&#8220;][vc_column_text el_class=&#8220;small white&#8220;]<\/p>\n<p class=\"p1\"><em><strong><span class=\"s1\">Ganzj\u00e4hrig ge\u00f6ffnet<\/span><\/strong><\/em><\/p>\n<p class=\"p1\"><em><span class=\"s1\"><strong>Winterzeit<\/strong>: T\u00e4glich von 12.30 bis 14 Uhr und von 19.30 bis 21,30 Uhr<\/span><\/em><\/p>\n<p class=\"p1\"><em><span class=\"s1\"><strong>Sommerzeiten<\/strong> von 12.30 bis 15 Uhr und von 19 bis 22.30 Uhr<\/span><\/em><\/p>\n<p class=\"p1\"><em><span class=\"s1\">Haustiere erlaubt<\/span><\/em><\/p>\n<p class=\"p1\"><em><span class=\"s1\">Hotel Behandlung<\/span><\/em><\/p>\n<p class=\"p1\"><em><span class=\"s1\">Halbpension (Fr\u00fchst\u00fcck und eine Mahlzeit)<\/span><\/em><\/p>\n<p class=\"p1\"><em><span class=\"s1\">Vollpension (Fr\u00fchst\u00fcck, Mittag- und Abendessen)<\/span><\/em><\/p>\n<p>[\/vc_column_text][\/vc_column][\/vc_row][vc_row css=&#8220;.vc_custom_1571928592514{padding-top: 30px !important;padding-bottom: 30px !important;}&#8220;][vc_column][vc_column_text]<\/p>\n<p style=\"text-align: center;\">Zum Mittag- und Abendessen genie\u00dfen Sie <strong>traditionelle toskanische<\/strong> Gerichte und mehr &#8230;<br \/>\nThe Village G\u00e4ste k\u00f6nnen w\u00e4hlen, ob sie Halbpension (Fr\u00fchst\u00fcck + eine Mahlzeit Ihrer Wahl) oder Vollpension (Fr\u00fchst\u00fcck + Mittagessen + Abendessen) buchen m\u00f6chten.<\/p>\n<p style=\"text-align: center;\">Abgesehen von den Sommermonaten eignet sich das Restaurant Orizzonte ideal f\u00fcr die Organisation von Abendessen, auch f\u00fcr Kinder, die Spa\u00df an den in der gro\u00dfen Halle aufgestellten Schlauchbooten haben k\u00f6nnen.<br \/>\nWenn Sie nach einem Restaurant an der <strong>etruskischen K\u00fcste<\/strong> suchen, um einen Geburtstag oder ein wichtiges Jubil\u00e4um zu organisieren, ist das Orizzonte Restaurant genau <strong>das Richtige f\u00fcr Sie!<\/strong><\/p>\n<p>[\/vc_column_text][\/vc_column][\/vc_row][vc_row][vc_column][vc_single_image image=&#8220;3759&#8243; img_size=&#8220;full&#8220; css=&#8220;.vc_custom_1572359115458{padding-right: 10px !important;padding-left: 10px !important;}&#8220;][\/vc_column][\/vc_row][vc_row el_id=&#8220;carosello-normale&#8220; el_class=&#8220;mt-5&#8243;][vc_column][vc_carousel_father arrow=&#8220;true&#8220; dot=&#8220;false&#8220; slide_visible=&#8220;4&#8243; tabs=&#8220;4&#8243; slide_visible_mbl=&#8220;2&#8243; speed=&#8220;&#8220; arrowclr=&#8220;#ffffff&#8220;][vc_carousel_son titlesize=&#8220;&#8220; line_height=&#8220;&#8220; image_id=&#8220;4355&#8243; img_width=&#8220;97%&#8220; img_height=&#8220;97%&#8220;][\/vc_carousel_son][vc_carousel_son titlesize=&#8220;&#8220; line_height=&#8220;&#8220; image_id=&#8220;4361&#8243; img_width=&#8220;97%&#8220; img_height=&#8220;97%&#8220;][\/vc_carousel_son][vc_carousel_son titlesize=&#8220;&#8220; line_height=&#8220;&#8220; image_id=&#8220;4362&#8243; img_width=&#8220;97%&#8220; img_height=&#8220;97%&#8220;][\/vc_carousel_son][vc_carousel_son titlesize=&#8220;&#8220; line_height=&#8220;&#8220; contain_url=&#8220;https:\/\/www.villaggioorizzonte.it\/borghi-toscani\/campiglia-marittima.html&#8220; image_id=&#8220;4354&#8243; img_width=&#8220;97%&#8220; img_height=&#8220;97%&#8220;][\/vc_carousel_son][vc_carousel_son titlesize=&#8220;&#8220; line_height=&#8220;&#8220; image_id=&#8220;4360&#8243; img_width=&#8220;97%&#8220; img_height=&#8220;97%&#8220;][\/vc_carousel_son][vc_carousel_son titlesize=&#8220;&#8220; line_height=&#8220;&#8220; image_id=&#8220;4353&#8243; img_width=&#8220;97%&#8220; img_height=&#8220;97%&#8220;][\/vc_carousel_son][vc_carousel_son titlesize=&#8220;&#8220; line_height=&#8220;&#8220; image_id=&#8220;4359&#8243; img_width=&#8220;97%&#8220; img_height=&#8220;97%&#8220;][\/vc_carousel_son][vc_carousel_son titlesize=&#8220;&#8220; line_height=&#8220;&#8220; image_id=&#8220;4357&#8243; img_width=&#8220;97%&#8220; img_height=&#8220;97%&#8220;][\/vc_carousel_son][vc_carousel_son titlesize=&#8220;&#8220; line_height=&#8220;&#8220; image_id=&#8220;4363&#8243; img_width=&#8220;97%&#8220; img_height=&#8220;97%&#8220;][\/vc_carousel_son][\/vc_carousel_father][\/vc_column][\/vc_row][vc_row full_width=&#8220;stretch_row&#8220; gap=&#8220;15&#8243; equal_height=&#8220;yes&#8220; el_class=&#8220;text-center&#8220; css=&#8220;.vc_custom_1571920417641{margin-top: 80px !important;background-color: #f14d18 !important;}&#8220;][vc_column][vc_column_text el_class=&#8220;titolobiancoh2 my-4&#8243;]<\/p>\n<h4 style=\"text-align: center;\">Die anderen Restaurants<\/h4>\n<p>[\/vc_column_text][\/vc_column][\/vc_row][vc_row full_width=&#8220;stretch_row&#8220; gap=&#8220;15&#8243; equal_height=&#8220;yes&#8220; el_class=&#8220;text-center&#8220; css=&#8220;.vc_custom_1571920424913{background-color: #f14d18 !important;}&#8220;][vc_column offset=&#8220;vc_col-lg-6 vc_col-md-6 vc_col-xs-12&#8243;][vc_row_inner][vc_column_inner el_class=&#8220;col-md-auto&#8220; offset=&#8220;vc_col-lg-12 vc_col-md-12 vc_col-xs-12&#8243;][vc_single_image image=&#8220;5939&#8243; img_size=&#8220;full&#8220; alignment=&#8220;center&#8220;][\/vc_column_inner][vc_column_inner el_class=&#8220;bloccotesto-colorato px-5 pt-5&#8243; offset=&#8220;vc_col-lg-12 vc_col-md-12 vc_col-xs-12&#8243; css=&#8220;.vc_custom_1571822315646{background-color: #fec700 !important;}&#8220;][vc_column_text el_class=&#8220;p-5&#8243;]<\/p>\n<h4>Dejavu<\/h4>\n<p>Restaurant Lounge Bar[\/vc_column_text][vc_btn title=&#8220;SEHEN&#8220; style=&#8220;outline-custom&#8220; outline_custom_color=&#8220;#ffffff&#8220; outline_custom_hover_background=&#8220;rgba(12,0,0,0.46)&#8220; outline_custom_hover_text=&#8220;#ffffff&#8220; shape=&#8220;square&#8220; link=&#8220;url:%2Fde%2Fferiendorf-mit-restaurant-toskanisch-meer%2Fdejavu-restaurant.html|title:Offerte||&#8220; el_class=&#8220;mt-1 mb-3&#8243;][\/vc_column_inner][\/vc_row_inner][\/vc_column][vc_column offset=&#8220;vc_col-lg-6 vc_col-md-6 vc_col-xs-12&#8243;][vc_row_inner][vc_column_inner el_class=&#8220;col-md-auto&#8220; offset=&#8220;vc_col-lg-12 vc_col-md-12 vc_col-xs-12&#8243;][vc_single_image image=&#8220;3924&#8243; img_size=&#8220;full&#8220; alignment=&#8220;center&#8220;][\/vc_column_inner][vc_column_inner el_class=&#8220;bloccotesto-colorato px-5 pt-5&#8243; offset=&#8220;vc_col-lg-12 vc_col-md-12 vc_col-xs-12&#8243; css=&#8220;.vc_custom_1571822300071{background-color: #039fe3 !important;}&#8220;][vc_column_text el_class=&#8220;p-5&#8243;]<\/p>\n<h4>Zest<\/h4>\n<p>Fast Food[\/vc_column_text][vc_btn title=&#8220;SEHEN&#8220; style=&#8220;outline-custom&#8220; outline_custom_color=&#8220;#ffffff&#8220; outline_custom_hover_background=&#8220;rgba(12,0,0,0.46)&#8220; outline_custom_hover_text=&#8220;#ffffff&#8220; shape=&#8220;square&#8220; link=&#8220;url:%2Fde%2Fferiendorf-mit-restaurant-toskanisch-meer%2Fzest-fast-food.html|title:Offerte||&#8220; el_class=&#8220;mt-1 mb-3&#8243;][\/vc_column_inner][\/vc_row_inner][\/vc_column][\/vc_row]<\/p>\n","protected":false},"excerpt":{"rendered":"<p>[vc_row full_width=&#8220;stretch_row&#8220; css=&#8220;.vc_custom_1591873407552{margin-top: 30px !important;margin-bottom: 60px !important;padding-top: 40px !important;padding-bottom: 40px !important;background-color: #fec700 !important;}&#8220;][vc_column][vc_row_inner gap=&#8220;10&#8243;][vc_column_inner][vc_column_text el_class=&#8220;text-white listapuntata&#8220;] &nbsp; &nbsp; Das Restaurant Orizzonte vereint dieses Jahr eine gro\u00dfe Vielfalt an Angeboten unserer Gastronomie: vom erlesenen Men\u00fc des D\u00e9jaVu, \u00fcber Fast Food bis hin zu den hervorragenden Pizzen des Zest. [\/vc_column_text][\/vc_column_inner][\/vc_row_inner][\/vc_column][\/vc_row][vc_row gap=&#8220;20&#8243; equal_height=&#8220;yes&#8220;][vc_column width=&#8220;2\/3&#8243;][vc_single_image image=&#8220;3748&#8243; img_size=&#8220;full&#8220;][\/vc_column][vc_column width=&#8220;1\/3&#8243; css=&#8220;.vc_custom_1571755271060{padding-top: [&hellip;]<\/p>\n","protected":false},"author":7,"featured_media":0,"parent":6913,"menu_order":0,"comment_status":"closed","ping_status":"closed","template":"","meta":{"_et_pb_use_builder":"on","_et_pb_old_content":"<p>[vc_row full_width=\"stretch_row\" disable_element=\"yes\" css=\".vc_custom_1619088203026{margin-top: 30px !important;margin-bottom: 60px !important;padding-top: 40px !important;padding-bottom: 40px !important;background-color: #fec700 !important;}\"][vc_column][vc_row_inner content_placement=\"middle\" gap=\"10\"][vc_column_inner][vc_column_text el_class=\"text-white listapuntata\"]<\/p>\r\n<p style=\"font-size: 18px; text-align: left;\"><img class=\"alignleft wp-image-13545\" src=\"https:\/\/www.villaggioorizzonte.it\/wp-content\/uploads\/2020\/06\/sicurezza-ita-eng-286x300.png\" alt=\"\" width=\"199\" height=\"209\" \/><\/p>\r\n<p>&nbsp;<\/p>\r\n<p>&nbsp;<\/p>\r\n<p style=\"font-size: 18px; text-align: left;\">Il Ristorante Orizzonte quest\u2019anno raggruppa la grande variet\u00e0 di offerta dei nostri ristoranti:<br \/>\r\ndal raffinato menu  del <strong>D\u00e9jaVu,<\/strong> alla ristorazione veloce e alle ottime pizze dello <strong>Zest<\/strong>.<\/p>\r\n<p>[\/vc_column_text][\/vc_column_inner][\/vc_row_inner][\/vc_column][\/vc_row][vc_row gap=\"20\" equal_height=\"yes\"][vc_column width=\"2\/3\"][vc_single_image image=\"3748\" img_size=\"full\"][\/vc_column][vc_column width=\"1\/3\" css=\".vc_custom_1571755271060{padding-top: 30px !important;padding-right: 30px !important;padding-bottom: 30px !important;padding-left: 30px !important;background-color: #009fe3 !important;}\" el_class=\"text-white small\"][vc_column_text el_class=\"small white\"]<strong>APERTO TUTTO L'ANNO<\/strong><\/p>\r\n<p>Orario invernale: tutti i giorni, dalle 12.30 alle 14 e dalle 19.30 alle 21<\/p>\r\n<p>Orario estivo: dalle 12.30 alle 15 e dalle 19 alle 22.30<\/p>\r\n<p><strong>ANIMALI AMMESSI<\/strong><\/p>\r\n<p><strong>TRATTAMENTO ALBERGHIERO<\/strong><\/p>\r\n<p>Mezza pensione (Colazione ed un pasto)<\/p>\r\n<p>Pensione completa (Colazione, pranzo e cena)[\/vc_column_text][\/vc_column][\/vc_row][vc_row css=\".vc_custom_1571928592514{padding-top: 30px !important;padding-bottom: 30px !important;}\"][vc_column][vc_column_text]<\/p>\r\n<p style=\"text-align: center;\">Fatta eccezione per il periodo estivo, il Ristorante Orizzonte \u00e8 l\u2019ideale per organizzare delle cene anche con i bambini che potranno divertirsi sui gonfiabili allestiti all\u2019interno dell\u2019ampio salone.<\/p>\r\n<p style=\"text-align: center;\">Se sei alla ricerca di un <strong>ristorante sulla costa degli Etruschi<\/strong><br \/>\r\nper organizzare un compleanno, un anniversario<br \/>\r\no una ricorrenza importante, il <strong>Ristorante l\u2019Orizzonte<\/strong> fa al caso tuo!<\/p>\r\n<p>[\/vc_column_text][\/vc_column][\/vc_row][vc_row][vc_column][vc_single_image image=\"3759\" img_size=\"full\" css=\".vc_custom_1572359115458{padding-right: 10px !important;padding-left: 10px !important;}\"][\/vc_column][\/vc_row][vc_row el_id=\"carosello-normale\" el_class=\"mt-5\"][vc_column][vc_carousel_father arrow=\"true\" dot=\"false\" slide_visible=\"4\" tabs=\"4\" slide_visible_mbl=\"2\" speed=\"\" arrowclr=\"#ffffff\"][vc_carousel_son titlesize=\"\" line_height=\"\" image_id=\"4355\" img_width=\"97%\" img_height=\"97%\"][\/vc_carousel_son][vc_carousel_son titlesize=\"\" line_height=\"\" image_id=\"4361\" img_width=\"97%\" img_height=\"97%\"][\/vc_carousel_son][vc_carousel_son titlesize=\"\" line_height=\"\" image_id=\"4362\" img_width=\"97%\" img_height=\"97%\"][\/vc_carousel_son][vc_carousel_son titlesize=\"\" line_height=\"\" contain_url=\"https:\/\/www.villaggioorizzonte.it\/borghi-toscani\/campiglia-marittima.html\" image_id=\"4354\" img_width=\"97%\" img_height=\"97%\"][\/vc_carousel_son][vc_carousel_son titlesize=\"\" line_height=\"\" image_id=\"4360\" img_width=\"97%\" img_height=\"97%\"][\/vc_carousel_son][vc_carousel_son titlesize=\"\" line_height=\"\" image_id=\"4353\" img_width=\"97%\" img_height=\"97%\"][\/vc_carousel_son][vc_carousel_son titlesize=\"\" line_height=\"\" image_id=\"4359\" img_width=\"97%\" img_height=\"97%\"][\/vc_carousel_son][vc_carousel_son titlesize=\"\" line_height=\"\" image_id=\"4357\" img_width=\"97%\" img_height=\"97%\"][\/vc_carousel_son][vc_carousel_son titlesize=\"\" line_height=\"\" image_id=\"4363\" img_width=\"97%\" img_height=\"97%\"][\/vc_carousel_son][\/vc_carousel_father][\/vc_column][\/vc_row][vc_row full_width=\"stretch_row\" gap=\"15\" equal_height=\"yes\" el_class=\"text-center\" css=\".vc_custom_1571920417641{margin-top: 80px !important;background-color: #f14d18 !important;}\"][vc_column][vc_column_text el_class=\"titolobiancoh2 my-4\"]<\/p>\r\n<h4 style=\"text-align: center;\">Gli altri ristoranti<\/h4>\r\n<p>[\/vc_column_text][\/vc_column][\/vc_row][vc_row full_width=\"stretch_row\" gap=\"15\" equal_height=\"yes\" el_class=\"text-center\" css=\".vc_custom_1571920424913{background-color: #f14d18 !important;}\"][vc_column offset=\"vc_col-lg-6 vc_col-md-6 vc_col-xs-12\"][vc_row_inner][vc_column_inner el_class=\"col-md-auto\" offset=\"vc_col-lg-12 vc_col-md-12 vc_col-xs-12\"][vc_single_image image=\"3922\" img_size=\"full\" alignment=\"center\"][\/vc_column_inner][vc_column_inner el_class=\"bloccotesto-colorato px-5 pt-5\" offset=\"vc_col-lg-12 vc_col-md-12 vc_col-xs-12\" css=\".vc_custom_1571822315646{background-color: #fec700 !important;}\"][vc_column_text el_class=\"p-5\"]<\/p>\r\n<h4>Dejavu<\/h4>\r\n<p>Ristorante &amp; lounge bar[\/vc_column_text][vc_btn title=\"VAI\" style=\"outline-custom\" outline_custom_color=\"#ffffff\" outline_custom_hover_background=\"rgba(12,0,0,0.46)\" outline_custom_hover_text=\"#ffffff\" shape=\"square\" link=\"url:%2Fvillaggio-con-ristorante-toscana-mare%2Fristorante-dejavu.html|title:Offerte||\" el_class=\"mt-1 mb-3\"][\/vc_column_inner][\/vc_row_inner][\/vc_column][vc_column offset=\"vc_col-lg-6 vc_col-md-6 vc_col-xs-12\"][vc_row_inner][vc_column_inner el_class=\"col-md-auto\" offset=\"vc_col-lg-12 vc_col-md-12 vc_col-xs-12\"][vc_single_image image=\"3924\" img_size=\"full\" alignment=\"center\"][\/vc_column_inner][vc_column_inner el_class=\"bloccotesto-colorato px-5 pt-5\" offset=\"vc_col-lg-12 vc_col-md-12 vc_col-xs-12\" css=\".vc_custom_1571822300071{background-color: #039fe3 !important;}\"][vc_column_text el_class=\"p-5\"]<\/p>\r\n<h4>Zest<\/h4>\r\n<p>Fast Food[\/vc_column_text][vc_btn title=\"VAI\" style=\"outline-custom\" outline_custom_color=\"#ffffff\" outline_custom_hover_background=\"rgba(12,0,0,0.46)\" outline_custom_hover_text=\"#ffffff\" shape=\"square\" link=\"url:%2Fvillaggio-con-ristorante-toscana-mare%2Fzest-fast-food.html|title:Offerte||\" el_class=\"mt-1 mb-3\"][\/vc_column_inner][\/vc_row_inner][\/vc_column][\/vc_row]<\/p>","_et_gb_content_width":"","ngg_post_thumbnail":0,"footnotes":""},"class_list":["post-6924","page","type-page","status-publish","hentry"],"yoast_head":"<!-- This site is optimized with the Yoast SEO plugin v25.8 - https:\/\/yoast.com\/wordpress\/plugins\/seo\/ -->\n<title>Ristorante Pizzeria Orizzonte, etruskische K\u00fcste - Villaggio Orizzonte<\/title>\n<meta name=\"description\" content=\"Das Restaurant Orizzonte ist ganzj\u00e4hrig ge\u00f6ffnet und bietet im Sommer ein verf\u00fchrerisches Fr\u00fchst\u00fccksbuffet...\" \/>\n<meta name=\"robots\" content=\"index, follow, max-snippet:-1, max-image-preview:large, max-video-preview:-1\" \/>\n<link rel=\"canonical\" href=\"https:\/\/www.villaggioorizzonte.it\/de\/feriendorf-mit-restaurant-toskanisch-meer\/orizzonte-restaurant.html\" \/>\n<meta property=\"og:locale\" content=\"de_DE\" \/>\n<meta property=\"og:type\" content=\"article\" \/>\n<meta property=\"og:title\" content=\"Ristorante Pizzeria Orizzonte, etruskische K\u00fcste - Villaggio Orizzonte\" \/>\n<meta property=\"og:description\" content=\"Das Restaurant Orizzonte ist ganzj\u00e4hrig ge\u00f6ffnet und bietet im Sommer ein verf\u00fchrerisches Fr\u00fchst\u00fccksbuffet...\" \/>\n<meta property=\"og:url\" content=\"https:\/\/www.villaggioorizzonte.it\/de\/feriendorf-mit-restaurant-toskanisch-meer\/orizzonte-restaurant.html\" \/>\n<meta property=\"og:site_name\" content=\"Villaggio Orizzonte\" \/>\n<meta property=\"article:modified_time\" content=\"2020-08-07T12:59:40+00:00\" \/>\n<meta property=\"og:image\" content=\"https:\/\/www.villaggioorizzonte.it\/wp-content\/uploads\/2020\/06\/sicurezza-ita-eng-286x300.png\" \/>\n<meta name=\"twitter:card\" content=\"summary_large_image\" \/>\n<script type=\"application\/ld+json\" class=\"yoast-schema-graph\">{\"@context\":\"https:\/\/schema.org\",\"@graph\":[{\"@type\":\"WebPage\",\"@id\":\"https:\/\/www.villaggioorizzonte.it\/de\/feriendorf-mit-restaurant-toskanisch-meer\/orizzonte-restaurant.html\",\"url\":\"https:\/\/www.villaggioorizzonte.it\/de\/feriendorf-mit-restaurant-toskanisch-meer\/orizzonte-restaurant.html\",\"name\":\"Ristorante Pizzeria Orizzonte, etruskische K\u00fcste - Villaggio Orizzonte\",\"isPartOf\":{\"@id\":\"https:\/\/www.villaggioorizzonte.it\/de\/#website\"},\"primaryImageOfPage\":{\"@id\":\"https:\/\/www.villaggioorizzonte.it\/de\/feriendorf-mit-restaurant-toskanisch-meer\/orizzonte-restaurant.html#primaryimage\"},\"image\":{\"@id\":\"https:\/\/www.villaggioorizzonte.it\/de\/feriendorf-mit-restaurant-toskanisch-meer\/orizzonte-restaurant.html#primaryimage\"},\"thumbnailUrl\":\"https:\/\/www.villaggioorizzonte.it\/wp-content\/uploads\/2020\/06\/sicurezza-ita-eng-286x300.png\",\"datePublished\":\"2019-09-23T14:30:32+00:00\",\"dateModified\":\"2020-08-07T12:59:40+00:00\",\"description\":\"Das Restaurant Orizzonte ist ganzj\u00e4hrig ge\u00f6ffnet und bietet im Sommer ein verf\u00fchrerisches Fr\u00fchst\u00fccksbuffet...\",\"breadcrumb\":{\"@id\":\"https:\/\/www.villaggioorizzonte.it\/de\/feriendorf-mit-restaurant-toskanisch-meer\/orizzonte-restaurant.html#breadcrumb\"},\"inLanguage\":\"de\",\"potentialAction\":[{\"@type\":\"ReadAction\",\"target\":[\"https:\/\/www.villaggioorizzonte.it\/de\/feriendorf-mit-restaurant-toskanisch-meer\/orizzonte-restaurant.html\"]}]},{\"@type\":\"ImageObject\",\"inLanguage\":\"de\",\"@id\":\"https:\/\/www.villaggioorizzonte.it\/de\/feriendorf-mit-restaurant-toskanisch-meer\/orizzonte-restaurant.html#primaryimage\",\"url\":\"https:\/\/www.villaggioorizzonte.it\/wp-content\/uploads\/2020\/06\/sicurezza-ita-eng-286x300.png\",\"contentUrl\":\"https:\/\/www.villaggioorizzonte.it\/wp-content\/uploads\/2020\/06\/sicurezza-ita-eng-286x300.png\"},{\"@type\":\"BreadcrumbList\",\"@id\":\"https:\/\/www.villaggioorizzonte.it\/de\/feriendorf-mit-restaurant-toskanisch-meer\/orizzonte-restaurant.html#breadcrumb\",\"itemListElement\":[{\"@type\":\"ListItem\",\"position\":1,\"name\":\"Home\",\"item\":\"https:\/\/www.villaggioorizzonte.it\/de\/\"},{\"@type\":\"ListItem\",\"position\":2,\"name\":\"Restaurants\",\"item\":\"https:\/\/www.villaggioorizzonte.it\/de\/feriendorf-mit-restaurant-toskanisch-meer.html\"},{\"@type\":\"ListItem\",\"position\":3,\"name\":\"Orizzonte Restaurant\"}]},{\"@type\":\"WebSite\",\"@id\":\"https:\/\/www.villaggioorizzonte.it\/de\/#website\",\"url\":\"https:\/\/www.villaggioorizzonte.it\/de\/\",\"name\":\"Villaggio Orizzonte\",\"description\":\"Villaggio Turistico\",\"potentialAction\":[{\"@type\":\"SearchAction\",\"target\":{\"@type\":\"EntryPoint\",\"urlTemplate\":\"https:\/\/www.villaggioorizzonte.it\/de\/?s={search_term_string}\"},\"query-input\":{\"@type\":\"PropertyValueSpecification\",\"valueRequired\":true,\"valueName\":\"search_term_string\"}}],\"inLanguage\":\"de\"}]}<\/script>\n<!-- \/ Yoast SEO plugin. -->","yoast_head_json":{"title":"Ristorante Pizzeria Orizzonte, etruskische K\u00fcste - Villaggio Orizzonte","description":"Das Restaurant Orizzonte ist ganzj\u00e4hrig ge\u00f6ffnet und bietet im Sommer ein verf\u00fchrerisches Fr\u00fchst\u00fccksbuffet...","robots":{"index":"index","follow":"follow","max-snippet":"max-snippet:-1","max-image-preview":"max-image-preview:large","max-video-preview":"max-video-preview:-1"},"canonical":"https:\/\/www.villaggioorizzonte.it\/de\/feriendorf-mit-restaurant-toskanisch-meer\/orizzonte-restaurant.html","og_locale":"de_DE","og_type":"article","og_title":"Ristorante Pizzeria Orizzonte, etruskische K\u00fcste - Villaggio Orizzonte","og_description":"Das Restaurant Orizzonte ist ganzj\u00e4hrig ge\u00f6ffnet und bietet im Sommer ein verf\u00fchrerisches Fr\u00fchst\u00fccksbuffet...","og_url":"https:\/\/www.villaggioorizzonte.it\/de\/feriendorf-mit-restaurant-toskanisch-meer\/orizzonte-restaurant.html","og_site_name":"Villaggio Orizzonte","article_modified_time":"2020-08-07T12:59:40+00:00","og_image":[{"url":"https:\/\/www.villaggioorizzonte.it\/wp-content\/uploads\/2020\/06\/sicurezza-ita-eng-286x300.png","type":"","width":"","height":""}],"twitter_card":"summary_large_image","schema":{"@context":"https:\/\/schema.org","@graph":[{"@type":"WebPage","@id":"https:\/\/www.villaggioorizzonte.it\/de\/feriendorf-mit-restaurant-toskanisch-meer\/orizzonte-restaurant.html","url":"https:\/\/www.villaggioorizzonte.it\/de\/feriendorf-mit-restaurant-toskanisch-meer\/orizzonte-restaurant.html","name":"Ristorante Pizzeria Orizzonte, etruskische K\u00fcste - Villaggio Orizzonte","isPartOf":{"@id":"https:\/\/www.villaggioorizzonte.it\/de\/#website"},"primaryImageOfPage":{"@id":"https:\/\/www.villaggioorizzonte.it\/de\/feriendorf-mit-restaurant-toskanisch-meer\/orizzonte-restaurant.html#primaryimage"},"image":{"@id":"https:\/\/www.villaggioorizzonte.it\/de\/feriendorf-mit-restaurant-toskanisch-meer\/orizzonte-restaurant.html#primaryimage"},"thumbnailUrl":"https:\/\/www.villaggioorizzonte.it\/wp-content\/uploads\/2020\/06\/sicurezza-ita-eng-286x300.png","datePublished":"2019-09-23T14:30:32+00:00","dateModified":"2020-08-07T12:59:40+00:00","description":"Das Restaurant Orizzonte ist ganzj\u00e4hrig ge\u00f6ffnet und bietet im Sommer ein verf\u00fchrerisches Fr\u00fchst\u00fccksbuffet...","breadcrumb":{"@id":"https:\/\/www.villaggioorizzonte.it\/de\/feriendorf-mit-restaurant-toskanisch-meer\/orizzonte-restaurant.html#breadcrumb"},"inLanguage":"de","potentialAction":[{"@type":"ReadAction","target":["https:\/\/www.villaggioorizzonte.it\/de\/feriendorf-mit-restaurant-toskanisch-meer\/orizzonte-restaurant.html"]}]},{"@type":"ImageObject","inLanguage":"de","@id":"https:\/\/www.villaggioorizzonte.it\/de\/feriendorf-mit-restaurant-toskanisch-meer\/orizzonte-restaurant.html#primaryimage","url":"https:\/\/www.villaggioorizzonte.it\/wp-content\/uploads\/2020\/06\/sicurezza-ita-eng-286x300.png","contentUrl":"https:\/\/www.villaggioorizzonte.it\/wp-content\/uploads\/2020\/06\/sicurezza-ita-eng-286x300.png"},{"@type":"BreadcrumbList","@id":"https:\/\/www.villaggioorizzonte.it\/de\/feriendorf-mit-restaurant-toskanisch-meer\/orizzonte-restaurant.html#breadcrumb","itemListElement":[{"@type":"ListItem","position":1,"name":"Home","item":"https:\/\/www.villaggioorizzonte.it\/de\/"},{"@type":"ListItem","position":2,"name":"Restaurants","item":"https:\/\/www.villaggioorizzonte.it\/de\/feriendorf-mit-restaurant-toskanisch-meer.html"},{"@type":"ListItem","position":3,"name":"Orizzonte Restaurant"}]},{"@type":"WebSite","@id":"https:\/\/www.villaggioorizzonte.it\/de\/#website","url":"https:\/\/www.villaggioorizzonte.it\/de\/","name":"Villaggio Orizzonte","description":"Villaggio Turistico","potentialAction":[{"@type":"SearchAction","target":{"@type":"EntryPoint","urlTemplate":"https:\/\/www.villaggioorizzonte.it\/de\/?s={search_term_string}"},"query-input":{"@type":"PropertyValueSpecification","valueRequired":true,"valueName":"search_term_string"}}],"inLanguage":"de"}]}},"_links":{"self":[{"href":"https:\/\/www.villaggioorizzonte.it\/de\/wp-json\/wp\/v2\/pages\/6924","targetHints":{"allow":["GET"]}}],"collection":[{"href":"https:\/\/www.villaggioorizzonte.it\/de\/wp-json\/wp\/v2\/pages"}],"about":[{"href":"https:\/\/www.villaggioorizzonte.it\/de\/wp-json\/wp\/v2\/types\/page"}],"author":[{"embeddable":true,"href":"https:\/\/www.villaggioorizzonte.it\/de\/wp-json\/wp\/v2\/users\/7"}],"replies":[{"embeddable":true,"href":"https:\/\/www.villaggioorizzonte.it\/de\/wp-json\/wp\/v2\/comments?post=6924"}],"version-history":[{"count":0,"href":"https:\/\/www.villaggioorizzonte.it\/de\/wp-json\/wp\/v2\/pages\/6924\/revisions"}],"up":[{"embeddable":true,"href":"https:\/\/www.villaggioorizzonte.it\/de\/wp-json\/wp\/v2\/pages\/6913"}],"wp:attachment":[{"href":"https:\/\/www.villaggioorizzonte.it\/de\/wp-json\/wp\/v2\/media?parent=6924"}],"curies":[{"name":"wp","href":"https:\/\/api.w.org\/{rel}","templated":true}]}}