{"id":6919,"date":"2019-10-23T09:39:40","date_gmt":"2019-10-23T07:39:40","guid":{"rendered":"https:\/\/b6.aerostatonet.it\/feriendorf-mit-restaurant-toskanisch-meer\/ristorante-dejavu.html"},"modified":"2020-06-12T12:27:36","modified_gmt":"2020-06-12T10:27:36","slug":"dejavu-restaurant","status":"publish","type":"page","link":"https:\/\/www.villaggioorizzonte.it\/de\/feriendorf-mit-restaurant-toskanisch-meer\/dejavu-restaurant.html","title":{"rendered":"Restaurant Dejavu"},"content":{"rendered":"<p>[vc_row full_width=&#8220;stretch_row&#8220; css=&#8220;.vc_custom_1591873407552{margin-top: 30px !important;margin-bottom: 60px !important;padding-top: 40px !important;padding-bottom: 40px !important;background-color: #fec700 !important;}&#8220;][vc_column][vc_row_inner gap=&#8220;10&#8243;][vc_column_inner][vc_column_text el_class=&#8220;text-white listapuntata&#8220;]<\/p>\n<p style=\"font-size: 18px; text-align: left;\"><img loading=\"lazy\" decoding=\"async\" class=\"alignleft wp-image-13545\" src=\"https:\/\/www.villaggioorizzonte.it\/wp-content\/uploads\/2020\/06\/sicurezza-ita-eng-286x300.png\" alt=\"\" width=\"213\" height=\"224\" srcset=\"https:\/\/www.villaggioorizzonte.it\/wp-content\/uploads\/2020\/06\/sicurezza-ita-eng-286x300.png 286w, https:\/\/www.villaggioorizzonte.it\/wp-content\/uploads\/2020\/06\/sicurezza-ita-eng.png 566w\" sizes=\"auto, (max-width: 213px) 100vw, 213px\" \/><\/p>\n<p>&nbsp;<\/p>\n<p>&nbsp;<\/p>\n<p style=\"font-size: 18px; text-align: left;\">In dieser Saison \u00f6ffnet das DejaVu als Erfrischungsbar des s\u00fcdlichen Schwimmbads. Sie finden das erlesene Men\u00fc des DejaVu im Angebot des Restaurants Orizzonte.<\/p>\n<p>[\/vc_column_text][\/vc_column_inner][\/vc_row_inner][\/vc_column][\/vc_row][vc_row gap=&#8220;20&#8243; equal_height=&#8220;yes&#8220;][vc_column width=&#8220;2\/3&#8243;][vc_single_image image=&#8220;3845&#8243; img_size=&#8220;full&#8220;][\/vc_column][vc_column width=&#8220;1\/3&#8243; css=&#8220;.vc_custom_1571739035868{padding-top: 30px !important;padding-right: 30px !important;padding-bottom: 30px !important;padding-left: 30px !important;background-color: #fec700 !important;}&#8220; el_class=&#8220;text-white small&#8220;][vc_column_text el_class=&#8220;small white&#8220;]<strong>Ab Ende April<\/strong><br \/>\nNur am Wochenende ge\u00f6ffnet<\/p>\n<p><strong>Von Ende Mai bis Mitte September<\/strong><br \/>\njeden Tag von 8 bis 1 Uhr in der Nacht[\/vc_column_text][\/vc_column][\/vc_row][vc_row css=&#8220;.vc_custom_1571928032132{padding-top: 30px !important;padding-bottom: 15px !important;}&#8220;][vc_column][vc_column_text]<\/p>\n<p style=\"text-align: center;\">Das Dejavu ist das Restaurant, das Sie nur einen Katzensprung vom Meer und ein paar Kilometer von Piombino entfernt suchen, um ein <strong>romantisches Abendessen<\/strong> zu genie\u00dfen und sich einen eigenen Moment zu g\u00f6nnen, um ihn mit Ihrer Familie oder dem, den Sie lieben, zu teilen. Probieren Sie die Aromen der toskanischen K\u00fcche, neu interpretiert in einem modernen Stil, und entdecken Sie den Geschmack von <strong>frischem Fisch, den Sie direkt von unserem &#8222;Fischmarkt&#8220;<\/strong> w\u00e4hlen k\u00f6nnen.<\/p>\n<p style=\"text-align: center;\">Nach dem Abendessen geht es weiter mit unserer Liste ausgew\u00e4hlter Lik\u00f6re und Rumsorten, die Sie vor dem Schlafengehen kuscheln k\u00f6nnen.<\/p>\n<p style=\"text-align: center;\"><strong>Im Dejavu Restaurant &amp; Lounge Bar<\/strong> k\u00f6nnen Sie einzigartige Abende in einer spektakul\u00e4ren Umgebung verbringen.<\/p>\n<p>[\/vc_column_text][\/vc_column][\/vc_row][vc_row css=&#8220;.vc_custom_1571927891361{padding-top: 30px !important;padding-bottom: 30px !important;}&#8220;][vc_column][vc_single_image image=&#8220;3844&#8243; img_size=&#8220;full&#8220; css=&#8220;.vc_custom_1572359064732{padding-right: 10px !important;padding-left: 10px !important;}&#8220;][\/vc_column][\/vc_row][vc_row el_id=&#8220;carosello-normale&#8220; el_class=&#8220;mt-5&#8243;][vc_column][vc_carousel_father arrow=&#8220;true&#8220; dot=&#8220;false&#8220; slide_visible=&#8220;4&#8243; tabs=&#8220;4&#8243; slide_visible_mbl=&#8220;2&#8243; speed=&#8220;&#8220; arrowclr=&#8220;#ffffff&#8220;][vc_carousel_son titlesize=&#8220;&#8220; line_height=&#8220;&#8220; image_id=&#8220;4326&#8243; img_width=&#8220;97%&#8220; img_height=&#8220;97%&#8220;][\/vc_carousel_son][vc_carousel_son titlesize=&#8220;&#8220; line_height=&#8220;&#8220; image_id=&#8220;4327&#8243; img_width=&#8220;97%&#8220; img_height=&#8220;97%&#8220;][\/vc_carousel_son][vc_carousel_son titlesize=&#8220;&#8220; line_height=&#8220;&#8220; image_id=&#8220;4332&#8243; img_width=&#8220;97%&#8220; img_height=&#8220;97%&#8220;][\/vc_carousel_son][vc_carousel_son titlesize=&#8220;&#8220; line_height=&#8220;&#8220; contain_url=&#8220;https:\/\/www.villaggioorizzonte.it\/borghi-toscani\/campiglia-marittima.html&#8220; image_id=&#8220;4330&#8243; img_width=&#8220;97%&#8220; img_height=&#8220;97%&#8220;][\/vc_carousel_son][vc_carousel_son titlesize=&#8220;&#8220; line_height=&#8220;&#8220; image_id=&#8220;4338&#8243; img_width=&#8220;97%&#8220; img_height=&#8220;97%&#8220;][\/vc_carousel_son][vc_carousel_son titlesize=&#8220;&#8220; line_height=&#8220;&#8220; image_id=&#8220;4331&#8243; img_width=&#8220;97%&#8220; img_height=&#8220;97%&#8220;][\/vc_carousel_son][vc_carousel_son titlesize=&#8220;&#8220; line_height=&#8220;&#8220; image_id=&#8220;4334&#8243; img_width=&#8220;97%&#8220; img_height=&#8220;97%&#8220;][\/vc_carousel_son][vc_carousel_son titlesize=&#8220;&#8220; line_height=&#8220;&#8220; image_id=&#8220;4333&#8243; img_width=&#8220;97%&#8220; img_height=&#8220;97%&#8220;][\/vc_carousel_son][vc_carousel_son titlesize=&#8220;&#8220; line_height=&#8220;&#8220; image_id=&#8220;4337&#8243; img_width=&#8220;97%&#8220; img_height=&#8220;97%&#8220;][\/vc_carousel_son][vc_carousel_son titlesize=&#8220;&#8220; line_height=&#8220;&#8220; image_id=&#8220;4328&#8243; img_width=&#8220;97%&#8220; img_height=&#8220;97%&#8220;][\/vc_carousel_son][\/vc_carousel_father][\/vc_column][\/vc_row][vc_row full_width=&#8220;stretch_row&#8220; gap=&#8220;15&#8243; equal_height=&#8220;yes&#8220; el_class=&#8220;text-center&#8220; css=&#8220;.vc_custom_1571920417641{margin-top: 80px !important;background-color: #f14d18 !important;}&#8220;][vc_column][vc_column_text el_class=&#8220;titolobiancoh2 my-4&#8243;]<\/p>\n<h4 style=\"text-align: center;\">Die anderen Restaurants<\/h4>\n<p>[\/vc_column_text][\/vc_column][\/vc_row][vc_row full_width=&#8220;stretch_row&#8220; gap=&#8220;15&#8243; equal_height=&#8220;yes&#8220; el_class=&#8220;text-center&#8220; css=&#8220;.vc_custom_1571920424913{background-color: #f14d18 !important;}&#8220;][vc_column offset=&#8220;vc_col-lg-6 vc_col-md-6 vc_col-xs-12&#8243;][vc_row_inner][vc_column_inner el_class=&#8220;col-md-auto&#8220; offset=&#8220;vc_col-lg-12 vc_col-md-12 vc_col-xs-12&#8243;][vc_single_image image=&#8220;3923&#8243; img_size=&#8220;full&#8220; alignment=&#8220;center&#8220;][\/vc_column_inner][vc_column_inner el_class=&#8220;bloccotesto-colorato px-5 pt-5&#8243; offset=&#8220;vc_col-lg-12 vc_col-md-12 vc_col-xs-12&#8243; css=&#8220;.vc_custom_1571822315646{background-color: #fec700 !important;}&#8220;][vc_column_text el_class=&#8220;p-5&#8243;]<\/p>\n<h4>Orizzonte<\/h4>\n<p>Restaurant Pizzeria[\/vc_column_text][vc_btn title=&#8220;SEHEN&#8220; style=&#8220;outline-custom&#8220; outline_custom_color=&#8220;#ffffff&#8220; outline_custom_hover_background=&#8220;rgba(12,0,0,0.46)&#8220; outline_custom_hover_text=&#8220;#ffffff&#8220; shape=&#8220;square&#8220; link=&#8220;url:%2Fde%2Fferiendorf-mit-restaurant-toskanisch-meer%2Forizzonte-restaurant.html|title:Offerte||&#8220; el_class=&#8220;mt-1 mb-3&#8243;][\/vc_column_inner][\/vc_row_inner][\/vc_column][vc_column offset=&#8220;vc_col-lg-6 vc_col-md-6 vc_col-xs-12&#8243;][vc_row_inner][vc_column_inner el_class=&#8220;col-md-auto&#8220; offset=&#8220;vc_col-lg-12 vc_col-md-12 vc_col-xs-12&#8243;][vc_single_image image=&#8220;3924&#8243; img_size=&#8220;full&#8220; alignment=&#8220;center&#8220;][\/vc_column_inner][vc_column_inner el_class=&#8220;bloccotesto-colorato px-5 pt-5&#8243; offset=&#8220;vc_col-lg-12 vc_col-md-12 vc_col-xs-12&#8243; css=&#8220;.vc_custom_1571822300071{background-color: #039fe3 !important;}&#8220;][vc_column_text el_class=&#8220;p-5&#8243;]<\/p>\n<h4>Zest<\/h4>\n<p>Fast Food[\/vc_column_text][vc_btn title=&#8220;SEHEN&#8220; style=&#8220;outline-custom&#8220; outline_custom_color=&#8220;#ffffff&#8220; outline_custom_hover_background=&#8220;rgba(12,0,0,0.46)&#8220; outline_custom_hover_text=&#8220;#ffffff&#8220; shape=&#8220;square&#8220; link=&#8220;url:%2Fde%2Fferiendorf-mit-restaurant-toskanisch-meer%2Fzest-fast-food.html|title:Offerte||&#8220; el_class=&#8220;mt-1 mb-3&#8243;][\/vc_column_inner][\/vc_row_inner][\/vc_column][\/vc_row]<\/p>\n","protected":false},"excerpt":{"rendered":"<p>[vc_row full_width=&#8220;stretch_row&#8220; css=&#8220;.vc_custom_1591873407552{margin-top: 30px !important;margin-bottom: 60px !important;padding-top: 40px !important;padding-bottom: 40px !important;background-color: #fec700 !important;}&#8220;][vc_column][vc_row_inner gap=&#8220;10&#8243;][vc_column_inner][vc_column_text el_class=&#8220;text-white listapuntata&#8220;] &nbsp; &nbsp; In dieser Saison \u00f6ffnet das DejaVu als Erfrischungsbar des s\u00fcdlichen Schwimmbads. Sie finden das erlesene Men\u00fc des DejaVu im Angebot des Restaurants Orizzonte. [\/vc_column_text][\/vc_column_inner][\/vc_row_inner][\/vc_column][\/vc_row][vc_row gap=&#8220;20&#8243; equal_height=&#8220;yes&#8220;][vc_column width=&#8220;2\/3&#8243;][vc_single_image image=&#8220;3845&#8243; img_size=&#8220;full&#8220;][\/vc_column][vc_column width=&#8220;1\/3&#8243; css=&#8220;.vc_custom_1571739035868{padding-top: 30px !important;padding-right: 30px !important;padding-bottom: 30px !important;padding-left: [&hellip;]<\/p>\n","protected":false},"author":7,"featured_media":0,"parent":6913,"menu_order":0,"comment_status":"closed","ping_status":"closed","template":"","meta":{"_et_pb_use_builder":"on","_et_pb_old_content":"<p>[vc_row full_width=\"stretch_row\" disable_element=\"yes\" css=\".vc_custom_1619088193440{margin-top: 30px !important;margin-bottom: 60px !important;padding-top: 40px !important;padding-bottom: 40px !important;background-color: #fec700 !important;}\"][vc_column][vc_row_inner content_placement=\"middle\" gap=\"10\"][vc_column_inner][vc_column_text el_class=\"text-white listapuntata\"]<\/p>\r\n<p style=\"font-size: 18px; text-align: left;\"><img class=\"alignleft wp-image-13545\" src=\"https:\/\/www.villaggioorizzonte.it\/wp-content\/uploads\/2020\/06\/sicurezza-ita-eng-286x300.png\" alt=\"\" width=\"199\" height=\"209\" \/><\/p>\r\n<p>&nbsp;<\/p>\r\n<p>&nbsp;<\/p>\r\n<p style=\"font-size: 18px; text-align: left;\">Per questa stagione il D\u00e9jaVu apre come bar ristoro della Piscina Sud.<br \/>\r\nPotrete ritrovare il suo raffinato menu nell\u2019offerta del <strong>Ristorante Orizzonte<\/strong><\/p>\r\n<p>[\/vc_column_text][\/vc_column_inner][\/vc_row_inner][\/vc_column][\/vc_row][vc_row][vc_column][vc_column_text]<\/p>\r\n<p style=\"text-align: center;\">Situato sulla piscina sud, il <strong>Ristorante &amp; Lounge Bar Dejavu<\/strong> \u00e8 un luogo particolarmente suggestivo, dove potrai trascorrere ogni momento della tua giornata, quando avrai bisogno di concederti una pausa. <strong>Aperto solo durante la stagione estiva<\/strong> al Ristorante Dejavu potrai gustare ottime <strong>colazioni a bordo piscina<\/strong>, e iniziare la tua giornata con tutta la calma e il silenzio che si richiede in vacanza. Snack, gelati, caff\u00e8 e tutto ci\u00f2 di cui hai bisogno per un <strong>break<\/strong> durante la giornata, tra un tuffo e l\u2019altro, fino ad arrivare al <strong>pranzo<\/strong>, dove potrai scegliere freschi piatti della tradizione toscana dal nostro menu alla carta.<\/p>\r\n<p style=\"text-align: center;\">Alla sera quando l\u2019allegria della piscina lascia spazio ad un\u2019atmosfera raccolta e romantica, goditi un <strong>aperitivo al calar del sole<\/strong> <strong>o un ottimo cocktail in compagnia<\/strong> con il nostro ricco happy hour, fino alla cena con splendide grigliate di pesce fresco al lume di candela.<\/p>\r\n<p>[\/vc_column_text][\/vc_column][\/vc_row][vc_row gap=\"20\" equal_height=\"yes\"][vc_column width=\"2\/3\"][vc_single_image image=\"3845\" img_size=\"full\"][\/vc_column][vc_column width=\"1\/3\" css=\".vc_custom_1571739035868{padding-top: 30px !important;padding-right: 30px !important;padding-bottom: 30px !important;padding-left: 30px !important;background-color: #fec700 !important;}\" el_class=\"text-white small\"][vc_column_text el_class=\"small white\"]<strong>Da fine Aprile<\/strong><br \/>\r\naperto solo durante il week-end<\/p>\r\n<p><strong>Da fine Maggio a met\u00e0 Settembre<br \/>\r\n<\/strong>tutti i giorni dalle ore 8 del mattino all\u2019una di notte[\/vc_column_text][\/vc_column][\/vc_row][vc_row css=\".vc_custom_1571928032132{padding-top: 30px !important;padding-bottom: 15px !important;}\"][vc_column][vc_column_text]<\/p>\r\n<p style=\"text-align: center;\">Il <strong>Dejavu<\/strong> \u00e8 il ristorante che cerchi a due passi dal mare e a pochi km da Piombino, per <strong>cene romantiche<\/strong>, per ritagliarti un momento tutto tuo da condividere con la famiglia o con la persona che ami. Gusta i sapori della <strong>cucina Toscana<\/strong>, rivisitati in una chiave moderna, e riscopri il gusto del pesce fresco che potrai scegliere direttamente dal nostro \u201cmercato del pesce\u201d.<\/p>\r\n<p style=\"text-align: center;\">Finita la cena, la serata continua con la nostra lista di liquori e rum selezionati, una coccola prima di andare a dormire.<\/p>\r\n<p style=\"text-align: center;\">Al <strong>Ristorante &amp; Lounge Bar Dejavu<\/strong> potrai trascorrere serate uniche in una cornice spettacolare.<\/p>\r\n<p>[\/vc_column_text][\/vc_column][\/vc_row][vc_row css=\".vc_custom_1571927891361{padding-top: 30px !important;padding-bottom: 30px !important;}\"][vc_column][vc_single_image image=\"3844\" img_size=\"full\" css=\".vc_custom_1572359064732{padding-right: 10px !important;padding-left: 10px !important;}\"][\/vc_column][\/vc_row][vc_row el_id=\"carosello-normale\" el_class=\"mt-5\"][vc_column][vc_carousel_father arrow=\"true\" dot=\"false\" slide_visible=\"4\" tabs=\"4\" slide_visible_mbl=\"2\" speed=\"\" arrowclr=\"#ffffff\"][vc_carousel_son titlesize=\"\" line_height=\"\" image_id=\"4326\" img_width=\"97%\" img_height=\"97%\"][\/vc_carousel_son][vc_carousel_son titlesize=\"\" line_height=\"\" image_id=\"4327\" img_width=\"97%\" img_height=\"97%\"][\/vc_carousel_son][vc_carousel_son titlesize=\"\" line_height=\"\" image_id=\"4332\" img_width=\"97%\" img_height=\"97%\"][\/vc_carousel_son][vc_carousel_son titlesize=\"\" line_height=\"\" contain_url=\"https:\/\/www.villaggioorizzonte.it\/borghi-toscani\/campiglia-marittima.html\" image_id=\"4330\" img_width=\"97%\" img_height=\"97%\"][\/vc_carousel_son][vc_carousel_son titlesize=\"\" line_height=\"\" image_id=\"4338\" img_width=\"97%\" img_height=\"97%\"][\/vc_carousel_son][vc_carousel_son titlesize=\"\" line_height=\"\" image_id=\"4331\" img_width=\"97%\" img_height=\"97%\"][\/vc_carousel_son][vc_carousel_son titlesize=\"\" line_height=\"\" image_id=\"4334\" img_width=\"97%\" img_height=\"97%\"][\/vc_carousel_son][vc_carousel_son titlesize=\"\" line_height=\"\" image_id=\"4333\" img_width=\"97%\" img_height=\"97%\"][\/vc_carousel_son][vc_carousel_son titlesize=\"\" line_height=\"\" image_id=\"4337\" img_width=\"97%\" img_height=\"97%\"][\/vc_carousel_son][vc_carousel_son titlesize=\"\" line_height=\"\" image_id=\"4328\" img_width=\"97%\" img_height=\"97%\"][\/vc_carousel_son][\/vc_carousel_father][\/vc_column][\/vc_row][vc_row full_width=\"stretch_row\" gap=\"15\" equal_height=\"yes\" el_class=\"text-center\" css=\".vc_custom_1571920417641{margin-top: 80px !important;background-color: #f14d18 !important;}\"][vc_column][vc_column_text el_class=\"titolobiancoh2 my-4\"]<\/p>\r\n<h4 style=\"text-align: center;\">Gli altri ristoranti<\/h4>\r\n<p>[\/vc_column_text][\/vc_column][\/vc_row][vc_row full_width=\"stretch_row\" gap=\"15\" equal_height=\"yes\" el_class=\"text-center\" css=\".vc_custom_1571920424913{background-color: #f14d18 !important;}\"][vc_column offset=\"vc_col-lg-6 vc_col-md-6 vc_col-xs-12\"][vc_row_inner][vc_column_inner el_class=\"col-md-auto\" offset=\"vc_col-lg-12 vc_col-md-12 vc_col-xs-12\"][vc_single_image image=\"3923\" img_size=\"full\" alignment=\"center\"][\/vc_column_inner][vc_column_inner el_class=\"bloccotesto-colorato px-5 pt-5\" offset=\"vc_col-lg-12 vc_col-md-12 vc_col-xs-12\" css=\".vc_custom_1571822315646{background-color: #fec700 !important;}\"][vc_column_text el_class=\"p-5\"]<\/p>\r\n<h4>Orizzonte<\/h4>\r\n<p>Ristorante Pizzeria[\/vc_column_text][vc_btn title=\"VAI\" style=\"outline-custom\" outline_custom_color=\"#ffffff\" outline_custom_hover_background=\"rgba(12,0,0,0.46)\" outline_custom_hover_text=\"#ffffff\" shape=\"square\" link=\"url:%2Fvillaggio-con-ristorante-toscana-mare%2Fristorante-orizzonte.html|title:Offerte||\" el_class=\"mt-1 mb-3\"][\/vc_column_inner][\/vc_row_inner][\/vc_column][vc_column offset=\"vc_col-lg-6 vc_col-md-6 vc_col-xs-12\"][vc_row_inner][vc_column_inner el_class=\"col-md-auto\" offset=\"vc_col-lg-12 vc_col-md-12 vc_col-xs-12\"][vc_single_image image=\"3924\" img_size=\"full\" alignment=\"center\"][\/vc_column_inner][vc_column_inner el_class=\"bloccotesto-colorato px-5 pt-5\" offset=\"vc_col-lg-12 vc_col-md-12 vc_col-xs-12\" css=\".vc_custom_1571822300071{background-color: #039fe3 !important;}\"][vc_column_text el_class=\"p-5\"]<\/p>\r\n<h4>Zest<\/h4>\r\n<p>Fast Food[\/vc_column_text][vc_btn title=\"VAI\" style=\"outline-custom\" outline_custom_color=\"#ffffff\" outline_custom_hover_background=\"rgba(12,0,0,0.46)\" outline_custom_hover_text=\"#ffffff\" shape=\"square\" link=\"url:%2Fvillaggio-con-ristorante-toscana-mare%2Fzest-fast-food.html|title:Offerte||\" el_class=\"mt-1 mb-3\"][\/vc_column_inner][\/vc_row_inner][\/vc_column][\/vc_row]<\/p>","_et_gb_content_width":"","ngg_post_thumbnail":0,"footnotes":""},"class_list":["post-6919","page","type-page","status-publish","hentry"],"yoast_head":"<!-- This site is optimized with the Yoast SEO plugin v25.8 - https:\/\/yoast.com\/wordpress\/plugins\/seo\/ -->\n<title>Dejavu Ristorante - Lounge Bar - Villaggio Orizzonte<\/title>\n<meta name=\"description\" content=\"Das Dejavu Restaurant &amp; Lounge Bar ist ein einladender Ort mit Liebe zum Detail, wo Sie jeden Moment Ihres Tages verbringen k\u00f6nnen\u2026\" \/>\n<meta name=\"robots\" content=\"index, follow, max-snippet:-1, max-image-preview:large, max-video-preview:-1\" \/>\n<link rel=\"canonical\" href=\"https:\/\/www.villaggioorizzonte.it\/de\/feriendorf-mit-restaurant-toskanisch-meer\/dejavu-restaurant.html\" \/>\n<meta property=\"og:locale\" content=\"de_DE\" \/>\n<meta property=\"og:type\" content=\"article\" \/>\n<meta property=\"og:title\" content=\"Dejavu Ristorante - Lounge Bar - Villaggio Orizzonte\" \/>\n<meta property=\"og:description\" content=\"Das Dejavu Restaurant &amp; Lounge Bar ist ein einladender Ort mit Liebe zum Detail, wo Sie jeden Moment Ihres Tages verbringen k\u00f6nnen\u2026\" \/>\n<meta property=\"og:url\" content=\"https:\/\/www.villaggioorizzonte.it\/de\/feriendorf-mit-restaurant-toskanisch-meer\/dejavu-restaurant.html\" \/>\n<meta property=\"og:site_name\" content=\"Villaggio Orizzonte\" \/>\n<meta property=\"article:modified_time\" content=\"2020-06-12T10:27:36+00:00\" \/>\n<meta property=\"og:image\" content=\"https:\/\/www.villaggioorizzonte.it\/wp-content\/uploads\/2020\/06\/sicurezza-ita-eng-286x300.png\" \/>\n<meta name=\"twitter:card\" content=\"summary_large_image\" \/>\n<script type=\"application\/ld+json\" class=\"yoast-schema-graph\">{\"@context\":\"https:\/\/schema.org\",\"@graph\":[{\"@type\":\"WebPage\",\"@id\":\"https:\/\/www.villaggioorizzonte.it\/de\/feriendorf-mit-restaurant-toskanisch-meer\/dejavu-restaurant.html\",\"url\":\"https:\/\/www.villaggioorizzonte.it\/de\/feriendorf-mit-restaurant-toskanisch-meer\/dejavu-restaurant.html\",\"name\":\"Dejavu Ristorante - Lounge Bar - Villaggio Orizzonte\",\"isPartOf\":{\"@id\":\"https:\/\/www.villaggioorizzonte.it\/de\/#website\"},\"primaryImageOfPage\":{\"@id\":\"https:\/\/www.villaggioorizzonte.it\/de\/feriendorf-mit-restaurant-toskanisch-meer\/dejavu-restaurant.html#primaryimage\"},\"image\":{\"@id\":\"https:\/\/www.villaggioorizzonte.it\/de\/feriendorf-mit-restaurant-toskanisch-meer\/dejavu-restaurant.html#primaryimage\"},\"thumbnailUrl\":\"https:\/\/www.villaggioorizzonte.it\/wp-content\/uploads\/2020\/06\/sicurezza-ita-eng-286x300.png\",\"datePublished\":\"2019-10-23T07:39:40+00:00\",\"dateModified\":\"2020-06-12T10:27:36+00:00\",\"description\":\"Das Dejavu Restaurant & Lounge Bar ist ein einladender Ort mit Liebe zum Detail, wo Sie jeden Moment Ihres Tages verbringen k\u00f6nnen\u2026\",\"breadcrumb\":{\"@id\":\"https:\/\/www.villaggioorizzonte.it\/de\/feriendorf-mit-restaurant-toskanisch-meer\/dejavu-restaurant.html#breadcrumb\"},\"inLanguage\":\"de\",\"potentialAction\":[{\"@type\":\"ReadAction\",\"target\":[\"https:\/\/www.villaggioorizzonte.it\/de\/feriendorf-mit-restaurant-toskanisch-meer\/dejavu-restaurant.html\"]}]},{\"@type\":\"ImageObject\",\"inLanguage\":\"de\",\"@id\":\"https:\/\/www.villaggioorizzonte.it\/de\/feriendorf-mit-restaurant-toskanisch-meer\/dejavu-restaurant.html#primaryimage\",\"url\":\"https:\/\/www.villaggioorizzonte.it\/wp-content\/uploads\/2020\/06\/sicurezza-ita-eng-286x300.png\",\"contentUrl\":\"https:\/\/www.villaggioorizzonte.it\/wp-content\/uploads\/2020\/06\/sicurezza-ita-eng-286x300.png\"},{\"@type\":\"BreadcrumbList\",\"@id\":\"https:\/\/www.villaggioorizzonte.it\/de\/feriendorf-mit-restaurant-toskanisch-meer\/dejavu-restaurant.html#breadcrumb\",\"itemListElement\":[{\"@type\":\"ListItem\",\"position\":1,\"name\":\"Home\",\"item\":\"https:\/\/www.villaggioorizzonte.it\/de\/\"},{\"@type\":\"ListItem\",\"position\":2,\"name\":\"Restaurants\",\"item\":\"https:\/\/www.villaggioorizzonte.it\/de\/feriendorf-mit-restaurant-toskanisch-meer.html\"},{\"@type\":\"ListItem\",\"position\":3,\"name\":\"Restaurant Dejavu\"}]},{\"@type\":\"WebSite\",\"@id\":\"https:\/\/www.villaggioorizzonte.it\/de\/#website\",\"url\":\"https:\/\/www.villaggioorizzonte.it\/de\/\",\"name\":\"Villaggio Orizzonte\",\"description\":\"Villaggio Turistico\",\"potentialAction\":[{\"@type\":\"SearchAction\",\"target\":{\"@type\":\"EntryPoint\",\"urlTemplate\":\"https:\/\/www.villaggioorizzonte.it\/de\/?s={search_term_string}\"},\"query-input\":{\"@type\":\"PropertyValueSpecification\",\"valueRequired\":true,\"valueName\":\"search_term_string\"}}],\"inLanguage\":\"de\"}]}<\/script>\n<!-- \/ Yoast SEO plugin. -->","yoast_head_json":{"title":"Dejavu Ristorante - Lounge Bar - Villaggio Orizzonte","description":"Das Dejavu Restaurant & Lounge Bar ist ein einladender Ort mit Liebe zum Detail, wo Sie jeden Moment Ihres Tages verbringen k\u00f6nnen\u2026","robots":{"index":"index","follow":"follow","max-snippet":"max-snippet:-1","max-image-preview":"max-image-preview:large","max-video-preview":"max-video-preview:-1"},"canonical":"https:\/\/www.villaggioorizzonte.it\/de\/feriendorf-mit-restaurant-toskanisch-meer\/dejavu-restaurant.html","og_locale":"de_DE","og_type":"article","og_title":"Dejavu Ristorante - Lounge Bar - Villaggio Orizzonte","og_description":"Das Dejavu Restaurant & Lounge Bar ist ein einladender Ort mit Liebe zum Detail, wo Sie jeden Moment Ihres Tages verbringen k\u00f6nnen\u2026","og_url":"https:\/\/www.villaggioorizzonte.it\/de\/feriendorf-mit-restaurant-toskanisch-meer\/dejavu-restaurant.html","og_site_name":"Villaggio Orizzonte","article_modified_time":"2020-06-12T10:27:36+00:00","og_image":[{"url":"https:\/\/www.villaggioorizzonte.it\/wp-content\/uploads\/2020\/06\/sicurezza-ita-eng-286x300.png","type":"","width":"","height":""}],"twitter_card":"summary_large_image","schema":{"@context":"https:\/\/schema.org","@graph":[{"@type":"WebPage","@id":"https:\/\/www.villaggioorizzonte.it\/de\/feriendorf-mit-restaurant-toskanisch-meer\/dejavu-restaurant.html","url":"https:\/\/www.villaggioorizzonte.it\/de\/feriendorf-mit-restaurant-toskanisch-meer\/dejavu-restaurant.html","name":"Dejavu Ristorante - Lounge Bar - Villaggio Orizzonte","isPartOf":{"@id":"https:\/\/www.villaggioorizzonte.it\/de\/#website"},"primaryImageOfPage":{"@id":"https:\/\/www.villaggioorizzonte.it\/de\/feriendorf-mit-restaurant-toskanisch-meer\/dejavu-restaurant.html#primaryimage"},"image":{"@id":"https:\/\/www.villaggioorizzonte.it\/de\/feriendorf-mit-restaurant-toskanisch-meer\/dejavu-restaurant.html#primaryimage"},"thumbnailUrl":"https:\/\/www.villaggioorizzonte.it\/wp-content\/uploads\/2020\/06\/sicurezza-ita-eng-286x300.png","datePublished":"2019-10-23T07:39:40+00:00","dateModified":"2020-06-12T10:27:36+00:00","description":"Das Dejavu Restaurant & Lounge Bar ist ein einladender Ort mit Liebe zum Detail, wo Sie jeden Moment Ihres Tages verbringen k\u00f6nnen\u2026","breadcrumb":{"@id":"https:\/\/www.villaggioorizzonte.it\/de\/feriendorf-mit-restaurant-toskanisch-meer\/dejavu-restaurant.html#breadcrumb"},"inLanguage":"de","potentialAction":[{"@type":"ReadAction","target":["https:\/\/www.villaggioorizzonte.it\/de\/feriendorf-mit-restaurant-toskanisch-meer\/dejavu-restaurant.html"]}]},{"@type":"ImageObject","inLanguage":"de","@id":"https:\/\/www.villaggioorizzonte.it\/de\/feriendorf-mit-restaurant-toskanisch-meer\/dejavu-restaurant.html#primaryimage","url":"https:\/\/www.villaggioorizzonte.it\/wp-content\/uploads\/2020\/06\/sicurezza-ita-eng-286x300.png","contentUrl":"https:\/\/www.villaggioorizzonte.it\/wp-content\/uploads\/2020\/06\/sicurezza-ita-eng-286x300.png"},{"@type":"BreadcrumbList","@id":"https:\/\/www.villaggioorizzonte.it\/de\/feriendorf-mit-restaurant-toskanisch-meer\/dejavu-restaurant.html#breadcrumb","itemListElement":[{"@type":"ListItem","position":1,"name":"Home","item":"https:\/\/www.villaggioorizzonte.it\/de\/"},{"@type":"ListItem","position":2,"name":"Restaurants","item":"https:\/\/www.villaggioorizzonte.it\/de\/feriendorf-mit-restaurant-toskanisch-meer.html"},{"@type":"ListItem","position":3,"name":"Restaurant Dejavu"}]},{"@type":"WebSite","@id":"https:\/\/www.villaggioorizzonte.it\/de\/#website","url":"https:\/\/www.villaggioorizzonte.it\/de\/","name":"Villaggio Orizzonte","description":"Villaggio Turistico","potentialAction":[{"@type":"SearchAction","target":{"@type":"EntryPoint","urlTemplate":"https:\/\/www.villaggioorizzonte.it\/de\/?s={search_term_string}"},"query-input":{"@type":"PropertyValueSpecification","valueRequired":true,"valueName":"search_term_string"}}],"inLanguage":"de"}]}},"_links":{"self":[{"href":"https:\/\/www.villaggioorizzonte.it\/de\/wp-json\/wp\/v2\/pages\/6919","targetHints":{"allow":["GET"]}}],"collection":[{"href":"https:\/\/www.villaggioorizzonte.it\/de\/wp-json\/wp\/v2\/pages"}],"about":[{"href":"https:\/\/www.villaggioorizzonte.it\/de\/wp-json\/wp\/v2\/types\/page"}],"author":[{"embeddable":true,"href":"https:\/\/www.villaggioorizzonte.it\/de\/wp-json\/wp\/v2\/users\/7"}],"replies":[{"embeddable":true,"href":"https:\/\/www.villaggioorizzonte.it\/de\/wp-json\/wp\/v2\/comments?post=6919"}],"version-history":[{"count":0,"href":"https:\/\/www.villaggioorizzonte.it\/de\/wp-json\/wp\/v2\/pages\/6919\/revisions"}],"up":[{"embeddable":true,"href":"https:\/\/www.villaggioorizzonte.it\/de\/wp-json\/wp\/v2\/pages\/6913"}],"wp:attachment":[{"href":"https:\/\/www.villaggioorizzonte.it\/de\/wp-json\/wp\/v2\/media?parent=6919"}],"curies":[{"name":"wp","href":"https:\/\/api.w.org\/{rel}","templated":true}]}}