{"id":289672,"date":"2024-07-19T19:26:47","date_gmt":"2024-07-19T17:26:47","guid":{"rendered":"https:\/\/www.villaggioorizzonte.it\/?page_id=289672"},"modified":"2024-07-19T19:27:53","modified_gmt":"2024-07-19T17:27:53","slug":"calidario-terme-etrusche","status":"publish","type":"page","link":"https:\/\/www.villaggioorizzonte.it\/de\/calidario-terme-etrusche.html","title":{"rendered":"Calidario terme Etrusche"},"content":{"rendered":"<p>[et_pb_section fb_built=&#8220;1&#8243; admin_label=&#8220;Testata&#8220; _builder_version=&#8220;4.16&#8243; _module_preset=&#8220;default&#8220; custom_margin=&#8220;0px|0px|0px||false|false&#8220; custom_padding=&#8220;0px|0px|0px|0px|false|false&#8220; da_disable_devices=&#8220;off|off|off&#8220; saved_tabs=&#8220;all&#8220; locked=&#8220;off&#8220; collapsed=&#8220;off&#8220; global_colors_info=&#8220;{}&#8220; da_is_popup=&#8220;off&#8220; da_exit_intent=&#8220;off&#8220; da_has_close=&#8220;on&#8220; da_alt_close=&#8220;off&#8220; da_dark_close=&#8220;off&#8220; da_not_modal=&#8220;on&#8220; da_is_singular=&#8220;off&#8220; da_with_loader=&#8220;off&#8220; da_has_shadow=&#8220;on&#8220;][et_pb_row use_custom_gutter=&#8220;on&#8220; gutter_width=&#8220;1&#8243; admin_label=&#8220;Sfondo immagine&#8220; module_class=&#8220;testata&#8220; _builder_version=&#8220;4.16&#8243; _module_preset=&#8220;default&#8220; background_color=&#8220;RGBA(255,255,255,0)&#8220; background_enable_image=&#8220;off&#8220; width=&#8220;100%&#8220; max_width=&#8220;100%&#8220; module_alignment=&#8220;center&#8220; height=&#8220;88vh&#8220; overflow-x=&#8220;hidden&#8220; overflow-y=&#8220;hidden&#8220; locked=&#8220;off&#8220; collapsed=&#8220;off&#8220; global_colors_info=&#8220;{}&#8220; custom_css_main_element_last_edited=&#8220;on|phone&#8220; custom_css_main_element_phone=&#8220;max-height: 550px!important;&#8220;][et_pb_column type=&#8220;4_4&#8243; _builder_version=&#8220;4.16&#8243; _module_preset=&#8220;default&#8220; global_colors_info=&#8220;{}&#8220;][et_pb_image src=&#8220;https:\/\/www.villaggioorizzonte.it\/wp-content\/uploads\/2019\/10\/terme-benessere-toscana.jpg&#8220; alt=&#8220;Terme e Benessere Toscana&#8220; title_text=&#8220;terme-e-benessere-mobile&#8220; force_fullwidth=&#8220;on&#8220; src_tablet=&#8220;https:\/\/www.villaggioorizzonte.it\/wp-content\/uploads\/2019\/10\/terme-benessere-toscana.jpg&#8220; src_phone=&#8220;https:\/\/www.villaggioorizzonte.it\/wp-content\/uploads\/2022\/03\/terme-e-benessere-mobile.jpg&#8220; src_last_edited=&#8220;on|phone&#8220; _builder_version=&#8220;4.16&#8243; _module_preset=&#8220;default&#8220; transform_scale_tablet=&#8220;&#8220; transform_scale_phone=&#8220;&#8220; transform_scale_last_edited=&#8220;on|desktop&#8220; transform_translate=&#8220;-2px|0px&#8220; transform_translate_tablet=&#8220;-2px|0px&#8220; transform_translate_phone=&#8220;-2px|0px&#8220; transform_translate_last_edited=&#8220;on|desktop&#8220; transform_rotate_tablet=&#8220;&#8220; transform_rotate_phone=&#8220;&#8220; transform_rotate_last_edited=&#8220;on|desktop&#8220; transform_skew_tablet=&#8220;&#8220; transform_skew_phone=&#8220;&#8220; transform_skew_last_edited=&#8220;on|desktop&#8220; transform_origin_tablet=&#8220;&#8220; transform_origin_phone=&#8220;&#8220; transform_origin_last_edited=&#8220;on|phone&#8220; transform_styles_last_edited=&#8220;on|phone&#8220; transform_styles_tablet=&#8220;&#8220; transform_styles_phone=&#8220;&#8220; saved_tabs=&#8220;all&#8220; global_colors_info=&#8220;{}&#8220;][\/et_pb_image][\/et_pb_column][\/et_pb_row][et_pb_row column_structure=&#8220;2_5,3_5&#8243; use_custom_gutter=&#8220;on&#8220; gutter_width=&#8220;1&#8243; make_equal=&#8220;on&#8220; admin_label=&#8220;Titolo&#8220; _builder_version=&#8220;4.16&#8243; _module_preset=&#8220;default&#8220; background_color=&#8220;RGBA(255,255,255,0)&#8220; width=&#8220;100%&#8220; max_width=&#8220;100%&#8220; module_alignment=&#8220;left&#8220; custom_margin=&#8220;-163px||||false|false&#8220; custom_margin_tablet=&#8220;-163px||||false|false&#8220; custom_margin_phone=&#8220;-124px||||false|false&#8220; custom_margin_last_edited=&#8220;on|phone&#8220; custom_padding=&#8220;||||true|false&#8220; collapsed=&#8220;off&#8220; global_colors_info=&#8220;{}&#8220;][et_pb_column type=&#8220;2_5&#8243; disabled_on=&#8220;off|off|off&#8220; _builder_version=&#8220;4.16&#8243; _module_preset=&#8220;default&#8220; global_colors_info=&#8220;{}&#8220; custom_css_main_element_last_edited=&#8220;on|phone&#8220; custom_css_main_element_phone=&#8220;width:30px!important;||display:block!important;&#8220;][\/et_pb_column][et_pb_column type=&#8220;3_5&#8243; _builder_version=&#8220;4.16&#8243; _module_preset=&#8220;default&#8220; background_color=&#8220;#FFFFFF&#8220; custom_padding=&#8220;25px||25px|30px|true|false&#8220; custom_padding_tablet=&#8220;25px||25px|30px|true|false&#8220; custom_padding_phone=&#8220;||5px|20px|false|false&#8220; custom_padding_last_edited=&#8220;on|phone&#8220; global_colors_info=&#8220;{}&#8220; custom_css_main_element_last_edited=&#8220;on|phone&#8220; custom_css_main_element_phone=&#8220;width: calc(100% &#8211; 30px)!important;&#8220;][et_pb_text admin_label=&#8220;Testo&#8220; _builder_version=&#8220;4.21.0&#8243; _module_preset=&#8220;default&#8220; background_color=&#8220;RGBA(255,255,255,0)&#8220; saved_tabs=&#8220;all&#8220; global_colors_info=&#8220;{}&#8220;]<\/p>\n<h2 class=\"h1app\">Tarife 2024 im Rahmen einer Vereinbarung f\u00fcr unsere Kunden<\/h2>\n<p>[\/et_pb_text][\/et_pb_column][\/et_pb_row][\/et_pb_section][et_pb_section fb_built=&#8220;1&#8243; admin_label=&#8220;Intro&#8220; _builder_version=&#8220;4.16&#8243; _module_preset=&#8220;default&#8220; da_disable_devices=&#8220;off|off|off&#8220; collapsed=&#8220;off&#8220; global_colors_info=&#8220;{}&#8220; da_is_popup=&#8220;off&#8220; da_exit_intent=&#8220;off&#8220; da_has_close=&#8220;on&#8220; da_alt_close=&#8220;off&#8220; da_dark_close=&#8220;off&#8220; da_not_modal=&#8220;on&#8220; da_is_singular=&#8220;off&#8220; da_with_loader=&#8220;off&#8220; da_has_shadow=&#8220;on&#8220;][et_pb_row _builder_version=&#8220;4.16&#8243; _module_preset=&#8220;default&#8220; collapsed=&#8220;off&#8220; global_colors_info=&#8220;{}&#8220;][et_pb_column type=&#8220;4_4&#8243; _builder_version=&#8220;4.16&#8243; _module_preset=&#8220;default&#8220; background_enable_color=&#8220;off&#8220; custom_padding=&#8220;||||true|false&#8220; global_colors_info=&#8220;{}&#8220;][et_pb_text _builder_version=&#8220;4.21.0&#8243; _module_preset=&#8220;default&#8220; global_colors_info=&#8220;{}&#8220;]<\/p>\n<p><b>Eintritt 3h zur nat\u00fcrlichen Quelle 22,00 Euro<\/b>  <br \/>\n<b>Eintritt 5h zur nat\u00fcrlichen Quelle 27,00 Euro (Vollpreis)<\/b><\/p>\n<p>Es besteht die M\u00f6glichkeit, den Eintritt ins Thermarium gegen Aufpreis zu verl\u00e4ngern und den Aufenthalt im Wellnessbereich w\u00e4hrend des Besuchs zu verl\u00e4ngern; am Ausgangsdrehkreuz werden 2,00\u20ac f\u00fcr jede zus\u00e4tzliche halbe Stunde Aufenthalt berechnet.<br \/>\nDen G\u00e4sten steht auch der Verpflegungsbereich zur Verf\u00fcgung, der t\u00e4glich von 11:30 bis 18:30 frei zug\u00e4nglich ist.<br \/>\nIm Inneren werden Detox-Drinks, frisches Obst und Gem\u00fcse, aromatisierte Wasser und Naturjoghurt angeboten.<\/p>\n<ul>\n<li>Eine Vorausbuchung per E-Mail an calidario@calidario.it, Kundenservice unter 0565853411, Whatsapp 3501608695 ist erforderlich<\/li>\n<li>Die verf\u00fcgbaren Zeitfenster im Juli und August sind: von 9:30 bis 23:30<\/li>\n<li>Die verf\u00fcgbaren Zeitfenster von September bis Juni sind: von 9:30 bis 20:30;<\/li>\n<li>Es ist verboten, Essen von au\u00dfen mitzubringen.<\/li>\n<\/ul>\n<p>Um die oben genannten Rabatte zu erhalten, ist es notwendig, den Code vorzulegen, der das Villaggio Orizzonte identifiziert: ID38791, indem Sie einen Gutschein abholen oder den Barcode und den Identifikationscode von Orizzonte an unserer Rezeption fotografieren.<br \/>\nViel Spa\u00df und gute Erholung.<\/p>\n<p>[\/et_pb_text][\/et_pb_column][\/et_pb_row][\/et_pb_section][et_pb_section fb_built=&#8220;1&#8243; admin_label=&#8220;Calidario&#8220; _builder_version=&#8220;4.16&#8243; _module_preset=&#8220;default&#8220; da_disable_devices=&#8220;off|off|off&#8220; collapsed=&#8220;off&#8220; global_colors_info=&#8220;{}&#8220; da_is_popup=&#8220;off&#8220; da_exit_intent=&#8220;off&#8220; da_has_close=&#8220;on&#8220; da_alt_close=&#8220;off&#8220; da_dark_close=&#8220;off&#8220; da_not_modal=&#8220;on&#8220; da_is_singular=&#8220;off&#8220; da_with_loader=&#8220;off&#8220; da_has_shadow=&#8220;on&#8220;][et_pb_row _builder_version=&#8220;4.16&#8243; _module_preset=&#8220;default&#8220; collapsed=&#8220;off&#8220; global_colors_info=&#8220;{}&#8220;][et_pb_column type=&#8220;4_4&#8243; _builder_version=&#8220;4.16&#8243; _module_preset=&#8220;default&#8220; global_colors_info=&#8220;{}&#8220;][et_pb_image src=&#8220;https:\/\/www.villaggioorizzonte.it\/wp-content\/uploads\/2019\/10\/calidario-terme-etrusche.jpg&#8220; alt=&#8220;Calidario Terme Etrusche&#8220; title_text=&#8220;Calidario Terme Etrusche&#8220; force_fullwidth=&#8220;on&#8220; _builder_version=&#8220;4.16&#8243; _module_preset=&#8220;default&#8220; global_colors_info=&#8220;{}&#8220;][\/et_pb_image][\/et_pb_column][\/et_pb_row][\/et_pb_section]<\/p>\n","protected":false},"excerpt":{"rendered":"<p>Tarife 2024 im Rahmen einer Vereinbarung f\u00fcr unsere KundenEintritt 3h zur nat\u00fcrlichen Quelle 22,00 Euro Eintritt 5h zur nat\u00fcrlichen Quelle 27,00 Euro (Vollpreis) Es besteht die M\u00f6glichkeit, den Eintritt ins Thermarium gegen Aufpreis zu verl\u00e4ngern und den Aufenthalt im Wellnessbereich w\u00e4hrend des Besuchs zu verl\u00e4ngern; am Ausgangsdrehkreuz werden 2,00\u20ac f\u00fcr jede zus\u00e4tzliche halbe Stunde Aufenthalt [&hellip;]<\/p>\n","protected":false},"author":11,"featured_media":0,"parent":0,"menu_order":40,"comment_status":"closed","ping_status":"closed","template":"","meta":{"_et_pb_use_builder":"on","_et_pb_old_content":"[et_pb_section fb_built=\"1\" admin_label=\"Testata\" _builder_version=\"4.16\" _module_preset=\"default\" custom_margin=\"0px|0px|0px||false|false\" custom_padding=\"0px|0px|0px|0px|false|false\" da_disable_devices=\"off|off|off\" saved_tabs=\"all\" locked=\"off\" collapsed=\"off\" global_colors_info=\"{}\" da_is_popup=\"off\" da_exit_intent=\"off\" da_has_close=\"on\" da_alt_close=\"off\" da_dark_close=\"off\" da_not_modal=\"on\" da_is_singular=\"off\" da_with_loader=\"off\" da_has_shadow=\"on\"][et_pb_row use_custom_gutter=\"on\" gutter_width=\"1\" admin_label=\"Sfondo immagine\" module_class=\"testata\" _builder_version=\"4.16\" _module_preset=\"default\" background_color=\"RGBA(255,255,255,0)\" background_enable_image=\"off\" width=\"100%\" max_width=\"100%\" module_alignment=\"center\" height=\"88vh\" overflow-x=\"hidden\" overflow-y=\"hidden\" locked=\"off\" collapsed=\"off\" global_colors_info=\"{}\" custom_css_main_element_last_edited=\"on|phone\" custom_css_main_element_phone=\"max-height: 550px!important;\"][et_pb_column type=\"4_4\" _builder_version=\"4.16\" _module_preset=\"default\" global_colors_info=\"{}\"][et_pb_image src=\"https:\/\/www.villaggioorizzonte.it\/wp-content\/uploads\/2019\/10\/terme-benessere-toscana.jpg\" alt=\"Terme e Benessere Toscana\" title_text=\"terme-e-benessere-mobile\" force_fullwidth=\"on\" src_tablet=\"https:\/\/www.villaggioorizzonte.it\/wp-content\/uploads\/2019\/10\/terme-benessere-toscana.jpg\" src_phone=\"https:\/\/www.villaggioorizzonte.it\/wp-content\/uploads\/2022\/03\/terme-e-benessere-mobile.jpg\" src_last_edited=\"on|phone\" _builder_version=\"4.16\" _module_preset=\"default\" transform_scale_tablet=\"\" transform_scale_phone=\"\" transform_scale_last_edited=\"on|desktop\" transform_translate=\"-2px|0px\" transform_translate_tablet=\"-2px|0px\" transform_translate_phone=\"-2px|0px\" transform_translate_last_edited=\"on|desktop\" transform_rotate_tablet=\"\" transform_rotate_phone=\"\" transform_rotate_last_edited=\"on|desktop\" transform_skew_tablet=\"\" transform_skew_phone=\"\" transform_skew_last_edited=\"on|desktop\" transform_origin_tablet=\"\" transform_origin_phone=\"\" transform_origin_last_edited=\"on|phone\" transform_styles_last_edited=\"on|phone\" transform_styles_tablet=\"\" transform_styles_phone=\"\" saved_tabs=\"all\" global_colors_info=\"{}\"][\/et_pb_image][\/et_pb_column][\/et_pb_row][et_pb_row column_structure=\"2_5,3_5\" use_custom_gutter=\"on\" gutter_width=\"1\" make_equal=\"on\" admin_label=\"Titolo\" _builder_version=\"4.16\" _module_preset=\"default\" background_color=\"RGBA(255,255,255,0)\" width=\"100%\" max_width=\"100%\" module_alignment=\"left\" custom_margin=\"-163px||||false|false\" custom_margin_tablet=\"-163px||||false|false\" custom_margin_phone=\"-124px||||false|false\" custom_margin_last_edited=\"on|phone\" custom_padding=\"||||true|false\" collapsed=\"off\" global_colors_info=\"{}\"][et_pb_column type=\"2_5\" disabled_on=\"off|off|off\" _builder_version=\"4.16\" _module_preset=\"default\" global_colors_info=\"{}\" custom_css_main_element_last_edited=\"on|phone\" custom_css_main_element_phone=\"width:30px!important;||display:block!important;\"][\/et_pb_column][et_pb_column type=\"3_5\" _builder_version=\"4.16\" _module_preset=\"default\" background_color=\"#FFFFFF\" custom_padding=\"25px||25px|30px|true|false\" custom_padding_tablet=\"25px||25px|30px|true|false\" custom_padding_phone=\"||5px|20px|false|false\" custom_padding_last_edited=\"on|phone\" global_colors_info=\"{}\" custom_css_main_element_last_edited=\"on|phone\" custom_css_main_element_phone=\"width: calc(100% - 30px)!important;\"][et_pb_text admin_label=\"Testo\" _builder_version=\"4.21.0\" _module_preset=\"default\" background_color=\"RGBA(255,255,255,0)\" saved_tabs=\"all\" global_colors_info=\"{}\"]<h2 class=\"h1app\">Tariffe 2024 in convenzione per i nostri clienti<\/h2>[\/et_pb_text][\/et_pb_column][\/et_pb_row][\/et_pb_section][et_pb_section fb_built=\"1\" admin_label=\"Intro\" _builder_version=\"4.16\" _module_preset=\"default\" da_disable_devices=\"off|off|off\" collapsed=\"off\" global_colors_info=\"{}\" da_is_popup=\"off\" da_exit_intent=\"off\" da_has_close=\"on\" da_alt_close=\"off\" da_dark_close=\"off\" da_not_modal=\"on\" da_is_singular=\"off\" da_with_loader=\"off\" da_has_shadow=\"on\"][et_pb_row _builder_version=\"4.16\" _module_preset=\"default\" collapsed=\"off\" global_colors_info=\"{}\"][et_pb_column type=\"4_4\" _builder_version=\"4.16\" _module_preset=\"default\" background_enable_color=\"off\" custom_padding=\"||||true|false\" global_colors_info=\"{}\"][et_pb_text _builder_version=\"4.21.0\" _module_preset=\"default\" hover_enabled=\"0\" global_colors_info=\"{}\" sticky_enabled=\"0\"]<p><b>Ingresso 3h alla Sorgente Naturale euro 22,00<\/b>  <br>\r\n<b>Ingresso 5h alla Sorgente Naturale euro 27,00 (prezzo intero)<\/b><br><br><\/p>\r\n<p>Vi \u00e8 possibilit\u00e0 di allungare con supplemento l\u2019ingresso al Thermarium e prolungare la propria permanenza all\u2019interno dell\u2019area wellness durante la visita; al tornello di uscita verranno addebitati 2,00\u20ac per ogni mezz\u2019ora extra di permanenza.<br>\r\nA vostra disposizione anche l'area ristoro a cui gli ospiti accederanno liberamente ogni giorno dalle 11.30 alle 18.30.<br>\r\nAll\u2019interno verranno offerti drink detox, frutta e verdure fresche, acque aromatizzate e yogurt naturale.<\/p>\r\n<ul>\r\n<li>\u00c8 richiesta prenotazione anticipata tramite mail calidario@calidario.it , Servizio cortesia al 0565853411, Whatsapp 3501608695<\/li>\r\n<li>le fasce orarie disponibili a luglio e agosto sono: dalle 9:30 alle 23:30<\/li>\r\n<li>le fasce orarie disponibili da settembre a giugno sono: dalle 9:30 alle 20.30;<\/li>\r\n<li>\u00e8 vietato introdurre cibo dall\u2019esterno.<\/li>\r\n<\/ul>\r\n<p>Per ottenere gli sconti di cui sopra \u00e8 necessario presentare il codice che identifica il Villaggio Orizzonte: ID38791, ritirando un voucher o fotografando il codice a barre e il codice identificativo dell'Orizzonte alla nostra Reception.\r\nBuon divertimento e buon relax.<\/p>[\/et_pb_text][\/et_pb_column][\/et_pb_row][\/et_pb_section][et_pb_section fb_built=\"1\" admin_label=\"Calidario\" _builder_version=\"4.16\" _module_preset=\"default\" da_disable_devices=\"off|off|off\" collapsed=\"off\" global_colors_info=\"{}\" da_is_popup=\"off\" da_exit_intent=\"off\" da_has_close=\"on\" da_alt_close=\"off\" da_dark_close=\"off\" da_not_modal=\"on\" da_is_singular=\"off\" da_with_loader=\"off\" da_has_shadow=\"on\"][et_pb_row _builder_version=\"4.16\" _module_preset=\"default\" collapsed=\"off\" global_colors_info=\"{}\"][et_pb_column type=\"4_4\" _builder_version=\"4.16\" _module_preset=\"default\" global_colors_info=\"{}\"][et_pb_image src=\"https:\/\/www.villaggioorizzonte.it\/wp-content\/uploads\/2019\/10\/calidario-terme-etrusche.jpg\" alt=\"Calidario Terme Etrusche\" title_text=\"Calidario Terme Etrusche\" force_fullwidth=\"on\" _builder_version=\"4.16\" _module_preset=\"default\" global_colors_info=\"{}\"][\/et_pb_image][\/et_pb_column][\/et_pb_row][\/et_pb_section]","_et_gb_content_width":"","ngg_post_thumbnail":0,"footnotes":""},"class_list":["post-289672","page","type-page","status-publish","hentry"],"yoast_head":"<!-- This site is optimized with the Yoast SEO plugin v25.8 - https:\/\/yoast.com\/wordpress\/plugins\/seo\/ -->\n<title>Tarife 2024 im Rahmen einer Vereinbarung f\u00fcr unsere Kunden<\/title>\n<meta name=\"robots\" content=\"index, follow, max-snippet:-1, max-image-preview:large, max-video-preview:-1\" \/>\n<link rel=\"canonical\" href=\"https:\/\/www.villaggioorizzonte.it\/de\/calidario-terme-etrusche.html\" \/>\n<meta property=\"og:locale\" content=\"de_DE\" \/>\n<meta property=\"og:type\" content=\"article\" \/>\n<meta property=\"og:title\" content=\"Tarife 2024 im Rahmen einer Vereinbarung f\u00fcr unsere Kunden\" \/>\n<meta property=\"og:description\" content=\"Tarife 2024 im Rahmen einer Vereinbarung f\u00fcr unsere KundenEintritt 3h zur nat\u00fcrlichen Quelle 22,00 Euro Eintritt 5h zur nat\u00fcrlichen Quelle 27,00 Euro (Vollpreis) Es besteht die M\u00f6glichkeit, den Eintritt ins Thermarium gegen Aufpreis zu verl\u00e4ngern und den Aufenthalt im Wellnessbereich w\u00e4hrend des Besuchs zu verl\u00e4ngern; am Ausgangsdrehkreuz werden 2,00\u20ac f\u00fcr jede zus\u00e4tzliche halbe Stunde Aufenthalt [&hellip;]\" \/>\n<meta property=\"og:url\" content=\"https:\/\/www.villaggioorizzonte.it\/de\/calidario-terme-etrusche.html\" \/>\n<meta property=\"og:site_name\" content=\"Villaggio Orizzonte\" \/>\n<meta property=\"article:modified_time\" content=\"2024-07-19T17:27:53+00:00\" \/>\n<meta name=\"twitter:card\" content=\"summary_large_image\" \/>\n<script type=\"application\/ld+json\" class=\"yoast-schema-graph\">{\"@context\":\"https:\/\/schema.org\",\"@graph\":[{\"@type\":\"WebPage\",\"@id\":\"https:\/\/www.villaggioorizzonte.it\/de\/calidario-terme-etrusche.html\",\"url\":\"https:\/\/www.villaggioorizzonte.it\/de\/calidario-terme-etrusche.html\",\"name\":\"Tarife 2024 im Rahmen einer Vereinbarung f\u00fcr unsere Kunden\",\"isPartOf\":{\"@id\":\"https:\/\/www.villaggioorizzonte.it\/de\/#website\"},\"datePublished\":\"2024-07-19T17:26:47+00:00\",\"dateModified\":\"2024-07-19T17:27:53+00:00\",\"breadcrumb\":{\"@id\":\"https:\/\/www.villaggioorizzonte.it\/de\/calidario-terme-etrusche.html#breadcrumb\"},\"inLanguage\":\"de\",\"potentialAction\":[{\"@type\":\"ReadAction\",\"target\":[\"https:\/\/www.villaggioorizzonte.it\/de\/calidario-terme-etrusche.html\"]}]},{\"@type\":\"BreadcrumbList\",\"@id\":\"https:\/\/www.villaggioorizzonte.it\/de\/calidario-terme-etrusche.html#breadcrumb\",\"itemListElement\":[{\"@type\":\"ListItem\",\"position\":1,\"name\":\"Home\",\"item\":\"https:\/\/www.villaggioorizzonte.it\/de\/\"},{\"@type\":\"ListItem\",\"position\":2,\"name\":\"Calidario terme Etrusche\"}]},{\"@type\":\"WebSite\",\"@id\":\"https:\/\/www.villaggioorizzonte.it\/de\/#website\",\"url\":\"https:\/\/www.villaggioorizzonte.it\/de\/\",\"name\":\"Villaggio Orizzonte\",\"description\":\"Villaggio Turistico\",\"potentialAction\":[{\"@type\":\"SearchAction\",\"target\":{\"@type\":\"EntryPoint\",\"urlTemplate\":\"https:\/\/www.villaggioorizzonte.it\/de\/?s={search_term_string}\"},\"query-input\":{\"@type\":\"PropertyValueSpecification\",\"valueRequired\":true,\"valueName\":\"search_term_string\"}}],\"inLanguage\":\"de\"}]}<\/script>\n<!-- \/ Yoast SEO plugin. -->","yoast_head_json":{"title":"Tarife 2024 im Rahmen einer Vereinbarung f\u00fcr unsere Kunden","robots":{"index":"index","follow":"follow","max-snippet":"max-snippet:-1","max-image-preview":"max-image-preview:large","max-video-preview":"max-video-preview:-1"},"canonical":"https:\/\/www.villaggioorizzonte.it\/de\/calidario-terme-etrusche.html","og_locale":"de_DE","og_type":"article","og_title":"Tarife 2024 im Rahmen einer Vereinbarung f\u00fcr unsere Kunden","og_description":"Tarife 2024 im Rahmen einer Vereinbarung f\u00fcr unsere KundenEintritt 3h zur nat\u00fcrlichen Quelle 22,00 Euro Eintritt 5h zur nat\u00fcrlichen Quelle 27,00 Euro (Vollpreis) Es besteht die M\u00f6glichkeit, den Eintritt ins Thermarium gegen Aufpreis zu verl\u00e4ngern und den Aufenthalt im Wellnessbereich w\u00e4hrend des Besuchs zu verl\u00e4ngern; am Ausgangsdrehkreuz werden 2,00\u20ac f\u00fcr jede zus\u00e4tzliche halbe Stunde Aufenthalt [&hellip;]","og_url":"https:\/\/www.villaggioorizzonte.it\/de\/calidario-terme-etrusche.html","og_site_name":"Villaggio Orizzonte","article_modified_time":"2024-07-19T17:27:53+00:00","twitter_card":"summary_large_image","schema":{"@context":"https:\/\/schema.org","@graph":[{"@type":"WebPage","@id":"https:\/\/www.villaggioorizzonte.it\/de\/calidario-terme-etrusche.html","url":"https:\/\/www.villaggioorizzonte.it\/de\/calidario-terme-etrusche.html","name":"Tarife 2024 im Rahmen einer Vereinbarung f\u00fcr unsere Kunden","isPartOf":{"@id":"https:\/\/www.villaggioorizzonte.it\/de\/#website"},"datePublished":"2024-07-19T17:26:47+00:00","dateModified":"2024-07-19T17:27:53+00:00","breadcrumb":{"@id":"https:\/\/www.villaggioorizzonte.it\/de\/calidario-terme-etrusche.html#breadcrumb"},"inLanguage":"de","potentialAction":[{"@type":"ReadAction","target":["https:\/\/www.villaggioorizzonte.it\/de\/calidario-terme-etrusche.html"]}]},{"@type":"BreadcrumbList","@id":"https:\/\/www.villaggioorizzonte.it\/de\/calidario-terme-etrusche.html#breadcrumb","itemListElement":[{"@type":"ListItem","position":1,"name":"Home","item":"https:\/\/www.villaggioorizzonte.it\/de\/"},{"@type":"ListItem","position":2,"name":"Calidario terme Etrusche"}]},{"@type":"WebSite","@id":"https:\/\/www.villaggioorizzonte.it\/de\/#website","url":"https:\/\/www.villaggioorizzonte.it\/de\/","name":"Villaggio Orizzonte","description":"Villaggio Turistico","potentialAction":[{"@type":"SearchAction","target":{"@type":"EntryPoint","urlTemplate":"https:\/\/www.villaggioorizzonte.it\/de\/?s={search_term_string}"},"query-input":{"@type":"PropertyValueSpecification","valueRequired":true,"valueName":"search_term_string"}}],"inLanguage":"de"}]}},"_links":{"self":[{"href":"https:\/\/www.villaggioorizzonte.it\/de\/wp-json\/wp\/v2\/pages\/289672","targetHints":{"allow":["GET"]}}],"collection":[{"href":"https:\/\/www.villaggioorizzonte.it\/de\/wp-json\/wp\/v2\/pages"}],"about":[{"href":"https:\/\/www.villaggioorizzonte.it\/de\/wp-json\/wp\/v2\/types\/page"}],"author":[{"embeddable":true,"href":"https:\/\/www.villaggioorizzonte.it\/de\/wp-json\/wp\/v2\/users\/11"}],"replies":[{"embeddable":true,"href":"https:\/\/www.villaggioorizzonte.it\/de\/wp-json\/wp\/v2\/comments?post=289672"}],"version-history":[{"count":5,"href":"https:\/\/www.villaggioorizzonte.it\/de\/wp-json\/wp\/v2\/pages\/289672\/revisions"}],"predecessor-version":[{"id":289682,"href":"https:\/\/www.villaggioorizzonte.it\/de\/wp-json\/wp\/v2\/pages\/289672\/revisions\/289682"}],"wp:attachment":[{"href":"https:\/\/www.villaggioorizzonte.it\/de\/wp-json\/wp\/v2\/media?parent=289672"}],"curies":[{"name":"wp","href":"https:\/\/api.w.org\/{rel}","templated":true}]}}