{"id":289631,"date":"2024-07-17T11:57:34","date_gmt":"2024-07-17T09:57:34","guid":{"rendered":"https:\/\/www.villaggioorizzonte.it\/prenota-escursione-toscana.html"},"modified":"2024-07-19T19:46:32","modified_gmt":"2024-07-19T17:46:32","slug":"buchen-sie-ihre-ausflug","status":"publish","type":"page","link":"https:\/\/www.villaggioorizzonte.it\/de\/buchen-sie-ihre-ausflug.html","title":{"rendered":"Buchen Sie Ihre Ausflug"},"content":{"rendered":"<p>[et_pb_section fb_built=&#8220;1&#8243; admin_label=&#8220;Testata&#8220; _builder_version=&#8220;4.16&#8243; _module_preset=&#8220;default&#8220; custom_margin=&#8220;0px|0px|0px||false|false&#8220; custom_padding=&#8220;0px|0px|0px|0px|false|false&#8220; da_disable_devices=&#8220;off|off|off&#8220; saved_tabs=&#8220;all&#8220; locked=&#8220;off&#8220; collapsed=&#8220;off&#8220; global_colors_info=&#8220;{}&#8220; da_is_popup=&#8220;off&#8220; da_exit_intent=&#8220;off&#8220; da_has_close=&#8220;on&#8220; da_alt_close=&#8220;off&#8220; da_dark_close=&#8220;off&#8220; da_not_modal=&#8220;on&#8220; da_is_singular=&#8220;off&#8220; da_with_loader=&#8220;off&#8220; da_has_shadow=&#8220;on&#8220;][et_pb_row use_custom_gutter=&#8220;on&#8220; gutter_width=&#8220;1&#8243; admin_label=&#8220;Sfondo immagine&#8220; module_class=&#8220;testata&#8220; _builder_version=&#8220;4.16&#8243; _module_preset=&#8220;default&#8220; background_color=&#8220;RGBA(255,255,255,0)&#8220; background_enable_image=&#8220;off&#8220; width=&#8220;100%&#8220; max_width=&#8220;100%&#8220; module_alignment=&#8220;center&#8220; height=&#8220;88vh&#8220; overflow-x=&#8220;hidden&#8220; overflow-y=&#8220;hidden&#8220; locked=&#8220;off&#8220; collapsed=&#8220;off&#8220; global_colors_info=&#8220;{}&#8220; custom_css_main_element_last_edited=&#8220;on|phone&#8220; custom_css_main_element_phone=&#8220;max-height: 550px!important;&#8220;][et_pb_column type=&#8220;4_4&#8243; _builder_version=&#8220;4.16&#8243; _module_preset=&#8220;default&#8220; global_colors_info=&#8220;{}&#8220;][et_pb_image src=&#8220;https:\/\/www.villaggioorizzonte.it\/wp-content\/uploads\/2019\/11\/vacanza-trekking-toscana.jpg&#8220; alt=&#8220;vacanza trekking toscana&#8220; title_text=&#8220;trekking-mobile&#8220; force_fullwidth=&#8220;on&#8220; src_tablet=&#8220;https:\/\/www.villaggioorizzonte.it\/wp-content\/uploads\/2019\/11\/vacanza-trekking-toscana.jpg&#8220; src_phone=&#8220;https:\/\/www.villaggioorizzonte.it\/wp-content\/uploads\/2022\/03\/trekking-mobile.jpg&#8220; src_last_edited=&#8220;on|phone&#8220; _builder_version=&#8220;4.16&#8243; _module_preset=&#8220;default&#8220; saved_tabs=&#8220;all&#8220; global_colors_info=&#8220;{}&#8220;][\/et_pb_image][\/et_pb_column][\/et_pb_row][et_pb_row column_structure=&#8220;2_5,3_5&#8243; use_custom_gutter=&#8220;on&#8220; gutter_width=&#8220;1&#8243; make_equal=&#8220;on&#8220; admin_label=&#8220;Titolo&#8220; _builder_version=&#8220;4.16&#8243; _module_preset=&#8220;default&#8220; background_color=&#8220;RGBA(255,255,255,0)&#8220; width=&#8220;100%&#8220; max_width=&#8220;100%&#8220; module_alignment=&#8220;left&#8220; custom_margin=&#8220;-163px||||false|false&#8220; custom_margin_tablet=&#8220;-163px||||false|false&#8220; custom_margin_phone=&#8220;-124px||||false|false&#8220; custom_margin_last_edited=&#8220;on|phone&#8220; custom_padding=&#8220;||||true|false&#8220; collapsed=&#8220;off&#8220; global_colors_info=&#8220;{}&#8220;][et_pb_column type=&#8220;2_5&#8243; disabled_on=&#8220;off|off|off&#8220; _builder_version=&#8220;4.16&#8243; _module_preset=&#8220;default&#8220; global_colors_info=&#8220;{}&#8220; custom_css_main_element_last_edited=&#8220;on|phone&#8220; custom_css_main_element_phone=&#8220;width:30px!important;||display:block!important;&#8220;][\/et_pb_column][et_pb_column type=&#8220;3_5&#8243; _builder_version=&#8220;4.16&#8243; _module_preset=&#8220;default&#8220; background_color=&#8220;#FFFFFF&#8220; custom_padding=&#8220;25px||25px|30px|true|false&#8220; custom_padding_tablet=&#8220;25px||25px|30px|true|false&#8220; custom_padding_phone=&#8220;|20px|5px|20px|false|false&#8220; custom_padding_last_edited=&#8220;on|phone&#8220; global_colors_info=&#8220;{}&#8220; custom_css_main_element_last_edited=&#8220;on|phone&#8220; custom_css_main_element_phone=&#8220;width: calc(100% &#8211; 30px)!important;&#8220;][et_pb_text admin_label=&#8220;Testo&#8220; _builder_version=&#8220;4.21.0&#8243; _module_preset=&#8220;default&#8220; background_color=&#8220;RGBA(255,255,255,0)&#8220; hover_enabled=&#8220;0&#8243; saved_tabs=&#8220;all&#8220; global_colors_info=&#8220;{}&#8220; sticky_enabled=&#8220;0&#8243;]<\/p>\n<h2 class=\"h1app\">W\u00e4hlen Sie Ihre Exkursion<\/h2>\n<p>[\/et_pb_text][\/et_pb_column][\/et_pb_row][\/et_pb_section][et_pb_section fb_built=&#8220;1&#8243; custom_padding_last_edited=&#8220;on|phone&#8220; admin_label=&#8220;Intro&#8220; _builder_version=&#8220;4.16&#8243; _module_preset=&#8220;default&#8220; custom_padding_tablet=&#8220;&#8220; custom_padding_phone=&#8220;0px||0px||false|false&#8220; da_disable_devices=&#8220;off|off|off&#8220; collapsed=&#8220;off&#8220; global_colors_info=&#8220;{}&#8220; da_is_popup=&#8220;off&#8220; da_exit_intent=&#8220;off&#8220; da_has_close=&#8220;on&#8220; da_alt_close=&#8220;off&#8220; da_dark_close=&#8220;off&#8220; da_not_modal=&#8220;on&#8220; da_is_singular=&#8220;off&#8220; da_with_loader=&#8220;off&#8220; da_has_shadow=&#8220;on&#8220;][et_pb_row _builder_version=&#8220;4.16&#8243; _module_preset=&#8220;default&#8220; collapsed=&#8220;off&#8220; global_colors_info=&#8220;{}&#8220;][et_pb_column type=&#8220;4_4&#8243; disabled_on=&#8220;on|off|off&#8220; _builder_version=&#8220;4.16&#8243; _module_preset=&#8220;default&#8220; background_enable_color=&#8220;off&#8220; custom_padding=&#8220;||||true|false&#8220; global_colors_info=&#8220;{}&#8220;][et_pb_text _builder_version=&#8220;4.21.0&#8243; _module_preset=&#8220;default&#8220; global_colors_info=&#8220;{}&#8220;]<\/p>\n<p>W\u00e4hrend Ihres Urlaubs im Villaggio Orizzonte k\u00f6nnen Sie zahlreiche Ausfl\u00fcge und gef\u00fchrte Touren in der Umgebung organisieren, um die sch\u00f6nsten Orte der Toskana zu entdecken und einzigartige Erlebnisse zu genie\u00dfen.<\/p>\n<p>&nbsp;<\/p>\n<h3 class=\"h2app\">Fragen Sie nach Informationen an unserem Info Point<\/h3>\n<p>[\/et_pb_text][\/et_pb_column][\/et_pb_row][\/et_pb_section][et_pb_section fb_built=&#8220;1&#8243; admin_label=&#8220;Contenuto&#8220; _builder_version=&#8220;4.16&#8243; _module_preset=&#8220;default&#8220; da_disable_devices=&#8220;off|off|off&#8220; collapsed=&#8220;off&#8220; global_colors_info=&#8220;{}&#8220; da_is_popup=&#8220;off&#8220; da_exit_intent=&#8220;off&#8220; da_has_close=&#8220;on&#8220; da_alt_close=&#8220;off&#8220; da_dark_close=&#8220;off&#8220; da_not_modal=&#8220;on&#8220; da_is_singular=&#8220;off&#8220; da_with_loader=&#8220;off&#8220; da_has_shadow=&#8220;on&#8220;][et_pb_row column_structure=&#8220;1_2,1_2&#8243; admin_label=&#8220;Blocco&#8220; _builder_version=&#8220;4.16&#8243; _module_preset=&#8220;default&#8220; collapsed=&#8220;off&#8220; global_colors_info=&#8220;{}&#8220;][et_pb_column type=&#8220;1_2&#8243; _builder_version=&#8220;4.16&#8243; _module_preset=&#8220;default&#8220; global_colors_info=&#8220;{}&#8220;][et_pb_text _builder_version=&#8220;4.21.0&#8243; _module_preset=&#8220;default&#8220; global_colors_info=&#8220;{}&#8220;]<\/p>\n<h3 class=\"h3\">Unsere Ausfl\u00fcge<\/h3>\n<p><strong>Hier sind einige der am h\u00e4ufigsten nachgefragten Angebote. F\u00fcr weitere Informationen erwarten wir Sie am Info Point im Feriendorf.<\/strong><\/p>\n<p>&nbsp;<\/p>\n<ul>\n<li>Tour zu den Inseln des Toskanischen Archipels<\/li>\n<li>Tour zur Insel Elba<\/li>\n<li>Segel- und Motorbootausfl\u00fcge<\/li>\n<li>Tour nach San Gimignano und Volterra<\/li>\n<li>Fahrradverleih<\/li>\n<li>Gef\u00fchrte Fahrradtouren<\/li>\n<li>Angeltourismus<\/li>\n<li>Ausritte<\/li>\n<\/ul>\n<p>[\/et_pb_text][\/et_pb_column][et_pb_column type=&#8220;1_2&#8243; _builder_version=&#8220;4.16&#8243; _module_preset=&#8220;default&#8220; global_colors_info=&#8220;{}&#8220;][et_pb_image src=&#8220;https:\/\/www.villaggioorizzonte.it\/wp-content\/uploads\/2019\/10\/piombino.jpg&#8220; alt=&#8220;Piombino&#8220; title_text=&#8220;Piombino&#8220; _builder_version=&#8220;4.21.0&#8243; _module_preset=&#8220;default&#8220; global_colors_info=&#8220;{}&#8220;][\/et_pb_image][\/et_pb_column][\/et_pb_row][\/et_pb_section]<\/p>\n","protected":false},"excerpt":{"rendered":"<p>W\u00e4hlen Sie Ihre ExkursionW\u00e4hrend Ihres Urlaubs im Villaggio Orizzonte k\u00f6nnen Sie zahlreiche Ausfl\u00fcge und gef\u00fchrte Touren in der Umgebung organisieren, um die sch\u00f6nsten Orte der Toskana zu entdecken und einzigartige Erlebnisse zu genie\u00dfen. &nbsp; Fragen Sie nach Informationen an unserem Info PointUnsere Ausfl\u00fcge Hier sind einige der am h\u00e4ufigsten nachgefragten Angebote. F\u00fcr weitere Informationen erwarten [&hellip;]<\/p>\n","protected":false},"author":11,"featured_media":0,"parent":0,"menu_order":16,"comment_status":"closed","ping_status":"closed","template":"","meta":{"_et_pb_use_builder":"on","_et_pb_old_content":"<p>[vc_row gap=\"20\" equal_height=\"yes\" el_class=\"flex-row-reverse\" css=\".vc_custom_1622214081101{margin-top: 45px !important;margin-bottom: 45px !important;}\"][vc_column width=\"1\/2\"][vc_single_image image=\"15300\" img_size=\"full\"][\/vc_column][vc_column width=\"1\/2\"][vc_column_text]<\/p><h3 class=\"titolorosso\">ANIMALI AL TRAMONTO \u2013 L\u2019OASI WWF DI ORTI BOTTAGONE<\/h3><p>Una visita condotta, nell\u2019ora pi\u00f9 magica del giorno, da guide ambientali esperte, all\u2019Oasi WWF di Orti Bottagone, una grande area umida che ospita, oltre ai mitici fenicotteri rosa, un\u2019incredibile variet\u00e0 di uccelli acquatici, ad appena due km dal villaggio. Uno squarcio dell\u2019antica Maremma. Consigliato l\u2019uso del binocolo.<\/p><p><strong>Marted\u00ec, Gioved\u00ec e Domenica di ogni settimana<\/strong><\/p><p><strong>Ore 17.00<\/strong> \u2013 Ingresso Oasi, Via Geodetica (la stessa del villaggio)<\/p><p>Costo: adulti \u20ac 10,00 - Riduzioni per ragazzi e bambini.[\/vc_column_text][\/vc_column][\/vc_row][vc_row gap=\"20\" equal_height=\"yes\"][vc_column width=\"1\/2\"][vc_single_image image=\"3998\" img_size=\"full\"][\/vc_column][vc_column width=\"1\/2\" css=\".vc_custom_1622213529720{padding-top: 5px !important;}\"][vc_column_text]<\/p><h3 class=\"titolorosso\">GLI ANTICHI BORGHI<\/h3><p>Visita guidata al bellissimo centro storico di <strong>Piombino<\/strong> (13 km dal villaggio) e al celeberrimo borgo medievale di <strong>Suvereto<\/strong> (18 km dal villaggio), per immergersi nella magica atmosfera delle piazzette e dei vicoli di un tempo, o ammirare l\u2019Arcipelago Toscano da una delle piazze pi\u00f9 belle d\u2019Italia, Piazza Giovanni Bovio a Piombino, una terrazza sul mar Tirreno unica nel suo genere.<\/p><p>Tante trattorie e ristoranti tipici vi daranno la possibilit\u00e0 di cenare sul posto.<\/p><p><strong>Mercoled\u00ec, ore 18.00 \u2013 Suvereto<\/strong> \u2013 Durata 2h<br \/><strong>Gioved\u00ec, ore 18.00 \u2013 Piombino<\/strong> - Durata 2h<\/p><p>Per prenotazioni e punto di incontro: Eleonora +39 3290238018.<\/p><p>Visita gratuita.[\/vc_column_text][\/vc_column][\/vc_row][vc_row gap=\"20\" equal_height=\"yes\" el_class=\"flex-row-reverse\" css=\".vc_custom_1615556128324{margin-bottom: 45px !important;}\"][vc_column width=\"1\/2\"][vc_single_image image=\"4014\" img_size=\"full\"][\/vc_column][vc_column width=\"1\/2\" css=\".vc_custom_1622194907607{padding-top: 25px !important;}\"][vc_column_text]<\/p><h3 class=\"titolorosso\">BOLGHERI \u2013 TREKKING NOTTURNO AL RIFUGIO FAUNISTICO WWF DEL PADULE DI BOLGHERI.<\/h3><p>Immergersi, in compagnia delle nostre guide ambientali, dalla fine del pomeriggio a notte inoltrata, nella magia della pi\u00f9 grande oasi faunistica della costa tirrenica. Uccelli acquatici di ogni specie, caprioli, daini, rapaci notturni. Un\u2019esperienza che voi e i vostri bambini non dimenticherete.<\/p><p>E\u2019 necessario organizzarsi per la cena al sacco sul posto. Se avete un binocolo portatelo con voi.<\/p><p><strong>Tutti i sabato di Giugno, Luglio e Agosto.<\/strong><\/p><p>Costo a persona \u20ac 14,00<\/p><p><strong>Dalle ore 18.00 alle 23.00<\/strong>[\/vc_column_text][\/vc_column][\/vc_row][vc_row css=\".vc_custom_1615544435296{padding-bottom: 40px !important;}\"][vc_column][vc_column_text el_class=\"my-5\"]<\/p><h3 class=\"titologiallo\" style=\"text-align: center;\">ESCURSIONI A RICHIESTA<\/h3><p>[\/vc_column_text][vc_column_text css=\".vc_custom_1622213771270{margin-top: 40px !important;}\"]<\/p><p style=\"text-align: center;\">Per piccoli gruppi di famiglia o di amici potete richiedere al nostro Info Point di organizzare escursioni.<br \/>Costo 70,00 \u20ac a famiglia o piccolo gruppo..<br \/>Destinazioni:<\/p><p>[\/vc_column_text][vc_row_inner css=\".vc_custom_1622213903490{margin-top: 30px !important;}\"][vc_column_inner width=\"1\/2\"][vc_column_text]<\/p><ul><li style=\"text-align: JUSTIFY;\"><strong>Parco naturalistico Geotermico delle Biancane<\/strong>\u2013 Monterotondo. <strong>I vapori bianchi che fuoriescono dal terreno, il fango in ebollizione e le macchie biancastre che segnano il suolo<\/strong>regalano a questo paesaggio vulcanico, nel cuore dell\u2019area geotermica delle Colline Metallifere, un aspetto \u201cinfernale\u201d (40 km dal villaggio).<\/li><\/ul><p> <\/p><ul><li style=\"text-align: JUSTIFY;\"><strong>Oasi WWF di Orti Bottagone.<\/strong> Un \u2018importante area umida, tipica della Maremma, punto di sosta dei fenicotteri rosa e di un gran numero di uccelli acquatici. (2 km dal villaggio).<\/li><\/ul><p> <\/p><ul><li style=\"text-align: JUSTIFY;\">Buca delle Fate e Cala di San Quirico. Due luoghi incantati in uno dei tratti pi\u00f9 suggestivi del <strong>Promontorio di Piombino<\/strong>. Un bagno nelle acque cristalline del Tirreno, sotto le rocce a picco sul mare, al termine di un trekking nella territorio dell\u2019antica Populonia etrusca. (16 km dal villaggio).<\/li><\/ul><p>[\/vc_column_text][\/vc_column_inner][vc_column_inner width=\"1\/2\"][vc_column_text]<\/p><ul><li style=\"text-align: JUSTIFY;\"><strong>Parco di Punta Falcone<\/strong> \u2013 Piombino. Sul punto pi\u00f9 avanzato del promontorio, tra rocce fiorite, macchia mediterranea, vecchie casematte a picco sul mare, e come sfondo l\u2019 Isola d\u2019Elba, l\u2019Isola di Capraia, la Corsica. (14 km dal villaggio).<\/li><\/ul><p> <\/p><ul><li style=\"text-align: JUSTIFY;\"><strong>Parco di Montioni<\/strong> \u2013 Sulle tracce del lupo. Un trekking emozionante nella foresta del grande Parco naturalistico di Montioni, alla scoperta dell\u2019habitat del lupo, che da qualche anno ha ripreso a vivere nel parco. (22 km dal villaggio).<\/li><\/ul><p>[\/vc_column_text][\/vc_column_inner][\/vc_row_inner][vc_column_text css=\".vc_custom_1622213851486{margin-top: 40px !important;}\"]<\/p><p style=\"text-align: center;\">Per prenotazioni e punti di incontro rivolgersi al nostro Info Point<\/p><p>[\/vc_column_text][\/vc_column][\/vc_row][vc_row][vc_column][vc_separator][\/vc_column][\/vc_row]<\/p>","_et_gb_content_width":"","ngg_post_thumbnail":0,"footnotes":""},"class_list":["post-289631","page","type-page","status-publish","hentry"],"yoast_head":"<!-- This site is optimized with the Yoast SEO plugin v25.8 - https:\/\/yoast.com\/wordpress\/plugins\/seo\/ -->\n<title>Buchen Sie Ihre Ausflug - Villaggio Orizzonte<\/title>\n<meta name=\"robots\" content=\"index, follow, max-snippet:-1, max-image-preview:large, max-video-preview:-1\" \/>\n<link rel=\"canonical\" href=\"https:\/\/www.villaggioorizzonte.it\/de\/buchen-sie-ihre-ausflug.html\" \/>\n<meta property=\"og:locale\" content=\"de_DE\" \/>\n<meta property=\"og:type\" content=\"article\" \/>\n<meta property=\"og:title\" content=\"Buchen Sie Ihre Ausflug - Villaggio Orizzonte\" \/>\n<meta property=\"og:description\" content=\"W\u00e4hlen Sie Ihre ExkursionW\u00e4hrend Ihres Urlaubs im Villaggio Orizzonte k\u00f6nnen Sie zahlreiche Ausfl\u00fcge und gef\u00fchrte Touren in der Umgebung organisieren, um die sch\u00f6nsten Orte der Toskana zu entdecken und einzigartige Erlebnisse zu genie\u00dfen. &nbsp; Fragen Sie nach Informationen an unserem Info PointUnsere Ausfl\u00fcge Hier sind einige der am h\u00e4ufigsten nachgefragten Angebote. F\u00fcr weitere Informationen erwarten [&hellip;]\" \/>\n<meta property=\"og:url\" content=\"https:\/\/www.villaggioorizzonte.it\/de\/buchen-sie-ihre-ausflug.html\" \/>\n<meta property=\"og:site_name\" content=\"Villaggio Orizzonte\" \/>\n<meta property=\"article:modified_time\" content=\"2024-07-19T17:46:32+00:00\" \/>\n<meta name=\"twitter:card\" content=\"summary_large_image\" \/>\n<script type=\"application\/ld+json\" class=\"yoast-schema-graph\">{\"@context\":\"https:\/\/schema.org\",\"@graph\":[{\"@type\":\"WebPage\",\"@id\":\"https:\/\/www.villaggioorizzonte.it\/de\/buchen-sie-ihre-ausflug.html\",\"url\":\"https:\/\/www.villaggioorizzonte.it\/de\/buchen-sie-ihre-ausflug.html\",\"name\":\"Buchen Sie Ihre Ausflug - Villaggio Orizzonte\",\"isPartOf\":{\"@id\":\"https:\/\/www.villaggioorizzonte.it\/de\/#website\"},\"datePublished\":\"2024-07-17T09:57:34+00:00\",\"dateModified\":\"2024-07-19T17:46:32+00:00\",\"breadcrumb\":{\"@id\":\"https:\/\/www.villaggioorizzonte.it\/de\/buchen-sie-ihre-ausflug.html#breadcrumb\"},\"inLanguage\":\"de\",\"potentialAction\":[{\"@type\":\"ReadAction\",\"target\":[\"https:\/\/www.villaggioorizzonte.it\/de\/buchen-sie-ihre-ausflug.html\"]}]},{\"@type\":\"BreadcrumbList\",\"@id\":\"https:\/\/www.villaggioorizzonte.it\/de\/buchen-sie-ihre-ausflug.html#breadcrumb\",\"itemListElement\":[{\"@type\":\"ListItem\",\"position\":1,\"name\":\"Home\",\"item\":\"https:\/\/www.villaggioorizzonte.it\/de\/\"},{\"@type\":\"ListItem\",\"position\":2,\"name\":\"Buchen Sie Ihre Ausflug\"}]},{\"@type\":\"WebSite\",\"@id\":\"https:\/\/www.villaggioorizzonte.it\/de\/#website\",\"url\":\"https:\/\/www.villaggioorizzonte.it\/de\/\",\"name\":\"Villaggio Orizzonte\",\"description\":\"Villaggio Turistico\",\"potentialAction\":[{\"@type\":\"SearchAction\",\"target\":{\"@type\":\"EntryPoint\",\"urlTemplate\":\"https:\/\/www.villaggioorizzonte.it\/de\/?s={search_term_string}\"},\"query-input\":{\"@type\":\"PropertyValueSpecification\",\"valueRequired\":true,\"valueName\":\"search_term_string\"}}],\"inLanguage\":\"de\"}]}<\/script>\n<!-- \/ Yoast SEO plugin. -->","yoast_head_json":{"title":"Buchen Sie Ihre Ausflug - Villaggio Orizzonte","robots":{"index":"index","follow":"follow","max-snippet":"max-snippet:-1","max-image-preview":"max-image-preview:large","max-video-preview":"max-video-preview:-1"},"canonical":"https:\/\/www.villaggioorizzonte.it\/de\/buchen-sie-ihre-ausflug.html","og_locale":"de_DE","og_type":"article","og_title":"Buchen Sie Ihre Ausflug - Villaggio Orizzonte","og_description":"W\u00e4hlen Sie Ihre ExkursionW\u00e4hrend Ihres Urlaubs im Villaggio Orizzonte k\u00f6nnen Sie zahlreiche Ausfl\u00fcge und gef\u00fchrte Touren in der Umgebung organisieren, um die sch\u00f6nsten Orte der Toskana zu entdecken und einzigartige Erlebnisse zu genie\u00dfen. &nbsp; Fragen Sie nach Informationen an unserem Info PointUnsere Ausfl\u00fcge Hier sind einige der am h\u00e4ufigsten nachgefragten Angebote. F\u00fcr weitere Informationen erwarten [&hellip;]","og_url":"https:\/\/www.villaggioorizzonte.it\/de\/buchen-sie-ihre-ausflug.html","og_site_name":"Villaggio Orizzonte","article_modified_time":"2024-07-19T17:46:32+00:00","twitter_card":"summary_large_image","schema":{"@context":"https:\/\/schema.org","@graph":[{"@type":"WebPage","@id":"https:\/\/www.villaggioorizzonte.it\/de\/buchen-sie-ihre-ausflug.html","url":"https:\/\/www.villaggioorizzonte.it\/de\/buchen-sie-ihre-ausflug.html","name":"Buchen Sie Ihre Ausflug - Villaggio Orizzonte","isPartOf":{"@id":"https:\/\/www.villaggioorizzonte.it\/de\/#website"},"datePublished":"2024-07-17T09:57:34+00:00","dateModified":"2024-07-19T17:46:32+00:00","breadcrumb":{"@id":"https:\/\/www.villaggioorizzonte.it\/de\/buchen-sie-ihre-ausflug.html#breadcrumb"},"inLanguage":"de","potentialAction":[{"@type":"ReadAction","target":["https:\/\/www.villaggioorizzonte.it\/de\/buchen-sie-ihre-ausflug.html"]}]},{"@type":"BreadcrumbList","@id":"https:\/\/www.villaggioorizzonte.it\/de\/buchen-sie-ihre-ausflug.html#breadcrumb","itemListElement":[{"@type":"ListItem","position":1,"name":"Home","item":"https:\/\/www.villaggioorizzonte.it\/de\/"},{"@type":"ListItem","position":2,"name":"Buchen Sie Ihre Ausflug"}]},{"@type":"WebSite","@id":"https:\/\/www.villaggioorizzonte.it\/de\/#website","url":"https:\/\/www.villaggioorizzonte.it\/de\/","name":"Villaggio Orizzonte","description":"Villaggio Turistico","potentialAction":[{"@type":"SearchAction","target":{"@type":"EntryPoint","urlTemplate":"https:\/\/www.villaggioorizzonte.it\/de\/?s={search_term_string}"},"query-input":{"@type":"PropertyValueSpecification","valueRequired":true,"valueName":"search_term_string"}}],"inLanguage":"de"}]}},"_links":{"self":[{"href":"https:\/\/www.villaggioorizzonte.it\/de\/wp-json\/wp\/v2\/pages\/289631","targetHints":{"allow":["GET"]}}],"collection":[{"href":"https:\/\/www.villaggioorizzonte.it\/de\/wp-json\/wp\/v2\/pages"}],"about":[{"href":"https:\/\/www.villaggioorizzonte.it\/de\/wp-json\/wp\/v2\/types\/page"}],"author":[{"embeddable":true,"href":"https:\/\/www.villaggioorizzonte.it\/de\/wp-json\/wp\/v2\/users\/11"}],"replies":[{"embeddable":true,"href":"https:\/\/www.villaggioorizzonte.it\/de\/wp-json\/wp\/v2\/comments?post=289631"}],"version-history":[{"count":5,"href":"https:\/\/www.villaggioorizzonte.it\/de\/wp-json\/wp\/v2\/pages\/289631\/revisions"}],"predecessor-version":[{"id":289728,"href":"https:\/\/www.villaggioorizzonte.it\/de\/wp-json\/wp\/v2\/pages\/289631\/revisions\/289728"}],"wp:attachment":[{"href":"https:\/\/www.villaggioorizzonte.it\/de\/wp-json\/wp\/v2\/media?parent=289631"}],"curies":[{"name":"wp","href":"https:\/\/api.w.org\/{rel}","templated":true}]}}