{"id":283606,"date":"2023-07-20T10:04:45","date_gmt":"2023-07-20T08:04:45","guid":{"rendered":"https:\/\/www.villaggioorizzonte.it\/letzte-verfuegbarkeit-23-juli-und-23-august.html"},"modified":"2023-07-20T10:36:02","modified_gmt":"2023-07-20T08:36:02","slug":"letzte-verfuegbarkeit-juli-und-august","status":"publish","type":"page","link":"https:\/\/www.villaggioorizzonte.it\/de\/letzte-verfuegbarkeit-juli-und-august.html","title":{"rendered":"Letzte Verf\u00fcgbarkeit: 23. Juli und 23. August"},"content":{"rendered":"<p>[et_pb_section fb_built=&#8220;1&#8243; admin_label=&#8220;Testata&#8220; _builder_version=&#8220;4.16&#8243; _module_preset=&#8220;default&#8220; custom_margin=&#8220;0px|0px|0px||false|false&#8220; custom_padding=&#8220;0px|0px|0px|0px|false|false&#8220; da_disable_devices=&#8220;off|off|off&#8220; saved_tabs=&#8220;all&#8220; locked=&#8220;off&#8220; collapsed=&#8220;on&#8220; global_colors_info=&#8220;{}&#8220; da_is_popup=&#8220;off&#8220; da_exit_intent=&#8220;off&#8220; da_has_close=&#8220;on&#8220; da_alt_close=&#8220;off&#8220; da_dark_close=&#8220;off&#8220; da_not_modal=&#8220;on&#8220; da_is_singular=&#8220;off&#8220; da_with_loader=&#8220;off&#8220; da_has_shadow=&#8220;on&#8220;][et_pb_row use_custom_gutter=&#8220;on&#8220; gutter_width=&#8220;1&#8243; admin_label=&#8220;Sfondo immagine&#8220; module_class=&#8220;testata&#8220; _builder_version=&#8220;4.16&#8243; _module_preset=&#8220;default&#8220; background_color=&#8220;RGBA(255,255,255,0)&#8220; background_enable_image=&#8220;off&#8220; width=&#8220;100%&#8220; max_width=&#8220;100%&#8220; module_alignment=&#8220;center&#8220; height=&#8220;88vh&#8220; overflow-x=&#8220;hidden&#8220; overflow-y=&#8220;hidden&#8220; locked=&#8220;off&#8220; collapsed=&#8220;off&#8220; global_colors_info=&#8220;{}&#8220; custom_css_main_element_last_edited=&#8220;on|phone&#8220; custom_css_main_element_phone=&#8220;max-height: 550px!important;&#8220;][et_pb_column type=&#8220;4_4&#8243; _builder_version=&#8220;4.16&#8243; _module_preset=&#8220;default&#8220; global_colors_info=&#8220;{}&#8220;][et_pb_image src=&#8220;https:\/\/www.villaggioorizzonte.it\/wp-content\/uploads\/2022\/07\/testata-landing.jpg&#8220; alt=&#8220;animazione bambini villaggio mare toscana&#8220; title_text=&#8220;Horizont-Neueste-Verf\u00fcgbarkeit&#8220; force_fullwidth=&#8220;on&#8220; _builder_version=&#8220;4.17.4&#8243; _module_preset=&#8220;default&#8220; saved_tabs=&#8220;all&#8220; global_colors_info=&#8220;{}&#8220;][\/et_pb_image][\/et_pb_column][\/et_pb_row][et_pb_row column_structure=&#8220;2_5,3_5&#8243; use_custom_gutter=&#8220;on&#8220; gutter_width=&#8220;1&#8243; make_equal=&#8220;on&#8220; admin_label=&#8220;Titolo&#8220; _builder_version=&#8220;4.16&#8243; _module_preset=&#8220;default&#8220; background_color=&#8220;RGBA(255,255,255,0)&#8220; width=&#8220;100%&#8220; max_width=&#8220;100%&#8220; module_alignment=&#8220;left&#8220; custom_margin=&#8220;-163px||||false|false&#8220; custom_margin_tablet=&#8220;-163px||||false|false&#8220; custom_margin_phone=&#8220;-124px||||false|false&#8220; custom_margin_last_edited=&#8220;on|phone&#8220; custom_padding=&#8220;||||true|false&#8220; collapsed=&#8220;off&#8220; global_colors_info=&#8220;{}&#8220;][et_pb_column type=&#8220;2_5&#8243; disabled_on=&#8220;off|off|off&#8220; _builder_version=&#8220;4.16&#8243; _module_preset=&#8220;default&#8220; global_colors_info=&#8220;{}&#8220; custom_css_main_element_last_edited=&#8220;on|phone&#8220; custom_css_main_element_phone=&#8220;width:30px!important;||display:block!important;&#8220;][\/et_pb_column][et_pb_column type=&#8220;3_5&#8243; _builder_version=&#8220;4.16&#8243; _module_preset=&#8220;default&#8220; background_color=&#8220;#FFFFFF&#8220; custom_padding=&#8220;25px||25px|30px|true|false&#8220; custom_padding_tablet=&#8220;25px||25px|30px|true|false&#8220; custom_padding_phone=&#8220;||5px|20px|false|false&#8220; custom_padding_last_edited=&#8220;on|phone&#8220; global_colors_info=&#8220;{}&#8220; custom_css_main_element_last_edited=&#8220;on|phone&#8220; custom_css_main_element_phone=&#8220;width: calc(100% &#8211; 30px)!important;&#8220;][et_pb_text admin_label=&#8220;Testo&#8220; _builder_version=&#8220;4.21.0&#8243; _module_preset=&#8220;default&#8220; background_color=&#8220;RGBA(255,255,255,0)&#8220; saved_tabs=&#8220;all&#8220; global_colors_info=&#8220;{}&#8220;]<\/p>\n<h2 class=\"h1app\">Genie\u00dfen Sie Ihren<\/h2>\n<h1 class=\"h2app\">Urlaub am Meer!<\/h1>\n<p>[\/et_pb_text][\/et_pb_column][\/et_pb_row][\/et_pb_section][et_pb_section fb_built=&#8220;1&#8243; admin_label=&#8220;Intro&#8220; _builder_version=&#8220;4.16&#8243; _module_preset=&#8220;default&#8220; da_disable_devices=&#8220;off|off|off&#8220; collapsed=&#8220;on&#8220; global_colors_info=&#8220;{}&#8220; da_is_popup=&#8220;off&#8220; da_exit_intent=&#8220;off&#8220; da_has_close=&#8220;on&#8220; da_alt_close=&#8220;off&#8220; da_dark_close=&#8220;off&#8220; da_not_modal=&#8220;on&#8220; da_is_singular=&#8220;off&#8220; da_with_loader=&#8220;off&#8220; da_has_shadow=&#8220;on&#8220;][et_pb_row _builder_version=&#8220;4.16&#8243; _module_preset=&#8220;default&#8220; collapsed=&#8220;off&#8220; global_colors_info=&#8220;{}&#8220;][et_pb_column type=&#8220;4_4&#8243; _builder_version=&#8220;4.16&#8243; _module_preset=&#8220;default&#8220; background_enable_color=&#8220;off&#8220; custom_padding=&#8220;||||true|false&#8220; global_colors_info=&#8220;{}&#8220;][\/et_pb_column][\/et_pb_row][\/et_pb_section][et_pb_section fb_built=&#8220;1&#8243; admin_label=&#8220;Blocco 01&#8243; _builder_version=&#8220;4.21.0&#8243; _module_preset=&#8220;default&#8220; da_disable_devices=&#8220;off|off|off&#8220; collapsed=&#8220;off&#8220; global_colors_info=&#8220;{}&#8220; da_is_popup=&#8220;off&#8220; da_exit_intent=&#8220;off&#8220; da_has_close=&#8220;on&#8220; da_alt_close=&#8220;off&#8220; da_dark_close=&#8220;off&#8220; da_not_modal=&#8220;on&#8220; da_is_singular=&#8220;off&#8220; da_with_loader=&#8220;off&#8220; da_has_shadow=&#8220;on&#8220;][et_pb_row admin_label=&#8220;divisore&#8220; _builder_version=&#8220;4.21.0&#8243; _module_preset=&#8220;default&#8220; collapsed=&#8220;off&#8220; global_colors_info=&#8220;{}&#8220;][et_pb_column type=&#8220;4_4&#8243; _builder_version=&#8220;4.16&#8243; _module_preset=&#8220;default&#8220; global_colors_info=&#8220;{}&#8220;][et_pb_text admin_label=&#8220;Ultime disponibilit\u00e0&#8220; _builder_version=&#8220;4.21.0&#8243; _module_preset=&#8220;default&#8220; locked=&#8220;off&#8220; global_colors_info=&#8220;{}&#8220;]<\/p>\n<h3 class=\"h3pag\" style=\"text-align: center;\">LETZTE VERF\u00dcGBARKEIT<\/h3>\n<h4 class=\"h4pag\" style=\"text-align: center;\">F\u00dcR JULI UND AUGUST!<\/h4>\n<p>[\/et_pb_text][\/et_pb_column][\/et_pb_row][et_pb_row admin_label=&#8220;Riga&#8220; _builder_version=&#8220;4.16&#8243; _module_preset=&#8220;default&#8220; collapsed=&#8220;off&#8220; global_colors_info=&#8220;{}&#8220;][et_pb_column type=&#8220;4_4&#8243; _builder_version=&#8220;4.16&#8243; _module_preset=&#8220;default&#8220; global_colors_info=&#8220;{}&#8220;][et_pb_image src=&#8220;https:\/\/www.villaggioorizzonte.it\/wp-content\/uploads\/2023\/07\/carosello-1.jpg&#8220; title_text=&#8220;carosello&#8220; admin_label=&#8220;Immagine&#8220; _builder_version=&#8220;4.21.0&#8243; _module_preset=&#8220;default&#8220; global_colors_info=&#8220;{}&#8220;][\/et_pb_image][et_pb_text admin_label=&#8220;Testo&#8220; _builder_version=&#8220;4.21.0&#8243; _module_preset=&#8220;default&#8220; global_colors_info=&#8220;{}&#8220;]<\/p>\n<p>Lassen Sie sich von einem Urlaub im Villaggio Orizzonte erobern! Buchen Sie jetzt Ihren Strandurlaub und verpassen Sie nicht die <strong>LETZTEN VERF\u00dcGBARKEITEN vom 29. Juli und 05. August!<\/strong><\/p>\n<p>Erleben Sie einen Urlaub, bei dem sich Entspannung und Sport abwechseln. Im Feriendorf Orizzonte finden Sie Swimmingpools f\u00fcr Erwachsene und Kinder, Animation, Eisdiele, Minimarkt&#8230; was immer Sie wollen!<\/p>\n<p>&nbsp;<\/p>\n<p>[\/et_pb_text][et_pb_button button_url=&#8220;https:\/\/www.simplebooking.it\/ibe\/search?hid=4346&#038;lang=DE&#038;_gl=1*18ex6i7*_ga*MTkzMDc4MDAzNC4xNjg4MTQwMTM1*_ga_TDWXHLFQY6*MTY4OTU5NzEwMy45LjAuMTY4OTU5NzExNy40Ni4wLjA.&#038;_ga=2.268284494.1196834444.1689578911-1930780034.1688140135&#038;utm_source=newsletter&#038;utm_medium=email&#038;utm_campaign=villaggio_ultimedate&#038;utm_id=ultime_disponibilit%C3%A0&#8243; url_new_window=&#8220;on&#8220; button_text=&#8220;VERF\u00dcGBARKEIT PR\u00dcFEN UND BUCHEN&#8220; button_alignment=&#8220;center&#8220; admin_label=&#8220;Pulsante prenota&#8220; _builder_version=&#8220;4.21.0&#8243; _module_preset=&#8220;default&#8220; custom_button=&#8220;on&#8220; button_text_size=&#8220;18px&#8220; button_text_color=&#8220;#FFFFFF&#8220; button_bg_color=&#8220;#f1a000&#8243; button_border_width=&#8220;0px&#8220; button_border_radius=&#8220;0px&#8220; button_font=&#8220;Krona One|||on|||||&#8220; button_icon=&#8220;&#x24;||divi||400&#8243; background_layout=&#8220;dark&#8220; custom_margin=&#8220;0px||||false|false&#8220; custom_padding=&#8220;0px||||false|false&#8220; global_colors_info=&#8220;{}&#8220;][\/et_pb_button][\/et_pb_column][\/et_pb_row][\/et_pb_section][et_pb_section fb_built=&#8220;1&#8243; admin_label=&#8220;Blocco 02&#8243; _builder_version=&#8220;4.21.0&#8243; _module_preset=&#8220;default&#8220; da_disable_devices=&#8220;off|off|off&#8220; collapsed=&#8220;off&#8220; global_colors_info=&#8220;{}&#8220; da_is_popup=&#8220;off&#8220; da_exit_intent=&#8220;off&#8220; da_has_close=&#8220;on&#8220; da_alt_close=&#8220;off&#8220; da_dark_close=&#8220;off&#8220; da_not_modal=&#8220;on&#8220; da_is_singular=&#8220;off&#8220; da_with_loader=&#8220;off&#8220; da_has_shadow=&#8220;on&#8220;][et_pb_row column_structure=&#8220;1_3,1_3,1_3&#8243; _builder_version=&#8220;4.21.0&#8243; _module_preset=&#8220;default&#8220; global_colors_info=&#8220;{}&#8220;][et_pb_column type=&#8220;1_3&#8243; _builder_version=&#8220;4.21.0&#8243; _module_preset=&#8220;default&#8220; global_colors_info=&#8220;{}&#8220;][et_pb_image src=&#8220;https:\/\/www.villaggioorizzonte.it\/wp-content\/uploads\/2023\/07\/359703321_789718146491452_1617157300194287124_n.jpg&#8220; title_text=&#8220;359703321_789718146491452_1617157300194287124_n&#8220; align=&#8220;center&#8220; _builder_version=&#8220;4.21.0&#8243; _module_preset=&#8220;default&#8220; global_colors_info=&#8220;{}&#8220;][\/et_pb_image][\/et_pb_column][et_pb_column type=&#8220;1_3&#8243; _builder_version=&#8220;4.21.0&#8243; _module_preset=&#8220;default&#8220; global_colors_info=&#8220;{}&#8220;][et_pb_image src=&#8220;https:\/\/www.villaggioorizzonte.it\/wp-content\/uploads\/2023\/05\/piscina-sud-orizzonte-1.jpg&#8220; title_text=&#8220;piscina-sud-orizzonte&#8220; admin_label=&#8220;Immagine&#8220; _builder_version=&#8220;4.21.0&#8243; _module_preset=&#8220;default&#8220; global_colors_info=&#8220;{}&#8220;][\/et_pb_image][\/et_pb_column][et_pb_column type=&#8220;1_3&#8243; _builder_version=&#8220;4.21.0&#8243; _module_preset=&#8220;default&#8220; global_colors_info=&#8220;{}&#8220;][et_pb_text _builder_version=&#8220;4.21.0&#8243; _module_preset=&#8220;default&#8220; global_colors_info=&#8220;{}&#8220;]<\/p>\n<p>ALLES, WAS SIE SICH W\u00dcNSCHEN\u2026<\/p>\n<p>Komfort und Entspannung werden gro\u00df geschrieben im <strong>Feriendorf Orizzonte.<\/strong> Hier steht Ihnen ein freundliches und zuvorkommendes Personal und viele exklusive Dienstleistungen zur Verf\u00fcgung, damit Sie einen sorglosen <strong>Urlaub verbringen k\u00f6nnen.<\/strong><\/p>\n<p>[\/et_pb_text][\/et_pb_column][\/et_pb_row][et_pb_row _builder_version=&#8220;4.21.0&#8243; _module_preset=&#8220;default&#8220; global_colors_info=&#8220;{}&#8220;][et_pb_column type=&#8220;4_4&#8243; _builder_version=&#8220;4.21.0&#8243; _module_preset=&#8220;default&#8220; global_colors_info=&#8220;{}&#8220;][\/et_pb_column][\/et_pb_row][\/et_pb_section][et_pb_section fb_built=&#8220;1&#8243; admin_label=&#8220;recensioni&#8220; _builder_version=&#8220;4.16&#8243; _module_preset=&#8220;default&#8220; custom_margin=&#8220;30px||||false|false&#8220; custom_margin_tablet=&#8220;30px||||false|false&#8220; custom_margin_phone=&#8220;0px||||false|false&#8220; custom_margin_last_edited=&#8220;on|phone&#8220; da_disable_devices=&#8220;off|off|off&#8220; collapsed=&#8220;on&#8220; global_colors_info=&#8220;{}&#8220; da_is_popup=&#8220;off&#8220; da_exit_intent=&#8220;off&#8220; da_has_close=&#8220;on&#8220; da_alt_close=&#8220;off&#8220; da_dark_close=&#8220;off&#8220; da_not_modal=&#8220;on&#8220; da_is_singular=&#8220;off&#8220; da_with_loader=&#8220;off&#8220; da_has_shadow=&#8220;on&#8220;][et_pb_row _builder_version=&#8220;4.16&#8243; _module_preset=&#8220;default&#8220; custom_margin=&#8220;||||false|false&#8220; global_colors_info=&#8220;{}&#8220;][et_pb_column type=&#8220;4_4&#8243; _builder_version=&#8220;4.16&#8243; _module_preset=&#8220;default&#8220; global_colors_info=&#8220;{}&#8220;][dica_divi_carousel transition_duration=&#8220;1500&#8243; loop=&#8220;on&#8220; autoplay=&#8220;on&#8220; hoverpause=&#8220;on&#8220; dot_nav=&#8220;on&#8220; item_spacing=&#8220;44&#8243; advanced_effect=&#8220;1&#8243; carousel_container_margin=&#8220;||||false|false&#8220; text_margin=&#8220;||20px||false|false&#8220; _builder_version=&#8220;4.16&#8243; _module_preset=&#8220;default&#8220; global_colors_info=&#8220;{}&#8220;][dica_divi_carouselitem title=&#8220;s\u00fc\u00df und familienfreundlich&#8220; sub_title=&#8220;Tiziana&#8220; button_url_new_window=&#8220;1&#8243; custom_padding=&#8220;80px||||false|false&#8220; _builder_version=&#8220;4.16&#8243; _module_preset=&#8220;default&#8220; subtitle_text_color=&#8220;#f14d1b&#8220; body_line_height=&#8220;1.3em&#8220; background_image=&#8220;https:\/\/www.villaggioorizzonte.it\/wp-content\/uploads\/2022\/02\/icona-booking.png&#8220; background_enable_image=&#8220;on&#8220; background_size=&#8220;initial&#8220; background_position=&#8220;top_left&#8220; global_colors_info=&#8220;{}&#8220;]<\/p>\n<p>Sehr sch\u00f6ner und familienfreundlicher Ort, wir hatten nur eine \u00dcbernachtung gemacht, aber wir haben alle unsere Mahlzeiten im Dorf eingenommen.<br \/>Bar mit ausgezeichneten Brioches, ausgezeichnetem Fischrestaurant und gut organisierter Pizzeria<\/p>\n<p>[\/dica_divi_carouselitem][dica_divi_carouselitem title=&#8220;Alles einwandfrei&#8220; sub_title=&#8220;Laura&#8220; button_url_new_window=&#8220;1&#8243; custom_padding=&#8220;80px||||false|false&#8220; _builder_version=&#8220;4.16&#8243; _module_preset=&#8220;default&#8220; subtitle_text_color=&#8220;#f14d1b&#8220; body_line_height=&#8220;1.3em&#8220; background_image=&#8220;https:\/\/www.villaggioorizzonte.it\/wp-content\/uploads\/2022\/02\/icona-booking.png&#8220; background_enable_image=&#8220;on&#8220; background_size=&#8220;initial&#8220; background_position=&#8220;top_left&#8220; global_colors_info=&#8220;{}&#8220;]<\/p>\n<p>Sehr organisiertes, sauberes, ordentliches Dorf. Der Strand ist nur wenige Gehminuten entfernt, das Meer ist sehr sch\u00f6n, der Pinienwald bietet sch\u00f6ne Spazierg\u00e4nge zu Fu\u00df oder mit dem Fahrrad. Die Pools sind sch\u00f6n und sauber, das Unterhaltungsprogramm ist gut strukturiert.<\/p>\n<p>[\/dica_divi_carouselitem][dica_divi_carouselitem title=&#8220;Sch\u00f6ner Urlaub&#8220; sub_title=&#8220;0cristian0&#8243; button_url_new_window=&#8220;1&#8243; custom_padding=&#8220;80px||||false|false&#8220; _builder_version=&#8220;4.16&#8243; _module_preset=&#8220;default&#8220; subtitle_text_color=&#8220;#f14d1b&#8220; body_line_height=&#8220;1.3em&#8220; background_image=&#8220;https:\/\/www.villaggioorizzonte.it\/wp-content\/uploads\/2022\/02\/icona-trip.png&#8220; background_enable_image=&#8220;on&#8220; background_size=&#8220;initial&#8220; background_position=&#8220;top_left&#8220; global_colors_info=&#8220;{}&#8220;]<\/p>\n<p>Das Dorf ist sehr sch\u00f6n und gepflegt und das Personal gastfreundlich und professionell. Ausgezeichneter Zug\/Shuttle, um zum Meer zu gelangen.<br \/>Die Qualit\u00e4t des Essens ist ausgezeichnet, man geht aufmerksam auf die W\u00fcnsche von Z\u00f6liakiekranken ein, immer pr\u00e4sent und immer mit einem L\u00e4cheln auf den Lippen.<\/p>\n<p>[\/dica_divi_carouselitem][dica_divi_carouselitem title=&#8220;Zur\u00fcck zu gehen&#8220; sub_title=&#8220;Ila 25&#8243; button_url_new_window=&#8220;1&#8243; custom_padding=&#8220;80px||||false|false&#8220; _builder_version=&#8220;4.16&#8243; _module_preset=&#8220;default&#8220; subtitle_text_color=&#8220;#f14d1b&#8220; body_line_height=&#8220;1.3em&#8220; background_image=&#8220;https:\/\/www.villaggioorizzonte.it\/wp-content\/uploads\/2022\/02\/icona-google.png&#8220; background_enable_image=&#8220;on&#8220; background_size=&#8220;initial&#8220; background_position=&#8220;top_left&#8220; global_colors_info=&#8220;{}&#8220;]<\/p>\n<p>Erstaunlich. Ausgestattet mit Schwimmbad, Beachvolleyballplatz, Fu\u00dfballplatz und Spielen. Das Essen in der Bar ist sehr gut.<br \/>Die Bauernh\u00e4user sind sehr sauber und sch\u00f6n. Bequeme Betten und weiche Kissen. Richtiger Preis.<\/p>\n<p>[\/dica_divi_carouselitem][\/dica_divi_carousel][\/et_pb_column][\/et_pb_row][\/et_pb_section]<\/p>\n","protected":false},"excerpt":{"rendered":"<p>Genie\u00dfen Sie Ihren Urlaub am Meer!LETZTE VERF\u00dcGBARKEIT F\u00dcR JULI UND AUGUST!Lassen Sie sich von einem Urlaub im Villaggio Orizzonte erobern! Buchen Sie jetzt Ihren Strandurlaub und verpassen Sie nicht die LETZTEN VERF\u00dcGBARKEITEN vom 29. Juli und 05. August! Erleben Sie einen Urlaub, bei dem sich Entspannung und Sport abwechseln. Im Feriendorf Orizzonte finden Sie Swimmingpools [&hellip;]<\/p>\n","protected":false},"author":7,"featured_media":0,"parent":0,"menu_order":16,"comment_status":"closed","ping_status":"closed","template":"","meta":{"_et_pb_use_builder":"on","_et_pb_old_content":"","_et_gb_content_width":"","ngg_post_thumbnail":0,"footnotes":""},"class_list":["post-283606","page","type-page","status-publish","hentry"],"yoast_head":"<!-- This site is optimized with the Yoast SEO plugin v25.8 - https:\/\/yoast.com\/wordpress\/plugins\/seo\/ -->\n<title>Toskanisches K\u00fcstendorf -<\/title>\n<meta name=\"description\" content=\"Buchen Sie jetzt Ihren Strandurlaub und verpassen Sie nicht die LETZTEN VERF\u00dcGBARKEITEN vom 29. Juli und 05. August!\" \/>\n<meta name=\"robots\" content=\"index, follow, max-snippet:-1, max-image-preview:large, max-video-preview:-1\" \/>\n<link rel=\"canonical\" href=\"https:\/\/www.villaggioorizzonte.it\/de\/letzte-verfuegbarkeit-juli-und-august.html\" \/>\n<meta property=\"og:locale\" content=\"de_DE\" \/>\n<meta property=\"og:type\" content=\"article\" \/>\n<meta property=\"og:title\" content=\"Toskanisches K\u00fcstendorf -\" \/>\n<meta property=\"og:description\" content=\"Buchen Sie jetzt Ihren Strandurlaub und verpassen Sie nicht die LETZTEN VERF\u00dcGBARKEITEN vom 29. Juli und 05. August!\" \/>\n<meta property=\"og:url\" content=\"https:\/\/www.villaggioorizzonte.it\/de\/letzte-verfuegbarkeit-juli-und-august.html\" \/>\n<meta property=\"og:site_name\" content=\"Villaggio Orizzonte\" \/>\n<meta property=\"article:modified_time\" content=\"2023-07-20T08:36:02+00:00\" \/>\n<meta name=\"twitter:card\" content=\"summary_large_image\" \/>\n<script type=\"application\/ld+json\" class=\"yoast-schema-graph\">{\"@context\":\"https:\/\/schema.org\",\"@graph\":[{\"@type\":\"WebPage\",\"@id\":\"https:\/\/www.villaggioorizzonte.it\/de\/letzte-verfuegbarkeit-juli-und-august.html\",\"url\":\"https:\/\/www.villaggioorizzonte.it\/de\/letzte-verfuegbarkeit-juli-und-august.html\",\"name\":\"Toskanisches K\u00fcstendorf -\",\"isPartOf\":{\"@id\":\"https:\/\/www.villaggioorizzonte.it\/de\/#website\"},\"datePublished\":\"2023-07-20T08:04:45+00:00\",\"dateModified\":\"2023-07-20T08:36:02+00:00\",\"description\":\"Buchen Sie jetzt Ihren Strandurlaub und verpassen Sie nicht die LETZTEN VERF\u00dcGBARKEITEN vom 29. Juli und 05. August!\",\"breadcrumb\":{\"@id\":\"https:\/\/www.villaggioorizzonte.it\/de\/letzte-verfuegbarkeit-juli-und-august.html#breadcrumb\"},\"inLanguage\":\"de\",\"potentialAction\":[{\"@type\":\"ReadAction\",\"target\":[\"https:\/\/www.villaggioorizzonte.it\/de\/letzte-verfuegbarkeit-juli-und-august.html\"]}]},{\"@type\":\"BreadcrumbList\",\"@id\":\"https:\/\/www.villaggioorizzonte.it\/de\/letzte-verfuegbarkeit-juli-und-august.html#breadcrumb\",\"itemListElement\":[{\"@type\":\"ListItem\",\"position\":1,\"name\":\"Home\",\"item\":\"https:\/\/www.villaggioorizzonte.it\/de\/\"},{\"@type\":\"ListItem\",\"position\":2,\"name\":\"Letzte Verf\u00fcgbarkeit: 23. Juli und 23. August\"}]},{\"@type\":\"WebSite\",\"@id\":\"https:\/\/www.villaggioorizzonte.it\/de\/#website\",\"url\":\"https:\/\/www.villaggioorizzonte.it\/de\/\",\"name\":\"Villaggio Orizzonte\",\"description\":\"Villaggio Turistico\",\"potentialAction\":[{\"@type\":\"SearchAction\",\"target\":{\"@type\":\"EntryPoint\",\"urlTemplate\":\"https:\/\/www.villaggioorizzonte.it\/de\/?s={search_term_string}\"},\"query-input\":{\"@type\":\"PropertyValueSpecification\",\"valueRequired\":true,\"valueName\":\"search_term_string\"}}],\"inLanguage\":\"de\"}]}<\/script>\n<!-- \/ Yoast SEO plugin. -->","yoast_head_json":{"title":"Toskanisches K\u00fcstendorf -","description":"Buchen Sie jetzt Ihren Strandurlaub und verpassen Sie nicht die LETZTEN VERF\u00dcGBARKEITEN vom 29. Juli und 05. August!","robots":{"index":"index","follow":"follow","max-snippet":"max-snippet:-1","max-image-preview":"max-image-preview:large","max-video-preview":"max-video-preview:-1"},"canonical":"https:\/\/www.villaggioorizzonte.it\/de\/letzte-verfuegbarkeit-juli-und-august.html","og_locale":"de_DE","og_type":"article","og_title":"Toskanisches K\u00fcstendorf -","og_description":"Buchen Sie jetzt Ihren Strandurlaub und verpassen Sie nicht die LETZTEN VERF\u00dcGBARKEITEN vom 29. Juli und 05. August!","og_url":"https:\/\/www.villaggioorizzonte.it\/de\/letzte-verfuegbarkeit-juli-und-august.html","og_site_name":"Villaggio Orizzonte","article_modified_time":"2023-07-20T08:36:02+00:00","twitter_card":"summary_large_image","schema":{"@context":"https:\/\/schema.org","@graph":[{"@type":"WebPage","@id":"https:\/\/www.villaggioorizzonte.it\/de\/letzte-verfuegbarkeit-juli-und-august.html","url":"https:\/\/www.villaggioorizzonte.it\/de\/letzte-verfuegbarkeit-juli-und-august.html","name":"Toskanisches K\u00fcstendorf -","isPartOf":{"@id":"https:\/\/www.villaggioorizzonte.it\/de\/#website"},"datePublished":"2023-07-20T08:04:45+00:00","dateModified":"2023-07-20T08:36:02+00:00","description":"Buchen Sie jetzt Ihren Strandurlaub und verpassen Sie nicht die LETZTEN VERF\u00dcGBARKEITEN vom 29. Juli und 05. August!","breadcrumb":{"@id":"https:\/\/www.villaggioorizzonte.it\/de\/letzte-verfuegbarkeit-juli-und-august.html#breadcrumb"},"inLanguage":"de","potentialAction":[{"@type":"ReadAction","target":["https:\/\/www.villaggioorizzonte.it\/de\/letzte-verfuegbarkeit-juli-und-august.html"]}]},{"@type":"BreadcrumbList","@id":"https:\/\/www.villaggioorizzonte.it\/de\/letzte-verfuegbarkeit-juli-und-august.html#breadcrumb","itemListElement":[{"@type":"ListItem","position":1,"name":"Home","item":"https:\/\/www.villaggioorizzonte.it\/de\/"},{"@type":"ListItem","position":2,"name":"Letzte Verf\u00fcgbarkeit: 23. Juli und 23. August"}]},{"@type":"WebSite","@id":"https:\/\/www.villaggioorizzonte.it\/de\/#website","url":"https:\/\/www.villaggioorizzonte.it\/de\/","name":"Villaggio Orizzonte","description":"Villaggio Turistico","potentialAction":[{"@type":"SearchAction","target":{"@type":"EntryPoint","urlTemplate":"https:\/\/www.villaggioorizzonte.it\/de\/?s={search_term_string}"},"query-input":{"@type":"PropertyValueSpecification","valueRequired":true,"valueName":"search_term_string"}}],"inLanguage":"de"}]}},"_links":{"self":[{"href":"https:\/\/www.villaggioorizzonte.it\/de\/wp-json\/wp\/v2\/pages\/283606","targetHints":{"allow":["GET"]}}],"collection":[{"href":"https:\/\/www.villaggioorizzonte.it\/de\/wp-json\/wp\/v2\/pages"}],"about":[{"href":"https:\/\/www.villaggioorizzonte.it\/de\/wp-json\/wp\/v2\/types\/page"}],"author":[{"embeddable":true,"href":"https:\/\/www.villaggioorizzonte.it\/de\/wp-json\/wp\/v2\/users\/7"}],"replies":[{"embeddable":true,"href":"https:\/\/www.villaggioorizzonte.it\/de\/wp-json\/wp\/v2\/comments?post=283606"}],"version-history":[{"count":5,"href":"https:\/\/www.villaggioorizzonte.it\/de\/wp-json\/wp\/v2\/pages\/283606\/revisions"}],"predecessor-version":[{"id":283618,"href":"https:\/\/www.villaggioorizzonte.it\/de\/wp-json\/wp\/v2\/pages\/283606\/revisions\/283618"}],"wp:attachment":[{"href":"https:\/\/www.villaggioorizzonte.it\/de\/wp-json\/wp\/v2\/media?parent=283606"}],"curies":[{"name":"wp","href":"https:\/\/api.w.org\/{rel}","templated":true}]}}