{"id":283489,"date":"2023-05-18T16:14:40","date_gmt":"2023-05-18T14:14:40","guid":{"rendered":"https:\/\/www.villaggioorizzonte.it\/offerte-vacanze-scalapay.html"},"modified":"2024-01-23T12:58:54","modified_gmt":"2024-01-23T11:58:54","slug":"angebot-scalapay-ferien-toskana","status":"publish","type":"page","link":"https:\/\/www.villaggioorizzonte.it\/de\/angebot-scalapay-ferien-toskana.html","title":{"rendered":"Scalapay"},"content":{"rendered":"<p>[et_pb_section fb_built=&#8220;1&#8243; admin_label=&#8220;Testata&#8220; _builder_version=&#8220;4.16&#8243; _module_preset=&#8220;default&#8220; custom_margin=&#8220;0px|0px|0px||false|false&#8220; custom_padding=&#8220;0px|0px|0px|0px|false|false&#8220; da_disable_devices=&#8220;off|off|off&#8220; saved_tabs=&#8220;all&#8220; locked=&#8220;off&#8220; collapsed=&#8220;off&#8220; global_colors_info=&#8220;{}&#8220; da_is_popup=&#8220;off&#8220; da_exit_intent=&#8220;off&#8220; da_has_close=&#8220;on&#8220; da_alt_close=&#8220;off&#8220; da_dark_close=&#8220;off&#8220; da_not_modal=&#8220;on&#8220; da_is_singular=&#8220;off&#8220; da_with_loader=&#8220;off&#8220; da_has_shadow=&#8220;on&#8220;][et_pb_row use_custom_gutter=&#8220;on&#8220; gutter_width=&#8220;1&#8243; admin_label=&#8220;Sfondo immagine&#8220; module_class=&#8220;testata&#8220; _builder_version=&#8220;4.16&#8243; _module_preset=&#8220;default&#8220; background_color=&#8220;RGBA(255,255,255,0)&#8220; background_enable_image=&#8220;off&#8220; width=&#8220;100%&#8220; max_width=&#8220;100%&#8220; module_alignment=&#8220;center&#8220; height=&#8220;88vh&#8220; overflow-x=&#8220;hidden&#8220; overflow-y=&#8220;hidden&#8220; locked=&#8220;off&#8220; collapsed=&#8220;off&#8220; global_colors_info=&#8220;{}&#8220; custom_css_main_element_last_edited=&#8220;on|phone&#8220; custom_css_main_element_phone=&#8220;max-height: 550px!important;&#8220;][et_pb_column type=&#8220;4_4&#8243; _builder_version=&#8220;4.16&#8243; _module_preset=&#8220;default&#8220; global_colors_info=&#8220;{}&#8220;][et_pb_image src=&#8220;https:\/\/www.villaggioorizzonte.it\/wp-content\/uploads\/2022\/02\/costa-toscana-scaled.jpg&#8220; alt=&#8220;Allenamento nuoto Toscana&#8220; title_text=&#8220;costa-toscana&#8220; force_fullwidth=&#8220;on&#8220; _builder_version=&#8220;4.18.0&#8243; _module_preset=&#8220;default&#8220; saved_tabs=&#8220;all&#8220; global_colors_info=&#8220;{}&#8220;][\/et_pb_image][\/et_pb_column][\/et_pb_row][et_pb_row column_structure=&#8220;2_5,3_5&#8243; use_custom_gutter=&#8220;on&#8220; gutter_width=&#8220;1&#8243; make_equal=&#8220;on&#8220; admin_label=&#8220;Titolo&#8220; _builder_version=&#8220;4.17.4&#8243; _module_preset=&#8220;default&#8220; background_color=&#8220;RGBA(255,255,255,0)&#8220; width=&#8220;100%&#8220; max_width=&#8220;100%&#8220; module_alignment=&#8220;left&#8220; custom_margin=&#8220;-163px||||false|false&#8220; custom_margin_tablet=&#8220;-163px||||false|false&#8220; custom_margin_phone=&#8220;-124px||||false|false&#8220; custom_margin_last_edited=&#8220;on|phone&#8220; custom_padding=&#8220;||||true|false&#8220; collapsed=&#8220;off&#8220; global_colors_info=&#8220;{}&#8220;][et_pb_column type=&#8220;2_5&#8243; disabled_on=&#8220;off|off|off&#8220; _builder_version=&#8220;4.16&#8243; _module_preset=&#8220;default&#8220; global_colors_info=&#8220;{}&#8220; custom_css_main_element_last_edited=&#8220;on|phone&#8220; custom_css_main_element_phone=&#8220;width:30px!important;||display:block!important;&#8220;][\/et_pb_column][et_pb_column type=&#8220;3_5&#8243; _builder_version=&#8220;4.16&#8243; _module_preset=&#8220;default&#8220; background_color=&#8220;#FFFFFF&#8220; custom_padding=&#8220;25px||25px|30px|true|false&#8220; custom_padding_tablet=&#8220;25px||25px|30px|true|false&#8220; custom_padding_phone=&#8220;|20px|5px|20px|false|false&#8220; custom_padding_last_edited=&#8220;on|phone&#8220; global_colors_info=&#8220;{}&#8220; custom_css_main_element_last_edited=&#8220;on|phone&#8220; custom_css_main_element_phone=&#8220;width: calc(100% &#8211; 30px)!important;&#8220;][et_pb_text admin_label=&#8220;Testo&#8220; _builder_version=&#8220;4.18.0&#8243; _module_preset=&#8220;default&#8220; background_color=&#8220;RGBA(255,255,255,0)&#8220; saved_tabs=&#8220;all&#8220; global_colors_info=&#8220;{}&#8220;]<\/p>\n<h1 class=\"h1app\">ZAHLEN SIE IN 3 RATEN<\/h1>\n<h2 class=\"h2app\">UND GENIESSEN SIE IHREN URLAUB<\/h2>\n<p>[\/et_pb_text][\/et_pb_column][\/et_pb_row][\/et_pb_section][et_pb_section fb_built=&#8220;1&#8243; custom_padding_last_edited=&#8220;on|phone&#8220; admin_label=&#8220;Intro&#8220; _builder_version=&#8220;4.16&#8243; _module_preset=&#8220;default&#8220; custom_padding_tablet=&#8220;&#8220; custom_padding_phone=&#8220;0px||0px||false|false&#8220; da_disable_devices=&#8220;off|off|off&#8220; collapsed=&#8220;off&#8220; global_colors_info=&#8220;{}&#8220; da_is_popup=&#8220;off&#8220; da_exit_intent=&#8220;off&#8220; da_has_close=&#8220;on&#8220; da_alt_close=&#8220;off&#8220; da_dark_close=&#8220;off&#8220; da_not_modal=&#8220;on&#8220; da_is_singular=&#8220;off&#8220; da_with_loader=&#8220;off&#8220; da_has_shadow=&#8220;on&#8220;][et_pb_row _builder_version=&#8220;4.18.0&#8243; _module_preset=&#8220;default&#8220; global_colors_info=&#8220;{}&#8220;][et_pb_column type=&#8220;4_4&#8243; _builder_version=&#8220;4.18.0&#8243; _module_preset=&#8220;default&#8220; global_colors_info=&#8220;{}&#8220;][et_pb_image src=&#8220;https:\/\/www.villaggioorizzonte.it\/wp-content\/uploads\/2023\/05\/Scalapay_banner_travel-viaggi-rettangolare_600x175_EN_01@2x.jpg&#8220; title_text=&#8220;Scalapay_banner_travel-viaggi-rettangolare_600x175_EN_01@2x&#8220; _builder_version=&#8220;4.18.0&#8243; _module_preset=&#8220;default&#8220; global_colors_info=&#8220;{}&#8220;][\/et_pb_image][\/et_pb_column][\/et_pb_row][\/et_pb_section][et_pb_section fb_built=&#8220;1&#8243; admin_label=&#8220;Contenuto&#8220; _builder_version=&#8220;4.17.4&#8243; _module_preset=&#8220;default&#8220; custom_margin=&#8220;50px||||false|false&#8220; da_disable_devices=&#8220;off|off|off&#8220; collapsed=&#8220;off&#8220; global_colors_info=&#8220;{}&#8220; da_is_popup=&#8220;off&#8220; da_exit_intent=&#8220;off&#8220; da_has_close=&#8220;on&#8220; da_alt_close=&#8220;off&#8220; da_dark_close=&#8220;off&#8220; da_not_modal=&#8220;on&#8220; da_is_singular=&#8220;off&#8220; da_with_loader=&#8220;off&#8220; da_has_shadow=&#8220;on&#8220;][et_pb_row admin_label=&#8220;Blocco&#8220; _builder_version=&#8220;4.18.0&#8243; _module_preset=&#8220;default&#8220; custom_margin=&#8220;50px||||false|false&#8220; collapsed=&#8220;off&#8220; global_colors_info=&#8220;{}&#8220;][et_pb_column type=&#8220;4_4&#8243; _builder_version=&#8220;4.16&#8243; _module_preset=&#8220;default&#8220; global_colors_info=&#8220;{}&#8220;][et_pb_text admin_label=&#8220;Titolo&#8220; _builder_version=&#8220;4.18.0&#8243; _module_preset=&#8220;default&#8220; global_colors_info=&#8220;{}&#8220;]<\/p>\n<h3 class=\"h3pag\" style=\"text-align: center;\">WIE FUNKTIONIERT\u2019S?<\/h3>\n<p><img decoding=\"async\" class=\"aligncenter\" src=\"https:\/\/www.villaggioorizzonte.it\/wp-content\/uploads\/2023\/05\/Scalapay_Logo_Primary_Black-1.png\" width=\"300px\"><\/p>\n<p>[\/et_pb_text][\/et_pb_column][\/et_pb_row][et_pb_row _builder_version=&#8220;4.18.0&#8243; _module_preset=&#8220;default&#8220; collapsed=&#8220;off&#8220; global_colors_info=&#8220;{}&#8220;][et_pb_column type=&#8220;4_4&#8243; _builder_version=&#8220;4.16&#8243; _module_preset=&#8220;default&#8220; global_colors_info=&#8220;{}&#8220;][et_pb_text _builder_version=&#8220;4.18.0&#8243; _module_preset=&#8220;default&#8220; custom_margin=&#8220;||30px||false|false&#8220; locked=&#8220;off&#8220; global_colors_info=&#8220;{}&#8220;]<\/p>\n<p style=\"text-align: center;\">\u2022 W\u00e4hlen Sie Scalapay als Zahlungsm\u00f6glichkeit<\/p>\n<p>\u2022 Erstellen Sie in wenigen Minuten ein Scalapay-Konto. Sie ben\u00f6tigen eine f\u00fcr den Zahlungszeitraum g\u00fcltige Kreditkarte (Visa, Mastercard oder American Express).<\/p>\n<p>\u2022 Zum Zeitpunkt des Buchungsabschlusses wird die Kreditkarte sorfot mit der ersten Rate belastet. Die darauf folgenden 2 Raten werden jeden Monat abgebucht.<\/p>\n<p><em>o Erste Rate: zum Zeitpunkt der Buchung<\/em><br \/><em>o Zweite Rate: 1 Monat nach Buchungsabschluss<\/em><br \/><em>o Dritte und letzte Rate: 2 Monate nach Buchungsabschluss.<\/em><\/p>\n<p><em>\u2022 Scalapay informiert Sie einige Tage vor F\u00e4lligkeit der einzelnen Raten per SMS und E-Mail  <\/em><\/p>\n<p style=\"text-align: center;\">Besuchuen Sie  <a href=\"https:\/\/www.scalapay.com\/it\/\"> www.scalapay.com\/it\/ <\/a> f\u00fcr alle Details.<\/p>\n<p>[\/et_pb_text][et_pb_gallery gallery_ids=&#8220;289024,289017,289010,289003,288996,288989,288982,288975,288968,288961,281911,282725&#8243; posts_number=&#8220;12&#8243; show_title_and_caption=&#8220;off&#8220; show_pagination=&#8220;off&#8220; _builder_version=&#8220;4.21.0&#8243; _module_preset=&#8220;default&#8220; global_colors_info=&#8220;{}&#8220;][\/et_pb_gallery][\/et_pb_column][\/et_pb_row][\/et_pb_section]<\/p>\n","protected":false},"excerpt":{"rendered":"<p>ZAHLEN SIE IN 3 RATEN UND GENIESSEN SIE IHREN URLAUBWIE FUNKTIONIERT\u2019S? \u2022 W\u00e4hlen Sie Scalapay als Zahlungsm\u00f6glichkeit \u2022 Erstellen Sie in wenigen Minuten ein Scalapay-Konto. Sie ben\u00f6tigen eine f\u00fcr den Zahlungszeitraum g\u00fcltige Kreditkarte (Visa, Mastercard oder American Express). \u2022 Zum Zeitpunkt des Buchungsabschlusses wird die Kreditkarte sorfot mit der ersten Rate belastet. Die darauf folgenden [&hellip;]<\/p>\n","protected":false},"author":7,"featured_media":0,"parent":0,"menu_order":14,"comment_status":"closed","ping_status":"closed","template":"","meta":{"_et_pb_use_builder":"on","_et_pb_old_content":"","_et_gb_content_width":"","ngg_post_thumbnail":0,"footnotes":""},"class_list":["post-283489","page","type-page","status-publish","hentry"],"yoast_head":"<!-- This site is optimized with the Yoast SEO plugin v25.8 - https:\/\/yoast.com\/wordpress\/plugins\/seo\/ -->\n<title>ZAHLEN SIE IN 3 RATEN - Villaggio Orizzonte<\/title>\n<meta name=\"description\" content=\"Mit Scalapay k\u00f6nnen Sie Ihren Strandurlaub in der Toskana im Juni auf der Website des Orizzonte Village buchen und in drei Raten bezahlen!\" \/>\n<meta name=\"robots\" content=\"index, follow, max-snippet:-1, max-image-preview:large, max-video-preview:-1\" \/>\n<link rel=\"canonical\" href=\"https:\/\/www.villaggioorizzonte.it\/de\/angebot-scalapay-ferien-toskana.html\" \/>\n<meta property=\"og:locale\" content=\"de_DE\" \/>\n<meta property=\"og:type\" content=\"article\" \/>\n<meta property=\"og:title\" content=\"ZAHLEN SIE IN 3 RATEN - Villaggio Orizzonte\" \/>\n<meta property=\"og:description\" content=\"Mit Scalapay k\u00f6nnen Sie Ihren Strandurlaub in der Toskana im Juni auf der Website des Orizzonte Village buchen und in drei Raten bezahlen!\" \/>\n<meta property=\"og:url\" content=\"https:\/\/www.villaggioorizzonte.it\/de\/angebot-scalapay-ferien-toskana.html\" \/>\n<meta property=\"og:site_name\" content=\"Villaggio Orizzonte\" \/>\n<meta property=\"article:modified_time\" content=\"2024-01-23T11:58:54+00:00\" \/>\n<meta property=\"og:image\" content=\"https:\/\/www.villaggioorizzonte.it\/wp-content\/uploads\/2023\/05\/Scalapay_Logo_Primary_Black-1.png\" \/>\n<meta name=\"twitter:card\" content=\"summary_large_image\" \/>\n<script type=\"application\/ld+json\" class=\"yoast-schema-graph\">{\"@context\":\"https:\/\/schema.org\",\"@graph\":[{\"@type\":\"WebPage\",\"@id\":\"https:\/\/www.villaggioorizzonte.it\/de\/angebot-scalapay-ferien-toskana.html\",\"url\":\"https:\/\/www.villaggioorizzonte.it\/de\/angebot-scalapay-ferien-toskana.html\",\"name\":\"ZAHLEN SIE IN 3 RATEN - Villaggio Orizzonte\",\"isPartOf\":{\"@id\":\"https:\/\/www.villaggioorizzonte.it\/de\/#website\"},\"primaryImageOfPage\":{\"@id\":\"https:\/\/www.villaggioorizzonte.it\/de\/angebot-scalapay-ferien-toskana.html#primaryimage\"},\"image\":{\"@id\":\"https:\/\/www.villaggioorizzonte.it\/de\/angebot-scalapay-ferien-toskana.html#primaryimage\"},\"thumbnailUrl\":\"https:\/\/www.villaggioorizzonte.it\/wp-content\/uploads\/2023\/05\/Scalapay_Logo_Primary_Black-1.png\",\"datePublished\":\"2023-05-18T14:14:40+00:00\",\"dateModified\":\"2024-01-23T11:58:54+00:00\",\"description\":\"Mit Scalapay k\u00f6nnen Sie Ihren Strandurlaub in der Toskana im Juni auf der Website des Orizzonte Village buchen und in drei Raten bezahlen!\",\"breadcrumb\":{\"@id\":\"https:\/\/www.villaggioorizzonte.it\/de\/angebot-scalapay-ferien-toskana.html#breadcrumb\"},\"inLanguage\":\"de\",\"potentialAction\":[{\"@type\":\"ReadAction\",\"target\":[\"https:\/\/www.villaggioorizzonte.it\/de\/angebot-scalapay-ferien-toskana.html\"]}]},{\"@type\":\"ImageObject\",\"inLanguage\":\"de\",\"@id\":\"https:\/\/www.villaggioorizzonte.it\/de\/angebot-scalapay-ferien-toskana.html#primaryimage\",\"url\":\"https:\/\/www.villaggioorizzonte.it\/wp-content\/uploads\/2023\/05\/Scalapay_Logo_Primary_Black-1.png\",\"contentUrl\":\"https:\/\/www.villaggioorizzonte.it\/wp-content\/uploads\/2023\/05\/Scalapay_Logo_Primary_Black-1.png\"},{\"@type\":\"BreadcrumbList\",\"@id\":\"https:\/\/www.villaggioorizzonte.it\/de\/angebot-scalapay-ferien-toskana.html#breadcrumb\",\"itemListElement\":[{\"@type\":\"ListItem\",\"position\":1,\"name\":\"Home\",\"item\":\"https:\/\/www.villaggioorizzonte.it\/de\/\"},{\"@type\":\"ListItem\",\"position\":2,\"name\":\"Scalapay\"}]},{\"@type\":\"WebSite\",\"@id\":\"https:\/\/www.villaggioorizzonte.it\/de\/#website\",\"url\":\"https:\/\/www.villaggioorizzonte.it\/de\/\",\"name\":\"Villaggio Orizzonte\",\"description\":\"Villaggio Turistico\",\"potentialAction\":[{\"@type\":\"SearchAction\",\"target\":{\"@type\":\"EntryPoint\",\"urlTemplate\":\"https:\/\/www.villaggioorizzonte.it\/de\/?s={search_term_string}\"},\"query-input\":{\"@type\":\"PropertyValueSpecification\",\"valueRequired\":true,\"valueName\":\"search_term_string\"}}],\"inLanguage\":\"de\"}]}<\/script>\n<!-- \/ Yoast SEO plugin. -->","yoast_head_json":{"title":"ZAHLEN SIE IN 3 RATEN - Villaggio Orizzonte","description":"Mit Scalapay k\u00f6nnen Sie Ihren Strandurlaub in der Toskana im Juni auf der Website des Orizzonte Village buchen und in drei Raten bezahlen!","robots":{"index":"index","follow":"follow","max-snippet":"max-snippet:-1","max-image-preview":"max-image-preview:large","max-video-preview":"max-video-preview:-1"},"canonical":"https:\/\/www.villaggioorizzonte.it\/de\/angebot-scalapay-ferien-toskana.html","og_locale":"de_DE","og_type":"article","og_title":"ZAHLEN SIE IN 3 RATEN - Villaggio Orizzonte","og_description":"Mit Scalapay k\u00f6nnen Sie Ihren Strandurlaub in der Toskana im Juni auf der Website des Orizzonte Village buchen und in drei Raten bezahlen!","og_url":"https:\/\/www.villaggioorizzonte.it\/de\/angebot-scalapay-ferien-toskana.html","og_site_name":"Villaggio Orizzonte","article_modified_time":"2024-01-23T11:58:54+00:00","og_image":[{"url":"https:\/\/www.villaggioorizzonte.it\/wp-content\/uploads\/2023\/05\/Scalapay_Logo_Primary_Black-1.png","type":"","width":"","height":""}],"twitter_card":"summary_large_image","schema":{"@context":"https:\/\/schema.org","@graph":[{"@type":"WebPage","@id":"https:\/\/www.villaggioorizzonte.it\/de\/angebot-scalapay-ferien-toskana.html","url":"https:\/\/www.villaggioorizzonte.it\/de\/angebot-scalapay-ferien-toskana.html","name":"ZAHLEN SIE IN 3 RATEN - Villaggio Orizzonte","isPartOf":{"@id":"https:\/\/www.villaggioorizzonte.it\/de\/#website"},"primaryImageOfPage":{"@id":"https:\/\/www.villaggioorizzonte.it\/de\/angebot-scalapay-ferien-toskana.html#primaryimage"},"image":{"@id":"https:\/\/www.villaggioorizzonte.it\/de\/angebot-scalapay-ferien-toskana.html#primaryimage"},"thumbnailUrl":"https:\/\/www.villaggioorizzonte.it\/wp-content\/uploads\/2023\/05\/Scalapay_Logo_Primary_Black-1.png","datePublished":"2023-05-18T14:14:40+00:00","dateModified":"2024-01-23T11:58:54+00:00","description":"Mit Scalapay k\u00f6nnen Sie Ihren Strandurlaub in der Toskana im Juni auf der Website des Orizzonte Village buchen und in drei Raten bezahlen!","breadcrumb":{"@id":"https:\/\/www.villaggioorizzonte.it\/de\/angebot-scalapay-ferien-toskana.html#breadcrumb"},"inLanguage":"de","potentialAction":[{"@type":"ReadAction","target":["https:\/\/www.villaggioorizzonte.it\/de\/angebot-scalapay-ferien-toskana.html"]}]},{"@type":"ImageObject","inLanguage":"de","@id":"https:\/\/www.villaggioorizzonte.it\/de\/angebot-scalapay-ferien-toskana.html#primaryimage","url":"https:\/\/www.villaggioorizzonte.it\/wp-content\/uploads\/2023\/05\/Scalapay_Logo_Primary_Black-1.png","contentUrl":"https:\/\/www.villaggioorizzonte.it\/wp-content\/uploads\/2023\/05\/Scalapay_Logo_Primary_Black-1.png"},{"@type":"BreadcrumbList","@id":"https:\/\/www.villaggioorizzonte.it\/de\/angebot-scalapay-ferien-toskana.html#breadcrumb","itemListElement":[{"@type":"ListItem","position":1,"name":"Home","item":"https:\/\/www.villaggioorizzonte.it\/de\/"},{"@type":"ListItem","position":2,"name":"Scalapay"}]},{"@type":"WebSite","@id":"https:\/\/www.villaggioorizzonte.it\/de\/#website","url":"https:\/\/www.villaggioorizzonte.it\/de\/","name":"Villaggio Orizzonte","description":"Villaggio Turistico","potentialAction":[{"@type":"SearchAction","target":{"@type":"EntryPoint","urlTemplate":"https:\/\/www.villaggioorizzonte.it\/de\/?s={search_term_string}"},"query-input":{"@type":"PropertyValueSpecification","valueRequired":true,"valueName":"search_term_string"}}],"inLanguage":"de"}]}},"_links":{"self":[{"href":"https:\/\/www.villaggioorizzonte.it\/de\/wp-json\/wp\/v2\/pages\/283489","targetHints":{"allow":["GET"]}}],"collection":[{"href":"https:\/\/www.villaggioorizzonte.it\/de\/wp-json\/wp\/v2\/pages"}],"about":[{"href":"https:\/\/www.villaggioorizzonte.it\/de\/wp-json\/wp\/v2\/types\/page"}],"author":[{"embeddable":true,"href":"https:\/\/www.villaggioorizzonte.it\/de\/wp-json\/wp\/v2\/users\/7"}],"replies":[{"embeddable":true,"href":"https:\/\/www.villaggioorizzonte.it\/de\/wp-json\/wp\/v2\/comments?post=283489"}],"version-history":[{"count":4,"href":"https:\/\/www.villaggioorizzonte.it\/de\/wp-json\/wp\/v2\/pages\/283489\/revisions"}],"predecessor-version":[{"id":289041,"href":"https:\/\/www.villaggioorizzonte.it\/de\/wp-json\/wp\/v2\/pages\/283489\/revisions\/289041"}],"wp:attachment":[{"href":"https:\/\/www.villaggioorizzonte.it\/de\/wp-json\/wp\/v2\/media?parent=283489"}],"curies":[{"name":"wp","href":"https:\/\/api.w.org\/{rel}","templated":true}]}}