{"id":281913,"date":"2022-07-28T09:52:32","date_gmt":"2022-07-28T07:52:32","guid":{"rendered":"https:\/\/www.villaggioorizzonte.it\/ultime-disponibilita-20agosto.html"},"modified":"2023-10-04T15:42:59","modified_gmt":"2023-10-04T13:42:59","slug":"letzte-verfuegbarkeit-ab-dem-20-august","status":"publish","type":"page","link":"https:\/\/www.villaggioorizzonte.it\/de\/letzte-verfuegbarkeit-ab-dem-20-august.html","title":{"rendered":"Letzte Verf\u00fcgbarkeit ab dem 20 August!"},"content":{"rendered":"<p>[et_pb_section fb_built=&#8220;1&#8243; admin_label=&#8220;Testata&#8220; _builder_version=&#8220;4.16&#8243; _module_preset=&#8220;default&#8220; custom_margin=&#8220;0px|0px|0px||false|false&#8220; custom_padding=&#8220;0px|0px|0px|0px|false|false&#8220; da_disable_devices=&#8220;off|off|off&#8220; saved_tabs=&#8220;all&#8220; locked=&#8220;off&#8220; collapsed=&#8220;off&#8220; global_colors_info=&#8220;{}&#8220; da_is_popup=&#8220;off&#8220; da_exit_intent=&#8220;off&#8220; da_has_close=&#8220;on&#8220; da_alt_close=&#8220;off&#8220; da_dark_close=&#8220;off&#8220; da_not_modal=&#8220;on&#8220; da_is_singular=&#8220;off&#8220; da_with_loader=&#8220;off&#8220; da_has_shadow=&#8220;on&#8220;][et_pb_row use_custom_gutter=&#8220;on&#8220; gutter_width=&#8220;1&#8243; admin_label=&#8220;Sfondo immagine&#8220; module_class=&#8220;testata&#8220; _builder_version=&#8220;4.16&#8243; _module_preset=&#8220;default&#8220; background_color=&#8220;RGBA(255,255,255,0)&#8220; background_enable_image=&#8220;off&#8220; width=&#8220;100%&#8220; max_width=&#8220;100%&#8220; module_alignment=&#8220;center&#8220; height=&#8220;88vh&#8220; overflow-x=&#8220;hidden&#8220; overflow-y=&#8220;hidden&#8220; locked=&#8220;off&#8220; collapsed=&#8220;off&#8220; global_colors_info=&#8220;{}&#8220; custom_css_main_element_last_edited=&#8220;on|phone&#8220; custom_css_main_element_phone=&#8220;max-height: 550px!important;&#8220;][et_pb_column type=&#8220;4_4&#8243; _builder_version=&#8220;4.16&#8243; _module_preset=&#8220;default&#8220; global_colors_info=&#8220;{}&#8220;][et_pb_image src=&#8220;https:\/\/www.villaggioorizzonte.it\/wp-content\/uploads\/2022\/07\/testata-landing.jpg&#8220; alt=&#8220;animazione bambini villaggio mare toscana&#8220; title_text=&#8220;Horizont-Neueste-Verf\u00fcgbarkeit&#8220; force_fullwidth=&#8220;on&#8220; _builder_version=&#8220;4.17.4&#8243; _module_preset=&#8220;default&#8220; saved_tabs=&#8220;all&#8220; global_colors_info=&#8220;{}&#8220;][\/et_pb_image][\/et_pb_column][\/et_pb_row][et_pb_row column_structure=&#8220;2_5,3_5&#8243; use_custom_gutter=&#8220;on&#8220; gutter_width=&#8220;1&#8243; make_equal=&#8220;on&#8220; admin_label=&#8220;Titolo&#8220; _builder_version=&#8220;4.16&#8243; _module_preset=&#8220;default&#8220; background_color=&#8220;RGBA(255,255,255,0)&#8220; width=&#8220;100%&#8220; max_width=&#8220;100%&#8220; module_alignment=&#8220;left&#8220; custom_margin=&#8220;-163px||||false|false&#8220; custom_margin_tablet=&#8220;-163px||||false|false&#8220; custom_margin_phone=&#8220;-124px||||false|false&#8220; custom_margin_last_edited=&#8220;on|phone&#8220; custom_padding=&#8220;||||true|false&#8220; collapsed=&#8220;off&#8220; global_colors_info=&#8220;{}&#8220;][et_pb_column type=&#8220;2_5&#8243; disabled_on=&#8220;off|off|off&#8220; _builder_version=&#8220;4.16&#8243; _module_preset=&#8220;default&#8220; global_colors_info=&#8220;{}&#8220; custom_css_main_element_last_edited=&#8220;on|phone&#8220; custom_css_main_element_phone=&#8220;width:30px!important;||display:block!important;&#8220;][\/et_pb_column][et_pb_column type=&#8220;3_5&#8243; _builder_version=&#8220;4.16&#8243; _module_preset=&#8220;default&#8220; background_color=&#8220;#FFFFFF&#8220; custom_padding=&#8220;25px||25px|30px|true|false&#8220; custom_padding_tablet=&#8220;25px||25px|30px|true|false&#8220; custom_padding_phone=&#8220;||5px|20px|false|false&#8220; custom_padding_last_edited=&#8220;on|phone&#8220; global_colors_info=&#8220;{}&#8220; custom_css_main_element_last_edited=&#8220;on|phone&#8220; custom_css_main_element_phone=&#8220;width: calc(100% &#8211; 30px)!important;&#8220;][et_pb_text admin_label=&#8220;Testo&#8220; _builder_version=&#8220;4.17.4&#8243; _module_preset=&#8220;default&#8220; background_color=&#8220;RGBA(255,255,255,0)&#8220; saved_tabs=&#8220;all&#8220; global_colors_info=&#8220;{}&#8220;]<\/p>\n<h2>Erholung und sport<\/h2>\n<h1>ihr urlaub am meer!<\/h1>\n<p>[\/et_pb_text][\/et_pb_column][\/et_pb_row][\/et_pb_section][et_pb_section fb_built=&#8220;1&#8243; admin_label=&#8220;Intro&#8220; _builder_version=&#8220;4.16&#8243; _module_preset=&#8220;default&#8220; da_disable_devices=&#8220;off|off|off&#8220; collapsed=&#8220;off&#8220; global_colors_info=&#8220;{}&#8220; da_is_popup=&#8220;off&#8220; da_exit_intent=&#8220;off&#8220; da_has_close=&#8220;on&#8220; da_alt_close=&#8220;off&#8220; da_dark_close=&#8220;off&#8220; da_not_modal=&#8220;on&#8220; da_is_singular=&#8220;off&#8220; da_with_loader=&#8220;off&#8220; da_has_shadow=&#8220;on&#8220;][et_pb_row _builder_version=&#8220;4.16&#8243; _module_preset=&#8220;default&#8220; collapsed=&#8220;off&#8220; global_colors_info=&#8220;{}&#8220;][et_pb_column type=&#8220;4_4&#8243; _builder_version=&#8220;4.16&#8243; _module_preset=&#8220;default&#8220; background_enable_color=&#8220;off&#8220; custom_padding=&#8220;||||true|false&#8220; global_colors_info=&#8220;{}&#8220;][et_pb_text disabled_on=&#8220;on|on|on&#8220; _builder_version=&#8220;4.17.4&#8243; _module_preset=&#8220;default&#8220; disabled=&#8220;on&#8220; global_colors_info=&#8220;{}&#8220;]Sei pronto a partire? Non lasciarti sfuggire le nostre <strong>ultime disponibilit\u00e0 dal 20 Agosto<\/strong> in poi![\/et_pb_text][\/et_pb_column][\/et_pb_row][\/et_pb_section][et_pb_section fb_built=&#8220;1&#8243; admin_label=&#8220;Contenuto&#8220; _builder_version=&#8220;4.16&#8243; _module_preset=&#8220;default&#8220; da_disable_devices=&#8220;off|off|off&#8220; collapsed=&#8220;off&#8220; global_colors_info=&#8220;{}&#8220; da_is_popup=&#8220;off&#8220; da_exit_intent=&#8220;off&#8220; da_has_close=&#8220;on&#8220; da_alt_close=&#8220;off&#8220; da_dark_close=&#8220;off&#8220; da_not_modal=&#8220;on&#8220; da_is_singular=&#8220;off&#8220; da_with_loader=&#8220;off&#8220; da_has_shadow=&#8220;on&#8220;][et_pb_row admin_label=&#8220;titolo appuntamenti settimanali&#8220; _builder_version=&#8220;4.16&#8243; _module_preset=&#8220;default&#8220; collapsed=&#8220;off&#8220; global_colors_info=&#8220;{}&#8220;][et_pb_column type=&#8220;4_4&#8243; _builder_version=&#8220;4.16&#8243; _module_preset=&#8220;default&#8220; global_colors_info=&#8220;{}&#8220;][et_pb_text admin_label=&#8220;Titolo&#8220; _builder_version=&#8220;4.17.4&#8243; _module_preset=&#8220;default&#8220; locked=&#8220;off&#8220; global_colors_info=&#8220;{}&#8220;]<\/p>\n<h3><b>LETZTE <\/b><strong>VERF\u00dcGBARKEIT<\/strong> <b><\/b><span style=\"color: #e67e23;\"><b>ab dem 20 August!<\/b><\/span><\/h3>\n<p>[\/et_pb_text][\/et_pb_column][\/et_pb_row][et_pb_row column_structure=&#8220;1_2,1_2&#8243; _builder_version=&#8220;4.16&#8243; _module_preset=&#8220;default&#8220; collapsed=&#8220;off&#8220; global_colors_info=&#8220;{}&#8220;][et_pb_column type=&#8220;1_2&#8243; _builder_version=&#8220;4.16&#8243; _module_preset=&#8220;default&#8220; global_colors_info=&#8220;{}&#8220;][et_pb_text _builder_version=&#8220;4.17.4&#8243; _module_preset=&#8220;default&#8220; global_colors_info=&#8220;{}&#8220;]<strong>Verpassen Sie nicht die Gelegenheit!<\/strong><\/p>\n<p>Kontrollieren Sie welche Wohnungen noch frei sind und buchen Sie jetzt Ihren Urlaub am Meer in einer unserer Bungalows![\/et_pb_text][et_pb_button button_url=&#8220;https:\/\/www.simplebooking.it\/ibe\/search?hid=4346&#038;lang=DE&#038;_ga=2.80746903.1072716270.1643191838-1277919642.1574080711&#8243; url_new_window=&#8220;on&#8220; button_text=&#8220;Jetzt buchen&#8220; button_alignment=&#8220;left&#8220; _builder_version=&#8220;4.17.4&#8243; _module_preset=&#8220;default&#8220; custom_button=&#8220;on&#8220; button_text_size=&#8220;18px&#8220; button_text_color=&#8220;#FFFFFF&#8220; button_bg_color=&#8220;#F1A000&#8243; button_border_radius=&#8220;1px&#8220; button_font=&#8220;Krona One|||on|||||&#8220; button_icon=&#8220;&#x24;||divi||400&#8243; background_layout=&#8220;dark&#8220; custom_margin=&#8220;0px||||false|false&#8220; global_colors_info=&#8220;{}&#8220;][\/et_pb_button][\/et_pb_column][et_pb_column type=&#8220;1_2&#8243; _builder_version=&#8220;4.16&#8243; _module_preset=&#8220;default&#8220; global_colors_info=&#8220;{}&#8220;][et_pb_image src=&#8220;https:\/\/www.villaggioorizzonte.it\/wp-content\/uploads\/2022\/07\/orizzonte-piscina-sud-21-69.jpg&#8220; alt=&#8220;Nuoto Villaggio Orizzonte&#8220; title_text=&#8220;orizzonte&#8212;piscina-sud-21-69&#8243; _builder_version=&#8220;4.17.4&#8243; _module_preset=&#8220;default&#8220; global_colors_info=&#8220;{}&#8220;][\/et_pb_image][\/et_pb_column][\/et_pb_row][et_pb_row column_structure=&#8220;1_2,1_2&#8243; disabled_on=&#8220;on|on|on&#8220; _builder_version=&#8220;4.17.4&#8243; _module_preset=&#8220;default&#8220; disabled=&#8220;on&#8220; collapsed=&#8220;off&#8220; global_colors_info=&#8220;{}&#8220;][et_pb_column type=&#8220;1_2&#8243; _builder_version=&#8220;4.16&#8243; _module_preset=&#8220;default&#8220; global_colors_info=&#8220;{}&#8220;][et_pb_image src=&#8220;https:\/\/www.villaggioorizzonte.it\/wp-content\/uploads\/2021\/10\/animali-zooantropologia.jpg&#8220; alt=&#8220;animali-zooantropologia&#8220; title_text=&#8220;animali-zooantropologia&#8220; _builder_version=&#8220;4.16&#8243; _module_preset=&#8220;default&#8220; global_colors_info=&#8220;{}&#8220;][\/et_pb_image][\/et_pb_column][et_pb_column type=&#8220;1_2&#8243; _builder_version=&#8220;4.16&#8243; _module_preset=&#8220;default&#8220; global_colors_info=&#8220;{}&#8220;][et_pb_text _builder_version=&#8220;4.16&#8243; _module_preset=&#8220;default&#8220; global_colors_info=&#8220;{}&#8220;]<\/p>\n<h5 class=\"h4pag\">Laboratorio Zooantropologia<\/h5>\n<p>Una volta alla settimana avremo il <strong>laboratorio di ZooAntropologia<\/strong>, gestito dalla nostra Istruttrice Cinofila Costanza, molto amata dai bambini.<\/p>\n<p>Questa attivit\u00e0 prevede l\u2019<strong>avvicinamento al cane<\/strong> e la gestione del cane, che consiste per esempio nel capire come si accarezza, in quali punti lo si deve fare, come deve essere gestito durante una passeggiata oppure nell\u2019ambiente domestico.<\/p>\n<p>Questo laboratorio sar\u00e0 attivo indicativamente da met\u00e0 giugno a met\u00e0 settembre.<\/p>\n<p>[\/et_pb_text][\/et_pb_column][\/et_pb_row][et_pb_row admin_label=&#8220;titolo appuntamenti settimanali&#8220; _builder_version=&#8220;4.16&#8243; _module_preset=&#8220;default&#8220; collapsed=&#8220;off&#8220; global_colors_info=&#8220;{}&#8220;][et_pb_column type=&#8220;4_4&#8243; _builder_version=&#8220;4.16&#8243; _module_preset=&#8220;default&#8220; global_colors_info=&#8220;{}&#8220;][et_pb_text admin_label=&#8220;Titolo&#8220; _builder_version=&#8220;4.17.4&#8243; _module_preset=&#8220;default&#8220; locked=&#8220;off&#8220; global_colors_info=&#8220;{}&#8220;]<\/p>\n<h3 style=\"text-align: center;\">viele aktivit\u00e4ten<\/h3>\n<h4 style=\"text-align: center;\">f\u00fcr sie!<\/h4>\n<p>[\/et_pb_text][\/et_pb_column][\/et_pb_row][et_pb_row admin_label=&#8220;Riga&#8220; _builder_version=&#8220;4.16&#8243; _module_preset=&#8220;default&#8220; collapsed=&#8220;off&#8220; global_colors_info=&#8220;{}&#8220;][et_pb_column type=&#8220;4_4&#8243; _builder_version=&#8220;4.16&#8243; _module_preset=&#8220;default&#8220; global_colors_info=&#8220;{}&#8220;][et_pb_text _builder_version=&#8220;4.17.4&#8243; _module_preset=&#8220;default&#8220; global_colors_info=&#8220;{}&#8220;]Genie\u00dfen Sie einen Urlaub im Feriendorf Orizzonte! Der ideale Ort um zum Entspannen, aber auch um sich sportlich zu bet\u00e4tigen \u2013 in der Anlage stehen Ihnen Swimmingpools, Sandkickpl\u00e4tze, Volleyballfeld, Padel-court und vieles mehr zur Verf\u00fcgung.<\/p>\n<p>Auch vierbeinige Begleiter sind herzlich willkommen!<\/p>\n<p><strong>Strand, Meer und Sport &#8211; Ihr Traumurlaub in der Toskana!<\/strong>[\/et_pb_text][\/et_pb_column][\/et_pb_row][et_pb_row admin_label=&#8220;Carosello&#8220; _builder_version=&#8220;4.16&#8243; _module_preset=&#8220;default&#8220; collapsed=&#8220;off&#8220; global_colors_info=&#8220;{}&#8220;][et_pb_column type=&#8220;4_4&#8243; _builder_version=&#8220;4.16&#8243; _module_preset=&#8220;default&#8220; global_colors_info=&#8220;{}&#8220;][et_pb_image src=&#8220;https:\/\/www.villaggioorizzonte.it\/wp-content\/uploads\/2022\/07\/attivit.jpg&#8220; title_text=&#8220;attivit&#8220; _builder_version=&#8220;4.17.4&#8243; _module_preset=&#8220;default&#8220; global_colors_info=&#8220;{}&#8220;][\/et_pb_image][\/et_pb_column][\/et_pb_row][\/et_pb_section]<\/p>\n","protected":false},"excerpt":{"rendered":"<p>Erholung und sport ihr urlaub am meer!Sei pronto a partire? Non lasciarti sfuggire le nostre ultime disponibilit\u00e0 dal 20 Agosto in poi!LETZTE VERF\u00dcGBARKEIT ab dem 20 August!Verpassen Sie nicht die Gelegenheit! Kontrollieren Sie welche Wohnungen noch frei sind und buchen Sie jetzt Ihren Urlaub am Meer in einer unserer Bungalows!Laboratorio Zooantropologia Una volta alla settimana [&hellip;]<\/p>\n","protected":false},"author":7,"featured_media":0,"parent":0,"menu_order":16,"comment_status":"closed","ping_status":"closed","template":"","meta":{"_et_pb_use_builder":"on","_et_pb_old_content":"","_et_gb_content_width":"","ngg_post_thumbnail":0,"footnotes":""},"class_list":["post-281913","page","type-page","status-publish","hentry"],"yoast_head":"<!-- This site is optimized with the Yoast SEO plugin v25.8 - https:\/\/yoast.com\/wordpress\/plugins\/seo\/ -->\n<title>Strandurlaub im August in der Toskana - Villaggio Orizzonte<\/title>\n<meta name=\"description\" content=\"Nutzen Sie die aktuelle Verf\u00fcgbarkeit, um Ihren Strandurlaub in der Toskana im Villaggio Orizzonte zu verbringen.\" \/>\n<meta name=\"robots\" content=\"index, follow, max-snippet:-1, max-image-preview:large, max-video-preview:-1\" \/>\n<link rel=\"canonical\" href=\"https:\/\/www.villaggioorizzonte.it\/de\/letzte-verfuegbarkeit-ab-dem-20-august.html\" \/>\n<meta property=\"og:locale\" content=\"de_DE\" \/>\n<meta property=\"og:type\" content=\"article\" \/>\n<meta property=\"og:title\" content=\"Strandurlaub im August in der Toskana - Villaggio Orizzonte\" \/>\n<meta property=\"og:description\" content=\"Nutzen Sie die aktuelle Verf\u00fcgbarkeit, um Ihren Strandurlaub in der Toskana im Villaggio Orizzonte zu verbringen.\" \/>\n<meta property=\"og:url\" content=\"https:\/\/www.villaggioorizzonte.it\/de\/letzte-verfuegbarkeit-ab-dem-20-august.html\" \/>\n<meta property=\"og:site_name\" content=\"Villaggio Orizzonte\" \/>\n<meta property=\"article:modified_time\" content=\"2023-10-04T13:42:59+00:00\" \/>\n<meta name=\"twitter:card\" content=\"summary_large_image\" \/>\n<script type=\"application\/ld+json\" class=\"yoast-schema-graph\">{\"@context\":\"https:\/\/schema.org\",\"@graph\":[{\"@type\":\"WebPage\",\"@id\":\"https:\/\/www.villaggioorizzonte.it\/de\/letzte-verfuegbarkeit-ab-dem-20-august.html\",\"url\":\"https:\/\/www.villaggioorizzonte.it\/de\/letzte-verfuegbarkeit-ab-dem-20-august.html\",\"name\":\"Strandurlaub im August in der Toskana - Villaggio Orizzonte\",\"isPartOf\":{\"@id\":\"https:\/\/www.villaggioorizzonte.it\/de\/#website\"},\"datePublished\":\"2022-07-28T07:52:32+00:00\",\"dateModified\":\"2023-10-04T13:42:59+00:00\",\"description\":\"Nutzen Sie die aktuelle Verf\u00fcgbarkeit, um Ihren Strandurlaub in der Toskana im Villaggio Orizzonte zu verbringen.\",\"breadcrumb\":{\"@id\":\"https:\/\/www.villaggioorizzonte.it\/de\/letzte-verfuegbarkeit-ab-dem-20-august.html#breadcrumb\"},\"inLanguage\":\"de\",\"potentialAction\":[{\"@type\":\"ReadAction\",\"target\":[\"https:\/\/www.villaggioorizzonte.it\/de\/letzte-verfuegbarkeit-ab-dem-20-august.html\"]}]},{\"@type\":\"BreadcrumbList\",\"@id\":\"https:\/\/www.villaggioorizzonte.it\/de\/letzte-verfuegbarkeit-ab-dem-20-august.html#breadcrumb\",\"itemListElement\":[{\"@type\":\"ListItem\",\"position\":1,\"name\":\"Home\",\"item\":\"https:\/\/www.villaggioorizzonte.it\/de\/\"},{\"@type\":\"ListItem\",\"position\":2,\"name\":\"Letzte Verf\u00fcgbarkeit ab dem 20 August!\"}]},{\"@type\":\"WebSite\",\"@id\":\"https:\/\/www.villaggioorizzonte.it\/de\/#website\",\"url\":\"https:\/\/www.villaggioorizzonte.it\/de\/\",\"name\":\"Villaggio Orizzonte\",\"description\":\"Villaggio Turistico\",\"potentialAction\":[{\"@type\":\"SearchAction\",\"target\":{\"@type\":\"EntryPoint\",\"urlTemplate\":\"https:\/\/www.villaggioorizzonte.it\/de\/?s={search_term_string}\"},\"query-input\":{\"@type\":\"PropertyValueSpecification\",\"valueRequired\":true,\"valueName\":\"search_term_string\"}}],\"inLanguage\":\"de\"}]}<\/script>\n<!-- \/ Yoast SEO plugin. -->","yoast_head_json":{"title":"Strandurlaub im August in der Toskana - Villaggio Orizzonte","description":"Nutzen Sie die aktuelle Verf\u00fcgbarkeit, um Ihren Strandurlaub in der Toskana im Villaggio Orizzonte zu verbringen.","robots":{"index":"index","follow":"follow","max-snippet":"max-snippet:-1","max-image-preview":"max-image-preview:large","max-video-preview":"max-video-preview:-1"},"canonical":"https:\/\/www.villaggioorizzonte.it\/de\/letzte-verfuegbarkeit-ab-dem-20-august.html","og_locale":"de_DE","og_type":"article","og_title":"Strandurlaub im August in der Toskana - Villaggio Orizzonte","og_description":"Nutzen Sie die aktuelle Verf\u00fcgbarkeit, um Ihren Strandurlaub in der Toskana im Villaggio Orizzonte zu verbringen.","og_url":"https:\/\/www.villaggioorizzonte.it\/de\/letzte-verfuegbarkeit-ab-dem-20-august.html","og_site_name":"Villaggio Orizzonte","article_modified_time":"2023-10-04T13:42:59+00:00","twitter_card":"summary_large_image","schema":{"@context":"https:\/\/schema.org","@graph":[{"@type":"WebPage","@id":"https:\/\/www.villaggioorizzonte.it\/de\/letzte-verfuegbarkeit-ab-dem-20-august.html","url":"https:\/\/www.villaggioorizzonte.it\/de\/letzte-verfuegbarkeit-ab-dem-20-august.html","name":"Strandurlaub im August in der Toskana - Villaggio Orizzonte","isPartOf":{"@id":"https:\/\/www.villaggioorizzonte.it\/de\/#website"},"datePublished":"2022-07-28T07:52:32+00:00","dateModified":"2023-10-04T13:42:59+00:00","description":"Nutzen Sie die aktuelle Verf\u00fcgbarkeit, um Ihren Strandurlaub in der Toskana im Villaggio Orizzonte zu verbringen.","breadcrumb":{"@id":"https:\/\/www.villaggioorizzonte.it\/de\/letzte-verfuegbarkeit-ab-dem-20-august.html#breadcrumb"},"inLanguage":"de","potentialAction":[{"@type":"ReadAction","target":["https:\/\/www.villaggioorizzonte.it\/de\/letzte-verfuegbarkeit-ab-dem-20-august.html"]}]},{"@type":"BreadcrumbList","@id":"https:\/\/www.villaggioorizzonte.it\/de\/letzte-verfuegbarkeit-ab-dem-20-august.html#breadcrumb","itemListElement":[{"@type":"ListItem","position":1,"name":"Home","item":"https:\/\/www.villaggioorizzonte.it\/de\/"},{"@type":"ListItem","position":2,"name":"Letzte Verf\u00fcgbarkeit ab dem 20 August!"}]},{"@type":"WebSite","@id":"https:\/\/www.villaggioorizzonte.it\/de\/#website","url":"https:\/\/www.villaggioorizzonte.it\/de\/","name":"Villaggio Orizzonte","description":"Villaggio Turistico","potentialAction":[{"@type":"SearchAction","target":{"@type":"EntryPoint","urlTemplate":"https:\/\/www.villaggioorizzonte.it\/de\/?s={search_term_string}"},"query-input":{"@type":"PropertyValueSpecification","valueRequired":true,"valueName":"search_term_string"}}],"inLanguage":"de"}]}},"_links":{"self":[{"href":"https:\/\/www.villaggioorizzonte.it\/de\/wp-json\/wp\/v2\/pages\/281913","targetHints":{"allow":["GET"]}}],"collection":[{"href":"https:\/\/www.villaggioorizzonte.it\/de\/wp-json\/wp\/v2\/pages"}],"about":[{"href":"https:\/\/www.villaggioorizzonte.it\/de\/wp-json\/wp\/v2\/types\/page"}],"author":[{"embeddable":true,"href":"https:\/\/www.villaggioorizzonte.it\/de\/wp-json\/wp\/v2\/users\/7"}],"replies":[{"embeddable":true,"href":"https:\/\/www.villaggioorizzonte.it\/de\/wp-json\/wp\/v2\/comments?post=281913"}],"version-history":[{"count":5,"href":"https:\/\/www.villaggioorizzonte.it\/de\/wp-json\/wp\/v2\/pages\/281913\/revisions"}],"predecessor-version":[{"id":281919,"href":"https:\/\/www.villaggioorizzonte.it\/de\/wp-json\/wp\/v2\/pages\/281913\/revisions\/281919"}],"wp:attachment":[{"href":"https:\/\/www.villaggioorizzonte.it\/de\/wp-json\/wp\/v2\/media?parent=281913"}],"curies":[{"name":"wp","href":"https:\/\/api.w.org\/{rel}","templated":true}]}}