{"id":281688,"date":"2022-06-23T14:29:59","date_gmt":"2022-06-23T12:29:59","guid":{"rendered":"https:\/\/www.villaggioorizzonte.it\/laboratori-bambini-e-yoga.html"},"modified":"2023-09-13T15:42:30","modified_gmt":"2023-09-13T13:42:30","slug":"workshops-fuer-kinder-und-yoga","status":"publish","type":"page","link":"https:\/\/www.villaggioorizzonte.it\/de\/workshops-fuer-kinder-und-yoga.html","title":{"rendered":"Workshops f\u00fcr Kinder und Yoga"},"content":{"rendered":"<p>[et_pb_section fb_built=&#8220;1&#8243; admin_label=&#8220;Testata&#8220; _builder_version=&#8220;4.16&#8243; _module_preset=&#8220;default&#8220; custom_margin=&#8220;0px|0px|0px||false|false&#8220; custom_padding=&#8220;0px|0px|0px|0px|false|false&#8220; da_disable_devices=&#8220;off|off|off&#8220; saved_tabs=&#8220;all&#8220; locked=&#8220;off&#8220; collapsed=&#8220;off&#8220; global_colors_info=&#8220;{}&#8220; da_is_popup=&#8220;off&#8220; da_exit_intent=&#8220;off&#8220; da_has_close=&#8220;on&#8220; da_alt_close=&#8220;off&#8220; da_dark_close=&#8220;off&#8220; da_not_modal=&#8220;on&#8220; da_is_singular=&#8220;off&#8220; da_with_loader=&#8220;off&#8220; da_has_shadow=&#8220;on&#8220;][et_pb_row use_custom_gutter=&#8220;on&#8220; gutter_width=&#8220;1&#8243; admin_label=&#8220;Sfondo immagine&#8220; module_class=&#8220;testata&#8220; _builder_version=&#8220;4.16&#8243; _module_preset=&#8220;default&#8220; background_color=&#8220;RGBA(255,255,255,0)&#8220; background_enable_image=&#8220;off&#8220; width=&#8220;100%&#8220; max_width=&#8220;100%&#8220; module_alignment=&#8220;center&#8220; height=&#8220;88vh&#8220; overflow-x=&#8220;hidden&#8220; overflow-y=&#8220;hidden&#8220; locked=&#8220;off&#8220; collapsed=&#8220;off&#8220; global_colors_info=&#8220;{}&#8220; custom_css_main_element_last_edited=&#8220;on|phone&#8220; custom_css_main_element_phone=&#8220;max-height: 550px!important;&#8220;][et_pb_column type=&#8220;4_4&#8243; _builder_version=&#8220;4.16&#8243; _module_preset=&#8220;default&#8220; global_colors_info=&#8220;{}&#8220;][et_pb_image src=&#8220;https:\/\/www.villaggioorizzonte.it\/wp-content\/uploads\/2022\/06\/mare-villaggio-orizzonte-1.jpg&#8220; alt=&#8220;animazione bambini villaggio mare toscana&#8220; title_text=&#8220;mare-villaggio-orizzonte&#8220; force_fullwidth=&#8220;on&#8220; _builder_version=&#8220;4.17.4&#8243; _module_preset=&#8220;default&#8220; saved_tabs=&#8220;all&#8220; global_colors_info=&#8220;{}&#8220;][\/et_pb_image][\/et_pb_column][\/et_pb_row][et_pb_row column_structure=&#8220;2_5,3_5&#8243; use_custom_gutter=&#8220;on&#8220; gutter_width=&#8220;1&#8243; make_equal=&#8220;on&#8220; admin_label=&#8220;Titolo&#8220; _builder_version=&#8220;4.16&#8243; _module_preset=&#8220;default&#8220; background_color=&#8220;RGBA(255,255,255,0)&#8220; width=&#8220;100%&#8220; max_width=&#8220;100%&#8220; module_alignment=&#8220;left&#8220; custom_margin=&#8220;-163px||||false|false&#8220; custom_margin_tablet=&#8220;-163px||||false|false&#8220; custom_margin_phone=&#8220;-124px||||false|false&#8220; custom_margin_last_edited=&#8220;on|phone&#8220; custom_padding=&#8220;||||true|false&#8220; collapsed=&#8220;off&#8220; global_colors_info=&#8220;{}&#8220;][et_pb_column type=&#8220;2_5&#8243; disabled_on=&#8220;off|off|off&#8220; _builder_version=&#8220;4.16&#8243; _module_preset=&#8220;default&#8220; global_colors_info=&#8220;{}&#8220; custom_css_main_element_last_edited=&#8220;on|phone&#8220; custom_css_main_element_phone=&#8220;width:30px!important;||display:block!important;&#8220;][\/et_pb_column][et_pb_column type=&#8220;3_5&#8243; _builder_version=&#8220;4.16&#8243; _module_preset=&#8220;default&#8220; background_color=&#8220;#FFFFFF&#8220; custom_padding=&#8220;25px||25px|30px|true|false&#8220; custom_padding_tablet=&#8220;25px||25px|30px|true|false&#8220; custom_padding_phone=&#8220;||5px|20px|false|false&#8220; custom_padding_last_edited=&#8220;on|phone&#8220; global_colors_info=&#8220;{}&#8220; custom_css_main_element_last_edited=&#8220;on|phone&#8220; custom_css_main_element_phone=&#8220;width: calc(100% &#8211; 30px)!important;&#8220;][et_pb_text admin_label=&#8220;Testo&#8220; _builder_version=&#8220;4.17.4&#8243; _module_preset=&#8220;default&#8220; background_color=&#8220;RGBA(255,255,255,0)&#8220; saved_tabs=&#8220;all&#8220; global_colors_info=&#8220;{}&#8220;]<\/p>\n<h2 class=\"h1app\">Das Toskanische meer<\/h2>\n<h1 class=\"h2app\">und jede menge aktivit\u00e4ten!<\/h1>\n<p>[\/et_pb_text][\/et_pb_column][\/et_pb_row][\/et_pb_section][et_pb_section fb_built=&#8220;1&#8243; admin_label=&#8220;Intro&#8220; _builder_version=&#8220;4.16&#8243; _module_preset=&#8220;default&#8220; da_disable_devices=&#8220;off|off|off&#8220; collapsed=&#8220;off&#8220; global_colors_info=&#8220;{}&#8220; da_is_popup=&#8220;off&#8220; da_exit_intent=&#8220;off&#8220; da_has_close=&#8220;on&#8220; da_alt_close=&#8220;off&#8220; da_dark_close=&#8220;off&#8220; da_not_modal=&#8220;on&#8220; da_is_singular=&#8220;off&#8220; da_with_loader=&#8220;off&#8220; da_has_shadow=&#8220;on&#8220;][et_pb_row _builder_version=&#8220;4.16&#8243; _module_preset=&#8220;default&#8220; collapsed=&#8220;off&#8220; global_colors_info=&#8220;{}&#8220;][et_pb_column type=&#8220;4_4&#8243; _builder_version=&#8220;4.16&#8243; _module_preset=&#8220;default&#8220; background_enable_color=&#8220;off&#8220; custom_padding=&#8220;||||true|false&#8220; global_colors_info=&#8220;{}&#8220;][et_pb_text disabled_on=&#8220;on|on|on&#8220; _builder_version=&#8220;4.17.4&#8243; _module_preset=&#8220;default&#8220; disabled=&#8220;on&#8220; global_colors_info=&#8220;{}&#8220;]Il team dell\u2019animazione si occuper\u00e0 del divertimento dei vostri bambini con un programma ricco di attivit\u00e0 creative e stimolanti.[\/et_pb_text][\/et_pb_column][\/et_pb_row][\/et_pb_section][et_pb_section fb_built=&#8220;1&#8243; admin_label=&#8220;Contenuto&#8220; _builder_version=&#8220;4.16&#8243; _module_preset=&#8220;default&#8220; da_disable_devices=&#8220;off|off|off&#8220; collapsed=&#8220;off&#8220; global_colors_info=&#8220;{}&#8220; da_is_popup=&#8220;off&#8220; da_exit_intent=&#8220;off&#8220; da_has_close=&#8220;on&#8220; da_alt_close=&#8220;off&#8220; da_dark_close=&#8220;off&#8220; da_not_modal=&#8220;on&#8220; da_is_singular=&#8220;off&#8220; da_with_loader=&#8220;off&#8220; da_has_shadow=&#8220;on&#8220;][et_pb_row admin_label=&#8220;titolo appuntamenti settimanali&#8220; _builder_version=&#8220;4.16&#8243; _module_preset=&#8220;default&#8220; collapsed=&#8220;off&#8220; global_colors_info=&#8220;{}&#8220;][et_pb_column type=&#8220;4_4&#8243; _builder_version=&#8220;4.16&#8243; _module_preset=&#8220;default&#8220; global_colors_info=&#8220;{}&#8220;][et_pb_text admin_label=&#8220;Titolo&#8220; _builder_version=&#8220;4.17.4&#8243; _module_preset=&#8220;default&#8220; locked=&#8220;off&#8220; global_colors_info=&#8220;{}&#8220;]<\/p>\n<h3 class=\"h3pag\" style=\"text-align: center;\">Hata Yoga<\/h3>\n<h4 class=\"h4pag\" style=\"text-align: center;\">gratis<\/h4>\n<p>[\/et_pb_text][\/et_pb_column][\/et_pb_row][et_pb_row column_structure=&#8220;1_2,1_2&#8243; _builder_version=&#8220;4.16&#8243; _module_preset=&#8220;default&#8220; collapsed=&#8220;off&#8220; global_colors_info=&#8220;{}&#8220;][et_pb_column type=&#8220;1_2&#8243; _builder_version=&#8220;4.16&#8243; _module_preset=&#8220;default&#8220; global_colors_info=&#8220;{}&#8220;][et_pb_text _builder_version=&#8220;4.17.4&#8243; _module_preset=&#8220;default&#8220; global_colors_info=&#8220;{}&#8220;]Muskel-, Gelenks- und Atemtraining.<\/p>\n<p>\u00dcbungen f\u00fcr den gesamten Bewegungsapparat, einfache Balance-Posen, Sonnengru\u00df und Stretching mit dem Rhythmus unseres Atems.<\/p>\n<p>Den Tag im Einklang mit sich selbst und der Natur beginnen.<\/p>\n<p>Mit Yogalehrerin Sonia Borselli<\/p>\n<p>Dienstag und Freitag, um 8.30 Uhr, in der \u201eCapannina\u201c (Miniclubh\u00fctte neben Spielplatz).[\/et_pb_text][\/et_pb_column][et_pb_column type=&#8220;1_2&#8243; _builder_version=&#8220;4.16&#8243; _module_preset=&#8220;default&#8220; global_colors_info=&#8220;{}&#8220;][et_pb_image src=&#8220;https:\/\/www.villaggioorizzonte.it\/wp-content\/uploads\/2022\/06\/hata-yoga.jpg&#8220; alt=&#8220;Nuoto Villaggio Orizzonte&#8220; title_text=&#8220;hata-yoga&#8220; _builder_version=&#8220;4.17.4&#8243; _module_preset=&#8220;default&#8220; global_colors_info=&#8220;{}&#8220;][\/et_pb_image][\/et_pb_column][\/et_pb_row][et_pb_row column_structure=&#8220;1_2,1_2&#8243; disabled_on=&#8220;on|on|on&#8220; _builder_version=&#8220;4.17.4&#8243; _module_preset=&#8220;default&#8220; disabled=&#8220;on&#8220; collapsed=&#8220;off&#8220; global_colors_info=&#8220;{}&#8220;][et_pb_column type=&#8220;1_2&#8243; _builder_version=&#8220;4.16&#8243; _module_preset=&#8220;default&#8220; global_colors_info=&#8220;{}&#8220;][et_pb_image src=&#8220;https:\/\/www.villaggioorizzonte.it\/wp-content\/uploads\/2021\/10\/animali-zooantropologia.jpg&#8220; alt=&#8220;animali-zooantropologia&#8220; title_text=&#8220;animali-zooantropologia&#8220; _builder_version=&#8220;4.16&#8243; _module_preset=&#8220;default&#8220; global_colors_info=&#8220;{}&#8220;][\/et_pb_image][\/et_pb_column][et_pb_column type=&#8220;1_2&#8243; _builder_version=&#8220;4.16&#8243; _module_preset=&#8220;default&#8220; global_colors_info=&#8220;{}&#8220;][et_pb_text _builder_version=&#8220;4.16&#8243; _module_preset=&#8220;default&#8220; global_colors_info=&#8220;{}&#8220;]<\/p>\n<h5 class=\"h4pag\">Laboratorio Zooantropologia<\/h5>\n<p>Una volta alla settimana avremo il <strong>laboratorio di ZooAntropologia<\/strong>, gestito dalla nostra Istruttrice Cinofila Costanza, molto amata dai bambini.<\/p>\n<p>Questa attivit\u00e0 prevede l\u2019<strong>avvicinamento al cane<\/strong> e la gestione del cane, che consiste per esempio nel capire come si accarezza, in quali punti lo si deve fare, come deve essere gestito durante una passeggiata oppure nell\u2019ambiente domestico.<\/p>\n<p>Questo laboratorio sar\u00e0 attivo indicativamente da met\u00e0 giugno a met\u00e0 settembre.<\/p>\n<p>[\/et_pb_text][\/et_pb_column][\/et_pb_row][et_pb_row admin_label=&#8220;titolo appuntamenti settimanali&#8220; _builder_version=&#8220;4.16&#8243; _module_preset=&#8220;default&#8220; collapsed=&#8220;off&#8220; global_colors_info=&#8220;{}&#8220;][et_pb_column type=&#8220;4_4&#8243; _builder_version=&#8220;4.16&#8243; _module_preset=&#8220;default&#8220; global_colors_info=&#8220;{}&#8220;][et_pb_text admin_label=&#8220;Titolo&#8220; _builder_version=&#8220;4.17.4&#8243; _module_preset=&#8220;default&#8220; locked=&#8220;off&#8220; global_colors_info=&#8220;{}&#8220;]<\/p>\n<h3 class=\"h3pag\" style=\"text-align: center;\">Kinderwerkstatt<\/h3>\n<h4 class=\"h4pag\" style=\"text-align: center;\">T\u00e4glich<\/h4>\n<p>[\/et_pb_text][\/et_pb_column][\/et_pb_row][et_pb_row admin_label=&#8220;Riga&#8220; _builder_version=&#8220;4.16&#8243; _module_preset=&#8220;default&#8220; collapsed=&#8220;off&#8220; global_colors_info=&#8220;{}&#8220;][et_pb_column type=&#8220;4_4&#8243; _builder_version=&#8220;4.16&#8243; _module_preset=&#8220;default&#8220; global_colors_info=&#8220;{}&#8220;][et_pb_text _builder_version=&#8220;4.17.4&#8243; _module_preset=&#8220;default&#8220; global_colors_info=&#8220;{}&#8220;]W\u00e4hrend der gesamten Sommersaison k\u00f6nnen die Kinder in der<strong>t\u00e4glichen Kinderwerkstatt<\/strong> ihre Kreativit\u00e4t beim Spielen, Malen und Basteln mit verschiedenen Materialien ausleben. Aus recycelten Materialien werden Laternen hergestellt, die am \u201cLaternenabend\u201d vorgef\u00fchrt werden.<\/p>\n<p>Es werden auch Thementage organisiert, abwechselnd einer \u00fcber Piraten und einer \u00fcber die Etrusker.<\/p>\n<p>Au\u00dferdem sind Workshops zu Tier- und WWF-Themen geplant.<\/p>\n<p>&nbsp;[\/et_pb_text][\/et_pb_column][\/et_pb_row][et_pb_row admin_label=&#8220;Carosello&#8220; _builder_version=&#8220;4.16&#8243; _module_preset=&#8220;default&#8220; collapsed=&#8220;off&#8220; global_colors_info=&#8220;{}&#8220;][et_pb_column type=&#8220;4_4&#8243; _builder_version=&#8220;4.16&#8243; _module_preset=&#8220;default&#8220; global_colors_info=&#8220;{}&#8220;][et_pb_image src=&#8220;https:\/\/www.villaggioorizzonte.it\/wp-content\/uploads\/2022\/06\/laboratori-bambini.jpg&#8220; title_text=&#8220;laboratori-bambini&#8220; _builder_version=&#8220;4.17.4&#8243; _module_preset=&#8220;default&#8220; global_colors_info=&#8220;{}&#8220;][\/et_pb_image][\/et_pb_column][\/et_pb_row][\/et_pb_section]<\/p>\n","protected":false},"excerpt":{"rendered":"<p>Das Toskanische meer und jede menge aktivit\u00e4ten!Il team dell\u2019animazione si occuper\u00e0 del divertimento dei vostri bambini con un programma ricco di attivit\u00e0 creative e stimolanti.Hata Yoga gratisMuskel-, Gelenks- und Atemtraining. \u00dcbungen f\u00fcr den gesamten Bewegungsapparat, einfache Balance-Posen, Sonnengru\u00df und Stretching mit dem Rhythmus unseres Atems. Den Tag im Einklang mit sich selbst und der Natur [&hellip;]<\/p>\n","protected":false},"author":7,"featured_media":0,"parent":0,"menu_order":16,"comment_status":"closed","ping_status":"closed","template":"","meta":{"_et_pb_use_builder":"on","_et_pb_old_content":"","_et_gb_content_width":"","ngg_post_thumbnail":0,"footnotes":""},"class_list":["post-281688","page","type-page","status-publish","hentry"],"yoast_head":"<!-- This site is optimized with the Yoast SEO plugin v25.8 - https:\/\/yoast.com\/wordpress\/plugins\/seo\/ -->\n<title>Miniclub Feriendorf am Meer in der Toskana - Villaggio Orizzonte<\/title>\n<meta name=\"description\" content=\"Der Miniclub im Villaggio Orizzonte bietet viele unterhaltsame Aktivit\u00e4ten wie kreative Workshops, Strandspiele und Babytanz!\" \/>\n<meta name=\"robots\" content=\"index, follow, max-snippet:-1, max-image-preview:large, max-video-preview:-1\" \/>\n<link rel=\"canonical\" href=\"https:\/\/www.villaggioorizzonte.it\/de\/workshops-fuer-kinder-und-yoga.html\" \/>\n<meta property=\"og:locale\" content=\"de_DE\" \/>\n<meta property=\"og:type\" content=\"article\" \/>\n<meta property=\"og:title\" content=\"Miniclub Feriendorf am Meer in der Toskana - Villaggio Orizzonte\" \/>\n<meta property=\"og:description\" content=\"Der Miniclub im Villaggio Orizzonte bietet viele unterhaltsame Aktivit\u00e4ten wie kreative Workshops, Strandspiele und Babytanz!\" \/>\n<meta property=\"og:url\" content=\"https:\/\/www.villaggioorizzonte.it\/de\/workshops-fuer-kinder-und-yoga.html\" \/>\n<meta property=\"og:site_name\" content=\"Villaggio Orizzonte\" \/>\n<meta property=\"article:modified_time\" content=\"2023-09-13T13:42:30+00:00\" \/>\n<meta name=\"twitter:card\" content=\"summary_large_image\" \/>\n<script type=\"application\/ld+json\" class=\"yoast-schema-graph\">{\"@context\":\"https:\/\/schema.org\",\"@graph\":[{\"@type\":\"WebPage\",\"@id\":\"https:\/\/www.villaggioorizzonte.it\/de\/workshops-fuer-kinder-und-yoga.html\",\"url\":\"https:\/\/www.villaggioorizzonte.it\/de\/workshops-fuer-kinder-und-yoga.html\",\"name\":\"Miniclub Feriendorf am Meer in der Toskana - Villaggio Orizzonte\",\"isPartOf\":{\"@id\":\"https:\/\/www.villaggioorizzonte.it\/de\/#website\"},\"datePublished\":\"2022-06-23T12:29:59+00:00\",\"dateModified\":\"2023-09-13T13:42:30+00:00\",\"description\":\"Der Miniclub im Villaggio Orizzonte bietet viele unterhaltsame Aktivit\u00e4ten wie kreative Workshops, Strandspiele und Babytanz!\",\"breadcrumb\":{\"@id\":\"https:\/\/www.villaggioorizzonte.it\/de\/workshops-fuer-kinder-und-yoga.html#breadcrumb\"},\"inLanguage\":\"de\",\"potentialAction\":[{\"@type\":\"ReadAction\",\"target\":[\"https:\/\/www.villaggioorizzonte.it\/de\/workshops-fuer-kinder-und-yoga.html\"]}]},{\"@type\":\"BreadcrumbList\",\"@id\":\"https:\/\/www.villaggioorizzonte.it\/de\/workshops-fuer-kinder-und-yoga.html#breadcrumb\",\"itemListElement\":[{\"@type\":\"ListItem\",\"position\":1,\"name\":\"Home\",\"item\":\"https:\/\/www.villaggioorizzonte.it\/de\/\"},{\"@type\":\"ListItem\",\"position\":2,\"name\":\"Workshops f\u00fcr Kinder und Yoga\"}]},{\"@type\":\"WebSite\",\"@id\":\"https:\/\/www.villaggioorizzonte.it\/de\/#website\",\"url\":\"https:\/\/www.villaggioorizzonte.it\/de\/\",\"name\":\"Villaggio Orizzonte\",\"description\":\"Villaggio Turistico\",\"potentialAction\":[{\"@type\":\"SearchAction\",\"target\":{\"@type\":\"EntryPoint\",\"urlTemplate\":\"https:\/\/www.villaggioorizzonte.it\/de\/?s={search_term_string}\"},\"query-input\":{\"@type\":\"PropertyValueSpecification\",\"valueRequired\":true,\"valueName\":\"search_term_string\"}}],\"inLanguage\":\"de\"}]}<\/script>\n<!-- \/ Yoast SEO plugin. -->","yoast_head_json":{"title":"Miniclub Feriendorf am Meer in der Toskana - Villaggio Orizzonte","description":"Der Miniclub im Villaggio Orizzonte bietet viele unterhaltsame Aktivit\u00e4ten wie kreative Workshops, Strandspiele und Babytanz!","robots":{"index":"index","follow":"follow","max-snippet":"max-snippet:-1","max-image-preview":"max-image-preview:large","max-video-preview":"max-video-preview:-1"},"canonical":"https:\/\/www.villaggioorizzonte.it\/de\/workshops-fuer-kinder-und-yoga.html","og_locale":"de_DE","og_type":"article","og_title":"Miniclub Feriendorf am Meer in der Toskana - Villaggio Orizzonte","og_description":"Der Miniclub im Villaggio Orizzonte bietet viele unterhaltsame Aktivit\u00e4ten wie kreative Workshops, Strandspiele und Babytanz!","og_url":"https:\/\/www.villaggioorizzonte.it\/de\/workshops-fuer-kinder-und-yoga.html","og_site_name":"Villaggio Orizzonte","article_modified_time":"2023-09-13T13:42:30+00:00","twitter_card":"summary_large_image","schema":{"@context":"https:\/\/schema.org","@graph":[{"@type":"WebPage","@id":"https:\/\/www.villaggioorizzonte.it\/de\/workshops-fuer-kinder-und-yoga.html","url":"https:\/\/www.villaggioorizzonte.it\/de\/workshops-fuer-kinder-und-yoga.html","name":"Miniclub Feriendorf am Meer in der Toskana - Villaggio Orizzonte","isPartOf":{"@id":"https:\/\/www.villaggioorizzonte.it\/de\/#website"},"datePublished":"2022-06-23T12:29:59+00:00","dateModified":"2023-09-13T13:42:30+00:00","description":"Der Miniclub im Villaggio Orizzonte bietet viele unterhaltsame Aktivit\u00e4ten wie kreative Workshops, Strandspiele und Babytanz!","breadcrumb":{"@id":"https:\/\/www.villaggioorizzonte.it\/de\/workshops-fuer-kinder-und-yoga.html#breadcrumb"},"inLanguage":"de","potentialAction":[{"@type":"ReadAction","target":["https:\/\/www.villaggioorizzonte.it\/de\/workshops-fuer-kinder-und-yoga.html"]}]},{"@type":"BreadcrumbList","@id":"https:\/\/www.villaggioorizzonte.it\/de\/workshops-fuer-kinder-und-yoga.html#breadcrumb","itemListElement":[{"@type":"ListItem","position":1,"name":"Home","item":"https:\/\/www.villaggioorizzonte.it\/de\/"},{"@type":"ListItem","position":2,"name":"Workshops f\u00fcr Kinder und Yoga"}]},{"@type":"WebSite","@id":"https:\/\/www.villaggioorizzonte.it\/de\/#website","url":"https:\/\/www.villaggioorizzonte.it\/de\/","name":"Villaggio Orizzonte","description":"Villaggio Turistico","potentialAction":[{"@type":"SearchAction","target":{"@type":"EntryPoint","urlTemplate":"https:\/\/www.villaggioorizzonte.it\/de\/?s={search_term_string}"},"query-input":{"@type":"PropertyValueSpecification","valueRequired":true,"valueName":"search_term_string"}}],"inLanguage":"de"}]}},"_links":{"self":[{"href":"https:\/\/www.villaggioorizzonte.it\/de\/wp-json\/wp\/v2\/pages\/281688","targetHints":{"allow":["GET"]}}],"collection":[{"href":"https:\/\/www.villaggioorizzonte.it\/de\/wp-json\/wp\/v2\/pages"}],"about":[{"href":"https:\/\/www.villaggioorizzonte.it\/de\/wp-json\/wp\/v2\/types\/page"}],"author":[{"embeddable":true,"href":"https:\/\/www.villaggioorizzonte.it\/de\/wp-json\/wp\/v2\/users\/7"}],"replies":[{"embeddable":true,"href":"https:\/\/www.villaggioorizzonte.it\/de\/wp-json\/wp\/v2\/comments?post=281688"}],"version-history":[{"count":5,"href":"https:\/\/www.villaggioorizzonte.it\/de\/wp-json\/wp\/v2\/pages\/281688\/revisions"}],"predecessor-version":[{"id":281709,"href":"https:\/\/www.villaggioorizzonte.it\/de\/wp-json\/wp\/v2\/pages\/281688\/revisions\/281709"}],"wp:attachment":[{"href":"https:\/\/www.villaggioorizzonte.it\/de\/wp-json\/wp\/v2\/media?parent=281688"}],"curies":[{"name":"wp","href":"https:\/\/api.w.org\/{rel}","templated":true}]}}