{"id":15321,"date":"2021-05-28T16:52:30","date_gmt":"2021-05-28T14:52:30","guid":{"rendered":"https:\/\/b6.aerostatonet.it\/escursioni-trekking-costa-toscana.html"},"modified":"2024-02-18T18:38:18","modified_gmt":"2024-02-18T17:38:18","slug":"ausfluege-und-wandern-toskana","status":"publish","type":"page","link":"https:\/\/www.villaggioorizzonte.it\/de\/ausfluege-und-wandern-toskana.html","title":{"rendered":"Escursioni e Trekking"},"content":{"rendered":"<p>[et_pb_section fb_built=&#8220;1&#8243; admin_label=&#8220;Testata&#8220; _builder_version=&#8220;4.16&#8243; _module_preset=&#8220;default&#8220; custom_margin=&#8220;0px|0px|0px||false|false&#8220; custom_padding=&#8220;0px|0px|0px|0px|false|false&#8220; da_disable_devices=&#8220;off|off|off&#8220; saved_tabs=&#8220;all&#8220; locked=&#8220;off&#8220; collapsed=&#8220;off&#8220; global_colors_info=&#8220;{}&#8220; da_is_popup=&#8220;off&#8220; da_exit_intent=&#8220;off&#8220; da_has_close=&#8220;on&#8220; da_alt_close=&#8220;off&#8220; da_dark_close=&#8220;off&#8220; da_not_modal=&#8220;on&#8220; da_is_singular=&#8220;off&#8220; da_with_loader=&#8220;off&#8220; da_has_shadow=&#8220;on&#8220;][et_pb_row use_custom_gutter=&#8220;on&#8220; gutter_width=&#8220;1&#8243; admin_label=&#8220;Sfondo immagine&#8220; module_class=&#8220;testata&#8220; _builder_version=&#8220;4.16&#8243; _module_preset=&#8220;default&#8220; background_color=&#8220;RGBA(255,255,255,0)&#8220; background_enable_image=&#8220;off&#8220; width=&#8220;100%&#8220; max_width=&#8220;100%&#8220; module_alignment=&#8220;center&#8220; height=&#8220;88vh&#8220; overflow-x=&#8220;hidden&#8220; overflow-y=&#8220;hidden&#8220; locked=&#8220;off&#8220; collapsed=&#8220;off&#8220; global_colors_info=&#8220;{}&#8220; custom_css_main_element_last_edited=&#8220;on|phone&#8220; custom_css_main_element_phone=&#8220;max-height: 550px!important;&#8220;][et_pb_column type=&#8220;4_4&#8243; _builder_version=&#8220;4.16&#8243; _module_preset=&#8220;default&#8220; global_colors_info=&#8220;{}&#8220;][et_pb_image src=&#8220;https:\/\/www.villaggioorizzonte.it\/wp-content\/uploads\/2019\/11\/vacanza-trekking-toscana.jpg&#8220; alt=&#8220;vacanza trekking toscana&#8220; title_text=&#8220;trekking-mobile&#8220; force_fullwidth=&#8220;on&#8220; src_tablet=&#8220;https:\/\/www.villaggioorizzonte.it\/wp-content\/uploads\/2019\/11\/vacanza-trekking-toscana.jpg&#8220; src_phone=&#8220;https:\/\/www.villaggioorizzonte.it\/wp-content\/uploads\/2022\/03\/trekking-mobile.jpg&#8220; src_last_edited=&#8220;on|phone&#8220; _builder_version=&#8220;4.16&#8243; _module_preset=&#8220;default&#8220; saved_tabs=&#8220;all&#8220; global_colors_info=&#8220;{}&#8220;][\/et_pb_image][\/et_pb_column][\/et_pb_row][et_pb_row column_structure=&#8220;2_5,3_5&#8243; use_custom_gutter=&#8220;on&#8220; gutter_width=&#8220;1&#8243; make_equal=&#8220;on&#8220; admin_label=&#8220;Titolo&#8220; _builder_version=&#8220;4.16&#8243; _module_preset=&#8220;default&#8220; background_color=&#8220;RGBA(255,255,255,0)&#8220; width=&#8220;100%&#8220; max_width=&#8220;100%&#8220; module_alignment=&#8220;left&#8220; custom_margin=&#8220;-163px||||false|false&#8220; custom_margin_tablet=&#8220;-163px||||false|false&#8220; custom_margin_phone=&#8220;-124px||||false|false&#8220; custom_margin_last_edited=&#8220;on|phone&#8220; custom_padding=&#8220;||||true|false&#8220; collapsed=&#8220;off&#8220; global_colors_info=&#8220;{}&#8220;][et_pb_column type=&#8220;2_5&#8243; disabled_on=&#8220;off|off|off&#8220; _builder_version=&#8220;4.16&#8243; _module_preset=&#8220;default&#8220; global_colors_info=&#8220;{}&#8220; custom_css_main_element_last_edited=&#8220;on|phone&#8220; custom_css_main_element_phone=&#8220;width:30px!important;||display:block!important;&#8220;][\/et_pb_column][et_pb_column type=&#8220;3_5&#8243; _builder_version=&#8220;4.16&#8243; _module_preset=&#8220;default&#8220; background_color=&#8220;#FFFFFF&#8220; custom_padding=&#8220;25px||25px|30px|true|false&#8220; custom_padding_tablet=&#8220;25px||25px|30px|true|false&#8220; custom_padding_phone=&#8220;|20px|5px|20px|false|false&#8220; custom_padding_last_edited=&#8220;on|phone&#8220; global_colors_info=&#8220;{}&#8220; custom_css_main_element_last_edited=&#8220;on|phone&#8220; custom_css_main_element_phone=&#8220;width: calc(100% &#8211; 30px)!important;&#8220;][et_pb_text admin_label=&#8220;Testo&#8220; _builder_version=&#8220;4.18.0&#8243; _module_preset=&#8220;default&#8220; background_color=&#8220;RGBA(255,255,255,0)&#8220; saved_tabs=&#8220;all&#8220; global_colors_info=&#8220;{}&#8220;]<\/p>\n<h1 class=\"h1app\">AUSFL\u00dcGE UND WANDERN<\/h1>\n<p>[\/et_pb_text][\/et_pb_column][\/et_pb_row][\/et_pb_section][et_pb_section fb_built=&#8220;1&#8243; custom_padding_last_edited=&#8220;on|phone&#8220; admin_label=&#8220;Intro&#8220; _builder_version=&#8220;4.16&#8243; _module_preset=&#8220;default&#8220; custom_padding_tablet=&#8220;&#8220; custom_padding_phone=&#8220;0px||0px||false|false&#8220; da_disable_devices=&#8220;off|off|off&#8220; collapsed=&#8220;off&#8220; global_colors_info=&#8220;{}&#8220; da_is_popup=&#8220;off&#8220; da_exit_intent=&#8220;off&#8220; da_has_close=&#8220;on&#8220; da_alt_close=&#8220;off&#8220; da_dark_close=&#8220;off&#8220; da_not_modal=&#8220;on&#8220; da_is_singular=&#8220;off&#8220; da_with_loader=&#8220;off&#8220; da_has_shadow=&#8220;on&#8220;][et_pb_row _builder_version=&#8220;4.16&#8243; _module_preset=&#8220;default&#8220; collapsed=&#8220;off&#8220; global_colors_info=&#8220;{}&#8220;][et_pb_column type=&#8220;4_4&#8243; disabled_on=&#8220;on|off|off&#8220; _builder_version=&#8220;4.16&#8243; _module_preset=&#8220;default&#8220; background_enable_color=&#8220;off&#8220; custom_padding=&#8220;||||true|false&#8220; global_colors_info=&#8220;{}&#8220;][et_pb_text _builder_version=&#8220;4.16&#8243; _module_preset=&#8220;default&#8220; global_colors_info=&#8220;{}&#8220;]Wir bieten in unserem Feriendorf unseren G\u00e4sten die M\u00f6glichkeit, an wundersch\u00f6nen Ausfl\u00fcgen teilzunehmen, bei denen Sie unsere atemberaubende Umgebung kennenlernen k\u00f6nnen.[\/et_pb_text][\/et_pb_column][\/et_pb_row][\/et_pb_section][et_pb_section fb_built=&#8220;1&#8243; admin_label=&#8220;Contenuto&#8220; _builder_version=&#8220;4.16&#8243; _module_preset=&#8220;default&#8220; da_disable_devices=&#8220;off|off|off&#8220; collapsed=&#8220;off&#8220; global_colors_info=&#8220;{}&#8220; da_is_popup=&#8220;off&#8220; da_exit_intent=&#8220;off&#8220; da_has_close=&#8220;on&#8220; da_alt_close=&#8220;off&#8220; da_dark_close=&#8220;off&#8220; da_not_modal=&#8220;on&#8220; da_is_singular=&#8220;off&#8220; da_with_loader=&#8220;off&#8220; da_has_shadow=&#8220;on&#8220;][et_pb_row column_structure=&#8220;1_2,1_2&#8243; admin_label=&#8220;Blocco&#8220; _builder_version=&#8220;4.16&#8243; _module_preset=&#8220;default&#8220; collapsed=&#8220;off&#8220; global_colors_info=&#8220;{}&#8220;][et_pb_column type=&#8220;1_2&#8243; _builder_version=&#8220;4.16&#8243; _module_preset=&#8220;default&#8220; global_colors_info=&#8220;{}&#8220;][et_pb_text _builder_version=&#8220;4.16&#8243; _module_preset=&#8220;default&#8220; global_colors_info=&#8220;{}&#8220;]<\/p>\n<h3 class=\"h3\">TIERE BEI SONNENUNTERGANG \u2013 DIE WWF-OASE \u201cORTI BOTTAGONE\u201d<\/h3>\n<p>Ein von erfahrenen F\u00fchrern geleiteter Besuch der WWF-Oase \u201cOrtiBottagone\u201d, ein gro\u00dfes Feuchtgebiet, das eine unglaubliche Vielfalt an Wasserv\u00f6geln, unter anderem die zauberhaften rosaroten Flamingos, beherbergt. Die Oase befindet sich nur 2 km vom Feriendorf entfernt; es wird empfohlen ein Fernglas mitzubringen.<\/p>\n<p><strong>Jede Woche Dienstag, Donnerstag und Sonntag<\/p>\n<p>17.00 Uhr<\/strong> \u2013 Eingang Oase, Via Geodetica (die Oase befindet sich an der gleichen Stra\u00dfe des Feriendorfs)<\/p>\n<p>Kosten: Erwachsene \u20ac 10,00, Rabatt f\u00fcr Kinder und Jugendliche.[\/et_pb_text][\/et_pb_column][et_pb_column type=&#8220;1_2&#8243; _builder_version=&#8220;4.16&#8243; _module_preset=&#8220;default&#8220; global_colors_info=&#8220;{}&#8220;][et_pb_image src=&#8220;https:\/\/www.villaggioorizzonte.it\/wp-content\/uploads\/2021\/05\/oasi-orti-bottagone.jpg&#8220; title_text=&#8220;oasi-orti-bottagone&#8220; _builder_version=&#8220;4.16&#8243; _module_preset=&#8220;default&#8220; global_colors_info=&#8220;{}&#8220;][\/et_pb_image][\/et_pb_column][\/et_pb_row][et_pb_row column_structure=&#8220;1_2,1_2&#8243; admin_label=&#8220;Blocco&#8220; _builder_version=&#8220;4.16&#8243; _module_preset=&#8220;default&#8220; collapsed=&#8220;off&#8220; global_colors_info=&#8220;{}&#8220;][et_pb_column type=&#8220;1_2&#8243; _builder_version=&#8220;4.16&#8243; _module_preset=&#8220;default&#8220; global_colors_info=&#8220;{}&#8220;][et_pb_image src=&#8220;https:\/\/www.villaggioorizzonte.it\/wp-content\/uploads\/2019\/10\/borgo-piombino.jpg&#8220; alt=&#8220;Piombino borgo toscano&#8220; title_text=&#8220;Piombino borgo toscano&#8220; admin_label=&#8220;Immagine&#8220; _builder_version=&#8220;4.16&#8243; _module_preset=&#8220;default&#8220; global_colors_info=&#8220;{}&#8220;][\/et_pb_image][\/et_pb_column][et_pb_column type=&#8220;1_2&#8243; _builder_version=&#8220;4.16&#8243; _module_preset=&#8220;default&#8220; global_colors_info=&#8220;{}&#8220;][et_pb_text _builder_version=&#8220;4.16&#8243; _module_preset=&#8220;default&#8220; global_colors_info=&#8220;{}&#8220;]<\/p>\n<h3 class=\"h3\">ALTSTADT VON PIOMBINO ODER BESUCH EINES DER SCH\u00d6NSTEN D\u00d6RFER ITALIENS<\/h3>\n<p>F\u00fchrung durch die sch\u00f6ne historische Altstadt von Piombino (13 km vom Feriendorf entfernt) oder das ber\u00fchmte mittelalterliche Dorf Suvereto (18 km vom Feriendorf entfernt). Genie\u00dfen Sie die magische Atmosph\u00e4re der Pl\u00e4tze und Gassen, tauchen Sie ein in die Vergangenheit und lassen Sie sich vom atemberaubenden Ausblick auf den toskanischen Archipel in einer der sch\u00f6nsten Pl\u00e4tze Italiens, Piazza Giovanni Bovio in Piombino, verzaubern.<br \/>\nZahlreiche Restaurants und Lokale bieten sich an zum Abendessen zu bleiben.<\/p>\n<p><strong>Mittwoch, 18.00 Uhr \u2013 Suvereto<\/strong> \u2013 Dauer 2h<br \/>\n<strong>Donnerstag, 18.00Uhr \u2013 Piombino<\/strong> \u2013 Dauer 2h<\/p>\n<p>F\u00fcr Infos und Buchen: Eleonora +39 3290238018.<br \/>\nF\u00fchrung gratis[\/et_pb_text][\/et_pb_column][\/et_pb_row][et_pb_row column_structure=&#8220;1_2,1_2&#8243; admin_label=&#8220;Blocco&#8220; _builder_version=&#8220;4.16&#8243; _module_preset=&#8220;default&#8220; collapsed=&#8220;on&#8220; global_colors_info=&#8220;{}&#8220;][et_pb_column type=&#8220;1_2&#8243; _builder_version=&#8220;4.16&#8243; _module_preset=&#8220;default&#8220; global_colors_info=&#8220;{}&#8220;][et_pb_text _builder_version=&#8220;4.16&#8243; _module_preset=&#8220;default&#8220; global_colors_info=&#8220;{}&#8220;]<\/p>\n<h3 class=\"h3\">BOLGHERI \u2013 NACHTWANDRUNG IN WWF OASE VON BOLGHERI<\/h3>\n<p>Tauchen Sie ein in die Magie der gr\u00f6\u00dften Wildtieroase der Tyrrhenischen K\u00fcste. In Begleitung der F\u00fchrer, vom sp\u00e4ten Nachmittag bis sp\u00e4t in die Nacht k\u00f6nnen Sie Wasserv\u00f6gel aller Art, Rehe, Damwild und nachtaktive Greifv\u00f6gel beobachten.<\/p>\n<p>Ein unvergessliches Erlebnis f\u00fcr Gro\u00df und Klein.<br \/>\nAbendbrot muss mitgebracht werden. Es wird empfohlen ein Fernglas mit zunehmen.<\/p>\n<p><strong>Jeden Samstag im Juni, Juli und August.<\/strong><\/p>\n<p>Kosten pro Person \u20ac 14,00<br \/>\n<strong>Von 18.00 bis 23.00 Uhr<\/strong>[\/et_pb_text][\/et_pb_column][et_pb_column type=&#8220;1_2&#8243; _builder_version=&#8220;4.16&#8243; _module_preset=&#8220;default&#8220; global_colors_info=&#8220;{}&#8220;][et_pb_image src=&#8220;https:\/\/www.villaggioorizzonte.it\/wp-content\/uploads\/2019\/10\/bolgheri-borgo.jpg&#8220; alt=&#8220;Borgo Bolgheri&#8220; title_text=&#8220;Borgo Bolgheri&#8220; _builder_version=&#8220;4.16&#8243; _module_preset=&#8220;default&#8220; global_colors_info=&#8220;{}&#8220;][\/et_pb_image][\/et_pb_column][\/et_pb_row][\/et_pb_section][et_pb_section fb_built=&#8220;1&#8243; admin_label=&#8220;Contenuto&#8220; _builder_version=&#8220;4.16&#8243; _module_preset=&#8220;default&#8220; da_disable_devices=&#8220;off|off|off&#8220; collapsed=&#8220;off&#8220; global_colors_info=&#8220;{}&#8220; da_is_popup=&#8220;off&#8220; da_exit_intent=&#8220;off&#8220; da_has_close=&#8220;on&#8220; da_alt_close=&#8220;off&#8220; da_dark_close=&#8220;off&#8220; da_not_modal=&#8220;on&#8220; da_is_singular=&#8220;off&#8220; da_with_loader=&#8220;off&#8220; da_has_shadow=&#8220;on&#8220;][et_pb_row column_structure=&#8220;1_3,1_3,1_3&#8243; _builder_version=&#8220;4.16&#8243; _module_preset=&#8220;default&#8220; collapsed=&#8220;off&#8220; global_colors_info=&#8220;{}&#8220;][et_pb_column type=&#8220;1_3&#8243; _builder_version=&#8220;4.16&#8243; _module_preset=&#8220;default&#8220; global_colors_info=&#8220;{}&#8220;][et_pb_text _builder_version=&#8220;4.21.0&#8243; _module_preset=&#8220;default&#8220; hover_enabled=&#8220;0&#8243; global_colors_info=&#8220;{}&#8220; sticky_enabled=&#8220;0&#8243;]<\/p>\n<h3 class=\"h2\">AUSFL\u00dcGE <\/p>\n<p>Ausflugsziele:<\/h3>\n<p><strong>WWF-Oase Orti Bottagone &#8211;<\/strong> Ein gro\u00dfes Feuchtgebiert, typisch f\u00fcr die Maremma, wichtige Haltestelle f\u00fcr Flamingos und Wasserv\u00f6gel aller Art (2 km vom Feriendorf).<\/p>\n<p>[\/et_pb_text][\/et_pb_column][et_pb_column type=&#8220;1_3&#8243; _builder_version=&#8220;4.16&#8243; _module_preset=&#8220;default&#8220; global_colors_info=&#8220;{}&#8220;][et_pb_text _builder_version=&#8220;4.16&#8243; _module_preset=&#8220;default&#8220; global_colors_info=&#8220;{}&#8220;]<\/p>\n<p><strong>Geothermischer Naturpark Biancane &#8211; <\/strong> Monterotondo. Wei\u00df aufsteigende D\u00e4mpfe aus dem Boden und brodelnder Schlamm verleihen dieser Vulkanlandschaft eine beeindruckende Atmosph\u00e4re, die fast schon an Dantes Inferno erinnert (40 km vom Feriendorf entfernt).<\/p>\n<p><strong>Park Punta Falcone &#8211; <\/strong> Piombino. Alte Kasematten, inmitten bl\u00fchender Vegetation und mediterranem Gestr\u00fcpp, zwischen den Felsen am fortgeschrittensten Punkt des Vorgebirges von Piombino. Ein umwerfender Ausblick auf die Inseln Elba, Capraia und Corsica (14 km vom Feriendorf entfernt.<\/p>\n<p>[\/et_pb_text][\/et_pb_column][et_pb_column type=&#8220;1_3&#8243; _builder_version=&#8220;4.16&#8243; _module_preset=&#8220;default&#8220; global_colors_info=&#8220;{}&#8220;][et_pb_text _builder_version=&#8220;4.16&#8243; _module_preset=&#8220;default&#8220; global_colors_info=&#8220;{}&#8220;]<\/p>\n<p><strong>Park von Montioni &#8211;<\/strong> Auf den Spuren des Wolfes. Eine aufregende Wanderung im Wald des Montioni-Naturparks, um den Lebensraum vom Wolf, der seit einigen Jahr in den Park zur\u00fcckgekehrt ist, zu entdecken (22 km vom Feriendorf entfernt).<\/p>\n<p><strong>Buca delle Fate und Cala di San Quirico &#8211; <\/strong>Zwei bezaubernde Buchten im spektakul\u00e4ren K\u00fcstenabschnitt von Piombino. Nach einer Wanderung in der Umgebung vom antiken Populonia k\u00f6nnen Sie ins kristallklare Wasser des Tyrrhenischen Meeres abtauchen(16 km vom Feriendorf entfernt).<\/p>\n<p>[\/et_pb_text][\/et_pb_column][\/et_pb_row][\/et_pb_section]<\/p>\n","protected":false},"excerpt":{"rendered":"<p>AUSFL\u00dcGE UND WANDERNWir bieten in unserem Feriendorf unseren G\u00e4sten die M\u00f6glichkeit, an wundersch\u00f6nen Ausfl\u00fcgen teilzunehmen, bei denen Sie unsere atemberaubende Umgebung kennenlernen k\u00f6nnen.TIERE BEI SONNENUNTERGANG \u2013 DIE WWF-OASE \u201cORTI BOTTAGONE\u201d Ein von erfahrenen F\u00fchrern geleiteter Besuch der WWF-Oase \u201cOrtiBottagone\u201d, ein gro\u00dfes Feuchtgebiet, das eine unglaubliche Vielfalt an Wasserv\u00f6geln, unter anderem die zauberhaften rosaroten Flamingos, beherbergt. [&hellip;]<\/p>\n","protected":false},"author":7,"featured_media":0,"parent":0,"menu_order":16,"comment_status":"closed","ping_status":"closed","template":"","meta":{"_et_pb_use_builder":"on","_et_pb_old_content":"","_et_gb_content_width":"","ngg_post_thumbnail":0,"footnotes":""},"class_list":["post-15321","page","type-page","status-publish","hentry"],"yoast_head":"<!-- This site is optimized with the Yoast SEO plugin v25.8 - https:\/\/yoast.com\/wordpress\/plugins\/seo\/ -->\n<title>AUSFL\u00dcGE UND WANDERN Toskana - Villaggio Orizzonte<\/title>\n<meta name=\"description\" content=\"Ausfl\u00fcge und Trekking in der Toskana an der etruskischen K\u00fcste mit lokalen F\u00fchrern.\" \/>\n<meta name=\"robots\" content=\"index, follow, max-snippet:-1, max-image-preview:large, max-video-preview:-1\" \/>\n<link rel=\"canonical\" href=\"https:\/\/www.villaggioorizzonte.it\/de\/ausfluege-und-wandern-toskana.html\" \/>\n<meta property=\"og:locale\" content=\"de_DE\" \/>\n<meta property=\"og:type\" content=\"article\" \/>\n<meta property=\"og:title\" content=\"AUSFL\u00dcGE UND WANDERN Toskana - Villaggio Orizzonte\" \/>\n<meta property=\"og:description\" content=\"Ausfl\u00fcge und Trekking in der Toskana an der etruskischen K\u00fcste mit lokalen F\u00fchrern.\" \/>\n<meta property=\"og:url\" content=\"https:\/\/www.villaggioorizzonte.it\/de\/ausfluege-und-wandern-toskana.html\" \/>\n<meta property=\"og:site_name\" content=\"Villaggio Orizzonte\" \/>\n<meta property=\"article:modified_time\" content=\"2024-02-18T17:38:18+00:00\" \/>\n<meta name=\"twitter:card\" content=\"summary_large_image\" \/>\n<script type=\"application\/ld+json\" class=\"yoast-schema-graph\">{\"@context\":\"https:\/\/schema.org\",\"@graph\":[{\"@type\":\"WebPage\",\"@id\":\"https:\/\/www.villaggioorizzonte.it\/de\/ausfluege-und-wandern-toskana.html\",\"url\":\"https:\/\/www.villaggioorizzonte.it\/de\/ausfluege-und-wandern-toskana.html\",\"name\":\"AUSFL\u00dcGE UND WANDERN Toskana - Villaggio Orizzonte\",\"isPartOf\":{\"@id\":\"https:\/\/www.villaggioorizzonte.it\/de\/#website\"},\"datePublished\":\"2021-05-28T14:52:30+00:00\",\"dateModified\":\"2024-02-18T17:38:18+00:00\",\"description\":\"Ausfl\u00fcge und Trekking in der Toskana an der etruskischen K\u00fcste mit lokalen F\u00fchrern.\",\"breadcrumb\":{\"@id\":\"https:\/\/www.villaggioorizzonte.it\/de\/ausfluege-und-wandern-toskana.html#breadcrumb\"},\"inLanguage\":\"de\",\"potentialAction\":[{\"@type\":\"ReadAction\",\"target\":[\"https:\/\/www.villaggioorizzonte.it\/de\/ausfluege-und-wandern-toskana.html\"]}]},{\"@type\":\"BreadcrumbList\",\"@id\":\"https:\/\/www.villaggioorizzonte.it\/de\/ausfluege-und-wandern-toskana.html#breadcrumb\",\"itemListElement\":[{\"@type\":\"ListItem\",\"position\":1,\"name\":\"Home\",\"item\":\"https:\/\/www.villaggioorizzonte.it\/de\/\"},{\"@type\":\"ListItem\",\"position\":2,\"name\":\"Escursioni e Trekking\"}]},{\"@type\":\"WebSite\",\"@id\":\"https:\/\/www.villaggioorizzonte.it\/de\/#website\",\"url\":\"https:\/\/www.villaggioorizzonte.it\/de\/\",\"name\":\"Villaggio Orizzonte\",\"description\":\"Villaggio Turistico\",\"potentialAction\":[{\"@type\":\"SearchAction\",\"target\":{\"@type\":\"EntryPoint\",\"urlTemplate\":\"https:\/\/www.villaggioorizzonte.it\/de\/?s={search_term_string}\"},\"query-input\":{\"@type\":\"PropertyValueSpecification\",\"valueRequired\":true,\"valueName\":\"search_term_string\"}}],\"inLanguage\":\"de\"}]}<\/script>\n<!-- \/ Yoast SEO plugin. -->","yoast_head_json":{"title":"AUSFL\u00dcGE UND WANDERN Toskana - Villaggio Orizzonte","description":"Ausfl\u00fcge und Trekking in der Toskana an der etruskischen K\u00fcste mit lokalen F\u00fchrern.","robots":{"index":"index","follow":"follow","max-snippet":"max-snippet:-1","max-image-preview":"max-image-preview:large","max-video-preview":"max-video-preview:-1"},"canonical":"https:\/\/www.villaggioorizzonte.it\/de\/ausfluege-und-wandern-toskana.html","og_locale":"de_DE","og_type":"article","og_title":"AUSFL\u00dcGE UND WANDERN Toskana - Villaggio Orizzonte","og_description":"Ausfl\u00fcge und Trekking in der Toskana an der etruskischen K\u00fcste mit lokalen F\u00fchrern.","og_url":"https:\/\/www.villaggioorizzonte.it\/de\/ausfluege-und-wandern-toskana.html","og_site_name":"Villaggio Orizzonte","article_modified_time":"2024-02-18T17:38:18+00:00","twitter_card":"summary_large_image","schema":{"@context":"https:\/\/schema.org","@graph":[{"@type":"WebPage","@id":"https:\/\/www.villaggioorizzonte.it\/de\/ausfluege-und-wandern-toskana.html","url":"https:\/\/www.villaggioorizzonte.it\/de\/ausfluege-und-wandern-toskana.html","name":"AUSFL\u00dcGE UND WANDERN Toskana - Villaggio Orizzonte","isPartOf":{"@id":"https:\/\/www.villaggioorizzonte.it\/de\/#website"},"datePublished":"2021-05-28T14:52:30+00:00","dateModified":"2024-02-18T17:38:18+00:00","description":"Ausfl\u00fcge und Trekking in der Toskana an der etruskischen K\u00fcste mit lokalen F\u00fchrern.","breadcrumb":{"@id":"https:\/\/www.villaggioorizzonte.it\/de\/ausfluege-und-wandern-toskana.html#breadcrumb"},"inLanguage":"de","potentialAction":[{"@type":"ReadAction","target":["https:\/\/www.villaggioorizzonte.it\/de\/ausfluege-und-wandern-toskana.html"]}]},{"@type":"BreadcrumbList","@id":"https:\/\/www.villaggioorizzonte.it\/de\/ausfluege-und-wandern-toskana.html#breadcrumb","itemListElement":[{"@type":"ListItem","position":1,"name":"Home","item":"https:\/\/www.villaggioorizzonte.it\/de\/"},{"@type":"ListItem","position":2,"name":"Escursioni e Trekking"}]},{"@type":"WebSite","@id":"https:\/\/www.villaggioorizzonte.it\/de\/#website","url":"https:\/\/www.villaggioorizzonte.it\/de\/","name":"Villaggio Orizzonte","description":"Villaggio Turistico","potentialAction":[{"@type":"SearchAction","target":{"@type":"EntryPoint","urlTemplate":"https:\/\/www.villaggioorizzonte.it\/de\/?s={search_term_string}"},"query-input":{"@type":"PropertyValueSpecification","valueRequired":true,"valueName":"search_term_string"}}],"inLanguage":"de"}]}},"_links":{"self":[{"href":"https:\/\/www.villaggioorizzonte.it\/de\/wp-json\/wp\/v2\/pages\/15321","targetHints":{"allow":["GET"]}}],"collection":[{"href":"https:\/\/www.villaggioorizzonte.it\/de\/wp-json\/wp\/v2\/pages"}],"about":[{"href":"https:\/\/www.villaggioorizzonte.it\/de\/wp-json\/wp\/v2\/types\/page"}],"author":[{"embeddable":true,"href":"https:\/\/www.villaggioorizzonte.it\/de\/wp-json\/wp\/v2\/users\/7"}],"replies":[{"embeddable":true,"href":"https:\/\/www.villaggioorizzonte.it\/de\/wp-json\/wp\/v2\/comments?post=15321"}],"version-history":[{"count":3,"href":"https:\/\/www.villaggioorizzonte.it\/de\/wp-json\/wp\/v2\/pages\/15321\/revisions"}],"predecessor-version":[{"id":289105,"href":"https:\/\/www.villaggioorizzonte.it\/de\/wp-json\/wp\/v2\/pages\/15321\/revisions\/289105"}],"wp:attachment":[{"href":"https:\/\/www.villaggioorizzonte.it\/de\/wp-json\/wp\/v2\/media?parent=15321"}],"curies":[{"name":"wp","href":"https:\/\/api.w.org\/{rel}","templated":true}]}}