{"id":14956,"date":"2021-03-12T11:32:09","date_gmt":"2021-03-12T10:32:09","guid":{"rendered":"https:\/\/b6.aerostatonet.it\/animazione-bambini-villaggio-toscana.html"},"modified":"2023-01-26T09:47:58","modified_gmt":"2023-01-26T08:47:58","slug":"kinderanimation-miniclub-feriendorf-toskana","status":"publish","type":"page","link":"https:\/\/www.villaggioorizzonte.it\/de\/kinderanimation-miniclub-feriendorf-toskana.html","title":{"rendered":"Animazione per bambini"},"content":{"rendered":"<p>[et_pb_section fb_built=&#8220;1&#8243; admin_label=&#8220;Testata&#8220; _builder_version=&#8220;4.16&#8243; _module_preset=&#8220;default&#8220; custom_margin=&#8220;0px|0px|0px||false|false&#8220; custom_padding=&#8220;0px|0px|0px|0px|false|false&#8220; da_disable_devices=&#8220;off|off|off&#8220; saved_tabs=&#8220;all&#8220; locked=&#8220;off&#8220; collapsed=&#8220;on&#8220; global_colors_info=&#8220;{}&#8220; da_is_popup=&#8220;off&#8220; da_exit_intent=&#8220;off&#8220; da_has_close=&#8220;on&#8220; da_alt_close=&#8220;off&#8220; da_dark_close=&#8220;off&#8220; da_not_modal=&#8220;on&#8220; da_is_singular=&#8220;off&#8220; da_with_loader=&#8220;off&#8220; da_has_shadow=&#8220;on&#8220;][et_pb_row use_custom_gutter=&#8220;on&#8220; gutter_width=&#8220;1&#8243; admin_label=&#8220;Sfondo immagine&#8220; module_class=&#8220;testata&#8220; _builder_version=&#8220;4.16&#8243; _module_preset=&#8220;default&#8220; background_color=&#8220;RGBA(255,255,255,0)&#8220; background_enable_image=&#8220;off&#8220; width=&#8220;100%&#8220; max_width=&#8220;100%&#8220; module_alignment=&#8220;center&#8220; height=&#8220;88vh&#8220; overflow-x=&#8220;hidden&#8220; overflow-y=&#8220;hidden&#8220; locked=&#8220;off&#8220; collapsed=&#8220;on&#8220; global_colors_info=&#8220;{}&#8220; custom_css_main_element_last_edited=&#8220;on|phone&#8220; custom_css_main_element_phone=&#8220;max-height: 550px!important;&#8220;][et_pb_column type=&#8220;4_4&#8243; _builder_version=&#8220;4.16&#8243; _module_preset=&#8220;default&#8220; global_colors_info=&#8220;{}&#8220;][et_pb_image src=&#8220;https:\/\/www.villaggioorizzonte.it\/wp-content\/uploads\/2022\/02\/attivita\u0300-villaggio-orizzonte.jpg&#8220; alt=&#8220;animazione bambini villaggio mare toscana&#8220; title_text=&#8220;attivita\u0300-villaggio-orizzonte&#8220; force_fullwidth=&#8220;on&#8220; _builder_version=&#8220;4.16&#8243; _module_preset=&#8220;default&#8220; saved_tabs=&#8220;all&#8220; global_colors_info=&#8220;{}&#8220;][\/et_pb_image][\/et_pb_column][\/et_pb_row][et_pb_row column_structure=&#8220;2_5,3_5&#8243; use_custom_gutter=&#8220;on&#8220; gutter_width=&#8220;1&#8243; make_equal=&#8220;on&#8220; admin_label=&#8220;Titolo&#8220; _builder_version=&#8220;4.16&#8243; _module_preset=&#8220;default&#8220; background_color=&#8220;RGBA(255,255,255,0)&#8220; width=&#8220;100%&#8220; max_width=&#8220;100%&#8220; module_alignment=&#8220;left&#8220; custom_margin=&#8220;-163px||||false|false&#8220; custom_margin_tablet=&#8220;-163px||||false|false&#8220; custom_margin_phone=&#8220;-124px||||false|false&#8220; custom_margin_last_edited=&#8220;on|phone&#8220; custom_padding=&#8220;||||true|false&#8220; collapsed=&#8220;on&#8220; global_colors_info=&#8220;{}&#8220;][et_pb_column type=&#8220;2_5&#8243; disabled_on=&#8220;off|off|off&#8220; _builder_version=&#8220;4.16&#8243; _module_preset=&#8220;default&#8220; global_colors_info=&#8220;{}&#8220; custom_css_main_element_last_edited=&#8220;on|phone&#8220; custom_css_main_element_phone=&#8220;width:30px!important;||display:block!important;&#8220;][\/et_pb_column][et_pb_column type=&#8220;3_5&#8243; _builder_version=&#8220;4.16&#8243; _module_preset=&#8220;default&#8220; background_color=&#8220;#FFFFFF&#8220; custom_padding=&#8220;25px||25px|30px|true|false&#8220; custom_padding_tablet=&#8220;25px||25px|30px|true|false&#8220; custom_padding_phone=&#8220;||5px|20px|false|false&#8220; custom_padding_last_edited=&#8220;on|phone&#8220; global_colors_info=&#8220;{}&#8220; custom_css_main_element_last_edited=&#8220;on|phone&#8220; custom_css_main_element_phone=&#8220;width: calc(100% &#8211; 30px)!important;&#8220;][et_pb_text admin_label=&#8220;Testo&#8220; _builder_version=&#8220;4.16&#8243; _module_preset=&#8220;default&#8220; background_color=&#8220;RGBA(255,255,255,0)&#8220; saved_tabs=&#8220;all&#8220; global_colors_info=&#8220;{}&#8220;]<\/p>\n<h2 class=\"h1app\">Kinderanimation<\/h2>\n<h1 class=\"h2app\">Miniclub im Feriendorf Orizzonte!<\/h1>\n<p>[\/et_pb_text][\/et_pb_column][\/et_pb_row][\/et_pb_section][et_pb_section fb_built=&#8220;1&#8243; admin_label=&#8220;Intro&#8220; _builder_version=&#8220;4.16&#8243; _module_preset=&#8220;default&#8220; da_disable_devices=&#8220;off|off|off&#8220; collapsed=&#8220;on&#8220; global_colors_info=&#8220;{}&#8220; da_is_popup=&#8220;off&#8220; da_exit_intent=&#8220;off&#8220; da_has_close=&#8220;on&#8220; da_alt_close=&#8220;off&#8220; da_dark_close=&#8220;off&#8220; da_not_modal=&#8220;on&#8220; da_is_singular=&#8220;off&#8220; da_with_loader=&#8220;off&#8220; da_has_shadow=&#8220;on&#8220;][et_pb_row _builder_version=&#8220;4.16&#8243; _module_preset=&#8220;default&#8220; collapsed=&#8220;on&#8220; global_colors_info=&#8220;{}&#8220;][et_pb_column type=&#8220;4_4&#8243; _builder_version=&#8220;4.16&#8243; _module_preset=&#8220;default&#8220; background_enable_color=&#8220;off&#8220; custom_padding=&#8220;||||true|false&#8220; global_colors_info=&#8220;{}&#8220;][et_pb_text _builder_version=&#8220;4.16&#8243; _module_preset=&#8220;default&#8220; global_colors_info=&#8220;{}&#8220;]Unseren Animateuren liegt es am Herzen allen Kindern mit einem vielseitigen Unterhaltungsprogramm voller kreativer und anregender Aktivit\u00e4ten Spa\u00df zu bereiten.[\/et_pb_text][\/et_pb_column][\/et_pb_row][\/et_pb_section][et_pb_section fb_built=&#8220;1&#8243; admin_label=&#8220;Contenuto&#8220; _builder_version=&#8220;4.16&#8243; _module_preset=&#8220;default&#8220; da_disable_devices=&#8220;off|off|off&#8220; collapsed=&#8220;off&#8220; global_colors_info=&#8220;{}&#8220; da_is_popup=&#8220;off&#8220; da_exit_intent=&#8220;off&#8220; da_has_close=&#8220;on&#8220; da_alt_close=&#8220;off&#8220; da_dark_close=&#8220;off&#8220; da_not_modal=&#8220;on&#8220; da_is_singular=&#8220;off&#8220; da_with_loader=&#8220;off&#8220; da_has_shadow=&#8220;on&#8220;][et_pb_row admin_label=&#8220;titolo appuntamenti settimanali&#8220; _builder_version=&#8220;4.16&#8243; _module_preset=&#8220;default&#8220; collapsed=&#8220;on&#8220; global_colors_info=&#8220;{}&#8220;][et_pb_column type=&#8220;4_4&#8243; _builder_version=&#8220;4.16&#8243; _module_preset=&#8220;default&#8220; global_colors_info=&#8220;{}&#8220;][et_pb_text admin_label=&#8220;Titolo&#8220; _builder_version=&#8220;4.16&#8243; _module_preset=&#8220;default&#8220; locked=&#8220;off&#8220; global_colors_info=&#8220;{}&#8220;]<\/p>\n<h3 class=\"h3pag\" style=\"text-align: center;\">W\u00f6chentlich<\/h3>\n<h4 class=\"h4pag\" style=\"text-align: center;\">Veranstaltungen<\/h4>\n<p>[\/et_pb_text][\/et_pb_column][\/et_pb_row][et_pb_row column_structure=&#8220;1_2,1_2&#8243; _builder_version=&#8220;4.18.0&#8243; _module_preset=&#8220;default&#8220; hover_enabled=&#8220;0&#8243; collapsed=&#8220;off&#8220; global_colors_info=&#8220;{}&#8220; disabled_on=&#8220;on|on|on&#8220; disabled=&#8220;on&#8220; sticky_enabled=&#8220;0&#8243;][et_pb_column type=&#8220;1_2&#8243; _builder_version=&#8220;4.16&#8243; _module_preset=&#8220;default&#8220; global_colors_info=&#8220;{}&#8220;][et_pb_text _builder_version=&#8220;4.16.0&#8243; _module_preset=&#8220;default&#8220; global_colors_info=&#8220;{}&#8220;]<\/p>\n<p>Diesen Sommer gibt es zwei neue, w\u00f6chentliche Programmpunkte: \u201cPlay in english\u201d und \u201cAthletic Camp\u201d.<\/p>\n<p><h5 class=\"h4pag\">Play in english<\/h5>\n<p><strong>\u201cPlay in english\u201d<\/strong> wird von einer englischsprachigen Animateurin geleitet. Kinder im Alter von 5\/6 Jahren bis 12 Jahren k\u00f6nnen zweimal pro Woche an den Aktivit\u00e4ten teilnehmen bei denen Spiele mit englischer Sprache verbunden werden.<\/p>\n<p><h5 class=\"h4pag\">Athletic Camp<\/h5>\n<p>Beim <strong>\u201cAthletic Camp\u201d<\/strong> taucht man ein in die Welt der Leichtathletik. Ein in Sportwissenschaften ausgebildeter Animateur hilft den Kindern sich athletischen Sportarten wie Laufen, Weitsprung, H\u00fcrdenlauf und Kugelsto\u00dfen anzun\u00e4hern.<\/p>\n<p>[\/et_pb_text][\/et_pb_column][et_pb_column type=&#8220;1_2&#8243; _builder_version=&#8220;4.16&#8243; _module_preset=&#8220;default&#8220; global_colors_info=&#8220;{}&#8220;][et_pb_image src=&#8220;https:\/\/www.villaggioorizzonte.it\/wp-content\/uploads\/2021\/10\/animazione-bambini.jpg&#8220; alt=&#8220;Nuoto Villaggio Orizzonte&#8220; title_text=&#8220;animazione-bambini&#8220; _builder_version=&#8220;4.16&#8243; _module_preset=&#8220;default&#8220; global_colors_info=&#8220;{}&#8220;][\/et_pb_image][\/et_pb_column][\/et_pb_row][et_pb_row column_structure=&#8220;1_2,1_2&#8243; _builder_version=&#8220;4.16&#8243; _module_preset=&#8220;default&#8220; collapsed=&#8220;on&#8220; global_colors_info=&#8220;{}&#8220;][et_pb_column type=&#8220;1_2&#8243; _builder_version=&#8220;4.16&#8243; _module_preset=&#8220;default&#8220; global_colors_info=&#8220;{}&#8220;][et_pb_image src=&#8220;https:\/\/www.villaggioorizzonte.it\/wp-content\/uploads\/2021\/10\/animali-zooantropologia.jpg&#8220; alt=&#8220;animali-zooantropologia&#8220; title_text=&#8220;animali-zooantropologia&#8220; _builder_version=&#8220;4.16&#8243; _module_preset=&#8220;default&#8220; global_colors_info=&#8220;{}&#8220;][\/et_pb_image][\/et_pb_column][et_pb_column type=&#8220;1_2&#8243; _builder_version=&#8220;4.16&#8243; _module_preset=&#8220;default&#8220; global_colors_info=&#8220;{}&#8220;][et_pb_text _builder_version=&#8220;4.16&#8243; _module_preset=&#8220;default&#8220; global_colors_info=&#8220;{}&#8220;]<\/p>\n<h5 class=\"h4pag\">ZooAntropology-Kurs<\/h5>\n<p>Einmal in der Woche findet auch unser von allen Kindern geliebter <strong>\u201cZooAntropology-Kurs\u201d<\/strong> mit unserer Hundetrainerin Costanza statt.<\/p>\n<p>In diesem Kurs lernt man die richtige Ann\u00e4herung an einen Hund und dessen Betreuung. Man lernt, wie man ihn streicheln und mit ihm Spazierengehen soll.<\/p>\n<p>Dieser Kurs wird ungef\u00e4hr ab Mitte Juni bis Mitte September angeboten.[\/et_pb_text][\/et_pb_column][\/et_pb_row][et_pb_row admin_label=&#8220;titolo appuntamenti settimanali&#8220; _builder_version=&#8220;4.16&#8243; _module_preset=&#8220;default&#8220; collapsed=&#8220;on&#8220; global_colors_info=&#8220;{}&#8220;][et_pb_column type=&#8220;4_4&#8243; _builder_version=&#8220;4.16&#8243; _module_preset=&#8220;default&#8220; global_colors_info=&#8220;{}&#8220;][et_pb_text admin_label=&#8220;Titolo&#8220; _builder_version=&#8220;4.16&#8243; _module_preset=&#8220;default&#8220; locked=&#8220;off&#8220; global_colors_info=&#8220;{}&#8220;]<\/p>\n<h3 class=\"h3pag\" style=\"text-align: center;\">T\u00e4glich<\/h3>\n<h4 class=\"h4pag\" style=\"text-align: center;\">Werkst\u00e4tten<\/h4>\n<p>[\/et_pb_text][\/et_pb_column][\/et_pb_row][et_pb_row admin_label=&#8220;Riga&#8220; _builder_version=&#8220;4.16&#8243; _module_preset=&#8220;default&#8220; collapsed=&#8220;off&#8220; global_colors_info=&#8220;{}&#8220;][et_pb_column type=&#8220;4_4&#8243; _builder_version=&#8220;4.16&#8243; _module_preset=&#8220;default&#8220; global_colors_info=&#8220;{}&#8220;][et_pb_text _builder_version=&#8220;4.16&#8243; _module_preset=&#8220;default&#8220; global_colors_info=&#8220;{}&#8220;]W\u00e4hrend der gesamten Sommersaison k\u00f6nnen die Kinder in den t\u00e4glichen Kursen ihre Kreativit\u00e4t beim Spielen, Malen und Basteln mit verschiedenen Materialien ausleben. Jede Woche wird mit den Kindern eine Talentshow organisiert, wo ein jeder sein Talent unter Beweis stellen kann. Nat\u00fcrlich gibt es auch Spiele am Strand, am Pool und jeden Abend unsere Babydance.[\/et_pb_text][\/et_pb_column][\/et_pb_row][et_pb_row admin_label=&#8220;Carosello&#8220; _builder_version=&#8220;4.16&#8243; _module_preset=&#8220;default&#8220; collapsed=&#8220;off&#8220; global_colors_info=&#8220;{}&#8220;][et_pb_column type=&#8220;4_4&#8243; _builder_version=&#8220;4.16&#8243; _module_preset=&#8220;default&#8220; global_colors_info=&#8220;{}&#8220;][dica_divi_carousel show_items_desktop=&#8220;1&#8243; show_items_tablet=&#8220;1&#8243; transition_duration=&#8220;2000&#8243; centermode=&#8220;on&#8220; loop=&#8220;on&#8220; autoplay=&#8220;on&#8220; arrow_nav=&#8220;on&#8220; item_spacing=&#8220;0&#8243; equal_height=&#8220;on&#8220; advanced_effect=&#8220;1&#8243; arrow_show_hover=&#8220;on&#8220; carousel_container_padding=&#8220;||||false|false&#8220; content_container_padding=&#8220;||||false|false&#8220; _builder_version=&#8220;4.16&#8243; _module_preset=&#8220;default&#8220; locked=&#8220;off&#8220; global_colors_info=&#8220;{}&#8220;][dica_divi_carouselitem button_url_new_window=&#8220;1&#8243; image=&#8220;https:\/\/www.villaggioorizzonte.it\/wp-content\/uploads\/2022\/02\/animazione-laboratori-bambini.jpg&#8220; _builder_version=&#8220;4.16&#8243; _module_preset=&#8220;default&#8220; background_enable_image=&#8220;off&#8220; global_colors_info=&#8220;{}&#8220;][\/dica_divi_carouselitem][dica_divi_carouselitem button_url_new_window=&#8220;1&#8243; image=&#8220;https:\/\/www.villaggioorizzonte.it\/wp-content\/uploads\/2022\/02\/animazione-laborati-quotisiani-bambini.jpg&#8220; _builder_version=&#8220;4.16&#8243; _module_preset=&#8220;default&#8220; background_enable_image=&#8220;off&#8220; global_colors_info=&#8220;{}&#8220;][\/dica_divi_carouselitem][dica_divi_carouselitem button_url_new_window=&#8220;1&#8243; image=&#8220;https:\/\/www.villaggioorizzonte.it\/wp-content\/uploads\/2022\/02\/piscina-bambini-villaggio-toscana-mare.jpg&#8220; _builder_version=&#8220;4.16&#8243; _module_preset=&#8220;default&#8220; global_colors_info=&#8220;{}&#8220;][\/dica_divi_carouselitem][dica_divi_carouselitem button_url_new_window=&#8220;1&#8243; image=&#8220;https:\/\/www.villaggioorizzonte.it\/wp-content\/uploads\/2022\/02\/animazione-beach-volley.jpg&#8220; _builder_version=&#8220;4.16&#8243; _module_preset=&#8220;default&#8220; background_enable_image=&#8220;off&#8220; global_colors_info=&#8220;{}&#8220;][\/dica_divi_carouselitem][dica_divi_carouselitem button_url_new_window=&#8220;1&#8243; image=&#8220;https:\/\/www.villaggioorizzonte.it\/wp-content\/uploads\/2022\/02\/orizzonte-piscina-villaggio-toscana-mare.jpg&#8220; _builder_version=&#8220;4.16&#8243; _module_preset=&#8220;default&#8220; global_colors_info=&#8220;{}&#8220;][\/dica_divi_carouselitem][dica_divi_carouselitem button_url_new_window=&#8220;1&#8243; image=&#8220;https:\/\/www.villaggioorizzonte.it\/wp-content\/uploads\/2022\/02\/animazione-baby-dance-villaggio-toscana-mare-scaled.jpg&#8220; _builder_version=&#8220;4.16&#8243; _module_preset=&#8220;default&#8220; global_colors_info=&#8220;{}&#8220;][\/dica_divi_carouselitem][\/dica_divi_carousel][\/et_pb_column][\/et_pb_row][\/et_pb_section]<\/p>\n","protected":false},"excerpt":{"rendered":"<p>Kinderanimation Miniclub im Feriendorf Orizzonte!Unseren Animateuren liegt es am Herzen allen Kindern mit einem vielseitigen Unterhaltungsprogramm voller kreativer und anregender Aktivit\u00e4ten Spa\u00df zu bereiten.W\u00f6chentlich VeranstaltungenDiesen Sommer gibt es zwei neue, w\u00f6chentliche Programmpunkte: \u201cPlay in english\u201d und \u201cAthletic Camp\u201d. Play in english \u201cPlay in english\u201d wird von einer englischsprachigen Animateurin geleitet. Kinder im Alter von 5\/6 [&hellip;]<\/p>\n","protected":false},"author":7,"featured_media":0,"parent":0,"menu_order":16,"comment_status":"closed","ping_status":"closed","template":"","meta":{"_et_pb_use_builder":"on","_et_pb_old_content":"","_et_gb_content_width":"","ngg_post_thumbnail":0,"footnotes":""},"class_list":["post-14956","page","type-page","status-publish","hentry"],"yoast_head":"<!-- This site is optimized with the Yoast SEO plugin v25.8 - https:\/\/yoast.com\/wordpress\/plugins\/seo\/ -->\n<title>Miniclub Feriendorf meer Toscana - Villaggio Orizzonte<\/title>\n<meta name=\"description\" content=\"Der Miniclub im Orizzonte Village bietet viele lustige Aktivit\u00e4ten wie kreative Workshops, Strandspiele und Babydance!\" \/>\n<meta name=\"robots\" content=\"index, follow, max-snippet:-1, max-image-preview:large, max-video-preview:-1\" \/>\n<link rel=\"canonical\" href=\"https:\/\/www.villaggioorizzonte.it\/de\/kinderanimation-miniclub-feriendorf-toskana.html\" \/>\n<meta property=\"og:locale\" content=\"de_DE\" \/>\n<meta property=\"og:type\" content=\"article\" \/>\n<meta property=\"og:title\" content=\"Miniclub Feriendorf meer Toscana - Villaggio Orizzonte\" \/>\n<meta property=\"og:description\" content=\"Der Miniclub im Orizzonte Village bietet viele lustige Aktivit\u00e4ten wie kreative Workshops, Strandspiele und Babydance!\" \/>\n<meta property=\"og:url\" content=\"https:\/\/www.villaggioorizzonte.it\/de\/kinderanimation-miniclub-feriendorf-toskana.html\" \/>\n<meta property=\"og:site_name\" content=\"Villaggio Orizzonte\" \/>\n<meta property=\"article:modified_time\" content=\"2023-01-26T08:47:58+00:00\" \/>\n<meta name=\"twitter:card\" content=\"summary_large_image\" \/>\n<script type=\"application\/ld+json\" class=\"yoast-schema-graph\">{\"@context\":\"https:\/\/schema.org\",\"@graph\":[{\"@type\":\"WebPage\",\"@id\":\"https:\/\/www.villaggioorizzonte.it\/de\/kinderanimation-miniclub-feriendorf-toskana.html\",\"url\":\"https:\/\/www.villaggioorizzonte.it\/de\/kinderanimation-miniclub-feriendorf-toskana.html\",\"name\":\"Miniclub Feriendorf meer Toscana - Villaggio Orizzonte\",\"isPartOf\":{\"@id\":\"https:\/\/www.villaggioorizzonte.it\/de\/#website\"},\"datePublished\":\"2021-03-12T10:32:09+00:00\",\"dateModified\":\"2023-01-26T08:47:58+00:00\",\"description\":\"Der Miniclub im Orizzonte Village bietet viele lustige Aktivit\u00e4ten wie kreative Workshops, Strandspiele und Babydance!\",\"breadcrumb\":{\"@id\":\"https:\/\/www.villaggioorizzonte.it\/de\/kinderanimation-miniclub-feriendorf-toskana.html#breadcrumb\"},\"inLanguage\":\"de\",\"potentialAction\":[{\"@type\":\"ReadAction\",\"target\":[\"https:\/\/www.villaggioorizzonte.it\/de\/kinderanimation-miniclub-feriendorf-toskana.html\"]}]},{\"@type\":\"BreadcrumbList\",\"@id\":\"https:\/\/www.villaggioorizzonte.it\/de\/kinderanimation-miniclub-feriendorf-toskana.html#breadcrumb\",\"itemListElement\":[{\"@type\":\"ListItem\",\"position\":1,\"name\":\"Home\",\"item\":\"https:\/\/www.villaggioorizzonte.it\/de\/\"},{\"@type\":\"ListItem\",\"position\":2,\"name\":\"Animazione per bambini\"}]},{\"@type\":\"WebSite\",\"@id\":\"https:\/\/www.villaggioorizzonte.it\/de\/#website\",\"url\":\"https:\/\/www.villaggioorizzonte.it\/de\/\",\"name\":\"Villaggio Orizzonte\",\"description\":\"Villaggio Turistico\",\"potentialAction\":[{\"@type\":\"SearchAction\",\"target\":{\"@type\":\"EntryPoint\",\"urlTemplate\":\"https:\/\/www.villaggioorizzonte.it\/de\/?s={search_term_string}\"},\"query-input\":{\"@type\":\"PropertyValueSpecification\",\"valueRequired\":true,\"valueName\":\"search_term_string\"}}],\"inLanguage\":\"de\"}]}<\/script>\n<!-- \/ Yoast SEO plugin. -->","yoast_head_json":{"title":"Miniclub Feriendorf meer Toscana - Villaggio Orizzonte","description":"Der Miniclub im Orizzonte Village bietet viele lustige Aktivit\u00e4ten wie kreative Workshops, Strandspiele und Babydance!","robots":{"index":"index","follow":"follow","max-snippet":"max-snippet:-1","max-image-preview":"max-image-preview:large","max-video-preview":"max-video-preview:-1"},"canonical":"https:\/\/www.villaggioorizzonte.it\/de\/kinderanimation-miniclub-feriendorf-toskana.html","og_locale":"de_DE","og_type":"article","og_title":"Miniclub Feriendorf meer Toscana - Villaggio Orizzonte","og_description":"Der Miniclub im Orizzonte Village bietet viele lustige Aktivit\u00e4ten wie kreative Workshops, Strandspiele und Babydance!","og_url":"https:\/\/www.villaggioorizzonte.it\/de\/kinderanimation-miniclub-feriendorf-toskana.html","og_site_name":"Villaggio Orizzonte","article_modified_time":"2023-01-26T08:47:58+00:00","twitter_card":"summary_large_image","schema":{"@context":"https:\/\/schema.org","@graph":[{"@type":"WebPage","@id":"https:\/\/www.villaggioorizzonte.it\/de\/kinderanimation-miniclub-feriendorf-toskana.html","url":"https:\/\/www.villaggioorizzonte.it\/de\/kinderanimation-miniclub-feriendorf-toskana.html","name":"Miniclub Feriendorf meer Toscana - Villaggio Orizzonte","isPartOf":{"@id":"https:\/\/www.villaggioorizzonte.it\/de\/#website"},"datePublished":"2021-03-12T10:32:09+00:00","dateModified":"2023-01-26T08:47:58+00:00","description":"Der Miniclub im Orizzonte Village bietet viele lustige Aktivit\u00e4ten wie kreative Workshops, Strandspiele und Babydance!","breadcrumb":{"@id":"https:\/\/www.villaggioorizzonte.it\/de\/kinderanimation-miniclub-feriendorf-toskana.html#breadcrumb"},"inLanguage":"de","potentialAction":[{"@type":"ReadAction","target":["https:\/\/www.villaggioorizzonte.it\/de\/kinderanimation-miniclub-feriendorf-toskana.html"]}]},{"@type":"BreadcrumbList","@id":"https:\/\/www.villaggioorizzonte.it\/de\/kinderanimation-miniclub-feriendorf-toskana.html#breadcrumb","itemListElement":[{"@type":"ListItem","position":1,"name":"Home","item":"https:\/\/www.villaggioorizzonte.it\/de\/"},{"@type":"ListItem","position":2,"name":"Animazione per bambini"}]},{"@type":"WebSite","@id":"https:\/\/www.villaggioorizzonte.it\/de\/#website","url":"https:\/\/www.villaggioorizzonte.it\/de\/","name":"Villaggio Orizzonte","description":"Villaggio Turistico","potentialAction":[{"@type":"SearchAction","target":{"@type":"EntryPoint","urlTemplate":"https:\/\/www.villaggioorizzonte.it\/de\/?s={search_term_string}"},"query-input":{"@type":"PropertyValueSpecification","valueRequired":true,"valueName":"search_term_string"}}],"inLanguage":"de"}]}},"_links":{"self":[{"href":"https:\/\/www.villaggioorizzonte.it\/de\/wp-json\/wp\/v2\/pages\/14956","targetHints":{"allow":["GET"]}}],"collection":[{"href":"https:\/\/www.villaggioorizzonte.it\/de\/wp-json\/wp\/v2\/pages"}],"about":[{"href":"https:\/\/www.villaggioorizzonte.it\/de\/wp-json\/wp\/v2\/types\/page"}],"author":[{"embeddable":true,"href":"https:\/\/www.villaggioorizzonte.it\/de\/wp-json\/wp\/v2\/users\/7"}],"replies":[{"embeddable":true,"href":"https:\/\/www.villaggioorizzonte.it\/de\/wp-json\/wp\/v2\/comments?post=14956"}],"version-history":[{"count":2,"href":"https:\/\/www.villaggioorizzonte.it\/de\/wp-json\/wp\/v2\/pages\/14956\/revisions"}],"predecessor-version":[{"id":282745,"href":"https:\/\/www.villaggioorizzonte.it\/de\/wp-json\/wp\/v2\/pages\/14956\/revisions\/282745"}],"wp:attachment":[{"href":"https:\/\/www.villaggioorizzonte.it\/de\/wp-json\/wp\/v2\/media?parent=14956"}],"curies":[{"name":"wp","href":"https:\/\/api.w.org\/{rel}","templated":true}]}}