{"id":14561,"date":"2021-02-01T16:15:30","date_gmt":"2021-02-01T15:15:30","guid":{"rendered":"https:\/\/b6.aerostatonet.it\/?page_id=14561"},"modified":"2022-12-20T10:52:57","modified_gmt":"2022-12-20T09:52:57","slug":"familienurlaub-out","status":"publish","type":"page","link":"https:\/\/www.villaggioorizzonte.it\/de\/familienurlaub-out.html","title":{"rendered":"Familienurlaub out"},"content":{"rendered":"<p>[et_pb_section fb_built=&#8220;1&#8243; admin_label=&#8220;Testata&#8220; _builder_version=&#8220;4.16&#8243; _module_preset=&#8220;default&#8220; custom_margin=&#8220;0px|0px|0px||false|false&#8220; custom_padding=&#8220;0px|0px|0px|0px|false|false&#8220; da_disable_devices=&#8220;off|off|off&#8220; saved_tabs=&#8220;all&#8220; locked=&#8220;off&#8220; collapsed=&#8220;off&#8220; global_colors_info=&#8220;{}&#8220; da_is_popup=&#8220;off&#8220; da_exit_intent=&#8220;off&#8220; da_has_close=&#8220;on&#8220; da_alt_close=&#8220;off&#8220; da_dark_close=&#8220;off&#8220; da_not_modal=&#8220;on&#8220; da_is_singular=&#8220;off&#8220; da_with_loader=&#8220;off&#8220; da_has_shadow=&#8220;on&#8220;][et_pb_row use_custom_gutter=&#8220;on&#8220; gutter_width=&#8220;1&#8243; admin_label=&#8220;Sfondo immagine&#8220; module_class=&#8220;testata&#8220; _builder_version=&#8220;4.16&#8243; _module_preset=&#8220;default&#8220; background_color=&#8220;RGBA(255,255,255,0)&#8220; background_enable_image=&#8220;off&#8220; width=&#8220;100%&#8220; max_width=&#8220;100%&#8220; module_alignment=&#8220;center&#8220; height=&#8220;88vh&#8220; overflow-x=&#8220;hidden&#8220; overflow-y=&#8220;hidden&#8220; locked=&#8220;off&#8220; collapsed=&#8220;off&#8220; global_colors_info=&#8220;{}&#8220; custom_css_main_element_last_edited=&#8220;on|phone&#8220; custom_css_main_element_phone=&#8220;max-height: 550px!important;&#8220;][et_pb_column type=&#8220;4_4&#8243; _builder_version=&#8220;4.16&#8243; _module_preset=&#8220;default&#8220; global_colors_info=&#8220;{}&#8220;][et_pb_image src=&#8220;https:\/\/www.villaggioorizzonte.it\/wp-content\/uploads\/2021\/02\/Cavallino-Matto.jpeg&#8220; alt=&#8220;Cavallinio Matto&#8220; title_text=&#8220;Cavallino-Matto&#8220; force_fullwidth=&#8220;on&#8220; _builder_version=&#8220;4.16&#8243; _module_preset=&#8220;default&#8220; saved_tabs=&#8220;all&#8220; global_colors_info=&#8220;{}&#8220;][\/et_pb_image][\/et_pb_column][\/et_pb_row][et_pb_row column_structure=&#8220;2_5,3_5&#8243; use_custom_gutter=&#8220;on&#8220; gutter_width=&#8220;1&#8243; make_equal=&#8220;on&#8220; admin_label=&#8220;Titolo&#8220; _builder_version=&#8220;4.16&#8243; _module_preset=&#8220;default&#8220; background_color=&#8220;RGBA(255,255,255,0)&#8220; width=&#8220;100%&#8220; max_width=&#8220;100%&#8220; module_alignment=&#8220;left&#8220; custom_margin=&#8220;-163px||||false|false&#8220; custom_margin_tablet=&#8220;-163px||||false|false&#8220; custom_margin_phone=&#8220;-124px||||false|false&#8220; custom_margin_last_edited=&#8220;on|phone&#8220; custom_padding=&#8220;||||true|false&#8220; collapsed=&#8220;off&#8220; global_colors_info=&#8220;{}&#8220;][et_pb_column type=&#8220;2_5&#8243; disabled_on=&#8220;off|off|off&#8220; _builder_version=&#8220;4.16&#8243; _module_preset=&#8220;default&#8220; global_colors_info=&#8220;{}&#8220; custom_css_main_element_last_edited=&#8220;on|phone&#8220; custom_css_main_element_phone=&#8220;width:30px!important;||display:block!important;&#8220;][\/et_pb_column][et_pb_column type=&#8220;3_5&#8243; _builder_version=&#8220;4.16&#8243; _module_preset=&#8220;default&#8220; background_color=&#8220;#FFFFFF&#8220; custom_padding=&#8220;25px||25px|30px|true|false&#8220; custom_padding_tablet=&#8220;25px||25px|30px|true|false&#8220; custom_padding_phone=&#8220;||5px|20px|false|false&#8220; custom_padding_last_edited=&#8220;on|phone&#8220; global_colors_info=&#8220;{}&#8220; custom_css_main_element_last_edited=&#8220;on|phone&#8220; custom_css_main_element_phone=&#8220;width: calc(100% &#8211; 30px)!important;&#8220;][et_pb_text admin_label=&#8220;Testo&#8220; _builder_version=&#8220;4.18.0&#8243; _module_preset=&#8220;default&#8220; background_color=&#8220;RGBA(255,255,255,0)&#8220; saved_tabs=&#8220;all&#8220; global_colors_info=&#8220;{}&#8220;]<\/p>\n<h1 class=\"h1app\">FAMILIENURLAUB IN DER TOSKANA MIT KINDERN<\/h1>\n<p>[\/et_pb_text][\/et_pb_column][\/et_pb_row][\/et_pb_section][et_pb_section fb_built=&#8220;1&#8243; admin_label=&#8220;Intro&#8220; _builder_version=&#8220;4.16&#8243; _module_preset=&#8220;default&#8220; da_disable_devices=&#8220;off|off|off&#8220; collapsed=&#8220;off&#8220; global_colors_info=&#8220;{}&#8220; da_is_popup=&#8220;off&#8220; da_exit_intent=&#8220;off&#8220; da_has_close=&#8220;on&#8220; da_alt_close=&#8220;off&#8220; da_dark_close=&#8220;off&#8220; da_not_modal=&#8220;on&#8220; da_is_singular=&#8220;off&#8220; da_with_loader=&#8220;off&#8220; da_has_shadow=&#8220;on&#8220;][et_pb_row _builder_version=&#8220;4.16&#8243; _module_preset=&#8220;default&#8220; collapsed=&#8220;off&#8220; global_colors_info=&#8220;{}&#8220;][et_pb_column type=&#8220;4_4&#8243; _builder_version=&#8220;4.16&#8243; _module_preset=&#8220;default&#8220; background_enable_color=&#8220;off&#8220; custom_padding=&#8220;||||true|false&#8220; global_colors_info=&#8220;{}&#8220;][et_pb_text _builder_version=&#8220;4.18.0&#8243; _module_preset=&#8220;default&#8220; global_colors_info=&#8220;{}&#8220;]<\/p>\n<p>W\u00e4hlen Sie f\u00fcr Ihren n\u00e4chsten <strong>Familienurlaub<\/strong> die <strong>Toskana<\/strong> &#8211; diese und viele andere\u00a0<strong>Attraktionen<\/strong>\u00a0erwarten Sie an der etruskischen K\u00fcste! Spa\u00df haben, sich erholen, beisammen sein &#8211; viele <strong>sch\u00f6ne Momente<\/strong>, an die Sie sich noch lange erinnern werden!<\/p>\n<p>[\/et_pb_text][\/et_pb_column][\/et_pb_row][\/et_pb_section][et_pb_section fb_built=&#8220;1&#8243; admin_label=&#8220;Contenuto&#8220; _builder_version=&#8220;4.16&#8243; _module_preset=&#8220;default&#8220; da_disable_devices=&#8220;off|off|off&#8220; collapsed=&#8220;off&#8220; global_colors_info=&#8220;{}&#8220; da_is_popup=&#8220;off&#8220; da_exit_intent=&#8220;off&#8220; da_has_close=&#8220;on&#8220; da_alt_close=&#8220;off&#8220; da_dark_close=&#8220;off&#8220; da_not_modal=&#8220;on&#8220; da_is_singular=&#8220;off&#8220; da_with_loader=&#8220;off&#8220; da_has_shadow=&#8220;on&#8220;][et_pb_row column_structure=&#8220;1_2,1_2&#8243; _builder_version=&#8220;4.16&#8243; _module_preset=&#8220;default&#8220; collapsed=&#8220;off&#8220; global_colors_info=&#8220;{}&#8220;][et_pb_column type=&#8220;1_2&#8243; _builder_version=&#8220;4.16&#8243; _module_preset=&#8220;default&#8220; global_colors_info=&#8220;{}&#8220;][et_pb_image src=&#8220;https:\/\/www.villaggioorizzonte.it\/wp-content\/uploads\/2019\/10\/parco-acquatico-toscana-840&#215;580.jpg&#8220; alt=&#8220;Parco acquatico Toscana&#8220; title_text=&#8220;Parco acquatico Toscana&#8220; _builder_version=&#8220;4.16&#8243; _module_preset=&#8220;default&#8220; global_colors_info=&#8220;{}&#8220;][\/et_pb_image][\/et_pb_column][et_pb_column type=&#8220;1_2&#8243; _builder_version=&#8220;4.16&#8243; _module_preset=&#8220;default&#8220; global_colors_info=&#8220;{}&#8220;][et_pb_image src=&#8220;https:\/\/www.villaggioorizzonte.it\/wp-content\/uploads\/2019\/10\/parco-gallorose-840&#215;580.jpg&#8220; alt=&#8220;Parco Gallorose&#8220; title_text=&#8220;Parco Gallorose&#8220; _builder_version=&#8220;4.16&#8243; _module_preset=&#8220;default&#8220; global_colors_info=&#8220;{}&#8220;][\/et_pb_image][\/et_pb_column][\/et_pb_row][et_pb_row column_structure=&#8220;1_2,1_2&#8243; _builder_version=&#8220;4.16&#8243; _module_preset=&#8220;default&#8220; collapsed=&#8220;off&#8220; global_colors_info=&#8220;{}&#8220;][et_pb_column type=&#8220;1_2&#8243; _builder_version=&#8220;4.16&#8243; _module_preset=&#8220;default&#8220; global_colors_info=&#8220;{}&#8220;][et_pb_text _builder_version=&#8220;4.18.0&#8243; _module_preset=&#8220;default&#8220; hover_enabled=&#8220;0&#8243; global_colors_info=&#8220;{}&#8220; sticky_enabled=&#8220;0&#8243;]<\/p>\n<h4 class=\"h4pag\">Acqua Village<\/h4>\n<p>Die <strong>Wasserparks<\/strong> AcquaVillage in <strong>Follonica<\/strong> oder in <strong>Cecina<\/strong> d\u00fcrfen Sie nicht verpassen! Wasserrutschen, Whirlpools, Wellenbecken und vieles mehr! Wenn Ihre Familie einmal eine Alternative zum Strandtag w\u00fcnscht, sollten Sie die Gelegenheit nutzen \u2013 der Wasserpark in Follonica ist nur wenig Autominuten vom Feriendorf Orizzonte entfernt.<\/p>\n<p>&nbsp;<\/p>\n<p>[\/et_pb_text][\/et_pb_column][et_pb_column type=&#8220;1_2&#8243; _builder_version=&#8220;4.16&#8243; _module_preset=&#8220;default&#8220; global_colors_info=&#8220;{}&#8220;][et_pb_text _builder_version=&#8220;4.18.0&#8243; _module_preset=&#8220;default&#8220; hover_enabled=&#8220;0&#8243; global_colors_info=&#8220;{}&#8220; sticky_enabled=&#8220;0&#8243;]<\/p>\n<h4 class=\"h4pag\">Parco Gallorose<\/h4>\n<p>Verbringen Sie einen lustigen, aber auch lehrreichen Tag im\u00a0<strong>Gallorose Park in Cecina<\/strong>. 120 verschiedene Tierarten und unz\u00e4hlige Pflanzen auf einem 3 km langem Parcours aber auch ein Museum f\u00fcr landwirtschaftliche Ger\u00e4te aus den 1950er Jahren, Fotos und historische Plakate. Hier kann man auf unterhaltsame Weise etwas \u00fcber altes Handwerk und Geschichte lernen. <br \/>Hunger? Kein Problem, im parkeigenen Restaurant k\u00f6nnen Sie typische toskanische Gerichte mit Produkten aus der Region probieren.<\/p>\n<p>[\/et_pb_text][\/et_pb_column][\/et_pb_row][et_pb_row column_structure=&#8220;1_2,1_2&#8243; _builder_version=&#8220;4.16&#8243; _module_preset=&#8220;default&#8220; collapsed=&#8220;on&#8220; global_colors_info=&#8220;{}&#8220;][et_pb_column type=&#8220;1_2&#8243; _builder_version=&#8220;4.16&#8243; _module_preset=&#8220;default&#8220; global_colors_info=&#8220;{}&#8220;][et_pb_image src=&#8220;https:\/\/www.villaggioorizzonte.it\/wp-content\/uploads\/2019\/10\/parco-avventura-toscana-840&#215;580.jpg&#8220; alt=&#8220;Parco avventura Toscana&#8220; title_text=&#8220;Parco avventura Toscana&#8220; _builder_version=&#8220;4.16&#8243; _module_preset=&#8220;default&#8220; global_colors_info=&#8220;{}&#8220;][\/et_pb_image][\/et_pb_column][et_pb_column type=&#8220;1_2&#8243; _builder_version=&#8220;4.16&#8243; _module_preset=&#8220;default&#8220; global_colors_info=&#8220;{}&#8220;][et_pb_image src=&#8220;https:\/\/www.villaggioorizzonte.it\/wp-content\/uploads\/2019\/10\/parco-divertimenti-toscana-840&#215;580.jpg&#8220; alt=&#8220;Parco divertimenti Toscana&#8220; title_text=&#8220;Parco divertimenti Toscana&#8220; _builder_version=&#8220;4.16&#8243; _module_preset=&#8220;default&#8220; global_colors_info=&#8220;{}&#8220;][\/et_pb_image][\/et_pb_column][\/et_pb_row][et_pb_row column_structure=&#8220;1_2,1_2&#8243; _builder_version=&#8220;4.16&#8243; _module_preset=&#8220;default&#8220; collapsed=&#8220;off&#8220; global_colors_info=&#8220;{}&#8220;][et_pb_column type=&#8220;1_2&#8243; _builder_version=&#8220;4.16&#8243; _module_preset=&#8220;default&#8220; global_colors_info=&#8220;{}&#8220;][et_pb_text _builder_version=&#8220;4.18.0&#8243; _module_preset=&#8220;default&#8220; hover_enabled=&#8220;0&#8243; global_colors_info=&#8220;{}&#8220; sticky_enabled=&#8220;0&#8243;]<\/p>\n<h4 class=\"h4pag\">Giardino Sospeso<\/h4>\n<p><strong>Ihre Familie liebt das Abenteuer?<\/strong><br \/>Dann nichts wie ab nach Riparbella, in den Hochseilgarten! Ein Abenteuerpark f\u00fcr mutige Kids aber auch f\u00fcr Erwachsene. Klettern in luftiger H\u00f6he \u2013 garantierter Nervenkitzel in den B\u00e4umen, aber Sie sind immer gesichert und von professionellen Trainern begleitet. Zus\u00e4tzlich wird auch Bogenschie\u00dfen angeboten und im Park steht auch eine Picknickplatz mit Grillstelle f\u00fcr leckere Mittagessen im Wald zur Verf\u00fcgung.<\/p>\n<p>Sport, Spannung und Spa\u00df f\u00fcr Gro\u00df und Klein \u2013 Ihre Familie wird begeistert sein! Der Hochseilgarten ist etwa eine Autostunde vom Feriendorf entfernt.<\/p>\n<p>[\/et_pb_text][\/et_pb_column][et_pb_column type=&#8220;1_2&#8243; _builder_version=&#8220;4.16&#8243; _module_preset=&#8220;default&#8220; global_colors_info=&#8220;{}&#8220;][et_pb_text _builder_version=&#8220;4.18.0&#8243; _module_preset=&#8220;default&#8220; hover_enabled=&#8220;0&#8243; global_colors_info=&#8220;{}&#8220; sticky_enabled=&#8220;0&#8243;]<\/p>\n<h4 class=\"h4pag\">Cavallino Matto<\/h4>\n<p>Eingebettet im Pinienwald von Marina di Castagneto Carducci, etwa 30 Autominuten vom Feriendorf Orizzonte entfernt, erreichen Sie\u00a0<strong>Cavallino Matto<\/strong>,\u00a0<strong>den gr\u00f6\u00dften und gr\u00fcnsten Vergn\u00fcgungspark der Toskana.<\/strong><\/p>\n<p>Drei\u00dfig verschiedene\u00a0<strong>Attraktionen<\/strong>, die f\u00fcr Kinder jeden Alters geeignet sind: \u00a0Achterbahnen, Adrenalin-Highlights, Themenshows und vieles mehr!<\/p>\n<p>Innerhalb des Parks finden Sie mehrere\u00a0<strong>Restaurants<\/strong>, ein Gesch\u00e4ft und einen freien Picknickbereich im Freien.<\/p>\n<p>[\/et_pb_text][\/et_pb_column][\/et_pb_row][\/et_pb_section]<\/p>\n","protected":false},"excerpt":{"rendered":"<p>FAMILIENURLAUB IN DER TOSKANA MIT KINDERNW\u00e4hlen Sie f\u00fcr Ihren n\u00e4chsten Familienurlaub die Toskana &#8211; diese und viele andere\u00a0Attraktionen\u00a0erwarten Sie an der etruskischen K\u00fcste! Spa\u00df haben, sich erholen, beisammen sein &#8211; viele sch\u00f6ne Momente, an die Sie sich noch lange erinnern werden!Acqua Village Die Wasserparks AcquaVillage in Follonica oder in Cecina d\u00fcrfen Sie nicht verpassen! Wasserrutschen, [&hellip;]<\/p>\n","protected":false},"author":7,"featured_media":0,"parent":0,"menu_order":0,"comment_status":"closed","ping_status":"closed","template":"","meta":{"_et_pb_use_builder":"on","_et_pb_old_content":"","_et_gb_content_width":"","ngg_post_thumbnail":0,"footnotes":""},"class_list":["post-14561","page","type-page","status-publish","hentry"],"yoast_head":"<!-- This site is optimized with the Yoast SEO plugin v25.8 - https:\/\/yoast.com\/wordpress\/plugins\/seo\/ -->\n<title>Viele Attraktionen f\u00fcr Ihre familienurlaub in der Toskana - Villaggio Orizzonte<\/title>\n<meta name=\"description\" content=\"Viele andere Attraktionen erwarten Sie an der etruskischen K\u00fcste, viele M\u00f6glichkeiten f\u00fcr Ihre Kinder, zu wachsen, zu lernen und Spa\u00df mit ihrer Familie zu haben!\" \/>\n<meta name=\"robots\" content=\"index, follow, max-snippet:-1, max-image-preview:large, max-video-preview:-1\" \/>\n<link rel=\"canonical\" href=\"https:\/\/www.villaggioorizzonte.it\/de\/familienurlaub-out.html\" \/>\n<meta property=\"og:locale\" content=\"de_DE\" \/>\n<meta property=\"og:type\" content=\"article\" \/>\n<meta property=\"og:title\" content=\"Viele Attraktionen f\u00fcr Ihre familienurlaub in der Toskana - Villaggio Orizzonte\" \/>\n<meta property=\"og:description\" content=\"Viele andere Attraktionen erwarten Sie an der etruskischen K\u00fcste, viele M\u00f6glichkeiten f\u00fcr Ihre Kinder, zu wachsen, zu lernen und Spa\u00df mit ihrer Familie zu haben!\" \/>\n<meta property=\"og:url\" content=\"https:\/\/www.villaggioorizzonte.it\/de\/familienurlaub-out.html\" \/>\n<meta property=\"og:site_name\" content=\"Villaggio Orizzonte\" \/>\n<meta property=\"article:modified_time\" content=\"2022-12-20T09:52:57+00:00\" \/>\n<meta name=\"twitter:card\" content=\"summary_large_image\" \/>\n<script type=\"application\/ld+json\" class=\"yoast-schema-graph\">{\"@context\":\"https:\/\/schema.org\",\"@graph\":[{\"@type\":\"WebPage\",\"@id\":\"https:\/\/www.villaggioorizzonte.it\/de\/familienurlaub-out.html\",\"url\":\"https:\/\/www.villaggioorizzonte.it\/de\/familienurlaub-out.html\",\"name\":\"Viele Attraktionen f\u00fcr Ihre familienurlaub in der Toskana - Villaggio Orizzonte\",\"isPartOf\":{\"@id\":\"https:\/\/www.villaggioorizzonte.it\/de\/#website\"},\"datePublished\":\"2021-02-01T15:15:30+00:00\",\"dateModified\":\"2022-12-20T09:52:57+00:00\",\"description\":\"Viele andere Attraktionen erwarten Sie an der etruskischen K\u00fcste, viele M\u00f6glichkeiten f\u00fcr Ihre Kinder, zu wachsen, zu lernen und Spa\u00df mit ihrer Familie zu haben!\",\"breadcrumb\":{\"@id\":\"https:\/\/www.villaggioorizzonte.it\/de\/familienurlaub-out.html#breadcrumb\"},\"inLanguage\":\"de\",\"potentialAction\":[{\"@type\":\"ReadAction\",\"target\":[\"https:\/\/www.villaggioorizzonte.it\/de\/familienurlaub-out.html\"]}]},{\"@type\":\"BreadcrumbList\",\"@id\":\"https:\/\/www.villaggioorizzonte.it\/de\/familienurlaub-out.html#breadcrumb\",\"itemListElement\":[{\"@type\":\"ListItem\",\"position\":1,\"name\":\"Home\",\"item\":\"https:\/\/www.villaggioorizzonte.it\/de\/\"},{\"@type\":\"ListItem\",\"position\":2,\"name\":\"Familienurlaub out\"}]},{\"@type\":\"WebSite\",\"@id\":\"https:\/\/www.villaggioorizzonte.it\/de\/#website\",\"url\":\"https:\/\/www.villaggioorizzonte.it\/de\/\",\"name\":\"Villaggio Orizzonte\",\"description\":\"Villaggio Turistico\",\"potentialAction\":[{\"@type\":\"SearchAction\",\"target\":{\"@type\":\"EntryPoint\",\"urlTemplate\":\"https:\/\/www.villaggioorizzonte.it\/de\/?s={search_term_string}\"},\"query-input\":{\"@type\":\"PropertyValueSpecification\",\"valueRequired\":true,\"valueName\":\"search_term_string\"}}],\"inLanguage\":\"de\"}]}<\/script>\n<!-- \/ Yoast SEO plugin. -->","yoast_head_json":{"title":"Viele Attraktionen f\u00fcr Ihre familienurlaub in der Toskana - Villaggio Orizzonte","description":"Viele andere Attraktionen erwarten Sie an der etruskischen K\u00fcste, viele M\u00f6glichkeiten f\u00fcr Ihre Kinder, zu wachsen, zu lernen und Spa\u00df mit ihrer Familie zu haben!","robots":{"index":"index","follow":"follow","max-snippet":"max-snippet:-1","max-image-preview":"max-image-preview:large","max-video-preview":"max-video-preview:-1"},"canonical":"https:\/\/www.villaggioorizzonte.it\/de\/familienurlaub-out.html","og_locale":"de_DE","og_type":"article","og_title":"Viele Attraktionen f\u00fcr Ihre familienurlaub in der Toskana - Villaggio Orizzonte","og_description":"Viele andere Attraktionen erwarten Sie an der etruskischen K\u00fcste, viele M\u00f6glichkeiten f\u00fcr Ihre Kinder, zu wachsen, zu lernen und Spa\u00df mit ihrer Familie zu haben!","og_url":"https:\/\/www.villaggioorizzonte.it\/de\/familienurlaub-out.html","og_site_name":"Villaggio Orizzonte","article_modified_time":"2022-12-20T09:52:57+00:00","twitter_card":"summary_large_image","schema":{"@context":"https:\/\/schema.org","@graph":[{"@type":"WebPage","@id":"https:\/\/www.villaggioorizzonte.it\/de\/familienurlaub-out.html","url":"https:\/\/www.villaggioorizzonte.it\/de\/familienurlaub-out.html","name":"Viele Attraktionen f\u00fcr Ihre familienurlaub in der Toskana - Villaggio Orizzonte","isPartOf":{"@id":"https:\/\/www.villaggioorizzonte.it\/de\/#website"},"datePublished":"2021-02-01T15:15:30+00:00","dateModified":"2022-12-20T09:52:57+00:00","description":"Viele andere Attraktionen erwarten Sie an der etruskischen K\u00fcste, viele M\u00f6glichkeiten f\u00fcr Ihre Kinder, zu wachsen, zu lernen und Spa\u00df mit ihrer Familie zu haben!","breadcrumb":{"@id":"https:\/\/www.villaggioorizzonte.it\/de\/familienurlaub-out.html#breadcrumb"},"inLanguage":"de","potentialAction":[{"@type":"ReadAction","target":["https:\/\/www.villaggioorizzonte.it\/de\/familienurlaub-out.html"]}]},{"@type":"BreadcrumbList","@id":"https:\/\/www.villaggioorizzonte.it\/de\/familienurlaub-out.html#breadcrumb","itemListElement":[{"@type":"ListItem","position":1,"name":"Home","item":"https:\/\/www.villaggioorizzonte.it\/de\/"},{"@type":"ListItem","position":2,"name":"Familienurlaub out"}]},{"@type":"WebSite","@id":"https:\/\/www.villaggioorizzonte.it\/de\/#website","url":"https:\/\/www.villaggioorizzonte.it\/de\/","name":"Villaggio Orizzonte","description":"Villaggio Turistico","potentialAction":[{"@type":"SearchAction","target":{"@type":"EntryPoint","urlTemplate":"https:\/\/www.villaggioorizzonte.it\/de\/?s={search_term_string}"},"query-input":{"@type":"PropertyValueSpecification","valueRequired":true,"valueName":"search_term_string"}}],"inLanguage":"de"}]}},"_links":{"self":[{"href":"https:\/\/www.villaggioorizzonte.it\/de\/wp-json\/wp\/v2\/pages\/14561","targetHints":{"allow":["GET"]}}],"collection":[{"href":"https:\/\/www.villaggioorizzonte.it\/de\/wp-json\/wp\/v2\/pages"}],"about":[{"href":"https:\/\/www.villaggioorizzonte.it\/de\/wp-json\/wp\/v2\/types\/page"}],"author":[{"embeddable":true,"href":"https:\/\/www.villaggioorizzonte.it\/de\/wp-json\/wp\/v2\/users\/7"}],"replies":[{"embeddable":true,"href":"https:\/\/www.villaggioorizzonte.it\/de\/wp-json\/wp\/v2\/comments?post=14561"}],"version-history":[{"count":4,"href":"https:\/\/www.villaggioorizzonte.it\/de\/wp-json\/wp\/v2\/pages\/14561\/revisions"}],"predecessor-version":[{"id":282486,"href":"https:\/\/www.villaggioorizzonte.it\/de\/wp-json\/wp\/v2\/pages\/14561\/revisions\/282486"}],"wp:attachment":[{"href":"https:\/\/www.villaggioorizzonte.it\/de\/wp-json\/wp\/v2\/media?parent=14561"}],"curies":[{"name":"wp","href":"https:\/\/api.w.org\/{rel}","templated":true}]}}